{"id":99852,"date":"2024-04-29T17:12:27","date_gmt":"2024-04-29T15:12:27","guid":{"rendered":"https:\/\/letrame.com\/catalogo\/producto\/1200-relatos-para-una-cultura-de-la-prevencion\/"},"modified":"2024-07-03T14:00:44","modified_gmt":"2024-07-03T12:00:44","slug":"1200-relatos-para-una-cultura-de-la-prevencion","status":"publish","type":"product","link":"https:\/\/letrame.com\/catalogo\/producto\/1200-relatos-para-una-cultura-de-la-prevencion\/","title":{"rendered":"1200 Relatos para una cultura de la prevenci\u00f3n"},"content":{"rendered":"<p>ISBN:\u00a09788411817592<br \/>\nT\u00edtulo:_1200 Relatos para una cultura de la prevenci\u00f3n<br \/>\nFecha:_2023<br \/>\nP\u00e1ginas:\u00a0372<br \/>\nSINOPSIS<br \/>\nSabemos que m\u00e1s vale prevenir que lamentar, pero no siempre lo tenemos en cuenta. \u00bfCu\u00e1ntas veces hemos tenido un percance por un descuido? Aunque tambi\u00e9n es cierto que otras veces ocurren incidentes por causas ajenas a nuestra voluntad. Desde una aver\u00eda en el coche hasta una plancha que nos hemos olvidado de apagar y nos destroza nuestra camiseta favorita, hay mil situaciones cotidianas que pueden complicar nuestro d\u00eda; y eso sin llegar a mayores y sin lamentar grandes da\u00f1os.<\/p>\n<p>Estos 1200 relatos para una cultura de la prevenci\u00f3n nos ayudan a ser conscientes de esos peque\u00f1os detalles que pueden convertir un d\u00eda normal en un aut\u00e9ntico desastre. Pero sin agobios, sin culpas, con la naturalidad propia de saber que somos seres humanos y nos equivocamos a cada momento. De forma amena y fluida, los relatos cortos de John Jenry Piedrahita, son como un espejo en donde seguramente nos veremos reflejados en muchos de ellos y que al mismo tiempo nos dar\u00e1n una gran ense\u00f1anza sobre la necesidad de cuidarnos.<\/p>\n","protected":false},"excerpt":{"rendered":"<p>ISBN:\u00a09788411817592<\/p>\n<p>SINOPSIS<br \/>\nSabemos que m\u00e1s vale prevenir que lamentar, pero no siempre lo tenemos en cuenta. \u00bfCu\u00e1ntas veces hemos tenido un percance por un descuido? Aunque tambi\u00e9n es cierto que otras veces ocurren incidentes por causas ajenas a nuestra voluntad. Desde una aver\u00eda en el coche hasta una plancha que nos hemos olvidado de apagar y nos destroza nuestra camiseta favorita, hay mil situaciones cotidianas que pueden complicar nuestro d\u00eda; y eso sin llegar a mayores y sin lamentar grandes da\u00f1os.<\/p>\n<p>Estos 1200 relatos para una cultura de la prevenci\u00f3n nos ayudan a ser conscientes de esos peque\u00f1os detalles que pueden convertir un d\u00eda normal en un aut\u00e9ntico desastre. Pero sin agobios, sin culpas, con la naturalidad propia de saber que somos seres humanos y nos equivocamos a cada momento. De forma amena y fluida, los relatos cortos de John Jenry Piedrahita, son como un espejo en donde seguramente nos veremos reflejados en muchos de ellos y que al mismo tiempo nos dar\u00e1n una gran ense\u00f1anza sobre la necesidad de cuidarnos.<\/p>\n","protected":false},"featured_media":99853,"comment_status":"closed","ping_status":"closed","template":"","meta":{"_acf_changed":false},"libro":[],"product_brand":[],"product_cat":[27],"product_tag":[],"class_list":{"0":"post-99852","1":"product","2":"type-product","3":"status-publish","4":"has-post-thumbnail","6":"product_cat-divulgacion","8":"first","9":"instock","10":"product-type-simple"},"acf":{"autor":[78069],"enlace_de_compra":"https:\/\/amzn.to\/4cqAVHC"},"yoast_head":"<!-- This site is optimized with the Yoast SEO plugin v27.4 - https:\/\/yoast.com\/product\/yoast-seo-wordpress\/ -->\n<title>1200 Relatos para una cultura de la prevenci\u00f3n - Catalogo | Letrame Grupo Editorial<\/title>\n<meta name=\"robots\" content=\"index, follow, max-snippet:-1, max-image-preview:large, max-video-preview:-1\" \/>\n<link rel=\"canonical\" href=\"https:\/\/letrame.com\/catalogo\/producto\/1200-relatos-para-una-cultura-de-la-prevencion\/\" \/>\n<meta property=\"og:locale\" content=\"es_ES\" \/>\n<meta property=\"og:type\" content=\"article\" \/>\n<meta property=\"og:title\" content=\"1200 Relatos para una cultura de la prevenci\u00f3n - Catalogo | Letrame Grupo Editorial\" \/>\n<meta property=\"og:description\" content=\"ISBN:\u00a09788411817592  SINOPSIS Sabemos que m\u00e1s vale prevenir que lamentar, pero no siempre lo tenemos en cuenta. \u00bfCu\u00e1ntas veces hemos tenido un percance por un descuido? Aunque tambi\u00e9n es cierto que otras veces ocurren incidentes por causas ajenas a nuestra voluntad. Desde una aver\u00eda en el coche hasta una plancha que nos hemos olvidado de apagar y nos destroza nuestra camiseta favorita, hay mil situaciones cotidianas que pueden complicar nuestro d\u00eda; y eso sin llegar a mayores y sin lamentar grandes da\u00f1os.  Estos 1200 relatos para una cultura de la prevenci\u00f3n nos ayudan a ser conscientes de esos peque\u00f1os detalles que pueden convertir un d\u00eda normal en un aut\u00e9ntico desastre. Pero sin agobios, sin culpas, con la naturalidad propia de saber que somos seres humanos y nos equivocamos a cada momento. De forma amena y fluida, los relatos cortos de John Jenry Piedrahita, son como un espejo en donde seguramente nos veremos reflejados en muchos de ellos y que al mismo tiempo nos dar\u00e1n una gran ense\u00f1anza sobre la necesidad de cuidarnos.\" \/>\n<meta property=\"og:url\" content=\"https:\/\/letrame.com\/catalogo\/producto\/1200-relatos-para-una-cultura-de-la-prevencion\/\" \/>\n<meta property=\"og:site_name\" content=\"Catalogo | Letrame Grupo Editorial\" \/>\n<meta property=\"article:modified_time\" content=\"2024-07-03T12:00:44+00:00\" \/>\n<meta property=\"og:image\" content=\"https:\/\/letrame.com\/catalogo\/wp-content\/uploads\/2024\/04\/web_1200relatos_1823mm-compressed.jpg\" \/>\n\t<meta property=\"og:image:width\" content=\"1772\" \/>\n\t<meta property=\"og:image:height\" content=\"2480\" \/>\n\t<meta property=\"og:image:type\" content=\"image\/jpeg\" \/>\n<meta name=\"twitter:card\" content=\"summary_large_image\" \/>\n<meta name=\"twitter:label1\" content=\"Tiempo de lectura\" \/>\n\t<meta name=\"twitter:data1\" content=\"2 minutos\" \/>\n<script type=\"application\/ld+json\" class=\"yoast-schema-graph\">{\"@context\":\"https:\\\/\\\/schema.org\",\"@graph\":[{\"@type\":\"WebPage\",\"@id\":\"https:\\\/\\\/letrame.com\\\/catalogo\\\/producto\\\/1200-relatos-para-una-cultura-de-la-prevencion\\\/\",\"url\":\"https:\\\/\\\/letrame.com\\\/catalogo\\\/producto\\\/1200-relatos-para-una-cultura-de-la-prevencion\\\/\",\"name\":\"1200 Relatos para una cultura de la prevenci\u00f3n - Catalogo | Letrame Grupo Editorial\",\"isPartOf\":{\"@id\":\"https:\\\/\\\/letrame.com\\\/catalogo\\\/#website\"},\"primaryImageOfPage\":{\"@id\":\"https:\\\/\\\/letrame.com\\\/catalogo\\\/producto\\\/1200-relatos-para-una-cultura-de-la-prevencion\\\/#primaryimage\"},\"image\":{\"@id\":\"https:\\\/\\\/letrame.com\\\/catalogo\\\/producto\\\/1200-relatos-para-una-cultura-de-la-prevencion\\\/#primaryimage\"},\"thumbnailUrl\":\"https:\\\/\\\/letrame.com\\\/catalogo\\\/wp-content\\\/uploads\\\/2024\\\/04\\\/web_1200relatos_1823mm-compressed.jpg\",\"datePublished\":\"2024-04-29T15:12:27+00:00\",\"dateModified\":\"2024-07-03T12:00:44+00:00\",\"breadcrumb\":{\"@id\":\"https:\\\/\\\/letrame.com\\\/catalogo\\\/producto\\\/1200-relatos-para-una-cultura-de-la-prevencion\\\/#breadcrumb\"},\"inLanguage\":\"es\",\"potentialAction\":[{\"@type\":\"ReadAction\",\"target\":[\"https:\\\/\\\/letrame.com\\\/catalogo\\\/producto\\\/1200-relatos-para-una-cultura-de-la-prevencion\\\/\"]}]},{\"@type\":\"ImageObject\",\"inLanguage\":\"es\",\"@id\":\"https:\\\/\\\/letrame.com\\\/catalogo\\\/producto\\\/1200-relatos-para-una-cultura-de-la-prevencion\\\/#primaryimage\",\"url\":\"https:\\\/\\\/letrame.com\\\/catalogo\\\/wp-content\\\/uploads\\\/2024\\\/04\\\/web_1200relatos_1823mm-compressed.jpg\",\"contentUrl\":\"https:\\\/\\\/letrame.com\\\/catalogo\\\/wp-content\\\/uploads\\\/2024\\\/04\\\/web_1200relatos_1823mm-compressed.jpg\",\"width\":1772,\"height\":2480},{\"@type\":\"BreadcrumbList\",\"@id\":\"https:\\\/\\\/letrame.com\\\/catalogo\\\/producto\\\/1200-relatos-para-una-cultura-de-la-prevencion\\\/#breadcrumb\",\"itemListElement\":[{\"@type\":\"ListItem\",\"position\":1,\"name\":\"Portada\",\"item\":\"https:\\\/\\\/letrame.com\\\/catalogo\\\/\"},{\"@type\":\"ListItem\",\"position\":2,\"name\":\"Cat\u00e1logo\",\"item\":\"https:\\\/\\\/letrame.com\\\/catalogo\\\/\"},{\"@type\":\"ListItem\",\"position\":3,\"name\":\"1200 Relatos para una cultura de la prevenci\u00f3n\"}]},{\"@type\":\"WebSite\",\"@id\":\"https:\\\/\\\/letrame.com\\\/catalogo\\\/#website\",\"url\":\"https:\\\/\\\/letrame.com\\\/catalogo\\\/\",\"name\":\"Catalogo | Letrame Grupo Editorial\",\"description\":\"\",\"publisher\":{\"@id\":\"https:\\\/\\\/letrame.com\\\/catalogo\\\/#organization\"},\"potentialAction\":[{\"@type\":\"SearchAction\",\"target\":{\"@type\":\"EntryPoint\",\"urlTemplate\":\"https:\\\/\\\/letrame.com\\\/catalogo\\\/?s={search_term_string}\"},\"query-input\":{\"@type\":\"PropertyValueSpecification\",\"valueRequired\":true,\"valueName\":\"search_term_string\"}}],\"inLanguage\":\"es\"},{\"@type\":\"Organization\",\"@id\":\"https:\\\/\\\/letrame.com\\\/catalogo\\\/#organization\",\"name\":\"Catalogo | Letrame Grupo Editorial\",\"url\":\"https:\\\/\\\/letrame.com\\\/catalogo\\\/\",\"logo\":{\"@type\":\"ImageObject\",\"inLanguage\":\"es\",\"@id\":\"https:\\\/\\\/letrame.com\\\/catalogo\\\/#\\\/schema\\\/logo\\\/image\\\/\",\"url\":\"https:\\\/\\\/letrame.com\\\/catalogo\\\/wp-content\\\/uploads\\\/2024\\\/03\\\/logo2.webp\",\"contentUrl\":\"https:\\\/\\\/letrame.com\\\/catalogo\\\/wp-content\\\/uploads\\\/2024\\\/03\\\/logo2.webp\",\"width\":394,\"height\":128,\"caption\":\"Catalogo | Letrame Grupo Editorial\"},\"image\":{\"@id\":\"https:\\\/\\\/letrame.com\\\/catalogo\\\/#\\\/schema\\\/logo\\\/image\\\/\"}}]}<\/script>\n<!-- \/ Yoast SEO plugin. -->","yoast_head_json":{"title":"1200 Relatos para una cultura de la prevenci\u00f3n - Catalogo | Letrame Grupo Editorial","robots":{"index":"index","follow":"follow","max-snippet":"max-snippet:-1","max-image-preview":"max-image-preview:large","max-video-preview":"max-video-preview:-1"},"canonical":"https:\/\/letrame.com\/catalogo\/producto\/1200-relatos-para-una-cultura-de-la-prevencion\/","og_locale":"es_ES","og_type":"article","og_title":"1200 Relatos para una cultura de la prevenci\u00f3n - Catalogo | Letrame Grupo Editorial","og_description":"ISBN:\u00a09788411817592  SINOPSIS Sabemos que m\u00e1s vale prevenir que lamentar, pero no siempre lo tenemos en cuenta. \u00bfCu\u00e1ntas veces hemos tenido un percance por un descuido? Aunque tambi\u00e9n es cierto que otras veces ocurren incidentes por causas ajenas a nuestra voluntad. Desde una aver\u00eda en el coche hasta una plancha que nos hemos olvidado de apagar y nos destroza nuestra camiseta favorita, hay mil situaciones cotidianas que pueden complicar nuestro d\u00eda; y eso sin llegar a mayores y sin lamentar grandes da\u00f1os.  Estos 1200 relatos para una cultura de la prevenci\u00f3n nos ayudan a ser conscientes de esos peque\u00f1os detalles que pueden convertir un d\u00eda normal en un aut\u00e9ntico desastre. Pero sin agobios, sin culpas, con la naturalidad propia de saber que somos seres humanos y nos equivocamos a cada momento. De forma amena y fluida, los relatos cortos de John Jenry Piedrahita, son como un espejo en donde seguramente nos veremos reflejados en muchos de ellos y que al mismo tiempo nos dar\u00e1n una gran ense\u00f1anza sobre la necesidad de cuidarnos.","og_url":"https:\/\/letrame.com\/catalogo\/producto\/1200-relatos-para-una-cultura-de-la-prevencion\/","og_site_name":"Catalogo | Letrame Grupo Editorial","article_modified_time":"2024-07-03T12:00:44+00:00","og_image":[{"width":1772,"height":2480,"url":"https:\/\/letrame.com\/catalogo\/wp-content\/uploads\/2024\/04\/web_1200relatos_1823mm-compressed.jpg","type":"image\/jpeg"}],"twitter_card":"summary_large_image","twitter_misc":{"Tiempo de lectura":"2 minutos"},"schema":{"@context":"https:\/\/schema.org","@graph":[{"@type":"WebPage","@id":"https:\/\/letrame.com\/catalogo\/producto\/1200-relatos-para-una-cultura-de-la-prevencion\/","url":"https:\/\/letrame.com\/catalogo\/producto\/1200-relatos-para-una-cultura-de-la-prevencion\/","name":"1200 Relatos para una cultura de la prevenci\u00f3n - Catalogo | Letrame Grupo Editorial","isPartOf":{"@id":"https:\/\/letrame.com\/catalogo\/#website"},"primaryImageOfPage":{"@id":"https:\/\/letrame.com\/catalogo\/producto\/1200-relatos-para-una-cultura-de-la-prevencion\/#primaryimage"},"image":{"@id":"https:\/\/letrame.com\/catalogo\/producto\/1200-relatos-para-una-cultura-de-la-prevencion\/#primaryimage"},"thumbnailUrl":"https:\/\/letrame.com\/catalogo\/wp-content\/uploads\/2024\/04\/web_1200relatos_1823mm-compressed.jpg","datePublished":"2024-04-29T15:12:27+00:00","dateModified":"2024-07-03T12:00:44+00:00","breadcrumb":{"@id":"https:\/\/letrame.com\/catalogo\/producto\/1200-relatos-para-una-cultura-de-la-prevencion\/#breadcrumb"},"inLanguage":"es","potentialAction":[{"@type":"ReadAction","target":["https:\/\/letrame.com\/catalogo\/producto\/1200-relatos-para-una-cultura-de-la-prevencion\/"]}]},{"@type":"ImageObject","inLanguage":"es","@id":"https:\/\/letrame.com\/catalogo\/producto\/1200-relatos-para-una-cultura-de-la-prevencion\/#primaryimage","url":"https:\/\/letrame.com\/catalogo\/wp-content\/uploads\/2024\/04\/web_1200relatos_1823mm-compressed.jpg","contentUrl":"https:\/\/letrame.com\/catalogo\/wp-content\/uploads\/2024\/04\/web_1200relatos_1823mm-compressed.jpg","width":1772,"height":2480},{"@type":"BreadcrumbList","@id":"https:\/\/letrame.com\/catalogo\/producto\/1200-relatos-para-una-cultura-de-la-prevencion\/#breadcrumb","itemListElement":[{"@type":"ListItem","position":1,"name":"Portada","item":"https:\/\/letrame.com\/catalogo\/"},{"@type":"ListItem","position":2,"name":"Cat\u00e1logo","item":"https:\/\/letrame.com\/catalogo\/"},{"@type":"ListItem","position":3,"name":"1200 Relatos para una cultura de la prevenci\u00f3n"}]},{"@type":"WebSite","@id":"https:\/\/letrame.com\/catalogo\/#website","url":"https:\/\/letrame.com\/catalogo\/","name":"Catalogo | Letrame Grupo Editorial","description":"","publisher":{"@id":"https:\/\/letrame.com\/catalogo\/#organization"},"potentialAction":[{"@type":"SearchAction","target":{"@type":"EntryPoint","urlTemplate":"https:\/\/letrame.com\/catalogo\/?s={search_term_string}"},"query-input":{"@type":"PropertyValueSpecification","valueRequired":true,"valueName":"search_term_string"}}],"inLanguage":"es"},{"@type":"Organization","@id":"https:\/\/letrame.com\/catalogo\/#organization","name":"Catalogo | Letrame Grupo Editorial","url":"https:\/\/letrame.com\/catalogo\/","logo":{"@type":"ImageObject","inLanguage":"es","@id":"https:\/\/letrame.com\/catalogo\/#\/schema\/logo\/image\/","url":"https:\/\/letrame.com\/catalogo\/wp-content\/uploads\/2024\/03\/logo2.webp","contentUrl":"https:\/\/letrame.com\/catalogo\/wp-content\/uploads\/2024\/03\/logo2.webp","width":394,"height":128,"caption":"Catalogo | Letrame Grupo Editorial"},"image":{"@id":"https:\/\/letrame.com\/catalogo\/#\/schema\/logo\/image\/"}}]}},"_links":{"self":[{"href":"https:\/\/letrame.com\/catalogo\/wp-json\/wp\/v2\/product\/99852","targetHints":{"allow":["GET"]}}],"collection":[{"href":"https:\/\/letrame.com\/catalogo\/wp-json\/wp\/v2\/product"}],"about":[{"href":"https:\/\/letrame.com\/catalogo\/wp-json\/wp\/v2\/types\/product"}],"replies":[{"embeddable":true,"href":"https:\/\/letrame.com\/catalogo\/wp-json\/wp\/v2\/comments?post=99852"}],"acf:post":[{"embeddable":true,"href":"https:\/\/letrame.com\/catalogo\/wp-json\/wp\/v2\/author_book\/78069"}],"wp:featuredmedia":[{"embeddable":true,"href":"https:\/\/letrame.com\/catalogo\/wp-json\/wp\/v2\/media\/99853"}],"wp:attachment":[{"href":"https:\/\/letrame.com\/catalogo\/wp-json\/wp\/v2\/media?parent=99852"}],"wp:term":[{"taxonomy":"libro","embeddable":true,"href":"https:\/\/letrame.com\/catalogo\/wp-json\/wp\/v2\/libro?post=99852"},{"taxonomy":"product_brand","embeddable":true,"href":"https:\/\/letrame.com\/catalogo\/wp-json\/wp\/v2\/product_brand?post=99852"},{"taxonomy":"product_cat","embeddable":true,"href":"https:\/\/letrame.com\/catalogo\/wp-json\/wp\/v2\/product_cat?post=99852"},{"taxonomy":"product_tag","embeddable":true,"href":"https:\/\/letrame.com\/catalogo\/wp-json\/wp\/v2\/product_tag?post=99852"}],"curies":[{"name":"wp","href":"https:\/\/api.w.org\/{rel}","templated":true}]}}