{"id":99840,"date":"2024-04-29T17:11:06","date_gmt":"2024-04-29T15:11:06","guid":{"rendered":"https:\/\/letrame.com\/catalogo\/producto\/hay-amores-que-matan\/"},"modified":"2024-04-29T17:11:18","modified_gmt":"2024-04-29T15:11:18","slug":"hay-amores-que-matan","status":"publish","type":"product","link":"https:\/\/letrame.com\/catalogo\/producto\/hay-amores-que-matan\/","title":{"rendered":"Hay amores que matan"},"content":{"rendered":"<p>ISBN:\u00a09788411819305<br \/>\nT\u00edtulo:_Hay amores que matan<br \/>\nFecha:_2024<br \/>\nP\u00e1ginas:\u00a0426<br \/>\nSINOPSIS<\/p>\n<p>En toda familia hay distintos tipos de personas: optimistas y pesimistas, buenos como el pan y mentirosos, algunos medios brujos y otros medios locos; narcisistas y generosos, unos son leales y otros caen en la infidelidad. A veces, hay secretos y sentimientos oscuros, pero de ah\u00ed abrirle la puerta a un asesino es otra cosa.<br \/>\nPor eso, siempre hay que estar atento a qui\u00e9n dejamos entrar en nuestro c\u00edrculo m\u00e1s \u00edntimo, pues, a pesar de que dicen que el amor mueve monta\u00f1as, a veces, no basta para salvar a las personas que queremos. Y, de vez en cuando, hay amores que duelen, da\u00f1an y hasta matan\u2026<br \/>\nSi me lo hubieran contado, no lo habr\u00eda cre\u00eddo, pero, en esta novela, todo lo que parece ficticio puede tener mucho de realidad. Te encontrar\u00e1s con personajes que quiz\u00e1 relaciones con tu propia familia, ir\u00e1s haciendo un poco tuya esta historia y eso te comenzar\u00e1 a atrapar y, tal vez, con ello ver\u00e1s en tu vida lo que no hab\u00edas percibido antes de leer esta novela.<\/p>\n","protected":false},"excerpt":{"rendered":"<p>ISBN:\u00a09788411819305<\/p>\n<p>SINOPSIS<\/p>\n<p>En toda familia hay distintos tipos de personas: optimistas y pesimistas, buenos como el pan y mentirosos, algunos medios brujos y otros medios locos; narcisistas y generosos, unos son leales y otros caen en la infidelidad. A veces, hay secretos y sentimientos oscuros, pero de ah\u00ed abrirle la puerta a un asesino es otra cosa.<br \/>\nPor eso, siempre hay que estar atento a qui\u00e9n dejamos entrar en nuestro c\u00edrculo m\u00e1s \u00edntimo, pues, a pesar de que dicen que el amor mueve monta\u00f1as, a veces, no basta para salvar a las personas que queremos. Y, de vez en cuando, hay amores que duelen, da\u00f1an y hasta matan\u2026<br \/>\nSi me lo hubieran contado, no lo habr\u00eda cre\u00eddo, pero, en esta novela, todo lo que parece ficticio puede tener mucho de realidad. Te encontrar\u00e1s con personajes que quiz\u00e1 relaciones con tu propia familia, ir\u00e1s haciendo un poco tuya esta historia y eso te comenzar\u00e1 a atrapar y, tal vez, con ello ver\u00e1s en tu vida lo que no hab\u00edas percibido antes de leer esta novela.<\/p>\n","protected":false},"featured_media":99841,"comment_status":"closed","ping_status":"open","template":"","meta":{"_acf_changed":false},"libro":[],"product_brand":[],"product_cat":[16],"product_tag":[],"class_list":{"0":"post-99840","1":"product","2":"type-product","3":"status-publish","4":"has-post-thumbnail","6":"product_cat-novela","8":"first","9":"instock","10":"product-type-simple"},"acf":{"autor":[78059],"enlace_de_compra":"https:\/\/www.buscalibre.cl\/libro-hay-amores-que-matan\/9788411819305\/p\/55992987"},"yoast_head":"<!-- This site is optimized with the Yoast SEO plugin v27.4 - https:\/\/yoast.com\/product\/yoast-seo-wordpress\/ -->\n<title>Hay amores que matan - Catalogo | Letrame Grupo Editorial<\/title>\n<meta name=\"robots\" content=\"index, follow, max-snippet:-1, max-image-preview:large, max-video-preview:-1\" \/>\n<link rel=\"canonical\" href=\"https:\/\/letrame.com\/catalogo\/producto\/hay-amores-que-matan\/\" \/>\n<meta property=\"og:locale\" content=\"es_ES\" \/>\n<meta property=\"og:type\" content=\"article\" \/>\n<meta property=\"og:title\" content=\"Hay amores que matan - Catalogo | Letrame Grupo Editorial\" \/>\n<meta property=\"og:description\" content=\"ISBN:\u00a09788411819305 SINOPSIS En toda familia hay distintos tipos de personas: optimistas y pesimistas, buenos como el pan y mentirosos, algunos medios brujos y otros medios locos; narcisistas y generosos, unos son leales y otros caen en la infidelidad. A veces, hay secretos y sentimientos oscuros, pero de ah\u00ed abrirle la puerta a un asesino es otra cosa. Por eso, siempre hay que estar atento a qui\u00e9n dejamos entrar en nuestro c\u00edrculo m\u00e1s \u00edntimo, pues, a pesar de que dicen que el amor mueve monta\u00f1as, a veces, no basta para salvar a las personas que queremos. Y, de vez en cuando, hay amores que duelen, da\u00f1an y hasta matan\u2026 Si me lo hubieran contado, no lo habr\u00eda cre\u00eddo, pero, en esta novela, todo lo que parece ficticio puede tener mucho de realidad. Te encontrar\u00e1s con personajes que quiz\u00e1 relaciones con tu propia familia, ir\u00e1s haciendo un poco tuya esta historia y eso te comenzar\u00e1 a atrapar y, tal vez, con ello ver\u00e1s en tu vida lo que no hab\u00edas percibido antes de leer esta novela.\" \/>\n<meta property=\"og:url\" content=\"https:\/\/letrame.com\/catalogo\/producto\/hay-amores-que-matan\/\" \/>\n<meta property=\"og:site_name\" content=\"Catalogo | Letrame Grupo Editorial\" \/>\n<meta property=\"article:modified_time\" content=\"2024-04-29T15:11:18+00:00\" \/>\n<meta property=\"og:image\" content=\"https:\/\/letrame.com\/catalogo\/wp-content\/uploads\/2024\/04\/webp_hayamoresquematan_2072mm-compressed-scaled-1.jpg\" \/>\n\t<meta property=\"og:image:width\" content=\"1746\" \/>\n\t<meta property=\"og:image:height\" content=\"2560\" \/>\n\t<meta property=\"og:image:type\" content=\"image\/jpeg\" \/>\n<meta name=\"twitter:card\" content=\"summary_large_image\" \/>\n<meta name=\"twitter:label1\" content=\"Tiempo de lectura\" \/>\n\t<meta name=\"twitter:data1\" content=\"1 minuto\" \/>\n<script type=\"application\/ld+json\" class=\"yoast-schema-graph\">{\"@context\":\"https:\\\/\\\/schema.org\",\"@graph\":[{\"@type\":\"WebPage\",\"@id\":\"https:\\\/\\\/letrame.com\\\/catalogo\\\/producto\\\/hay-amores-que-matan\\\/\",\"url\":\"https:\\\/\\\/letrame.com\\\/catalogo\\\/producto\\\/hay-amores-que-matan\\\/\",\"name\":\"Hay amores que matan - Catalogo | Letrame Grupo Editorial\",\"isPartOf\":{\"@id\":\"https:\\\/\\\/letrame.com\\\/catalogo\\\/#website\"},\"primaryImageOfPage\":{\"@id\":\"https:\\\/\\\/letrame.com\\\/catalogo\\\/producto\\\/hay-amores-que-matan\\\/#primaryimage\"},\"image\":{\"@id\":\"https:\\\/\\\/letrame.com\\\/catalogo\\\/producto\\\/hay-amores-que-matan\\\/#primaryimage\"},\"thumbnailUrl\":\"https:\\\/\\\/letrame.com\\\/catalogo\\\/wp-content\\\/uploads\\\/2024\\\/04\\\/webp_hayamoresquematan_2072mm-compressed-scaled-1.jpg\",\"datePublished\":\"2024-04-29T15:11:06+00:00\",\"dateModified\":\"2024-04-29T15:11:18+00:00\",\"breadcrumb\":{\"@id\":\"https:\\\/\\\/letrame.com\\\/catalogo\\\/producto\\\/hay-amores-que-matan\\\/#breadcrumb\"},\"inLanguage\":\"es\",\"potentialAction\":[{\"@type\":\"ReadAction\",\"target\":[\"https:\\\/\\\/letrame.com\\\/catalogo\\\/producto\\\/hay-amores-que-matan\\\/\"]}]},{\"@type\":\"ImageObject\",\"inLanguage\":\"es\",\"@id\":\"https:\\\/\\\/letrame.com\\\/catalogo\\\/producto\\\/hay-amores-que-matan\\\/#primaryimage\",\"url\":\"https:\\\/\\\/letrame.com\\\/catalogo\\\/wp-content\\\/uploads\\\/2024\\\/04\\\/webp_hayamoresquematan_2072mm-compressed-scaled-1.jpg\",\"contentUrl\":\"https:\\\/\\\/letrame.com\\\/catalogo\\\/wp-content\\\/uploads\\\/2024\\\/04\\\/webp_hayamoresquematan_2072mm-compressed-scaled-1.jpg\",\"width\":1746,\"height\":2560},{\"@type\":\"BreadcrumbList\",\"@id\":\"https:\\\/\\\/letrame.com\\\/catalogo\\\/producto\\\/hay-amores-que-matan\\\/#breadcrumb\",\"itemListElement\":[{\"@type\":\"ListItem\",\"position\":1,\"name\":\"Portada\",\"item\":\"https:\\\/\\\/letrame.com\\\/catalogo\\\/\"},{\"@type\":\"ListItem\",\"position\":2,\"name\":\"Cat\u00e1logo\",\"item\":\"https:\\\/\\\/letrame.com\\\/catalogo\\\/\"},{\"@type\":\"ListItem\",\"position\":3,\"name\":\"Hay amores que matan\"}]},{\"@type\":\"WebSite\",\"@id\":\"https:\\\/\\\/letrame.com\\\/catalogo\\\/#website\",\"url\":\"https:\\\/\\\/letrame.com\\\/catalogo\\\/\",\"name\":\"Catalogo | Letrame Grupo Editorial\",\"description\":\"\",\"publisher\":{\"@id\":\"https:\\\/\\\/letrame.com\\\/catalogo\\\/#organization\"},\"potentialAction\":[{\"@type\":\"SearchAction\",\"target\":{\"@type\":\"EntryPoint\",\"urlTemplate\":\"https:\\\/\\\/letrame.com\\\/catalogo\\\/?s={search_term_string}\"},\"query-input\":{\"@type\":\"PropertyValueSpecification\",\"valueRequired\":true,\"valueName\":\"search_term_string\"}}],\"inLanguage\":\"es\"},{\"@type\":\"Organization\",\"@id\":\"https:\\\/\\\/letrame.com\\\/catalogo\\\/#organization\",\"name\":\"Catalogo | Letrame Grupo Editorial\",\"url\":\"https:\\\/\\\/letrame.com\\\/catalogo\\\/\",\"logo\":{\"@type\":\"ImageObject\",\"inLanguage\":\"es\",\"@id\":\"https:\\\/\\\/letrame.com\\\/catalogo\\\/#\\\/schema\\\/logo\\\/image\\\/\",\"url\":\"https:\\\/\\\/letrame.com\\\/catalogo\\\/wp-content\\\/uploads\\\/2024\\\/03\\\/logo2.webp\",\"contentUrl\":\"https:\\\/\\\/letrame.com\\\/catalogo\\\/wp-content\\\/uploads\\\/2024\\\/03\\\/logo2.webp\",\"width\":394,\"height\":128,\"caption\":\"Catalogo | Letrame Grupo Editorial\"},\"image\":{\"@id\":\"https:\\\/\\\/letrame.com\\\/catalogo\\\/#\\\/schema\\\/logo\\\/image\\\/\"}}]}<\/script>\n<!-- \/ Yoast SEO plugin. -->","yoast_head_json":{"title":"Hay amores que matan - Catalogo | Letrame Grupo Editorial","robots":{"index":"index","follow":"follow","max-snippet":"max-snippet:-1","max-image-preview":"max-image-preview:large","max-video-preview":"max-video-preview:-1"},"canonical":"https:\/\/letrame.com\/catalogo\/producto\/hay-amores-que-matan\/","og_locale":"es_ES","og_type":"article","og_title":"Hay amores que matan - Catalogo | Letrame Grupo Editorial","og_description":"ISBN:\u00a09788411819305 SINOPSIS En toda familia hay distintos tipos de personas: optimistas y pesimistas, buenos como el pan y mentirosos, algunos medios brujos y otros medios locos; narcisistas y generosos, unos son leales y otros caen en la infidelidad. A veces, hay secretos y sentimientos oscuros, pero de ah\u00ed abrirle la puerta a un asesino es otra cosa. Por eso, siempre hay que estar atento a qui\u00e9n dejamos entrar en nuestro c\u00edrculo m\u00e1s \u00edntimo, pues, a pesar de que dicen que el amor mueve monta\u00f1as, a veces, no basta para salvar a las personas que queremos. Y, de vez en cuando, hay amores que duelen, da\u00f1an y hasta matan\u2026 Si me lo hubieran contado, no lo habr\u00eda cre\u00eddo, pero, en esta novela, todo lo que parece ficticio puede tener mucho de realidad. Te encontrar\u00e1s con personajes que quiz\u00e1 relaciones con tu propia familia, ir\u00e1s haciendo un poco tuya esta historia y eso te comenzar\u00e1 a atrapar y, tal vez, con ello ver\u00e1s en tu vida lo que no hab\u00edas percibido antes de leer esta novela.","og_url":"https:\/\/letrame.com\/catalogo\/producto\/hay-amores-que-matan\/","og_site_name":"Catalogo | Letrame Grupo Editorial","article_modified_time":"2024-04-29T15:11:18+00:00","og_image":[{"width":1746,"height":2560,"url":"https:\/\/letrame.com\/catalogo\/wp-content\/uploads\/2024\/04\/webp_hayamoresquematan_2072mm-compressed-scaled-1.jpg","type":"image\/jpeg"}],"twitter_card":"summary_large_image","twitter_misc":{"Tiempo de lectura":"1 minuto"},"schema":{"@context":"https:\/\/schema.org","@graph":[{"@type":"WebPage","@id":"https:\/\/letrame.com\/catalogo\/producto\/hay-amores-que-matan\/","url":"https:\/\/letrame.com\/catalogo\/producto\/hay-amores-que-matan\/","name":"Hay amores que matan - Catalogo | Letrame Grupo Editorial","isPartOf":{"@id":"https:\/\/letrame.com\/catalogo\/#website"},"primaryImageOfPage":{"@id":"https:\/\/letrame.com\/catalogo\/producto\/hay-amores-que-matan\/#primaryimage"},"image":{"@id":"https:\/\/letrame.com\/catalogo\/producto\/hay-amores-que-matan\/#primaryimage"},"thumbnailUrl":"https:\/\/letrame.com\/catalogo\/wp-content\/uploads\/2024\/04\/webp_hayamoresquematan_2072mm-compressed-scaled-1.jpg","datePublished":"2024-04-29T15:11:06+00:00","dateModified":"2024-04-29T15:11:18+00:00","breadcrumb":{"@id":"https:\/\/letrame.com\/catalogo\/producto\/hay-amores-que-matan\/#breadcrumb"},"inLanguage":"es","potentialAction":[{"@type":"ReadAction","target":["https:\/\/letrame.com\/catalogo\/producto\/hay-amores-que-matan\/"]}]},{"@type":"ImageObject","inLanguage":"es","@id":"https:\/\/letrame.com\/catalogo\/producto\/hay-amores-que-matan\/#primaryimage","url":"https:\/\/letrame.com\/catalogo\/wp-content\/uploads\/2024\/04\/webp_hayamoresquematan_2072mm-compressed-scaled-1.jpg","contentUrl":"https:\/\/letrame.com\/catalogo\/wp-content\/uploads\/2024\/04\/webp_hayamoresquematan_2072mm-compressed-scaled-1.jpg","width":1746,"height":2560},{"@type":"BreadcrumbList","@id":"https:\/\/letrame.com\/catalogo\/producto\/hay-amores-que-matan\/#breadcrumb","itemListElement":[{"@type":"ListItem","position":1,"name":"Portada","item":"https:\/\/letrame.com\/catalogo\/"},{"@type":"ListItem","position":2,"name":"Cat\u00e1logo","item":"https:\/\/letrame.com\/catalogo\/"},{"@type":"ListItem","position":3,"name":"Hay amores que matan"}]},{"@type":"WebSite","@id":"https:\/\/letrame.com\/catalogo\/#website","url":"https:\/\/letrame.com\/catalogo\/","name":"Catalogo | Letrame Grupo Editorial","description":"","publisher":{"@id":"https:\/\/letrame.com\/catalogo\/#organization"},"potentialAction":[{"@type":"SearchAction","target":{"@type":"EntryPoint","urlTemplate":"https:\/\/letrame.com\/catalogo\/?s={search_term_string}"},"query-input":{"@type":"PropertyValueSpecification","valueRequired":true,"valueName":"search_term_string"}}],"inLanguage":"es"},{"@type":"Organization","@id":"https:\/\/letrame.com\/catalogo\/#organization","name":"Catalogo | Letrame Grupo Editorial","url":"https:\/\/letrame.com\/catalogo\/","logo":{"@type":"ImageObject","inLanguage":"es","@id":"https:\/\/letrame.com\/catalogo\/#\/schema\/logo\/image\/","url":"https:\/\/letrame.com\/catalogo\/wp-content\/uploads\/2024\/03\/logo2.webp","contentUrl":"https:\/\/letrame.com\/catalogo\/wp-content\/uploads\/2024\/03\/logo2.webp","width":394,"height":128,"caption":"Catalogo | Letrame Grupo Editorial"},"image":{"@id":"https:\/\/letrame.com\/catalogo\/#\/schema\/logo\/image\/"}}]}},"_links":{"self":[{"href":"https:\/\/letrame.com\/catalogo\/wp-json\/wp\/v2\/product\/99840","targetHints":{"allow":["GET"]}}],"collection":[{"href":"https:\/\/letrame.com\/catalogo\/wp-json\/wp\/v2\/product"}],"about":[{"href":"https:\/\/letrame.com\/catalogo\/wp-json\/wp\/v2\/types\/product"}],"replies":[{"embeddable":true,"href":"https:\/\/letrame.com\/catalogo\/wp-json\/wp\/v2\/comments?post=99840"}],"acf:post":[{"embeddable":true,"href":"https:\/\/letrame.com\/catalogo\/wp-json\/wp\/v2\/author_book\/78059"}],"wp:featuredmedia":[{"embeddable":true,"href":"https:\/\/letrame.com\/catalogo\/wp-json\/wp\/v2\/media\/99841"}],"wp:attachment":[{"href":"https:\/\/letrame.com\/catalogo\/wp-json\/wp\/v2\/media?parent=99840"}],"wp:term":[{"taxonomy":"libro","embeddable":true,"href":"https:\/\/letrame.com\/catalogo\/wp-json\/wp\/v2\/libro?post=99840"},{"taxonomy":"product_brand","embeddable":true,"href":"https:\/\/letrame.com\/catalogo\/wp-json\/wp\/v2\/product_brand?post=99840"},{"taxonomy":"product_cat","embeddable":true,"href":"https:\/\/letrame.com\/catalogo\/wp-json\/wp\/v2\/product_cat?post=99840"},{"taxonomy":"product_tag","embeddable":true,"href":"https:\/\/letrame.com\/catalogo\/wp-json\/wp\/v2\/product_tag?post=99840"}],"curies":[{"name":"wp","href":"https:\/\/api.w.org\/{rel}","templated":true}]}}