{"id":99838,"date":"2024-04-29T17:11:06","date_gmt":"2024-04-29T15:11:06","guid":{"rendered":"https:\/\/letrame.com\/catalogo\/producto\/cuando-se-dejan-de-oir-las-tormentas\/"},"modified":"2024-07-03T14:08:29","modified_gmt":"2024-07-03T12:08:29","slug":"cuando-se-dejan-de-oir-las-tormentas","status":"publish","type":"product","link":"https:\/\/letrame.com\/catalogo\/producto\/cuando-se-dejan-de-oir-las-tormentas\/","title":{"rendered":"Cuando se dejan de o\u00edr las tormentas"},"content":{"rendered":"<p>ISBN:\u00a09788410680081<br \/>\nT\u00edtulo:_Cuando se dejan de o\u00edr las tormentas<br \/>\nFecha:_2024<br \/>\nP\u00e1ginas:\u00a0282<br \/>\nSINOPSIS<br \/>\nUna llamada hace que tiemblen de nuevo los cimientos de Jimena. Las tormentas del pasado vuelven y decide emprender un viaje para reencontrarse a s\u00ed misma y escapar de los miedos que vuelven a destrozar su vida.<br \/>\nUn camino lleno de espiritualidad, naturaleza y personas inesperadas que le har\u00e1n plantearse el sentido de su vida. Nuevos sentimientos aflorar\u00e1n en su alma, convirti\u00e9ndose en un salvavidas para ella.<br \/>\nUna historia desgarradora y a la vez motivadora, llena de fuerza para salir a flote de las situaciones que te marcan de por vida.<\/p>\n","protected":false},"excerpt":{"rendered":"<p>ISBN:\u00a09788410680081<\/p>\n<p>SINOPSIS<br \/>\nUna llamada hace que tiemblen de nuevo los cimientos de Jimena. Las tormentas del pasado vuelven y decide emprender un viaje para reencontrarse a s\u00ed misma y escapar de los miedos que vuelven a destrozar su vida.<br \/>\nUn camino lleno de espiritualidad, naturaleza y personas inesperadas que le har\u00e1n plantearse el sentido de su vida. Nuevos sentimientos aflorar\u00e1n en su alma, convirti\u00e9ndose en un salvavidas para ella.<br \/>\nUna historia desgarradora y a la vez motivadora, llena de fuerza para salir a flote de las situaciones que te marcan de por vida.<\/p>\n","protected":false},"featured_media":99839,"comment_status":"closed","ping_status":"closed","template":"","meta":{"_acf_changed":false},"libro":[],"product_brand":[],"product_cat":[50],"product_tag":[],"class_list":{"0":"post-99838","1":"product","2":"type-product","3":"status-publish","4":"has-post-thumbnail","6":"product_cat-novela-romantica","8":"first","9":"instock","10":"product-type-simple"},"acf":{"autor":[78058],"enlace_de_compra":"https:\/\/amzn.to\/3zBcXL2"},"yoast_head":"<!-- This site is optimized with the Yoast SEO plugin v26.6 - https:\/\/yoast.com\/wordpress\/plugins\/seo\/ -->\n<title>Cuando se dejan de o\u00edr las tormentas - Catalogo | Letrame Grupo Editorial<\/title>\n<meta name=\"robots\" content=\"index, follow, max-snippet:-1, max-image-preview:large, max-video-preview:-1\" \/>\n<link rel=\"canonical\" href=\"https:\/\/letrame.com\/catalogo\/producto\/cuando-se-dejan-de-oir-las-tormentas\/\" \/>\n<meta property=\"og:locale\" content=\"es_ES\" \/>\n<meta property=\"og:type\" content=\"article\" \/>\n<meta property=\"og:title\" content=\"Cuando se dejan de o\u00edr las tormentas - Catalogo | Letrame Grupo Editorial\" \/>\n<meta property=\"og:description\" content=\"ISBN:\u00a09788410680081  SINOPSIS Una llamada hace que tiemblen de nuevo los cimientos de Jimena. Las tormentas del pasado vuelven y decide emprender un viaje para reencontrarse a s\u00ed misma y escapar de los miedos que vuelven a destrozar su vida. Un camino lleno de espiritualidad, naturaleza y personas inesperadas que le har\u00e1n plantearse el sentido de su vida. Nuevos sentimientos aflorar\u00e1n en su alma, convirti\u00e9ndose en un salvavidas para ella. Una historia desgarradora y a la vez motivadora, llena de fuerza para salir a flote de las situaciones que te marcan de por vida.\" \/>\n<meta property=\"og:url\" content=\"https:\/\/letrame.com\/catalogo\/producto\/cuando-se-dejan-de-oir-las-tormentas\/\" \/>\n<meta property=\"og:site_name\" content=\"Catalogo | Letrame Grupo Editorial\" \/>\n<meta property=\"article:modified_time\" content=\"2024-07-03T12:08:29+00:00\" \/>\n<meta property=\"og:image\" content=\"https:\/\/letrame.com\/catalogo\/wp-content\/uploads\/2024\/04\/webp_cuandosedejan_1411mm-compressed-scaled-1.jpg\" \/>\n\t<meta property=\"og:image:width\" content=\"1746\" \/>\n\t<meta property=\"og:image:height\" content=\"2560\" \/>\n\t<meta property=\"og:image:type\" content=\"image\/jpeg\" \/>\n<meta name=\"twitter:card\" content=\"summary_large_image\" \/>\n<meta name=\"twitter:label1\" content=\"Tiempo de lectura\" \/>\n\t<meta name=\"twitter:data1\" content=\"1 minuto\" \/>\n<script type=\"application\/ld+json\" class=\"yoast-schema-graph\">{\"@context\":\"https:\/\/schema.org\",\"@graph\":[{\"@type\":\"WebPage\",\"@id\":\"https:\/\/letrame.com\/catalogo\/producto\/cuando-se-dejan-de-oir-las-tormentas\/\",\"url\":\"https:\/\/letrame.com\/catalogo\/producto\/cuando-se-dejan-de-oir-las-tormentas\/\",\"name\":\"Cuando se dejan de o\u00edr las tormentas - Catalogo | Letrame Grupo Editorial\",\"isPartOf\":{\"@id\":\"https:\/\/letrame.com\/catalogo\/#website\"},\"primaryImageOfPage\":{\"@id\":\"https:\/\/letrame.com\/catalogo\/producto\/cuando-se-dejan-de-oir-las-tormentas\/#primaryimage\"},\"image\":{\"@id\":\"https:\/\/letrame.com\/catalogo\/producto\/cuando-se-dejan-de-oir-las-tormentas\/#primaryimage\"},\"thumbnailUrl\":\"https:\/\/letrame.com\/catalogo\/wp-content\/uploads\/2024\/04\/webp_cuandosedejan_1411mm-compressed-scaled-1.jpg\",\"datePublished\":\"2024-04-29T15:11:06+00:00\",\"dateModified\":\"2024-07-03T12:08:29+00:00\",\"breadcrumb\":{\"@id\":\"https:\/\/letrame.com\/catalogo\/producto\/cuando-se-dejan-de-oir-las-tormentas\/#breadcrumb\"},\"inLanguage\":\"es\",\"potentialAction\":[{\"@type\":\"ReadAction\",\"target\":[\"https:\/\/letrame.com\/catalogo\/producto\/cuando-se-dejan-de-oir-las-tormentas\/\"]}]},{\"@type\":\"ImageObject\",\"inLanguage\":\"es\",\"@id\":\"https:\/\/letrame.com\/catalogo\/producto\/cuando-se-dejan-de-oir-las-tormentas\/#primaryimage\",\"url\":\"https:\/\/letrame.com\/catalogo\/wp-content\/uploads\/2024\/04\/webp_cuandosedejan_1411mm-compressed-scaled-1.jpg\",\"contentUrl\":\"https:\/\/letrame.com\/catalogo\/wp-content\/uploads\/2024\/04\/webp_cuandosedejan_1411mm-compressed-scaled-1.jpg\",\"width\":1746,\"height\":2560},{\"@type\":\"BreadcrumbList\",\"@id\":\"https:\/\/letrame.com\/catalogo\/producto\/cuando-se-dejan-de-oir-las-tormentas\/#breadcrumb\",\"itemListElement\":[{\"@type\":\"ListItem\",\"position\":1,\"name\":\"Portada\",\"item\":\"https:\/\/letrame.com\/catalogo\/\"},{\"@type\":\"ListItem\",\"position\":2,\"name\":\"Cat\u00e1logo\",\"item\":\"https:\/\/letrame.com\/catalogo\/\"},{\"@type\":\"ListItem\",\"position\":3,\"name\":\"Cuando se dejan de o\u00edr las tormentas\"}]},{\"@type\":\"WebSite\",\"@id\":\"https:\/\/letrame.com\/catalogo\/#website\",\"url\":\"https:\/\/letrame.com\/catalogo\/\",\"name\":\"Catalogo | Letrame Grupo Editorial\",\"description\":\"\",\"publisher\":{\"@id\":\"https:\/\/letrame.com\/catalogo\/#organization\"},\"potentialAction\":[{\"@type\":\"SearchAction\",\"target\":{\"@type\":\"EntryPoint\",\"urlTemplate\":\"https:\/\/letrame.com\/catalogo\/?s={search_term_string}\"},\"query-input\":{\"@type\":\"PropertyValueSpecification\",\"valueRequired\":true,\"valueName\":\"search_term_string\"}}],\"inLanguage\":\"es\"},{\"@type\":\"Organization\",\"@id\":\"https:\/\/letrame.com\/catalogo\/#organization\",\"name\":\"Catalogo | Letrame Grupo Editorial\",\"url\":\"https:\/\/letrame.com\/catalogo\/\",\"logo\":{\"@type\":\"ImageObject\",\"inLanguage\":\"es\",\"@id\":\"https:\/\/letrame.com\/catalogo\/#\/schema\/logo\/image\/\",\"url\":\"https:\/\/letrame.com\/catalogo\/wp-content\/uploads\/2024\/03\/logo2.webp\",\"contentUrl\":\"https:\/\/letrame.com\/catalogo\/wp-content\/uploads\/2024\/03\/logo2.webp\",\"width\":394,\"height\":128,\"caption\":\"Catalogo | Letrame Grupo Editorial\"},\"image\":{\"@id\":\"https:\/\/letrame.com\/catalogo\/#\/schema\/logo\/image\/\"}}]}<\/script>\n<!-- \/ Yoast SEO plugin. -->","yoast_head_json":{"title":"Cuando se dejan de o\u00edr las tormentas - Catalogo | Letrame Grupo Editorial","robots":{"index":"index","follow":"follow","max-snippet":"max-snippet:-1","max-image-preview":"max-image-preview:large","max-video-preview":"max-video-preview:-1"},"canonical":"https:\/\/letrame.com\/catalogo\/producto\/cuando-se-dejan-de-oir-las-tormentas\/","og_locale":"es_ES","og_type":"article","og_title":"Cuando se dejan de o\u00edr las tormentas - Catalogo | Letrame Grupo Editorial","og_description":"ISBN:\u00a09788410680081  SINOPSIS Una llamada hace que tiemblen de nuevo los cimientos de Jimena. Las tormentas del pasado vuelven y decide emprender un viaje para reencontrarse a s\u00ed misma y escapar de los miedos que vuelven a destrozar su vida. Un camino lleno de espiritualidad, naturaleza y personas inesperadas que le har\u00e1n plantearse el sentido de su vida. Nuevos sentimientos aflorar\u00e1n en su alma, convirti\u00e9ndose en un salvavidas para ella. Una historia desgarradora y a la vez motivadora, llena de fuerza para salir a flote de las situaciones que te marcan de por vida.","og_url":"https:\/\/letrame.com\/catalogo\/producto\/cuando-se-dejan-de-oir-las-tormentas\/","og_site_name":"Catalogo | Letrame Grupo Editorial","article_modified_time":"2024-07-03T12:08:29+00:00","og_image":[{"width":1746,"height":2560,"url":"https:\/\/letrame.com\/catalogo\/wp-content\/uploads\/2024\/04\/webp_cuandosedejan_1411mm-compressed-scaled-1.jpg","type":"image\/jpeg"}],"twitter_card":"summary_large_image","twitter_misc":{"Tiempo de lectura":"1 minuto"},"schema":{"@context":"https:\/\/schema.org","@graph":[{"@type":"WebPage","@id":"https:\/\/letrame.com\/catalogo\/producto\/cuando-se-dejan-de-oir-las-tormentas\/","url":"https:\/\/letrame.com\/catalogo\/producto\/cuando-se-dejan-de-oir-las-tormentas\/","name":"Cuando se dejan de o\u00edr las tormentas - Catalogo | Letrame Grupo Editorial","isPartOf":{"@id":"https:\/\/letrame.com\/catalogo\/#website"},"primaryImageOfPage":{"@id":"https:\/\/letrame.com\/catalogo\/producto\/cuando-se-dejan-de-oir-las-tormentas\/#primaryimage"},"image":{"@id":"https:\/\/letrame.com\/catalogo\/producto\/cuando-se-dejan-de-oir-las-tormentas\/#primaryimage"},"thumbnailUrl":"https:\/\/letrame.com\/catalogo\/wp-content\/uploads\/2024\/04\/webp_cuandosedejan_1411mm-compressed-scaled-1.jpg","datePublished":"2024-04-29T15:11:06+00:00","dateModified":"2024-07-03T12:08:29+00:00","breadcrumb":{"@id":"https:\/\/letrame.com\/catalogo\/producto\/cuando-se-dejan-de-oir-las-tormentas\/#breadcrumb"},"inLanguage":"es","potentialAction":[{"@type":"ReadAction","target":["https:\/\/letrame.com\/catalogo\/producto\/cuando-se-dejan-de-oir-las-tormentas\/"]}]},{"@type":"ImageObject","inLanguage":"es","@id":"https:\/\/letrame.com\/catalogo\/producto\/cuando-se-dejan-de-oir-las-tormentas\/#primaryimage","url":"https:\/\/letrame.com\/catalogo\/wp-content\/uploads\/2024\/04\/webp_cuandosedejan_1411mm-compressed-scaled-1.jpg","contentUrl":"https:\/\/letrame.com\/catalogo\/wp-content\/uploads\/2024\/04\/webp_cuandosedejan_1411mm-compressed-scaled-1.jpg","width":1746,"height":2560},{"@type":"BreadcrumbList","@id":"https:\/\/letrame.com\/catalogo\/producto\/cuando-se-dejan-de-oir-las-tormentas\/#breadcrumb","itemListElement":[{"@type":"ListItem","position":1,"name":"Portada","item":"https:\/\/letrame.com\/catalogo\/"},{"@type":"ListItem","position":2,"name":"Cat\u00e1logo","item":"https:\/\/letrame.com\/catalogo\/"},{"@type":"ListItem","position":3,"name":"Cuando se dejan de o\u00edr las tormentas"}]},{"@type":"WebSite","@id":"https:\/\/letrame.com\/catalogo\/#website","url":"https:\/\/letrame.com\/catalogo\/","name":"Catalogo | Letrame Grupo Editorial","description":"","publisher":{"@id":"https:\/\/letrame.com\/catalogo\/#organization"},"potentialAction":[{"@type":"SearchAction","target":{"@type":"EntryPoint","urlTemplate":"https:\/\/letrame.com\/catalogo\/?s={search_term_string}"},"query-input":{"@type":"PropertyValueSpecification","valueRequired":true,"valueName":"search_term_string"}}],"inLanguage":"es"},{"@type":"Organization","@id":"https:\/\/letrame.com\/catalogo\/#organization","name":"Catalogo | Letrame Grupo Editorial","url":"https:\/\/letrame.com\/catalogo\/","logo":{"@type":"ImageObject","inLanguage":"es","@id":"https:\/\/letrame.com\/catalogo\/#\/schema\/logo\/image\/","url":"https:\/\/letrame.com\/catalogo\/wp-content\/uploads\/2024\/03\/logo2.webp","contentUrl":"https:\/\/letrame.com\/catalogo\/wp-content\/uploads\/2024\/03\/logo2.webp","width":394,"height":128,"caption":"Catalogo | Letrame Grupo Editorial"},"image":{"@id":"https:\/\/letrame.com\/catalogo\/#\/schema\/logo\/image\/"}}]}},"_links":{"self":[{"href":"https:\/\/letrame.com\/catalogo\/wp-json\/wp\/v2\/product\/99838","targetHints":{"allow":["GET"]}}],"collection":[{"href":"https:\/\/letrame.com\/catalogo\/wp-json\/wp\/v2\/product"}],"about":[{"href":"https:\/\/letrame.com\/catalogo\/wp-json\/wp\/v2\/types\/product"}],"replies":[{"embeddable":true,"href":"https:\/\/letrame.com\/catalogo\/wp-json\/wp\/v2\/comments?post=99838"}],"acf:post":[{"embeddable":true,"href":"https:\/\/letrame.com\/catalogo\/wp-json\/wp\/v2\/author_book\/78058"}],"wp:featuredmedia":[{"embeddable":true,"href":"https:\/\/letrame.com\/catalogo\/wp-json\/wp\/v2\/media\/99839"}],"wp:attachment":[{"href":"https:\/\/letrame.com\/catalogo\/wp-json\/wp\/v2\/media?parent=99838"}],"wp:term":[{"taxonomy":"libro","embeddable":true,"href":"https:\/\/letrame.com\/catalogo\/wp-json\/wp\/v2\/libro?post=99838"},{"taxonomy":"product_brand","embeddable":true,"href":"https:\/\/letrame.com\/catalogo\/wp-json\/wp\/v2\/product_brand?post=99838"},{"taxonomy":"product_cat","embeddable":true,"href":"https:\/\/letrame.com\/catalogo\/wp-json\/wp\/v2\/product_cat?post=99838"},{"taxonomy":"product_tag","embeddable":true,"href":"https:\/\/letrame.com\/catalogo\/wp-json\/wp\/v2\/product_tag?post=99838"}],"curies":[{"name":"wp","href":"https:\/\/api.w.org\/{rel}","templated":true}]}}