{"id":99836,"date":"2024-04-29T17:10:29","date_gmt":"2024-04-29T15:10:29","guid":{"rendered":"https:\/\/letrame.com\/catalogo\/producto\/ombres-de-la-nit-el-despertar-del-caos\/"},"modified":"2024-07-03T14:10:57","modified_gmt":"2024-07-03T12:10:57","slug":"ombres-de-la-nit-el-despertar-del-caos","status":"publish","type":"product","link":"https:\/\/letrame.com\/catalogo\/producto\/ombres-de-la-nit-el-despertar-del-caos\/","title":{"rendered":"Ombres de la nit. El despertar del caos"},"content":{"rendered":"<p>ISBN:\u00a09788411819947<br \/>\nT\u00edtulo:_Ombres de la nit. El despertar del caos<br \/>\nFecha:_2024<br \/>\nP\u00e1ginas:\u00a062<br \/>\nSINOPSIS<br \/>\nEn la vila adormida de Poblesombra, la lluna plena il\u00b7lumina una nit aparentment tranquila. No obstant aix\u00f2, en una casa antiga i abandonada, Conrad es troba amb forces sobrenaturals. Amb la descoberta, comencen a revelar-se secrets familiars obscurs, provocant la pres\u00e8ncia d&#8217;una entitat sinistra. Entre visions, ombres i misteris ancestrals, Conrad es veu enfrontat a un passat atormentat i a un futur ple d&#8217;obscuritats. Mentre les ombres prenen vida, la seva investigaci\u00f3 desenterra veritats que desafien la pr\u00f2pia naturalesa de Conrad, marcat per una maledicci\u00f3 ancestral que el vincula inexorablement a les forces ocultes que amena\u00e7aven amb despertar. Aix\u00ed comen\u00e7a una dan\u00e7a entre la realitat i les tenebres, amb Conrad decidit a desxifrar els misteris que l&#8217;envolten i a posar fi a la maledicci\u00f3 que ha perseguit la seva fam\u00edlia durant segles.<\/p>\n","protected":false},"excerpt":{"rendered":"<p>ISBN:\u00a09788411819947<br \/>\nSINOPSIS<br \/>\nEn la vila adormida de Poblesombra, la lluna plena il\u00b7lumina una nit aparentment tranquila. No obstant aix\u00f2, en una casa antiga i abandonada, Conrad es troba amb forces sobrenaturals. Amb la descoberta, comencen a revelar-se secrets familiars obscurs, provocant la pres\u00e8ncia d&#8217;una entitat sinistra. Entre visions, ombres i misteris ancestrals, Conrad es veu enfrontat a un passat atormentat i a un futur ple d&#8217;obscuritats. Mentre les ombres prenen vida, la seva investigaci\u00f3 desenterra veritats que desafien la pr\u00f2pia naturalesa de Conrad, marcat per una maledicci\u00f3 ancestral que el vincula inexorablement a les forces ocultes que amena\u00e7aven amb despertar. Aix\u00ed comen\u00e7a una dan\u00e7a entre la realitat i les tenebres, amb Conrad decidit a desxifrar els misteris que l&#8217;envolten i a posar fi a la maledicci\u00f3 que ha perseguit la seva fam\u00edlia durant segles.<\/p>\n","protected":false},"featured_media":99837,"comment_status":"closed","ping_status":"closed","template":"","meta":{"_acf_changed":false},"libro":[],"product_brand":[],"product_cat":[47,16],"product_tag":[],"class_list":{"0":"post-99836","1":"product","2":"type-product","3":"status-publish","4":"has-post-thumbnail","6":"product_cat-ciencia-ficcion-misterio","7":"product_cat-novela","9":"first","10":"instock","11":"product-type-simple"},"acf":{"autor":[78057],"enlace_de_compra":"https:\/\/amzn.to\/4bwmalk"},"yoast_head":"<!-- This site is optimized with the Yoast SEO plugin v26.6 - https:\/\/yoast.com\/wordpress\/plugins\/seo\/ -->\n<title>Ombres de la nit. El despertar del caos - Catalogo | Letrame Grupo Editorial<\/title>\n<meta name=\"robots\" content=\"index, follow, max-snippet:-1, max-image-preview:large, max-video-preview:-1\" \/>\n<link rel=\"canonical\" href=\"https:\/\/letrame.com\/catalogo\/producto\/ombres-de-la-nit-el-despertar-del-caos\/\" \/>\n<meta property=\"og:locale\" content=\"es_ES\" \/>\n<meta property=\"og:type\" content=\"article\" \/>\n<meta property=\"og:title\" content=\"Ombres de la nit. El despertar del caos - Catalogo | Letrame Grupo Editorial\" \/>\n<meta property=\"og:description\" content=\"ISBN:\u00a09788411819947 SINOPSIS En la vila adormida de Poblesombra, la lluna plena il\u00b7lumina una nit aparentment tranquila. No obstant aix\u00f2, en una casa antiga i abandonada, Conrad es troba amb forces sobrenaturals. Amb la descoberta, comencen a revelar-se secrets familiars obscurs, provocant la pres\u00e8ncia d&#039;una entitat sinistra. Entre visions, ombres i misteris ancestrals, Conrad es veu enfrontat a un passat atormentat i a un futur ple d&#039;obscuritats. Mentre les ombres prenen vida, la seva investigaci\u00f3 desenterra veritats que desafien la pr\u00f2pia naturalesa de Conrad, marcat per una maledicci\u00f3 ancestral que el vincula inexorablement a les forces ocultes que amena\u00e7aven amb despertar. Aix\u00ed comen\u00e7a una dan\u00e7a entre la realitat i les tenebres, amb Conrad decidit a desxifrar els misteris que l&#039;envolten i a posar fi a la maledicci\u00f3 que ha perseguit la seva fam\u00edlia durant segles.\" \/>\n<meta property=\"og:url\" content=\"https:\/\/letrame.com\/catalogo\/producto\/ombres-de-la-nit-el-despertar-del-caos\/\" \/>\n<meta property=\"og:site_name\" content=\"Catalogo | Letrame Grupo Editorial\" \/>\n<meta property=\"article:modified_time\" content=\"2024-07-03T12:10:57+00:00\" \/>\n<meta property=\"og:image\" content=\"https:\/\/letrame.com\/catalogo\/wp-content\/uploads\/2024\/04\/webp_ombresdelanit_429mm-compressed.jpg\" \/>\n\t<meta property=\"og:image:width\" content=\"1594\" \/>\n\t<meta property=\"og:image:height\" content=\"2303\" \/>\n\t<meta property=\"og:image:type\" content=\"image\/jpeg\" \/>\n<meta name=\"twitter:card\" content=\"summary_large_image\" \/>\n<meta name=\"twitter:label1\" content=\"Tiempo de lectura\" \/>\n\t<meta name=\"twitter:data1\" content=\"1 minuto\" \/>\n<script type=\"application\/ld+json\" class=\"yoast-schema-graph\">{\"@context\":\"https:\/\/schema.org\",\"@graph\":[{\"@type\":\"WebPage\",\"@id\":\"https:\/\/letrame.com\/catalogo\/producto\/ombres-de-la-nit-el-despertar-del-caos\/\",\"url\":\"https:\/\/letrame.com\/catalogo\/producto\/ombres-de-la-nit-el-despertar-del-caos\/\",\"name\":\"Ombres de la nit. El despertar del caos - Catalogo | Letrame Grupo Editorial\",\"isPartOf\":{\"@id\":\"https:\/\/letrame.com\/catalogo\/#website\"},\"primaryImageOfPage\":{\"@id\":\"https:\/\/letrame.com\/catalogo\/producto\/ombres-de-la-nit-el-despertar-del-caos\/#primaryimage\"},\"image\":{\"@id\":\"https:\/\/letrame.com\/catalogo\/producto\/ombres-de-la-nit-el-despertar-del-caos\/#primaryimage\"},\"thumbnailUrl\":\"https:\/\/letrame.com\/catalogo\/wp-content\/uploads\/2024\/04\/webp_ombresdelanit_429mm-compressed.jpg\",\"datePublished\":\"2024-04-29T15:10:29+00:00\",\"dateModified\":\"2024-07-03T12:10:57+00:00\",\"breadcrumb\":{\"@id\":\"https:\/\/letrame.com\/catalogo\/producto\/ombres-de-la-nit-el-despertar-del-caos\/#breadcrumb\"},\"inLanguage\":\"es\",\"potentialAction\":[{\"@type\":\"ReadAction\",\"target\":[\"https:\/\/letrame.com\/catalogo\/producto\/ombres-de-la-nit-el-despertar-del-caos\/\"]}]},{\"@type\":\"ImageObject\",\"inLanguage\":\"es\",\"@id\":\"https:\/\/letrame.com\/catalogo\/producto\/ombres-de-la-nit-el-despertar-del-caos\/#primaryimage\",\"url\":\"https:\/\/letrame.com\/catalogo\/wp-content\/uploads\/2024\/04\/webp_ombresdelanit_429mm-compressed.jpg\",\"contentUrl\":\"https:\/\/letrame.com\/catalogo\/wp-content\/uploads\/2024\/04\/webp_ombresdelanit_429mm-compressed.jpg\",\"width\":1594,\"height\":2303},{\"@type\":\"BreadcrumbList\",\"@id\":\"https:\/\/letrame.com\/catalogo\/producto\/ombres-de-la-nit-el-despertar-del-caos\/#breadcrumb\",\"itemListElement\":[{\"@type\":\"ListItem\",\"position\":1,\"name\":\"Portada\",\"item\":\"https:\/\/letrame.com\/catalogo\/\"},{\"@type\":\"ListItem\",\"position\":2,\"name\":\"Cat\u00e1logo\",\"item\":\"https:\/\/letrame.com\/catalogo\/\"},{\"@type\":\"ListItem\",\"position\":3,\"name\":\"Ombres de la nit. El despertar del caos\"}]},{\"@type\":\"WebSite\",\"@id\":\"https:\/\/letrame.com\/catalogo\/#website\",\"url\":\"https:\/\/letrame.com\/catalogo\/\",\"name\":\"Catalogo | Letrame Grupo Editorial\",\"description\":\"\",\"publisher\":{\"@id\":\"https:\/\/letrame.com\/catalogo\/#organization\"},\"potentialAction\":[{\"@type\":\"SearchAction\",\"target\":{\"@type\":\"EntryPoint\",\"urlTemplate\":\"https:\/\/letrame.com\/catalogo\/?s={search_term_string}\"},\"query-input\":{\"@type\":\"PropertyValueSpecification\",\"valueRequired\":true,\"valueName\":\"search_term_string\"}}],\"inLanguage\":\"es\"},{\"@type\":\"Organization\",\"@id\":\"https:\/\/letrame.com\/catalogo\/#organization\",\"name\":\"Catalogo | Letrame Grupo Editorial\",\"url\":\"https:\/\/letrame.com\/catalogo\/\",\"logo\":{\"@type\":\"ImageObject\",\"inLanguage\":\"es\",\"@id\":\"https:\/\/letrame.com\/catalogo\/#\/schema\/logo\/image\/\",\"url\":\"https:\/\/letrame.com\/catalogo\/wp-content\/uploads\/2024\/03\/logo2.webp\",\"contentUrl\":\"https:\/\/letrame.com\/catalogo\/wp-content\/uploads\/2024\/03\/logo2.webp\",\"width\":394,\"height\":128,\"caption\":\"Catalogo | Letrame Grupo Editorial\"},\"image\":{\"@id\":\"https:\/\/letrame.com\/catalogo\/#\/schema\/logo\/image\/\"}}]}<\/script>\n<!-- \/ Yoast SEO plugin. -->","yoast_head_json":{"title":"Ombres de la nit. El despertar del caos - Catalogo | Letrame Grupo Editorial","robots":{"index":"index","follow":"follow","max-snippet":"max-snippet:-1","max-image-preview":"max-image-preview:large","max-video-preview":"max-video-preview:-1"},"canonical":"https:\/\/letrame.com\/catalogo\/producto\/ombres-de-la-nit-el-despertar-del-caos\/","og_locale":"es_ES","og_type":"article","og_title":"Ombres de la nit. El despertar del caos - Catalogo | Letrame Grupo Editorial","og_description":"ISBN:\u00a09788411819947 SINOPSIS En la vila adormida de Poblesombra, la lluna plena il\u00b7lumina una nit aparentment tranquila. No obstant aix\u00f2, en una casa antiga i abandonada, Conrad es troba amb forces sobrenaturals. Amb la descoberta, comencen a revelar-se secrets familiars obscurs, provocant la pres\u00e8ncia d'una entitat sinistra. Entre visions, ombres i misteris ancestrals, Conrad es veu enfrontat a un passat atormentat i a un futur ple d'obscuritats. Mentre les ombres prenen vida, la seva investigaci\u00f3 desenterra veritats que desafien la pr\u00f2pia naturalesa de Conrad, marcat per una maledicci\u00f3 ancestral que el vincula inexorablement a les forces ocultes que amena\u00e7aven amb despertar. Aix\u00ed comen\u00e7a una dan\u00e7a entre la realitat i les tenebres, amb Conrad decidit a desxifrar els misteris que l'envolten i a posar fi a la maledicci\u00f3 que ha perseguit la seva fam\u00edlia durant segles.","og_url":"https:\/\/letrame.com\/catalogo\/producto\/ombres-de-la-nit-el-despertar-del-caos\/","og_site_name":"Catalogo | Letrame Grupo Editorial","article_modified_time":"2024-07-03T12:10:57+00:00","og_image":[{"width":1594,"height":2303,"url":"https:\/\/letrame.com\/catalogo\/wp-content\/uploads\/2024\/04\/webp_ombresdelanit_429mm-compressed.jpg","type":"image\/jpeg"}],"twitter_card":"summary_large_image","twitter_misc":{"Tiempo de lectura":"1 minuto"},"schema":{"@context":"https:\/\/schema.org","@graph":[{"@type":"WebPage","@id":"https:\/\/letrame.com\/catalogo\/producto\/ombres-de-la-nit-el-despertar-del-caos\/","url":"https:\/\/letrame.com\/catalogo\/producto\/ombres-de-la-nit-el-despertar-del-caos\/","name":"Ombres de la nit. El despertar del caos - Catalogo | Letrame Grupo Editorial","isPartOf":{"@id":"https:\/\/letrame.com\/catalogo\/#website"},"primaryImageOfPage":{"@id":"https:\/\/letrame.com\/catalogo\/producto\/ombres-de-la-nit-el-despertar-del-caos\/#primaryimage"},"image":{"@id":"https:\/\/letrame.com\/catalogo\/producto\/ombres-de-la-nit-el-despertar-del-caos\/#primaryimage"},"thumbnailUrl":"https:\/\/letrame.com\/catalogo\/wp-content\/uploads\/2024\/04\/webp_ombresdelanit_429mm-compressed.jpg","datePublished":"2024-04-29T15:10:29+00:00","dateModified":"2024-07-03T12:10:57+00:00","breadcrumb":{"@id":"https:\/\/letrame.com\/catalogo\/producto\/ombres-de-la-nit-el-despertar-del-caos\/#breadcrumb"},"inLanguage":"es","potentialAction":[{"@type":"ReadAction","target":["https:\/\/letrame.com\/catalogo\/producto\/ombres-de-la-nit-el-despertar-del-caos\/"]}]},{"@type":"ImageObject","inLanguage":"es","@id":"https:\/\/letrame.com\/catalogo\/producto\/ombres-de-la-nit-el-despertar-del-caos\/#primaryimage","url":"https:\/\/letrame.com\/catalogo\/wp-content\/uploads\/2024\/04\/webp_ombresdelanit_429mm-compressed.jpg","contentUrl":"https:\/\/letrame.com\/catalogo\/wp-content\/uploads\/2024\/04\/webp_ombresdelanit_429mm-compressed.jpg","width":1594,"height":2303},{"@type":"BreadcrumbList","@id":"https:\/\/letrame.com\/catalogo\/producto\/ombres-de-la-nit-el-despertar-del-caos\/#breadcrumb","itemListElement":[{"@type":"ListItem","position":1,"name":"Portada","item":"https:\/\/letrame.com\/catalogo\/"},{"@type":"ListItem","position":2,"name":"Cat\u00e1logo","item":"https:\/\/letrame.com\/catalogo\/"},{"@type":"ListItem","position":3,"name":"Ombres de la nit. El despertar del caos"}]},{"@type":"WebSite","@id":"https:\/\/letrame.com\/catalogo\/#website","url":"https:\/\/letrame.com\/catalogo\/","name":"Catalogo | Letrame Grupo Editorial","description":"","publisher":{"@id":"https:\/\/letrame.com\/catalogo\/#organization"},"potentialAction":[{"@type":"SearchAction","target":{"@type":"EntryPoint","urlTemplate":"https:\/\/letrame.com\/catalogo\/?s={search_term_string}"},"query-input":{"@type":"PropertyValueSpecification","valueRequired":true,"valueName":"search_term_string"}}],"inLanguage":"es"},{"@type":"Organization","@id":"https:\/\/letrame.com\/catalogo\/#organization","name":"Catalogo | Letrame Grupo Editorial","url":"https:\/\/letrame.com\/catalogo\/","logo":{"@type":"ImageObject","inLanguage":"es","@id":"https:\/\/letrame.com\/catalogo\/#\/schema\/logo\/image\/","url":"https:\/\/letrame.com\/catalogo\/wp-content\/uploads\/2024\/03\/logo2.webp","contentUrl":"https:\/\/letrame.com\/catalogo\/wp-content\/uploads\/2024\/03\/logo2.webp","width":394,"height":128,"caption":"Catalogo | Letrame Grupo Editorial"},"image":{"@id":"https:\/\/letrame.com\/catalogo\/#\/schema\/logo\/image\/"}}]}},"_links":{"self":[{"href":"https:\/\/letrame.com\/catalogo\/wp-json\/wp\/v2\/product\/99836","targetHints":{"allow":["GET"]}}],"collection":[{"href":"https:\/\/letrame.com\/catalogo\/wp-json\/wp\/v2\/product"}],"about":[{"href":"https:\/\/letrame.com\/catalogo\/wp-json\/wp\/v2\/types\/product"}],"replies":[{"embeddable":true,"href":"https:\/\/letrame.com\/catalogo\/wp-json\/wp\/v2\/comments?post=99836"}],"acf:post":[{"embeddable":true,"href":"https:\/\/letrame.com\/catalogo\/wp-json\/wp\/v2\/author_book\/78057"}],"wp:featuredmedia":[{"embeddable":true,"href":"https:\/\/letrame.com\/catalogo\/wp-json\/wp\/v2\/media\/99837"}],"wp:attachment":[{"href":"https:\/\/letrame.com\/catalogo\/wp-json\/wp\/v2\/media?parent=99836"}],"wp:term":[{"taxonomy":"libro","embeddable":true,"href":"https:\/\/letrame.com\/catalogo\/wp-json\/wp\/v2\/libro?post=99836"},{"taxonomy":"product_brand","embeddable":true,"href":"https:\/\/letrame.com\/catalogo\/wp-json\/wp\/v2\/product_brand?post=99836"},{"taxonomy":"product_cat","embeddable":true,"href":"https:\/\/letrame.com\/catalogo\/wp-json\/wp\/v2\/product_cat?post=99836"},{"taxonomy":"product_tag","embeddable":true,"href":"https:\/\/letrame.com\/catalogo\/wp-json\/wp\/v2\/product_tag?post=99836"}],"curies":[{"name":"wp","href":"https:\/\/api.w.org\/{rel}","templated":true}]}}