{"id":99834,"date":"2024-04-29T17:10:29","date_gmt":"2024-04-29T15:10:29","guid":{"rendered":"https:\/\/letrame.com\/catalogo\/producto\/el-escuadron-de-los-alanos\/"},"modified":"2024-07-03T14:13:39","modified_gmt":"2024-07-03T12:13:39","slug":"el-escuadron-de-los-alanos","status":"publish","type":"product","link":"https:\/\/letrame.com\/catalogo\/producto\/el-escuadron-de-los-alanos\/","title":{"rendered":"El escuadr\u00f3n de los alanos"},"content":{"rendered":"<p>ISBN:\u00a09788411819725<br \/>\nT\u00edtulo:_Miguel \u00c1ngel Santamar\u00eda Meg\u00eda<br \/>\nFecha:_2024<br \/>\nP\u00e1ginas:\u00a0300<br \/>\nSINOPSIS<br \/>\nUn grupo de amigos decide alistarse en el Tercio Viejo de Sicilia para ir a combatir a Flandes. Antes de partir, tienen un percance con un esbirro de la inquisici\u00f3n, algo que les perseguir\u00e1 para siempre.<br \/>\nLos protagonistas de esta novela interact\u00faan en hechos hist\u00f3ricos muy relevantes para la historia de Espa\u00f1a y Europa: el primer Sitio de Viena, la batalla de San Quint\u00edn y la batalla de las Gravelinas, en la que se derrot\u00f3 al rey franc\u00e9s.<br \/>\nEl Escuadr\u00f3n de los Alanos es la primera parte de una trilog\u00eda en la que se habla de las aventuras y desventuras de un soldado espa\u00f1ol en Flandes y de su historia tras unirse al Tercio en su amada Cuenca para luchar contra el ej\u00e9rcito franc\u00e9s.<br \/>\nCada soldado tiene una historia, esta es la de Miguel Lobero y su escuadr\u00f3n.<\/p>\n","protected":false},"excerpt":{"rendered":"<p>ISBN:\u00a09788411819725<\/p>\n<p>SINOPSIS<br \/>\nUn grupo de amigos decide alistarse en el Tercio Viejo de Sicilia para ir a combatir a Flandes. Antes de partir, tienen un percance con un esbirro de la inquisici\u00f3n, algo que les perseguir\u00e1 para siempre.<br \/>\nLos protagonistas de esta novela interact\u00faan en hechos hist\u00f3ricos muy relevantes para la historia de Espa\u00f1a y Europa: el primer Sitio de Viena, la batalla de San Quint\u00edn y la batalla de las Gravelinas, en la que se derrot\u00f3 al rey franc\u00e9s.<br \/>\nEl Escuadr\u00f3n de los Alanos es la primera parte de una trilog\u00eda en la que se habla de las aventuras y desventuras de un soldado espa\u00f1ol en Flandes y de su historia tras unirse al Tercio en su amada Cuenca para luchar contra el ej\u00e9rcito franc\u00e9s.<br \/>\nCada soldado tiene una historia, esta es la de Miguel Lobero y su escuadr\u00f3n.<\/p>\n","protected":false},"featured_media":99835,"comment_status":"closed","ping_status":"closed","template":"","meta":{"_acf_changed":false},"libro":[],"product_brand":[],"product_cat":[62],"product_tag":[],"class_list":{"0":"post-99834","1":"product","2":"type-product","3":"status-publish","4":"has-post-thumbnail","6":"product_cat-historico","8":"first","9":"instock","10":"product-type-simple"},"acf":{"autor":[78056],"enlace_de_compra":"https:\/\/amzn.to\/3RUH6LT"},"yoast_head":"<!-- This site is optimized with the Yoast SEO plugin v26.6 - https:\/\/yoast.com\/wordpress\/plugins\/seo\/ -->\n<title>El escuadr\u00f3n de los alanos - Catalogo | Letrame Grupo Editorial<\/title>\n<meta name=\"robots\" content=\"index, follow, max-snippet:-1, max-image-preview:large, max-video-preview:-1\" \/>\n<link rel=\"canonical\" href=\"https:\/\/letrame.com\/catalogo\/producto\/el-escuadron-de-los-alanos\/\" \/>\n<meta property=\"og:locale\" content=\"es_ES\" \/>\n<meta property=\"og:type\" content=\"article\" \/>\n<meta property=\"og:title\" content=\"El escuadr\u00f3n de los alanos - Catalogo | Letrame Grupo Editorial\" \/>\n<meta property=\"og:description\" content=\"ISBN:\u00a09788411819725  SINOPSIS Un grupo de amigos decide alistarse en el Tercio Viejo de Sicilia para ir a combatir a Flandes. Antes de partir, tienen un percance con un esbirro de la inquisici\u00f3n, algo que les perseguir\u00e1 para siempre. Los protagonistas de esta novela interact\u00faan en hechos hist\u00f3ricos muy relevantes para la historia de Espa\u00f1a y Europa: el primer Sitio de Viena, la batalla de San Quint\u00edn y la batalla de las Gravelinas, en la que se derrot\u00f3 al rey franc\u00e9s. El Escuadr\u00f3n de los Alanos es la primera parte de una trilog\u00eda en la que se habla de las aventuras y desventuras de un soldado espa\u00f1ol en Flandes y de su historia tras unirse al Tercio en su amada Cuenca para luchar contra el ej\u00e9rcito franc\u00e9s. Cada soldado tiene una historia, esta es la de Miguel Lobero y su escuadr\u00f3n.\" \/>\n<meta property=\"og:url\" content=\"https:\/\/letrame.com\/catalogo\/producto\/el-escuadron-de-los-alanos\/\" \/>\n<meta property=\"og:site_name\" content=\"Catalogo | Letrame Grupo Editorial\" \/>\n<meta property=\"article:modified_time\" content=\"2024-07-03T12:13:39+00:00\" \/>\n<meta property=\"og:image\" content=\"https:\/\/letrame.com\/catalogo\/wp-content\/uploads\/2024\/04\/webp_elescuadron_1491mm-compressed-scaled-1.jpg\" \/>\n\t<meta property=\"og:image:width\" content=\"1746\" \/>\n\t<meta property=\"og:image:height\" content=\"2560\" \/>\n\t<meta property=\"og:image:type\" content=\"image\/jpeg\" \/>\n<meta name=\"twitter:card\" content=\"summary_large_image\" \/>\n<meta name=\"twitter:label1\" content=\"Tiempo de lectura\" \/>\n\t<meta name=\"twitter:data1\" content=\"1 minuto\" \/>\n<script type=\"application\/ld+json\" class=\"yoast-schema-graph\">{\"@context\":\"https:\/\/schema.org\",\"@graph\":[{\"@type\":\"WebPage\",\"@id\":\"https:\/\/letrame.com\/catalogo\/producto\/el-escuadron-de-los-alanos\/\",\"url\":\"https:\/\/letrame.com\/catalogo\/producto\/el-escuadron-de-los-alanos\/\",\"name\":\"El escuadr\u00f3n de los alanos - Catalogo | Letrame Grupo Editorial\",\"isPartOf\":{\"@id\":\"https:\/\/letrame.com\/catalogo\/#website\"},\"primaryImageOfPage\":{\"@id\":\"https:\/\/letrame.com\/catalogo\/producto\/el-escuadron-de-los-alanos\/#primaryimage\"},\"image\":{\"@id\":\"https:\/\/letrame.com\/catalogo\/producto\/el-escuadron-de-los-alanos\/#primaryimage\"},\"thumbnailUrl\":\"https:\/\/letrame.com\/catalogo\/wp-content\/uploads\/2024\/04\/webp_elescuadron_1491mm-compressed-scaled-1.jpg\",\"datePublished\":\"2024-04-29T15:10:29+00:00\",\"dateModified\":\"2024-07-03T12:13:39+00:00\",\"breadcrumb\":{\"@id\":\"https:\/\/letrame.com\/catalogo\/producto\/el-escuadron-de-los-alanos\/#breadcrumb\"},\"inLanguage\":\"es\",\"potentialAction\":[{\"@type\":\"ReadAction\",\"target\":[\"https:\/\/letrame.com\/catalogo\/producto\/el-escuadron-de-los-alanos\/\"]}]},{\"@type\":\"ImageObject\",\"inLanguage\":\"es\",\"@id\":\"https:\/\/letrame.com\/catalogo\/producto\/el-escuadron-de-los-alanos\/#primaryimage\",\"url\":\"https:\/\/letrame.com\/catalogo\/wp-content\/uploads\/2024\/04\/webp_elescuadron_1491mm-compressed-scaled-1.jpg\",\"contentUrl\":\"https:\/\/letrame.com\/catalogo\/wp-content\/uploads\/2024\/04\/webp_elescuadron_1491mm-compressed-scaled-1.jpg\",\"width\":1746,\"height\":2560},{\"@type\":\"BreadcrumbList\",\"@id\":\"https:\/\/letrame.com\/catalogo\/producto\/el-escuadron-de-los-alanos\/#breadcrumb\",\"itemListElement\":[{\"@type\":\"ListItem\",\"position\":1,\"name\":\"Portada\",\"item\":\"https:\/\/letrame.com\/catalogo\/\"},{\"@type\":\"ListItem\",\"position\":2,\"name\":\"Cat\u00e1logo\",\"item\":\"https:\/\/letrame.com\/catalogo\/\"},{\"@type\":\"ListItem\",\"position\":3,\"name\":\"El escuadr\u00f3n de los alanos\"}]},{\"@type\":\"WebSite\",\"@id\":\"https:\/\/letrame.com\/catalogo\/#website\",\"url\":\"https:\/\/letrame.com\/catalogo\/\",\"name\":\"Catalogo | Letrame Grupo Editorial\",\"description\":\"\",\"publisher\":{\"@id\":\"https:\/\/letrame.com\/catalogo\/#organization\"},\"potentialAction\":[{\"@type\":\"SearchAction\",\"target\":{\"@type\":\"EntryPoint\",\"urlTemplate\":\"https:\/\/letrame.com\/catalogo\/?s={search_term_string}\"},\"query-input\":{\"@type\":\"PropertyValueSpecification\",\"valueRequired\":true,\"valueName\":\"search_term_string\"}}],\"inLanguage\":\"es\"},{\"@type\":\"Organization\",\"@id\":\"https:\/\/letrame.com\/catalogo\/#organization\",\"name\":\"Catalogo | Letrame Grupo Editorial\",\"url\":\"https:\/\/letrame.com\/catalogo\/\",\"logo\":{\"@type\":\"ImageObject\",\"inLanguage\":\"es\",\"@id\":\"https:\/\/letrame.com\/catalogo\/#\/schema\/logo\/image\/\",\"url\":\"https:\/\/letrame.com\/catalogo\/wp-content\/uploads\/2024\/03\/logo2.webp\",\"contentUrl\":\"https:\/\/letrame.com\/catalogo\/wp-content\/uploads\/2024\/03\/logo2.webp\",\"width\":394,\"height\":128,\"caption\":\"Catalogo | Letrame Grupo Editorial\"},\"image\":{\"@id\":\"https:\/\/letrame.com\/catalogo\/#\/schema\/logo\/image\/\"}}]}<\/script>\n<!-- \/ Yoast SEO plugin. -->","yoast_head_json":{"title":"El escuadr\u00f3n de los alanos - Catalogo | Letrame Grupo Editorial","robots":{"index":"index","follow":"follow","max-snippet":"max-snippet:-1","max-image-preview":"max-image-preview:large","max-video-preview":"max-video-preview:-1"},"canonical":"https:\/\/letrame.com\/catalogo\/producto\/el-escuadron-de-los-alanos\/","og_locale":"es_ES","og_type":"article","og_title":"El escuadr\u00f3n de los alanos - Catalogo | Letrame Grupo Editorial","og_description":"ISBN:\u00a09788411819725  SINOPSIS Un grupo de amigos decide alistarse en el Tercio Viejo de Sicilia para ir a combatir a Flandes. Antes de partir, tienen un percance con un esbirro de la inquisici\u00f3n, algo que les perseguir\u00e1 para siempre. Los protagonistas de esta novela interact\u00faan en hechos hist\u00f3ricos muy relevantes para la historia de Espa\u00f1a y Europa: el primer Sitio de Viena, la batalla de San Quint\u00edn y la batalla de las Gravelinas, en la que se derrot\u00f3 al rey franc\u00e9s. El Escuadr\u00f3n de los Alanos es la primera parte de una trilog\u00eda en la que se habla de las aventuras y desventuras de un soldado espa\u00f1ol en Flandes y de su historia tras unirse al Tercio en su amada Cuenca para luchar contra el ej\u00e9rcito franc\u00e9s. Cada soldado tiene una historia, esta es la de Miguel Lobero y su escuadr\u00f3n.","og_url":"https:\/\/letrame.com\/catalogo\/producto\/el-escuadron-de-los-alanos\/","og_site_name":"Catalogo | Letrame Grupo Editorial","article_modified_time":"2024-07-03T12:13:39+00:00","og_image":[{"width":1746,"height":2560,"url":"https:\/\/letrame.com\/catalogo\/wp-content\/uploads\/2024\/04\/webp_elescuadron_1491mm-compressed-scaled-1.jpg","type":"image\/jpeg"}],"twitter_card":"summary_large_image","twitter_misc":{"Tiempo de lectura":"1 minuto"},"schema":{"@context":"https:\/\/schema.org","@graph":[{"@type":"WebPage","@id":"https:\/\/letrame.com\/catalogo\/producto\/el-escuadron-de-los-alanos\/","url":"https:\/\/letrame.com\/catalogo\/producto\/el-escuadron-de-los-alanos\/","name":"El escuadr\u00f3n de los alanos - Catalogo | Letrame Grupo Editorial","isPartOf":{"@id":"https:\/\/letrame.com\/catalogo\/#website"},"primaryImageOfPage":{"@id":"https:\/\/letrame.com\/catalogo\/producto\/el-escuadron-de-los-alanos\/#primaryimage"},"image":{"@id":"https:\/\/letrame.com\/catalogo\/producto\/el-escuadron-de-los-alanos\/#primaryimage"},"thumbnailUrl":"https:\/\/letrame.com\/catalogo\/wp-content\/uploads\/2024\/04\/webp_elescuadron_1491mm-compressed-scaled-1.jpg","datePublished":"2024-04-29T15:10:29+00:00","dateModified":"2024-07-03T12:13:39+00:00","breadcrumb":{"@id":"https:\/\/letrame.com\/catalogo\/producto\/el-escuadron-de-los-alanos\/#breadcrumb"},"inLanguage":"es","potentialAction":[{"@type":"ReadAction","target":["https:\/\/letrame.com\/catalogo\/producto\/el-escuadron-de-los-alanos\/"]}]},{"@type":"ImageObject","inLanguage":"es","@id":"https:\/\/letrame.com\/catalogo\/producto\/el-escuadron-de-los-alanos\/#primaryimage","url":"https:\/\/letrame.com\/catalogo\/wp-content\/uploads\/2024\/04\/webp_elescuadron_1491mm-compressed-scaled-1.jpg","contentUrl":"https:\/\/letrame.com\/catalogo\/wp-content\/uploads\/2024\/04\/webp_elescuadron_1491mm-compressed-scaled-1.jpg","width":1746,"height":2560},{"@type":"BreadcrumbList","@id":"https:\/\/letrame.com\/catalogo\/producto\/el-escuadron-de-los-alanos\/#breadcrumb","itemListElement":[{"@type":"ListItem","position":1,"name":"Portada","item":"https:\/\/letrame.com\/catalogo\/"},{"@type":"ListItem","position":2,"name":"Cat\u00e1logo","item":"https:\/\/letrame.com\/catalogo\/"},{"@type":"ListItem","position":3,"name":"El escuadr\u00f3n de los alanos"}]},{"@type":"WebSite","@id":"https:\/\/letrame.com\/catalogo\/#website","url":"https:\/\/letrame.com\/catalogo\/","name":"Catalogo | Letrame Grupo Editorial","description":"","publisher":{"@id":"https:\/\/letrame.com\/catalogo\/#organization"},"potentialAction":[{"@type":"SearchAction","target":{"@type":"EntryPoint","urlTemplate":"https:\/\/letrame.com\/catalogo\/?s={search_term_string}"},"query-input":{"@type":"PropertyValueSpecification","valueRequired":true,"valueName":"search_term_string"}}],"inLanguage":"es"},{"@type":"Organization","@id":"https:\/\/letrame.com\/catalogo\/#organization","name":"Catalogo | Letrame Grupo Editorial","url":"https:\/\/letrame.com\/catalogo\/","logo":{"@type":"ImageObject","inLanguage":"es","@id":"https:\/\/letrame.com\/catalogo\/#\/schema\/logo\/image\/","url":"https:\/\/letrame.com\/catalogo\/wp-content\/uploads\/2024\/03\/logo2.webp","contentUrl":"https:\/\/letrame.com\/catalogo\/wp-content\/uploads\/2024\/03\/logo2.webp","width":394,"height":128,"caption":"Catalogo | Letrame Grupo Editorial"},"image":{"@id":"https:\/\/letrame.com\/catalogo\/#\/schema\/logo\/image\/"}}]}},"_links":{"self":[{"href":"https:\/\/letrame.com\/catalogo\/wp-json\/wp\/v2\/product\/99834","targetHints":{"allow":["GET"]}}],"collection":[{"href":"https:\/\/letrame.com\/catalogo\/wp-json\/wp\/v2\/product"}],"about":[{"href":"https:\/\/letrame.com\/catalogo\/wp-json\/wp\/v2\/types\/product"}],"replies":[{"embeddable":true,"href":"https:\/\/letrame.com\/catalogo\/wp-json\/wp\/v2\/comments?post=99834"}],"acf:post":[{"embeddable":true,"href":"https:\/\/letrame.com\/catalogo\/wp-json\/wp\/v2\/author_book\/78056"}],"wp:featuredmedia":[{"embeddable":true,"href":"https:\/\/letrame.com\/catalogo\/wp-json\/wp\/v2\/media\/99835"}],"wp:attachment":[{"href":"https:\/\/letrame.com\/catalogo\/wp-json\/wp\/v2\/media?parent=99834"}],"wp:term":[{"taxonomy":"libro","embeddable":true,"href":"https:\/\/letrame.com\/catalogo\/wp-json\/wp\/v2\/libro?post=99834"},{"taxonomy":"product_brand","embeddable":true,"href":"https:\/\/letrame.com\/catalogo\/wp-json\/wp\/v2\/product_brand?post=99834"},{"taxonomy":"product_cat","embeddable":true,"href":"https:\/\/letrame.com\/catalogo\/wp-json\/wp\/v2\/product_cat?post=99834"},{"taxonomy":"product_tag","embeddable":true,"href":"https:\/\/letrame.com\/catalogo\/wp-json\/wp\/v2\/product_tag?post=99834"}],"curies":[{"name":"wp","href":"https:\/\/api.w.org\/{rel}","templated":true}]}}