{"id":99828,"date":"2024-04-29T17:09:40","date_gmt":"2024-04-29T15:09:40","guid":{"rendered":"https:\/\/letrame.com\/catalogo\/producto\/cuando-la-nostalgia-no-te-deje-dormir\/"},"modified":"2024-07-03T14:14:59","modified_gmt":"2024-07-03T12:14:59","slug":"cuando-la-nostalgia-no-te-deje-dormir","status":"publish","type":"product","link":"https:\/\/letrame.com\/catalogo\/producto\/cuando-la-nostalgia-no-te-deje-dormir\/","title":{"rendered":"Cuando la nostalgia no te deje dormir"},"content":{"rendered":"<p>ISBN:\u00a09788411817943<br \/>\nT\u00edtulo:_Cuando la nostalgia no te deje dormir<br \/>\nFecha:_2024<br \/>\nP\u00e1ginas:\u00a048<br \/>\nSINOPSIS<br \/>\nEste libro es la delicadeza de las cosas, la constante sensaci\u00f3n de evitar romperse, de hacerlo y de reconstruirse, de ese ciclo incomprensible, rocoso, pero irremediablemente necesario que conlleva el amar.<br \/>\nVa sobre los miedos, lo mutuo, los saltos al vac\u00edo, los trazos de las primeras veces.<br \/>\nNos habla de mis desesperantes y pasadas monta\u00f1as rusas, sobre que era vital que sucedieran, sobre que montarse supone innumerables emociones.<br \/>\nDe eso trata mi libro,<br \/>\nde querer tan inmensamente como el mar,<br \/>\nporque, verdaderamente, es lo \u00fanico que s\u00e9 hacer,<br \/>\ny lo \u00fanico que un d\u00eda querr\u00e9 recordar.<\/p>\n","protected":false},"excerpt":{"rendered":"<p>ISBN:\u00a09788411817943<\/p>\n<p>SINOPSIS<br \/>\nEste libro es la delicadeza de las cosas, la constante sensaci\u00f3n de evitar romperse, de hacerlo y de reconstruirse, de ese ciclo incomprensible, rocoso, pero irremediablemente necesario que conlleva el amar.<br \/>\nVa sobre los miedos, lo mutuo, los saltos al vac\u00edo, los trazos de las primeras veces.<br \/>\nNos habla de mis desesperantes y pasadas monta\u00f1as rusas, sobre que era vital que sucedieran, sobre que montarse supone innumerables emociones.<br \/>\nDe eso trata mi libro,<br \/>\nde querer tan inmensamente como el mar,<br \/>\nporque, verdaderamente, es lo \u00fanico que s\u00e9 hacer,<br \/>\ny lo \u00fanico que un d\u00eda querr\u00e9 recordar.<\/p>\n","protected":false},"featured_media":99829,"comment_status":"closed","ping_status":"closed","template":"","meta":{"_acf_changed":false},"libro":[],"product_brand":[],"product_cat":[23],"product_tag":[],"class_list":{"0":"post-99828","1":"product","2":"type-product","3":"status-publish","4":"has-post-thumbnail","6":"product_cat-ensayos","8":"first","9":"instock","10":"product-type-simple"},"acf":{"autor":[78053],"enlace_de_compra":"https:\/\/amzn.to\/45N5cxL"},"yoast_head":"<!-- This site is optimized with the Yoast SEO plugin v26.6 - https:\/\/yoast.com\/wordpress\/plugins\/seo\/ -->\n<title>Cuando la nostalgia no te deje dormir - Catalogo | Letrame Grupo Editorial<\/title>\n<meta name=\"robots\" content=\"index, follow, max-snippet:-1, max-image-preview:large, max-video-preview:-1\" \/>\n<link rel=\"canonical\" href=\"https:\/\/letrame.com\/catalogo\/producto\/cuando-la-nostalgia-no-te-deje-dormir\/\" \/>\n<meta property=\"og:locale\" content=\"es_ES\" \/>\n<meta property=\"og:type\" content=\"article\" \/>\n<meta property=\"og:title\" content=\"Cuando la nostalgia no te deje dormir - Catalogo | Letrame Grupo Editorial\" \/>\n<meta property=\"og:description\" content=\"ISBN:\u00a09788411817943  SINOPSIS Este libro es la delicadeza de las cosas, la constante sensaci\u00f3n de evitar romperse, de hacerlo y de reconstruirse, de ese ciclo incomprensible, rocoso, pero irremediablemente necesario que conlleva el amar. Va sobre los miedos, lo mutuo, los saltos al vac\u00edo, los trazos de las primeras veces. Nos habla de mis desesperantes y pasadas monta\u00f1as rusas, sobre que era vital que sucedieran, sobre que montarse supone innumerables emociones. De eso trata mi libro, de querer tan inmensamente como el mar, porque, verdaderamente, es lo \u00fanico que s\u00e9 hacer, y lo \u00fanico que un d\u00eda querr\u00e9 recordar.\" \/>\n<meta property=\"og:url\" content=\"https:\/\/letrame.com\/catalogo\/producto\/cuando-la-nostalgia-no-te-deje-dormir\/\" \/>\n<meta property=\"og:site_name\" content=\"Catalogo | Letrame Grupo Editorial\" \/>\n<meta property=\"article:modified_time\" content=\"2024-07-03T12:14:59+00:00\" \/>\n<meta property=\"og:image\" content=\"https:\/\/letrame.com\/catalogo\/wp-content\/uploads\/2024\/04\/webp_cuandolasnostalgia_315mm-compressed.jpg\" \/>\n\t<meta property=\"og:image:width\" content=\"1594\" \/>\n\t<meta property=\"og:image:height\" content=\"2303\" \/>\n\t<meta property=\"og:image:type\" content=\"image\/jpeg\" \/>\n<meta name=\"twitter:card\" content=\"summary_large_image\" \/>\n<meta name=\"twitter:label1\" content=\"Tiempo de lectura\" \/>\n\t<meta name=\"twitter:data1\" content=\"1 minuto\" \/>\n<script type=\"application\/ld+json\" class=\"yoast-schema-graph\">{\"@context\":\"https:\/\/schema.org\",\"@graph\":[{\"@type\":\"WebPage\",\"@id\":\"https:\/\/letrame.com\/catalogo\/producto\/cuando-la-nostalgia-no-te-deje-dormir\/\",\"url\":\"https:\/\/letrame.com\/catalogo\/producto\/cuando-la-nostalgia-no-te-deje-dormir\/\",\"name\":\"Cuando la nostalgia no te deje dormir - Catalogo | Letrame Grupo Editorial\",\"isPartOf\":{\"@id\":\"https:\/\/letrame.com\/catalogo\/#website\"},\"primaryImageOfPage\":{\"@id\":\"https:\/\/letrame.com\/catalogo\/producto\/cuando-la-nostalgia-no-te-deje-dormir\/#primaryimage\"},\"image\":{\"@id\":\"https:\/\/letrame.com\/catalogo\/producto\/cuando-la-nostalgia-no-te-deje-dormir\/#primaryimage\"},\"thumbnailUrl\":\"https:\/\/letrame.com\/catalogo\/wp-content\/uploads\/2024\/04\/webp_cuandolasnostalgia_315mm-compressed.jpg\",\"datePublished\":\"2024-04-29T15:09:40+00:00\",\"dateModified\":\"2024-07-03T12:14:59+00:00\",\"breadcrumb\":{\"@id\":\"https:\/\/letrame.com\/catalogo\/producto\/cuando-la-nostalgia-no-te-deje-dormir\/#breadcrumb\"},\"inLanguage\":\"es\",\"potentialAction\":[{\"@type\":\"ReadAction\",\"target\":[\"https:\/\/letrame.com\/catalogo\/producto\/cuando-la-nostalgia-no-te-deje-dormir\/\"]}]},{\"@type\":\"ImageObject\",\"inLanguage\":\"es\",\"@id\":\"https:\/\/letrame.com\/catalogo\/producto\/cuando-la-nostalgia-no-te-deje-dormir\/#primaryimage\",\"url\":\"https:\/\/letrame.com\/catalogo\/wp-content\/uploads\/2024\/04\/webp_cuandolasnostalgia_315mm-compressed.jpg\",\"contentUrl\":\"https:\/\/letrame.com\/catalogo\/wp-content\/uploads\/2024\/04\/webp_cuandolasnostalgia_315mm-compressed.jpg\",\"width\":1594,\"height\":2303},{\"@type\":\"BreadcrumbList\",\"@id\":\"https:\/\/letrame.com\/catalogo\/producto\/cuando-la-nostalgia-no-te-deje-dormir\/#breadcrumb\",\"itemListElement\":[{\"@type\":\"ListItem\",\"position\":1,\"name\":\"Portada\",\"item\":\"https:\/\/letrame.com\/catalogo\/\"},{\"@type\":\"ListItem\",\"position\":2,\"name\":\"Cat\u00e1logo\",\"item\":\"https:\/\/letrame.com\/catalogo\/\"},{\"@type\":\"ListItem\",\"position\":3,\"name\":\"Cuando la nostalgia no te deje dormir\"}]},{\"@type\":\"WebSite\",\"@id\":\"https:\/\/letrame.com\/catalogo\/#website\",\"url\":\"https:\/\/letrame.com\/catalogo\/\",\"name\":\"Catalogo | Letrame Grupo Editorial\",\"description\":\"\",\"publisher\":{\"@id\":\"https:\/\/letrame.com\/catalogo\/#organization\"},\"potentialAction\":[{\"@type\":\"SearchAction\",\"target\":{\"@type\":\"EntryPoint\",\"urlTemplate\":\"https:\/\/letrame.com\/catalogo\/?s={search_term_string}\"},\"query-input\":{\"@type\":\"PropertyValueSpecification\",\"valueRequired\":true,\"valueName\":\"search_term_string\"}}],\"inLanguage\":\"es\"},{\"@type\":\"Organization\",\"@id\":\"https:\/\/letrame.com\/catalogo\/#organization\",\"name\":\"Catalogo | Letrame Grupo Editorial\",\"url\":\"https:\/\/letrame.com\/catalogo\/\",\"logo\":{\"@type\":\"ImageObject\",\"inLanguage\":\"es\",\"@id\":\"https:\/\/letrame.com\/catalogo\/#\/schema\/logo\/image\/\",\"url\":\"https:\/\/letrame.com\/catalogo\/wp-content\/uploads\/2024\/03\/logo2.webp\",\"contentUrl\":\"https:\/\/letrame.com\/catalogo\/wp-content\/uploads\/2024\/03\/logo2.webp\",\"width\":394,\"height\":128,\"caption\":\"Catalogo | Letrame Grupo Editorial\"},\"image\":{\"@id\":\"https:\/\/letrame.com\/catalogo\/#\/schema\/logo\/image\/\"}}]}<\/script>\n<!-- \/ Yoast SEO plugin. -->","yoast_head_json":{"title":"Cuando la nostalgia no te deje dormir - Catalogo | Letrame Grupo Editorial","robots":{"index":"index","follow":"follow","max-snippet":"max-snippet:-1","max-image-preview":"max-image-preview:large","max-video-preview":"max-video-preview:-1"},"canonical":"https:\/\/letrame.com\/catalogo\/producto\/cuando-la-nostalgia-no-te-deje-dormir\/","og_locale":"es_ES","og_type":"article","og_title":"Cuando la nostalgia no te deje dormir - Catalogo | Letrame Grupo Editorial","og_description":"ISBN:\u00a09788411817943  SINOPSIS Este libro es la delicadeza de las cosas, la constante sensaci\u00f3n de evitar romperse, de hacerlo y de reconstruirse, de ese ciclo incomprensible, rocoso, pero irremediablemente necesario que conlleva el amar. Va sobre los miedos, lo mutuo, los saltos al vac\u00edo, los trazos de las primeras veces. Nos habla de mis desesperantes y pasadas monta\u00f1as rusas, sobre que era vital que sucedieran, sobre que montarse supone innumerables emociones. De eso trata mi libro, de querer tan inmensamente como el mar, porque, verdaderamente, es lo \u00fanico que s\u00e9 hacer, y lo \u00fanico que un d\u00eda querr\u00e9 recordar.","og_url":"https:\/\/letrame.com\/catalogo\/producto\/cuando-la-nostalgia-no-te-deje-dormir\/","og_site_name":"Catalogo | Letrame Grupo Editorial","article_modified_time":"2024-07-03T12:14:59+00:00","og_image":[{"width":1594,"height":2303,"url":"https:\/\/letrame.com\/catalogo\/wp-content\/uploads\/2024\/04\/webp_cuandolasnostalgia_315mm-compressed.jpg","type":"image\/jpeg"}],"twitter_card":"summary_large_image","twitter_misc":{"Tiempo de lectura":"1 minuto"},"schema":{"@context":"https:\/\/schema.org","@graph":[{"@type":"WebPage","@id":"https:\/\/letrame.com\/catalogo\/producto\/cuando-la-nostalgia-no-te-deje-dormir\/","url":"https:\/\/letrame.com\/catalogo\/producto\/cuando-la-nostalgia-no-te-deje-dormir\/","name":"Cuando la nostalgia no te deje dormir - Catalogo | Letrame Grupo Editorial","isPartOf":{"@id":"https:\/\/letrame.com\/catalogo\/#website"},"primaryImageOfPage":{"@id":"https:\/\/letrame.com\/catalogo\/producto\/cuando-la-nostalgia-no-te-deje-dormir\/#primaryimage"},"image":{"@id":"https:\/\/letrame.com\/catalogo\/producto\/cuando-la-nostalgia-no-te-deje-dormir\/#primaryimage"},"thumbnailUrl":"https:\/\/letrame.com\/catalogo\/wp-content\/uploads\/2024\/04\/webp_cuandolasnostalgia_315mm-compressed.jpg","datePublished":"2024-04-29T15:09:40+00:00","dateModified":"2024-07-03T12:14:59+00:00","breadcrumb":{"@id":"https:\/\/letrame.com\/catalogo\/producto\/cuando-la-nostalgia-no-te-deje-dormir\/#breadcrumb"},"inLanguage":"es","potentialAction":[{"@type":"ReadAction","target":["https:\/\/letrame.com\/catalogo\/producto\/cuando-la-nostalgia-no-te-deje-dormir\/"]}]},{"@type":"ImageObject","inLanguage":"es","@id":"https:\/\/letrame.com\/catalogo\/producto\/cuando-la-nostalgia-no-te-deje-dormir\/#primaryimage","url":"https:\/\/letrame.com\/catalogo\/wp-content\/uploads\/2024\/04\/webp_cuandolasnostalgia_315mm-compressed.jpg","contentUrl":"https:\/\/letrame.com\/catalogo\/wp-content\/uploads\/2024\/04\/webp_cuandolasnostalgia_315mm-compressed.jpg","width":1594,"height":2303},{"@type":"BreadcrumbList","@id":"https:\/\/letrame.com\/catalogo\/producto\/cuando-la-nostalgia-no-te-deje-dormir\/#breadcrumb","itemListElement":[{"@type":"ListItem","position":1,"name":"Portada","item":"https:\/\/letrame.com\/catalogo\/"},{"@type":"ListItem","position":2,"name":"Cat\u00e1logo","item":"https:\/\/letrame.com\/catalogo\/"},{"@type":"ListItem","position":3,"name":"Cuando la nostalgia no te deje dormir"}]},{"@type":"WebSite","@id":"https:\/\/letrame.com\/catalogo\/#website","url":"https:\/\/letrame.com\/catalogo\/","name":"Catalogo | Letrame Grupo Editorial","description":"","publisher":{"@id":"https:\/\/letrame.com\/catalogo\/#organization"},"potentialAction":[{"@type":"SearchAction","target":{"@type":"EntryPoint","urlTemplate":"https:\/\/letrame.com\/catalogo\/?s={search_term_string}"},"query-input":{"@type":"PropertyValueSpecification","valueRequired":true,"valueName":"search_term_string"}}],"inLanguage":"es"},{"@type":"Organization","@id":"https:\/\/letrame.com\/catalogo\/#organization","name":"Catalogo | Letrame Grupo Editorial","url":"https:\/\/letrame.com\/catalogo\/","logo":{"@type":"ImageObject","inLanguage":"es","@id":"https:\/\/letrame.com\/catalogo\/#\/schema\/logo\/image\/","url":"https:\/\/letrame.com\/catalogo\/wp-content\/uploads\/2024\/03\/logo2.webp","contentUrl":"https:\/\/letrame.com\/catalogo\/wp-content\/uploads\/2024\/03\/logo2.webp","width":394,"height":128,"caption":"Catalogo | Letrame Grupo Editorial"},"image":{"@id":"https:\/\/letrame.com\/catalogo\/#\/schema\/logo\/image\/"}}]}},"_links":{"self":[{"href":"https:\/\/letrame.com\/catalogo\/wp-json\/wp\/v2\/product\/99828","targetHints":{"allow":["GET"]}}],"collection":[{"href":"https:\/\/letrame.com\/catalogo\/wp-json\/wp\/v2\/product"}],"about":[{"href":"https:\/\/letrame.com\/catalogo\/wp-json\/wp\/v2\/types\/product"}],"replies":[{"embeddable":true,"href":"https:\/\/letrame.com\/catalogo\/wp-json\/wp\/v2\/comments?post=99828"}],"acf:post":[{"embeddable":true,"href":"https:\/\/letrame.com\/catalogo\/wp-json\/wp\/v2\/author_book\/78053"}],"wp:featuredmedia":[{"embeddable":true,"href":"https:\/\/letrame.com\/catalogo\/wp-json\/wp\/v2\/media\/99829"}],"wp:attachment":[{"href":"https:\/\/letrame.com\/catalogo\/wp-json\/wp\/v2\/media?parent=99828"}],"wp:term":[{"taxonomy":"libro","embeddable":true,"href":"https:\/\/letrame.com\/catalogo\/wp-json\/wp\/v2\/libro?post=99828"},{"taxonomy":"product_brand","embeddable":true,"href":"https:\/\/letrame.com\/catalogo\/wp-json\/wp\/v2\/product_brand?post=99828"},{"taxonomy":"product_cat","embeddable":true,"href":"https:\/\/letrame.com\/catalogo\/wp-json\/wp\/v2\/product_cat?post=99828"},{"taxonomy":"product_tag","embeddable":true,"href":"https:\/\/letrame.com\/catalogo\/wp-json\/wp\/v2\/product_tag?post=99828"}],"curies":[{"name":"wp","href":"https:\/\/api.w.org\/{rel}","templated":true}]}}