{"id":99826,"date":"2024-04-29T17:09:40","date_gmt":"2024-04-29T15:09:40","guid":{"rendered":"https:\/\/letrame.com\/catalogo\/producto\/mr-maverick-y-las-127-leyes-del-business\/"},"modified":"2024-04-29T17:09:40","modified_gmt":"2024-04-29T15:09:40","slug":"mr-maverick-y-las-127-leyes-del-business","status":"publish","type":"product","link":"https:\/\/letrame.com\/catalogo\/producto\/mr-maverick-y-las-127-leyes-del-business\/","title":{"rendered":"Mr. Maverick y las 127 leyes del business"},"content":{"rendered":"<p>ISBN:\u00a09788411819480<br \/>\nT\u00edtulo:_Mr. Maverick y las 127 leyes del business<br \/>\nFecha:_2024<br \/>\nP\u00e1ginas:\u00a0336<br \/>\nSINOPSIS<br \/>\n\u00a1Bienvenidos al fascinante mundo de Mr. Maverick! Aqu\u00ed no encontrar\u00e1s a un hombre com\u00fan, pero s\u00ed descubrir\u00e1s sus brillantes creaciones, ideas y experiencias. Sum\u00e9rgete en las 127 leyes de los negocios, seleccionadas con esmero por Mr. Maverick, quien encontr\u00f3 la magia en este n\u00famero. Desde liderazgo hasta costes, branding audaz, innovaci\u00f3n, creatividad y m\u00e1s, cada p\u00e1gina destila la sabidur\u00eda \u00fanica de este intr\u00e9pido pensador.<\/p>\n<p>Estas leyes no son solo palabras; son p\u00edldoras de sabidur\u00eda, breves y llenas de utilidad elevada. Este libro no es solo para managers, es para todos, porque la visi\u00f3n de Mr. Maverick trasciende sectores, segmentos y marcas. Incluso si crees que ya sabes mucho, encontrar\u00e1s nuevas perspectivas. Es un viaje que abarca desde las grandes empresas hasta las personas comunes, todos pueden beneficiarse.<\/p>\n<p>As\u00ed que, prep\u00e1rate para explorar los destellos centelleantes en el universo empresarial. La primera ley te espera, listo para desencadenar una cascada de conocimiento fresco y \u00e1gil. \u00a1Adelante, \u00fanete a Mr. Maverick en este emocionante viaje!<\/p>\n","protected":false},"excerpt":{"rendered":"<p>ISBN:\u00a09788411819480<\/p>\n<p>SINOPSIS<br \/>\n\u00a1Bienvenidos al fascinante mundo de Mr. Maverick! Aqu\u00ed no encontrar\u00e1s a un hombre com\u00fan, pero s\u00ed descubrir\u00e1s sus brillantes creaciones, ideas y experiencias. Sum\u00e9rgete en las 127 leyes de los negocios, seleccionadas con esmero por Mr. Maverick, quien encontr\u00f3 la magia en este n\u00famero. Desde liderazgo hasta costes, branding audaz, innovaci\u00f3n, creatividad y m\u00e1s, cada p\u00e1gina destila la sabidur\u00eda \u00fanica de este intr\u00e9pido pensador.<\/p>\n<p>Estas leyes no son solo palabras; son p\u00edldoras de sabidur\u00eda, breves y llenas de utilidad elevada. Este libro no es solo para managers, es para todos, porque la visi\u00f3n de Mr. Maverick trasciende sectores, segmentos y marcas. Incluso si crees que ya sabes mucho, encontrar\u00e1s nuevas perspectivas. Es un viaje que abarca desde las grandes empresas hasta las personas comunes, todos pueden beneficiarse.<\/p>\n<p>As\u00ed que, prep\u00e1rate para explorar los destellos centelleantes en el universo empresarial. La primera ley te espera, listo para desencadenar una cascada de conocimiento fresco y \u00e1gil. \u00a1Adelante, \u00fanete a Mr. Maverick en este emocionante viaje!<\/p>\n","protected":false},"featured_media":99827,"comment_status":"closed","ping_status":"open","template":"","meta":{"_acf_changed":false},"libro":[],"product_brand":[],"product_cat":[40],"product_tag":[],"class_list":{"0":"post-99826","1":"product","2":"type-product","3":"status-publish","4":"has-post-thumbnail","6":"product_cat-economia","8":"first","9":"instock","10":"product-type-simple"},"acf":{"autor":[76392],"enlace_de_compra":"https:\/\/www.casadellibro.com\/libro-mr-maverick-y-las-127-leyes-del-business\/9788411819480\/15929394?gclid=CjwKCAjwtqmwBhBVEiwAL-WAYRH3qq9RNZDja348otQcVUBijbnDT3WVRZeOyYllzhqR7i4eHy8R_hoCl0AQAvD_BwE"},"yoast_head":"<!-- This site is optimized with the Yoast SEO plugin v26.6 - https:\/\/yoast.com\/wordpress\/plugins\/seo\/ -->\n<title>Mr. Maverick y las 127 leyes del business - Catalogo | Letrame Grupo Editorial<\/title>\n<meta name=\"robots\" content=\"index, follow, max-snippet:-1, max-image-preview:large, max-video-preview:-1\" \/>\n<link rel=\"canonical\" href=\"https:\/\/letrame.com\/catalogo\/producto\/mr-maverick-y-las-127-leyes-del-business\/\" \/>\n<meta property=\"og:locale\" content=\"es_ES\" \/>\n<meta property=\"og:type\" content=\"article\" \/>\n<meta property=\"og:title\" content=\"Mr. Maverick y las 127 leyes del business - Catalogo | Letrame Grupo Editorial\" \/>\n<meta property=\"og:description\" content=\"ISBN:\u00a09788411819480 SINOPSIS \u00a1Bienvenidos al fascinante mundo de Mr. Maverick! Aqu\u00ed no encontrar\u00e1s a un hombre com\u00fan, pero s\u00ed descubrir\u00e1s sus brillantes creaciones, ideas y experiencias. Sum\u00e9rgete en las 127 leyes de los negocios, seleccionadas con esmero por Mr. Maverick, quien encontr\u00f3 la magia en este n\u00famero. Desde liderazgo hasta costes, branding audaz, innovaci\u00f3n, creatividad y m\u00e1s, cada p\u00e1gina destila la sabidur\u00eda \u00fanica de este intr\u00e9pido pensador. Estas leyes no son solo palabras; son p\u00edldoras de sabidur\u00eda, breves y llenas de utilidad elevada. Este libro no es solo para managers, es para todos, porque la visi\u00f3n de Mr. Maverick trasciende sectores, segmentos y marcas. Incluso si crees que ya sabes mucho, encontrar\u00e1s nuevas perspectivas. Es un viaje que abarca desde las grandes empresas hasta las personas comunes, todos pueden beneficiarse. As\u00ed que, prep\u00e1rate para explorar los destellos centelleantes en el universo empresarial. La primera ley te espera, listo para desencadenar una cascada de conocimiento fresco y \u00e1gil. \u00a1Adelante, \u00fanete a Mr. Maverick en este emocionante viaje!\" \/>\n<meta property=\"og:url\" content=\"https:\/\/letrame.com\/catalogo\/producto\/mr-maverick-y-las-127-leyes-del-business\/\" \/>\n<meta property=\"og:site_name\" content=\"Catalogo | Letrame Grupo Editorial\" \/>\n<meta property=\"og:image\" content=\"https:\/\/letrame.com\/catalogo\/wp-content\/uploads\/2024\/04\/webp_mr-compressed-scaled-1.jpg\" \/>\n\t<meta property=\"og:image:width\" content=\"1746\" \/>\n\t<meta property=\"og:image:height\" content=\"2560\" \/>\n\t<meta property=\"og:image:type\" content=\"image\/jpeg\" \/>\n<meta name=\"twitter:card\" content=\"summary_large_image\" \/>\n<meta name=\"twitter:label1\" content=\"Tiempo de lectura\" \/>\n\t<meta name=\"twitter:data1\" content=\"1 minuto\" \/>\n<script type=\"application\/ld+json\" class=\"yoast-schema-graph\">{\"@context\":\"https:\/\/schema.org\",\"@graph\":[{\"@type\":\"WebPage\",\"@id\":\"https:\/\/letrame.com\/catalogo\/producto\/mr-maverick-y-las-127-leyes-del-business\/\",\"url\":\"https:\/\/letrame.com\/catalogo\/producto\/mr-maverick-y-las-127-leyes-del-business\/\",\"name\":\"Mr. Maverick y las 127 leyes del business - Catalogo | Letrame Grupo Editorial\",\"isPartOf\":{\"@id\":\"https:\/\/letrame.com\/catalogo\/#website\"},\"primaryImageOfPage\":{\"@id\":\"https:\/\/letrame.com\/catalogo\/producto\/mr-maverick-y-las-127-leyes-del-business\/#primaryimage\"},\"image\":{\"@id\":\"https:\/\/letrame.com\/catalogo\/producto\/mr-maverick-y-las-127-leyes-del-business\/#primaryimage\"},\"thumbnailUrl\":\"https:\/\/letrame.com\/catalogo\/wp-content\/uploads\/2024\/04\/webp_mr-compressed-scaled-1.jpg\",\"datePublished\":\"2024-04-29T15:09:40+00:00\",\"breadcrumb\":{\"@id\":\"https:\/\/letrame.com\/catalogo\/producto\/mr-maverick-y-las-127-leyes-del-business\/#breadcrumb\"},\"inLanguage\":\"es\",\"potentialAction\":[{\"@type\":\"ReadAction\",\"target\":[\"https:\/\/letrame.com\/catalogo\/producto\/mr-maverick-y-las-127-leyes-del-business\/\"]}]},{\"@type\":\"ImageObject\",\"inLanguage\":\"es\",\"@id\":\"https:\/\/letrame.com\/catalogo\/producto\/mr-maverick-y-las-127-leyes-del-business\/#primaryimage\",\"url\":\"https:\/\/letrame.com\/catalogo\/wp-content\/uploads\/2024\/04\/webp_mr-compressed-scaled-1.jpg\",\"contentUrl\":\"https:\/\/letrame.com\/catalogo\/wp-content\/uploads\/2024\/04\/webp_mr-compressed-scaled-1.jpg\",\"width\":1746,\"height\":2560},{\"@type\":\"BreadcrumbList\",\"@id\":\"https:\/\/letrame.com\/catalogo\/producto\/mr-maverick-y-las-127-leyes-del-business\/#breadcrumb\",\"itemListElement\":[{\"@type\":\"ListItem\",\"position\":1,\"name\":\"Portada\",\"item\":\"https:\/\/letrame.com\/catalogo\/\"},{\"@type\":\"ListItem\",\"position\":2,\"name\":\"Cat\u00e1logo\",\"item\":\"https:\/\/letrame.com\/catalogo\/\"},{\"@type\":\"ListItem\",\"position\":3,\"name\":\"Mr. Maverick y las 127 leyes del business\"}]},{\"@type\":\"WebSite\",\"@id\":\"https:\/\/letrame.com\/catalogo\/#website\",\"url\":\"https:\/\/letrame.com\/catalogo\/\",\"name\":\"Catalogo | Letrame Grupo Editorial\",\"description\":\"\",\"publisher\":{\"@id\":\"https:\/\/letrame.com\/catalogo\/#organization\"},\"potentialAction\":[{\"@type\":\"SearchAction\",\"target\":{\"@type\":\"EntryPoint\",\"urlTemplate\":\"https:\/\/letrame.com\/catalogo\/?s={search_term_string}\"},\"query-input\":{\"@type\":\"PropertyValueSpecification\",\"valueRequired\":true,\"valueName\":\"search_term_string\"}}],\"inLanguage\":\"es\"},{\"@type\":\"Organization\",\"@id\":\"https:\/\/letrame.com\/catalogo\/#organization\",\"name\":\"Catalogo | Letrame Grupo Editorial\",\"url\":\"https:\/\/letrame.com\/catalogo\/\",\"logo\":{\"@type\":\"ImageObject\",\"inLanguage\":\"es\",\"@id\":\"https:\/\/letrame.com\/catalogo\/#\/schema\/logo\/image\/\",\"url\":\"https:\/\/letrame.com\/catalogo\/wp-content\/uploads\/2024\/03\/logo2.webp\",\"contentUrl\":\"https:\/\/letrame.com\/catalogo\/wp-content\/uploads\/2024\/03\/logo2.webp\",\"width\":394,\"height\":128,\"caption\":\"Catalogo | Letrame Grupo Editorial\"},\"image\":{\"@id\":\"https:\/\/letrame.com\/catalogo\/#\/schema\/logo\/image\/\"}}]}<\/script>\n<!-- \/ Yoast SEO plugin. -->","yoast_head_json":{"title":"Mr. Maverick y las 127 leyes del business - Catalogo | Letrame Grupo Editorial","robots":{"index":"index","follow":"follow","max-snippet":"max-snippet:-1","max-image-preview":"max-image-preview:large","max-video-preview":"max-video-preview:-1"},"canonical":"https:\/\/letrame.com\/catalogo\/producto\/mr-maverick-y-las-127-leyes-del-business\/","og_locale":"es_ES","og_type":"article","og_title":"Mr. Maverick y las 127 leyes del business - Catalogo | Letrame Grupo Editorial","og_description":"ISBN:\u00a09788411819480 SINOPSIS \u00a1Bienvenidos al fascinante mundo de Mr. Maverick! Aqu\u00ed no encontrar\u00e1s a un hombre com\u00fan, pero s\u00ed descubrir\u00e1s sus brillantes creaciones, ideas y experiencias. Sum\u00e9rgete en las 127 leyes de los negocios, seleccionadas con esmero por Mr. Maverick, quien encontr\u00f3 la magia en este n\u00famero. Desde liderazgo hasta costes, branding audaz, innovaci\u00f3n, creatividad y m\u00e1s, cada p\u00e1gina destila la sabidur\u00eda \u00fanica de este intr\u00e9pido pensador. Estas leyes no son solo palabras; son p\u00edldoras de sabidur\u00eda, breves y llenas de utilidad elevada. Este libro no es solo para managers, es para todos, porque la visi\u00f3n de Mr. Maverick trasciende sectores, segmentos y marcas. Incluso si crees que ya sabes mucho, encontrar\u00e1s nuevas perspectivas. Es un viaje que abarca desde las grandes empresas hasta las personas comunes, todos pueden beneficiarse. As\u00ed que, prep\u00e1rate para explorar los destellos centelleantes en el universo empresarial. La primera ley te espera, listo para desencadenar una cascada de conocimiento fresco y \u00e1gil. \u00a1Adelante, \u00fanete a Mr. Maverick en este emocionante viaje!","og_url":"https:\/\/letrame.com\/catalogo\/producto\/mr-maverick-y-las-127-leyes-del-business\/","og_site_name":"Catalogo | Letrame Grupo Editorial","og_image":[{"width":1746,"height":2560,"url":"https:\/\/letrame.com\/catalogo\/wp-content\/uploads\/2024\/04\/webp_mr-compressed-scaled-1.jpg","type":"image\/jpeg"}],"twitter_card":"summary_large_image","twitter_misc":{"Tiempo de lectura":"1 minuto"},"schema":{"@context":"https:\/\/schema.org","@graph":[{"@type":"WebPage","@id":"https:\/\/letrame.com\/catalogo\/producto\/mr-maverick-y-las-127-leyes-del-business\/","url":"https:\/\/letrame.com\/catalogo\/producto\/mr-maverick-y-las-127-leyes-del-business\/","name":"Mr. Maverick y las 127 leyes del business - Catalogo | Letrame Grupo Editorial","isPartOf":{"@id":"https:\/\/letrame.com\/catalogo\/#website"},"primaryImageOfPage":{"@id":"https:\/\/letrame.com\/catalogo\/producto\/mr-maverick-y-las-127-leyes-del-business\/#primaryimage"},"image":{"@id":"https:\/\/letrame.com\/catalogo\/producto\/mr-maverick-y-las-127-leyes-del-business\/#primaryimage"},"thumbnailUrl":"https:\/\/letrame.com\/catalogo\/wp-content\/uploads\/2024\/04\/webp_mr-compressed-scaled-1.jpg","datePublished":"2024-04-29T15:09:40+00:00","breadcrumb":{"@id":"https:\/\/letrame.com\/catalogo\/producto\/mr-maverick-y-las-127-leyes-del-business\/#breadcrumb"},"inLanguage":"es","potentialAction":[{"@type":"ReadAction","target":["https:\/\/letrame.com\/catalogo\/producto\/mr-maverick-y-las-127-leyes-del-business\/"]}]},{"@type":"ImageObject","inLanguage":"es","@id":"https:\/\/letrame.com\/catalogo\/producto\/mr-maverick-y-las-127-leyes-del-business\/#primaryimage","url":"https:\/\/letrame.com\/catalogo\/wp-content\/uploads\/2024\/04\/webp_mr-compressed-scaled-1.jpg","contentUrl":"https:\/\/letrame.com\/catalogo\/wp-content\/uploads\/2024\/04\/webp_mr-compressed-scaled-1.jpg","width":1746,"height":2560},{"@type":"BreadcrumbList","@id":"https:\/\/letrame.com\/catalogo\/producto\/mr-maverick-y-las-127-leyes-del-business\/#breadcrumb","itemListElement":[{"@type":"ListItem","position":1,"name":"Portada","item":"https:\/\/letrame.com\/catalogo\/"},{"@type":"ListItem","position":2,"name":"Cat\u00e1logo","item":"https:\/\/letrame.com\/catalogo\/"},{"@type":"ListItem","position":3,"name":"Mr. Maverick y las 127 leyes del business"}]},{"@type":"WebSite","@id":"https:\/\/letrame.com\/catalogo\/#website","url":"https:\/\/letrame.com\/catalogo\/","name":"Catalogo | Letrame Grupo Editorial","description":"","publisher":{"@id":"https:\/\/letrame.com\/catalogo\/#organization"},"potentialAction":[{"@type":"SearchAction","target":{"@type":"EntryPoint","urlTemplate":"https:\/\/letrame.com\/catalogo\/?s={search_term_string}"},"query-input":{"@type":"PropertyValueSpecification","valueRequired":true,"valueName":"search_term_string"}}],"inLanguage":"es"},{"@type":"Organization","@id":"https:\/\/letrame.com\/catalogo\/#organization","name":"Catalogo | Letrame Grupo Editorial","url":"https:\/\/letrame.com\/catalogo\/","logo":{"@type":"ImageObject","inLanguage":"es","@id":"https:\/\/letrame.com\/catalogo\/#\/schema\/logo\/image\/","url":"https:\/\/letrame.com\/catalogo\/wp-content\/uploads\/2024\/03\/logo2.webp","contentUrl":"https:\/\/letrame.com\/catalogo\/wp-content\/uploads\/2024\/03\/logo2.webp","width":394,"height":128,"caption":"Catalogo | Letrame Grupo Editorial"},"image":{"@id":"https:\/\/letrame.com\/catalogo\/#\/schema\/logo\/image\/"}}]}},"_links":{"self":[{"href":"https:\/\/letrame.com\/catalogo\/wp-json\/wp\/v2\/product\/99826","targetHints":{"allow":["GET"]}}],"collection":[{"href":"https:\/\/letrame.com\/catalogo\/wp-json\/wp\/v2\/product"}],"about":[{"href":"https:\/\/letrame.com\/catalogo\/wp-json\/wp\/v2\/types\/product"}],"replies":[{"embeddable":true,"href":"https:\/\/letrame.com\/catalogo\/wp-json\/wp\/v2\/comments?post=99826"}],"acf:post":[{"embeddable":true,"href":"https:\/\/letrame.com\/catalogo\/wp-json\/wp\/v2\/author_book\/76392"}],"wp:featuredmedia":[{"embeddable":true,"href":"https:\/\/letrame.com\/catalogo\/wp-json\/wp\/v2\/media\/99827"}],"wp:attachment":[{"href":"https:\/\/letrame.com\/catalogo\/wp-json\/wp\/v2\/media?parent=99826"}],"wp:term":[{"taxonomy":"libro","embeddable":true,"href":"https:\/\/letrame.com\/catalogo\/wp-json\/wp\/v2\/libro?post=99826"},{"taxonomy":"product_brand","embeddable":true,"href":"https:\/\/letrame.com\/catalogo\/wp-json\/wp\/v2\/product_brand?post=99826"},{"taxonomy":"product_cat","embeddable":true,"href":"https:\/\/letrame.com\/catalogo\/wp-json\/wp\/v2\/product_cat?post=99826"},{"taxonomy":"product_tag","embeddable":true,"href":"https:\/\/letrame.com\/catalogo\/wp-json\/wp\/v2\/product_tag?post=99826"}],"curies":[{"name":"wp","href":"https:\/\/api.w.org\/{rel}","templated":true}]}}