{"id":99810,"date":"2024-04-29T17:07:44","date_gmt":"2024-04-29T15:07:44","guid":{"rendered":"https:\/\/letrame.com\/catalogo\/producto\/el-compromiso-amor-o-tradicion\/"},"modified":"2024-07-03T14:25:56","modified_gmt":"2024-07-03T12:25:56","slug":"el-compromiso-amor-o-tradicion","status":"publish","type":"product","link":"https:\/\/letrame.com\/catalogo\/producto\/el-compromiso-amor-o-tradicion\/","title":{"rendered":"El Compromiso. Amor o tradici\u00f3n"},"content":{"rendered":"<p>ISBN:\u00a09788411816267<br \/>\nT\u00edtulo:_El Compromiso. Amor o tradici\u00f3n<br \/>\nFecha:_2023<br \/>\nP\u00e1ginas:\u00a0742<br \/>\nSINOPSIS<br \/>\nEn dos ciudades de la India, dos parejas reciben a sus primog\u00e9nitos: en Nueva Delhi nace Arun, hijo de Isar y Dahana Patel, y en Bombay nace Naya, hija de Kiran y Naisha Grover. Mientras que los Patel, muy religiosos y tradicionales, se unieron en un matrimonio arreglado por sus padres, como es a\u00fan costumbre en el pa\u00eds asi\u00e1tico, los Grover, m\u00e1s liberales, se casaron enamorados y por libre elecci\u00f3n.<br \/>\nA pesar de los m\u00e1s de mil kil\u00f3metros que los separan y de las diferencias entre sus familias, Naya y Arun crecen con una pasi\u00f3n com\u00fan: el arte dram\u00e1tico. Naya recibe todo el apoyo de sus padres para desarrollar su carrera, pero las cosas no son tan f\u00e1ciles para Arun, cuyo padre solo le permite perseguir su sue\u00f1o a cambio de que se someta a la tradici\u00f3n, yendo en contra, primero, de su voluntad y, m\u00e1s tarde, de sus sentimientos.<\/p>\n","protected":false},"excerpt":{"rendered":"<p>ISBN:\u00a09788411816267<\/p>\n<p>SINOPSIS<br \/>\nEn dos ciudades de la India, dos parejas reciben a sus primog\u00e9nitos: en Nueva Delhi nace Arun, hijo de Isar y Dahana Patel, y en Bombay nace Naya, hija de Kiran y Naisha Grover. Mientras que los Patel, muy religiosos y tradicionales, se unieron en un matrimonio arreglado por sus padres, como es a\u00fan costumbre en el pa\u00eds asi\u00e1tico, los Grover, m\u00e1s liberales, se casaron enamorados y por libre elecci\u00f3n.<br \/>\nA pesar de los m\u00e1s de mil kil\u00f3metros que los separan y de las diferencias entre sus familias, Naya y Arun crecen con una pasi\u00f3n com\u00fan: el arte dram\u00e1tico. Naya recibe todo el apoyo de sus padres para desarrollar su carrera, pero las cosas no son tan f\u00e1ciles para Arun, cuyo padre solo le permite perseguir su sue\u00f1o a cambio de que se someta a la tradici\u00f3n, yendo en contra, primero, de su voluntad y, m\u00e1s tarde, de sus sentimientos.<\/p>\n","protected":false},"featured_media":99811,"comment_status":"closed","ping_status":"closed","template":"","meta":{"_acf_changed":false},"libro":[],"product_brand":[],"product_cat":[50],"product_tag":[],"class_list":{"0":"post-99810","1":"product","2":"type-product","3":"status-publish","4":"has-post-thumbnail","6":"product_cat-novela-romantica","8":"first","9":"instock","10":"product-type-simple"},"acf":{"autor":[78043],"enlace_de_compra":"https:\/\/amzn.to\/3RUZhkt"},"yoast_head":"<!-- This site is optimized with the Yoast SEO plugin v26.6 - https:\/\/yoast.com\/wordpress\/plugins\/seo\/ -->\n<title>El Compromiso. Amor o tradici\u00f3n - Catalogo | Letrame Grupo Editorial<\/title>\n<meta name=\"robots\" content=\"index, follow, max-snippet:-1, max-image-preview:large, max-video-preview:-1\" \/>\n<link rel=\"canonical\" href=\"https:\/\/letrame.com\/catalogo\/producto\/el-compromiso-amor-o-tradicion\/\" \/>\n<meta property=\"og:locale\" content=\"es_ES\" \/>\n<meta property=\"og:type\" content=\"article\" \/>\n<meta property=\"og:title\" content=\"El Compromiso. Amor o tradici\u00f3n - Catalogo | Letrame Grupo Editorial\" \/>\n<meta property=\"og:description\" content=\"ISBN:\u00a09788411816267  SINOPSIS En dos ciudades de la India, dos parejas reciben a sus primog\u00e9nitos: en Nueva Delhi nace Arun, hijo de Isar y Dahana Patel, y en Bombay nace Naya, hija de Kiran y Naisha Grover. Mientras que los Patel, muy religiosos y tradicionales, se unieron en un matrimonio arreglado por sus padres, como es a\u00fan costumbre en el pa\u00eds asi\u00e1tico, los Grover, m\u00e1s liberales, se casaron enamorados y por libre elecci\u00f3n. A pesar de los m\u00e1s de mil kil\u00f3metros que los separan y de las diferencias entre sus familias, Naya y Arun crecen con una pasi\u00f3n com\u00fan: el arte dram\u00e1tico. Naya recibe todo el apoyo de sus padres para desarrollar su carrera, pero las cosas no son tan f\u00e1ciles para Arun, cuyo padre solo le permite perseguir su sue\u00f1o a cambio de que se someta a la tradici\u00f3n, yendo en contra, primero, de su voluntad y, m\u00e1s tarde, de sus sentimientos.\" \/>\n<meta property=\"og:url\" content=\"https:\/\/letrame.com\/catalogo\/producto\/el-compromiso-amor-o-tradicion\/\" \/>\n<meta property=\"og:site_name\" content=\"Catalogo | Letrame Grupo Editorial\" \/>\n<meta property=\"article:modified_time\" content=\"2024-07-03T12:25:56+00:00\" \/>\n<meta property=\"og:image\" content=\"https:\/\/letrame.com\/catalogo\/wp-content\/uploads\/2024\/04\/web_elcompromiso_3962mm-compressed-scaled-1.jpg\" \/>\n\t<meta property=\"og:image:width\" content=\"1746\" \/>\n\t<meta property=\"og:image:height\" content=\"2560\" \/>\n\t<meta property=\"og:image:type\" content=\"image\/jpeg\" \/>\n<meta name=\"twitter:card\" content=\"summary_large_image\" \/>\n<meta name=\"twitter:label1\" content=\"Tiempo de lectura\" \/>\n\t<meta name=\"twitter:data1\" content=\"1 minuto\" \/>\n<script type=\"application\/ld+json\" class=\"yoast-schema-graph\">{\"@context\":\"https:\/\/schema.org\",\"@graph\":[{\"@type\":\"WebPage\",\"@id\":\"https:\/\/letrame.com\/catalogo\/producto\/el-compromiso-amor-o-tradicion\/\",\"url\":\"https:\/\/letrame.com\/catalogo\/producto\/el-compromiso-amor-o-tradicion\/\",\"name\":\"El Compromiso. Amor o tradici\u00f3n - Catalogo | Letrame Grupo Editorial\",\"isPartOf\":{\"@id\":\"https:\/\/letrame.com\/catalogo\/#website\"},\"primaryImageOfPage\":{\"@id\":\"https:\/\/letrame.com\/catalogo\/producto\/el-compromiso-amor-o-tradicion\/#primaryimage\"},\"image\":{\"@id\":\"https:\/\/letrame.com\/catalogo\/producto\/el-compromiso-amor-o-tradicion\/#primaryimage\"},\"thumbnailUrl\":\"https:\/\/letrame.com\/catalogo\/wp-content\/uploads\/2024\/04\/web_elcompromiso_3962mm-compressed-scaled-1.jpg\",\"datePublished\":\"2024-04-29T15:07:44+00:00\",\"dateModified\":\"2024-07-03T12:25:56+00:00\",\"breadcrumb\":{\"@id\":\"https:\/\/letrame.com\/catalogo\/producto\/el-compromiso-amor-o-tradicion\/#breadcrumb\"},\"inLanguage\":\"es\",\"potentialAction\":[{\"@type\":\"ReadAction\",\"target\":[\"https:\/\/letrame.com\/catalogo\/producto\/el-compromiso-amor-o-tradicion\/\"]}]},{\"@type\":\"ImageObject\",\"inLanguage\":\"es\",\"@id\":\"https:\/\/letrame.com\/catalogo\/producto\/el-compromiso-amor-o-tradicion\/#primaryimage\",\"url\":\"https:\/\/letrame.com\/catalogo\/wp-content\/uploads\/2024\/04\/web_elcompromiso_3962mm-compressed-scaled-1.jpg\",\"contentUrl\":\"https:\/\/letrame.com\/catalogo\/wp-content\/uploads\/2024\/04\/web_elcompromiso_3962mm-compressed-scaled-1.jpg\",\"width\":1746,\"height\":2560},{\"@type\":\"BreadcrumbList\",\"@id\":\"https:\/\/letrame.com\/catalogo\/producto\/el-compromiso-amor-o-tradicion\/#breadcrumb\",\"itemListElement\":[{\"@type\":\"ListItem\",\"position\":1,\"name\":\"Portada\",\"item\":\"https:\/\/letrame.com\/catalogo\/\"},{\"@type\":\"ListItem\",\"position\":2,\"name\":\"Cat\u00e1logo\",\"item\":\"https:\/\/letrame.com\/catalogo\/\"},{\"@type\":\"ListItem\",\"position\":3,\"name\":\"El Compromiso. Amor o tradici\u00f3n\"}]},{\"@type\":\"WebSite\",\"@id\":\"https:\/\/letrame.com\/catalogo\/#website\",\"url\":\"https:\/\/letrame.com\/catalogo\/\",\"name\":\"Catalogo | Letrame Grupo Editorial\",\"description\":\"\",\"publisher\":{\"@id\":\"https:\/\/letrame.com\/catalogo\/#organization\"},\"potentialAction\":[{\"@type\":\"SearchAction\",\"target\":{\"@type\":\"EntryPoint\",\"urlTemplate\":\"https:\/\/letrame.com\/catalogo\/?s={search_term_string}\"},\"query-input\":{\"@type\":\"PropertyValueSpecification\",\"valueRequired\":true,\"valueName\":\"search_term_string\"}}],\"inLanguage\":\"es\"},{\"@type\":\"Organization\",\"@id\":\"https:\/\/letrame.com\/catalogo\/#organization\",\"name\":\"Catalogo | Letrame Grupo Editorial\",\"url\":\"https:\/\/letrame.com\/catalogo\/\",\"logo\":{\"@type\":\"ImageObject\",\"inLanguage\":\"es\",\"@id\":\"https:\/\/letrame.com\/catalogo\/#\/schema\/logo\/image\/\",\"url\":\"https:\/\/letrame.com\/catalogo\/wp-content\/uploads\/2024\/03\/logo2.webp\",\"contentUrl\":\"https:\/\/letrame.com\/catalogo\/wp-content\/uploads\/2024\/03\/logo2.webp\",\"width\":394,\"height\":128,\"caption\":\"Catalogo | Letrame Grupo Editorial\"},\"image\":{\"@id\":\"https:\/\/letrame.com\/catalogo\/#\/schema\/logo\/image\/\"}}]}<\/script>\n<!-- \/ Yoast SEO plugin. -->","yoast_head_json":{"title":"El Compromiso. Amor o tradici\u00f3n - Catalogo | Letrame Grupo Editorial","robots":{"index":"index","follow":"follow","max-snippet":"max-snippet:-1","max-image-preview":"max-image-preview:large","max-video-preview":"max-video-preview:-1"},"canonical":"https:\/\/letrame.com\/catalogo\/producto\/el-compromiso-amor-o-tradicion\/","og_locale":"es_ES","og_type":"article","og_title":"El Compromiso. Amor o tradici\u00f3n - Catalogo | Letrame Grupo Editorial","og_description":"ISBN:\u00a09788411816267  SINOPSIS En dos ciudades de la India, dos parejas reciben a sus primog\u00e9nitos: en Nueva Delhi nace Arun, hijo de Isar y Dahana Patel, y en Bombay nace Naya, hija de Kiran y Naisha Grover. Mientras que los Patel, muy religiosos y tradicionales, se unieron en un matrimonio arreglado por sus padres, como es a\u00fan costumbre en el pa\u00eds asi\u00e1tico, los Grover, m\u00e1s liberales, se casaron enamorados y por libre elecci\u00f3n. A pesar de los m\u00e1s de mil kil\u00f3metros que los separan y de las diferencias entre sus familias, Naya y Arun crecen con una pasi\u00f3n com\u00fan: el arte dram\u00e1tico. Naya recibe todo el apoyo de sus padres para desarrollar su carrera, pero las cosas no son tan f\u00e1ciles para Arun, cuyo padre solo le permite perseguir su sue\u00f1o a cambio de que se someta a la tradici\u00f3n, yendo en contra, primero, de su voluntad y, m\u00e1s tarde, de sus sentimientos.","og_url":"https:\/\/letrame.com\/catalogo\/producto\/el-compromiso-amor-o-tradicion\/","og_site_name":"Catalogo | Letrame Grupo Editorial","article_modified_time":"2024-07-03T12:25:56+00:00","og_image":[{"width":1746,"height":2560,"url":"https:\/\/letrame.com\/catalogo\/wp-content\/uploads\/2024\/04\/web_elcompromiso_3962mm-compressed-scaled-1.jpg","type":"image\/jpeg"}],"twitter_card":"summary_large_image","twitter_misc":{"Tiempo de lectura":"1 minuto"},"schema":{"@context":"https:\/\/schema.org","@graph":[{"@type":"WebPage","@id":"https:\/\/letrame.com\/catalogo\/producto\/el-compromiso-amor-o-tradicion\/","url":"https:\/\/letrame.com\/catalogo\/producto\/el-compromiso-amor-o-tradicion\/","name":"El Compromiso. Amor o tradici\u00f3n - Catalogo | Letrame Grupo Editorial","isPartOf":{"@id":"https:\/\/letrame.com\/catalogo\/#website"},"primaryImageOfPage":{"@id":"https:\/\/letrame.com\/catalogo\/producto\/el-compromiso-amor-o-tradicion\/#primaryimage"},"image":{"@id":"https:\/\/letrame.com\/catalogo\/producto\/el-compromiso-amor-o-tradicion\/#primaryimage"},"thumbnailUrl":"https:\/\/letrame.com\/catalogo\/wp-content\/uploads\/2024\/04\/web_elcompromiso_3962mm-compressed-scaled-1.jpg","datePublished":"2024-04-29T15:07:44+00:00","dateModified":"2024-07-03T12:25:56+00:00","breadcrumb":{"@id":"https:\/\/letrame.com\/catalogo\/producto\/el-compromiso-amor-o-tradicion\/#breadcrumb"},"inLanguage":"es","potentialAction":[{"@type":"ReadAction","target":["https:\/\/letrame.com\/catalogo\/producto\/el-compromiso-amor-o-tradicion\/"]}]},{"@type":"ImageObject","inLanguage":"es","@id":"https:\/\/letrame.com\/catalogo\/producto\/el-compromiso-amor-o-tradicion\/#primaryimage","url":"https:\/\/letrame.com\/catalogo\/wp-content\/uploads\/2024\/04\/web_elcompromiso_3962mm-compressed-scaled-1.jpg","contentUrl":"https:\/\/letrame.com\/catalogo\/wp-content\/uploads\/2024\/04\/web_elcompromiso_3962mm-compressed-scaled-1.jpg","width":1746,"height":2560},{"@type":"BreadcrumbList","@id":"https:\/\/letrame.com\/catalogo\/producto\/el-compromiso-amor-o-tradicion\/#breadcrumb","itemListElement":[{"@type":"ListItem","position":1,"name":"Portada","item":"https:\/\/letrame.com\/catalogo\/"},{"@type":"ListItem","position":2,"name":"Cat\u00e1logo","item":"https:\/\/letrame.com\/catalogo\/"},{"@type":"ListItem","position":3,"name":"El Compromiso. Amor o tradici\u00f3n"}]},{"@type":"WebSite","@id":"https:\/\/letrame.com\/catalogo\/#website","url":"https:\/\/letrame.com\/catalogo\/","name":"Catalogo | Letrame Grupo Editorial","description":"","publisher":{"@id":"https:\/\/letrame.com\/catalogo\/#organization"},"potentialAction":[{"@type":"SearchAction","target":{"@type":"EntryPoint","urlTemplate":"https:\/\/letrame.com\/catalogo\/?s={search_term_string}"},"query-input":{"@type":"PropertyValueSpecification","valueRequired":true,"valueName":"search_term_string"}}],"inLanguage":"es"},{"@type":"Organization","@id":"https:\/\/letrame.com\/catalogo\/#organization","name":"Catalogo | Letrame Grupo Editorial","url":"https:\/\/letrame.com\/catalogo\/","logo":{"@type":"ImageObject","inLanguage":"es","@id":"https:\/\/letrame.com\/catalogo\/#\/schema\/logo\/image\/","url":"https:\/\/letrame.com\/catalogo\/wp-content\/uploads\/2024\/03\/logo2.webp","contentUrl":"https:\/\/letrame.com\/catalogo\/wp-content\/uploads\/2024\/03\/logo2.webp","width":394,"height":128,"caption":"Catalogo | Letrame Grupo Editorial"},"image":{"@id":"https:\/\/letrame.com\/catalogo\/#\/schema\/logo\/image\/"}}]}},"_links":{"self":[{"href":"https:\/\/letrame.com\/catalogo\/wp-json\/wp\/v2\/product\/99810","targetHints":{"allow":["GET"]}}],"collection":[{"href":"https:\/\/letrame.com\/catalogo\/wp-json\/wp\/v2\/product"}],"about":[{"href":"https:\/\/letrame.com\/catalogo\/wp-json\/wp\/v2\/types\/product"}],"replies":[{"embeddable":true,"href":"https:\/\/letrame.com\/catalogo\/wp-json\/wp\/v2\/comments?post=99810"}],"acf:post":[{"embeddable":true,"href":"https:\/\/letrame.com\/catalogo\/wp-json\/wp\/v2\/author_book\/78043"}],"wp:featuredmedia":[{"embeddable":true,"href":"https:\/\/letrame.com\/catalogo\/wp-json\/wp\/v2\/media\/99811"}],"wp:attachment":[{"href":"https:\/\/letrame.com\/catalogo\/wp-json\/wp\/v2\/media?parent=99810"}],"wp:term":[{"taxonomy":"libro","embeddable":true,"href":"https:\/\/letrame.com\/catalogo\/wp-json\/wp\/v2\/libro?post=99810"},{"taxonomy":"product_brand","embeddable":true,"href":"https:\/\/letrame.com\/catalogo\/wp-json\/wp\/v2\/product_brand?post=99810"},{"taxonomy":"product_cat","embeddable":true,"href":"https:\/\/letrame.com\/catalogo\/wp-json\/wp\/v2\/product_cat?post=99810"},{"taxonomy":"product_tag","embeddable":true,"href":"https:\/\/letrame.com\/catalogo\/wp-json\/wp\/v2\/product_tag?post=99810"}],"curies":[{"name":"wp","href":"https:\/\/api.w.org\/{rel}","templated":true}]}}