{"id":99808,"date":"2024-04-29T17:07:44","date_gmt":"2024-04-29T15:07:44","guid":{"rendered":"https:\/\/letrame.com\/catalogo\/producto\/laberinto-de-un-estoico\/"},"modified":"2024-04-29T17:07:44","modified_gmt":"2024-04-29T15:07:44","slug":"laberinto-de-un-estoico","status":"publish","type":"product","link":"https:\/\/letrame.com\/catalogo\/producto\/laberinto-de-un-estoico\/","title":{"rendered":"Laberinto de un Estoico"},"content":{"rendered":"<p>ISBN:\u00a09788411819701<br \/>\nT\u00edtulo:_Laberinto de un Estoico<br \/>\nFecha:_2024<br \/>\nP\u00e1ginas:\u00a0394<br \/>\nSINOPSIS<br \/>\nUn pensamiento puede permanecer intacto durante siglos, al igual que lo hace un caballo de Troya en tu memoria. Que tal vez o incluso en esta vida\u2026 jam\u00e1s logre ser vencido, viajar incierto con la intuici\u00f3n\u2026 en un laberinto sin despertar sospechas. Con la calma y la sabidur\u00eda de la plenitud, manteni\u00e9ndonos firmes ante la adversidad y que incluso por un segundo, si te sentiste libre, indudablemente, tan solo por ese habr\u00e1 valido la pena.<\/p>\n<p>Deja al viento tus miedos y alza tus alas para volar, ofr\u00e9cele al sol tu latir, que as\u00ed raz\u00f3n le das para que te abrigue en este venidero invierno.<\/p>\n","protected":false},"excerpt":{"rendered":"<p>ISBN:\u00a09788411819701<\/p>\n<p>SINOPSIS<br \/>\nUn pensamiento puede permanecer intacto durante siglos, al igual que lo hace un caballo de Troya en tu memoria. Que tal vez o incluso en esta vida\u2026 jam\u00e1s logre ser vencido, viajar incierto con la intuici\u00f3n\u2026 en un laberinto sin despertar sospechas. Con la calma y la sabidur\u00eda de la plenitud, manteni\u00e9ndonos firmes ante la adversidad y que incluso por un segundo, si te sentiste libre, indudablemente, tan solo por ese habr\u00e1 valido la pena.<\/p>\n<p>Deja al viento tus miedos y alza tus alas para volar, ofr\u00e9cele al sol tu latir, que as\u00ed raz\u00f3n le das para que te abrigue en este venidero invierno.<\/p>\n","protected":false},"featured_media":99809,"comment_status":"closed","ping_status":"open","template":"","meta":{"_acf_changed":false},"libro":[],"product_brand":[],"product_cat":[103],"product_tag":[],"class_list":{"0":"post-99808","1":"product","2":"type-product","3":"status-publish","4":"has-post-thumbnail","6":"product_cat-filosofia","8":"first","9":"instock","10":"product-type-simple"},"acf":{"autor":[78041],"enlace_de_compra":"https:\/\/www.casadellibro.com\/libro-laberinto-de-un-estoico\/9788411819701\/15916953"},"yoast_head":"<!-- This site is optimized with the Yoast SEO plugin v27.4 - https:\/\/yoast.com\/product\/yoast-seo-wordpress\/ -->\n<title>Laberinto de un Estoico - Catalogo | Letrame Grupo Editorial<\/title>\n<meta name=\"robots\" content=\"index, follow, max-snippet:-1, max-image-preview:large, max-video-preview:-1\" \/>\n<link rel=\"canonical\" href=\"https:\/\/letrame.com\/catalogo\/producto\/laberinto-de-un-estoico\/\" \/>\n<meta property=\"og:locale\" content=\"es_ES\" \/>\n<meta property=\"og:type\" content=\"article\" \/>\n<meta property=\"og:title\" content=\"Laberinto de un Estoico - Catalogo | Letrame Grupo Editorial\" \/>\n<meta property=\"og:description\" content=\"ISBN:\u00a09788411819701 SINOPSIS Un pensamiento puede permanecer intacto durante siglos, al igual que lo hace un caballo de Troya en tu memoria. Que tal vez o incluso en esta vida\u2026 jam\u00e1s logre ser vencido, viajar incierto con la intuici\u00f3n\u2026 en un laberinto sin despertar sospechas. Con la calma y la sabidur\u00eda de la plenitud, manteni\u00e9ndonos firmes ante la adversidad y que incluso por un segundo, si te sentiste libre, indudablemente, tan solo por ese habr\u00e1 valido la pena. Deja al viento tus miedos y alza tus alas para volar, ofr\u00e9cele al sol tu latir, que as\u00ed raz\u00f3n le das para que te abrigue en este venidero invierno.\" \/>\n<meta property=\"og:url\" content=\"https:\/\/letrame.com\/catalogo\/producto\/laberinto-de-un-estoico\/\" \/>\n<meta property=\"og:site_name\" content=\"Catalogo | Letrame Grupo Editorial\" \/>\n<meta property=\"og:image\" content=\"https:\/\/letrame.com\/catalogo\/wp-content\/uploads\/2024\/04\/webp_laberintodeunestoico_2493mm-compressed-scaled-1.jpg\" \/>\n\t<meta property=\"og:image:width\" content=\"1746\" \/>\n\t<meta property=\"og:image:height\" content=\"2560\" \/>\n\t<meta property=\"og:image:type\" content=\"image\/jpeg\" \/>\n<meta name=\"twitter:card\" content=\"summary_large_image\" \/>\n<meta name=\"twitter:label1\" content=\"Tiempo de lectura\" \/>\n\t<meta name=\"twitter:data1\" content=\"1 minuto\" \/>\n<script type=\"application\/ld+json\" class=\"yoast-schema-graph\">{\"@context\":\"https:\\\/\\\/schema.org\",\"@graph\":[{\"@type\":\"WebPage\",\"@id\":\"https:\\\/\\\/letrame.com\\\/catalogo\\\/producto\\\/laberinto-de-un-estoico\\\/\",\"url\":\"https:\\\/\\\/letrame.com\\\/catalogo\\\/producto\\\/laberinto-de-un-estoico\\\/\",\"name\":\"Laberinto de un Estoico - Catalogo | Letrame Grupo Editorial\",\"isPartOf\":{\"@id\":\"https:\\\/\\\/letrame.com\\\/catalogo\\\/#website\"},\"primaryImageOfPage\":{\"@id\":\"https:\\\/\\\/letrame.com\\\/catalogo\\\/producto\\\/laberinto-de-un-estoico\\\/#primaryimage\"},\"image\":{\"@id\":\"https:\\\/\\\/letrame.com\\\/catalogo\\\/producto\\\/laberinto-de-un-estoico\\\/#primaryimage\"},\"thumbnailUrl\":\"https:\\\/\\\/letrame.com\\\/catalogo\\\/wp-content\\\/uploads\\\/2024\\\/04\\\/webp_laberintodeunestoico_2493mm-compressed-scaled-1.jpg\",\"datePublished\":\"2024-04-29T15:07:44+00:00\",\"breadcrumb\":{\"@id\":\"https:\\\/\\\/letrame.com\\\/catalogo\\\/producto\\\/laberinto-de-un-estoico\\\/#breadcrumb\"},\"inLanguage\":\"es\",\"potentialAction\":[{\"@type\":\"ReadAction\",\"target\":[\"https:\\\/\\\/letrame.com\\\/catalogo\\\/producto\\\/laberinto-de-un-estoico\\\/\"]}]},{\"@type\":\"ImageObject\",\"inLanguage\":\"es\",\"@id\":\"https:\\\/\\\/letrame.com\\\/catalogo\\\/producto\\\/laberinto-de-un-estoico\\\/#primaryimage\",\"url\":\"https:\\\/\\\/letrame.com\\\/catalogo\\\/wp-content\\\/uploads\\\/2024\\\/04\\\/webp_laberintodeunestoico_2493mm-compressed-scaled-1.jpg\",\"contentUrl\":\"https:\\\/\\\/letrame.com\\\/catalogo\\\/wp-content\\\/uploads\\\/2024\\\/04\\\/webp_laberintodeunestoico_2493mm-compressed-scaled-1.jpg\",\"width\":1746,\"height\":2560},{\"@type\":\"BreadcrumbList\",\"@id\":\"https:\\\/\\\/letrame.com\\\/catalogo\\\/producto\\\/laberinto-de-un-estoico\\\/#breadcrumb\",\"itemListElement\":[{\"@type\":\"ListItem\",\"position\":1,\"name\":\"Portada\",\"item\":\"https:\\\/\\\/letrame.com\\\/catalogo\\\/\"},{\"@type\":\"ListItem\",\"position\":2,\"name\":\"Cat\u00e1logo\",\"item\":\"https:\\\/\\\/letrame.com\\\/catalogo\\\/\"},{\"@type\":\"ListItem\",\"position\":3,\"name\":\"Laberinto de un Estoico\"}]},{\"@type\":\"WebSite\",\"@id\":\"https:\\\/\\\/letrame.com\\\/catalogo\\\/#website\",\"url\":\"https:\\\/\\\/letrame.com\\\/catalogo\\\/\",\"name\":\"Catalogo | Letrame Grupo Editorial\",\"description\":\"\",\"publisher\":{\"@id\":\"https:\\\/\\\/letrame.com\\\/catalogo\\\/#organization\"},\"potentialAction\":[{\"@type\":\"SearchAction\",\"target\":{\"@type\":\"EntryPoint\",\"urlTemplate\":\"https:\\\/\\\/letrame.com\\\/catalogo\\\/?s={search_term_string}\"},\"query-input\":{\"@type\":\"PropertyValueSpecification\",\"valueRequired\":true,\"valueName\":\"search_term_string\"}}],\"inLanguage\":\"es\"},{\"@type\":\"Organization\",\"@id\":\"https:\\\/\\\/letrame.com\\\/catalogo\\\/#organization\",\"name\":\"Catalogo | Letrame Grupo Editorial\",\"url\":\"https:\\\/\\\/letrame.com\\\/catalogo\\\/\",\"logo\":{\"@type\":\"ImageObject\",\"inLanguage\":\"es\",\"@id\":\"https:\\\/\\\/letrame.com\\\/catalogo\\\/#\\\/schema\\\/logo\\\/image\\\/\",\"url\":\"https:\\\/\\\/letrame.com\\\/catalogo\\\/wp-content\\\/uploads\\\/2024\\\/03\\\/logo2.webp\",\"contentUrl\":\"https:\\\/\\\/letrame.com\\\/catalogo\\\/wp-content\\\/uploads\\\/2024\\\/03\\\/logo2.webp\",\"width\":394,\"height\":128,\"caption\":\"Catalogo | Letrame Grupo Editorial\"},\"image\":{\"@id\":\"https:\\\/\\\/letrame.com\\\/catalogo\\\/#\\\/schema\\\/logo\\\/image\\\/\"}}]}<\/script>\n<!-- \/ Yoast SEO plugin. -->","yoast_head_json":{"title":"Laberinto de un Estoico - Catalogo | Letrame Grupo Editorial","robots":{"index":"index","follow":"follow","max-snippet":"max-snippet:-1","max-image-preview":"max-image-preview:large","max-video-preview":"max-video-preview:-1"},"canonical":"https:\/\/letrame.com\/catalogo\/producto\/laberinto-de-un-estoico\/","og_locale":"es_ES","og_type":"article","og_title":"Laberinto de un Estoico - Catalogo | Letrame Grupo Editorial","og_description":"ISBN:\u00a09788411819701 SINOPSIS Un pensamiento puede permanecer intacto durante siglos, al igual que lo hace un caballo de Troya en tu memoria. Que tal vez o incluso en esta vida\u2026 jam\u00e1s logre ser vencido, viajar incierto con la intuici\u00f3n\u2026 en un laberinto sin despertar sospechas. Con la calma y la sabidur\u00eda de la plenitud, manteni\u00e9ndonos firmes ante la adversidad y que incluso por un segundo, si te sentiste libre, indudablemente, tan solo por ese habr\u00e1 valido la pena. Deja al viento tus miedos y alza tus alas para volar, ofr\u00e9cele al sol tu latir, que as\u00ed raz\u00f3n le das para que te abrigue en este venidero invierno.","og_url":"https:\/\/letrame.com\/catalogo\/producto\/laberinto-de-un-estoico\/","og_site_name":"Catalogo | Letrame Grupo Editorial","og_image":[{"width":1746,"height":2560,"url":"https:\/\/letrame.com\/catalogo\/wp-content\/uploads\/2024\/04\/webp_laberintodeunestoico_2493mm-compressed-scaled-1.jpg","type":"image\/jpeg"}],"twitter_card":"summary_large_image","twitter_misc":{"Tiempo de lectura":"1 minuto"},"schema":{"@context":"https:\/\/schema.org","@graph":[{"@type":"WebPage","@id":"https:\/\/letrame.com\/catalogo\/producto\/laberinto-de-un-estoico\/","url":"https:\/\/letrame.com\/catalogo\/producto\/laberinto-de-un-estoico\/","name":"Laberinto de un Estoico - Catalogo | Letrame Grupo Editorial","isPartOf":{"@id":"https:\/\/letrame.com\/catalogo\/#website"},"primaryImageOfPage":{"@id":"https:\/\/letrame.com\/catalogo\/producto\/laberinto-de-un-estoico\/#primaryimage"},"image":{"@id":"https:\/\/letrame.com\/catalogo\/producto\/laberinto-de-un-estoico\/#primaryimage"},"thumbnailUrl":"https:\/\/letrame.com\/catalogo\/wp-content\/uploads\/2024\/04\/webp_laberintodeunestoico_2493mm-compressed-scaled-1.jpg","datePublished":"2024-04-29T15:07:44+00:00","breadcrumb":{"@id":"https:\/\/letrame.com\/catalogo\/producto\/laberinto-de-un-estoico\/#breadcrumb"},"inLanguage":"es","potentialAction":[{"@type":"ReadAction","target":["https:\/\/letrame.com\/catalogo\/producto\/laberinto-de-un-estoico\/"]}]},{"@type":"ImageObject","inLanguage":"es","@id":"https:\/\/letrame.com\/catalogo\/producto\/laberinto-de-un-estoico\/#primaryimage","url":"https:\/\/letrame.com\/catalogo\/wp-content\/uploads\/2024\/04\/webp_laberintodeunestoico_2493mm-compressed-scaled-1.jpg","contentUrl":"https:\/\/letrame.com\/catalogo\/wp-content\/uploads\/2024\/04\/webp_laberintodeunestoico_2493mm-compressed-scaled-1.jpg","width":1746,"height":2560},{"@type":"BreadcrumbList","@id":"https:\/\/letrame.com\/catalogo\/producto\/laberinto-de-un-estoico\/#breadcrumb","itemListElement":[{"@type":"ListItem","position":1,"name":"Portada","item":"https:\/\/letrame.com\/catalogo\/"},{"@type":"ListItem","position":2,"name":"Cat\u00e1logo","item":"https:\/\/letrame.com\/catalogo\/"},{"@type":"ListItem","position":3,"name":"Laberinto de un Estoico"}]},{"@type":"WebSite","@id":"https:\/\/letrame.com\/catalogo\/#website","url":"https:\/\/letrame.com\/catalogo\/","name":"Catalogo | Letrame Grupo Editorial","description":"","publisher":{"@id":"https:\/\/letrame.com\/catalogo\/#organization"},"potentialAction":[{"@type":"SearchAction","target":{"@type":"EntryPoint","urlTemplate":"https:\/\/letrame.com\/catalogo\/?s={search_term_string}"},"query-input":{"@type":"PropertyValueSpecification","valueRequired":true,"valueName":"search_term_string"}}],"inLanguage":"es"},{"@type":"Organization","@id":"https:\/\/letrame.com\/catalogo\/#organization","name":"Catalogo | Letrame Grupo Editorial","url":"https:\/\/letrame.com\/catalogo\/","logo":{"@type":"ImageObject","inLanguage":"es","@id":"https:\/\/letrame.com\/catalogo\/#\/schema\/logo\/image\/","url":"https:\/\/letrame.com\/catalogo\/wp-content\/uploads\/2024\/03\/logo2.webp","contentUrl":"https:\/\/letrame.com\/catalogo\/wp-content\/uploads\/2024\/03\/logo2.webp","width":394,"height":128,"caption":"Catalogo | Letrame Grupo Editorial"},"image":{"@id":"https:\/\/letrame.com\/catalogo\/#\/schema\/logo\/image\/"}}]}},"_links":{"self":[{"href":"https:\/\/letrame.com\/catalogo\/wp-json\/wp\/v2\/product\/99808","targetHints":{"allow":["GET"]}}],"collection":[{"href":"https:\/\/letrame.com\/catalogo\/wp-json\/wp\/v2\/product"}],"about":[{"href":"https:\/\/letrame.com\/catalogo\/wp-json\/wp\/v2\/types\/product"}],"replies":[{"embeddable":true,"href":"https:\/\/letrame.com\/catalogo\/wp-json\/wp\/v2\/comments?post=99808"}],"acf:post":[{"embeddable":true,"href":"https:\/\/letrame.com\/catalogo\/wp-json\/wp\/v2\/author_book\/78041"}],"wp:featuredmedia":[{"embeddable":true,"href":"https:\/\/letrame.com\/catalogo\/wp-json\/wp\/v2\/media\/99809"}],"wp:attachment":[{"href":"https:\/\/letrame.com\/catalogo\/wp-json\/wp\/v2\/media?parent=99808"}],"wp:term":[{"taxonomy":"libro","embeddable":true,"href":"https:\/\/letrame.com\/catalogo\/wp-json\/wp\/v2\/libro?post=99808"},{"taxonomy":"product_brand","embeddable":true,"href":"https:\/\/letrame.com\/catalogo\/wp-json\/wp\/v2\/product_brand?post=99808"},{"taxonomy":"product_cat","embeddable":true,"href":"https:\/\/letrame.com\/catalogo\/wp-json\/wp\/v2\/product_cat?post=99808"},{"taxonomy":"product_tag","embeddable":true,"href":"https:\/\/letrame.com\/catalogo\/wp-json\/wp\/v2\/product_tag?post=99808"}],"curies":[{"name":"wp","href":"https:\/\/api.w.org\/{rel}","templated":true}]}}