{"id":99804,"date":"2024-04-29T17:07:11","date_gmt":"2024-04-29T15:07:11","guid":{"rendered":"https:\/\/letrame.com\/catalogo\/producto\/sexo-in-fraganti\/"},"modified":"2024-04-29T17:07:21","modified_gmt":"2024-04-29T15:07:21","slug":"sexo-in-fraganti","status":"publish","type":"product","link":"https:\/\/letrame.com\/catalogo\/producto\/sexo-in-fraganti\/","title":{"rendered":"Sexo in fraganti"},"content":{"rendered":"<p>ISBN:\u00a09788411819152<br \/>\nT\u00edtulo:_Sexo in fraganti<br \/>\nFecha:_2024<br \/>\nP\u00e1ginas:\u00a086<br \/>\nSINOPSIS<br \/>\nEl sexo forma parte de nuestras vidas, por lo que la mayor\u00eda de las personas hemos vivido alguna situaci\u00f3n c\u00f3mico-dram\u00e1tica relacionada con un momento er\u00f3tico.<\/p>\n<p>Sexo in fraganti es un libro en el que gente com\u00fan cuenta sus propias historias sobre c\u00f3mo las ganas les metieron en alguna que otra situaci\u00f3n inc\u00f3moda, en la que fueron pillados, o casi, \u00abcon las manos en la masa\u00bb, o fueron testigos, sin quererlo, de alguno de estos momentos de desenfreno.<\/p>\n<p>A trav\u00e9s de los diversos relatos, surgen numerosas cuestiones que ofrecen a la autora y al lector la oportunidad de profundizar, de una manera desenfadada, en un tema a menudo considerado tab\u00fa: el incre\u00edble universo er\u00f3tico.<\/p>\n<p>Esta obra invita a naturalizar la sexualidad desde una perspectiva c\u00f3mica, did\u00e1ctica y er\u00f3tica.<\/p>\n","protected":false},"excerpt":{"rendered":"<p>ISBN:\u00a09788411819152<\/p>\n<p>SINOPSIS<br \/>\nEl sexo forma parte de nuestras vidas, por lo que la mayor\u00eda de las personas hemos vivido alguna situaci\u00f3n c\u00f3mico-dram\u00e1tica relacionada con un momento er\u00f3tico.<\/p>\n<p>Sexo in fraganti es un libro en el que gente com\u00fan cuenta sus propias historias sobre c\u00f3mo las ganas les metieron en alguna que otra situaci\u00f3n inc\u00f3moda, en la que fueron pillados, o casi, \u00abcon las manos en la masa\u00bb, o fueron testigos, sin quererlo, de alguno de estos momentos de desenfreno.<\/p>\n<p>A trav\u00e9s de los diversos relatos, surgen numerosas cuestiones que ofrecen a la autora y al lector la oportunidad de profundizar, de una manera desenfadada, en un tema a menudo considerado tab\u00fa: el incre\u00edble universo er\u00f3tico.<\/p>\n<p>Esta obra invita a naturalizar la sexualidad desde una perspectiva c\u00f3mica, did\u00e1ctica y er\u00f3tica.<\/p>\n","protected":false},"featured_media":99805,"comment_status":"closed","ping_status":"open","template":"","meta":{"_acf_changed":false},"libro":[],"product_brand":[],"product_cat":[101],"product_tag":[],"class_list":{"0":"post-99804","1":"product","2":"type-product","3":"status-publish","4":"has-post-thumbnail","6":"product_cat-salud-y-bienestar","8":"first","9":"instock","10":"product-type-simple"},"acf":{"autor":[78039],"enlace_de_compra":"https:\/\/www.agapea.com\/Ester-alvarez-Guillen\/Sexo-in-fraganti-9788411819152-i.htm"},"yoast_head":"<!-- This site is optimized with the Yoast SEO plugin v26.6 - https:\/\/yoast.com\/wordpress\/plugins\/seo\/ -->\n<title>Sexo in fraganti - Catalogo | Letrame Grupo Editorial<\/title>\n<meta name=\"robots\" content=\"index, follow, max-snippet:-1, max-image-preview:large, max-video-preview:-1\" \/>\n<link rel=\"canonical\" href=\"https:\/\/letrame.com\/catalogo\/producto\/sexo-in-fraganti\/\" \/>\n<meta property=\"og:locale\" content=\"es_ES\" \/>\n<meta property=\"og:type\" content=\"article\" \/>\n<meta property=\"og:title\" content=\"Sexo in fraganti - Catalogo | Letrame Grupo Editorial\" \/>\n<meta property=\"og:description\" content=\"ISBN:\u00a09788411819152 SINOPSIS El sexo forma parte de nuestras vidas, por lo que la mayor\u00eda de las personas hemos vivido alguna situaci\u00f3n c\u00f3mico-dram\u00e1tica relacionada con un momento er\u00f3tico.  Sexo in fraganti es un libro en el que gente com\u00fan cuenta sus propias historias sobre c\u00f3mo las ganas les metieron en alguna que otra situaci\u00f3n inc\u00f3moda, en la que fueron pillados, o casi, \u00abcon las manos en la masa\u00bb, o fueron testigos, sin quererlo, de alguno de estos momentos de desenfreno.  A trav\u00e9s de los diversos relatos, surgen numerosas cuestiones que ofrecen a la autora y al lector la oportunidad de profundizar, de una manera desenfadada, en un tema a menudo considerado tab\u00fa: el incre\u00edble universo er\u00f3tico.  Esta obra invita a naturalizar la sexualidad desde una perspectiva c\u00f3mica, did\u00e1ctica y er\u00f3tica.\" \/>\n<meta property=\"og:url\" content=\"https:\/\/letrame.com\/catalogo\/producto\/sexo-in-fraganti\/\" \/>\n<meta property=\"og:site_name\" content=\"Catalogo | Letrame Grupo Editorial\" \/>\n<meta property=\"article:modified_time\" content=\"2024-04-29T15:07:21+00:00\" \/>\n<meta property=\"og:image\" content=\"https:\/\/letrame.com\/catalogo\/wp-content\/uploads\/2024\/04\/p_sexoinfraganti_51mm-compressed-scaled-1.jpg\" \/>\n\t<meta property=\"og:image:width\" content=\"1746\" \/>\n\t<meta property=\"og:image:height\" content=\"2560\" \/>\n\t<meta property=\"og:image:type\" content=\"image\/jpeg\" \/>\n<meta name=\"twitter:card\" content=\"summary_large_image\" \/>\n<meta name=\"twitter:label1\" content=\"Tiempo de lectura\" \/>\n\t<meta name=\"twitter:data1\" content=\"1 minuto\" \/>\n<script type=\"application\/ld+json\" class=\"yoast-schema-graph\">{\"@context\":\"https:\/\/schema.org\",\"@graph\":[{\"@type\":\"WebPage\",\"@id\":\"https:\/\/letrame.com\/catalogo\/producto\/sexo-in-fraganti\/\",\"url\":\"https:\/\/letrame.com\/catalogo\/producto\/sexo-in-fraganti\/\",\"name\":\"Sexo in fraganti - Catalogo | Letrame Grupo Editorial\",\"isPartOf\":{\"@id\":\"https:\/\/letrame.com\/catalogo\/#website\"},\"primaryImageOfPage\":{\"@id\":\"https:\/\/letrame.com\/catalogo\/producto\/sexo-in-fraganti\/#primaryimage\"},\"image\":{\"@id\":\"https:\/\/letrame.com\/catalogo\/producto\/sexo-in-fraganti\/#primaryimage\"},\"thumbnailUrl\":\"https:\/\/letrame.com\/catalogo\/wp-content\/uploads\/2024\/04\/p_sexoinfraganti_51mm-compressed-scaled-1.jpg\",\"datePublished\":\"2024-04-29T15:07:11+00:00\",\"dateModified\":\"2024-04-29T15:07:21+00:00\",\"breadcrumb\":{\"@id\":\"https:\/\/letrame.com\/catalogo\/producto\/sexo-in-fraganti\/#breadcrumb\"},\"inLanguage\":\"es\",\"potentialAction\":[{\"@type\":\"ReadAction\",\"target\":[\"https:\/\/letrame.com\/catalogo\/producto\/sexo-in-fraganti\/\"]}]},{\"@type\":\"ImageObject\",\"inLanguage\":\"es\",\"@id\":\"https:\/\/letrame.com\/catalogo\/producto\/sexo-in-fraganti\/#primaryimage\",\"url\":\"https:\/\/letrame.com\/catalogo\/wp-content\/uploads\/2024\/04\/p_sexoinfraganti_51mm-compressed-scaled-1.jpg\",\"contentUrl\":\"https:\/\/letrame.com\/catalogo\/wp-content\/uploads\/2024\/04\/p_sexoinfraganti_51mm-compressed-scaled-1.jpg\",\"width\":1746,\"height\":2560},{\"@type\":\"BreadcrumbList\",\"@id\":\"https:\/\/letrame.com\/catalogo\/producto\/sexo-in-fraganti\/#breadcrumb\",\"itemListElement\":[{\"@type\":\"ListItem\",\"position\":1,\"name\":\"Portada\",\"item\":\"https:\/\/letrame.com\/catalogo\/\"},{\"@type\":\"ListItem\",\"position\":2,\"name\":\"Cat\u00e1logo\",\"item\":\"https:\/\/letrame.com\/catalogo\/\"},{\"@type\":\"ListItem\",\"position\":3,\"name\":\"Sexo in fraganti\"}]},{\"@type\":\"WebSite\",\"@id\":\"https:\/\/letrame.com\/catalogo\/#website\",\"url\":\"https:\/\/letrame.com\/catalogo\/\",\"name\":\"Catalogo | Letrame Grupo Editorial\",\"description\":\"\",\"publisher\":{\"@id\":\"https:\/\/letrame.com\/catalogo\/#organization\"},\"potentialAction\":[{\"@type\":\"SearchAction\",\"target\":{\"@type\":\"EntryPoint\",\"urlTemplate\":\"https:\/\/letrame.com\/catalogo\/?s={search_term_string}\"},\"query-input\":{\"@type\":\"PropertyValueSpecification\",\"valueRequired\":true,\"valueName\":\"search_term_string\"}}],\"inLanguage\":\"es\"},{\"@type\":\"Organization\",\"@id\":\"https:\/\/letrame.com\/catalogo\/#organization\",\"name\":\"Catalogo | Letrame Grupo Editorial\",\"url\":\"https:\/\/letrame.com\/catalogo\/\",\"logo\":{\"@type\":\"ImageObject\",\"inLanguage\":\"es\",\"@id\":\"https:\/\/letrame.com\/catalogo\/#\/schema\/logo\/image\/\",\"url\":\"https:\/\/letrame.com\/catalogo\/wp-content\/uploads\/2024\/03\/logo2.webp\",\"contentUrl\":\"https:\/\/letrame.com\/catalogo\/wp-content\/uploads\/2024\/03\/logo2.webp\",\"width\":394,\"height\":128,\"caption\":\"Catalogo | Letrame Grupo Editorial\"},\"image\":{\"@id\":\"https:\/\/letrame.com\/catalogo\/#\/schema\/logo\/image\/\"}}]}<\/script>\n<!-- \/ Yoast SEO plugin. -->","yoast_head_json":{"title":"Sexo in fraganti - Catalogo | Letrame Grupo Editorial","robots":{"index":"index","follow":"follow","max-snippet":"max-snippet:-1","max-image-preview":"max-image-preview:large","max-video-preview":"max-video-preview:-1"},"canonical":"https:\/\/letrame.com\/catalogo\/producto\/sexo-in-fraganti\/","og_locale":"es_ES","og_type":"article","og_title":"Sexo in fraganti - Catalogo | Letrame Grupo Editorial","og_description":"ISBN:\u00a09788411819152 SINOPSIS El sexo forma parte de nuestras vidas, por lo que la mayor\u00eda de las personas hemos vivido alguna situaci\u00f3n c\u00f3mico-dram\u00e1tica relacionada con un momento er\u00f3tico.  Sexo in fraganti es un libro en el que gente com\u00fan cuenta sus propias historias sobre c\u00f3mo las ganas les metieron en alguna que otra situaci\u00f3n inc\u00f3moda, en la que fueron pillados, o casi, \u00abcon las manos en la masa\u00bb, o fueron testigos, sin quererlo, de alguno de estos momentos de desenfreno.  A trav\u00e9s de los diversos relatos, surgen numerosas cuestiones que ofrecen a la autora y al lector la oportunidad de profundizar, de una manera desenfadada, en un tema a menudo considerado tab\u00fa: el incre\u00edble universo er\u00f3tico.  Esta obra invita a naturalizar la sexualidad desde una perspectiva c\u00f3mica, did\u00e1ctica y er\u00f3tica.","og_url":"https:\/\/letrame.com\/catalogo\/producto\/sexo-in-fraganti\/","og_site_name":"Catalogo | Letrame Grupo Editorial","article_modified_time":"2024-04-29T15:07:21+00:00","og_image":[{"width":1746,"height":2560,"url":"https:\/\/letrame.com\/catalogo\/wp-content\/uploads\/2024\/04\/p_sexoinfraganti_51mm-compressed-scaled-1.jpg","type":"image\/jpeg"}],"twitter_card":"summary_large_image","twitter_misc":{"Tiempo de lectura":"1 minuto"},"schema":{"@context":"https:\/\/schema.org","@graph":[{"@type":"WebPage","@id":"https:\/\/letrame.com\/catalogo\/producto\/sexo-in-fraganti\/","url":"https:\/\/letrame.com\/catalogo\/producto\/sexo-in-fraganti\/","name":"Sexo in fraganti - Catalogo | Letrame Grupo Editorial","isPartOf":{"@id":"https:\/\/letrame.com\/catalogo\/#website"},"primaryImageOfPage":{"@id":"https:\/\/letrame.com\/catalogo\/producto\/sexo-in-fraganti\/#primaryimage"},"image":{"@id":"https:\/\/letrame.com\/catalogo\/producto\/sexo-in-fraganti\/#primaryimage"},"thumbnailUrl":"https:\/\/letrame.com\/catalogo\/wp-content\/uploads\/2024\/04\/p_sexoinfraganti_51mm-compressed-scaled-1.jpg","datePublished":"2024-04-29T15:07:11+00:00","dateModified":"2024-04-29T15:07:21+00:00","breadcrumb":{"@id":"https:\/\/letrame.com\/catalogo\/producto\/sexo-in-fraganti\/#breadcrumb"},"inLanguage":"es","potentialAction":[{"@type":"ReadAction","target":["https:\/\/letrame.com\/catalogo\/producto\/sexo-in-fraganti\/"]}]},{"@type":"ImageObject","inLanguage":"es","@id":"https:\/\/letrame.com\/catalogo\/producto\/sexo-in-fraganti\/#primaryimage","url":"https:\/\/letrame.com\/catalogo\/wp-content\/uploads\/2024\/04\/p_sexoinfraganti_51mm-compressed-scaled-1.jpg","contentUrl":"https:\/\/letrame.com\/catalogo\/wp-content\/uploads\/2024\/04\/p_sexoinfraganti_51mm-compressed-scaled-1.jpg","width":1746,"height":2560},{"@type":"BreadcrumbList","@id":"https:\/\/letrame.com\/catalogo\/producto\/sexo-in-fraganti\/#breadcrumb","itemListElement":[{"@type":"ListItem","position":1,"name":"Portada","item":"https:\/\/letrame.com\/catalogo\/"},{"@type":"ListItem","position":2,"name":"Cat\u00e1logo","item":"https:\/\/letrame.com\/catalogo\/"},{"@type":"ListItem","position":3,"name":"Sexo in fraganti"}]},{"@type":"WebSite","@id":"https:\/\/letrame.com\/catalogo\/#website","url":"https:\/\/letrame.com\/catalogo\/","name":"Catalogo | Letrame Grupo Editorial","description":"","publisher":{"@id":"https:\/\/letrame.com\/catalogo\/#organization"},"potentialAction":[{"@type":"SearchAction","target":{"@type":"EntryPoint","urlTemplate":"https:\/\/letrame.com\/catalogo\/?s={search_term_string}"},"query-input":{"@type":"PropertyValueSpecification","valueRequired":true,"valueName":"search_term_string"}}],"inLanguage":"es"},{"@type":"Organization","@id":"https:\/\/letrame.com\/catalogo\/#organization","name":"Catalogo | Letrame Grupo Editorial","url":"https:\/\/letrame.com\/catalogo\/","logo":{"@type":"ImageObject","inLanguage":"es","@id":"https:\/\/letrame.com\/catalogo\/#\/schema\/logo\/image\/","url":"https:\/\/letrame.com\/catalogo\/wp-content\/uploads\/2024\/03\/logo2.webp","contentUrl":"https:\/\/letrame.com\/catalogo\/wp-content\/uploads\/2024\/03\/logo2.webp","width":394,"height":128,"caption":"Catalogo | Letrame Grupo Editorial"},"image":{"@id":"https:\/\/letrame.com\/catalogo\/#\/schema\/logo\/image\/"}}]}},"_links":{"self":[{"href":"https:\/\/letrame.com\/catalogo\/wp-json\/wp\/v2\/product\/99804","targetHints":{"allow":["GET"]}}],"collection":[{"href":"https:\/\/letrame.com\/catalogo\/wp-json\/wp\/v2\/product"}],"about":[{"href":"https:\/\/letrame.com\/catalogo\/wp-json\/wp\/v2\/types\/product"}],"replies":[{"embeddable":true,"href":"https:\/\/letrame.com\/catalogo\/wp-json\/wp\/v2\/comments?post=99804"}],"acf:post":[{"embeddable":true,"href":"https:\/\/letrame.com\/catalogo\/wp-json\/wp\/v2\/author_book\/78039"}],"wp:featuredmedia":[{"embeddable":true,"href":"https:\/\/letrame.com\/catalogo\/wp-json\/wp\/v2\/media\/99805"}],"wp:attachment":[{"href":"https:\/\/letrame.com\/catalogo\/wp-json\/wp\/v2\/media?parent=99804"}],"wp:term":[{"taxonomy":"libro","embeddable":true,"href":"https:\/\/letrame.com\/catalogo\/wp-json\/wp\/v2\/libro?post=99804"},{"taxonomy":"product_brand","embeddable":true,"href":"https:\/\/letrame.com\/catalogo\/wp-json\/wp\/v2\/product_brand?post=99804"},{"taxonomy":"product_cat","embeddable":true,"href":"https:\/\/letrame.com\/catalogo\/wp-json\/wp\/v2\/product_cat?post=99804"},{"taxonomy":"product_tag","embeddable":true,"href":"https:\/\/letrame.com\/catalogo\/wp-json\/wp\/v2\/product_tag?post=99804"}],"curies":[{"name":"wp","href":"https:\/\/api.w.org\/{rel}","templated":true}]}}