{"id":99800,"date":"2024-04-29T17:06:35","date_gmt":"2024-04-29T15:06:35","guid":{"rendered":"https:\/\/letrame.com\/catalogo\/producto\/entre-dos-amores\/"},"modified":"2024-07-03T14:32:46","modified_gmt":"2024-07-03T12:32:46","slug":"entre-dos-amores","status":"publish","type":"product","link":"https:\/\/letrame.com\/catalogo\/producto\/entre-dos-amores\/","title":{"rendered":"Entre dos amores"},"content":{"rendered":"<p>ISBN:\u00a09788411819930<br \/>\nT\u00edtulo:_Entre dos amores<br \/>\nFecha:_2024<br \/>\nP\u00e1ginas:\u00a0438<br \/>\nSINOPSIS<br \/>\nSusana es una hermosa ni\u00f1a rubia de ojos verdes. Pese a que perdi\u00f3 a su madre con tan solo once a\u00f1os y, a la vez, quedar en la pobreza, toma la decisi\u00f3n de encargarse de su familia brindando todo su apoyo y convirti\u00e9ndose en la mano derecha de su padre. Con mucho entusiasmo y convencida de llegar a tenerlo todo para compartir con su padre y hermanos de nueve y seis a\u00f1os, a quienes dice \u00abmis amores\u00bb.<br \/>\nSigue adelante, con esfuerzo y la capacidad que tiene para estudiar, bailar y cantar, as\u00ed tiene algunos logros hasta su adolescencia, d\u00f3nde al parecer conoce a quien fuese su primer amor. Pero al no ser lo que ella espera, aprovecha la oportunidad para tener su primera experiencia como mujer en un verdadero amor lleno de pasi\u00f3n y deseo.<br \/>\nAunque siente su vida enredada, no se atreve a dar explicaciones a sus amores por su nuevo sentimiento, decide entonces darse algo de tiempo para disfrutar cada beso y caricia de su nuevo amor, con intenso y apasionado sexo, transportada a un mundo desconocido pero fascinante para ella. Esta nueva vida viene acompa\u00f1ada con muchos detalles, viajes y obsequios inesperados. A lo que la lleva a una vida con mucha intensidad y en ocasiones complicada para su edad.<br \/>\nCuando todo parece estar muy bien para ella y sus amores, una sorpresiva enfermedad opaca sus expectativas. Pero es su personalidad decidir no darse por vencida y pese al diagnostico, son muchos a\u00f1os logrando cumplir la promesa de dar apoyo y compa\u00f1\u00eda a sus amores, los que se refieren a ella como su reina.<\/p>\n","protected":false},"excerpt":{"rendered":"<p>ISBN:\u00a09788411819930<\/p>\n<p>SINOPSIS<br \/>\nSusana es una hermosa ni\u00f1a rubia de ojos verdes. Pese a que perdi\u00f3 a su madre con tan solo once a\u00f1os y, a la vez, quedar en la pobreza, toma la decisi\u00f3n de encargarse de su familia brindando todo su apoyo y convirti\u00e9ndose en la mano derecha de su padre. Con mucho entusiasmo y convencida de llegar a tenerlo todo para compartir con su padre y hermanos de nueve y seis a\u00f1os, a quienes dice \u00abmis amores\u00bb.<br \/>\nSigue adelante, con esfuerzo y la capacidad que tiene para estudiar, bailar y cantar, as\u00ed tiene algunos logros hasta su adolescencia, d\u00f3nde al parecer conoce a quien fuese su primer amor. Pero al no ser lo que ella espera, aprovecha la oportunidad para tener su primera experiencia como mujer en un verdadero amor lleno de pasi\u00f3n y deseo.<br \/>\nAunque siente su vida enredada, no se atreve a dar explicaciones a sus amores por su nuevo sentimiento, decide entonces darse algo de tiempo para disfrutar cada beso y caricia de su nuevo amor, con intenso y apasionado sexo, transportada a un mundo desconocido pero fascinante para ella. Esta nueva vida viene acompa\u00f1ada con muchos detalles, viajes y obsequios inesperados. A lo que la lleva a una vida con mucha intensidad y en ocasiones complicada para su edad.<br \/>\nCuando todo parece estar muy bien para ella y sus amores, una sorpresiva enfermedad opaca sus expectativas. Pero es su personalidad decidir no darse por vencida y pese al diagnostico, son muchos a\u00f1os logrando cumplir la promesa de dar apoyo y compa\u00f1\u00eda a sus amores, los que se refieren a ella como su reina.<\/p>\n","protected":false},"featured_media":99801,"comment_status":"closed","ping_status":"closed","template":"","meta":{"_acf_changed":false},"libro":[],"product_brand":[],"product_cat":[50],"product_tag":[],"class_list":{"0":"post-99800","1":"product","2":"type-product","3":"status-publish","4":"has-post-thumbnail","6":"product_cat-novela-romantica","8":"first","9":"instock","10":"product-type-simple"},"acf":{"autor":[78036],"enlace_de_compra":"https:\/\/amzn.to\/4eNZwaQ"},"yoast_head":"<!-- This site is optimized with the Yoast SEO plugin v27.4 - https:\/\/yoast.com\/product\/yoast-seo-wordpress\/ -->\n<title>Entre dos amores - Catalogo | Letrame Grupo Editorial<\/title>\n<meta name=\"robots\" content=\"index, follow, max-snippet:-1, max-image-preview:large, max-video-preview:-1\" \/>\n<link rel=\"canonical\" href=\"https:\/\/letrame.com\/catalogo\/producto\/entre-dos-amores\/\" \/>\n<meta property=\"og:locale\" content=\"es_ES\" \/>\n<meta property=\"og:type\" content=\"article\" \/>\n<meta property=\"og:title\" content=\"Entre dos amores - Catalogo | Letrame Grupo Editorial\" \/>\n<meta property=\"og:description\" content=\"ISBN:\u00a09788411819930  SINOPSIS Susana es una hermosa ni\u00f1a rubia de ojos verdes. Pese a que perdi\u00f3 a su madre con tan solo once a\u00f1os y, a la vez, quedar en la pobreza, toma la decisi\u00f3n de encargarse de su familia brindando todo su apoyo y convirti\u00e9ndose en la mano derecha de su padre. Con mucho entusiasmo y convencida de llegar a tenerlo todo para compartir con su padre y hermanos de nueve y seis a\u00f1os, a quienes dice \u00abmis amores\u00bb. Sigue adelante, con esfuerzo y la capacidad que tiene para estudiar, bailar y cantar, as\u00ed tiene algunos logros hasta su adolescencia, d\u00f3nde al parecer conoce a quien fuese su primer amor. Pero al no ser lo que ella espera, aprovecha la oportunidad para tener su primera experiencia como mujer en un verdadero amor lleno de pasi\u00f3n y deseo. Aunque siente su vida enredada, no se atreve a dar explicaciones a sus amores por su nuevo sentimiento, decide entonces darse algo de tiempo para disfrutar cada beso y caricia de su nuevo amor, con intenso y apasionado sexo, transportada a un mundo desconocido pero fascinante para ella. Esta nueva vida viene acompa\u00f1ada con muchos detalles, viajes y obsequios inesperados. A lo que la lleva a una vida con mucha intensidad y en ocasiones complicada para su edad. Cuando todo parece estar muy bien para ella y sus amores, una sorpresiva enfermedad opaca sus expectativas. Pero es su personalidad decidir no darse por vencida y pese al diagnostico, son muchos a\u00f1os logrando cumplir la promesa de dar apoyo y compa\u00f1\u00eda a sus amores, los que se refieren a ella como su reina.\" \/>\n<meta property=\"og:url\" content=\"https:\/\/letrame.com\/catalogo\/producto\/entre-dos-amores\/\" \/>\n<meta property=\"og:site_name\" content=\"Catalogo | Letrame Grupo Editorial\" \/>\n<meta property=\"article:modified_time\" content=\"2024-07-03T12:32:46+00:00\" \/>\n<meta property=\"og:image\" content=\"https:\/\/letrame.com\/catalogo\/wp-content\/uploads\/2024\/04\/webp_entredosamores_2127mm-compressed-scaled-1.jpg\" \/>\n\t<meta property=\"og:image:width\" content=\"1813\" \/>\n\t<meta property=\"og:image:height\" content=\"2560\" \/>\n\t<meta property=\"og:image:type\" content=\"image\/jpeg\" \/>\n<meta name=\"twitter:card\" content=\"summary_large_image\" \/>\n<meta name=\"twitter:label1\" content=\"Tiempo de lectura\" \/>\n\t<meta name=\"twitter:data1\" content=\"2 minutos\" \/>\n<script type=\"application\/ld+json\" class=\"yoast-schema-graph\">{\"@context\":\"https:\\\/\\\/schema.org\",\"@graph\":[{\"@type\":\"WebPage\",\"@id\":\"https:\\\/\\\/letrame.com\\\/catalogo\\\/producto\\\/entre-dos-amores\\\/\",\"url\":\"https:\\\/\\\/letrame.com\\\/catalogo\\\/producto\\\/entre-dos-amores\\\/\",\"name\":\"Entre dos amores - Catalogo | Letrame Grupo Editorial\",\"isPartOf\":{\"@id\":\"https:\\\/\\\/letrame.com\\\/catalogo\\\/#website\"},\"primaryImageOfPage\":{\"@id\":\"https:\\\/\\\/letrame.com\\\/catalogo\\\/producto\\\/entre-dos-amores\\\/#primaryimage\"},\"image\":{\"@id\":\"https:\\\/\\\/letrame.com\\\/catalogo\\\/producto\\\/entre-dos-amores\\\/#primaryimage\"},\"thumbnailUrl\":\"https:\\\/\\\/letrame.com\\\/catalogo\\\/wp-content\\\/uploads\\\/2024\\\/04\\\/webp_entredosamores_2127mm-compressed-scaled-1.jpg\",\"datePublished\":\"2024-04-29T15:06:35+00:00\",\"dateModified\":\"2024-07-03T12:32:46+00:00\",\"breadcrumb\":{\"@id\":\"https:\\\/\\\/letrame.com\\\/catalogo\\\/producto\\\/entre-dos-amores\\\/#breadcrumb\"},\"inLanguage\":\"es\",\"potentialAction\":[{\"@type\":\"ReadAction\",\"target\":[\"https:\\\/\\\/letrame.com\\\/catalogo\\\/producto\\\/entre-dos-amores\\\/\"]}]},{\"@type\":\"ImageObject\",\"inLanguage\":\"es\",\"@id\":\"https:\\\/\\\/letrame.com\\\/catalogo\\\/producto\\\/entre-dos-amores\\\/#primaryimage\",\"url\":\"https:\\\/\\\/letrame.com\\\/catalogo\\\/wp-content\\\/uploads\\\/2024\\\/04\\\/webp_entredosamores_2127mm-compressed-scaled-1.jpg\",\"contentUrl\":\"https:\\\/\\\/letrame.com\\\/catalogo\\\/wp-content\\\/uploads\\\/2024\\\/04\\\/webp_entredosamores_2127mm-compressed-scaled-1.jpg\",\"width\":1813,\"height\":2560},{\"@type\":\"BreadcrumbList\",\"@id\":\"https:\\\/\\\/letrame.com\\\/catalogo\\\/producto\\\/entre-dos-amores\\\/#breadcrumb\",\"itemListElement\":[{\"@type\":\"ListItem\",\"position\":1,\"name\":\"Portada\",\"item\":\"https:\\\/\\\/letrame.com\\\/catalogo\\\/\"},{\"@type\":\"ListItem\",\"position\":2,\"name\":\"Cat\u00e1logo\",\"item\":\"https:\\\/\\\/letrame.com\\\/catalogo\\\/\"},{\"@type\":\"ListItem\",\"position\":3,\"name\":\"Entre dos amores\"}]},{\"@type\":\"WebSite\",\"@id\":\"https:\\\/\\\/letrame.com\\\/catalogo\\\/#website\",\"url\":\"https:\\\/\\\/letrame.com\\\/catalogo\\\/\",\"name\":\"Catalogo | Letrame Grupo Editorial\",\"description\":\"\",\"publisher\":{\"@id\":\"https:\\\/\\\/letrame.com\\\/catalogo\\\/#organization\"},\"potentialAction\":[{\"@type\":\"SearchAction\",\"target\":{\"@type\":\"EntryPoint\",\"urlTemplate\":\"https:\\\/\\\/letrame.com\\\/catalogo\\\/?s={search_term_string}\"},\"query-input\":{\"@type\":\"PropertyValueSpecification\",\"valueRequired\":true,\"valueName\":\"search_term_string\"}}],\"inLanguage\":\"es\"},{\"@type\":\"Organization\",\"@id\":\"https:\\\/\\\/letrame.com\\\/catalogo\\\/#organization\",\"name\":\"Catalogo | Letrame Grupo Editorial\",\"url\":\"https:\\\/\\\/letrame.com\\\/catalogo\\\/\",\"logo\":{\"@type\":\"ImageObject\",\"inLanguage\":\"es\",\"@id\":\"https:\\\/\\\/letrame.com\\\/catalogo\\\/#\\\/schema\\\/logo\\\/image\\\/\",\"url\":\"https:\\\/\\\/letrame.com\\\/catalogo\\\/wp-content\\\/uploads\\\/2024\\\/03\\\/logo2.webp\",\"contentUrl\":\"https:\\\/\\\/letrame.com\\\/catalogo\\\/wp-content\\\/uploads\\\/2024\\\/03\\\/logo2.webp\",\"width\":394,\"height\":128,\"caption\":\"Catalogo | Letrame Grupo Editorial\"},\"image\":{\"@id\":\"https:\\\/\\\/letrame.com\\\/catalogo\\\/#\\\/schema\\\/logo\\\/image\\\/\"}}]}<\/script>\n<!-- \/ Yoast SEO plugin. -->","yoast_head_json":{"title":"Entre dos amores - Catalogo | Letrame Grupo Editorial","robots":{"index":"index","follow":"follow","max-snippet":"max-snippet:-1","max-image-preview":"max-image-preview:large","max-video-preview":"max-video-preview:-1"},"canonical":"https:\/\/letrame.com\/catalogo\/producto\/entre-dos-amores\/","og_locale":"es_ES","og_type":"article","og_title":"Entre dos amores - Catalogo | Letrame Grupo Editorial","og_description":"ISBN:\u00a09788411819930  SINOPSIS Susana es una hermosa ni\u00f1a rubia de ojos verdes. Pese a que perdi\u00f3 a su madre con tan solo once a\u00f1os y, a la vez, quedar en la pobreza, toma la decisi\u00f3n de encargarse de su familia brindando todo su apoyo y convirti\u00e9ndose en la mano derecha de su padre. Con mucho entusiasmo y convencida de llegar a tenerlo todo para compartir con su padre y hermanos de nueve y seis a\u00f1os, a quienes dice \u00abmis amores\u00bb. Sigue adelante, con esfuerzo y la capacidad que tiene para estudiar, bailar y cantar, as\u00ed tiene algunos logros hasta su adolescencia, d\u00f3nde al parecer conoce a quien fuese su primer amor. Pero al no ser lo que ella espera, aprovecha la oportunidad para tener su primera experiencia como mujer en un verdadero amor lleno de pasi\u00f3n y deseo. Aunque siente su vida enredada, no se atreve a dar explicaciones a sus amores por su nuevo sentimiento, decide entonces darse algo de tiempo para disfrutar cada beso y caricia de su nuevo amor, con intenso y apasionado sexo, transportada a un mundo desconocido pero fascinante para ella. Esta nueva vida viene acompa\u00f1ada con muchos detalles, viajes y obsequios inesperados. A lo que la lleva a una vida con mucha intensidad y en ocasiones complicada para su edad. Cuando todo parece estar muy bien para ella y sus amores, una sorpresiva enfermedad opaca sus expectativas. Pero es su personalidad decidir no darse por vencida y pese al diagnostico, son muchos a\u00f1os logrando cumplir la promesa de dar apoyo y compa\u00f1\u00eda a sus amores, los que se refieren a ella como su reina.","og_url":"https:\/\/letrame.com\/catalogo\/producto\/entre-dos-amores\/","og_site_name":"Catalogo | Letrame Grupo Editorial","article_modified_time":"2024-07-03T12:32:46+00:00","og_image":[{"width":1813,"height":2560,"url":"https:\/\/letrame.com\/catalogo\/wp-content\/uploads\/2024\/04\/webp_entredosamores_2127mm-compressed-scaled-1.jpg","type":"image\/jpeg"}],"twitter_card":"summary_large_image","twitter_misc":{"Tiempo de lectura":"2 minutos"},"schema":{"@context":"https:\/\/schema.org","@graph":[{"@type":"WebPage","@id":"https:\/\/letrame.com\/catalogo\/producto\/entre-dos-amores\/","url":"https:\/\/letrame.com\/catalogo\/producto\/entre-dos-amores\/","name":"Entre dos amores - Catalogo | Letrame Grupo Editorial","isPartOf":{"@id":"https:\/\/letrame.com\/catalogo\/#website"},"primaryImageOfPage":{"@id":"https:\/\/letrame.com\/catalogo\/producto\/entre-dos-amores\/#primaryimage"},"image":{"@id":"https:\/\/letrame.com\/catalogo\/producto\/entre-dos-amores\/#primaryimage"},"thumbnailUrl":"https:\/\/letrame.com\/catalogo\/wp-content\/uploads\/2024\/04\/webp_entredosamores_2127mm-compressed-scaled-1.jpg","datePublished":"2024-04-29T15:06:35+00:00","dateModified":"2024-07-03T12:32:46+00:00","breadcrumb":{"@id":"https:\/\/letrame.com\/catalogo\/producto\/entre-dos-amores\/#breadcrumb"},"inLanguage":"es","potentialAction":[{"@type":"ReadAction","target":["https:\/\/letrame.com\/catalogo\/producto\/entre-dos-amores\/"]}]},{"@type":"ImageObject","inLanguage":"es","@id":"https:\/\/letrame.com\/catalogo\/producto\/entre-dos-amores\/#primaryimage","url":"https:\/\/letrame.com\/catalogo\/wp-content\/uploads\/2024\/04\/webp_entredosamores_2127mm-compressed-scaled-1.jpg","contentUrl":"https:\/\/letrame.com\/catalogo\/wp-content\/uploads\/2024\/04\/webp_entredosamores_2127mm-compressed-scaled-1.jpg","width":1813,"height":2560},{"@type":"BreadcrumbList","@id":"https:\/\/letrame.com\/catalogo\/producto\/entre-dos-amores\/#breadcrumb","itemListElement":[{"@type":"ListItem","position":1,"name":"Portada","item":"https:\/\/letrame.com\/catalogo\/"},{"@type":"ListItem","position":2,"name":"Cat\u00e1logo","item":"https:\/\/letrame.com\/catalogo\/"},{"@type":"ListItem","position":3,"name":"Entre dos amores"}]},{"@type":"WebSite","@id":"https:\/\/letrame.com\/catalogo\/#website","url":"https:\/\/letrame.com\/catalogo\/","name":"Catalogo | Letrame Grupo Editorial","description":"","publisher":{"@id":"https:\/\/letrame.com\/catalogo\/#organization"},"potentialAction":[{"@type":"SearchAction","target":{"@type":"EntryPoint","urlTemplate":"https:\/\/letrame.com\/catalogo\/?s={search_term_string}"},"query-input":{"@type":"PropertyValueSpecification","valueRequired":true,"valueName":"search_term_string"}}],"inLanguage":"es"},{"@type":"Organization","@id":"https:\/\/letrame.com\/catalogo\/#organization","name":"Catalogo | Letrame Grupo Editorial","url":"https:\/\/letrame.com\/catalogo\/","logo":{"@type":"ImageObject","inLanguage":"es","@id":"https:\/\/letrame.com\/catalogo\/#\/schema\/logo\/image\/","url":"https:\/\/letrame.com\/catalogo\/wp-content\/uploads\/2024\/03\/logo2.webp","contentUrl":"https:\/\/letrame.com\/catalogo\/wp-content\/uploads\/2024\/03\/logo2.webp","width":394,"height":128,"caption":"Catalogo | Letrame Grupo Editorial"},"image":{"@id":"https:\/\/letrame.com\/catalogo\/#\/schema\/logo\/image\/"}}]}},"_links":{"self":[{"href":"https:\/\/letrame.com\/catalogo\/wp-json\/wp\/v2\/product\/99800","targetHints":{"allow":["GET"]}}],"collection":[{"href":"https:\/\/letrame.com\/catalogo\/wp-json\/wp\/v2\/product"}],"about":[{"href":"https:\/\/letrame.com\/catalogo\/wp-json\/wp\/v2\/types\/product"}],"replies":[{"embeddable":true,"href":"https:\/\/letrame.com\/catalogo\/wp-json\/wp\/v2\/comments?post=99800"}],"acf:post":[{"embeddable":true,"href":"https:\/\/letrame.com\/catalogo\/wp-json\/wp\/v2\/author_book\/78036"}],"wp:featuredmedia":[{"embeddable":true,"href":"https:\/\/letrame.com\/catalogo\/wp-json\/wp\/v2\/media\/99801"}],"wp:attachment":[{"href":"https:\/\/letrame.com\/catalogo\/wp-json\/wp\/v2\/media?parent=99800"}],"wp:term":[{"taxonomy":"libro","embeddable":true,"href":"https:\/\/letrame.com\/catalogo\/wp-json\/wp\/v2\/libro?post=99800"},{"taxonomy":"product_brand","embeddable":true,"href":"https:\/\/letrame.com\/catalogo\/wp-json\/wp\/v2\/product_brand?post=99800"},{"taxonomy":"product_cat","embeddable":true,"href":"https:\/\/letrame.com\/catalogo\/wp-json\/wp\/v2\/product_cat?post=99800"},{"taxonomy":"product_tag","embeddable":true,"href":"https:\/\/letrame.com\/catalogo\/wp-json\/wp\/v2\/product_tag?post=99800"}],"curies":[{"name":"wp","href":"https:\/\/api.w.org\/{rel}","templated":true}]}}