{"id":99796,"date":"2024-04-29T17:06:35","date_gmt":"2024-04-29T15:06:35","guid":{"rendered":"https:\/\/letrame.com\/catalogo\/producto\/nos-vemos-en-el-bar\/"},"modified":"2024-04-29T17:06:35","modified_gmt":"2024-04-29T15:06:35","slug":"nos-vemos-en-el-bar","status":"publish","type":"product","link":"https:\/\/letrame.com\/catalogo\/producto\/nos-vemos-en-el-bar\/","title":{"rendered":"Nos vemos en el Bar"},"content":{"rendered":"<p>ISBN:\u00a09788411819428<br \/>\nT\u00edtulo:_Nos vemos en el Bar<br \/>\nFecha:_2024<br \/>\nP\u00e1ginas:\u00a0266<br \/>\nSINOPSIS<br \/>\nTodos los pueblos, por peque\u00f1os que sean, tienen un bar, un sitio de reencuentro, un espacio para compartir. Yakela se dirige all\u00ed cada d\u00eda para expresar sus sentimientos y compartir sus dudas en voz alta. No sabe si nadie la o lo escucha, pero solo es all\u00ed donde se siente libre y puede expresarse tal y como es. Mediante estas cortas historias podremos empezar a conocer tal y como es ella\/\u00e9l, pues estos son los \u00abentrantes\u00bb a sus historias.<br \/>\nEs momento de averiguar qui\u00e9n es, o bien intentar saber si esas historias son suyas o de los que est\u00e1n sentados all\u00ed a su alrededor; en aquella barra del bar, que nunca sabremos si est\u00e1 vac\u00eda o si nunca existi\u00f3.<br \/>\nTal vez estas peque\u00f1as historias fueron contadas por ti mismo. Cualquier semejanza con tu vida no es una coincidencia, pues tanto t\u00fa, lector\/a, como Yakela, form\u00e1is parte de una misma vida que est\u00e1is viviendo, con o sin barra de bar, real o inventada.<br \/>\nNos vemos en el bar.<\/p>\n","protected":false},"excerpt":{"rendered":"<p>ISBN:\u00a09788411819428<\/p>\n<p>SINOPSIS<br \/>\nTodos los pueblos, por peque\u00f1os que sean, tienen un bar, un sitio de reencuentro, un espacio para compartir. Yakela se dirige all\u00ed cada d\u00eda para expresar sus sentimientos y compartir sus dudas en voz alta. No sabe si nadie la o lo escucha, pero solo es all\u00ed donde se siente libre y puede expresarse tal y como es. Mediante estas cortas historias podremos empezar a conocer tal y como es ella\/\u00e9l, pues estos son los \u00abentrantes\u00bb a sus historias.<br \/>\nEs momento de averiguar qui\u00e9n es, o bien intentar saber si esas historias son suyas o de los que est\u00e1n sentados all\u00ed a su alrededor; en aquella barra del bar, que nunca sabremos si est\u00e1 vac\u00eda o si nunca existi\u00f3.<br \/>\nTal vez estas peque\u00f1as historias fueron contadas por ti mismo. Cualquier semejanza con tu vida no es una coincidencia, pues tanto t\u00fa, lector\/a, como Yakela, form\u00e1is parte de una misma vida que est\u00e1is viviendo, con o sin barra de bar, real o inventada.<br \/>\nNos vemos en el bar.<\/p>\n","protected":false},"featured_media":99797,"comment_status":"closed","ping_status":"open","template":"","meta":{"_acf_changed":false},"libro":[],"product_brand":[],"product_cat":[47],"product_tag":[],"class_list":{"0":"post-99796","1":"product","2":"type-product","3":"status-publish","4":"has-post-thumbnail","6":"product_cat-ciencia-ficcion-misterio","8":"first","9":"instock","10":"product-type-simple"},"acf":{"autor":[78031],"enlace_de_compra":"https:\/\/www.agapea.com\/Yakela-Relabe\/Nos-vemos-en-el-bar-9788411819428-i.htm"},"yoast_head":"<!-- This site is optimized with the Yoast SEO plugin v26.6 - https:\/\/yoast.com\/wordpress\/plugins\/seo\/ -->\n<title>Nos vemos en el Bar - Catalogo | Letrame Grupo Editorial<\/title>\n<meta name=\"robots\" content=\"index, follow, max-snippet:-1, max-image-preview:large, max-video-preview:-1\" \/>\n<link rel=\"canonical\" href=\"https:\/\/letrame.com\/catalogo\/producto\/nos-vemos-en-el-bar\/\" \/>\n<meta property=\"og:locale\" content=\"es_ES\" \/>\n<meta property=\"og:type\" content=\"article\" \/>\n<meta property=\"og:title\" content=\"Nos vemos en el Bar - Catalogo | Letrame Grupo Editorial\" \/>\n<meta property=\"og:description\" content=\"ISBN:\u00a09788411819428 SINOPSIS Todos los pueblos, por peque\u00f1os que sean, tienen un bar, un sitio de reencuentro, un espacio para compartir. Yakela se dirige all\u00ed cada d\u00eda para expresar sus sentimientos y compartir sus dudas en voz alta. No sabe si nadie la o lo escucha, pero solo es all\u00ed donde se siente libre y puede expresarse tal y como es. Mediante estas cortas historias podremos empezar a conocer tal y como es ella\/\u00e9l, pues estos son los \u00abentrantes\u00bb a sus historias. Es momento de averiguar qui\u00e9n es, o bien intentar saber si esas historias son suyas o de los que est\u00e1n sentados all\u00ed a su alrededor; en aquella barra del bar, que nunca sabremos si est\u00e1 vac\u00eda o si nunca existi\u00f3. Tal vez estas peque\u00f1as historias fueron contadas por ti mismo. Cualquier semejanza con tu vida no es una coincidencia, pues tanto t\u00fa, lector\/a, como Yakela, form\u00e1is parte de una misma vida que est\u00e1is viviendo, con o sin barra de bar, real o inventada. Nos vemos en el bar.\" \/>\n<meta property=\"og:url\" content=\"https:\/\/letrame.com\/catalogo\/producto\/nos-vemos-en-el-bar\/\" \/>\n<meta property=\"og:site_name\" content=\"Catalogo | Letrame Grupo Editorial\" \/>\n<meta property=\"og:image\" content=\"https:\/\/letrame.com\/catalogo\/wp-content\/uploads\/2024\/04\/webp_nosvemos_1334mm-compressed-scaled-1.jpg\" \/>\n\t<meta property=\"og:image:width\" content=\"1746\" \/>\n\t<meta property=\"og:image:height\" content=\"2560\" \/>\n\t<meta property=\"og:image:type\" content=\"image\/jpeg\" \/>\n<meta name=\"twitter:card\" content=\"summary_large_image\" \/>\n<meta name=\"twitter:label1\" content=\"Tiempo de lectura\" \/>\n\t<meta name=\"twitter:data1\" content=\"1 minuto\" \/>\n<script type=\"application\/ld+json\" class=\"yoast-schema-graph\">{\"@context\":\"https:\/\/schema.org\",\"@graph\":[{\"@type\":\"WebPage\",\"@id\":\"https:\/\/letrame.com\/catalogo\/producto\/nos-vemos-en-el-bar\/\",\"url\":\"https:\/\/letrame.com\/catalogo\/producto\/nos-vemos-en-el-bar\/\",\"name\":\"Nos vemos en el Bar - Catalogo | Letrame Grupo Editorial\",\"isPartOf\":{\"@id\":\"https:\/\/letrame.com\/catalogo\/#website\"},\"primaryImageOfPage\":{\"@id\":\"https:\/\/letrame.com\/catalogo\/producto\/nos-vemos-en-el-bar\/#primaryimage\"},\"image\":{\"@id\":\"https:\/\/letrame.com\/catalogo\/producto\/nos-vemos-en-el-bar\/#primaryimage\"},\"thumbnailUrl\":\"https:\/\/letrame.com\/catalogo\/wp-content\/uploads\/2024\/04\/webp_nosvemos_1334mm-compressed-scaled-1.jpg\",\"datePublished\":\"2024-04-29T15:06:35+00:00\",\"breadcrumb\":{\"@id\":\"https:\/\/letrame.com\/catalogo\/producto\/nos-vemos-en-el-bar\/#breadcrumb\"},\"inLanguage\":\"es\",\"potentialAction\":[{\"@type\":\"ReadAction\",\"target\":[\"https:\/\/letrame.com\/catalogo\/producto\/nos-vemos-en-el-bar\/\"]}]},{\"@type\":\"ImageObject\",\"inLanguage\":\"es\",\"@id\":\"https:\/\/letrame.com\/catalogo\/producto\/nos-vemos-en-el-bar\/#primaryimage\",\"url\":\"https:\/\/letrame.com\/catalogo\/wp-content\/uploads\/2024\/04\/webp_nosvemos_1334mm-compressed-scaled-1.jpg\",\"contentUrl\":\"https:\/\/letrame.com\/catalogo\/wp-content\/uploads\/2024\/04\/webp_nosvemos_1334mm-compressed-scaled-1.jpg\",\"width\":1746,\"height\":2560},{\"@type\":\"BreadcrumbList\",\"@id\":\"https:\/\/letrame.com\/catalogo\/producto\/nos-vemos-en-el-bar\/#breadcrumb\",\"itemListElement\":[{\"@type\":\"ListItem\",\"position\":1,\"name\":\"Portada\",\"item\":\"https:\/\/letrame.com\/catalogo\/\"},{\"@type\":\"ListItem\",\"position\":2,\"name\":\"Cat\u00e1logo\",\"item\":\"https:\/\/letrame.com\/catalogo\/\"},{\"@type\":\"ListItem\",\"position\":3,\"name\":\"Nos vemos en el Bar\"}]},{\"@type\":\"WebSite\",\"@id\":\"https:\/\/letrame.com\/catalogo\/#website\",\"url\":\"https:\/\/letrame.com\/catalogo\/\",\"name\":\"Catalogo | Letrame Grupo Editorial\",\"description\":\"\",\"publisher\":{\"@id\":\"https:\/\/letrame.com\/catalogo\/#organization\"},\"potentialAction\":[{\"@type\":\"SearchAction\",\"target\":{\"@type\":\"EntryPoint\",\"urlTemplate\":\"https:\/\/letrame.com\/catalogo\/?s={search_term_string}\"},\"query-input\":{\"@type\":\"PropertyValueSpecification\",\"valueRequired\":true,\"valueName\":\"search_term_string\"}}],\"inLanguage\":\"es\"},{\"@type\":\"Organization\",\"@id\":\"https:\/\/letrame.com\/catalogo\/#organization\",\"name\":\"Catalogo | Letrame Grupo Editorial\",\"url\":\"https:\/\/letrame.com\/catalogo\/\",\"logo\":{\"@type\":\"ImageObject\",\"inLanguage\":\"es\",\"@id\":\"https:\/\/letrame.com\/catalogo\/#\/schema\/logo\/image\/\",\"url\":\"https:\/\/letrame.com\/catalogo\/wp-content\/uploads\/2024\/03\/logo2.webp\",\"contentUrl\":\"https:\/\/letrame.com\/catalogo\/wp-content\/uploads\/2024\/03\/logo2.webp\",\"width\":394,\"height\":128,\"caption\":\"Catalogo | Letrame Grupo Editorial\"},\"image\":{\"@id\":\"https:\/\/letrame.com\/catalogo\/#\/schema\/logo\/image\/\"}}]}<\/script>\n<!-- \/ Yoast SEO plugin. -->","yoast_head_json":{"title":"Nos vemos en el Bar - Catalogo | Letrame Grupo Editorial","robots":{"index":"index","follow":"follow","max-snippet":"max-snippet:-1","max-image-preview":"max-image-preview:large","max-video-preview":"max-video-preview:-1"},"canonical":"https:\/\/letrame.com\/catalogo\/producto\/nos-vemos-en-el-bar\/","og_locale":"es_ES","og_type":"article","og_title":"Nos vemos en el Bar - Catalogo | Letrame Grupo Editorial","og_description":"ISBN:\u00a09788411819428 SINOPSIS Todos los pueblos, por peque\u00f1os que sean, tienen un bar, un sitio de reencuentro, un espacio para compartir. Yakela se dirige all\u00ed cada d\u00eda para expresar sus sentimientos y compartir sus dudas en voz alta. No sabe si nadie la o lo escucha, pero solo es all\u00ed donde se siente libre y puede expresarse tal y como es. Mediante estas cortas historias podremos empezar a conocer tal y como es ella\/\u00e9l, pues estos son los \u00abentrantes\u00bb a sus historias. Es momento de averiguar qui\u00e9n es, o bien intentar saber si esas historias son suyas o de los que est\u00e1n sentados all\u00ed a su alrededor; en aquella barra del bar, que nunca sabremos si est\u00e1 vac\u00eda o si nunca existi\u00f3. Tal vez estas peque\u00f1as historias fueron contadas por ti mismo. Cualquier semejanza con tu vida no es una coincidencia, pues tanto t\u00fa, lector\/a, como Yakela, form\u00e1is parte de una misma vida que est\u00e1is viviendo, con o sin barra de bar, real o inventada. Nos vemos en el bar.","og_url":"https:\/\/letrame.com\/catalogo\/producto\/nos-vemos-en-el-bar\/","og_site_name":"Catalogo | Letrame Grupo Editorial","og_image":[{"width":1746,"height":2560,"url":"https:\/\/letrame.com\/catalogo\/wp-content\/uploads\/2024\/04\/webp_nosvemos_1334mm-compressed-scaled-1.jpg","type":"image\/jpeg"}],"twitter_card":"summary_large_image","twitter_misc":{"Tiempo de lectura":"1 minuto"},"schema":{"@context":"https:\/\/schema.org","@graph":[{"@type":"WebPage","@id":"https:\/\/letrame.com\/catalogo\/producto\/nos-vemos-en-el-bar\/","url":"https:\/\/letrame.com\/catalogo\/producto\/nos-vemos-en-el-bar\/","name":"Nos vemos en el Bar - Catalogo | Letrame Grupo Editorial","isPartOf":{"@id":"https:\/\/letrame.com\/catalogo\/#website"},"primaryImageOfPage":{"@id":"https:\/\/letrame.com\/catalogo\/producto\/nos-vemos-en-el-bar\/#primaryimage"},"image":{"@id":"https:\/\/letrame.com\/catalogo\/producto\/nos-vemos-en-el-bar\/#primaryimage"},"thumbnailUrl":"https:\/\/letrame.com\/catalogo\/wp-content\/uploads\/2024\/04\/webp_nosvemos_1334mm-compressed-scaled-1.jpg","datePublished":"2024-04-29T15:06:35+00:00","breadcrumb":{"@id":"https:\/\/letrame.com\/catalogo\/producto\/nos-vemos-en-el-bar\/#breadcrumb"},"inLanguage":"es","potentialAction":[{"@type":"ReadAction","target":["https:\/\/letrame.com\/catalogo\/producto\/nos-vemos-en-el-bar\/"]}]},{"@type":"ImageObject","inLanguage":"es","@id":"https:\/\/letrame.com\/catalogo\/producto\/nos-vemos-en-el-bar\/#primaryimage","url":"https:\/\/letrame.com\/catalogo\/wp-content\/uploads\/2024\/04\/webp_nosvemos_1334mm-compressed-scaled-1.jpg","contentUrl":"https:\/\/letrame.com\/catalogo\/wp-content\/uploads\/2024\/04\/webp_nosvemos_1334mm-compressed-scaled-1.jpg","width":1746,"height":2560},{"@type":"BreadcrumbList","@id":"https:\/\/letrame.com\/catalogo\/producto\/nos-vemos-en-el-bar\/#breadcrumb","itemListElement":[{"@type":"ListItem","position":1,"name":"Portada","item":"https:\/\/letrame.com\/catalogo\/"},{"@type":"ListItem","position":2,"name":"Cat\u00e1logo","item":"https:\/\/letrame.com\/catalogo\/"},{"@type":"ListItem","position":3,"name":"Nos vemos en el Bar"}]},{"@type":"WebSite","@id":"https:\/\/letrame.com\/catalogo\/#website","url":"https:\/\/letrame.com\/catalogo\/","name":"Catalogo | Letrame Grupo Editorial","description":"","publisher":{"@id":"https:\/\/letrame.com\/catalogo\/#organization"},"potentialAction":[{"@type":"SearchAction","target":{"@type":"EntryPoint","urlTemplate":"https:\/\/letrame.com\/catalogo\/?s={search_term_string}"},"query-input":{"@type":"PropertyValueSpecification","valueRequired":true,"valueName":"search_term_string"}}],"inLanguage":"es"},{"@type":"Organization","@id":"https:\/\/letrame.com\/catalogo\/#organization","name":"Catalogo | Letrame Grupo Editorial","url":"https:\/\/letrame.com\/catalogo\/","logo":{"@type":"ImageObject","inLanguage":"es","@id":"https:\/\/letrame.com\/catalogo\/#\/schema\/logo\/image\/","url":"https:\/\/letrame.com\/catalogo\/wp-content\/uploads\/2024\/03\/logo2.webp","contentUrl":"https:\/\/letrame.com\/catalogo\/wp-content\/uploads\/2024\/03\/logo2.webp","width":394,"height":128,"caption":"Catalogo | Letrame Grupo Editorial"},"image":{"@id":"https:\/\/letrame.com\/catalogo\/#\/schema\/logo\/image\/"}}]}},"_links":{"self":[{"href":"https:\/\/letrame.com\/catalogo\/wp-json\/wp\/v2\/product\/99796","targetHints":{"allow":["GET"]}}],"collection":[{"href":"https:\/\/letrame.com\/catalogo\/wp-json\/wp\/v2\/product"}],"about":[{"href":"https:\/\/letrame.com\/catalogo\/wp-json\/wp\/v2\/types\/product"}],"replies":[{"embeddable":true,"href":"https:\/\/letrame.com\/catalogo\/wp-json\/wp\/v2\/comments?post=99796"}],"acf:post":[{"embeddable":true,"href":"https:\/\/letrame.com\/catalogo\/wp-json\/wp\/v2\/author_book\/78031"}],"wp:featuredmedia":[{"embeddable":true,"href":"https:\/\/letrame.com\/catalogo\/wp-json\/wp\/v2\/media\/99797"}],"wp:attachment":[{"href":"https:\/\/letrame.com\/catalogo\/wp-json\/wp\/v2\/media?parent=99796"}],"wp:term":[{"taxonomy":"libro","embeddable":true,"href":"https:\/\/letrame.com\/catalogo\/wp-json\/wp\/v2\/libro?post=99796"},{"taxonomy":"product_brand","embeddable":true,"href":"https:\/\/letrame.com\/catalogo\/wp-json\/wp\/v2\/product_brand?post=99796"},{"taxonomy":"product_cat","embeddable":true,"href":"https:\/\/letrame.com\/catalogo\/wp-json\/wp\/v2\/product_cat?post=99796"},{"taxonomy":"product_tag","embeddable":true,"href":"https:\/\/letrame.com\/catalogo\/wp-json\/wp\/v2\/product_tag?post=99796"}],"curies":[{"name":"wp","href":"https:\/\/api.w.org\/{rel}","templated":true}]}}