{"id":99792,"date":"2024-04-29T17:06:00","date_gmt":"2024-04-29T15:06:00","guid":{"rendered":"https:\/\/letrame.com\/catalogo\/producto\/141-curiosidades-historietas-y-datos-que-no-te-serviran-ni-para-ganar-al-trivial-el-libro-perfecto-para-llevarte-al-bano\/"},"modified":"2024-06-04T15:45:50","modified_gmt":"2024-06-04T13:45:50","slug":"141-curiosidades-historietas-y-datos-que-no-te-serviran-ni-para-ganar-al-trivial-el-libro-perfecto-para-llevarte-al-bano","status":"publish","type":"product","link":"https:\/\/letrame.com\/catalogo\/producto\/141-curiosidades-historietas-y-datos-que-no-te-serviran-ni-para-ganar-al-trivial-el-libro-perfecto-para-llevarte-al-bano\/","title":{"rendered":"141 Curiosidades, historietas y datos que no te servir\u00e1n ni para ganar al trivial (El libro perfecto para llevarte al ba\u00f1o)"},"content":{"rendered":"<p>ISBN: 9788411817479<\/p>\n<p>T\u00edtulo: 141 CURIOSIDADES, HISTORIETAS Y DATOS QUE NO TE SERVIR\u00c1N NI PARA GANAR AL TRIVIAL (EL LIBRO PERFECTO PARA LLEVARTE AL BA\u00d1O)<br \/>\nFecha: 2023<br \/>\nP\u00e1ginas: 252<\/p>\n<p>SINOPSIS<\/p>\n<p align=\"JUSTIFY\"><span style=\"font-family: Times New Roman, serif;\"><span style=\"font-size: medium;\">\u00bfEres de esas personas que almacena datos est\u00fapidos y los suelta en mitad de una cena? \u00bfDe los que no sabe qui\u00e9n es el presidente <\/span><\/span><span style=\"font-family: Times New Roman, serif;\"><span style=\"font-size: medium;\"><i>yanky<\/i><\/span><\/span><span style=\"font-family: Times New Roman, serif;\"><span style=\"font-size: medium;\"> pero s\u00ed qui\u00e9n era el aut\u00e9ntico \u00abRoland Garros\u00bb? Pues este es tu libro. Y si has respondido que \u00abno\u00bb, tambi\u00e9n es tu libro. Porque leyendo estas p\u00e1ginas no te convertir\u00e1s en una persona culta, pero quedar\u00e1s muy bien cuando les cuentes a tus amigos\/as la historia del lepero que lleg\u00f3 a ser rey de Inglaterra, por qu\u00e9 los Village People fueron vetados en la Uni\u00f3n Sovi\u00e9tica o qu\u00e9 deportista inici\u00f3 la guerra de los Balcanes. Quiz\u00e1 te miren raro, pero ser\u00e1 el precio a pagar por tanto conocimiento.<\/span><\/span><\/p>\n<p align=\"JUSTIFY\"><span style=\"font-family: Times New Roman, serif;\"><span style=\"font-size: medium;\">A trav\u00e9s de estas 141 curiosidades, historietas y datos descubrir\u00e1s la otra cara de la Historia, del mundo del deporte, de la M\u00fasica y el Cine; conocer\u00e1s a personas no famosas, pero muy interesantes, y an\u00e9cdotas ins\u00f3litas. Adem\u00e1s de aprender, te har\u00e1n pasar un buen rato.<\/span><\/span><\/p>\n<p align=\"JUSTIFY\"><span style=\"font-family: Times New Roman, serif;\"><span style=\"font-size: medium;\">Una \u00fanica advertencia final: todos los datos que saques de este libro y almacenes en tu cerebro har\u00e1n que salga de \u00e9l informaci\u00f3n importante como n\u00fameros de tel\u00e9fonos, nombres de tus vecinos\/as o la letra de la Macarena. Advertido\/a quedas.<\/span><\/span><\/p>\n<p align=\"JUSTIFY\"><span style=\"font-family: Times New Roman, serif;\"><span style=\"font-size: medium;\">\u00a1A pasarlo bien!<\/span><\/span><\/p>\n","protected":false},"excerpt":{"rendered":"<p>ISBN: 9788411817479<\/p>\n<p>SINOPSIS<\/p>\n<p align=\"JUSTIFY\"><span style=\"font-family: Times New Roman, serif;\"><span style=\"font-size: medium;\">\u00bfEres de esas personas que almacena datos est\u00fapidos y los suelta en mitad de una cena? \u00bfDe los que no sabe qui\u00e9n es el presidente <\/span><\/span><span style=\"font-family: Times New Roman, serif;\"><span style=\"font-size: medium;\"><i>yanky<\/i><\/span><\/span><span style=\"font-family: Times New Roman, serif;\"><span style=\"font-size: medium;\"> pero s\u00ed qui\u00e9n era el aut\u00e9ntico \u00abRoland Garros\u00bb? Pues este es tu libro. Y si has respondido que \u00abno\u00bb, tambi\u00e9n es tu libro. Porque leyendo estas p\u00e1ginas no te convertir\u00e1s en una persona culta, pero quedar\u00e1s muy bien cuando les cuentes a tus amigos\/as la historia del lepero que lleg\u00f3 a ser rey de Inglaterra, por qu\u00e9 los Village People fueron vetados en la Uni\u00f3n Sovi\u00e9tica o qu\u00e9 deportista inici\u00f3 la guerra de los Balcanes. Quiz\u00e1 te miren raro, pero ser\u00e1 el precio a pagar por tanto conocimiento.<\/span><\/span><\/p>\n<p align=\"JUSTIFY\"><span style=\"font-family: Times New Roman, serif;\"><span style=\"font-size: medium;\">A trav\u00e9s de estas 141 curiosidades, historietas y datos descubrir\u00e1s la otra cara de la Historia, del mundo del deporte, de la M\u00fasica y el Cine; conocer\u00e1s a personas no famosas, pero muy interesantes, y an\u00e9cdotas ins\u00f3litas. Adem\u00e1s de aprender, te har\u00e1n pasar un buen rato.<\/span><\/span><\/p>\n<p align=\"JUSTIFY\"><span style=\"font-family: Times New Roman, serif;\"><span style=\"font-size: medium;\">Una \u00fanica advertencia final: todos los datos que saques de este libro y almacenes en tu cerebro har\u00e1n que salga de \u00e9l informaci\u00f3n importante como n\u00fameros de tel\u00e9fonos, nombres de tus vecinos\/as o la letra de la Macarena. Advertido\/a quedas.<\/span><\/span><\/p>\n<p align=\"JUSTIFY\"><span style=\"font-family: Times New Roman, serif;\"><span style=\"font-size: medium;\">\u00a1A pasarlo bien!<\/span><\/span><\/p>\n<p align=\"JUSTIFY\">\n","protected":false},"featured_media":99793,"comment_status":"closed","ping_status":"closed","template":"","meta":{"_acf_changed":false},"libro":[],"product_brand":[],"product_cat":[63],"product_tag":[],"class_list":{"0":"post-99792","1":"product","2":"type-product","3":"status-publish","4":"has-post-thumbnail","6":"product_cat-comedia","8":"first","9":"instock","10":"product-type-simple"},"acf":{"autor":[78028],"enlace_de_compra":"https:\/\/www.casadellibro.com\/libro-141-curiosidades-historietas-y-datos-que-no-te-serviran-ni-para-ganar-al-trivial\/9788411817479\/15818600"},"yoast_head":"<!-- This site is optimized with the Yoast SEO plugin v27.4 - https:\/\/yoast.com\/product\/yoast-seo-wordpress\/ -->\n<title>141 Curiosidades, historietas y datos que no te servir\u00e1n ni para ganar al trivial (El libro perfecto para llevarte al ba\u00f1o) - Catalogo | Letrame Grupo Editorial<\/title>\n<meta name=\"robots\" content=\"index, follow, max-snippet:-1, max-image-preview:large, max-video-preview:-1\" \/>\n<link rel=\"canonical\" href=\"https:\/\/letrame.com\/catalogo\/producto\/141-curiosidades-historietas-y-datos-que-no-te-serviran-ni-para-ganar-al-trivial-el-libro-perfecto-para-llevarte-al-bano\/\" \/>\n<meta property=\"og:locale\" content=\"es_ES\" \/>\n<meta property=\"og:type\" content=\"article\" \/>\n<meta property=\"og:title\" content=\"141 Curiosidades, historietas y datos que no te servir\u00e1n ni para ganar al trivial (El libro perfecto para llevarte al ba\u00f1o) - Catalogo | Letrame Grupo Editorial\" \/>\n<meta property=\"og:description\" content=\"ISBN: 9788411817479  SINOPSIS \u00bfEres de esas personas que almacena datos est\u00fapidos y los suelta en mitad de una cena? \u00bfDe los que no sabe qui\u00e9n es el presidente yanky pero s\u00ed qui\u00e9n era el aut\u00e9ntico \u00abRoland Garros\u00bb? Pues este es tu libro. Y si has respondido que \u00abno\u00bb, tambi\u00e9n es tu libro. Porque leyendo estas p\u00e1ginas no te convertir\u00e1s en una persona culta, pero quedar\u00e1s muy bien cuando les cuentes a tus amigos\/as la historia del lepero que lleg\u00f3 a ser rey de Inglaterra, por qu\u00e9 los Village People fueron vetados en la Uni\u00f3n Sovi\u00e9tica o qu\u00e9 deportista inici\u00f3 la guerra de los Balcanes. Quiz\u00e1 te miren raro, pero ser\u00e1 el precio a pagar por tanto conocimiento. A trav\u00e9s de estas 141 curiosidades, historietas y datos descubrir\u00e1s la otra cara de la Historia, del mundo del deporte, de la M\u00fasica y el Cine; conocer\u00e1s a personas no famosas, pero muy interesantes, y an\u00e9cdotas ins\u00f3litas. Adem\u00e1s de aprender, te har\u00e1n pasar un buen rato. Una \u00fanica advertencia final: todos los datos que saques de este libro y almacenes en tu cerebro har\u00e1n que salga de \u00e9l informaci\u00f3n importante como n\u00fameros de tel\u00e9fonos, nombres de tus vecinos\/as o la letra de la Macarena. Advertido\/a quedas. \u00a1A pasarlo bien!\" \/>\n<meta property=\"og:url\" content=\"https:\/\/letrame.com\/catalogo\/producto\/141-curiosidades-historietas-y-datos-que-no-te-serviran-ni-para-ganar-al-trivial-el-libro-perfecto-para-llevarte-al-bano\/\" \/>\n<meta property=\"og:site_name\" content=\"Catalogo | Letrame Grupo Editorial\" \/>\n<meta property=\"article:modified_time\" content=\"2024-06-04T13:45:50+00:00\" \/>\n<meta property=\"og:image\" content=\"https:\/\/letrame.com\/catalogo\/wp-content\/uploads\/2024\/04\/webp_141curiosidades_1416mm-min.jpg\" \/>\n\t<meta property=\"og:image:width\" content=\"1772\" \/>\n\t<meta property=\"og:image:height\" content=\"2480\" \/>\n\t<meta property=\"og:image:type\" content=\"image\/jpeg\" \/>\n<meta name=\"twitter:card\" content=\"summary_large_image\" \/>\n<meta name=\"twitter:label1\" content=\"Tiempo de lectura\" \/>\n\t<meta name=\"twitter:data1\" content=\"2 minutos\" \/>\n<script type=\"application\/ld+json\" class=\"yoast-schema-graph\">{\"@context\":\"https:\\\/\\\/schema.org\",\"@graph\":[{\"@type\":\"WebPage\",\"@id\":\"https:\\\/\\\/letrame.com\\\/catalogo\\\/producto\\\/141-curiosidades-historietas-y-datos-que-no-te-serviran-ni-para-ganar-al-trivial-el-libro-perfecto-para-llevarte-al-bano\\\/\",\"url\":\"https:\\\/\\\/letrame.com\\\/catalogo\\\/producto\\\/141-curiosidades-historietas-y-datos-que-no-te-serviran-ni-para-ganar-al-trivial-el-libro-perfecto-para-llevarte-al-bano\\\/\",\"name\":\"141 Curiosidades, historietas y datos que no te servir\u00e1n ni para ganar al trivial (El libro perfecto para llevarte al ba\u00f1o) - Catalogo | Letrame Grupo Editorial\",\"isPartOf\":{\"@id\":\"https:\\\/\\\/letrame.com\\\/catalogo\\\/#website\"},\"primaryImageOfPage\":{\"@id\":\"https:\\\/\\\/letrame.com\\\/catalogo\\\/producto\\\/141-curiosidades-historietas-y-datos-que-no-te-serviran-ni-para-ganar-al-trivial-el-libro-perfecto-para-llevarte-al-bano\\\/#primaryimage\"},\"image\":{\"@id\":\"https:\\\/\\\/letrame.com\\\/catalogo\\\/producto\\\/141-curiosidades-historietas-y-datos-que-no-te-serviran-ni-para-ganar-al-trivial-el-libro-perfecto-para-llevarte-al-bano\\\/#primaryimage\"},\"thumbnailUrl\":\"https:\\\/\\\/letrame.com\\\/catalogo\\\/wp-content\\\/uploads\\\/2024\\\/04\\\/webp_141curiosidades_1416mm-min.jpg\",\"datePublished\":\"2024-04-29T15:06:00+00:00\",\"dateModified\":\"2024-06-04T13:45:50+00:00\",\"breadcrumb\":{\"@id\":\"https:\\\/\\\/letrame.com\\\/catalogo\\\/producto\\\/141-curiosidades-historietas-y-datos-que-no-te-serviran-ni-para-ganar-al-trivial-el-libro-perfecto-para-llevarte-al-bano\\\/#breadcrumb\"},\"inLanguage\":\"es\",\"potentialAction\":[{\"@type\":\"ReadAction\",\"target\":[\"https:\\\/\\\/letrame.com\\\/catalogo\\\/producto\\\/141-curiosidades-historietas-y-datos-que-no-te-serviran-ni-para-ganar-al-trivial-el-libro-perfecto-para-llevarte-al-bano\\\/\"]}]},{\"@type\":\"ImageObject\",\"inLanguage\":\"es\",\"@id\":\"https:\\\/\\\/letrame.com\\\/catalogo\\\/producto\\\/141-curiosidades-historietas-y-datos-que-no-te-serviran-ni-para-ganar-al-trivial-el-libro-perfecto-para-llevarte-al-bano\\\/#primaryimage\",\"url\":\"https:\\\/\\\/letrame.com\\\/catalogo\\\/wp-content\\\/uploads\\\/2024\\\/04\\\/webp_141curiosidades_1416mm-min.jpg\",\"contentUrl\":\"https:\\\/\\\/letrame.com\\\/catalogo\\\/wp-content\\\/uploads\\\/2024\\\/04\\\/webp_141curiosidades_1416mm-min.jpg\",\"width\":1772,\"height\":2480},{\"@type\":\"BreadcrumbList\",\"@id\":\"https:\\\/\\\/letrame.com\\\/catalogo\\\/producto\\\/141-curiosidades-historietas-y-datos-que-no-te-serviran-ni-para-ganar-al-trivial-el-libro-perfecto-para-llevarte-al-bano\\\/#breadcrumb\",\"itemListElement\":[{\"@type\":\"ListItem\",\"position\":1,\"name\":\"Portada\",\"item\":\"https:\\\/\\\/letrame.com\\\/catalogo\\\/\"},{\"@type\":\"ListItem\",\"position\":2,\"name\":\"Cat\u00e1logo\",\"item\":\"https:\\\/\\\/letrame.com\\\/catalogo\\\/\"},{\"@type\":\"ListItem\",\"position\":3,\"name\":\"141 Curiosidades, historietas y datos que no te servir\u00e1n ni para ganar al trivial (El libro perfecto para llevarte al ba\u00f1o)\"}]},{\"@type\":\"WebSite\",\"@id\":\"https:\\\/\\\/letrame.com\\\/catalogo\\\/#website\",\"url\":\"https:\\\/\\\/letrame.com\\\/catalogo\\\/\",\"name\":\"Catalogo | Letrame Grupo Editorial\",\"description\":\"\",\"publisher\":{\"@id\":\"https:\\\/\\\/letrame.com\\\/catalogo\\\/#organization\"},\"potentialAction\":[{\"@type\":\"SearchAction\",\"target\":{\"@type\":\"EntryPoint\",\"urlTemplate\":\"https:\\\/\\\/letrame.com\\\/catalogo\\\/?s={search_term_string}\"},\"query-input\":{\"@type\":\"PropertyValueSpecification\",\"valueRequired\":true,\"valueName\":\"search_term_string\"}}],\"inLanguage\":\"es\"},{\"@type\":\"Organization\",\"@id\":\"https:\\\/\\\/letrame.com\\\/catalogo\\\/#organization\",\"name\":\"Catalogo | Letrame Grupo Editorial\",\"url\":\"https:\\\/\\\/letrame.com\\\/catalogo\\\/\",\"logo\":{\"@type\":\"ImageObject\",\"inLanguage\":\"es\",\"@id\":\"https:\\\/\\\/letrame.com\\\/catalogo\\\/#\\\/schema\\\/logo\\\/image\\\/\",\"url\":\"https:\\\/\\\/letrame.com\\\/catalogo\\\/wp-content\\\/uploads\\\/2024\\\/03\\\/logo2.webp\",\"contentUrl\":\"https:\\\/\\\/letrame.com\\\/catalogo\\\/wp-content\\\/uploads\\\/2024\\\/03\\\/logo2.webp\",\"width\":394,\"height\":128,\"caption\":\"Catalogo | Letrame Grupo Editorial\"},\"image\":{\"@id\":\"https:\\\/\\\/letrame.com\\\/catalogo\\\/#\\\/schema\\\/logo\\\/image\\\/\"}}]}<\/script>\n<!-- \/ Yoast SEO plugin. -->","yoast_head_json":{"title":"141 Curiosidades, historietas y datos que no te servir\u00e1n ni para ganar al trivial (El libro perfecto para llevarte al ba\u00f1o) - Catalogo | Letrame Grupo Editorial","robots":{"index":"index","follow":"follow","max-snippet":"max-snippet:-1","max-image-preview":"max-image-preview:large","max-video-preview":"max-video-preview:-1"},"canonical":"https:\/\/letrame.com\/catalogo\/producto\/141-curiosidades-historietas-y-datos-que-no-te-serviran-ni-para-ganar-al-trivial-el-libro-perfecto-para-llevarte-al-bano\/","og_locale":"es_ES","og_type":"article","og_title":"141 Curiosidades, historietas y datos que no te servir\u00e1n ni para ganar al trivial (El libro perfecto para llevarte al ba\u00f1o) - Catalogo | Letrame Grupo Editorial","og_description":"ISBN: 9788411817479  SINOPSIS \u00bfEres de esas personas que almacena datos est\u00fapidos y los suelta en mitad de una cena? \u00bfDe los que no sabe qui\u00e9n es el presidente yanky pero s\u00ed qui\u00e9n era el aut\u00e9ntico \u00abRoland Garros\u00bb? Pues este es tu libro. Y si has respondido que \u00abno\u00bb, tambi\u00e9n es tu libro. Porque leyendo estas p\u00e1ginas no te convertir\u00e1s en una persona culta, pero quedar\u00e1s muy bien cuando les cuentes a tus amigos\/as la historia del lepero que lleg\u00f3 a ser rey de Inglaterra, por qu\u00e9 los Village People fueron vetados en la Uni\u00f3n Sovi\u00e9tica o qu\u00e9 deportista inici\u00f3 la guerra de los Balcanes. Quiz\u00e1 te miren raro, pero ser\u00e1 el precio a pagar por tanto conocimiento. A trav\u00e9s de estas 141 curiosidades, historietas y datos descubrir\u00e1s la otra cara de la Historia, del mundo del deporte, de la M\u00fasica y el Cine; conocer\u00e1s a personas no famosas, pero muy interesantes, y an\u00e9cdotas ins\u00f3litas. Adem\u00e1s de aprender, te har\u00e1n pasar un buen rato. Una \u00fanica advertencia final: todos los datos que saques de este libro y almacenes en tu cerebro har\u00e1n que salga de \u00e9l informaci\u00f3n importante como n\u00fameros de tel\u00e9fonos, nombres de tus vecinos\/as o la letra de la Macarena. Advertido\/a quedas. \u00a1A pasarlo bien!","og_url":"https:\/\/letrame.com\/catalogo\/producto\/141-curiosidades-historietas-y-datos-que-no-te-serviran-ni-para-ganar-al-trivial-el-libro-perfecto-para-llevarte-al-bano\/","og_site_name":"Catalogo | Letrame Grupo Editorial","article_modified_time":"2024-06-04T13:45:50+00:00","og_image":[{"width":1772,"height":2480,"url":"https:\/\/letrame.com\/catalogo\/wp-content\/uploads\/2024\/04\/webp_141curiosidades_1416mm-min.jpg","type":"image\/jpeg"}],"twitter_card":"summary_large_image","twitter_misc":{"Tiempo de lectura":"2 minutos"},"schema":{"@context":"https:\/\/schema.org","@graph":[{"@type":"WebPage","@id":"https:\/\/letrame.com\/catalogo\/producto\/141-curiosidades-historietas-y-datos-que-no-te-serviran-ni-para-ganar-al-trivial-el-libro-perfecto-para-llevarte-al-bano\/","url":"https:\/\/letrame.com\/catalogo\/producto\/141-curiosidades-historietas-y-datos-que-no-te-serviran-ni-para-ganar-al-trivial-el-libro-perfecto-para-llevarte-al-bano\/","name":"141 Curiosidades, historietas y datos que no te servir\u00e1n ni para ganar al trivial (El libro perfecto para llevarte al ba\u00f1o) - Catalogo | Letrame Grupo Editorial","isPartOf":{"@id":"https:\/\/letrame.com\/catalogo\/#website"},"primaryImageOfPage":{"@id":"https:\/\/letrame.com\/catalogo\/producto\/141-curiosidades-historietas-y-datos-que-no-te-serviran-ni-para-ganar-al-trivial-el-libro-perfecto-para-llevarte-al-bano\/#primaryimage"},"image":{"@id":"https:\/\/letrame.com\/catalogo\/producto\/141-curiosidades-historietas-y-datos-que-no-te-serviran-ni-para-ganar-al-trivial-el-libro-perfecto-para-llevarte-al-bano\/#primaryimage"},"thumbnailUrl":"https:\/\/letrame.com\/catalogo\/wp-content\/uploads\/2024\/04\/webp_141curiosidades_1416mm-min.jpg","datePublished":"2024-04-29T15:06:00+00:00","dateModified":"2024-06-04T13:45:50+00:00","breadcrumb":{"@id":"https:\/\/letrame.com\/catalogo\/producto\/141-curiosidades-historietas-y-datos-que-no-te-serviran-ni-para-ganar-al-trivial-el-libro-perfecto-para-llevarte-al-bano\/#breadcrumb"},"inLanguage":"es","potentialAction":[{"@type":"ReadAction","target":["https:\/\/letrame.com\/catalogo\/producto\/141-curiosidades-historietas-y-datos-que-no-te-serviran-ni-para-ganar-al-trivial-el-libro-perfecto-para-llevarte-al-bano\/"]}]},{"@type":"ImageObject","inLanguage":"es","@id":"https:\/\/letrame.com\/catalogo\/producto\/141-curiosidades-historietas-y-datos-que-no-te-serviran-ni-para-ganar-al-trivial-el-libro-perfecto-para-llevarte-al-bano\/#primaryimage","url":"https:\/\/letrame.com\/catalogo\/wp-content\/uploads\/2024\/04\/webp_141curiosidades_1416mm-min.jpg","contentUrl":"https:\/\/letrame.com\/catalogo\/wp-content\/uploads\/2024\/04\/webp_141curiosidades_1416mm-min.jpg","width":1772,"height":2480},{"@type":"BreadcrumbList","@id":"https:\/\/letrame.com\/catalogo\/producto\/141-curiosidades-historietas-y-datos-que-no-te-serviran-ni-para-ganar-al-trivial-el-libro-perfecto-para-llevarte-al-bano\/#breadcrumb","itemListElement":[{"@type":"ListItem","position":1,"name":"Portada","item":"https:\/\/letrame.com\/catalogo\/"},{"@type":"ListItem","position":2,"name":"Cat\u00e1logo","item":"https:\/\/letrame.com\/catalogo\/"},{"@type":"ListItem","position":3,"name":"141 Curiosidades, historietas y datos que no te servir\u00e1n ni para ganar al trivial (El libro perfecto para llevarte al ba\u00f1o)"}]},{"@type":"WebSite","@id":"https:\/\/letrame.com\/catalogo\/#website","url":"https:\/\/letrame.com\/catalogo\/","name":"Catalogo | Letrame Grupo Editorial","description":"","publisher":{"@id":"https:\/\/letrame.com\/catalogo\/#organization"},"potentialAction":[{"@type":"SearchAction","target":{"@type":"EntryPoint","urlTemplate":"https:\/\/letrame.com\/catalogo\/?s={search_term_string}"},"query-input":{"@type":"PropertyValueSpecification","valueRequired":true,"valueName":"search_term_string"}}],"inLanguage":"es"},{"@type":"Organization","@id":"https:\/\/letrame.com\/catalogo\/#organization","name":"Catalogo | Letrame Grupo Editorial","url":"https:\/\/letrame.com\/catalogo\/","logo":{"@type":"ImageObject","inLanguage":"es","@id":"https:\/\/letrame.com\/catalogo\/#\/schema\/logo\/image\/","url":"https:\/\/letrame.com\/catalogo\/wp-content\/uploads\/2024\/03\/logo2.webp","contentUrl":"https:\/\/letrame.com\/catalogo\/wp-content\/uploads\/2024\/03\/logo2.webp","width":394,"height":128,"caption":"Catalogo | Letrame Grupo Editorial"},"image":{"@id":"https:\/\/letrame.com\/catalogo\/#\/schema\/logo\/image\/"}}]}},"_links":{"self":[{"href":"https:\/\/letrame.com\/catalogo\/wp-json\/wp\/v2\/product\/99792","targetHints":{"allow":["GET"]}}],"collection":[{"href":"https:\/\/letrame.com\/catalogo\/wp-json\/wp\/v2\/product"}],"about":[{"href":"https:\/\/letrame.com\/catalogo\/wp-json\/wp\/v2\/types\/product"}],"replies":[{"embeddable":true,"href":"https:\/\/letrame.com\/catalogo\/wp-json\/wp\/v2\/comments?post=99792"}],"acf:post":[{"embeddable":true,"href":"https:\/\/letrame.com\/catalogo\/wp-json\/wp\/v2\/author_book\/78028"}],"wp:featuredmedia":[{"embeddable":true,"href":"https:\/\/letrame.com\/catalogo\/wp-json\/wp\/v2\/media\/99793"}],"wp:attachment":[{"href":"https:\/\/letrame.com\/catalogo\/wp-json\/wp\/v2\/media?parent=99792"}],"wp:term":[{"taxonomy":"libro","embeddable":true,"href":"https:\/\/letrame.com\/catalogo\/wp-json\/wp\/v2\/libro?post=99792"},{"taxonomy":"product_brand","embeddable":true,"href":"https:\/\/letrame.com\/catalogo\/wp-json\/wp\/v2\/product_brand?post=99792"},{"taxonomy":"product_cat","embeddable":true,"href":"https:\/\/letrame.com\/catalogo\/wp-json\/wp\/v2\/product_cat?post=99792"},{"taxonomy":"product_tag","embeddable":true,"href":"https:\/\/letrame.com\/catalogo\/wp-json\/wp\/v2\/product_tag?post=99792"}],"curies":[{"name":"wp","href":"https:\/\/api.w.org\/{rel}","templated":true}]}}