{"id":99788,"date":"2024-04-29T17:05:26","date_gmt":"2024-04-29T15:05:26","guid":{"rendered":"https:\/\/letrame.com\/catalogo\/producto\/a-la-sombra-de-un-chaparro\/"},"modified":"2024-04-29T17:05:48","modified_gmt":"2024-04-29T15:05:48","slug":"a-la-sombra-de-un-chaparro","status":"publish","type":"product","link":"https:\/\/letrame.com\/catalogo\/producto\/a-la-sombra-de-un-chaparro\/","title":{"rendered":"A la sombra de un chaparro"},"content":{"rendered":"<p>ISBN:\u00a09788411819053<br \/>\nT\u00edtulo:_A la sombra de un chaparro<br \/>\nFecha:_2024<br \/>\nP\u00e1ginas:\u00a0206<br \/>\nSINOPSIS<br \/>\nA la sombra de un chaparro es  el pasado y  el presente que nos acerca a   nuestras ra\u00edces. Se desarrolla en dos l\u00edneas paralelas del tiempo.<br \/>\nLa primera l\u00ednea  es la historia pol\u00edtico social de Espa\u00f1a desde el a\u00f1o 1923 hasta el \u00e9xodo rural de los 60. La segunda l\u00ednea  es el coraz\u00f3n y motor de este libro,  hasta donde se pudo llegar.<br \/>\n Se refiere a  las gentes comunes de un pueblo manchego que representa a todos los pueblos de aquella vieja Espa\u00f1a rural. Y aqu\u00ed nacen nuestros protagonistas en la d\u00e9cada de los a\u00f1os veinte. Son ni\u00f1os y ni\u00f1as que jugaron poco para trabajar muy pronto.<br \/>\n Los protagonistas de esta obra no pudieron ir a la escuela  pero sabemos que algunos se esforzaban con la gram\u00e1tica y la ortograf\u00eda a la sombra de un chaparro.<br \/>\nPara  nuestros padres, madres, abuelos, abuelas, bisabuelas y bisabuelos esta obra se convierte en un humilde homenaje.<br \/>\n A pesar de las tremendas circunstancias vividas,  se esforzaron para darnos un futuro mejor. Se pone en valor a tantas  personas mayores y  valientes  que al carecer de formaci\u00f3n acad\u00e9mica, medios econ\u00f3micos y un  trabajo digno, entregaron sus esfuerzos para un mejor futuro de  las generaciones siguientes.<br \/>\nA la sombra de un chaparro tambi\u00e9n  nos habla de la necesidad de encontrar la esencia de nuestros or\u00edgenes y reflexiona sobre la cultura y educaci\u00f3n para el progreso personal y social. Pero siempre a la sombra de un \u201cchaparro pol\u00edtico\u201d que lejos de dar sombra, manej\u00f3 los hilos de los ciudadanos.<\/p>\n","protected":false},"excerpt":{"rendered":"<p>ISBN:\u00a09788411819053<\/p>\n<p>SINOPSIS<br \/>\nA la sombra de un chaparro es  el pasado y  el presente que nos acerca a   nuestras ra\u00edces. Se desarrolla en dos l\u00edneas paralelas del tiempo.<br \/>\nLa primera l\u00ednea  es la historia pol\u00edtico social de Espa\u00f1a desde el a\u00f1o 1923 hasta el \u00e9xodo rural de los 60. La segunda l\u00ednea  es el coraz\u00f3n y motor de este libro,  hasta donde se pudo llegar.<br \/>\n Se refiere a  las gentes comunes de un pueblo manchego que representa a todos los pueblos de aquella vieja Espa\u00f1a rural. Y aqu\u00ed nacen nuestros protagonistas en la d\u00e9cada de los a\u00f1os veinte. Son ni\u00f1os y ni\u00f1as que jugaron poco para trabajar muy pronto.<br \/>\n Los protagonistas de esta obra no pudieron ir a la escuela  pero sabemos que algunos se esforzaban con la gram\u00e1tica y la ortograf\u00eda a la sombra de un chaparro.<br \/>\nPara  nuestros padres, madres, abuelos, abuelas, bisabuelas y bisabuelos esta obra se convierte en un humilde homenaje.<br \/>\n A pesar de las tremendas circunstancias vividas,  se esforzaron para darnos un futuro mejor. Se pone en valor a tantas  personas mayores y  valientes  que al carecer de formaci\u00f3n acad\u00e9mica, medios econ\u00f3micos y un  trabajo digno, entregaron sus esfuerzos para un mejor futuro de  las generaciones siguientes.<br \/>\nA la sombra de un chaparro tambi\u00e9n  nos habla de la necesidad de encontrar la esencia de nuestros or\u00edgenes y reflexiona sobre la cultura y educaci\u00f3n para el progreso personal y social. Pero siempre a la sombra de un \u201cchaparro pol\u00edtico\u201d que lejos de dar sombra, manej\u00f3 los hilos de los ciudadanos.<\/p>\n","protected":false},"featured_media":99789,"comment_status":"closed","ping_status":"open","template":"","meta":{"_acf_changed":false},"libro":[],"product_brand":[],"product_cat":[62],"product_tag":[],"class_list":{"0":"post-99788","1":"product","2":"type-product","3":"status-publish","4":"has-post-thumbnail","6":"product_cat-historico","8":"first","9":"instock","10":"product-type-simple"},"acf":{"autor":[78024],"enlace_de_compra":"https:\/\/articulo.mercadolibre.com.ar\/MLA-1676595742-a-la-sombra-de-un-chaparro-de-carmen-villodre-jareno-_JM?matt_tool=38087446"},"yoast_head":"<!-- This site is optimized with the Yoast SEO plugin v26.6 - https:\/\/yoast.com\/wordpress\/plugins\/seo\/ -->\n<title>A la sombra de un chaparro - Catalogo | Letrame Grupo Editorial<\/title>\n<meta name=\"robots\" content=\"index, follow, max-snippet:-1, max-image-preview:large, max-video-preview:-1\" \/>\n<link rel=\"canonical\" href=\"https:\/\/letrame.com\/catalogo\/producto\/a-la-sombra-de-un-chaparro\/\" \/>\n<meta property=\"og:locale\" content=\"es_ES\" \/>\n<meta property=\"og:type\" content=\"article\" \/>\n<meta property=\"og:title\" content=\"A la sombra de un chaparro - Catalogo | Letrame Grupo Editorial\" \/>\n<meta property=\"og:description\" content=\"ISBN:\u00a09788411819053 SINOPSIS A la sombra de un chaparro es el pasado y el presente que nos acerca a  nuestras ra\u00edces. Se desarrolla en dos l\u00edneas paralelas del tiempo. La primera l\u00ednea es la historia pol\u00edtico social de Espa\u00f1a desde el a\u00f1o 1923 hasta el \u00e9xodo rural de los 60. La segunda l\u00ednea es el coraz\u00f3n y motor de este libro, hasta donde se pudo llegar. Se refiere a las gentes comunes de un pueblo manchego que representa a todos los pueblos de aquella vieja Espa\u00f1a rural. Y aqu\u00ed nacen nuestros protagonistas en la d\u00e9cada de los a\u00f1os veinte. Son ni\u00f1os y ni\u00f1as que jugaron poco para trabajar muy pronto. Los protagonistas de esta obra no pudieron ir a la escuela pero sabemos que algunos se esforzaban con la gram\u00e1tica y la ortograf\u00eda a la sombra de un chaparro. Para nuestros padres, madres, abuelos, abuelas, bisabuelas y bisabuelos esta obra se convierte en un humilde homenaje. A pesar de las tremendas circunstancias vividas, se esforzaron para darnos un futuro mejor. Se pone en valor a tantas personas mayores y valientes que al carecer de formaci\u00f3n acad\u00e9mica, medios econ\u00f3micos y un trabajo digno, entregaron sus esfuerzos para un mejor futuro de las generaciones siguientes. A la sombra de un chaparro tambi\u00e9n nos habla de la necesidad de encontrar la esencia de nuestros or\u00edgenes y reflexiona sobre la cultura y educaci\u00f3n para el progreso personal y social. Pero siempre a la sombra de un \u201cchaparro pol\u00edtico\u201d que lejos de dar sombra, manej\u00f3 los hilos de los ciudadanos.\" \/>\n<meta property=\"og:url\" content=\"https:\/\/letrame.com\/catalogo\/producto\/a-la-sombra-de-un-chaparro\/\" \/>\n<meta property=\"og:site_name\" content=\"Catalogo | Letrame Grupo Editorial\" \/>\n<meta property=\"article:modified_time\" content=\"2024-04-29T15:05:48+00:00\" \/>\n<meta property=\"og:image\" content=\"https:\/\/letrame.com\/catalogo\/wp-content\/uploads\/2024\/04\/webp_alasombradeun_1191mm-compressed.jpg\" \/>\n\t<meta property=\"og:image:width\" content=\"1772\" \/>\n\t<meta property=\"og:image:height\" content=\"2480\" \/>\n\t<meta property=\"og:image:type\" content=\"image\/jpeg\" \/>\n<meta name=\"twitter:card\" content=\"summary_large_image\" \/>\n<meta name=\"twitter:label1\" content=\"Tiempo de lectura\" \/>\n\t<meta name=\"twitter:data1\" content=\"1 minuto\" \/>\n<script type=\"application\/ld+json\" class=\"yoast-schema-graph\">{\"@context\":\"https:\/\/schema.org\",\"@graph\":[{\"@type\":\"WebPage\",\"@id\":\"https:\/\/letrame.com\/catalogo\/producto\/a-la-sombra-de-un-chaparro\/\",\"url\":\"https:\/\/letrame.com\/catalogo\/producto\/a-la-sombra-de-un-chaparro\/\",\"name\":\"A la sombra de un chaparro - Catalogo | Letrame Grupo Editorial\",\"isPartOf\":{\"@id\":\"https:\/\/letrame.com\/catalogo\/#website\"},\"primaryImageOfPage\":{\"@id\":\"https:\/\/letrame.com\/catalogo\/producto\/a-la-sombra-de-un-chaparro\/#primaryimage\"},\"image\":{\"@id\":\"https:\/\/letrame.com\/catalogo\/producto\/a-la-sombra-de-un-chaparro\/#primaryimage\"},\"thumbnailUrl\":\"https:\/\/letrame.com\/catalogo\/wp-content\/uploads\/2024\/04\/webp_alasombradeun_1191mm-compressed.jpg\",\"datePublished\":\"2024-04-29T15:05:26+00:00\",\"dateModified\":\"2024-04-29T15:05:48+00:00\",\"breadcrumb\":{\"@id\":\"https:\/\/letrame.com\/catalogo\/producto\/a-la-sombra-de-un-chaparro\/#breadcrumb\"},\"inLanguage\":\"es\",\"potentialAction\":[{\"@type\":\"ReadAction\",\"target\":[\"https:\/\/letrame.com\/catalogo\/producto\/a-la-sombra-de-un-chaparro\/\"]}]},{\"@type\":\"ImageObject\",\"inLanguage\":\"es\",\"@id\":\"https:\/\/letrame.com\/catalogo\/producto\/a-la-sombra-de-un-chaparro\/#primaryimage\",\"url\":\"https:\/\/letrame.com\/catalogo\/wp-content\/uploads\/2024\/04\/webp_alasombradeun_1191mm-compressed.jpg\",\"contentUrl\":\"https:\/\/letrame.com\/catalogo\/wp-content\/uploads\/2024\/04\/webp_alasombradeun_1191mm-compressed.jpg\",\"width\":1772,\"height\":2480},{\"@type\":\"BreadcrumbList\",\"@id\":\"https:\/\/letrame.com\/catalogo\/producto\/a-la-sombra-de-un-chaparro\/#breadcrumb\",\"itemListElement\":[{\"@type\":\"ListItem\",\"position\":1,\"name\":\"Portada\",\"item\":\"https:\/\/letrame.com\/catalogo\/\"},{\"@type\":\"ListItem\",\"position\":2,\"name\":\"Cat\u00e1logo\",\"item\":\"https:\/\/letrame.com\/catalogo\/\"},{\"@type\":\"ListItem\",\"position\":3,\"name\":\"A la sombra de un chaparro\"}]},{\"@type\":\"WebSite\",\"@id\":\"https:\/\/letrame.com\/catalogo\/#website\",\"url\":\"https:\/\/letrame.com\/catalogo\/\",\"name\":\"Catalogo | Letrame Grupo Editorial\",\"description\":\"\",\"publisher\":{\"@id\":\"https:\/\/letrame.com\/catalogo\/#organization\"},\"potentialAction\":[{\"@type\":\"SearchAction\",\"target\":{\"@type\":\"EntryPoint\",\"urlTemplate\":\"https:\/\/letrame.com\/catalogo\/?s={search_term_string}\"},\"query-input\":{\"@type\":\"PropertyValueSpecification\",\"valueRequired\":true,\"valueName\":\"search_term_string\"}}],\"inLanguage\":\"es\"},{\"@type\":\"Organization\",\"@id\":\"https:\/\/letrame.com\/catalogo\/#organization\",\"name\":\"Catalogo | Letrame Grupo Editorial\",\"url\":\"https:\/\/letrame.com\/catalogo\/\",\"logo\":{\"@type\":\"ImageObject\",\"inLanguage\":\"es\",\"@id\":\"https:\/\/letrame.com\/catalogo\/#\/schema\/logo\/image\/\",\"url\":\"https:\/\/letrame.com\/catalogo\/wp-content\/uploads\/2024\/03\/logo2.webp\",\"contentUrl\":\"https:\/\/letrame.com\/catalogo\/wp-content\/uploads\/2024\/03\/logo2.webp\",\"width\":394,\"height\":128,\"caption\":\"Catalogo | Letrame Grupo Editorial\"},\"image\":{\"@id\":\"https:\/\/letrame.com\/catalogo\/#\/schema\/logo\/image\/\"}}]}<\/script>\n<!-- \/ Yoast SEO plugin. -->","yoast_head_json":{"title":"A la sombra de un chaparro - Catalogo | Letrame Grupo Editorial","robots":{"index":"index","follow":"follow","max-snippet":"max-snippet:-1","max-image-preview":"max-image-preview:large","max-video-preview":"max-video-preview:-1"},"canonical":"https:\/\/letrame.com\/catalogo\/producto\/a-la-sombra-de-un-chaparro\/","og_locale":"es_ES","og_type":"article","og_title":"A la sombra de un chaparro - Catalogo | Letrame Grupo Editorial","og_description":"ISBN:\u00a09788411819053 SINOPSIS A la sombra de un chaparro es el pasado y el presente que nos acerca a  nuestras ra\u00edces. Se desarrolla en dos l\u00edneas paralelas del tiempo. La primera l\u00ednea es la historia pol\u00edtico social de Espa\u00f1a desde el a\u00f1o 1923 hasta el \u00e9xodo rural de los 60. La segunda l\u00ednea es el coraz\u00f3n y motor de este libro, hasta donde se pudo llegar. Se refiere a las gentes comunes de un pueblo manchego que representa a todos los pueblos de aquella vieja Espa\u00f1a rural. Y aqu\u00ed nacen nuestros protagonistas en la d\u00e9cada de los a\u00f1os veinte. Son ni\u00f1os y ni\u00f1as que jugaron poco para trabajar muy pronto. Los protagonistas de esta obra no pudieron ir a la escuela pero sabemos que algunos se esforzaban con la gram\u00e1tica y la ortograf\u00eda a la sombra de un chaparro. Para nuestros padres, madres, abuelos, abuelas, bisabuelas y bisabuelos esta obra se convierte en un humilde homenaje. A pesar de las tremendas circunstancias vividas, se esforzaron para darnos un futuro mejor. Se pone en valor a tantas personas mayores y valientes que al carecer de formaci\u00f3n acad\u00e9mica, medios econ\u00f3micos y un trabajo digno, entregaron sus esfuerzos para un mejor futuro de las generaciones siguientes. A la sombra de un chaparro tambi\u00e9n nos habla de la necesidad de encontrar la esencia de nuestros or\u00edgenes y reflexiona sobre la cultura y educaci\u00f3n para el progreso personal y social. Pero siempre a la sombra de un \u201cchaparro pol\u00edtico\u201d que lejos de dar sombra, manej\u00f3 los hilos de los ciudadanos.","og_url":"https:\/\/letrame.com\/catalogo\/producto\/a-la-sombra-de-un-chaparro\/","og_site_name":"Catalogo | Letrame Grupo Editorial","article_modified_time":"2024-04-29T15:05:48+00:00","og_image":[{"width":1772,"height":2480,"url":"https:\/\/letrame.com\/catalogo\/wp-content\/uploads\/2024\/04\/webp_alasombradeun_1191mm-compressed.jpg","type":"image\/jpeg"}],"twitter_card":"summary_large_image","twitter_misc":{"Tiempo de lectura":"1 minuto"},"schema":{"@context":"https:\/\/schema.org","@graph":[{"@type":"WebPage","@id":"https:\/\/letrame.com\/catalogo\/producto\/a-la-sombra-de-un-chaparro\/","url":"https:\/\/letrame.com\/catalogo\/producto\/a-la-sombra-de-un-chaparro\/","name":"A la sombra de un chaparro - Catalogo | Letrame Grupo Editorial","isPartOf":{"@id":"https:\/\/letrame.com\/catalogo\/#website"},"primaryImageOfPage":{"@id":"https:\/\/letrame.com\/catalogo\/producto\/a-la-sombra-de-un-chaparro\/#primaryimage"},"image":{"@id":"https:\/\/letrame.com\/catalogo\/producto\/a-la-sombra-de-un-chaparro\/#primaryimage"},"thumbnailUrl":"https:\/\/letrame.com\/catalogo\/wp-content\/uploads\/2024\/04\/webp_alasombradeun_1191mm-compressed.jpg","datePublished":"2024-04-29T15:05:26+00:00","dateModified":"2024-04-29T15:05:48+00:00","breadcrumb":{"@id":"https:\/\/letrame.com\/catalogo\/producto\/a-la-sombra-de-un-chaparro\/#breadcrumb"},"inLanguage":"es","potentialAction":[{"@type":"ReadAction","target":["https:\/\/letrame.com\/catalogo\/producto\/a-la-sombra-de-un-chaparro\/"]}]},{"@type":"ImageObject","inLanguage":"es","@id":"https:\/\/letrame.com\/catalogo\/producto\/a-la-sombra-de-un-chaparro\/#primaryimage","url":"https:\/\/letrame.com\/catalogo\/wp-content\/uploads\/2024\/04\/webp_alasombradeun_1191mm-compressed.jpg","contentUrl":"https:\/\/letrame.com\/catalogo\/wp-content\/uploads\/2024\/04\/webp_alasombradeun_1191mm-compressed.jpg","width":1772,"height":2480},{"@type":"BreadcrumbList","@id":"https:\/\/letrame.com\/catalogo\/producto\/a-la-sombra-de-un-chaparro\/#breadcrumb","itemListElement":[{"@type":"ListItem","position":1,"name":"Portada","item":"https:\/\/letrame.com\/catalogo\/"},{"@type":"ListItem","position":2,"name":"Cat\u00e1logo","item":"https:\/\/letrame.com\/catalogo\/"},{"@type":"ListItem","position":3,"name":"A la sombra de un chaparro"}]},{"@type":"WebSite","@id":"https:\/\/letrame.com\/catalogo\/#website","url":"https:\/\/letrame.com\/catalogo\/","name":"Catalogo | Letrame Grupo Editorial","description":"","publisher":{"@id":"https:\/\/letrame.com\/catalogo\/#organization"},"potentialAction":[{"@type":"SearchAction","target":{"@type":"EntryPoint","urlTemplate":"https:\/\/letrame.com\/catalogo\/?s={search_term_string}"},"query-input":{"@type":"PropertyValueSpecification","valueRequired":true,"valueName":"search_term_string"}}],"inLanguage":"es"},{"@type":"Organization","@id":"https:\/\/letrame.com\/catalogo\/#organization","name":"Catalogo | Letrame Grupo Editorial","url":"https:\/\/letrame.com\/catalogo\/","logo":{"@type":"ImageObject","inLanguage":"es","@id":"https:\/\/letrame.com\/catalogo\/#\/schema\/logo\/image\/","url":"https:\/\/letrame.com\/catalogo\/wp-content\/uploads\/2024\/03\/logo2.webp","contentUrl":"https:\/\/letrame.com\/catalogo\/wp-content\/uploads\/2024\/03\/logo2.webp","width":394,"height":128,"caption":"Catalogo | Letrame Grupo Editorial"},"image":{"@id":"https:\/\/letrame.com\/catalogo\/#\/schema\/logo\/image\/"}}]}},"_links":{"self":[{"href":"https:\/\/letrame.com\/catalogo\/wp-json\/wp\/v2\/product\/99788","targetHints":{"allow":["GET"]}}],"collection":[{"href":"https:\/\/letrame.com\/catalogo\/wp-json\/wp\/v2\/product"}],"about":[{"href":"https:\/\/letrame.com\/catalogo\/wp-json\/wp\/v2\/types\/product"}],"replies":[{"embeddable":true,"href":"https:\/\/letrame.com\/catalogo\/wp-json\/wp\/v2\/comments?post=99788"}],"acf:post":[{"embeddable":true,"href":"https:\/\/letrame.com\/catalogo\/wp-json\/wp\/v2\/author_book\/78024"}],"wp:featuredmedia":[{"embeddable":true,"href":"https:\/\/letrame.com\/catalogo\/wp-json\/wp\/v2\/media\/99789"}],"wp:attachment":[{"href":"https:\/\/letrame.com\/catalogo\/wp-json\/wp\/v2\/media?parent=99788"}],"wp:term":[{"taxonomy":"libro","embeddable":true,"href":"https:\/\/letrame.com\/catalogo\/wp-json\/wp\/v2\/libro?post=99788"},{"taxonomy":"product_brand","embeddable":true,"href":"https:\/\/letrame.com\/catalogo\/wp-json\/wp\/v2\/product_brand?post=99788"},{"taxonomy":"product_cat","embeddable":true,"href":"https:\/\/letrame.com\/catalogo\/wp-json\/wp\/v2\/product_cat?post=99788"},{"taxonomy":"product_tag","embeddable":true,"href":"https:\/\/letrame.com\/catalogo\/wp-json\/wp\/v2\/product_tag?post=99788"}],"curies":[{"name":"wp","href":"https:\/\/api.w.org\/{rel}","templated":true}]}}