{"id":99784,"date":"2024-04-29T17:05:26","date_gmt":"2024-04-29T15:05:26","guid":{"rendered":"https:\/\/letrame.com\/catalogo\/producto\/vivir-con-miedo-o-sin-el\/"},"modified":"2024-07-03T14:40:10","modified_gmt":"2024-07-03T12:40:10","slug":"vivir-con-miedo-o-sin-el","status":"publish","type":"product","link":"https:\/\/letrame.com\/catalogo\/producto\/vivir-con-miedo-o-sin-el\/","title":{"rendered":"Vivir, con miedo o sin \u00e9l"},"content":{"rendered":"<p>ISBN:\u00a09788411819138<br \/>\nT\u00edtulo:_Vivir, con miedo o sin \u00e9l: Historias con un profundo amor por la vida<br \/>\nFecha:_2024<br \/>\nP\u00e1ginas:\u00a0238<br \/>\nSINOPSIS<br \/>\n\u00bfAlguna vez has sentido alguna emoci\u00f3n que inmediatamente has rechazado? \u00bfAlguna vez has sentido miedo, tristeza o rabia y no has querido tenerlas?<br \/>\nA veces, cuando la vida nos duele, nos oponemos a ello porque pensamos que si queremos ser felices no tenemos que sentir dolor. Sin darnos cuenta de que, al rechazar la emoci\u00f3n, nos estamos perdiendo la vida misma.<br \/>\nEste libro es un viaje en el que, a trav\u00e9s de diferentes historias, podr\u00e1s pararte a mirar y mirarte. Podr\u00e1s atravesar cada una de tus emociones para redescubrirte de nuevo y mejor. Podr\u00e1s amar lo roto y abrazar lo bueno.<br \/>\nUn viaje que te permitir\u00e1 adentrarte en las vidas de unas personas que, sin quererlo, te mostrar\u00e1n lo maravillosa que es la vida, a pesar de todo, y lo importante que es vivir, con miedo o sin \u00e9l.<br \/>\nTodas las historias que vas a leer son reales.<br \/>\nAbr\u00f3chate el cintur\u00f3n porque despegamos.<\/p>\n","protected":false},"excerpt":{"rendered":"<p>ISBN:\u00a09788411819138<br \/>\nT\u00edtulo:_Vivir, con miedo o sin \u00e9l: Historias con un profundo amor por la vida<br \/>\nFecha:_2024<br \/>\nP\u00e1ginas:\u00a0238<br \/>\nSINOPSIS<br \/>\n\u00bfAlguna vez has sentido alguna emoci\u00f3n que inmediatamente has rechazado? \u00bfAlguna vez has sentido miedo, tristeza o rabia y no has querido tenerlas?<br \/>\nA veces, cuando la vida nos duele, nos oponemos a ello porque pensamos que si queremos ser felices no tenemos que sentir dolor. Sin darnos cuenta de que, al rechazar la emoci\u00f3n, nos estamos perdiendo la vida misma.<br \/>\nEste libro es un viaje en el que, a trav\u00e9s de diferentes historias, podr\u00e1s pararte a mirar y mirarte. Podr\u00e1s atravesar cada una de tus emociones para redescubrirte de nuevo y mejor. Podr\u00e1s amar lo roto y abrazar lo bueno.<br \/>\nUn viaje que te permitir\u00e1 adentrarte en las vidas de unas personas que, sin quererlo, te mostrar\u00e1n lo maravillosa que es la vida, a pesar de todo, y lo importante que es vivir, con miedo o sin \u00e9l.<br \/>\nTodas las historias que vas a leer son reales.<br \/>\nAbr\u00f3chate el cintur\u00f3n porque despegamos.<\/p>\n","protected":false},"featured_media":99785,"comment_status":"closed","ping_status":"closed","template":"","meta":{"_acf_changed":false},"libro":[],"product_brand":[],"product_cat":[31],"product_tag":[],"class_list":{"0":"post-99784","1":"product","2":"type-product","3":"status-publish","4":"has-post-thumbnail","6":"product_cat-autobiografia","8":"first","9":"instock","10":"product-type-simple"},"acf":{"autor":[74554],"enlace_de_compra":"https:\/\/amzn.to\/3zsvl93"},"yoast_head":"<!-- This site is optimized with the Yoast SEO plugin v26.6 - https:\/\/yoast.com\/wordpress\/plugins\/seo\/ -->\n<title>Vivir, con miedo o sin \u00e9l - Catalogo | Letrame Grupo Editorial<\/title>\n<meta name=\"robots\" content=\"index, follow, max-snippet:-1, max-image-preview:large, max-video-preview:-1\" \/>\n<link rel=\"canonical\" href=\"https:\/\/letrame.com\/catalogo\/producto\/vivir-con-miedo-o-sin-el\/\" \/>\n<meta property=\"og:locale\" content=\"es_ES\" \/>\n<meta property=\"og:type\" content=\"article\" \/>\n<meta property=\"og:title\" content=\"Vivir, con miedo o sin \u00e9l - Catalogo | Letrame Grupo Editorial\" \/>\n<meta property=\"og:description\" content=\"ISBN:\u00a09788411819138 T\u00edtulo:_Vivir, con miedo o sin \u00e9l: Historias con un profundo amor por la vida Fecha:_2024 P\u00e1ginas:\u00a0238 SINOPSIS \u00bfAlguna vez has sentido alguna emoci\u00f3n que inmediatamente has rechazado? \u00bfAlguna vez has sentido miedo, tristeza o rabia y no has querido tenerlas? A veces, cuando la vida nos duele, nos oponemos a ello porque pensamos que si queremos ser felices no tenemos que sentir dolor. Sin darnos cuenta de que, al rechazar la emoci\u00f3n, nos estamos perdiendo la vida misma. Este libro es un viaje en el que, a trav\u00e9s de diferentes historias, podr\u00e1s pararte a mirar y mirarte. Podr\u00e1s atravesar cada una de tus emociones para redescubrirte de nuevo y mejor. Podr\u00e1s amar lo roto y abrazar lo bueno. Un viaje que te permitir\u00e1 adentrarte en las vidas de unas personas que, sin quererlo, te mostrar\u00e1n lo maravillosa que es la vida, a pesar de todo, y lo importante que es vivir, con miedo o sin \u00e9l. Todas las historias que vas a leer son reales. Abr\u00f3chate el cintur\u00f3n porque despegamos.\" \/>\n<meta property=\"og:url\" content=\"https:\/\/letrame.com\/catalogo\/producto\/vivir-con-miedo-o-sin-el\/\" \/>\n<meta property=\"og:site_name\" content=\"Catalogo | Letrame Grupo Editorial\" \/>\n<meta property=\"article:modified_time\" content=\"2024-07-03T12:40:10+00:00\" \/>\n<meta property=\"og:image\" content=\"https:\/\/letrame.com\/catalogo\/wp-content\/uploads\/2024\/04\/webp_vivirconmiedo_121mm-compressed-scaled-1.jpg\" \/>\n\t<meta property=\"og:image:width\" content=\"1746\" \/>\n\t<meta property=\"og:image:height\" content=\"2560\" \/>\n\t<meta property=\"og:image:type\" content=\"image\/jpeg\" \/>\n<meta name=\"twitter:card\" content=\"summary_large_image\" \/>\n<meta name=\"twitter:label1\" content=\"Tiempo de lectura\" \/>\n\t<meta name=\"twitter:data1\" content=\"1 minuto\" \/>\n<script type=\"application\/ld+json\" class=\"yoast-schema-graph\">{\"@context\":\"https:\/\/schema.org\",\"@graph\":[{\"@type\":\"WebPage\",\"@id\":\"https:\/\/letrame.com\/catalogo\/producto\/vivir-con-miedo-o-sin-el\/\",\"url\":\"https:\/\/letrame.com\/catalogo\/producto\/vivir-con-miedo-o-sin-el\/\",\"name\":\"Vivir, con miedo o sin \u00e9l - Catalogo | Letrame Grupo Editorial\",\"isPartOf\":{\"@id\":\"https:\/\/letrame.com\/catalogo\/#website\"},\"primaryImageOfPage\":{\"@id\":\"https:\/\/letrame.com\/catalogo\/producto\/vivir-con-miedo-o-sin-el\/#primaryimage\"},\"image\":{\"@id\":\"https:\/\/letrame.com\/catalogo\/producto\/vivir-con-miedo-o-sin-el\/#primaryimage\"},\"thumbnailUrl\":\"https:\/\/letrame.com\/catalogo\/wp-content\/uploads\/2024\/04\/webp_vivirconmiedo_121mm-compressed-scaled-1.jpg\",\"datePublished\":\"2024-04-29T15:05:26+00:00\",\"dateModified\":\"2024-07-03T12:40:10+00:00\",\"breadcrumb\":{\"@id\":\"https:\/\/letrame.com\/catalogo\/producto\/vivir-con-miedo-o-sin-el\/#breadcrumb\"},\"inLanguage\":\"es\",\"potentialAction\":[{\"@type\":\"ReadAction\",\"target\":[\"https:\/\/letrame.com\/catalogo\/producto\/vivir-con-miedo-o-sin-el\/\"]}]},{\"@type\":\"ImageObject\",\"inLanguage\":\"es\",\"@id\":\"https:\/\/letrame.com\/catalogo\/producto\/vivir-con-miedo-o-sin-el\/#primaryimage\",\"url\":\"https:\/\/letrame.com\/catalogo\/wp-content\/uploads\/2024\/04\/webp_vivirconmiedo_121mm-compressed-scaled-1.jpg\",\"contentUrl\":\"https:\/\/letrame.com\/catalogo\/wp-content\/uploads\/2024\/04\/webp_vivirconmiedo_121mm-compressed-scaled-1.jpg\",\"width\":1746,\"height\":2560},{\"@type\":\"BreadcrumbList\",\"@id\":\"https:\/\/letrame.com\/catalogo\/producto\/vivir-con-miedo-o-sin-el\/#breadcrumb\",\"itemListElement\":[{\"@type\":\"ListItem\",\"position\":1,\"name\":\"Portada\",\"item\":\"https:\/\/letrame.com\/catalogo\/\"},{\"@type\":\"ListItem\",\"position\":2,\"name\":\"Cat\u00e1logo\",\"item\":\"https:\/\/letrame.com\/catalogo\/\"},{\"@type\":\"ListItem\",\"position\":3,\"name\":\"Vivir, con miedo o sin \u00e9l\"}]},{\"@type\":\"WebSite\",\"@id\":\"https:\/\/letrame.com\/catalogo\/#website\",\"url\":\"https:\/\/letrame.com\/catalogo\/\",\"name\":\"Catalogo | Letrame Grupo Editorial\",\"description\":\"\",\"publisher\":{\"@id\":\"https:\/\/letrame.com\/catalogo\/#organization\"},\"potentialAction\":[{\"@type\":\"SearchAction\",\"target\":{\"@type\":\"EntryPoint\",\"urlTemplate\":\"https:\/\/letrame.com\/catalogo\/?s={search_term_string}\"},\"query-input\":{\"@type\":\"PropertyValueSpecification\",\"valueRequired\":true,\"valueName\":\"search_term_string\"}}],\"inLanguage\":\"es\"},{\"@type\":\"Organization\",\"@id\":\"https:\/\/letrame.com\/catalogo\/#organization\",\"name\":\"Catalogo | Letrame Grupo Editorial\",\"url\":\"https:\/\/letrame.com\/catalogo\/\",\"logo\":{\"@type\":\"ImageObject\",\"inLanguage\":\"es\",\"@id\":\"https:\/\/letrame.com\/catalogo\/#\/schema\/logo\/image\/\",\"url\":\"https:\/\/letrame.com\/catalogo\/wp-content\/uploads\/2024\/03\/logo2.webp\",\"contentUrl\":\"https:\/\/letrame.com\/catalogo\/wp-content\/uploads\/2024\/03\/logo2.webp\",\"width\":394,\"height\":128,\"caption\":\"Catalogo | Letrame Grupo Editorial\"},\"image\":{\"@id\":\"https:\/\/letrame.com\/catalogo\/#\/schema\/logo\/image\/\"}}]}<\/script>\n<!-- \/ Yoast SEO plugin. -->","yoast_head_json":{"title":"Vivir, con miedo o sin \u00e9l - Catalogo | Letrame Grupo Editorial","robots":{"index":"index","follow":"follow","max-snippet":"max-snippet:-1","max-image-preview":"max-image-preview:large","max-video-preview":"max-video-preview:-1"},"canonical":"https:\/\/letrame.com\/catalogo\/producto\/vivir-con-miedo-o-sin-el\/","og_locale":"es_ES","og_type":"article","og_title":"Vivir, con miedo o sin \u00e9l - Catalogo | Letrame Grupo Editorial","og_description":"ISBN:\u00a09788411819138 T\u00edtulo:_Vivir, con miedo o sin \u00e9l: Historias con un profundo amor por la vida Fecha:_2024 P\u00e1ginas:\u00a0238 SINOPSIS \u00bfAlguna vez has sentido alguna emoci\u00f3n que inmediatamente has rechazado? \u00bfAlguna vez has sentido miedo, tristeza o rabia y no has querido tenerlas? A veces, cuando la vida nos duele, nos oponemos a ello porque pensamos que si queremos ser felices no tenemos que sentir dolor. Sin darnos cuenta de que, al rechazar la emoci\u00f3n, nos estamos perdiendo la vida misma. Este libro es un viaje en el que, a trav\u00e9s de diferentes historias, podr\u00e1s pararte a mirar y mirarte. Podr\u00e1s atravesar cada una de tus emociones para redescubrirte de nuevo y mejor. Podr\u00e1s amar lo roto y abrazar lo bueno. Un viaje que te permitir\u00e1 adentrarte en las vidas de unas personas que, sin quererlo, te mostrar\u00e1n lo maravillosa que es la vida, a pesar de todo, y lo importante que es vivir, con miedo o sin \u00e9l. Todas las historias que vas a leer son reales. Abr\u00f3chate el cintur\u00f3n porque despegamos.","og_url":"https:\/\/letrame.com\/catalogo\/producto\/vivir-con-miedo-o-sin-el\/","og_site_name":"Catalogo | Letrame Grupo Editorial","article_modified_time":"2024-07-03T12:40:10+00:00","og_image":[{"width":1746,"height":2560,"url":"https:\/\/letrame.com\/catalogo\/wp-content\/uploads\/2024\/04\/webp_vivirconmiedo_121mm-compressed-scaled-1.jpg","type":"image\/jpeg"}],"twitter_card":"summary_large_image","twitter_misc":{"Tiempo de lectura":"1 minuto"},"schema":{"@context":"https:\/\/schema.org","@graph":[{"@type":"WebPage","@id":"https:\/\/letrame.com\/catalogo\/producto\/vivir-con-miedo-o-sin-el\/","url":"https:\/\/letrame.com\/catalogo\/producto\/vivir-con-miedo-o-sin-el\/","name":"Vivir, con miedo o sin \u00e9l - Catalogo | Letrame Grupo Editorial","isPartOf":{"@id":"https:\/\/letrame.com\/catalogo\/#website"},"primaryImageOfPage":{"@id":"https:\/\/letrame.com\/catalogo\/producto\/vivir-con-miedo-o-sin-el\/#primaryimage"},"image":{"@id":"https:\/\/letrame.com\/catalogo\/producto\/vivir-con-miedo-o-sin-el\/#primaryimage"},"thumbnailUrl":"https:\/\/letrame.com\/catalogo\/wp-content\/uploads\/2024\/04\/webp_vivirconmiedo_121mm-compressed-scaled-1.jpg","datePublished":"2024-04-29T15:05:26+00:00","dateModified":"2024-07-03T12:40:10+00:00","breadcrumb":{"@id":"https:\/\/letrame.com\/catalogo\/producto\/vivir-con-miedo-o-sin-el\/#breadcrumb"},"inLanguage":"es","potentialAction":[{"@type":"ReadAction","target":["https:\/\/letrame.com\/catalogo\/producto\/vivir-con-miedo-o-sin-el\/"]}]},{"@type":"ImageObject","inLanguage":"es","@id":"https:\/\/letrame.com\/catalogo\/producto\/vivir-con-miedo-o-sin-el\/#primaryimage","url":"https:\/\/letrame.com\/catalogo\/wp-content\/uploads\/2024\/04\/webp_vivirconmiedo_121mm-compressed-scaled-1.jpg","contentUrl":"https:\/\/letrame.com\/catalogo\/wp-content\/uploads\/2024\/04\/webp_vivirconmiedo_121mm-compressed-scaled-1.jpg","width":1746,"height":2560},{"@type":"BreadcrumbList","@id":"https:\/\/letrame.com\/catalogo\/producto\/vivir-con-miedo-o-sin-el\/#breadcrumb","itemListElement":[{"@type":"ListItem","position":1,"name":"Portada","item":"https:\/\/letrame.com\/catalogo\/"},{"@type":"ListItem","position":2,"name":"Cat\u00e1logo","item":"https:\/\/letrame.com\/catalogo\/"},{"@type":"ListItem","position":3,"name":"Vivir, con miedo o sin \u00e9l"}]},{"@type":"WebSite","@id":"https:\/\/letrame.com\/catalogo\/#website","url":"https:\/\/letrame.com\/catalogo\/","name":"Catalogo | Letrame Grupo Editorial","description":"","publisher":{"@id":"https:\/\/letrame.com\/catalogo\/#organization"},"potentialAction":[{"@type":"SearchAction","target":{"@type":"EntryPoint","urlTemplate":"https:\/\/letrame.com\/catalogo\/?s={search_term_string}"},"query-input":{"@type":"PropertyValueSpecification","valueRequired":true,"valueName":"search_term_string"}}],"inLanguage":"es"},{"@type":"Organization","@id":"https:\/\/letrame.com\/catalogo\/#organization","name":"Catalogo | Letrame Grupo Editorial","url":"https:\/\/letrame.com\/catalogo\/","logo":{"@type":"ImageObject","inLanguage":"es","@id":"https:\/\/letrame.com\/catalogo\/#\/schema\/logo\/image\/","url":"https:\/\/letrame.com\/catalogo\/wp-content\/uploads\/2024\/03\/logo2.webp","contentUrl":"https:\/\/letrame.com\/catalogo\/wp-content\/uploads\/2024\/03\/logo2.webp","width":394,"height":128,"caption":"Catalogo | Letrame Grupo Editorial"},"image":{"@id":"https:\/\/letrame.com\/catalogo\/#\/schema\/logo\/image\/"}}]}},"_links":{"self":[{"href":"https:\/\/letrame.com\/catalogo\/wp-json\/wp\/v2\/product\/99784","targetHints":{"allow":["GET"]}}],"collection":[{"href":"https:\/\/letrame.com\/catalogo\/wp-json\/wp\/v2\/product"}],"about":[{"href":"https:\/\/letrame.com\/catalogo\/wp-json\/wp\/v2\/types\/product"}],"replies":[{"embeddable":true,"href":"https:\/\/letrame.com\/catalogo\/wp-json\/wp\/v2\/comments?post=99784"}],"acf:post":[{"embeddable":true,"href":"https:\/\/letrame.com\/catalogo\/wp-json\/wp\/v2\/author_book\/74554"}],"wp:featuredmedia":[{"embeddable":true,"href":"https:\/\/letrame.com\/catalogo\/wp-json\/wp\/v2\/media\/99785"}],"wp:attachment":[{"href":"https:\/\/letrame.com\/catalogo\/wp-json\/wp\/v2\/media?parent=99784"}],"wp:term":[{"taxonomy":"libro","embeddable":true,"href":"https:\/\/letrame.com\/catalogo\/wp-json\/wp\/v2\/libro?post=99784"},{"taxonomy":"product_brand","embeddable":true,"href":"https:\/\/letrame.com\/catalogo\/wp-json\/wp\/v2\/product_brand?post=99784"},{"taxonomy":"product_cat","embeddable":true,"href":"https:\/\/letrame.com\/catalogo\/wp-json\/wp\/v2\/product_cat?post=99784"},{"taxonomy":"product_tag","embeddable":true,"href":"https:\/\/letrame.com\/catalogo\/wp-json\/wp\/v2\/product_tag?post=99784"}],"curies":[{"name":"wp","href":"https:\/\/api.w.org\/{rel}","templated":true}]}}