{"id":99777,"date":"2024-04-29T17:04:05","date_gmt":"2024-04-29T15:04:05","guid":{"rendered":"https:\/\/letrame.com\/catalogo\/producto\/lo-que-mis-silencios-intentaron-decirte\/"},"modified":"2024-06-04T15:46:22","modified_gmt":"2024-06-04T13:46:22","slug":"lo-que-mis-silencios-intentaron-decirte","status":"publish","type":"product","link":"https:\/\/letrame.com\/catalogo\/producto\/lo-que-mis-silencios-intentaron-decirte\/","title":{"rendered":"Lo que mis silencios intentaron decirte"},"content":{"rendered":"<p>ISBN:\u00a09788411810975<br \/>\nT\u00edtulo:_LO QUE MIS SILENCIOS INTENTARON DECIRTE<br \/>\nFecha:_2024<br \/>\nP\u00e1ginas:\u00a0138<br \/>\nSINOPSIS<br \/>\n\u00bfQu\u00e9 es la vida sin amor? Sin duda, una dicotom\u00eda imposible de concebir, pues el amor es el motor que impulsa y transforma el mundo, el p\u00e1lpito de nuestra existencia, que nos impulsa a mejorar y a entregarnos a los dem\u00e1s. \u00bfAcaso hay alguien que no se haya sentido arrobado, siquiera una vez, por el \u00e9xtasis del amor? Anhelo, deseo, ternura, los m\u00e1s sublimes sentimientos que pueda albergar el coraz\u00f3n quedan plasmados en Lo que mis silencios intentaron decirte, intensa y evocadora antolog\u00eda de pensamientos y emociones, en la que toma forma el interior m\u00e1s \u00edntimo del autor, que loa al amor sincero, al amor verdadero, pero tambi\u00e9n, haciendo alarde de valent\u00eda y honradez, desnuda su alma para reconocer los yerros pasados y sus flaquezas. Lo que mis silencios intentaron decirte es, pues, una obra sentida que invita a dejarse llevar por la sutileza de sus composiciones, que otorgan un cariz delicado e intimista a su lectura.<\/p>\n","protected":false},"excerpt":{"rendered":"<p>ISBN:\u00a09788411810975<br \/>\nT\u00edtulo:_LO QUE MIS SILENCIOS INTENTARON DECIRTE<br \/>\nFecha:_2024<br \/>\nP\u00e1ginas:\u00a0138<br \/>\nSINOPSIS<br \/>\n\u00bfQu\u00e9 es la vida sin amor? Sin duda, una dicotom\u00eda imposible de concebir, pues el amor es el motor que impulsa y transforma el mundo, el p\u00e1lpito de nuestra existencia, que nos impulsa a mejorar y a entregarnos a los dem\u00e1s. \u00bfAcaso hay alguien que no se haya sentido arrobado, siquiera una vez, por el \u00e9xtasis del amor? Anhelo, deseo, ternura, los m\u00e1s sublimes sentimientos que pueda albergar el coraz\u00f3n quedan plasmados en Lo que mis silencios intentaron decirte, intensa y evocadora antolog\u00eda de pensamientos y emociones, en la que toma forma el interior m\u00e1s \u00edntimo del autor, que loa al amor sincero, al amor verdadero, pero tambi\u00e9n, haciendo alarde de valent\u00eda y honradez, desnuda su alma para reconocer los yerros pasados y sus flaquezas. Lo que mis silencios intentaron decirte es, pues, una obra sentida que invita a dejarse llevar por la sutileza de sus composiciones, que otorgan un cariz delicado e intimista a su lectura.<\/p>\n","protected":false},"featured_media":99778,"comment_status":"closed","ping_status":"closed","template":"","meta":{"_acf_changed":false},"libro":[],"product_brand":[],"product_cat":[30],"product_tag":[],"class_list":{"0":"post-99777","1":"product","2":"type-product","3":"status-publish","4":"has-post-thumbnail","6":"product_cat-desarrollo-personal-y-autoconocimiento","8":"first","9":"instock","10":"product-type-simple"},"acf":{"autor":[78016],"enlace_de_compra":"https:\/\/www.casadellibro.com\/libro-lo-que-mis-silencios-intentaron-decirte\/9788411810975\/15880770"},"yoast_head":"<!-- This site is optimized with the Yoast SEO plugin v27.4 - https:\/\/yoast.com\/product\/yoast-seo-wordpress\/ -->\n<title>Lo que mis silencios intentaron decirte - Catalogo | Letrame Grupo Editorial<\/title>\n<meta name=\"robots\" content=\"index, follow, max-snippet:-1, max-image-preview:large, max-video-preview:-1\" \/>\n<link rel=\"canonical\" href=\"https:\/\/letrame.com\/catalogo\/producto\/lo-que-mis-silencios-intentaron-decirte\/\" \/>\n<meta property=\"og:locale\" content=\"es_ES\" \/>\n<meta property=\"og:type\" content=\"article\" \/>\n<meta property=\"og:title\" content=\"Lo que mis silencios intentaron decirte - Catalogo | Letrame Grupo Editorial\" \/>\n<meta property=\"og:description\" content=\"ISBN:\u00a09788411810975 T\u00edtulo:_LO QUE MIS SILENCIOS INTENTARON DECIRTE Fecha:_2024 P\u00e1ginas:\u00a0138 SINOPSIS \u00bfQu\u00e9 es la vida sin amor? Sin duda, una dicotom\u00eda imposible de concebir, pues el amor es el motor que impulsa y transforma el mundo, el p\u00e1lpito de nuestra existencia, que nos impulsa a mejorar y a entregarnos a los dem\u00e1s. \u00bfAcaso hay alguien que no se haya sentido arrobado, siquiera una vez, por el \u00e9xtasis del amor? Anhelo, deseo, ternura, los m\u00e1s sublimes sentimientos que pueda albergar el coraz\u00f3n quedan plasmados en Lo que mis silencios intentaron decirte, intensa y evocadora antolog\u00eda de pensamientos y emociones, en la que toma forma el interior m\u00e1s \u00edntimo del autor, que loa al amor sincero, al amor verdadero, pero tambi\u00e9n, haciendo alarde de valent\u00eda y honradez, desnuda su alma para reconocer los yerros pasados y sus flaquezas. Lo que mis silencios intentaron decirte es, pues, una obra sentida que invita a dejarse llevar por la sutileza de sus composiciones, que otorgan un cariz delicado e intimista a su lectura.\" \/>\n<meta property=\"og:url\" content=\"https:\/\/letrame.com\/catalogo\/producto\/lo-que-mis-silencios-intentaron-decirte\/\" \/>\n<meta property=\"og:site_name\" content=\"Catalogo | Letrame Grupo Editorial\" \/>\n<meta property=\"article:modified_time\" content=\"2024-06-04T13:46:22+00:00\" \/>\n<meta property=\"og:image\" content=\"https:\/\/letrame.com\/catalogo\/wp-content\/uploads\/2024\/04\/webportada_loquemis_43mm-compressed.jpg\" \/>\n\t<meta property=\"og:image:width\" content=\"1594\" \/>\n\t<meta property=\"og:image:height\" content=\"2303\" \/>\n\t<meta property=\"og:image:type\" content=\"image\/jpeg\" \/>\n<meta name=\"twitter:card\" content=\"summary_large_image\" \/>\n<meta name=\"twitter:label1\" content=\"Tiempo de lectura\" \/>\n\t<meta name=\"twitter:data1\" content=\"1 minuto\" \/>\n<script type=\"application\/ld+json\" class=\"yoast-schema-graph\">{\"@context\":\"https:\\\/\\\/schema.org\",\"@graph\":[{\"@type\":\"WebPage\",\"@id\":\"https:\\\/\\\/letrame.com\\\/catalogo\\\/producto\\\/lo-que-mis-silencios-intentaron-decirte\\\/\",\"url\":\"https:\\\/\\\/letrame.com\\\/catalogo\\\/producto\\\/lo-que-mis-silencios-intentaron-decirte\\\/\",\"name\":\"Lo que mis silencios intentaron decirte - Catalogo | Letrame Grupo Editorial\",\"isPartOf\":{\"@id\":\"https:\\\/\\\/letrame.com\\\/catalogo\\\/#website\"},\"primaryImageOfPage\":{\"@id\":\"https:\\\/\\\/letrame.com\\\/catalogo\\\/producto\\\/lo-que-mis-silencios-intentaron-decirte\\\/#primaryimage\"},\"image\":{\"@id\":\"https:\\\/\\\/letrame.com\\\/catalogo\\\/producto\\\/lo-que-mis-silencios-intentaron-decirte\\\/#primaryimage\"},\"thumbnailUrl\":\"https:\\\/\\\/letrame.com\\\/catalogo\\\/wp-content\\\/uploads\\\/2024\\\/04\\\/webportada_loquemis_43mm-compressed.jpg\",\"datePublished\":\"2024-04-29T15:04:05+00:00\",\"dateModified\":\"2024-06-04T13:46:22+00:00\",\"breadcrumb\":{\"@id\":\"https:\\\/\\\/letrame.com\\\/catalogo\\\/producto\\\/lo-que-mis-silencios-intentaron-decirte\\\/#breadcrumb\"},\"inLanguage\":\"es\",\"potentialAction\":[{\"@type\":\"ReadAction\",\"target\":[\"https:\\\/\\\/letrame.com\\\/catalogo\\\/producto\\\/lo-que-mis-silencios-intentaron-decirte\\\/\"]}]},{\"@type\":\"ImageObject\",\"inLanguage\":\"es\",\"@id\":\"https:\\\/\\\/letrame.com\\\/catalogo\\\/producto\\\/lo-que-mis-silencios-intentaron-decirte\\\/#primaryimage\",\"url\":\"https:\\\/\\\/letrame.com\\\/catalogo\\\/wp-content\\\/uploads\\\/2024\\\/04\\\/webportada_loquemis_43mm-compressed.jpg\",\"contentUrl\":\"https:\\\/\\\/letrame.com\\\/catalogo\\\/wp-content\\\/uploads\\\/2024\\\/04\\\/webportada_loquemis_43mm-compressed.jpg\",\"width\":1594,\"height\":2303},{\"@type\":\"BreadcrumbList\",\"@id\":\"https:\\\/\\\/letrame.com\\\/catalogo\\\/producto\\\/lo-que-mis-silencios-intentaron-decirte\\\/#breadcrumb\",\"itemListElement\":[{\"@type\":\"ListItem\",\"position\":1,\"name\":\"Portada\",\"item\":\"https:\\\/\\\/letrame.com\\\/catalogo\\\/\"},{\"@type\":\"ListItem\",\"position\":2,\"name\":\"Cat\u00e1logo\",\"item\":\"https:\\\/\\\/letrame.com\\\/catalogo\\\/\"},{\"@type\":\"ListItem\",\"position\":3,\"name\":\"Lo que mis silencios intentaron decirte\"}]},{\"@type\":\"WebSite\",\"@id\":\"https:\\\/\\\/letrame.com\\\/catalogo\\\/#website\",\"url\":\"https:\\\/\\\/letrame.com\\\/catalogo\\\/\",\"name\":\"Catalogo | Letrame Grupo Editorial\",\"description\":\"\",\"publisher\":{\"@id\":\"https:\\\/\\\/letrame.com\\\/catalogo\\\/#organization\"},\"potentialAction\":[{\"@type\":\"SearchAction\",\"target\":{\"@type\":\"EntryPoint\",\"urlTemplate\":\"https:\\\/\\\/letrame.com\\\/catalogo\\\/?s={search_term_string}\"},\"query-input\":{\"@type\":\"PropertyValueSpecification\",\"valueRequired\":true,\"valueName\":\"search_term_string\"}}],\"inLanguage\":\"es\"},{\"@type\":\"Organization\",\"@id\":\"https:\\\/\\\/letrame.com\\\/catalogo\\\/#organization\",\"name\":\"Catalogo | Letrame Grupo Editorial\",\"url\":\"https:\\\/\\\/letrame.com\\\/catalogo\\\/\",\"logo\":{\"@type\":\"ImageObject\",\"inLanguage\":\"es\",\"@id\":\"https:\\\/\\\/letrame.com\\\/catalogo\\\/#\\\/schema\\\/logo\\\/image\\\/\",\"url\":\"https:\\\/\\\/letrame.com\\\/catalogo\\\/wp-content\\\/uploads\\\/2024\\\/03\\\/logo2.webp\",\"contentUrl\":\"https:\\\/\\\/letrame.com\\\/catalogo\\\/wp-content\\\/uploads\\\/2024\\\/03\\\/logo2.webp\",\"width\":394,\"height\":128,\"caption\":\"Catalogo | Letrame Grupo Editorial\"},\"image\":{\"@id\":\"https:\\\/\\\/letrame.com\\\/catalogo\\\/#\\\/schema\\\/logo\\\/image\\\/\"}}]}<\/script>\n<!-- \/ Yoast SEO plugin. -->","yoast_head_json":{"title":"Lo que mis silencios intentaron decirte - Catalogo | Letrame Grupo Editorial","robots":{"index":"index","follow":"follow","max-snippet":"max-snippet:-1","max-image-preview":"max-image-preview:large","max-video-preview":"max-video-preview:-1"},"canonical":"https:\/\/letrame.com\/catalogo\/producto\/lo-que-mis-silencios-intentaron-decirte\/","og_locale":"es_ES","og_type":"article","og_title":"Lo que mis silencios intentaron decirte - Catalogo | Letrame Grupo Editorial","og_description":"ISBN:\u00a09788411810975 T\u00edtulo:_LO QUE MIS SILENCIOS INTENTARON DECIRTE Fecha:_2024 P\u00e1ginas:\u00a0138 SINOPSIS \u00bfQu\u00e9 es la vida sin amor? Sin duda, una dicotom\u00eda imposible de concebir, pues el amor es el motor que impulsa y transforma el mundo, el p\u00e1lpito de nuestra existencia, que nos impulsa a mejorar y a entregarnos a los dem\u00e1s. \u00bfAcaso hay alguien que no se haya sentido arrobado, siquiera una vez, por el \u00e9xtasis del amor? Anhelo, deseo, ternura, los m\u00e1s sublimes sentimientos que pueda albergar el coraz\u00f3n quedan plasmados en Lo que mis silencios intentaron decirte, intensa y evocadora antolog\u00eda de pensamientos y emociones, en la que toma forma el interior m\u00e1s \u00edntimo del autor, que loa al amor sincero, al amor verdadero, pero tambi\u00e9n, haciendo alarde de valent\u00eda y honradez, desnuda su alma para reconocer los yerros pasados y sus flaquezas. Lo que mis silencios intentaron decirte es, pues, una obra sentida que invita a dejarse llevar por la sutileza de sus composiciones, que otorgan un cariz delicado e intimista a su lectura.","og_url":"https:\/\/letrame.com\/catalogo\/producto\/lo-que-mis-silencios-intentaron-decirte\/","og_site_name":"Catalogo | Letrame Grupo Editorial","article_modified_time":"2024-06-04T13:46:22+00:00","og_image":[{"width":1594,"height":2303,"url":"https:\/\/letrame.com\/catalogo\/wp-content\/uploads\/2024\/04\/webportada_loquemis_43mm-compressed.jpg","type":"image\/jpeg"}],"twitter_card":"summary_large_image","twitter_misc":{"Tiempo de lectura":"1 minuto"},"schema":{"@context":"https:\/\/schema.org","@graph":[{"@type":"WebPage","@id":"https:\/\/letrame.com\/catalogo\/producto\/lo-que-mis-silencios-intentaron-decirte\/","url":"https:\/\/letrame.com\/catalogo\/producto\/lo-que-mis-silencios-intentaron-decirte\/","name":"Lo que mis silencios intentaron decirte - Catalogo | Letrame Grupo Editorial","isPartOf":{"@id":"https:\/\/letrame.com\/catalogo\/#website"},"primaryImageOfPage":{"@id":"https:\/\/letrame.com\/catalogo\/producto\/lo-que-mis-silencios-intentaron-decirte\/#primaryimage"},"image":{"@id":"https:\/\/letrame.com\/catalogo\/producto\/lo-que-mis-silencios-intentaron-decirte\/#primaryimage"},"thumbnailUrl":"https:\/\/letrame.com\/catalogo\/wp-content\/uploads\/2024\/04\/webportada_loquemis_43mm-compressed.jpg","datePublished":"2024-04-29T15:04:05+00:00","dateModified":"2024-06-04T13:46:22+00:00","breadcrumb":{"@id":"https:\/\/letrame.com\/catalogo\/producto\/lo-que-mis-silencios-intentaron-decirte\/#breadcrumb"},"inLanguage":"es","potentialAction":[{"@type":"ReadAction","target":["https:\/\/letrame.com\/catalogo\/producto\/lo-que-mis-silencios-intentaron-decirte\/"]}]},{"@type":"ImageObject","inLanguage":"es","@id":"https:\/\/letrame.com\/catalogo\/producto\/lo-que-mis-silencios-intentaron-decirte\/#primaryimage","url":"https:\/\/letrame.com\/catalogo\/wp-content\/uploads\/2024\/04\/webportada_loquemis_43mm-compressed.jpg","contentUrl":"https:\/\/letrame.com\/catalogo\/wp-content\/uploads\/2024\/04\/webportada_loquemis_43mm-compressed.jpg","width":1594,"height":2303},{"@type":"BreadcrumbList","@id":"https:\/\/letrame.com\/catalogo\/producto\/lo-que-mis-silencios-intentaron-decirte\/#breadcrumb","itemListElement":[{"@type":"ListItem","position":1,"name":"Portada","item":"https:\/\/letrame.com\/catalogo\/"},{"@type":"ListItem","position":2,"name":"Cat\u00e1logo","item":"https:\/\/letrame.com\/catalogo\/"},{"@type":"ListItem","position":3,"name":"Lo que mis silencios intentaron decirte"}]},{"@type":"WebSite","@id":"https:\/\/letrame.com\/catalogo\/#website","url":"https:\/\/letrame.com\/catalogo\/","name":"Catalogo | Letrame Grupo Editorial","description":"","publisher":{"@id":"https:\/\/letrame.com\/catalogo\/#organization"},"potentialAction":[{"@type":"SearchAction","target":{"@type":"EntryPoint","urlTemplate":"https:\/\/letrame.com\/catalogo\/?s={search_term_string}"},"query-input":{"@type":"PropertyValueSpecification","valueRequired":true,"valueName":"search_term_string"}}],"inLanguage":"es"},{"@type":"Organization","@id":"https:\/\/letrame.com\/catalogo\/#organization","name":"Catalogo | Letrame Grupo Editorial","url":"https:\/\/letrame.com\/catalogo\/","logo":{"@type":"ImageObject","inLanguage":"es","@id":"https:\/\/letrame.com\/catalogo\/#\/schema\/logo\/image\/","url":"https:\/\/letrame.com\/catalogo\/wp-content\/uploads\/2024\/03\/logo2.webp","contentUrl":"https:\/\/letrame.com\/catalogo\/wp-content\/uploads\/2024\/03\/logo2.webp","width":394,"height":128,"caption":"Catalogo | Letrame Grupo Editorial"},"image":{"@id":"https:\/\/letrame.com\/catalogo\/#\/schema\/logo\/image\/"}}]}},"_links":{"self":[{"href":"https:\/\/letrame.com\/catalogo\/wp-json\/wp\/v2\/product\/99777","targetHints":{"allow":["GET"]}}],"collection":[{"href":"https:\/\/letrame.com\/catalogo\/wp-json\/wp\/v2\/product"}],"about":[{"href":"https:\/\/letrame.com\/catalogo\/wp-json\/wp\/v2\/types\/product"}],"replies":[{"embeddable":true,"href":"https:\/\/letrame.com\/catalogo\/wp-json\/wp\/v2\/comments?post=99777"}],"acf:post":[{"embeddable":true,"href":"https:\/\/letrame.com\/catalogo\/wp-json\/wp\/v2\/author_book\/78016"}],"wp:featuredmedia":[{"embeddable":true,"href":"https:\/\/letrame.com\/catalogo\/wp-json\/wp\/v2\/media\/99778"}],"wp:attachment":[{"href":"https:\/\/letrame.com\/catalogo\/wp-json\/wp\/v2\/media?parent=99777"}],"wp:term":[{"taxonomy":"libro","embeddable":true,"href":"https:\/\/letrame.com\/catalogo\/wp-json\/wp\/v2\/libro?post=99777"},{"taxonomy":"product_brand","embeddable":true,"href":"https:\/\/letrame.com\/catalogo\/wp-json\/wp\/v2\/product_brand?post=99777"},{"taxonomy":"product_cat","embeddable":true,"href":"https:\/\/letrame.com\/catalogo\/wp-json\/wp\/v2\/product_cat?post=99777"},{"taxonomy":"product_tag","embeddable":true,"href":"https:\/\/letrame.com\/catalogo\/wp-json\/wp\/v2\/product_tag?post=99777"}],"curies":[{"name":"wp","href":"https:\/\/api.w.org\/{rel}","templated":true}]}}