{"id":99769,"date":"2024-04-29T17:03:22","date_gmt":"2024-04-29T15:03:22","guid":{"rendered":"https:\/\/letrame.com\/catalogo\/producto\/somos-constelacion\/"},"modified":"2024-07-03T14:54:03","modified_gmt":"2024-07-03T12:54:03","slug":"somos-constelacion","status":"publish","type":"product","link":"https:\/\/letrame.com\/catalogo\/producto\/somos-constelacion\/","title":{"rendered":"Somos Constelaci\u00f3n"},"content":{"rendered":"<p>ISBN:\u00a09788411817899<br \/>\nT\u00edtulo:_Somos Constelaci\u00f3n<br \/>\nFecha:_2023<br \/>\nP\u00e1ginas:\u00a0516<br \/>\nSINOPSIS<br \/>\n\u00bfCu\u00e1l es el verdadero significado de las constelaciones?<br \/>\nLa oscuridad se ci\u00f1e a la figura de mi cuerpo. Se desliza por cada recoveco de este. Lo aprieta, lo desgarra, lo agrieta. Me hace gritar, me causa sufrimiento, me encoje de dolor. La oscuridad me ciega, me hace ver lo que no existe. Lloro, sollozo, clamo. Me lamento por mirarme y no hallar visi\u00f3n, por preguntarme y no encontrar respuesta, por vaciarme y contemplar que no hay nada que vaciar. No me siento, no me encuentro, no me hallo, solo soy oscuridad. No fui siempre as\u00ed. Una vez re\u00ed, otra vez cant\u00e9, otra vez bail\u00e9, otra vez corr\u00ed sinti\u00e9ndome libre. Te hallo a ti, mi estrella. Noto la luz creciendo en m\u00ed. La siento aparecer cuando cre\u00ed haber llorado su muerte. Siento c\u00f3mo crece, c\u00f3mo crezco yo. Me enfrento al espejo y logro visionar una leve luz que cada vez aumenta m\u00e1s. Las risas, los bailes, los cantos, se apoderan de mis traumas, ganan la batalla y mi reflejo se plasma en mis pupilas. Soy yo, me veo, me siento, me rozo, me huelo. Ahora, dime, \u00bfqu\u00e9 son las estrellas sino supervivientes en la oscuridad? \u00bfqu\u00e9 son las constelaciones sino el hogar de las estrellas? Hogar\u2026 \u00bfqu\u00e9 es el hogar? Desconocidos conectados sin l\u00f3gica ni raz\u00f3n, sin explicaci\u00f3n coherente ni pruebas, sin raciocinios v\u00e1lidos. Qu\u00e9 es el hogar, sino personas desconocidas con almas conectadas. Qu\u00e9 es sino la ayuda sin explicaci\u00f3n, sino el suspiro de seguridad, de apoyo, de amor. Qu\u00e9 es sino so\u00f1ar, vivir, respirar. Qu\u00e9 es sino recobrar la fe, la esperanza, el aliciente. Qu\u00e9 es sino poder extenderte mi mano, mirarte a los ojos y sacarte del abismo.<br \/>\nEstrellas sin alicientes, sin esperanzas, sin motivos, sin luz aparente. Careciendo del significado de la familia en sus almas, del hogar. Un soldado nazi, dos asesinos seriales, un ex drogadicto, \u00e1ngeles psic\u00f3patas. \u00bfQu\u00e9 ten\u00edan ellos en com\u00fan? La desesperanza, el dolor, los sollozos\u2026 pero tambi\u00e9n poseen una estrella llamada Astrea que les une, cedi\u00e9ndoles luz, un hogar, una esperanza, una prueba de fe, una familia, una constelaci\u00f3n.<br \/>\n\u00bfHasta d\u00f3nde es capaz de llegar el poder de la familia? \u00bfHasta d\u00f3nde son capaces de iluminar las pupilas de la familia unida? \u00bfHasta d\u00f3nde es capaz de llegar un superviviente por otro? \u00bfSer\u00eda capaz una constelaci\u00f3n de iluminar el mundo entero? \u00bfCu\u00e1n de fuerte debe ser una diferencia para convertirse en rareza?, \u00bfcu\u00e1n de fuerte debe ser una opini\u00f3n para convertirte en terrorista?, \u00bfcu\u00e1n de fuerte debe ser una mirada para convertirnos en familia?<\/p>\n","protected":false},"excerpt":{"rendered":"<p>ISBN:\u00a09788411817899<br \/>\nSINOPSIS<br \/>\n\u00bfCu\u00e1l es el verdadero significado de las constelaciones?<br \/>\nLa oscuridad se ci\u00f1e a la figura de mi cuerpo. Se desliza por cada recoveco de este. Lo aprieta, lo desgarra, lo agrieta. Me hace gritar, me causa sufrimiento, me encoje de dolor. La oscuridad me ciega, me hace ver lo que no existe. Lloro, sollozo, clamo. Me lamento por mirarme y no hallar visi\u00f3n, por preguntarme y no encontrar respuesta, por vaciarme y contemplar que no hay nada que vaciar. No me siento, no me encuentro, no me hallo, solo soy oscuridad. No fui siempre as\u00ed. Una vez re\u00ed, otra vez cant\u00e9, otra vez bail\u00e9, otra vez corr\u00ed sinti\u00e9ndome libre. Te hallo a ti, mi estrella. Noto la luz creciendo en m\u00ed. La siento aparecer cuando cre\u00ed haber llorado su muerte. Siento c\u00f3mo crece, c\u00f3mo crezco yo. Me enfrento al espejo y logro visionar una leve luz que cada vez aumenta m\u00e1s. Las risas, los bailes, los cantos, se apoderan de mis traumas, ganan la batalla y mi reflejo se plasma en mis pupilas. Soy yo, me veo, me siento, me rozo, me huelo. Ahora, dime, \u00bfqu\u00e9 son las estrellas sino supervivientes en la oscuridad? \u00bfqu\u00e9 son las constelaciones sino el hogar de las estrellas? Hogar\u2026 \u00bfqu\u00e9 es el hogar? Desconocidos conectados sin l\u00f3gica ni raz\u00f3n, sin explicaci\u00f3n coherente ni pruebas, sin raciocinios v\u00e1lidos. Qu\u00e9 es el hogar, sino personas desconocidas con almas conectadas. Qu\u00e9 es sino la ayuda sin explicaci\u00f3n, sino el suspiro de seguridad, de apoyo, de amor. Qu\u00e9 es sino so\u00f1ar, vivir, respirar. Qu\u00e9 es sino recobrar la fe, la esperanza, el aliciente. Qu\u00e9 es sino poder extenderte mi mano, mirarte a los ojos y sacarte del abismo.<br \/>\nEstrellas sin alicientes, sin esperanzas, sin motivos, sin luz aparente. Careciendo del significado de la familia en sus almas, del hogar. Un soldado nazi, dos asesinos seriales, un ex drogadicto, \u00e1ngeles psic\u00f3patas. \u00bfQu\u00e9 ten\u00edan ellos en com\u00fan? La desesperanza, el dolor, los sollozos\u2026 pero tambi\u00e9n poseen una estrella llamada Astrea que les une, cedi\u00e9ndoles luz, un hogar, una esperanza, una prueba de fe, una familia, una constelaci\u00f3n.<br \/>\n\u00bfHasta d\u00f3nde es capaz de llegar el poder de la familia? \u00bfHasta d\u00f3nde son capaces de iluminar las pupilas de la familia unida? \u00bfHasta d\u00f3nde es capaz de llegar un superviviente por otro? \u00bfSer\u00eda capaz una constelaci\u00f3n de iluminar el mundo entero? \u00bfCu\u00e1n de fuerte debe ser una diferencia para convertirse en rareza?, \u00bfcu\u00e1n de fuerte debe ser una opini\u00f3n para convertirte en terrorista?, \u00bfcu\u00e1n de fuerte debe ser una mirada para convertirnos en familia?<\/p>\n","protected":false},"featured_media":99770,"comment_status":"closed","ping_status":"closed","template":"","meta":{"_acf_changed":false},"libro":[],"product_brand":[],"product_cat":[50],"product_tag":[],"class_list":{"0":"post-99769","1":"product","2":"type-product","3":"status-publish","4":"has-post-thumbnail","6":"product_cat-novela-romantica","8":"first","9":"instock","10":"product-type-simple"},"acf":{"autor":[76025],"enlace_de_compra":"https:\/\/amzn.to\/3RU8ZUi"},"yoast_head":"<!-- This site is optimized with the Yoast SEO plugin v26.6 - https:\/\/yoast.com\/wordpress\/plugins\/seo\/ -->\n<title>Somos Constelaci\u00f3n - Catalogo | Letrame Grupo Editorial<\/title>\n<meta name=\"robots\" content=\"index, follow, max-snippet:-1, max-image-preview:large, max-video-preview:-1\" \/>\n<link rel=\"canonical\" href=\"https:\/\/letrame.com\/catalogo\/producto\/somos-constelacion\/\" \/>\n<meta property=\"og:locale\" content=\"es_ES\" \/>\n<meta property=\"og:type\" content=\"article\" \/>\n<meta property=\"og:title\" content=\"Somos Constelaci\u00f3n - Catalogo | Letrame Grupo Editorial\" \/>\n<meta property=\"og:description\" content=\"ISBN:\u00a09788411817899 SINOPSIS \u00bfCu\u00e1l es el verdadero significado de las constelaciones? La oscuridad se ci\u00f1e a la figura de mi cuerpo. Se desliza por cada recoveco de este. Lo aprieta, lo desgarra, lo agrieta. Me hace gritar, me causa sufrimiento, me encoje de dolor. La oscuridad me ciega, me hace ver lo que no existe. Lloro, sollozo, clamo. Me lamento por mirarme y no hallar visi\u00f3n, por preguntarme y no encontrar respuesta, por vaciarme y contemplar que no hay nada que vaciar. No me siento, no me encuentro, no me hallo, solo soy oscuridad. No fui siempre as\u00ed. Una vez re\u00ed, otra vez cant\u00e9, otra vez bail\u00e9, otra vez corr\u00ed sinti\u00e9ndome libre. Te hallo a ti, mi estrella. Noto la luz creciendo en m\u00ed. La siento aparecer cuando cre\u00ed haber llorado su muerte. Siento c\u00f3mo crece, c\u00f3mo crezco yo. Me enfrento al espejo y logro visionar una leve luz que cada vez aumenta m\u00e1s. Las risas, los bailes, los cantos, se apoderan de mis traumas, ganan la batalla y mi reflejo se plasma en mis pupilas. Soy yo, me veo, me siento, me rozo, me huelo. Ahora, dime, \u00bfqu\u00e9 son las estrellas sino supervivientes en la oscuridad? \u00bfqu\u00e9 son las constelaciones sino el hogar de las estrellas? Hogar\u2026 \u00bfqu\u00e9 es el hogar? Desconocidos conectados sin l\u00f3gica ni raz\u00f3n, sin explicaci\u00f3n coherente ni pruebas, sin raciocinios v\u00e1lidos. Qu\u00e9 es el hogar, sino personas desconocidas con almas conectadas. Qu\u00e9 es sino la ayuda sin explicaci\u00f3n, sino el suspiro de seguridad, de apoyo, de amor. Qu\u00e9 es sino so\u00f1ar, vivir, respirar. Qu\u00e9 es sino recobrar la fe, la esperanza, el aliciente. Qu\u00e9 es sino poder extenderte mi mano, mirarte a los ojos y sacarte del abismo. Estrellas sin alicientes, sin esperanzas, sin motivos, sin luz aparente. Careciendo del significado de la familia en sus almas, del hogar. Un soldado nazi, dos asesinos seriales, un ex drogadicto, \u00e1ngeles psic\u00f3patas. \u00bfQu\u00e9 ten\u00edan ellos en com\u00fan? La desesperanza, el dolor, los sollozos\u2026 pero tambi\u00e9n poseen una estrella llamada Astrea que les une, cedi\u00e9ndoles luz, un hogar, una esperanza, una prueba de fe, una familia, una constelaci\u00f3n. \u00bfHasta d\u00f3nde es capaz de llegar el poder de la familia? \u00bfHasta d\u00f3nde son capaces de iluminar las pupilas de la familia unida? \u00bfHasta d\u00f3nde es capaz de llegar un superviviente por otro? \u00bfSer\u00eda capaz una constelaci\u00f3n de iluminar el mundo entero? \u00bfCu\u00e1n de fuerte debe ser una diferencia para convertirse en rareza?, \u00bfcu\u00e1n de fuerte debe ser una opini\u00f3n para convertirte en terrorista?, \u00bfcu\u00e1n de fuerte debe ser una mirada para convertirnos en familia?\" \/>\n<meta property=\"og:url\" content=\"https:\/\/letrame.com\/catalogo\/producto\/somos-constelacion\/\" \/>\n<meta property=\"og:site_name\" content=\"Catalogo | Letrame Grupo Editorial\" \/>\n<meta property=\"article:modified_time\" content=\"2024-07-03T12:54:03+00:00\" \/>\n<meta property=\"og:image\" content=\"https:\/\/letrame.com\/catalogo\/wp-content\/uploads\/2024\/04\/webp_somosconstelacion_2487mm-compressed-scaled-1.jpg\" \/>\n\t<meta property=\"og:image:width\" content=\"1746\" \/>\n\t<meta property=\"og:image:height\" content=\"2560\" \/>\n\t<meta property=\"og:image:type\" content=\"image\/jpeg\" \/>\n<meta name=\"twitter:card\" content=\"summary_large_image\" \/>\n<meta name=\"twitter:label1\" content=\"Tiempo de lectura\" \/>\n\t<meta name=\"twitter:data1\" content=\"3 minutos\" \/>\n<script type=\"application\/ld+json\" class=\"yoast-schema-graph\">{\"@context\":\"https:\/\/schema.org\",\"@graph\":[{\"@type\":\"WebPage\",\"@id\":\"https:\/\/letrame.com\/catalogo\/producto\/somos-constelacion\/\",\"url\":\"https:\/\/letrame.com\/catalogo\/producto\/somos-constelacion\/\",\"name\":\"Somos Constelaci\u00f3n - Catalogo | Letrame Grupo Editorial\",\"isPartOf\":{\"@id\":\"https:\/\/letrame.com\/catalogo\/#website\"},\"primaryImageOfPage\":{\"@id\":\"https:\/\/letrame.com\/catalogo\/producto\/somos-constelacion\/#primaryimage\"},\"image\":{\"@id\":\"https:\/\/letrame.com\/catalogo\/producto\/somos-constelacion\/#primaryimage\"},\"thumbnailUrl\":\"https:\/\/letrame.com\/catalogo\/wp-content\/uploads\/2024\/04\/webp_somosconstelacion_2487mm-compressed-scaled-1.jpg\",\"datePublished\":\"2024-04-29T15:03:22+00:00\",\"dateModified\":\"2024-07-03T12:54:03+00:00\",\"breadcrumb\":{\"@id\":\"https:\/\/letrame.com\/catalogo\/producto\/somos-constelacion\/#breadcrumb\"},\"inLanguage\":\"es\",\"potentialAction\":[{\"@type\":\"ReadAction\",\"target\":[\"https:\/\/letrame.com\/catalogo\/producto\/somos-constelacion\/\"]}]},{\"@type\":\"ImageObject\",\"inLanguage\":\"es\",\"@id\":\"https:\/\/letrame.com\/catalogo\/producto\/somos-constelacion\/#primaryimage\",\"url\":\"https:\/\/letrame.com\/catalogo\/wp-content\/uploads\/2024\/04\/webp_somosconstelacion_2487mm-compressed-scaled-1.jpg\",\"contentUrl\":\"https:\/\/letrame.com\/catalogo\/wp-content\/uploads\/2024\/04\/webp_somosconstelacion_2487mm-compressed-scaled-1.jpg\",\"width\":1746,\"height\":2560},{\"@type\":\"BreadcrumbList\",\"@id\":\"https:\/\/letrame.com\/catalogo\/producto\/somos-constelacion\/#breadcrumb\",\"itemListElement\":[{\"@type\":\"ListItem\",\"position\":1,\"name\":\"Portada\",\"item\":\"https:\/\/letrame.com\/catalogo\/\"},{\"@type\":\"ListItem\",\"position\":2,\"name\":\"Cat\u00e1logo\",\"item\":\"https:\/\/letrame.com\/catalogo\/\"},{\"@type\":\"ListItem\",\"position\":3,\"name\":\"Somos Constelaci\u00f3n\"}]},{\"@type\":\"WebSite\",\"@id\":\"https:\/\/letrame.com\/catalogo\/#website\",\"url\":\"https:\/\/letrame.com\/catalogo\/\",\"name\":\"Catalogo | Letrame Grupo Editorial\",\"description\":\"\",\"publisher\":{\"@id\":\"https:\/\/letrame.com\/catalogo\/#organization\"},\"potentialAction\":[{\"@type\":\"SearchAction\",\"target\":{\"@type\":\"EntryPoint\",\"urlTemplate\":\"https:\/\/letrame.com\/catalogo\/?s={search_term_string}\"},\"query-input\":{\"@type\":\"PropertyValueSpecification\",\"valueRequired\":true,\"valueName\":\"search_term_string\"}}],\"inLanguage\":\"es\"},{\"@type\":\"Organization\",\"@id\":\"https:\/\/letrame.com\/catalogo\/#organization\",\"name\":\"Catalogo | Letrame Grupo Editorial\",\"url\":\"https:\/\/letrame.com\/catalogo\/\",\"logo\":{\"@type\":\"ImageObject\",\"inLanguage\":\"es\",\"@id\":\"https:\/\/letrame.com\/catalogo\/#\/schema\/logo\/image\/\",\"url\":\"https:\/\/letrame.com\/catalogo\/wp-content\/uploads\/2024\/03\/logo2.webp\",\"contentUrl\":\"https:\/\/letrame.com\/catalogo\/wp-content\/uploads\/2024\/03\/logo2.webp\",\"width\":394,\"height\":128,\"caption\":\"Catalogo | Letrame Grupo Editorial\"},\"image\":{\"@id\":\"https:\/\/letrame.com\/catalogo\/#\/schema\/logo\/image\/\"}}]}<\/script>\n<!-- \/ Yoast SEO plugin. -->","yoast_head_json":{"title":"Somos Constelaci\u00f3n - Catalogo | Letrame Grupo Editorial","robots":{"index":"index","follow":"follow","max-snippet":"max-snippet:-1","max-image-preview":"max-image-preview:large","max-video-preview":"max-video-preview:-1"},"canonical":"https:\/\/letrame.com\/catalogo\/producto\/somos-constelacion\/","og_locale":"es_ES","og_type":"article","og_title":"Somos Constelaci\u00f3n - Catalogo | Letrame Grupo Editorial","og_description":"ISBN:\u00a09788411817899 SINOPSIS \u00bfCu\u00e1l es el verdadero significado de las constelaciones? La oscuridad se ci\u00f1e a la figura de mi cuerpo. Se desliza por cada recoveco de este. Lo aprieta, lo desgarra, lo agrieta. Me hace gritar, me causa sufrimiento, me encoje de dolor. La oscuridad me ciega, me hace ver lo que no existe. Lloro, sollozo, clamo. Me lamento por mirarme y no hallar visi\u00f3n, por preguntarme y no encontrar respuesta, por vaciarme y contemplar que no hay nada que vaciar. No me siento, no me encuentro, no me hallo, solo soy oscuridad. No fui siempre as\u00ed. Una vez re\u00ed, otra vez cant\u00e9, otra vez bail\u00e9, otra vez corr\u00ed sinti\u00e9ndome libre. Te hallo a ti, mi estrella. Noto la luz creciendo en m\u00ed. La siento aparecer cuando cre\u00ed haber llorado su muerte. Siento c\u00f3mo crece, c\u00f3mo crezco yo. Me enfrento al espejo y logro visionar una leve luz que cada vez aumenta m\u00e1s. Las risas, los bailes, los cantos, se apoderan de mis traumas, ganan la batalla y mi reflejo se plasma en mis pupilas. Soy yo, me veo, me siento, me rozo, me huelo. Ahora, dime, \u00bfqu\u00e9 son las estrellas sino supervivientes en la oscuridad? \u00bfqu\u00e9 son las constelaciones sino el hogar de las estrellas? Hogar\u2026 \u00bfqu\u00e9 es el hogar? Desconocidos conectados sin l\u00f3gica ni raz\u00f3n, sin explicaci\u00f3n coherente ni pruebas, sin raciocinios v\u00e1lidos. Qu\u00e9 es el hogar, sino personas desconocidas con almas conectadas. Qu\u00e9 es sino la ayuda sin explicaci\u00f3n, sino el suspiro de seguridad, de apoyo, de amor. Qu\u00e9 es sino so\u00f1ar, vivir, respirar. Qu\u00e9 es sino recobrar la fe, la esperanza, el aliciente. Qu\u00e9 es sino poder extenderte mi mano, mirarte a los ojos y sacarte del abismo. Estrellas sin alicientes, sin esperanzas, sin motivos, sin luz aparente. Careciendo del significado de la familia en sus almas, del hogar. Un soldado nazi, dos asesinos seriales, un ex drogadicto, \u00e1ngeles psic\u00f3patas. \u00bfQu\u00e9 ten\u00edan ellos en com\u00fan? La desesperanza, el dolor, los sollozos\u2026 pero tambi\u00e9n poseen una estrella llamada Astrea que les une, cedi\u00e9ndoles luz, un hogar, una esperanza, una prueba de fe, una familia, una constelaci\u00f3n. \u00bfHasta d\u00f3nde es capaz de llegar el poder de la familia? \u00bfHasta d\u00f3nde son capaces de iluminar las pupilas de la familia unida? \u00bfHasta d\u00f3nde es capaz de llegar un superviviente por otro? \u00bfSer\u00eda capaz una constelaci\u00f3n de iluminar el mundo entero? \u00bfCu\u00e1n de fuerte debe ser una diferencia para convertirse en rareza?, \u00bfcu\u00e1n de fuerte debe ser una opini\u00f3n para convertirte en terrorista?, \u00bfcu\u00e1n de fuerte debe ser una mirada para convertirnos en familia?","og_url":"https:\/\/letrame.com\/catalogo\/producto\/somos-constelacion\/","og_site_name":"Catalogo | Letrame Grupo Editorial","article_modified_time":"2024-07-03T12:54:03+00:00","og_image":[{"width":1746,"height":2560,"url":"https:\/\/letrame.com\/catalogo\/wp-content\/uploads\/2024\/04\/webp_somosconstelacion_2487mm-compressed-scaled-1.jpg","type":"image\/jpeg"}],"twitter_card":"summary_large_image","twitter_misc":{"Tiempo de lectura":"3 minutos"},"schema":{"@context":"https:\/\/schema.org","@graph":[{"@type":"WebPage","@id":"https:\/\/letrame.com\/catalogo\/producto\/somos-constelacion\/","url":"https:\/\/letrame.com\/catalogo\/producto\/somos-constelacion\/","name":"Somos Constelaci\u00f3n - Catalogo | Letrame Grupo Editorial","isPartOf":{"@id":"https:\/\/letrame.com\/catalogo\/#website"},"primaryImageOfPage":{"@id":"https:\/\/letrame.com\/catalogo\/producto\/somos-constelacion\/#primaryimage"},"image":{"@id":"https:\/\/letrame.com\/catalogo\/producto\/somos-constelacion\/#primaryimage"},"thumbnailUrl":"https:\/\/letrame.com\/catalogo\/wp-content\/uploads\/2024\/04\/webp_somosconstelacion_2487mm-compressed-scaled-1.jpg","datePublished":"2024-04-29T15:03:22+00:00","dateModified":"2024-07-03T12:54:03+00:00","breadcrumb":{"@id":"https:\/\/letrame.com\/catalogo\/producto\/somos-constelacion\/#breadcrumb"},"inLanguage":"es","potentialAction":[{"@type":"ReadAction","target":["https:\/\/letrame.com\/catalogo\/producto\/somos-constelacion\/"]}]},{"@type":"ImageObject","inLanguage":"es","@id":"https:\/\/letrame.com\/catalogo\/producto\/somos-constelacion\/#primaryimage","url":"https:\/\/letrame.com\/catalogo\/wp-content\/uploads\/2024\/04\/webp_somosconstelacion_2487mm-compressed-scaled-1.jpg","contentUrl":"https:\/\/letrame.com\/catalogo\/wp-content\/uploads\/2024\/04\/webp_somosconstelacion_2487mm-compressed-scaled-1.jpg","width":1746,"height":2560},{"@type":"BreadcrumbList","@id":"https:\/\/letrame.com\/catalogo\/producto\/somos-constelacion\/#breadcrumb","itemListElement":[{"@type":"ListItem","position":1,"name":"Portada","item":"https:\/\/letrame.com\/catalogo\/"},{"@type":"ListItem","position":2,"name":"Cat\u00e1logo","item":"https:\/\/letrame.com\/catalogo\/"},{"@type":"ListItem","position":3,"name":"Somos Constelaci\u00f3n"}]},{"@type":"WebSite","@id":"https:\/\/letrame.com\/catalogo\/#website","url":"https:\/\/letrame.com\/catalogo\/","name":"Catalogo | Letrame Grupo Editorial","description":"","publisher":{"@id":"https:\/\/letrame.com\/catalogo\/#organization"},"potentialAction":[{"@type":"SearchAction","target":{"@type":"EntryPoint","urlTemplate":"https:\/\/letrame.com\/catalogo\/?s={search_term_string}"},"query-input":{"@type":"PropertyValueSpecification","valueRequired":true,"valueName":"search_term_string"}}],"inLanguage":"es"},{"@type":"Organization","@id":"https:\/\/letrame.com\/catalogo\/#organization","name":"Catalogo | Letrame Grupo Editorial","url":"https:\/\/letrame.com\/catalogo\/","logo":{"@type":"ImageObject","inLanguage":"es","@id":"https:\/\/letrame.com\/catalogo\/#\/schema\/logo\/image\/","url":"https:\/\/letrame.com\/catalogo\/wp-content\/uploads\/2024\/03\/logo2.webp","contentUrl":"https:\/\/letrame.com\/catalogo\/wp-content\/uploads\/2024\/03\/logo2.webp","width":394,"height":128,"caption":"Catalogo | Letrame Grupo Editorial"},"image":{"@id":"https:\/\/letrame.com\/catalogo\/#\/schema\/logo\/image\/"}}]}},"_links":{"self":[{"href":"https:\/\/letrame.com\/catalogo\/wp-json\/wp\/v2\/product\/99769","targetHints":{"allow":["GET"]}}],"collection":[{"href":"https:\/\/letrame.com\/catalogo\/wp-json\/wp\/v2\/product"}],"about":[{"href":"https:\/\/letrame.com\/catalogo\/wp-json\/wp\/v2\/types\/product"}],"replies":[{"embeddable":true,"href":"https:\/\/letrame.com\/catalogo\/wp-json\/wp\/v2\/comments?post=99769"}],"acf:post":[{"embeddable":true,"href":"https:\/\/letrame.com\/catalogo\/wp-json\/wp\/v2\/author_book\/76025"}],"wp:featuredmedia":[{"embeddable":true,"href":"https:\/\/letrame.com\/catalogo\/wp-json\/wp\/v2\/media\/99770"}],"wp:attachment":[{"href":"https:\/\/letrame.com\/catalogo\/wp-json\/wp\/v2\/media?parent=99769"}],"wp:term":[{"taxonomy":"libro","embeddable":true,"href":"https:\/\/letrame.com\/catalogo\/wp-json\/wp\/v2\/libro?post=99769"},{"taxonomy":"product_brand","embeddable":true,"href":"https:\/\/letrame.com\/catalogo\/wp-json\/wp\/v2\/product_brand?post=99769"},{"taxonomy":"product_cat","embeddable":true,"href":"https:\/\/letrame.com\/catalogo\/wp-json\/wp\/v2\/product_cat?post=99769"},{"taxonomy":"product_tag","embeddable":true,"href":"https:\/\/letrame.com\/catalogo\/wp-json\/wp\/v2\/product_tag?post=99769"}],"curies":[{"name":"wp","href":"https:\/\/api.w.org\/{rel}","templated":true}]}}