{"id":99767,"date":"2024-04-29T17:03:22","date_gmt":"2024-04-29T15:03:22","guid":{"rendered":"https:\/\/letrame.com\/catalogo\/producto\/las-aventuras-de-juaco\/"},"modified":"2024-06-04T15:47:32","modified_gmt":"2024-06-04T13:47:32","slug":"las-aventuras-de-juaco","status":"publish","type":"product","link":"https:\/\/letrame.com\/catalogo\/producto\/las-aventuras-de-juaco\/","title":{"rendered":"Las aventuras de Juaco"},"content":{"rendered":"<p>ISBN:\u00a09788411817400<br \/>\nT\u00edtulo:_Las aventuras de JUACO<br \/>\nFecha:_2023<br \/>\nP\u00e1ginas:\u00a0186<br \/>\nSINOPSIS<br \/>\nLas aventuras de Juaco es un relato aleg\u00f3rico que rescata, a trav\u00e9s del personaje central de un chorlito o queltehue, como se le denomina en la sociedad chilena a este tipo de ave, al prototipo de hombre rural chileno de las d\u00e9cadas entre 1960 y 1980. Cada cap\u00edtulo va transparentando costumbres, creencias, tradiciones, relaciones humanas y formas ling\u00fc\u00edsticas de comunicaci\u00f3n muy propias de la ruralidad chilena y, sobre todo, de aquella \u00e9poca.<br \/>\n\tAsistimos a la transici\u00f3n de Juaco desde la ni\u00f1ez hasta la adultez mayor, tiempo que transcurre en casa de Domingo y su esposa Albina. En esta relaci\u00f3n se va construyendo una simbiosis interespecie e intercultural, lo cual se evidencia en la construcci\u00f3n de un lenguaje compartido basado en se\u00f1ales e interpretaciones por parte de los due\u00f1os de casa y sus hijos con respecto al ave y, a su vez, de la interpretaci\u00f3n de Juaco acerca de los sonidos y vibraciones de las palabras humanas. En estricto rigor, van fabricando un idioma nuevo para ellos cuya precisi\u00f3n depender\u00e1 siempre de la voluntad biun\u00edvoca de comunicaci\u00f3n.<br \/>\n\tEl relato presenta una locaci\u00f3n geogr\u00e1fica espec\u00edfica centrada en Chile, en la Sexta Regi\u00f3n del Libertador Bernardo O\u2019Higgins Riquelme, en la comuna de Chimbarongo. Tal locaci\u00f3n es hoy en d\u00eda una ciudad peque\u00f1a con una econom\u00eda centrada en la producci\u00f3n agr\u00edcola y hortofrut\u00edcola. Sin embargo, en el tiempo hist\u00f3rico del relato, la locaci\u00f3n era eminentemente muy rural y pobre; la usanza del lenguaje lo devela con claridad. Por otro lado, se van mostrando sue\u00f1os, anhelos, ideas, creencias, supersticiones y modismos del lenguaje muy propios de la sociedad rural de un Chimbarongo tradicional que se aferraba a su cultura; sin embargo, Juaco demuestra que hay sue\u00f1os nuevos que van agrietando el muro de la tradici\u00f3n.<br \/>\n\tEn suma, Las aventuras de Juaco es un relato sencillo, refrescante, c\u00f3mplice de nuestras estructuras culturales de la ni\u00f1ez que se guardan en nuestro interior y que afloran al ritmo de la lectura.<\/p>\n","protected":false},"excerpt":{"rendered":"<p>ISBN:\u00a09788411817400<br \/>\nT\u00edtulo:_Las aventuras de JUACO<br \/>\nFecha:_2023<br \/>\nP\u00e1ginas:\u00a0186<br \/>\nSINOPSIS<br \/>\nLas aventuras de Juaco es un relato aleg\u00f3rico que rescata, a trav\u00e9s del personaje central de un chorlito o queltehue, como se le denomina en la sociedad chilena a este tipo de ave, al prototipo de hombre rural chileno de las d\u00e9cadas entre 1960 y 1980. Cada cap\u00edtulo va transparentando costumbres, creencias, tradiciones, relaciones humanas y formas ling\u00fc\u00edsticas de comunicaci\u00f3n muy propias de la ruralidad chilena y, sobre todo, de aquella \u00e9poca.<br \/>\n\tAsistimos a la transici\u00f3n de Juaco desde la ni\u00f1ez hasta la adultez mayor, tiempo que transcurre en casa de Domingo y su esposa Albina. En esta relaci\u00f3n se va construyendo una simbiosis interespecie e intercultural, lo cual se evidencia en la construcci\u00f3n de un lenguaje compartido basado en se\u00f1ales e interpretaciones por parte de los due\u00f1os de casa y sus hijos con respecto al ave y, a su vez, de la interpretaci\u00f3n de Juaco acerca de los sonidos y vibraciones de las palabras humanas. En estricto rigor, van fabricando un idioma nuevo para ellos cuya precisi\u00f3n depender\u00e1 siempre de la voluntad biun\u00edvoca de comunicaci\u00f3n.<br \/>\n\tEl relato presenta una locaci\u00f3n geogr\u00e1fica espec\u00edfica centrada en Chile, en la Sexta Regi\u00f3n del Libertador Bernardo O\u2019Higgins Riquelme, en la comuna de Chimbarongo. Tal locaci\u00f3n es hoy en d\u00eda una ciudad peque\u00f1a con una econom\u00eda centrada en la producci\u00f3n agr\u00edcola y hortofrut\u00edcola. Sin embargo, en el tiempo hist\u00f3rico del relato, la locaci\u00f3n era eminentemente muy rural y pobre; la usanza del lenguaje lo devela con claridad. Por otro lado, se van mostrando sue\u00f1os, anhelos, ideas, creencias, supersticiones y modismos del lenguaje muy propios de la sociedad rural de un Chimbarongo tradicional que se aferraba a su cultura; sin embargo, Juaco demuestra que hay sue\u00f1os nuevos que van agrietando el muro de la tradici\u00f3n.<br \/>\n\tEn suma, Las aventuras de Juaco es un relato sencillo, refrescante, c\u00f3mplice de nuestras estructuras culturales de la ni\u00f1ez que se guardan en nuestro interior y que afloran al ritmo de la lectura.<\/p>\n","protected":false},"featured_media":99768,"comment_status":"closed","ping_status":"closed","template":"","meta":{"_acf_changed":false},"libro":[],"product_brand":[],"product_cat":[53],"product_tag":[],"class_list":{"0":"post-99767","1":"product","2":"type-product","3":"status-publish","4":"has-post-thumbnail","6":"product_cat-novela-infantil","8":"first","9":"instock","10":"product-type-simple"},"acf":{"autor":[78011],"enlace_de_compra":"https:\/\/www.libreriadelau.com\/bw-las-aventuras-de-juaco-letrame-grupo-editorial-literatura-en-general\/p"},"yoast_head":"<!-- This site is optimized with the Yoast SEO plugin v27.4 - https:\/\/yoast.com\/product\/yoast-seo-wordpress\/ -->\n<title>Las aventuras de Juaco - Catalogo | Letrame Grupo Editorial<\/title>\n<meta name=\"robots\" content=\"index, follow, max-snippet:-1, max-image-preview:large, max-video-preview:-1\" \/>\n<link rel=\"canonical\" href=\"https:\/\/letrame.com\/catalogo\/producto\/las-aventuras-de-juaco\/\" \/>\n<meta property=\"og:locale\" content=\"es_ES\" \/>\n<meta property=\"og:type\" content=\"article\" \/>\n<meta property=\"og:title\" content=\"Las aventuras de Juaco - Catalogo | Letrame Grupo Editorial\" \/>\n<meta property=\"og:description\" content=\"ISBN:\u00a09788411817400 T\u00edtulo:_Las aventuras de JUACO Fecha:_2023 P\u00e1ginas:\u00a0186 SINOPSIS Las aventuras de Juaco es un relato aleg\u00f3rico que rescata, a trav\u00e9s del personaje central de un chorlito o queltehue, como se le denomina en la sociedad chilena a este tipo de ave, al prototipo de hombre rural chileno de las d\u00e9cadas entre 1960 y 1980. Cada cap\u00edtulo va transparentando costumbres, creencias, tradiciones, relaciones humanas y formas ling\u00fc\u00edsticas de comunicaci\u00f3n muy propias de la ruralidad chilena y, sobre todo, de aquella \u00e9poca.  Asistimos a la transici\u00f3n de Juaco desde la ni\u00f1ez hasta la adultez mayor, tiempo que transcurre en casa de Domingo y su esposa Albina. En esta relaci\u00f3n se va construyendo una simbiosis interespecie e intercultural, lo cual se evidencia en la construcci\u00f3n de un lenguaje compartido basado en se\u00f1ales e interpretaciones por parte de los due\u00f1os de casa y sus hijos con respecto al ave y, a su vez, de la interpretaci\u00f3n de Juaco acerca de los sonidos y vibraciones de las palabras humanas. En estricto rigor, van fabricando un idioma nuevo para ellos cuya precisi\u00f3n depender\u00e1 siempre de la voluntad biun\u00edvoca de comunicaci\u00f3n.  El relato presenta una locaci\u00f3n geogr\u00e1fica espec\u00edfica centrada en Chile, en la Sexta Regi\u00f3n del Libertador Bernardo O\u2019Higgins Riquelme, en la comuna de Chimbarongo. Tal locaci\u00f3n es hoy en d\u00eda una ciudad peque\u00f1a con una econom\u00eda centrada en la producci\u00f3n agr\u00edcola y hortofrut\u00edcola. Sin embargo, en el tiempo hist\u00f3rico del relato, la locaci\u00f3n era eminentemente muy rural y pobre; la usanza del lenguaje lo devela con claridad. Por otro lado, se van mostrando sue\u00f1os, anhelos, ideas, creencias, supersticiones y modismos del lenguaje muy propios de la sociedad rural de un Chimbarongo tradicional que se aferraba a su cultura; sin embargo, Juaco demuestra que hay sue\u00f1os nuevos que van agrietando el muro de la tradici\u00f3n.  En suma, Las aventuras de Juaco es un relato sencillo, refrescante, c\u00f3mplice de nuestras estructuras culturales de la ni\u00f1ez que se guardan en nuestro interior y que afloran al ritmo de la lectura.\" \/>\n<meta property=\"og:url\" content=\"https:\/\/letrame.com\/catalogo\/producto\/las-aventuras-de-juaco\/\" \/>\n<meta property=\"og:site_name\" content=\"Catalogo | Letrame Grupo Editorial\" \/>\n<meta property=\"article:modified_time\" content=\"2024-06-04T13:47:32+00:00\" \/>\n<meta property=\"og:image\" content=\"https:\/\/letrame.com\/catalogo\/wp-content\/uploads\/2024\/04\/webp_lasaventurasdejuaco_965mm-compressed-scaled-1.jpg\" \/>\n\t<meta property=\"og:image:width\" content=\"1746\" \/>\n\t<meta property=\"og:image:height\" content=\"2560\" \/>\n\t<meta property=\"og:image:type\" content=\"image\/jpeg\" \/>\n<meta name=\"twitter:card\" content=\"summary_large_image\" \/>\n<meta name=\"twitter:label1\" content=\"Tiempo de lectura\" \/>\n\t<meta name=\"twitter:data1\" content=\"2 minutos\" \/>\n<script type=\"application\/ld+json\" class=\"yoast-schema-graph\">{\"@context\":\"https:\\\/\\\/schema.org\",\"@graph\":[{\"@type\":\"WebPage\",\"@id\":\"https:\\\/\\\/letrame.com\\\/catalogo\\\/producto\\\/las-aventuras-de-juaco\\\/\",\"url\":\"https:\\\/\\\/letrame.com\\\/catalogo\\\/producto\\\/las-aventuras-de-juaco\\\/\",\"name\":\"Las aventuras de Juaco - Catalogo | Letrame Grupo Editorial\",\"isPartOf\":{\"@id\":\"https:\\\/\\\/letrame.com\\\/catalogo\\\/#website\"},\"primaryImageOfPage\":{\"@id\":\"https:\\\/\\\/letrame.com\\\/catalogo\\\/producto\\\/las-aventuras-de-juaco\\\/#primaryimage\"},\"image\":{\"@id\":\"https:\\\/\\\/letrame.com\\\/catalogo\\\/producto\\\/las-aventuras-de-juaco\\\/#primaryimage\"},\"thumbnailUrl\":\"https:\\\/\\\/letrame.com\\\/catalogo\\\/wp-content\\\/uploads\\\/2024\\\/04\\\/webp_lasaventurasdejuaco_965mm-compressed-scaled-1.jpg\",\"datePublished\":\"2024-04-29T15:03:22+00:00\",\"dateModified\":\"2024-06-04T13:47:32+00:00\",\"breadcrumb\":{\"@id\":\"https:\\\/\\\/letrame.com\\\/catalogo\\\/producto\\\/las-aventuras-de-juaco\\\/#breadcrumb\"},\"inLanguage\":\"es\",\"potentialAction\":[{\"@type\":\"ReadAction\",\"target\":[\"https:\\\/\\\/letrame.com\\\/catalogo\\\/producto\\\/las-aventuras-de-juaco\\\/\"]}]},{\"@type\":\"ImageObject\",\"inLanguage\":\"es\",\"@id\":\"https:\\\/\\\/letrame.com\\\/catalogo\\\/producto\\\/las-aventuras-de-juaco\\\/#primaryimage\",\"url\":\"https:\\\/\\\/letrame.com\\\/catalogo\\\/wp-content\\\/uploads\\\/2024\\\/04\\\/webp_lasaventurasdejuaco_965mm-compressed-scaled-1.jpg\",\"contentUrl\":\"https:\\\/\\\/letrame.com\\\/catalogo\\\/wp-content\\\/uploads\\\/2024\\\/04\\\/webp_lasaventurasdejuaco_965mm-compressed-scaled-1.jpg\",\"width\":1746,\"height\":2560},{\"@type\":\"BreadcrumbList\",\"@id\":\"https:\\\/\\\/letrame.com\\\/catalogo\\\/producto\\\/las-aventuras-de-juaco\\\/#breadcrumb\",\"itemListElement\":[{\"@type\":\"ListItem\",\"position\":1,\"name\":\"Portada\",\"item\":\"https:\\\/\\\/letrame.com\\\/catalogo\\\/\"},{\"@type\":\"ListItem\",\"position\":2,\"name\":\"Cat\u00e1logo\",\"item\":\"https:\\\/\\\/letrame.com\\\/catalogo\\\/\"},{\"@type\":\"ListItem\",\"position\":3,\"name\":\"Las aventuras de Juaco\"}]},{\"@type\":\"WebSite\",\"@id\":\"https:\\\/\\\/letrame.com\\\/catalogo\\\/#website\",\"url\":\"https:\\\/\\\/letrame.com\\\/catalogo\\\/\",\"name\":\"Catalogo | Letrame Grupo Editorial\",\"description\":\"\",\"publisher\":{\"@id\":\"https:\\\/\\\/letrame.com\\\/catalogo\\\/#organization\"},\"potentialAction\":[{\"@type\":\"SearchAction\",\"target\":{\"@type\":\"EntryPoint\",\"urlTemplate\":\"https:\\\/\\\/letrame.com\\\/catalogo\\\/?s={search_term_string}\"},\"query-input\":{\"@type\":\"PropertyValueSpecification\",\"valueRequired\":true,\"valueName\":\"search_term_string\"}}],\"inLanguage\":\"es\"},{\"@type\":\"Organization\",\"@id\":\"https:\\\/\\\/letrame.com\\\/catalogo\\\/#organization\",\"name\":\"Catalogo | Letrame Grupo Editorial\",\"url\":\"https:\\\/\\\/letrame.com\\\/catalogo\\\/\",\"logo\":{\"@type\":\"ImageObject\",\"inLanguage\":\"es\",\"@id\":\"https:\\\/\\\/letrame.com\\\/catalogo\\\/#\\\/schema\\\/logo\\\/image\\\/\",\"url\":\"https:\\\/\\\/letrame.com\\\/catalogo\\\/wp-content\\\/uploads\\\/2024\\\/03\\\/logo2.webp\",\"contentUrl\":\"https:\\\/\\\/letrame.com\\\/catalogo\\\/wp-content\\\/uploads\\\/2024\\\/03\\\/logo2.webp\",\"width\":394,\"height\":128,\"caption\":\"Catalogo | Letrame Grupo Editorial\"},\"image\":{\"@id\":\"https:\\\/\\\/letrame.com\\\/catalogo\\\/#\\\/schema\\\/logo\\\/image\\\/\"}}]}<\/script>\n<!-- \/ Yoast SEO plugin. -->","yoast_head_json":{"title":"Las aventuras de Juaco - Catalogo | Letrame Grupo Editorial","robots":{"index":"index","follow":"follow","max-snippet":"max-snippet:-1","max-image-preview":"max-image-preview:large","max-video-preview":"max-video-preview:-1"},"canonical":"https:\/\/letrame.com\/catalogo\/producto\/las-aventuras-de-juaco\/","og_locale":"es_ES","og_type":"article","og_title":"Las aventuras de Juaco - Catalogo | Letrame Grupo Editorial","og_description":"ISBN:\u00a09788411817400 T\u00edtulo:_Las aventuras de JUACO Fecha:_2023 P\u00e1ginas:\u00a0186 SINOPSIS Las aventuras de Juaco es un relato aleg\u00f3rico que rescata, a trav\u00e9s del personaje central de un chorlito o queltehue, como se le denomina en la sociedad chilena a este tipo de ave, al prototipo de hombre rural chileno de las d\u00e9cadas entre 1960 y 1980. Cada cap\u00edtulo va transparentando costumbres, creencias, tradiciones, relaciones humanas y formas ling\u00fc\u00edsticas de comunicaci\u00f3n muy propias de la ruralidad chilena y, sobre todo, de aquella \u00e9poca.  Asistimos a la transici\u00f3n de Juaco desde la ni\u00f1ez hasta la adultez mayor, tiempo que transcurre en casa de Domingo y su esposa Albina. En esta relaci\u00f3n se va construyendo una simbiosis interespecie e intercultural, lo cual se evidencia en la construcci\u00f3n de un lenguaje compartido basado en se\u00f1ales e interpretaciones por parte de los due\u00f1os de casa y sus hijos con respecto al ave y, a su vez, de la interpretaci\u00f3n de Juaco acerca de los sonidos y vibraciones de las palabras humanas. En estricto rigor, van fabricando un idioma nuevo para ellos cuya precisi\u00f3n depender\u00e1 siempre de la voluntad biun\u00edvoca de comunicaci\u00f3n.  El relato presenta una locaci\u00f3n geogr\u00e1fica espec\u00edfica centrada en Chile, en la Sexta Regi\u00f3n del Libertador Bernardo O\u2019Higgins Riquelme, en la comuna de Chimbarongo. Tal locaci\u00f3n es hoy en d\u00eda una ciudad peque\u00f1a con una econom\u00eda centrada en la producci\u00f3n agr\u00edcola y hortofrut\u00edcola. Sin embargo, en el tiempo hist\u00f3rico del relato, la locaci\u00f3n era eminentemente muy rural y pobre; la usanza del lenguaje lo devela con claridad. Por otro lado, se van mostrando sue\u00f1os, anhelos, ideas, creencias, supersticiones y modismos del lenguaje muy propios de la sociedad rural de un Chimbarongo tradicional que se aferraba a su cultura; sin embargo, Juaco demuestra que hay sue\u00f1os nuevos que van agrietando el muro de la tradici\u00f3n.  En suma, Las aventuras de Juaco es un relato sencillo, refrescante, c\u00f3mplice de nuestras estructuras culturales de la ni\u00f1ez que se guardan en nuestro interior y que afloran al ritmo de la lectura.","og_url":"https:\/\/letrame.com\/catalogo\/producto\/las-aventuras-de-juaco\/","og_site_name":"Catalogo | Letrame Grupo Editorial","article_modified_time":"2024-06-04T13:47:32+00:00","og_image":[{"width":1746,"height":2560,"url":"https:\/\/letrame.com\/catalogo\/wp-content\/uploads\/2024\/04\/webp_lasaventurasdejuaco_965mm-compressed-scaled-1.jpg","type":"image\/jpeg"}],"twitter_card":"summary_large_image","twitter_misc":{"Tiempo de lectura":"2 minutos"},"schema":{"@context":"https:\/\/schema.org","@graph":[{"@type":"WebPage","@id":"https:\/\/letrame.com\/catalogo\/producto\/las-aventuras-de-juaco\/","url":"https:\/\/letrame.com\/catalogo\/producto\/las-aventuras-de-juaco\/","name":"Las aventuras de Juaco - Catalogo | Letrame Grupo Editorial","isPartOf":{"@id":"https:\/\/letrame.com\/catalogo\/#website"},"primaryImageOfPage":{"@id":"https:\/\/letrame.com\/catalogo\/producto\/las-aventuras-de-juaco\/#primaryimage"},"image":{"@id":"https:\/\/letrame.com\/catalogo\/producto\/las-aventuras-de-juaco\/#primaryimage"},"thumbnailUrl":"https:\/\/letrame.com\/catalogo\/wp-content\/uploads\/2024\/04\/webp_lasaventurasdejuaco_965mm-compressed-scaled-1.jpg","datePublished":"2024-04-29T15:03:22+00:00","dateModified":"2024-06-04T13:47:32+00:00","breadcrumb":{"@id":"https:\/\/letrame.com\/catalogo\/producto\/las-aventuras-de-juaco\/#breadcrumb"},"inLanguage":"es","potentialAction":[{"@type":"ReadAction","target":["https:\/\/letrame.com\/catalogo\/producto\/las-aventuras-de-juaco\/"]}]},{"@type":"ImageObject","inLanguage":"es","@id":"https:\/\/letrame.com\/catalogo\/producto\/las-aventuras-de-juaco\/#primaryimage","url":"https:\/\/letrame.com\/catalogo\/wp-content\/uploads\/2024\/04\/webp_lasaventurasdejuaco_965mm-compressed-scaled-1.jpg","contentUrl":"https:\/\/letrame.com\/catalogo\/wp-content\/uploads\/2024\/04\/webp_lasaventurasdejuaco_965mm-compressed-scaled-1.jpg","width":1746,"height":2560},{"@type":"BreadcrumbList","@id":"https:\/\/letrame.com\/catalogo\/producto\/las-aventuras-de-juaco\/#breadcrumb","itemListElement":[{"@type":"ListItem","position":1,"name":"Portada","item":"https:\/\/letrame.com\/catalogo\/"},{"@type":"ListItem","position":2,"name":"Cat\u00e1logo","item":"https:\/\/letrame.com\/catalogo\/"},{"@type":"ListItem","position":3,"name":"Las aventuras de Juaco"}]},{"@type":"WebSite","@id":"https:\/\/letrame.com\/catalogo\/#website","url":"https:\/\/letrame.com\/catalogo\/","name":"Catalogo | Letrame Grupo Editorial","description":"","publisher":{"@id":"https:\/\/letrame.com\/catalogo\/#organization"},"potentialAction":[{"@type":"SearchAction","target":{"@type":"EntryPoint","urlTemplate":"https:\/\/letrame.com\/catalogo\/?s={search_term_string}"},"query-input":{"@type":"PropertyValueSpecification","valueRequired":true,"valueName":"search_term_string"}}],"inLanguage":"es"},{"@type":"Organization","@id":"https:\/\/letrame.com\/catalogo\/#organization","name":"Catalogo | Letrame Grupo Editorial","url":"https:\/\/letrame.com\/catalogo\/","logo":{"@type":"ImageObject","inLanguage":"es","@id":"https:\/\/letrame.com\/catalogo\/#\/schema\/logo\/image\/","url":"https:\/\/letrame.com\/catalogo\/wp-content\/uploads\/2024\/03\/logo2.webp","contentUrl":"https:\/\/letrame.com\/catalogo\/wp-content\/uploads\/2024\/03\/logo2.webp","width":394,"height":128,"caption":"Catalogo | Letrame Grupo Editorial"},"image":{"@id":"https:\/\/letrame.com\/catalogo\/#\/schema\/logo\/image\/"}}]}},"_links":{"self":[{"href":"https:\/\/letrame.com\/catalogo\/wp-json\/wp\/v2\/product\/99767","targetHints":{"allow":["GET"]}}],"collection":[{"href":"https:\/\/letrame.com\/catalogo\/wp-json\/wp\/v2\/product"}],"about":[{"href":"https:\/\/letrame.com\/catalogo\/wp-json\/wp\/v2\/types\/product"}],"replies":[{"embeddable":true,"href":"https:\/\/letrame.com\/catalogo\/wp-json\/wp\/v2\/comments?post=99767"}],"acf:post":[{"embeddable":true,"href":"https:\/\/letrame.com\/catalogo\/wp-json\/wp\/v2\/author_book\/78011"}],"wp:featuredmedia":[{"embeddable":true,"href":"https:\/\/letrame.com\/catalogo\/wp-json\/wp\/v2\/media\/99768"}],"wp:attachment":[{"href":"https:\/\/letrame.com\/catalogo\/wp-json\/wp\/v2\/media?parent=99767"}],"wp:term":[{"taxonomy":"libro","embeddable":true,"href":"https:\/\/letrame.com\/catalogo\/wp-json\/wp\/v2\/libro?post=99767"},{"taxonomy":"product_brand","embeddable":true,"href":"https:\/\/letrame.com\/catalogo\/wp-json\/wp\/v2\/product_brand?post=99767"},{"taxonomy":"product_cat","embeddable":true,"href":"https:\/\/letrame.com\/catalogo\/wp-json\/wp\/v2\/product_cat?post=99767"},{"taxonomy":"product_tag","embeddable":true,"href":"https:\/\/letrame.com\/catalogo\/wp-json\/wp\/v2\/product_tag?post=99767"}],"curies":[{"name":"wp","href":"https:\/\/api.w.org\/{rel}","templated":true}]}}