{"id":99763,"date":"2024-04-29T17:02:37","date_gmt":"2024-04-29T15:02:37","guid":{"rendered":"https:\/\/letrame.com\/catalogo\/producto\/la-mirada-del-escritor\/"},"modified":"2024-07-03T14:54:56","modified_gmt":"2024-07-03T12:54:56","slug":"la-mirada-del-escritor","status":"publish","type":"product","link":"https:\/\/letrame.com\/catalogo\/producto\/la-mirada-del-escritor\/","title":{"rendered":"La mirada del escritor"},"content":{"rendered":"<p class=\"p1\">ISBN:\u00a0978-84-1181-618-2<\/p>\n<p class=\"p1\">T\u00edtulo: <b>La mirada del escritor<\/b><\/p>\n<p class=\"p1\">Fecha: 2023<br \/>\nP\u00e1ginas: 280<\/p>\n<p class=\"p1\">SINOPSIS<\/p>\n<p class=\"p1\">Ana, atrapada en una vida que pasa como un suspiro, guarda un oscuro secreto que la mantiene distante y temerosa. Su familia depende de ella, pero su propia existencia es insoportable. Sumida en los libros, anhela vivir otras vidas, escapar de su realidad.<\/p>\n<p>Un d\u00eda, una visita inesperada irrumpe en su mundo tranquilo, desencadenando una serie de eventos que cambiar\u00e1n su vida para siempre. Se ver\u00e1 obligada a enfrentar sus demonios emocionales, luchando con valent\u00eda para recuperar su esencia perdida y abrir su coraz\u00f3n al amor y a los sue\u00f1os que nunca se atrevi\u00f3 a perseguir.<\/p>\n<p>Acompa\u00f1a a Ana en un apasionante viaje desde las calles de C\u00f3rdoba hasta los rincones m\u00e1gicos de Par\u00eds, donde la intriga, la emoci\u00f3n y el amor se entrelazan en una historia que te atrapar\u00e1 desde la primera p\u00e1gina. \u00bfPodr\u00e1 Ana superar su pasado y finalmente abrazar el futuro que merece? Desc\u00fabrelo en esta cautivadora odisea de autodescubrimiento de Elena Bragado.<\/p>\n<p>&nbsp;<\/p>\n","protected":false},"excerpt":{"rendered":"<p class=\"p1\">ISBN:\u00a0978-84-1181-618-2<\/p>\n<p class=\"p1\">SINOPSIS<\/p>\n<p class=\"p1\">Ana, atrapada en una vida que pasa como un suspiro, guarda un oscuro secreto que la mantiene distante y temerosa. Su familia depende de ella, pero su propia existencia es insoportable. Sumida en los libros, anhela vivir otras vidas, escapar de su realidad.<\/p>\n<p>Un d\u00eda, una visita inesperada irrumpe en su mundo tranquilo, desencadenando una serie de eventos que cambiar\u00e1n su vida para siempre. Se ver\u00e1 obligada a enfrentar sus demonios emocionales, luchando con valent\u00eda para recuperar su esencia perdida y abrir su coraz\u00f3n al amor y a los sue\u00f1os que nunca se atrevi\u00f3 a perseguir.<\/p>\n<p>Acompa\u00f1a a Ana en un apasionante viaje desde las calles de C\u00f3rdoba hasta los rincones m\u00e1gicos de Par\u00eds, donde la intriga, la emoci\u00f3n y el amor se entrelazan en una historia que te atrapar\u00e1 desde la primera p\u00e1gina. \u00bfPodr\u00e1 Ana superar su pasado y finalmente abrazar el futuro que merece? Desc\u00fabrelo en esta cautivadora odisea de autodescubrimiento de Elena Bragado.<\/p>\n","protected":false},"featured_media":99764,"comment_status":"closed","ping_status":"closed","template":"","meta":{"_acf_changed":false},"libro":[],"product_brand":[],"product_cat":[16],"product_tag":[],"class_list":{"0":"post-99763","1":"product","2":"type-product","3":"status-publish","4":"has-post-thumbnail","6":"product_cat-novela","8":"first","9":"instock","10":"product-type-simple"},"acf":{"autor":[78009],"enlace_de_compra":"https:\/\/amzn.to\/3VO5foo"},"yoast_head":"<!-- This site is optimized with the Yoast SEO plugin v26.6 - https:\/\/yoast.com\/wordpress\/plugins\/seo\/ -->\n<title>La mirada del escritor - Catalogo | Letrame Grupo Editorial<\/title>\n<meta name=\"robots\" content=\"index, follow, max-snippet:-1, max-image-preview:large, max-video-preview:-1\" \/>\n<link rel=\"canonical\" href=\"https:\/\/letrame.com\/catalogo\/producto\/la-mirada-del-escritor\/\" \/>\n<meta property=\"og:locale\" content=\"es_ES\" \/>\n<meta property=\"og:type\" content=\"article\" \/>\n<meta property=\"og:title\" content=\"La mirada del escritor - Catalogo | Letrame Grupo Editorial\" \/>\n<meta property=\"og:description\" content=\"ISBN:\u00a0978-84-1181-618-2 SINOPSIS Ana, atrapada en una vida que pasa como un suspiro, guarda un oscuro secreto que la mantiene distante y temerosa. Su familia depende de ella, pero su propia existencia es insoportable. Sumida en los libros, anhela vivir otras vidas, escapar de su realidad. Un d\u00eda, una visita inesperada irrumpe en su mundo tranquilo, desencadenando una serie de eventos que cambiar\u00e1n su vida para siempre. Se ver\u00e1 obligada a enfrentar sus demonios emocionales, luchando con valent\u00eda para recuperar su esencia perdida y abrir su coraz\u00f3n al amor y a los sue\u00f1os que nunca se atrevi\u00f3 a perseguir.  Acompa\u00f1a a Ana en un apasionante viaje desde las calles de C\u00f3rdoba hasta los rincones m\u00e1gicos de Par\u00eds, donde la intriga, la emoci\u00f3n y el amor se entrelazan en una historia que te atrapar\u00e1 desde la primera p\u00e1gina. \u00bfPodr\u00e1 Ana superar su pasado y finalmente abrazar el futuro que merece? Desc\u00fabrelo en esta cautivadora odisea de autodescubrimiento de Elena Bragado.\" \/>\n<meta property=\"og:url\" content=\"https:\/\/letrame.com\/catalogo\/producto\/la-mirada-del-escritor\/\" \/>\n<meta property=\"og:site_name\" content=\"Catalogo | Letrame Grupo Editorial\" \/>\n<meta property=\"article:modified_time\" content=\"2024-07-03T12:54:56+00:00\" \/>\n<meta property=\"og:image\" content=\"https:\/\/letrame.com\/catalogo\/wp-content\/uploads\/2024\/04\/webportada_lamiradadelescritor_14mm-compressed.jpg\" \/>\n\t<meta property=\"og:image:width\" content=\"1772\" \/>\n\t<meta property=\"og:image:height\" content=\"2480\" \/>\n\t<meta property=\"og:image:type\" content=\"image\/jpeg\" \/>\n<meta name=\"twitter:card\" content=\"summary_large_image\" \/>\n<meta name=\"twitter:label1\" content=\"Tiempo de lectura\" \/>\n\t<meta name=\"twitter:data1\" content=\"1 minuto\" \/>\n<script type=\"application\/ld+json\" class=\"yoast-schema-graph\">{\"@context\":\"https:\/\/schema.org\",\"@graph\":[{\"@type\":\"WebPage\",\"@id\":\"https:\/\/letrame.com\/catalogo\/producto\/la-mirada-del-escritor\/\",\"url\":\"https:\/\/letrame.com\/catalogo\/producto\/la-mirada-del-escritor\/\",\"name\":\"La mirada del escritor - Catalogo | Letrame Grupo Editorial\",\"isPartOf\":{\"@id\":\"https:\/\/letrame.com\/catalogo\/#website\"},\"primaryImageOfPage\":{\"@id\":\"https:\/\/letrame.com\/catalogo\/producto\/la-mirada-del-escritor\/#primaryimage\"},\"image\":{\"@id\":\"https:\/\/letrame.com\/catalogo\/producto\/la-mirada-del-escritor\/#primaryimage\"},\"thumbnailUrl\":\"https:\/\/letrame.com\/catalogo\/wp-content\/uploads\/2024\/04\/webportada_lamiradadelescritor_14mm-compressed.jpg\",\"datePublished\":\"2024-04-29T15:02:37+00:00\",\"dateModified\":\"2024-07-03T12:54:56+00:00\",\"breadcrumb\":{\"@id\":\"https:\/\/letrame.com\/catalogo\/producto\/la-mirada-del-escritor\/#breadcrumb\"},\"inLanguage\":\"es\",\"potentialAction\":[{\"@type\":\"ReadAction\",\"target\":[\"https:\/\/letrame.com\/catalogo\/producto\/la-mirada-del-escritor\/\"]}]},{\"@type\":\"ImageObject\",\"inLanguage\":\"es\",\"@id\":\"https:\/\/letrame.com\/catalogo\/producto\/la-mirada-del-escritor\/#primaryimage\",\"url\":\"https:\/\/letrame.com\/catalogo\/wp-content\/uploads\/2024\/04\/webportada_lamiradadelescritor_14mm-compressed.jpg\",\"contentUrl\":\"https:\/\/letrame.com\/catalogo\/wp-content\/uploads\/2024\/04\/webportada_lamiradadelescritor_14mm-compressed.jpg\",\"width\":1772,\"height\":2480},{\"@type\":\"BreadcrumbList\",\"@id\":\"https:\/\/letrame.com\/catalogo\/producto\/la-mirada-del-escritor\/#breadcrumb\",\"itemListElement\":[{\"@type\":\"ListItem\",\"position\":1,\"name\":\"Portada\",\"item\":\"https:\/\/letrame.com\/catalogo\/\"},{\"@type\":\"ListItem\",\"position\":2,\"name\":\"Cat\u00e1logo\",\"item\":\"https:\/\/letrame.com\/catalogo\/\"},{\"@type\":\"ListItem\",\"position\":3,\"name\":\"La mirada del escritor\"}]},{\"@type\":\"WebSite\",\"@id\":\"https:\/\/letrame.com\/catalogo\/#website\",\"url\":\"https:\/\/letrame.com\/catalogo\/\",\"name\":\"Catalogo | Letrame Grupo Editorial\",\"description\":\"\",\"publisher\":{\"@id\":\"https:\/\/letrame.com\/catalogo\/#organization\"},\"potentialAction\":[{\"@type\":\"SearchAction\",\"target\":{\"@type\":\"EntryPoint\",\"urlTemplate\":\"https:\/\/letrame.com\/catalogo\/?s={search_term_string}\"},\"query-input\":{\"@type\":\"PropertyValueSpecification\",\"valueRequired\":true,\"valueName\":\"search_term_string\"}}],\"inLanguage\":\"es\"},{\"@type\":\"Organization\",\"@id\":\"https:\/\/letrame.com\/catalogo\/#organization\",\"name\":\"Catalogo | Letrame Grupo Editorial\",\"url\":\"https:\/\/letrame.com\/catalogo\/\",\"logo\":{\"@type\":\"ImageObject\",\"inLanguage\":\"es\",\"@id\":\"https:\/\/letrame.com\/catalogo\/#\/schema\/logo\/image\/\",\"url\":\"https:\/\/letrame.com\/catalogo\/wp-content\/uploads\/2024\/03\/logo2.webp\",\"contentUrl\":\"https:\/\/letrame.com\/catalogo\/wp-content\/uploads\/2024\/03\/logo2.webp\",\"width\":394,\"height\":128,\"caption\":\"Catalogo | Letrame Grupo Editorial\"},\"image\":{\"@id\":\"https:\/\/letrame.com\/catalogo\/#\/schema\/logo\/image\/\"}}]}<\/script>\n<!-- \/ Yoast SEO plugin. -->","yoast_head_json":{"title":"La mirada del escritor - Catalogo | Letrame Grupo Editorial","robots":{"index":"index","follow":"follow","max-snippet":"max-snippet:-1","max-image-preview":"max-image-preview:large","max-video-preview":"max-video-preview:-1"},"canonical":"https:\/\/letrame.com\/catalogo\/producto\/la-mirada-del-escritor\/","og_locale":"es_ES","og_type":"article","og_title":"La mirada del escritor - Catalogo | Letrame Grupo Editorial","og_description":"ISBN:\u00a0978-84-1181-618-2 SINOPSIS Ana, atrapada en una vida que pasa como un suspiro, guarda un oscuro secreto que la mantiene distante y temerosa. Su familia depende de ella, pero su propia existencia es insoportable. Sumida en los libros, anhela vivir otras vidas, escapar de su realidad. Un d\u00eda, una visita inesperada irrumpe en su mundo tranquilo, desencadenando una serie de eventos que cambiar\u00e1n su vida para siempre. Se ver\u00e1 obligada a enfrentar sus demonios emocionales, luchando con valent\u00eda para recuperar su esencia perdida y abrir su coraz\u00f3n al amor y a los sue\u00f1os que nunca se atrevi\u00f3 a perseguir.  Acompa\u00f1a a Ana en un apasionante viaje desde las calles de C\u00f3rdoba hasta los rincones m\u00e1gicos de Par\u00eds, donde la intriga, la emoci\u00f3n y el amor se entrelazan en una historia que te atrapar\u00e1 desde la primera p\u00e1gina. \u00bfPodr\u00e1 Ana superar su pasado y finalmente abrazar el futuro que merece? Desc\u00fabrelo en esta cautivadora odisea de autodescubrimiento de Elena Bragado.","og_url":"https:\/\/letrame.com\/catalogo\/producto\/la-mirada-del-escritor\/","og_site_name":"Catalogo | Letrame Grupo Editorial","article_modified_time":"2024-07-03T12:54:56+00:00","og_image":[{"width":1772,"height":2480,"url":"https:\/\/letrame.com\/catalogo\/wp-content\/uploads\/2024\/04\/webportada_lamiradadelescritor_14mm-compressed.jpg","type":"image\/jpeg"}],"twitter_card":"summary_large_image","twitter_misc":{"Tiempo de lectura":"1 minuto"},"schema":{"@context":"https:\/\/schema.org","@graph":[{"@type":"WebPage","@id":"https:\/\/letrame.com\/catalogo\/producto\/la-mirada-del-escritor\/","url":"https:\/\/letrame.com\/catalogo\/producto\/la-mirada-del-escritor\/","name":"La mirada del escritor - Catalogo | Letrame Grupo Editorial","isPartOf":{"@id":"https:\/\/letrame.com\/catalogo\/#website"},"primaryImageOfPage":{"@id":"https:\/\/letrame.com\/catalogo\/producto\/la-mirada-del-escritor\/#primaryimage"},"image":{"@id":"https:\/\/letrame.com\/catalogo\/producto\/la-mirada-del-escritor\/#primaryimage"},"thumbnailUrl":"https:\/\/letrame.com\/catalogo\/wp-content\/uploads\/2024\/04\/webportada_lamiradadelescritor_14mm-compressed.jpg","datePublished":"2024-04-29T15:02:37+00:00","dateModified":"2024-07-03T12:54:56+00:00","breadcrumb":{"@id":"https:\/\/letrame.com\/catalogo\/producto\/la-mirada-del-escritor\/#breadcrumb"},"inLanguage":"es","potentialAction":[{"@type":"ReadAction","target":["https:\/\/letrame.com\/catalogo\/producto\/la-mirada-del-escritor\/"]}]},{"@type":"ImageObject","inLanguage":"es","@id":"https:\/\/letrame.com\/catalogo\/producto\/la-mirada-del-escritor\/#primaryimage","url":"https:\/\/letrame.com\/catalogo\/wp-content\/uploads\/2024\/04\/webportada_lamiradadelescritor_14mm-compressed.jpg","contentUrl":"https:\/\/letrame.com\/catalogo\/wp-content\/uploads\/2024\/04\/webportada_lamiradadelescritor_14mm-compressed.jpg","width":1772,"height":2480},{"@type":"BreadcrumbList","@id":"https:\/\/letrame.com\/catalogo\/producto\/la-mirada-del-escritor\/#breadcrumb","itemListElement":[{"@type":"ListItem","position":1,"name":"Portada","item":"https:\/\/letrame.com\/catalogo\/"},{"@type":"ListItem","position":2,"name":"Cat\u00e1logo","item":"https:\/\/letrame.com\/catalogo\/"},{"@type":"ListItem","position":3,"name":"La mirada del escritor"}]},{"@type":"WebSite","@id":"https:\/\/letrame.com\/catalogo\/#website","url":"https:\/\/letrame.com\/catalogo\/","name":"Catalogo | Letrame Grupo Editorial","description":"","publisher":{"@id":"https:\/\/letrame.com\/catalogo\/#organization"},"potentialAction":[{"@type":"SearchAction","target":{"@type":"EntryPoint","urlTemplate":"https:\/\/letrame.com\/catalogo\/?s={search_term_string}"},"query-input":{"@type":"PropertyValueSpecification","valueRequired":true,"valueName":"search_term_string"}}],"inLanguage":"es"},{"@type":"Organization","@id":"https:\/\/letrame.com\/catalogo\/#organization","name":"Catalogo | Letrame Grupo Editorial","url":"https:\/\/letrame.com\/catalogo\/","logo":{"@type":"ImageObject","inLanguage":"es","@id":"https:\/\/letrame.com\/catalogo\/#\/schema\/logo\/image\/","url":"https:\/\/letrame.com\/catalogo\/wp-content\/uploads\/2024\/03\/logo2.webp","contentUrl":"https:\/\/letrame.com\/catalogo\/wp-content\/uploads\/2024\/03\/logo2.webp","width":394,"height":128,"caption":"Catalogo | Letrame Grupo Editorial"},"image":{"@id":"https:\/\/letrame.com\/catalogo\/#\/schema\/logo\/image\/"}}]}},"_links":{"self":[{"href":"https:\/\/letrame.com\/catalogo\/wp-json\/wp\/v2\/product\/99763","targetHints":{"allow":["GET"]}}],"collection":[{"href":"https:\/\/letrame.com\/catalogo\/wp-json\/wp\/v2\/product"}],"about":[{"href":"https:\/\/letrame.com\/catalogo\/wp-json\/wp\/v2\/types\/product"}],"replies":[{"embeddable":true,"href":"https:\/\/letrame.com\/catalogo\/wp-json\/wp\/v2\/comments?post=99763"}],"acf:post":[{"embeddable":true,"href":"https:\/\/letrame.com\/catalogo\/wp-json\/wp\/v2\/author_book\/78009"}],"wp:featuredmedia":[{"embeddable":true,"href":"https:\/\/letrame.com\/catalogo\/wp-json\/wp\/v2\/media\/99764"}],"wp:attachment":[{"href":"https:\/\/letrame.com\/catalogo\/wp-json\/wp\/v2\/media?parent=99763"}],"wp:term":[{"taxonomy":"libro","embeddable":true,"href":"https:\/\/letrame.com\/catalogo\/wp-json\/wp\/v2\/libro?post=99763"},{"taxonomy":"product_brand","embeddable":true,"href":"https:\/\/letrame.com\/catalogo\/wp-json\/wp\/v2\/product_brand?post=99763"},{"taxonomy":"product_cat","embeddable":true,"href":"https:\/\/letrame.com\/catalogo\/wp-json\/wp\/v2\/product_cat?post=99763"},{"taxonomy":"product_tag","embeddable":true,"href":"https:\/\/letrame.com\/catalogo\/wp-json\/wp\/v2\/product_tag?post=99763"}],"curies":[{"name":"wp","href":"https:\/\/api.w.org\/{rel}","templated":true}]}}