{"id":99746,"date":"2024-04-29T17:00:44","date_gmt":"2024-04-29T15:00:44","guid":{"rendered":"https:\/\/letrame.com\/catalogo\/producto\/cuando-tu-persona-vitamina-se-convirtio-en-toxina\/"},"modified":"2024-06-04T15:58:05","modified_gmt":"2024-06-04T13:58:05","slug":"cuando-tu-persona-vitamina-se-convirtio-en-toxina","status":"publish","type":"product","link":"https:\/\/letrame.com\/catalogo\/producto\/cuando-tu-persona-vitamina-se-convirtio-en-toxina\/","title":{"rendered":"Cuando tu persona vitamina se convirti\u00f3 en toxina"},"content":{"rendered":"<p>ISBN:\u00a0978-84-1068-289-4<br \/>\nT\u00edtulo:\u2028Cuando tu persona vitamina se convirti\u00f3 en toxina<br \/>\nFecha:\u20282024<br \/>\nP\u00e1ginas:\u00a0262<br \/>\nSINOPSIS<\/p>\n<p>A lo largo de la vida, todos nos enamoramos. Esta sensaci\u00f3n puede ser, sin duda, algo maravilloso, sobre todo al inicio de la relaci\u00f3n. En esos momentos nunca se nos pasa por la cabeza pensar que esa extraordinaria sinton\u00eda vaya a desaparecer, ni mucho menos que la relaci\u00f3n pueda finalizar; es algo inimaginable. Y es aqu\u00ed donde este libro entra en escena, no para quitarnos esa ilusi\u00f3n, ni mucho menos, sino para hacernos reflexionar. Reflexionar y entender las relaciones de pareja desde un punto de vista diferente. <\/p>\n<p>De la mano de Marco y Valeria, y respaldados por afirmaciones de varios profesionales de la salud mental y por expertos en temas de crecimiento personal, como por ejemplo la doctora Rojas, conoceremos la historia y las experiencias de esta pareja real \u2014con algunas concesiones a la ficci\u00f3n que se han incorporado para preservar la intimidad de los protagonistas\u2014. Estamos convencidos de que muchos lectores se sentir\u00e1n identificados con ellos.<\/p>\n<p>Una de las principales tesis que el libro sostiene es que resulta necesario considerar que no es imprescindible que haya ocurrido un trauma grave, como robo o violencia, para dar un diagn\u00f3stico formal de trastorno de estr\u00e9s postraum\u00e1tico. Diversos estudios recientes han demostrado que las experiencias diarias de la vida, como los problemas relacionales cotidianos tienen muchas veces efectos tan devastadores como podr\u00edan ocasionar eventos m\u00e1s espectaculares. Estamos convencidos de que esta obra va a aportar una visi\u00f3n interesante de las relaciones m\u00e1s \u00edntimas y ayudar\u00e1 al lector a que sus personas vitamina no se convierta en toxina, se le claven como una espina y le haga fosfatina.<\/p>\n","protected":false},"excerpt":{"rendered":"<p>ISBN:\u00a0978-84-1068-289-4<\/p>\n<p>SINOPSIS<\/p>\n<p>A lo largo de la vida, todos nos enamoramos. Esta sensaci\u00f3n puede ser, sin duda, algo maravilloso, sobre todo al inicio de la relaci\u00f3n. En esos momentos nunca se nos pasa por la cabeza pensar que esa extraordinaria sinton\u00eda vaya a desaparecer, ni mucho menos que la relaci\u00f3n pueda finalizar; es algo inimaginable. Y es aqu\u00ed donde este libro entra en escena, no para quitarnos esa ilusi\u00f3n, ni mucho menos, sino para hacernos reflexionar. Reflexionar y entender las relaciones de pareja desde un punto de vista diferente. <\/p>\n<p>De la mano de Marco y Valeria, y respaldados por afirmaciones de varios profesionales de la salud mental y por expertos en temas de crecimiento personal, como por ejemplo la doctora Rojas, conoceremos la historia y las experiencias de esta pareja real \u2014con algunas concesiones a la ficci\u00f3n que se han incorporado para preservar la intimidad de los protagonistas\u2014. Estamos convencidos de que muchos lectores se sentir\u00e1n identificados con ellos.<\/p>\n<p>Una de las principales tesis que el libro sostiene es que resulta necesario considerar que no es imprescindible que haya ocurrido un trauma grave, como robo o violencia, para dar un diagn\u00f3stico formal de trastorno de estr\u00e9s postraum\u00e1tico. Diversos estudios recientes han demostrado que las experiencias diarias de la vida, como los problemas relacionales cotidianos tienen muchas veces efectos tan devastadores como podr\u00edan ocasionar eventos m\u00e1s espectaculares. Estamos convencidos de que esta obra va a aportar una visi\u00f3n interesante de las relaciones m\u00e1s \u00edntimas y ayudar\u00e1 al lector a que sus personas vitamina no se convierta en toxina, se le claven como una espina y le haga fosfatina.<\/p>\n","protected":false},"featured_media":101266,"comment_status":"closed","ping_status":"closed","template":"","meta":{"_acf_changed":false},"libro":[],"product_brand":[],"product_cat":[15,18],"product_tag":[],"class_list":{"0":"post-99746","1":"product","2":"type-product","3":"status-publish","4":"has-post-thumbnail","6":"product_cat-sin-categorizar","7":"product_cat-autoayuda","9":"first","10":"instock","11":"product-type-simple"},"acf":{"autor":[101264],"enlace_de_compra":"https:\/\/www.casadellibro.com\/libro-cuando-tu-persona-vitamina-se-convirtio-en-toxina\/9788411445122\/15818596?gclid=Cj0KCQjw9vqyBhCKARIsAIIcLMFKBxFNXwK-N-PycglBLuYUUrrav9oeUzub006h3wgKIfZ5JqUsyUQaAn0BEALw_wcB"},"yoast_head":"<!-- This site is optimized with the Yoast SEO plugin v26.6 - https:\/\/yoast.com\/wordpress\/plugins\/seo\/ -->\n<title>Cuando tu persona vitamina se convirti\u00f3 en toxina - Catalogo | Letrame Grupo Editorial<\/title>\n<meta name=\"robots\" content=\"index, follow, max-snippet:-1, max-image-preview:large, max-video-preview:-1\" \/>\n<link rel=\"canonical\" href=\"https:\/\/letrame.com\/catalogo\/producto\/cuando-tu-persona-vitamina-se-convirtio-en-toxina\/\" \/>\n<meta property=\"og:locale\" content=\"es_ES\" \/>\n<meta property=\"og:type\" content=\"article\" \/>\n<meta property=\"og:title\" content=\"Cuando tu persona vitamina se convirti\u00f3 en toxina - Catalogo | Letrame Grupo Editorial\" \/>\n<meta property=\"og:description\" content=\"ISBN:\u00a0978-84-1068-289-4  SINOPSIS  A lo largo de la vida, todos nos enamoramos. Esta sensaci\u00f3n puede ser, sin duda, algo maravilloso, sobre todo al inicio de la relaci\u00f3n. En esos momentos nunca se nos pasa por la cabeza pensar que esa extraordinaria sinton\u00eda vaya a desaparecer, ni mucho menos que la relaci\u00f3n pueda finalizar; es algo inimaginable. Y es aqu\u00ed donde este libro entra en escena, no para quitarnos esa ilusi\u00f3n, ni mucho menos, sino para hacernos reflexionar. Reflexionar y entender las relaciones de pareja desde un punto de vista diferente.   De la mano de Marco y Valeria, y respaldados por afirmaciones de varios profesionales de la salud mental y por expertos en temas de crecimiento personal, como por ejemplo la doctora Rojas, conoceremos la historia y las experiencias de esta pareja real \u2014con algunas concesiones a la ficci\u00f3n que se han incorporado para preservar la intimidad de los protagonistas\u2014. Estamos convencidos de que muchos lectores se sentir\u00e1n identificados con ellos.  Una de las principales tesis que el libro sostiene es que resulta necesario considerar que no es imprescindible que haya ocurrido un trauma grave, como robo o violencia, para dar un diagn\u00f3stico formal de trastorno de estr\u00e9s postraum\u00e1tico. Diversos estudios recientes han demostrado que las experiencias diarias de la vida, como los problemas relacionales cotidianos tienen muchas veces efectos tan devastadores como podr\u00edan ocasionar eventos m\u00e1s espectaculares. Estamos convencidos de que esta obra va a aportar una visi\u00f3n interesante de las relaciones m\u00e1s \u00edntimas y ayudar\u00e1 al lector a que sus personas vitamina no se convierta en toxina, se le claven como una espina y le haga fosfatina.\" \/>\n<meta property=\"og:url\" content=\"https:\/\/letrame.com\/catalogo\/producto\/cuando-tu-persona-vitamina-se-convirtio-en-toxina\/\" \/>\n<meta property=\"og:site_name\" content=\"Catalogo | Letrame Grupo Editorial\" \/>\n<meta property=\"article:modified_time\" content=\"2024-06-04T13:58:05+00:00\" \/>\n<meta property=\"og:image\" content=\"https:\/\/letrame.com\/catalogo\/wp-content\/uploads\/2024\/04\/web_cuandotupersonavitamina_1427mm-compressed.jpg\" \/>\n\t<meta property=\"og:image:width\" content=\"1772\" \/>\n\t<meta property=\"og:image:height\" content=\"2548\" \/>\n\t<meta property=\"og:image:type\" content=\"image\/jpeg\" \/>\n<meta name=\"twitter:card\" content=\"summary_large_image\" \/>\n<meta name=\"twitter:label1\" content=\"Tiempo de lectura\" \/>\n\t<meta name=\"twitter:data1\" content=\"1 minuto\" \/>\n<script type=\"application\/ld+json\" class=\"yoast-schema-graph\">{\"@context\":\"https:\/\/schema.org\",\"@graph\":[{\"@type\":\"WebPage\",\"@id\":\"https:\/\/letrame.com\/catalogo\/producto\/cuando-tu-persona-vitamina-se-convirtio-en-toxina\/\",\"url\":\"https:\/\/letrame.com\/catalogo\/producto\/cuando-tu-persona-vitamina-se-convirtio-en-toxina\/\",\"name\":\"Cuando tu persona vitamina se convirti\u00f3 en toxina - Catalogo | Letrame Grupo Editorial\",\"isPartOf\":{\"@id\":\"https:\/\/letrame.com\/catalogo\/#website\"},\"primaryImageOfPage\":{\"@id\":\"https:\/\/letrame.com\/catalogo\/producto\/cuando-tu-persona-vitamina-se-convirtio-en-toxina\/#primaryimage\"},\"image\":{\"@id\":\"https:\/\/letrame.com\/catalogo\/producto\/cuando-tu-persona-vitamina-se-convirtio-en-toxina\/#primaryimage\"},\"thumbnailUrl\":\"https:\/\/letrame.com\/catalogo\/wp-content\/uploads\/2024\/04\/web_cuandotupersonavitamina_1427mm-compressed.jpg\",\"datePublished\":\"2024-04-29T15:00:44+00:00\",\"dateModified\":\"2024-06-04T13:58:05+00:00\",\"breadcrumb\":{\"@id\":\"https:\/\/letrame.com\/catalogo\/producto\/cuando-tu-persona-vitamina-se-convirtio-en-toxina\/#breadcrumb\"},\"inLanguage\":\"es\",\"potentialAction\":[{\"@type\":\"ReadAction\",\"target\":[\"https:\/\/letrame.com\/catalogo\/producto\/cuando-tu-persona-vitamina-se-convirtio-en-toxina\/\"]}]},{\"@type\":\"ImageObject\",\"inLanguage\":\"es\",\"@id\":\"https:\/\/letrame.com\/catalogo\/producto\/cuando-tu-persona-vitamina-se-convirtio-en-toxina\/#primaryimage\",\"url\":\"https:\/\/letrame.com\/catalogo\/wp-content\/uploads\/2024\/04\/web_cuandotupersonavitamina_1427mm-compressed.jpg\",\"contentUrl\":\"https:\/\/letrame.com\/catalogo\/wp-content\/uploads\/2024\/04\/web_cuandotupersonavitamina_1427mm-compressed.jpg\",\"width\":1772,\"height\":2548},{\"@type\":\"BreadcrumbList\",\"@id\":\"https:\/\/letrame.com\/catalogo\/producto\/cuando-tu-persona-vitamina-se-convirtio-en-toxina\/#breadcrumb\",\"itemListElement\":[{\"@type\":\"ListItem\",\"position\":1,\"name\":\"Portada\",\"item\":\"https:\/\/letrame.com\/catalogo\/\"},{\"@type\":\"ListItem\",\"position\":2,\"name\":\"Cat\u00e1logo\",\"item\":\"https:\/\/letrame.com\/catalogo\/\"},{\"@type\":\"ListItem\",\"position\":3,\"name\":\"Cuando tu persona vitamina se convirti\u00f3 en toxina\"}]},{\"@type\":\"WebSite\",\"@id\":\"https:\/\/letrame.com\/catalogo\/#website\",\"url\":\"https:\/\/letrame.com\/catalogo\/\",\"name\":\"Catalogo | Letrame Grupo Editorial\",\"description\":\"\",\"publisher\":{\"@id\":\"https:\/\/letrame.com\/catalogo\/#organization\"},\"potentialAction\":[{\"@type\":\"SearchAction\",\"target\":{\"@type\":\"EntryPoint\",\"urlTemplate\":\"https:\/\/letrame.com\/catalogo\/?s={search_term_string}\"},\"query-input\":{\"@type\":\"PropertyValueSpecification\",\"valueRequired\":true,\"valueName\":\"search_term_string\"}}],\"inLanguage\":\"es\"},{\"@type\":\"Organization\",\"@id\":\"https:\/\/letrame.com\/catalogo\/#organization\",\"name\":\"Catalogo | Letrame Grupo Editorial\",\"url\":\"https:\/\/letrame.com\/catalogo\/\",\"logo\":{\"@type\":\"ImageObject\",\"inLanguage\":\"es\",\"@id\":\"https:\/\/letrame.com\/catalogo\/#\/schema\/logo\/image\/\",\"url\":\"https:\/\/letrame.com\/catalogo\/wp-content\/uploads\/2024\/03\/logo2.webp\",\"contentUrl\":\"https:\/\/letrame.com\/catalogo\/wp-content\/uploads\/2024\/03\/logo2.webp\",\"width\":394,\"height\":128,\"caption\":\"Catalogo | Letrame Grupo Editorial\"},\"image\":{\"@id\":\"https:\/\/letrame.com\/catalogo\/#\/schema\/logo\/image\/\"}}]}<\/script>\n<!-- \/ Yoast SEO plugin. -->","yoast_head_json":{"title":"Cuando tu persona vitamina se convirti\u00f3 en toxina - Catalogo | Letrame Grupo Editorial","robots":{"index":"index","follow":"follow","max-snippet":"max-snippet:-1","max-image-preview":"max-image-preview:large","max-video-preview":"max-video-preview:-1"},"canonical":"https:\/\/letrame.com\/catalogo\/producto\/cuando-tu-persona-vitamina-se-convirtio-en-toxina\/","og_locale":"es_ES","og_type":"article","og_title":"Cuando tu persona vitamina se convirti\u00f3 en toxina - Catalogo | Letrame Grupo Editorial","og_description":"ISBN:\u00a0978-84-1068-289-4  SINOPSIS  A lo largo de la vida, todos nos enamoramos. Esta sensaci\u00f3n puede ser, sin duda, algo maravilloso, sobre todo al inicio de la relaci\u00f3n. En esos momentos nunca se nos pasa por la cabeza pensar que esa extraordinaria sinton\u00eda vaya a desaparecer, ni mucho menos que la relaci\u00f3n pueda finalizar; es algo inimaginable. Y es aqu\u00ed donde este libro entra en escena, no para quitarnos esa ilusi\u00f3n, ni mucho menos, sino para hacernos reflexionar. Reflexionar y entender las relaciones de pareja desde un punto de vista diferente.   De la mano de Marco y Valeria, y respaldados por afirmaciones de varios profesionales de la salud mental y por expertos en temas de crecimiento personal, como por ejemplo la doctora Rojas, conoceremos la historia y las experiencias de esta pareja real \u2014con algunas concesiones a la ficci\u00f3n que se han incorporado para preservar la intimidad de los protagonistas\u2014. Estamos convencidos de que muchos lectores se sentir\u00e1n identificados con ellos.  Una de las principales tesis que el libro sostiene es que resulta necesario considerar que no es imprescindible que haya ocurrido un trauma grave, como robo o violencia, para dar un diagn\u00f3stico formal de trastorno de estr\u00e9s postraum\u00e1tico. Diversos estudios recientes han demostrado que las experiencias diarias de la vida, como los problemas relacionales cotidianos tienen muchas veces efectos tan devastadores como podr\u00edan ocasionar eventos m\u00e1s espectaculares. Estamos convencidos de que esta obra va a aportar una visi\u00f3n interesante de las relaciones m\u00e1s \u00edntimas y ayudar\u00e1 al lector a que sus personas vitamina no se convierta en toxina, se le claven como una espina y le haga fosfatina.","og_url":"https:\/\/letrame.com\/catalogo\/producto\/cuando-tu-persona-vitamina-se-convirtio-en-toxina\/","og_site_name":"Catalogo | Letrame Grupo Editorial","article_modified_time":"2024-06-04T13:58:05+00:00","og_image":[{"width":1772,"height":2548,"url":"https:\/\/letrame.com\/catalogo\/wp-content\/uploads\/2024\/04\/web_cuandotupersonavitamina_1427mm-compressed.jpg","type":"image\/jpeg"}],"twitter_card":"summary_large_image","twitter_misc":{"Tiempo de lectura":"1 minuto"},"schema":{"@context":"https:\/\/schema.org","@graph":[{"@type":"WebPage","@id":"https:\/\/letrame.com\/catalogo\/producto\/cuando-tu-persona-vitamina-se-convirtio-en-toxina\/","url":"https:\/\/letrame.com\/catalogo\/producto\/cuando-tu-persona-vitamina-se-convirtio-en-toxina\/","name":"Cuando tu persona vitamina se convirti\u00f3 en toxina - Catalogo | Letrame Grupo Editorial","isPartOf":{"@id":"https:\/\/letrame.com\/catalogo\/#website"},"primaryImageOfPage":{"@id":"https:\/\/letrame.com\/catalogo\/producto\/cuando-tu-persona-vitamina-se-convirtio-en-toxina\/#primaryimage"},"image":{"@id":"https:\/\/letrame.com\/catalogo\/producto\/cuando-tu-persona-vitamina-se-convirtio-en-toxina\/#primaryimage"},"thumbnailUrl":"https:\/\/letrame.com\/catalogo\/wp-content\/uploads\/2024\/04\/web_cuandotupersonavitamina_1427mm-compressed.jpg","datePublished":"2024-04-29T15:00:44+00:00","dateModified":"2024-06-04T13:58:05+00:00","breadcrumb":{"@id":"https:\/\/letrame.com\/catalogo\/producto\/cuando-tu-persona-vitamina-se-convirtio-en-toxina\/#breadcrumb"},"inLanguage":"es","potentialAction":[{"@type":"ReadAction","target":["https:\/\/letrame.com\/catalogo\/producto\/cuando-tu-persona-vitamina-se-convirtio-en-toxina\/"]}]},{"@type":"ImageObject","inLanguage":"es","@id":"https:\/\/letrame.com\/catalogo\/producto\/cuando-tu-persona-vitamina-se-convirtio-en-toxina\/#primaryimage","url":"https:\/\/letrame.com\/catalogo\/wp-content\/uploads\/2024\/04\/web_cuandotupersonavitamina_1427mm-compressed.jpg","contentUrl":"https:\/\/letrame.com\/catalogo\/wp-content\/uploads\/2024\/04\/web_cuandotupersonavitamina_1427mm-compressed.jpg","width":1772,"height":2548},{"@type":"BreadcrumbList","@id":"https:\/\/letrame.com\/catalogo\/producto\/cuando-tu-persona-vitamina-se-convirtio-en-toxina\/#breadcrumb","itemListElement":[{"@type":"ListItem","position":1,"name":"Portada","item":"https:\/\/letrame.com\/catalogo\/"},{"@type":"ListItem","position":2,"name":"Cat\u00e1logo","item":"https:\/\/letrame.com\/catalogo\/"},{"@type":"ListItem","position":3,"name":"Cuando tu persona vitamina se convirti\u00f3 en toxina"}]},{"@type":"WebSite","@id":"https:\/\/letrame.com\/catalogo\/#website","url":"https:\/\/letrame.com\/catalogo\/","name":"Catalogo | Letrame Grupo Editorial","description":"","publisher":{"@id":"https:\/\/letrame.com\/catalogo\/#organization"},"potentialAction":[{"@type":"SearchAction","target":{"@type":"EntryPoint","urlTemplate":"https:\/\/letrame.com\/catalogo\/?s={search_term_string}"},"query-input":{"@type":"PropertyValueSpecification","valueRequired":true,"valueName":"search_term_string"}}],"inLanguage":"es"},{"@type":"Organization","@id":"https:\/\/letrame.com\/catalogo\/#organization","name":"Catalogo | Letrame Grupo Editorial","url":"https:\/\/letrame.com\/catalogo\/","logo":{"@type":"ImageObject","inLanguage":"es","@id":"https:\/\/letrame.com\/catalogo\/#\/schema\/logo\/image\/","url":"https:\/\/letrame.com\/catalogo\/wp-content\/uploads\/2024\/03\/logo2.webp","contentUrl":"https:\/\/letrame.com\/catalogo\/wp-content\/uploads\/2024\/03\/logo2.webp","width":394,"height":128,"caption":"Catalogo | Letrame Grupo Editorial"},"image":{"@id":"https:\/\/letrame.com\/catalogo\/#\/schema\/logo\/image\/"}}]}},"_links":{"self":[{"href":"https:\/\/letrame.com\/catalogo\/wp-json\/wp\/v2\/product\/99746","targetHints":{"allow":["GET"]}}],"collection":[{"href":"https:\/\/letrame.com\/catalogo\/wp-json\/wp\/v2\/product"}],"about":[{"href":"https:\/\/letrame.com\/catalogo\/wp-json\/wp\/v2\/types\/product"}],"replies":[{"embeddable":true,"href":"https:\/\/letrame.com\/catalogo\/wp-json\/wp\/v2\/comments?post=99746"}],"acf:post":[{"embeddable":true,"href":"https:\/\/letrame.com\/catalogo\/wp-json\/wp\/v2\/author_book\/101264"}],"wp:featuredmedia":[{"embeddable":true,"href":"https:\/\/letrame.com\/catalogo\/wp-json\/wp\/v2\/media\/101266"}],"wp:attachment":[{"href":"https:\/\/letrame.com\/catalogo\/wp-json\/wp\/v2\/media?parent=99746"}],"wp:term":[{"taxonomy":"libro","embeddable":true,"href":"https:\/\/letrame.com\/catalogo\/wp-json\/wp\/v2\/libro?post=99746"},{"taxonomy":"product_brand","embeddable":true,"href":"https:\/\/letrame.com\/catalogo\/wp-json\/wp\/v2\/product_brand?post=99746"},{"taxonomy":"product_cat","embeddable":true,"href":"https:\/\/letrame.com\/catalogo\/wp-json\/wp\/v2\/product_cat?post=99746"},{"taxonomy":"product_tag","embeddable":true,"href":"https:\/\/letrame.com\/catalogo\/wp-json\/wp\/v2\/product_tag?post=99746"}],"curies":[{"name":"wp","href":"https:\/\/api.w.org\/{rel}","templated":true}]}}