{"id":99744,"date":"2024-04-29T17:00:44","date_gmt":"2024-04-29T15:00:44","guid":{"rendered":"https:\/\/letrame.com\/catalogo\/producto\/en-el-crepusculo-de-los-recuerdos\/"},"modified":"2024-07-03T15:03:24","modified_gmt":"2024-07-03T13:03:24","slug":"en-el-crepusculo-de-los-recuerdos","status":"publish","type":"product","link":"https:\/\/letrame.com\/catalogo\/producto\/en-el-crepusculo-de-los-recuerdos\/","title":{"rendered":"En el Crep\u00fasculo de los Recuerdos"},"content":{"rendered":"<p>&nbsp;<\/p>\n<p class=\"p1\">ISBN: 978-84-1181-646-5<\/p>\n<p class=\"p1\">T\u00edtulo: En el Crep\u00fasculo de los Recuerdos<\/p>\n<p class=\"p1\">Fecha: 2023<br \/>\nP\u00e1ginas:\u00a0 126<\/p>\n<p class=\"p1\">SINOPSIS<\/p>\n<p>En un mundo donde el destino teje hilos invisibles entre los corazones, <em>En el crep\u00fasculo de los recuerdos<\/em> te sumerge en un viaje inolvidable a trav\u00e9s del amor, la amistad y los misterios del tiempo.<\/p>\n<p>Emily y Mark compartieron un amor apasionado en su juventud, pero el destino los separ\u00f3. A\u00f1os despu\u00e9s, el encuentro con Daniel, un hombre encantador, promete un nuevo comienzo para Emily. Sin embargo, la aparici\u00f3n de Mark, ahora con un nuevo amor en su vida, desencadena una serie de eventos que pondr\u00e1n a prueba los l\u00edmites del amor y las decisiones del coraz\u00f3n.<\/p>\n<p>Unidos por el pasado y enfrentados por el presente, Emily, Mark y Daniel se embarcar\u00e1n en un viaje emocional lleno de secretos, deseos y esperanza. \u00bfPodr\u00e1n resolver los enigmas del pasado y encontrar la redenci\u00f3n en el crep\u00fasculo de sus recuerdos? Sum\u00e9rgete en esta cautivadora historia de amores perdidos y reencontrados, donde el destino juega su papel y las emociones nunca mueren.<\/p>\n","protected":false},"excerpt":{"rendered":"<p>ISBN: 978-84-1181-646-5<\/p>\n<p>SINOPSIS<\/p>\n<p>En un mundo donde el destino teje hilos invisibles entre los corazones, En el crep\u00fasculo de los recuerdos te sumerge en un viaje inolvidable a trav\u00e9s del amor, la amistad y los misterios del tiempo.<\/p>\n<p>Emily y Mark compartieron un amor apasionado en su juventud, pero el destino los separ\u00f3. A\u00f1os despu\u00e9s, el encuentro con Daniel, un hombre encantador, promete un nuevo comienzo para Emily. Sin embargo, la aparici\u00f3n de Mark, ahora con un nuevo amor en su vida, desencadena una serie de eventos que pondr\u00e1n a prueba los l\u00edmites del amor y las decisiones del coraz\u00f3n.<\/p>\n<p>Unidos por el pasado y enfrentados por el presente, Emily, Mark y Daniel se embarcar\u00e1n en un viaje emocional lleno de secretos, deseos y esperanza. \u00bfPodr\u00e1n resolver los enigmas del pasado y encontrar la redenci\u00f3n en el crep\u00fasculo de sus recuerdos? Sum\u00e9rgete en esta cautivadora historia de amores perdidos y reencontrados, donde el destino juega su papel y las emociones nunca mueren.<\/p>\n","protected":false},"featured_media":99745,"comment_status":"closed","ping_status":"closed","template":"","meta":{"_acf_changed":false},"libro":[],"product_brand":[],"product_cat":[16],"product_tag":[],"class_list":{"0":"post-99744","1":"product","2":"type-product","3":"status-publish","4":"has-post-thumbnail","6":"product_cat-novela","8":"first","9":"instock","10":"product-type-simple"},"acf":{"autor":[77998],"enlace_de_compra":"https:\/\/amzn.to\/3VJsMa2"},"yoast_head":"<!-- This site is optimized with the Yoast SEO plugin v26.6 - https:\/\/yoast.com\/wordpress\/plugins\/seo\/ -->\n<title>En el Crep\u00fasculo de los Recuerdos - Catalogo | Letrame Grupo Editorial<\/title>\n<meta name=\"robots\" content=\"index, follow, max-snippet:-1, max-image-preview:large, max-video-preview:-1\" \/>\n<link rel=\"canonical\" href=\"https:\/\/letrame.com\/catalogo\/producto\/en-el-crepusculo-de-los-recuerdos\/\" \/>\n<meta property=\"og:locale\" content=\"es_ES\" \/>\n<meta property=\"og:type\" content=\"article\" \/>\n<meta property=\"og:title\" content=\"En el Crep\u00fasculo de los Recuerdos - Catalogo | Letrame Grupo Editorial\" \/>\n<meta property=\"og:description\" content=\"ISBN: 978-84-1181-646-5  SINOPSIS  En un mundo donde el destino teje hilos invisibles entre los corazones, En el crep\u00fasculo de los recuerdos te sumerge en un viaje inolvidable a trav\u00e9s del amor, la amistad y los misterios del tiempo.  Emily y Mark compartieron un amor apasionado en su juventud, pero el destino los separ\u00f3. A\u00f1os despu\u00e9s, el encuentro con Daniel, un hombre encantador, promete un nuevo comienzo para Emily. Sin embargo, la aparici\u00f3n de Mark, ahora con un nuevo amor en su vida, desencadena una serie de eventos que pondr\u00e1n a prueba los l\u00edmites del amor y las decisiones del coraz\u00f3n.  Unidos por el pasado y enfrentados por el presente, Emily, Mark y Daniel se embarcar\u00e1n en un viaje emocional lleno de secretos, deseos y esperanza. \u00bfPodr\u00e1n resolver los enigmas del pasado y encontrar la redenci\u00f3n en el crep\u00fasculo de sus recuerdos? Sum\u00e9rgete en esta cautivadora historia de amores perdidos y reencontrados, donde el destino juega su papel y las emociones nunca mueren.\" \/>\n<meta property=\"og:url\" content=\"https:\/\/letrame.com\/catalogo\/producto\/en-el-crepusculo-de-los-recuerdos\/\" \/>\n<meta property=\"og:site_name\" content=\"Catalogo | Letrame Grupo Editorial\" \/>\n<meta property=\"article:modified_time\" content=\"2024-07-03T13:03:24+00:00\" \/>\n<meta property=\"og:image\" content=\"https:\/\/letrame.com\/catalogo\/wp-content\/uploads\/2024\/04\/p_enelcrepusculo_688mm-compressed.jpg\" \/>\n\t<meta property=\"og:image:width\" content=\"1748\" \/>\n\t<meta property=\"og:image:height\" content=\"2480\" \/>\n\t<meta property=\"og:image:type\" content=\"image\/jpeg\" \/>\n<meta name=\"twitter:card\" content=\"summary_large_image\" \/>\n<meta name=\"twitter:label1\" content=\"Tiempo de lectura\" \/>\n\t<meta name=\"twitter:data1\" content=\"1 minuto\" \/>\n<script type=\"application\/ld+json\" class=\"yoast-schema-graph\">{\"@context\":\"https:\/\/schema.org\",\"@graph\":[{\"@type\":\"WebPage\",\"@id\":\"https:\/\/letrame.com\/catalogo\/producto\/en-el-crepusculo-de-los-recuerdos\/\",\"url\":\"https:\/\/letrame.com\/catalogo\/producto\/en-el-crepusculo-de-los-recuerdos\/\",\"name\":\"En el Crep\u00fasculo de los Recuerdos - Catalogo | Letrame Grupo Editorial\",\"isPartOf\":{\"@id\":\"https:\/\/letrame.com\/catalogo\/#website\"},\"primaryImageOfPage\":{\"@id\":\"https:\/\/letrame.com\/catalogo\/producto\/en-el-crepusculo-de-los-recuerdos\/#primaryimage\"},\"image\":{\"@id\":\"https:\/\/letrame.com\/catalogo\/producto\/en-el-crepusculo-de-los-recuerdos\/#primaryimage\"},\"thumbnailUrl\":\"https:\/\/letrame.com\/catalogo\/wp-content\/uploads\/2024\/04\/p_enelcrepusculo_688mm-compressed.jpg\",\"datePublished\":\"2024-04-29T15:00:44+00:00\",\"dateModified\":\"2024-07-03T13:03:24+00:00\",\"breadcrumb\":{\"@id\":\"https:\/\/letrame.com\/catalogo\/producto\/en-el-crepusculo-de-los-recuerdos\/#breadcrumb\"},\"inLanguage\":\"es\",\"potentialAction\":[{\"@type\":\"ReadAction\",\"target\":[\"https:\/\/letrame.com\/catalogo\/producto\/en-el-crepusculo-de-los-recuerdos\/\"]}]},{\"@type\":\"ImageObject\",\"inLanguage\":\"es\",\"@id\":\"https:\/\/letrame.com\/catalogo\/producto\/en-el-crepusculo-de-los-recuerdos\/#primaryimage\",\"url\":\"https:\/\/letrame.com\/catalogo\/wp-content\/uploads\/2024\/04\/p_enelcrepusculo_688mm-compressed.jpg\",\"contentUrl\":\"https:\/\/letrame.com\/catalogo\/wp-content\/uploads\/2024\/04\/p_enelcrepusculo_688mm-compressed.jpg\",\"width\":1748,\"height\":2480},{\"@type\":\"BreadcrumbList\",\"@id\":\"https:\/\/letrame.com\/catalogo\/producto\/en-el-crepusculo-de-los-recuerdos\/#breadcrumb\",\"itemListElement\":[{\"@type\":\"ListItem\",\"position\":1,\"name\":\"Portada\",\"item\":\"https:\/\/letrame.com\/catalogo\/\"},{\"@type\":\"ListItem\",\"position\":2,\"name\":\"Cat\u00e1logo\",\"item\":\"https:\/\/letrame.com\/catalogo\/\"},{\"@type\":\"ListItem\",\"position\":3,\"name\":\"En el Crep\u00fasculo de los Recuerdos\"}]},{\"@type\":\"WebSite\",\"@id\":\"https:\/\/letrame.com\/catalogo\/#website\",\"url\":\"https:\/\/letrame.com\/catalogo\/\",\"name\":\"Catalogo | Letrame Grupo Editorial\",\"description\":\"\",\"publisher\":{\"@id\":\"https:\/\/letrame.com\/catalogo\/#organization\"},\"potentialAction\":[{\"@type\":\"SearchAction\",\"target\":{\"@type\":\"EntryPoint\",\"urlTemplate\":\"https:\/\/letrame.com\/catalogo\/?s={search_term_string}\"},\"query-input\":{\"@type\":\"PropertyValueSpecification\",\"valueRequired\":true,\"valueName\":\"search_term_string\"}}],\"inLanguage\":\"es\"},{\"@type\":\"Organization\",\"@id\":\"https:\/\/letrame.com\/catalogo\/#organization\",\"name\":\"Catalogo | Letrame Grupo Editorial\",\"url\":\"https:\/\/letrame.com\/catalogo\/\",\"logo\":{\"@type\":\"ImageObject\",\"inLanguage\":\"es\",\"@id\":\"https:\/\/letrame.com\/catalogo\/#\/schema\/logo\/image\/\",\"url\":\"https:\/\/letrame.com\/catalogo\/wp-content\/uploads\/2024\/03\/logo2.webp\",\"contentUrl\":\"https:\/\/letrame.com\/catalogo\/wp-content\/uploads\/2024\/03\/logo2.webp\",\"width\":394,\"height\":128,\"caption\":\"Catalogo | Letrame Grupo Editorial\"},\"image\":{\"@id\":\"https:\/\/letrame.com\/catalogo\/#\/schema\/logo\/image\/\"}}]}<\/script>\n<!-- \/ Yoast SEO plugin. -->","yoast_head_json":{"title":"En el Crep\u00fasculo de los Recuerdos - Catalogo | Letrame Grupo Editorial","robots":{"index":"index","follow":"follow","max-snippet":"max-snippet:-1","max-image-preview":"max-image-preview:large","max-video-preview":"max-video-preview:-1"},"canonical":"https:\/\/letrame.com\/catalogo\/producto\/en-el-crepusculo-de-los-recuerdos\/","og_locale":"es_ES","og_type":"article","og_title":"En el Crep\u00fasculo de los Recuerdos - Catalogo | Letrame Grupo Editorial","og_description":"ISBN: 978-84-1181-646-5  SINOPSIS  En un mundo donde el destino teje hilos invisibles entre los corazones, En el crep\u00fasculo de los recuerdos te sumerge en un viaje inolvidable a trav\u00e9s del amor, la amistad y los misterios del tiempo.  Emily y Mark compartieron un amor apasionado en su juventud, pero el destino los separ\u00f3. A\u00f1os despu\u00e9s, el encuentro con Daniel, un hombre encantador, promete un nuevo comienzo para Emily. Sin embargo, la aparici\u00f3n de Mark, ahora con un nuevo amor en su vida, desencadena una serie de eventos que pondr\u00e1n a prueba los l\u00edmites del amor y las decisiones del coraz\u00f3n.  Unidos por el pasado y enfrentados por el presente, Emily, Mark y Daniel se embarcar\u00e1n en un viaje emocional lleno de secretos, deseos y esperanza. \u00bfPodr\u00e1n resolver los enigmas del pasado y encontrar la redenci\u00f3n en el crep\u00fasculo de sus recuerdos? Sum\u00e9rgete en esta cautivadora historia de amores perdidos y reencontrados, donde el destino juega su papel y las emociones nunca mueren.","og_url":"https:\/\/letrame.com\/catalogo\/producto\/en-el-crepusculo-de-los-recuerdos\/","og_site_name":"Catalogo | Letrame Grupo Editorial","article_modified_time":"2024-07-03T13:03:24+00:00","og_image":[{"width":1748,"height":2480,"url":"https:\/\/letrame.com\/catalogo\/wp-content\/uploads\/2024\/04\/p_enelcrepusculo_688mm-compressed.jpg","type":"image\/jpeg"}],"twitter_card":"summary_large_image","twitter_misc":{"Tiempo de lectura":"1 minuto"},"schema":{"@context":"https:\/\/schema.org","@graph":[{"@type":"WebPage","@id":"https:\/\/letrame.com\/catalogo\/producto\/en-el-crepusculo-de-los-recuerdos\/","url":"https:\/\/letrame.com\/catalogo\/producto\/en-el-crepusculo-de-los-recuerdos\/","name":"En el Crep\u00fasculo de los Recuerdos - Catalogo | Letrame Grupo Editorial","isPartOf":{"@id":"https:\/\/letrame.com\/catalogo\/#website"},"primaryImageOfPage":{"@id":"https:\/\/letrame.com\/catalogo\/producto\/en-el-crepusculo-de-los-recuerdos\/#primaryimage"},"image":{"@id":"https:\/\/letrame.com\/catalogo\/producto\/en-el-crepusculo-de-los-recuerdos\/#primaryimage"},"thumbnailUrl":"https:\/\/letrame.com\/catalogo\/wp-content\/uploads\/2024\/04\/p_enelcrepusculo_688mm-compressed.jpg","datePublished":"2024-04-29T15:00:44+00:00","dateModified":"2024-07-03T13:03:24+00:00","breadcrumb":{"@id":"https:\/\/letrame.com\/catalogo\/producto\/en-el-crepusculo-de-los-recuerdos\/#breadcrumb"},"inLanguage":"es","potentialAction":[{"@type":"ReadAction","target":["https:\/\/letrame.com\/catalogo\/producto\/en-el-crepusculo-de-los-recuerdos\/"]}]},{"@type":"ImageObject","inLanguage":"es","@id":"https:\/\/letrame.com\/catalogo\/producto\/en-el-crepusculo-de-los-recuerdos\/#primaryimage","url":"https:\/\/letrame.com\/catalogo\/wp-content\/uploads\/2024\/04\/p_enelcrepusculo_688mm-compressed.jpg","contentUrl":"https:\/\/letrame.com\/catalogo\/wp-content\/uploads\/2024\/04\/p_enelcrepusculo_688mm-compressed.jpg","width":1748,"height":2480},{"@type":"BreadcrumbList","@id":"https:\/\/letrame.com\/catalogo\/producto\/en-el-crepusculo-de-los-recuerdos\/#breadcrumb","itemListElement":[{"@type":"ListItem","position":1,"name":"Portada","item":"https:\/\/letrame.com\/catalogo\/"},{"@type":"ListItem","position":2,"name":"Cat\u00e1logo","item":"https:\/\/letrame.com\/catalogo\/"},{"@type":"ListItem","position":3,"name":"En el Crep\u00fasculo de los Recuerdos"}]},{"@type":"WebSite","@id":"https:\/\/letrame.com\/catalogo\/#website","url":"https:\/\/letrame.com\/catalogo\/","name":"Catalogo | Letrame Grupo Editorial","description":"","publisher":{"@id":"https:\/\/letrame.com\/catalogo\/#organization"},"potentialAction":[{"@type":"SearchAction","target":{"@type":"EntryPoint","urlTemplate":"https:\/\/letrame.com\/catalogo\/?s={search_term_string}"},"query-input":{"@type":"PropertyValueSpecification","valueRequired":true,"valueName":"search_term_string"}}],"inLanguage":"es"},{"@type":"Organization","@id":"https:\/\/letrame.com\/catalogo\/#organization","name":"Catalogo | Letrame Grupo Editorial","url":"https:\/\/letrame.com\/catalogo\/","logo":{"@type":"ImageObject","inLanguage":"es","@id":"https:\/\/letrame.com\/catalogo\/#\/schema\/logo\/image\/","url":"https:\/\/letrame.com\/catalogo\/wp-content\/uploads\/2024\/03\/logo2.webp","contentUrl":"https:\/\/letrame.com\/catalogo\/wp-content\/uploads\/2024\/03\/logo2.webp","width":394,"height":128,"caption":"Catalogo | Letrame Grupo Editorial"},"image":{"@id":"https:\/\/letrame.com\/catalogo\/#\/schema\/logo\/image\/"}}]}},"_links":{"self":[{"href":"https:\/\/letrame.com\/catalogo\/wp-json\/wp\/v2\/product\/99744","targetHints":{"allow":["GET"]}}],"collection":[{"href":"https:\/\/letrame.com\/catalogo\/wp-json\/wp\/v2\/product"}],"about":[{"href":"https:\/\/letrame.com\/catalogo\/wp-json\/wp\/v2\/types\/product"}],"replies":[{"embeddable":true,"href":"https:\/\/letrame.com\/catalogo\/wp-json\/wp\/v2\/comments?post=99744"}],"acf:post":[{"embeddable":true,"href":"https:\/\/letrame.com\/catalogo\/wp-json\/wp\/v2\/author_book\/77998"}],"wp:featuredmedia":[{"embeddable":true,"href":"https:\/\/letrame.com\/catalogo\/wp-json\/wp\/v2\/media\/99745"}],"wp:attachment":[{"href":"https:\/\/letrame.com\/catalogo\/wp-json\/wp\/v2\/media?parent=99744"}],"wp:term":[{"taxonomy":"libro","embeddable":true,"href":"https:\/\/letrame.com\/catalogo\/wp-json\/wp\/v2\/libro?post=99744"},{"taxonomy":"product_brand","embeddable":true,"href":"https:\/\/letrame.com\/catalogo\/wp-json\/wp\/v2\/product_brand?post=99744"},{"taxonomy":"product_cat","embeddable":true,"href":"https:\/\/letrame.com\/catalogo\/wp-json\/wp\/v2\/product_cat?post=99744"},{"taxonomy":"product_tag","embeddable":true,"href":"https:\/\/letrame.com\/catalogo\/wp-json\/wp\/v2\/product_tag?post=99744"}],"curies":[{"name":"wp","href":"https:\/\/api.w.org\/{rel}","templated":true}]}}