{"id":99733,"date":"2024-04-29T16:59:33","date_gmt":"2024-04-29T14:59:33","guid":{"rendered":"https:\/\/letrame.com\/catalogo\/producto\/un-mapa-para-tu-alma\/"},"modified":"2024-04-29T16:59:33","modified_gmt":"2024-04-29T14:59:33","slug":"un-mapa-para-tu-alma","status":"publish","type":"product","link":"https:\/\/letrame.com\/catalogo\/producto\/un-mapa-para-tu-alma\/","title":{"rendered":"Un mapa para tu alma"},"content":{"rendered":"<p class=\"p1\">ISBN: 9788411818315<\/p>\n<p class=\"p1\">T\u00edtulo: Un mapa para tu alma<br \/>\nFecha: 2023<br \/>\nP\u00e1ginas:\u00a0 198<\/p>\n<p class=\"p1\">SINOPSIS<\/p>\n<p>Este es el cuento que nos deber\u00edan haber le\u00eddo a todos. Caminamos por la vida llenos de muchas dudas y de muy pocas certezas, \u00a1qu\u00e9 bien nos vendr\u00eda tener un mapa para aquellos momentos en los que nos sentimos perdidos!Un manual de vida que nos ense\u00f1e a gestionar nuestras emociones, a reconocer lo que es una relaci\u00f3n sana de pareja, la importancia de encontrar nuestro don, aprender a perdonar, a vencer los miedos, sobre el prop\u00f3sito m\u00e1s profundo de nuestro paso por aqu\u00edEn este libro se te entrega ese mapa que anhelabas, para que puedas hallar respuestas a las preguntas de tu alma.\u00abI M P R E S I O N A N T E, esa es la palabra que tras leer y sentir este libro se me ha quedado grabada en el Alma. Est\u00e1 hecho de locura, magia, consciencia, verdad y amor, ingredientes de los que para m\u00ed est\u00e1 confeccionada la propia Vida. Leerlo te envuelve, te engancha y te resuena en lo m\u00e1s profundo de tu Ser\u00bb.Alonso Pulido.Formador, escritor y speaker internacional.<\/p>\n","protected":false},"excerpt":{"rendered":"<p class=\"p1\">ISBN: 9788411818315<\/p>\n<p class=\"p1\">SINOPSIS<\/p>\n<p>Este es el cuento que nos deber\u00edan haber le\u00eddo a todos. Caminamos por la vida llenos de muchas dudas y de muy pocas certezas, \u00a1qu\u00e9 bien nos vendr\u00eda tener un mapa para aquellos momentos en los que nos sentimos perdidos!Un manual de vida que nos ense\u00f1e a gestionar nuestras emociones, a reconocer lo que es una relaci\u00f3n sana de pareja, la importancia de encontrar nuestro don, aprender a perdonar, a vencer los miedos, sobre el prop\u00f3sito m\u00e1s profundo de nuestro paso por aqu\u00edEn este libro se te entrega ese mapa que anhelabas, para que puedas hallar respuestas a las preguntas de tu alma.\u00abI M P R E S I O N A N T E, esa es la palabra que tras leer y sentir este libro se me ha quedado grabada en el Alma. Est\u00e1 hecho de locura, magia, consciencia, verdad y amor, ingredientes de los que para m\u00ed est\u00e1 confeccionada la propia Vida. Leerlo te envuelve, te engancha y te resuena en lo m\u00e1s profundo de tu Ser\u00bb.Alonso Pulido.Formador, escritor y speaker internacional.<\/p>\n","protected":false},"featured_media":99734,"comment_status":"closed","ping_status":"open","template":"","meta":{"_acf_changed":false},"libro":[],"product_brand":[],"product_cat":[18],"product_tag":[],"class_list":{"0":"post-99733","1":"product","2":"type-product","3":"status-publish","4":"has-post-thumbnail","6":"product_cat-autoayuda","8":"first","9":"instock","10":"product-type-simple"},"acf":{"autor":[73937],"enlace_de_compra":"https:\/\/www.juandemora.com\/tienda\/producto\/libro-un-mapa-para-tu-alma-de-juan-de-mora"},"yoast_head":"<!-- This site is optimized with the Yoast SEO plugin v27.4 - https:\/\/yoast.com\/product\/yoast-seo-wordpress\/ -->\n<title>Un mapa para tu alma - Catalogo | Letrame Grupo Editorial<\/title>\n<meta name=\"robots\" content=\"index, follow, max-snippet:-1, max-image-preview:large, max-video-preview:-1\" \/>\n<link rel=\"canonical\" href=\"https:\/\/letrame.com\/catalogo\/producto\/un-mapa-para-tu-alma\/\" \/>\n<meta property=\"og:locale\" content=\"es_ES\" \/>\n<meta property=\"og:type\" content=\"article\" \/>\n<meta property=\"og:title\" content=\"Un mapa para tu alma - Catalogo | Letrame Grupo Editorial\" \/>\n<meta property=\"og:description\" content=\"ISBN: 9788411818315 SINOPSIS Este es el cuento que nos deber\u00edan haber le\u00eddo a todos. Caminamos por la vida llenos de muchas dudas y de muy pocas certezas, \u00a1qu\u00e9 bien nos vendr\u00eda tener un mapa para aquellos momentos en los que nos sentimos perdidos!Un manual de vida que nos ense\u00f1e a gestionar nuestras emociones, a reconocer lo que es una relaci\u00f3n sana de pareja, la importancia de encontrar nuestro don, aprender a perdonar, a vencer los miedos, sobre el prop\u00f3sito m\u00e1s profundo de nuestro paso por aqu\u00edEn este libro se te entrega ese mapa que anhelabas, para que puedas hallar respuestas a las preguntas de tu alma.\u00abI M P R E S I O N A N T E, esa es la palabra que tras leer y sentir este libro se me ha quedado grabada en el Alma. Est\u00e1 hecho de locura, magia, consciencia, verdad y amor, ingredientes de los que para m\u00ed est\u00e1 confeccionada la propia Vida. Leerlo te envuelve, te engancha y te resuena en lo m\u00e1s profundo de tu Ser\u00bb.Alonso Pulido.Formador, escritor y speaker internacional.\" \/>\n<meta property=\"og:url\" content=\"https:\/\/letrame.com\/catalogo\/producto\/un-mapa-para-tu-alma\/\" \/>\n<meta property=\"og:site_name\" content=\"Catalogo | Letrame Grupo Editorial\" \/>\n<meta property=\"og:image\" content=\"https:\/\/letrame.com\/catalogo\/wp-content\/uploads\/2024\/04\/webp_unmapaparatu_1466mm-compressed.jpg\" \/>\n\t<meta property=\"og:image:width\" content=\"1772\" \/>\n\t<meta property=\"og:image:height\" content=\"2480\" \/>\n\t<meta property=\"og:image:type\" content=\"image\/jpeg\" \/>\n<meta name=\"twitter:card\" content=\"summary_large_image\" \/>\n<meta name=\"twitter:label1\" content=\"Tiempo de lectura\" \/>\n\t<meta name=\"twitter:data1\" content=\"1 minuto\" \/>\n<script type=\"application\/ld+json\" class=\"yoast-schema-graph\">{\"@context\":\"https:\\\/\\\/schema.org\",\"@graph\":[{\"@type\":\"WebPage\",\"@id\":\"https:\\\/\\\/letrame.com\\\/catalogo\\\/producto\\\/un-mapa-para-tu-alma\\\/\",\"url\":\"https:\\\/\\\/letrame.com\\\/catalogo\\\/producto\\\/un-mapa-para-tu-alma\\\/\",\"name\":\"Un mapa para tu alma - Catalogo | Letrame Grupo Editorial\",\"isPartOf\":{\"@id\":\"https:\\\/\\\/letrame.com\\\/catalogo\\\/#website\"},\"primaryImageOfPage\":{\"@id\":\"https:\\\/\\\/letrame.com\\\/catalogo\\\/producto\\\/un-mapa-para-tu-alma\\\/#primaryimage\"},\"image\":{\"@id\":\"https:\\\/\\\/letrame.com\\\/catalogo\\\/producto\\\/un-mapa-para-tu-alma\\\/#primaryimage\"},\"thumbnailUrl\":\"https:\\\/\\\/letrame.com\\\/catalogo\\\/wp-content\\\/uploads\\\/2024\\\/04\\\/webp_unmapaparatu_1466mm-compressed.jpg\",\"datePublished\":\"2024-04-29T14:59:33+00:00\",\"breadcrumb\":{\"@id\":\"https:\\\/\\\/letrame.com\\\/catalogo\\\/producto\\\/un-mapa-para-tu-alma\\\/#breadcrumb\"},\"inLanguage\":\"es\",\"potentialAction\":[{\"@type\":\"ReadAction\",\"target\":[\"https:\\\/\\\/letrame.com\\\/catalogo\\\/producto\\\/un-mapa-para-tu-alma\\\/\"]}]},{\"@type\":\"ImageObject\",\"inLanguage\":\"es\",\"@id\":\"https:\\\/\\\/letrame.com\\\/catalogo\\\/producto\\\/un-mapa-para-tu-alma\\\/#primaryimage\",\"url\":\"https:\\\/\\\/letrame.com\\\/catalogo\\\/wp-content\\\/uploads\\\/2024\\\/04\\\/webp_unmapaparatu_1466mm-compressed.jpg\",\"contentUrl\":\"https:\\\/\\\/letrame.com\\\/catalogo\\\/wp-content\\\/uploads\\\/2024\\\/04\\\/webp_unmapaparatu_1466mm-compressed.jpg\",\"width\":1772,\"height\":2480},{\"@type\":\"BreadcrumbList\",\"@id\":\"https:\\\/\\\/letrame.com\\\/catalogo\\\/producto\\\/un-mapa-para-tu-alma\\\/#breadcrumb\",\"itemListElement\":[{\"@type\":\"ListItem\",\"position\":1,\"name\":\"Portada\",\"item\":\"https:\\\/\\\/letrame.com\\\/catalogo\\\/\"},{\"@type\":\"ListItem\",\"position\":2,\"name\":\"Cat\u00e1logo\",\"item\":\"https:\\\/\\\/letrame.com\\\/catalogo\\\/\"},{\"@type\":\"ListItem\",\"position\":3,\"name\":\"Un mapa para tu alma\"}]},{\"@type\":\"WebSite\",\"@id\":\"https:\\\/\\\/letrame.com\\\/catalogo\\\/#website\",\"url\":\"https:\\\/\\\/letrame.com\\\/catalogo\\\/\",\"name\":\"Catalogo | Letrame Grupo Editorial\",\"description\":\"\",\"publisher\":{\"@id\":\"https:\\\/\\\/letrame.com\\\/catalogo\\\/#organization\"},\"potentialAction\":[{\"@type\":\"SearchAction\",\"target\":{\"@type\":\"EntryPoint\",\"urlTemplate\":\"https:\\\/\\\/letrame.com\\\/catalogo\\\/?s={search_term_string}\"},\"query-input\":{\"@type\":\"PropertyValueSpecification\",\"valueRequired\":true,\"valueName\":\"search_term_string\"}}],\"inLanguage\":\"es\"},{\"@type\":\"Organization\",\"@id\":\"https:\\\/\\\/letrame.com\\\/catalogo\\\/#organization\",\"name\":\"Catalogo | Letrame Grupo Editorial\",\"url\":\"https:\\\/\\\/letrame.com\\\/catalogo\\\/\",\"logo\":{\"@type\":\"ImageObject\",\"inLanguage\":\"es\",\"@id\":\"https:\\\/\\\/letrame.com\\\/catalogo\\\/#\\\/schema\\\/logo\\\/image\\\/\",\"url\":\"https:\\\/\\\/letrame.com\\\/catalogo\\\/wp-content\\\/uploads\\\/2024\\\/03\\\/logo2.webp\",\"contentUrl\":\"https:\\\/\\\/letrame.com\\\/catalogo\\\/wp-content\\\/uploads\\\/2024\\\/03\\\/logo2.webp\",\"width\":394,\"height\":128,\"caption\":\"Catalogo | Letrame Grupo Editorial\"},\"image\":{\"@id\":\"https:\\\/\\\/letrame.com\\\/catalogo\\\/#\\\/schema\\\/logo\\\/image\\\/\"}}]}<\/script>\n<!-- \/ Yoast SEO plugin. -->","yoast_head_json":{"title":"Un mapa para tu alma - Catalogo | Letrame Grupo Editorial","robots":{"index":"index","follow":"follow","max-snippet":"max-snippet:-1","max-image-preview":"max-image-preview:large","max-video-preview":"max-video-preview:-1"},"canonical":"https:\/\/letrame.com\/catalogo\/producto\/un-mapa-para-tu-alma\/","og_locale":"es_ES","og_type":"article","og_title":"Un mapa para tu alma - Catalogo | Letrame Grupo Editorial","og_description":"ISBN: 9788411818315 SINOPSIS Este es el cuento que nos deber\u00edan haber le\u00eddo a todos. Caminamos por la vida llenos de muchas dudas y de muy pocas certezas, \u00a1qu\u00e9 bien nos vendr\u00eda tener un mapa para aquellos momentos en los que nos sentimos perdidos!Un manual de vida que nos ense\u00f1e a gestionar nuestras emociones, a reconocer lo que es una relaci\u00f3n sana de pareja, la importancia de encontrar nuestro don, aprender a perdonar, a vencer los miedos, sobre el prop\u00f3sito m\u00e1s profundo de nuestro paso por aqu\u00edEn este libro se te entrega ese mapa que anhelabas, para que puedas hallar respuestas a las preguntas de tu alma.\u00abI M P R E S I O N A N T E, esa es la palabra que tras leer y sentir este libro se me ha quedado grabada en el Alma. Est\u00e1 hecho de locura, magia, consciencia, verdad y amor, ingredientes de los que para m\u00ed est\u00e1 confeccionada la propia Vida. Leerlo te envuelve, te engancha y te resuena en lo m\u00e1s profundo de tu Ser\u00bb.Alonso Pulido.Formador, escritor y speaker internacional.","og_url":"https:\/\/letrame.com\/catalogo\/producto\/un-mapa-para-tu-alma\/","og_site_name":"Catalogo | Letrame Grupo Editorial","og_image":[{"width":1772,"height":2480,"url":"https:\/\/letrame.com\/catalogo\/wp-content\/uploads\/2024\/04\/webp_unmapaparatu_1466mm-compressed.jpg","type":"image\/jpeg"}],"twitter_card":"summary_large_image","twitter_misc":{"Tiempo de lectura":"1 minuto"},"schema":{"@context":"https:\/\/schema.org","@graph":[{"@type":"WebPage","@id":"https:\/\/letrame.com\/catalogo\/producto\/un-mapa-para-tu-alma\/","url":"https:\/\/letrame.com\/catalogo\/producto\/un-mapa-para-tu-alma\/","name":"Un mapa para tu alma - Catalogo | Letrame Grupo Editorial","isPartOf":{"@id":"https:\/\/letrame.com\/catalogo\/#website"},"primaryImageOfPage":{"@id":"https:\/\/letrame.com\/catalogo\/producto\/un-mapa-para-tu-alma\/#primaryimage"},"image":{"@id":"https:\/\/letrame.com\/catalogo\/producto\/un-mapa-para-tu-alma\/#primaryimage"},"thumbnailUrl":"https:\/\/letrame.com\/catalogo\/wp-content\/uploads\/2024\/04\/webp_unmapaparatu_1466mm-compressed.jpg","datePublished":"2024-04-29T14:59:33+00:00","breadcrumb":{"@id":"https:\/\/letrame.com\/catalogo\/producto\/un-mapa-para-tu-alma\/#breadcrumb"},"inLanguage":"es","potentialAction":[{"@type":"ReadAction","target":["https:\/\/letrame.com\/catalogo\/producto\/un-mapa-para-tu-alma\/"]}]},{"@type":"ImageObject","inLanguage":"es","@id":"https:\/\/letrame.com\/catalogo\/producto\/un-mapa-para-tu-alma\/#primaryimage","url":"https:\/\/letrame.com\/catalogo\/wp-content\/uploads\/2024\/04\/webp_unmapaparatu_1466mm-compressed.jpg","contentUrl":"https:\/\/letrame.com\/catalogo\/wp-content\/uploads\/2024\/04\/webp_unmapaparatu_1466mm-compressed.jpg","width":1772,"height":2480},{"@type":"BreadcrumbList","@id":"https:\/\/letrame.com\/catalogo\/producto\/un-mapa-para-tu-alma\/#breadcrumb","itemListElement":[{"@type":"ListItem","position":1,"name":"Portada","item":"https:\/\/letrame.com\/catalogo\/"},{"@type":"ListItem","position":2,"name":"Cat\u00e1logo","item":"https:\/\/letrame.com\/catalogo\/"},{"@type":"ListItem","position":3,"name":"Un mapa para tu alma"}]},{"@type":"WebSite","@id":"https:\/\/letrame.com\/catalogo\/#website","url":"https:\/\/letrame.com\/catalogo\/","name":"Catalogo | Letrame Grupo Editorial","description":"","publisher":{"@id":"https:\/\/letrame.com\/catalogo\/#organization"},"potentialAction":[{"@type":"SearchAction","target":{"@type":"EntryPoint","urlTemplate":"https:\/\/letrame.com\/catalogo\/?s={search_term_string}"},"query-input":{"@type":"PropertyValueSpecification","valueRequired":true,"valueName":"search_term_string"}}],"inLanguage":"es"},{"@type":"Organization","@id":"https:\/\/letrame.com\/catalogo\/#organization","name":"Catalogo | Letrame Grupo Editorial","url":"https:\/\/letrame.com\/catalogo\/","logo":{"@type":"ImageObject","inLanguage":"es","@id":"https:\/\/letrame.com\/catalogo\/#\/schema\/logo\/image\/","url":"https:\/\/letrame.com\/catalogo\/wp-content\/uploads\/2024\/03\/logo2.webp","contentUrl":"https:\/\/letrame.com\/catalogo\/wp-content\/uploads\/2024\/03\/logo2.webp","width":394,"height":128,"caption":"Catalogo | Letrame Grupo Editorial"},"image":{"@id":"https:\/\/letrame.com\/catalogo\/#\/schema\/logo\/image\/"}}]}},"_links":{"self":[{"href":"https:\/\/letrame.com\/catalogo\/wp-json\/wp\/v2\/product\/99733","targetHints":{"allow":["GET"]}}],"collection":[{"href":"https:\/\/letrame.com\/catalogo\/wp-json\/wp\/v2\/product"}],"about":[{"href":"https:\/\/letrame.com\/catalogo\/wp-json\/wp\/v2\/types\/product"}],"replies":[{"embeddable":true,"href":"https:\/\/letrame.com\/catalogo\/wp-json\/wp\/v2\/comments?post=99733"}],"acf:post":[{"embeddable":true,"href":"https:\/\/letrame.com\/catalogo\/wp-json\/wp\/v2\/author_book\/73937"}],"wp:featuredmedia":[{"embeddable":true,"href":"https:\/\/letrame.com\/catalogo\/wp-json\/wp\/v2\/media\/99734"}],"wp:attachment":[{"href":"https:\/\/letrame.com\/catalogo\/wp-json\/wp\/v2\/media?parent=99733"}],"wp:term":[{"taxonomy":"libro","embeddable":true,"href":"https:\/\/letrame.com\/catalogo\/wp-json\/wp\/v2\/libro?post=99733"},{"taxonomy":"product_brand","embeddable":true,"href":"https:\/\/letrame.com\/catalogo\/wp-json\/wp\/v2\/product_brand?post=99733"},{"taxonomy":"product_cat","embeddable":true,"href":"https:\/\/letrame.com\/catalogo\/wp-json\/wp\/v2\/product_cat?post=99733"},{"taxonomy":"product_tag","embeddable":true,"href":"https:\/\/letrame.com\/catalogo\/wp-json\/wp\/v2\/product_tag?post=99733"}],"curies":[{"name":"wp","href":"https:\/\/api.w.org\/{rel}","templated":true}]}}