{"id":99731,"date":"2024-04-29T16:58:50","date_gmt":"2024-04-29T14:58:50","guid":{"rendered":"https:\/\/letrame.com\/catalogo\/producto\/luces-camara-amor\/"},"modified":"2024-04-29T16:59:20","modified_gmt":"2024-04-29T14:59:20","slug":"luces-camara-amor","status":"publish","type":"product","link":"https:\/\/letrame.com\/catalogo\/producto\/luces-camara-amor\/","title":{"rendered":"Luces, c\u00e1mara&#8230;\u00a1amor!"},"content":{"rendered":"<p class=\"p1\">ISBN: 9788411818919<\/p>\n<p class=\"p1\">T\u00edtulo: Luces, c\u00e1mara&#8230;\u00a1amor!<br \/>\nFecha: 2024<br \/>\nP\u00e1ginas: 196<\/p>\n<p class=\"p1\">SINOPSIS<\/p>\n<p>\u00bfQu\u00e9 hubiera ocurrido con Rose y Jack si se hubiera subido a la tabla? \u00bfHabr\u00edan sido felices para siempre? Johnny no quer\u00eda que nadie arrinconase a Baby pero con el paso de los a\u00f1os \u00bflo hizo \u00e9l un poquito? Y Sandy y Danny, que acabaron el instituto y se marcharon volando en un descapotable rojo \u00bfc\u00f3mo aterrizaron en la vida adulta?Los hijos e hijas de la generaci\u00f3n X crecimos con las pel\u00edculas de Meg Ryan, John Cusack o Julia Roberts y con ellas conformamos, consciente o inconscientemente, nuestra idea del amor y las relaciones. De esas pel\u00edculas, no necesariamente comedias rom\u00e1nticas, extrajimos muchos de los mitos del amor que llevamos a nuestras relaciones. Lo que la mayor\u00eda de esas pel\u00edculas no nos ense\u00f1an es c\u00f3mo es el enamoramiento cuando este se transforma en amor y se somete a las pruebas del paso del tiempo, los problemas, la rutina, la aparici\u00f3n de otras personas\u00bfY si el cine en lugar de ense\u00f1arnos b\u00e1sicamente c\u00f3mo dos personas se enamoran, nos mostrara qu\u00e9 ocurre despu\u00e9s? Podemos enamorarnos con naturalidad, de manera espont\u00e1nea, casi sin saber por qu\u00e9, pero no podemos sostener una relaci\u00f3n duradera sin ser conscientes y esforzarnos.Este libro, parte no ficci\u00f3n y parte ficci\u00f3n, abre una ventana a las historias de las pel\u00edculas con las que crecimos: las analiza, muestra qu\u00e9 ocurri\u00f3 a\u00f1os despu\u00e9s de que acabaran y propone qu\u00e9 habr\u00edan podido trabajar para seguir juntos. Tiene dos partes: en una se habla de las estafas, de las pelis que nos vendieron, y nosotros compramos, un ideal de amor y pareja que no es asumible ni realista. Y en la otra se habla de las pelis que nos vendieron amores y desamores sanos y reales, con sus luces y sus sombras.<\/p>\n","protected":false},"excerpt":{"rendered":"<p class=\"p1\">ISBN: 9788411818919<\/p>\n<p class=\"p1\">SINOPSIS<\/p>\n<p>\u00bfQu\u00e9 hubiera ocurrido con Rose y Jack si se hubiera subido a la tabla? \u00bfHabr\u00edan sido felices para siempre? Johnny no quer\u00eda que nadie arrinconase a Baby pero con el paso de los a\u00f1os \u00bflo hizo \u00e9l un poquito? Y Sandy y Danny, que acabaron el instituto y se marcharon volando en un descapotable rojo \u00bfc\u00f3mo aterrizaron en la vida adulta?Los hijos e hijas de la generaci\u00f3n X crecimos con las pel\u00edculas de Meg Ryan, John Cusack o Julia Roberts y con ellas conformamos, consciente o inconscientemente, nuestra idea del amor y las relaciones. De esas pel\u00edculas, no necesariamente comedias rom\u00e1nticas, extrajimos muchos de los mitos del amor que llevamos a nuestras relaciones. Lo que la mayor\u00eda de esas pel\u00edculas no nos ense\u00f1an es c\u00f3mo es el enamoramiento cuando este se transforma en amor y se somete a las pruebas del paso del tiempo, los problemas, la rutina, la aparici\u00f3n de otras personas\u00bfY si el cine en lugar de ense\u00f1arnos b\u00e1sicamente c\u00f3mo dos personas se enamoran, nos mostrara qu\u00e9 ocurre despu\u00e9s? Podemos enamorarnos con naturalidad, de manera espont\u00e1nea, casi sin saber por qu\u00e9, pero no podemos sostener una relaci\u00f3n duradera sin ser conscientes y esforzarnos.Este libro, parte no ficci\u00f3n y parte ficci\u00f3n, abre una ventana a las historias de las pel\u00edculas con las que crecimos: las analiza, muestra qu\u00e9 ocurri\u00f3 a\u00f1os despu\u00e9s de que acabaran y propone qu\u00e9 habr\u00edan podido trabajar para seguir juntos. Tiene dos partes: en una se habla de las estafas, de las pelis que nos vendieron, y nosotros compramos, un ideal de amor y pareja que no es asumible ni realista. Y en la otra se habla de las pelis que nos vendieron amores y desamores sanos y reales, con sus luces y sus sombras.<\/p>\n","protected":false},"featured_media":99732,"comment_status":"closed","ping_status":"open","template":"","meta":{"_acf_changed":false},"libro":[],"product_brand":[],"product_cat":[50],"product_tag":[],"class_list":{"0":"post-99731","1":"product","2":"type-product","3":"status-publish","4":"has-post-thumbnail","6":"product_cat-novela-romantica","8":"first","9":"instock","10":"product-type-simple"},"acf":{"autor":[74420],"enlace_de_compra":"https:\/\/susanaivorra.es\/product\/libro-luces-camara-amor\/"},"yoast_head":"<!-- This site is optimized with the Yoast SEO plugin v26.6 - https:\/\/yoast.com\/wordpress\/plugins\/seo\/ -->\n<title>Luces, c\u00e1mara...\u00a1amor! - Catalogo | Letrame Grupo Editorial<\/title>\n<meta name=\"robots\" content=\"index, follow, max-snippet:-1, max-image-preview:large, max-video-preview:-1\" \/>\n<link rel=\"canonical\" href=\"https:\/\/letrame.com\/catalogo\/producto\/luces-camara-amor\/\" \/>\n<meta property=\"og:locale\" content=\"es_ES\" \/>\n<meta property=\"og:type\" content=\"article\" \/>\n<meta property=\"og:title\" content=\"Luces, c\u00e1mara...\u00a1amor! - Catalogo | Letrame Grupo Editorial\" \/>\n<meta property=\"og:description\" content=\"ISBN: 9788411818919 SINOPSIS \u00bfQu\u00e9 hubiera ocurrido con Rose y Jack si se hubiera subido a la tabla? \u00bfHabr\u00edan sido felices para siempre? Johnny no quer\u00eda que nadie arrinconase a Baby pero con el paso de los a\u00f1os \u00bflo hizo \u00e9l un poquito? Y Sandy y Danny, que acabaron el instituto y se marcharon volando en un descapotable rojo \u00bfc\u00f3mo aterrizaron en la vida adulta?Los hijos e hijas de la generaci\u00f3n X crecimos con las pel\u00edculas de Meg Ryan, John Cusack o Julia Roberts y con ellas conformamos, consciente o inconscientemente, nuestra idea del amor y las relaciones. De esas pel\u00edculas, no necesariamente comedias rom\u00e1nticas, extrajimos muchos de los mitos del amor que llevamos a nuestras relaciones. Lo que la mayor\u00eda de esas pel\u00edculas no nos ense\u00f1an es c\u00f3mo es el enamoramiento cuando este se transforma en amor y se somete a las pruebas del paso del tiempo, los problemas, la rutina, la aparici\u00f3n de otras personas\u00bfY si el cine en lugar de ense\u00f1arnos b\u00e1sicamente c\u00f3mo dos personas se enamoran, nos mostrara qu\u00e9 ocurre despu\u00e9s? Podemos enamorarnos con naturalidad, de manera espont\u00e1nea, casi sin saber por qu\u00e9, pero no podemos sostener una relaci\u00f3n duradera sin ser conscientes y esforzarnos.Este libro, parte no ficci\u00f3n y parte ficci\u00f3n, abre una ventana a las historias de las pel\u00edculas con las que crecimos: las analiza, muestra qu\u00e9 ocurri\u00f3 a\u00f1os despu\u00e9s de que acabaran y propone qu\u00e9 habr\u00edan podido trabajar para seguir juntos. Tiene dos partes: en una se habla de las estafas, de las pelis que nos vendieron, y nosotros compramos, un ideal de amor y pareja que no es asumible ni realista. Y en la otra se habla de las pelis que nos vendieron amores y desamores sanos y reales, con sus luces y sus sombras.\" \/>\n<meta property=\"og:url\" content=\"https:\/\/letrame.com\/catalogo\/producto\/luces-camara-amor\/\" \/>\n<meta property=\"og:site_name\" content=\"Catalogo | Letrame Grupo Editorial\" \/>\n<meta property=\"article:modified_time\" content=\"2024-04-29T14:59:20+00:00\" \/>\n<meta property=\"og:image\" content=\"https:\/\/letrame.com\/catalogo\/wp-content\/uploads\/2024\/04\/webp_lucescamara_1011mm-compressed-scaled-1.jpg\" \/>\n\t<meta property=\"og:image:width\" content=\"1746\" \/>\n\t<meta property=\"og:image:height\" content=\"2560\" \/>\n\t<meta property=\"og:image:type\" content=\"image\/jpeg\" \/>\n<meta name=\"twitter:card\" content=\"summary_large_image\" \/>\n<meta name=\"twitter:label1\" content=\"Tiempo de lectura\" \/>\n\t<meta name=\"twitter:data1\" content=\"2 minutos\" \/>\n<script type=\"application\/ld+json\" class=\"yoast-schema-graph\">{\"@context\":\"https:\/\/schema.org\",\"@graph\":[{\"@type\":\"WebPage\",\"@id\":\"https:\/\/letrame.com\/catalogo\/producto\/luces-camara-amor\/\",\"url\":\"https:\/\/letrame.com\/catalogo\/producto\/luces-camara-amor\/\",\"name\":\"Luces, c\u00e1mara...\u00a1amor! - Catalogo | Letrame Grupo Editorial\",\"isPartOf\":{\"@id\":\"https:\/\/letrame.com\/catalogo\/#website\"},\"primaryImageOfPage\":{\"@id\":\"https:\/\/letrame.com\/catalogo\/producto\/luces-camara-amor\/#primaryimage\"},\"image\":{\"@id\":\"https:\/\/letrame.com\/catalogo\/producto\/luces-camara-amor\/#primaryimage\"},\"thumbnailUrl\":\"https:\/\/letrame.com\/catalogo\/wp-content\/uploads\/2024\/04\/webp_lucescamara_1011mm-compressed-scaled-1.jpg\",\"datePublished\":\"2024-04-29T14:58:50+00:00\",\"dateModified\":\"2024-04-29T14:59:20+00:00\",\"breadcrumb\":{\"@id\":\"https:\/\/letrame.com\/catalogo\/producto\/luces-camara-amor\/#breadcrumb\"},\"inLanguage\":\"es\",\"potentialAction\":[{\"@type\":\"ReadAction\",\"target\":[\"https:\/\/letrame.com\/catalogo\/producto\/luces-camara-amor\/\"]}]},{\"@type\":\"ImageObject\",\"inLanguage\":\"es\",\"@id\":\"https:\/\/letrame.com\/catalogo\/producto\/luces-camara-amor\/#primaryimage\",\"url\":\"https:\/\/letrame.com\/catalogo\/wp-content\/uploads\/2024\/04\/webp_lucescamara_1011mm-compressed-scaled-1.jpg\",\"contentUrl\":\"https:\/\/letrame.com\/catalogo\/wp-content\/uploads\/2024\/04\/webp_lucescamara_1011mm-compressed-scaled-1.jpg\",\"width\":1746,\"height\":2560},{\"@type\":\"BreadcrumbList\",\"@id\":\"https:\/\/letrame.com\/catalogo\/producto\/luces-camara-amor\/#breadcrumb\",\"itemListElement\":[{\"@type\":\"ListItem\",\"position\":1,\"name\":\"Portada\",\"item\":\"https:\/\/letrame.com\/catalogo\/\"},{\"@type\":\"ListItem\",\"position\":2,\"name\":\"Cat\u00e1logo\",\"item\":\"https:\/\/letrame.com\/catalogo\/\"},{\"@type\":\"ListItem\",\"position\":3,\"name\":\"Luces, c\u00e1mara&#8230;\u00a1amor!\"}]},{\"@type\":\"WebSite\",\"@id\":\"https:\/\/letrame.com\/catalogo\/#website\",\"url\":\"https:\/\/letrame.com\/catalogo\/\",\"name\":\"Catalogo | Letrame Grupo Editorial\",\"description\":\"\",\"publisher\":{\"@id\":\"https:\/\/letrame.com\/catalogo\/#organization\"},\"potentialAction\":[{\"@type\":\"SearchAction\",\"target\":{\"@type\":\"EntryPoint\",\"urlTemplate\":\"https:\/\/letrame.com\/catalogo\/?s={search_term_string}\"},\"query-input\":{\"@type\":\"PropertyValueSpecification\",\"valueRequired\":true,\"valueName\":\"search_term_string\"}}],\"inLanguage\":\"es\"},{\"@type\":\"Organization\",\"@id\":\"https:\/\/letrame.com\/catalogo\/#organization\",\"name\":\"Catalogo | Letrame Grupo Editorial\",\"url\":\"https:\/\/letrame.com\/catalogo\/\",\"logo\":{\"@type\":\"ImageObject\",\"inLanguage\":\"es\",\"@id\":\"https:\/\/letrame.com\/catalogo\/#\/schema\/logo\/image\/\",\"url\":\"https:\/\/letrame.com\/catalogo\/wp-content\/uploads\/2024\/03\/logo2.webp\",\"contentUrl\":\"https:\/\/letrame.com\/catalogo\/wp-content\/uploads\/2024\/03\/logo2.webp\",\"width\":394,\"height\":128,\"caption\":\"Catalogo | Letrame Grupo Editorial\"},\"image\":{\"@id\":\"https:\/\/letrame.com\/catalogo\/#\/schema\/logo\/image\/\"}}]}<\/script>\n<!-- \/ Yoast SEO plugin. -->","yoast_head_json":{"title":"Luces, c\u00e1mara...\u00a1amor! - Catalogo | Letrame Grupo Editorial","robots":{"index":"index","follow":"follow","max-snippet":"max-snippet:-1","max-image-preview":"max-image-preview:large","max-video-preview":"max-video-preview:-1"},"canonical":"https:\/\/letrame.com\/catalogo\/producto\/luces-camara-amor\/","og_locale":"es_ES","og_type":"article","og_title":"Luces, c\u00e1mara...\u00a1amor! - Catalogo | Letrame Grupo Editorial","og_description":"ISBN: 9788411818919 SINOPSIS \u00bfQu\u00e9 hubiera ocurrido con Rose y Jack si se hubiera subido a la tabla? \u00bfHabr\u00edan sido felices para siempre? Johnny no quer\u00eda que nadie arrinconase a Baby pero con el paso de los a\u00f1os \u00bflo hizo \u00e9l un poquito? Y Sandy y Danny, que acabaron el instituto y se marcharon volando en un descapotable rojo \u00bfc\u00f3mo aterrizaron en la vida adulta?Los hijos e hijas de la generaci\u00f3n X crecimos con las pel\u00edculas de Meg Ryan, John Cusack o Julia Roberts y con ellas conformamos, consciente o inconscientemente, nuestra idea del amor y las relaciones. De esas pel\u00edculas, no necesariamente comedias rom\u00e1nticas, extrajimos muchos de los mitos del amor que llevamos a nuestras relaciones. Lo que la mayor\u00eda de esas pel\u00edculas no nos ense\u00f1an es c\u00f3mo es el enamoramiento cuando este se transforma en amor y se somete a las pruebas del paso del tiempo, los problemas, la rutina, la aparici\u00f3n de otras personas\u00bfY si el cine en lugar de ense\u00f1arnos b\u00e1sicamente c\u00f3mo dos personas se enamoran, nos mostrara qu\u00e9 ocurre despu\u00e9s? Podemos enamorarnos con naturalidad, de manera espont\u00e1nea, casi sin saber por qu\u00e9, pero no podemos sostener una relaci\u00f3n duradera sin ser conscientes y esforzarnos.Este libro, parte no ficci\u00f3n y parte ficci\u00f3n, abre una ventana a las historias de las pel\u00edculas con las que crecimos: las analiza, muestra qu\u00e9 ocurri\u00f3 a\u00f1os despu\u00e9s de que acabaran y propone qu\u00e9 habr\u00edan podido trabajar para seguir juntos. Tiene dos partes: en una se habla de las estafas, de las pelis que nos vendieron, y nosotros compramos, un ideal de amor y pareja que no es asumible ni realista. Y en la otra se habla de las pelis que nos vendieron amores y desamores sanos y reales, con sus luces y sus sombras.","og_url":"https:\/\/letrame.com\/catalogo\/producto\/luces-camara-amor\/","og_site_name":"Catalogo | Letrame Grupo Editorial","article_modified_time":"2024-04-29T14:59:20+00:00","og_image":[{"width":1746,"height":2560,"url":"https:\/\/letrame.com\/catalogo\/wp-content\/uploads\/2024\/04\/webp_lucescamara_1011mm-compressed-scaled-1.jpg","type":"image\/jpeg"}],"twitter_card":"summary_large_image","twitter_misc":{"Tiempo de lectura":"2 minutos"},"schema":{"@context":"https:\/\/schema.org","@graph":[{"@type":"WebPage","@id":"https:\/\/letrame.com\/catalogo\/producto\/luces-camara-amor\/","url":"https:\/\/letrame.com\/catalogo\/producto\/luces-camara-amor\/","name":"Luces, c\u00e1mara...\u00a1amor! - Catalogo | Letrame Grupo Editorial","isPartOf":{"@id":"https:\/\/letrame.com\/catalogo\/#website"},"primaryImageOfPage":{"@id":"https:\/\/letrame.com\/catalogo\/producto\/luces-camara-amor\/#primaryimage"},"image":{"@id":"https:\/\/letrame.com\/catalogo\/producto\/luces-camara-amor\/#primaryimage"},"thumbnailUrl":"https:\/\/letrame.com\/catalogo\/wp-content\/uploads\/2024\/04\/webp_lucescamara_1011mm-compressed-scaled-1.jpg","datePublished":"2024-04-29T14:58:50+00:00","dateModified":"2024-04-29T14:59:20+00:00","breadcrumb":{"@id":"https:\/\/letrame.com\/catalogo\/producto\/luces-camara-amor\/#breadcrumb"},"inLanguage":"es","potentialAction":[{"@type":"ReadAction","target":["https:\/\/letrame.com\/catalogo\/producto\/luces-camara-amor\/"]}]},{"@type":"ImageObject","inLanguage":"es","@id":"https:\/\/letrame.com\/catalogo\/producto\/luces-camara-amor\/#primaryimage","url":"https:\/\/letrame.com\/catalogo\/wp-content\/uploads\/2024\/04\/webp_lucescamara_1011mm-compressed-scaled-1.jpg","contentUrl":"https:\/\/letrame.com\/catalogo\/wp-content\/uploads\/2024\/04\/webp_lucescamara_1011mm-compressed-scaled-1.jpg","width":1746,"height":2560},{"@type":"BreadcrumbList","@id":"https:\/\/letrame.com\/catalogo\/producto\/luces-camara-amor\/#breadcrumb","itemListElement":[{"@type":"ListItem","position":1,"name":"Portada","item":"https:\/\/letrame.com\/catalogo\/"},{"@type":"ListItem","position":2,"name":"Cat\u00e1logo","item":"https:\/\/letrame.com\/catalogo\/"},{"@type":"ListItem","position":3,"name":"Luces, c\u00e1mara&#8230;\u00a1amor!"}]},{"@type":"WebSite","@id":"https:\/\/letrame.com\/catalogo\/#website","url":"https:\/\/letrame.com\/catalogo\/","name":"Catalogo | Letrame Grupo Editorial","description":"","publisher":{"@id":"https:\/\/letrame.com\/catalogo\/#organization"},"potentialAction":[{"@type":"SearchAction","target":{"@type":"EntryPoint","urlTemplate":"https:\/\/letrame.com\/catalogo\/?s={search_term_string}"},"query-input":{"@type":"PropertyValueSpecification","valueRequired":true,"valueName":"search_term_string"}}],"inLanguage":"es"},{"@type":"Organization","@id":"https:\/\/letrame.com\/catalogo\/#organization","name":"Catalogo | Letrame Grupo Editorial","url":"https:\/\/letrame.com\/catalogo\/","logo":{"@type":"ImageObject","inLanguage":"es","@id":"https:\/\/letrame.com\/catalogo\/#\/schema\/logo\/image\/","url":"https:\/\/letrame.com\/catalogo\/wp-content\/uploads\/2024\/03\/logo2.webp","contentUrl":"https:\/\/letrame.com\/catalogo\/wp-content\/uploads\/2024\/03\/logo2.webp","width":394,"height":128,"caption":"Catalogo | Letrame Grupo Editorial"},"image":{"@id":"https:\/\/letrame.com\/catalogo\/#\/schema\/logo\/image\/"}}]}},"_links":{"self":[{"href":"https:\/\/letrame.com\/catalogo\/wp-json\/wp\/v2\/product\/99731","targetHints":{"allow":["GET"]}}],"collection":[{"href":"https:\/\/letrame.com\/catalogo\/wp-json\/wp\/v2\/product"}],"about":[{"href":"https:\/\/letrame.com\/catalogo\/wp-json\/wp\/v2\/types\/product"}],"replies":[{"embeddable":true,"href":"https:\/\/letrame.com\/catalogo\/wp-json\/wp\/v2\/comments?post=99731"}],"acf:post":[{"embeddable":true,"href":"https:\/\/letrame.com\/catalogo\/wp-json\/wp\/v2\/author_book\/74420"}],"wp:featuredmedia":[{"embeddable":true,"href":"https:\/\/letrame.com\/catalogo\/wp-json\/wp\/v2\/media\/99732"}],"wp:attachment":[{"href":"https:\/\/letrame.com\/catalogo\/wp-json\/wp\/v2\/media?parent=99731"}],"wp:term":[{"taxonomy":"libro","embeddable":true,"href":"https:\/\/letrame.com\/catalogo\/wp-json\/wp\/v2\/libro?post=99731"},{"taxonomy":"product_brand","embeddable":true,"href":"https:\/\/letrame.com\/catalogo\/wp-json\/wp\/v2\/product_brand?post=99731"},{"taxonomy":"product_cat","embeddable":true,"href":"https:\/\/letrame.com\/catalogo\/wp-json\/wp\/v2\/product_cat?post=99731"},{"taxonomy":"product_tag","embeddable":true,"href":"https:\/\/letrame.com\/catalogo\/wp-json\/wp\/v2\/product_tag?post=99731"}],"curies":[{"name":"wp","href":"https:\/\/api.w.org\/{rel}","templated":true}]}}