{"id":99728,"date":"2024-04-29T16:58:50","date_gmt":"2024-04-29T14:58:50","guid":{"rendered":"https:\/\/letrame.com\/catalogo\/producto\/el-reino-de-ceniza\/"},"modified":"2024-06-04T16:00:08","modified_gmt":"2024-06-04T14:00:08","slug":"el-reino-de-ceniza","status":"publish","type":"product","link":"https:\/\/letrame.com\/catalogo\/producto\/el-reino-de-ceniza\/","title":{"rendered":"El reino de ceniza"},"content":{"rendered":"<p class=\"p1\">ISBN: 9788411817134<\/p>\n<p class=\"p1\">T\u00edtulo:EL REINO DE CENIZA<br \/>\nFecha: 2023<\/p>\n<p class=\"p1\">P\u00e1ginas: 498<\/p>\n<p class=\"p1\">SINOPSIS<\/p>\n<p>Sobre la imperante paz de Ethelor, vientos funestosdescienden sobre cada rinc\u00f3n del reino. Alanys, la \u00faltima descendiente viva de los viejos reyes, gobierna con justicia y mesura, siendo querida por todos.Sin embargo, esa \u00e9poca de bienestar y prosperidad amenaza con romperse, Alanys lo presiente. Algo oscuro se acerca al reino a la que vez que crece en su interior, al amparo de las auroras que aparecen en los cielos nocturnos del norte, donde acechan antiguos terrores.Alanys se ver\u00e1 arrastrada a un viaje donde combatir\u00e1 contra s\u00ed misma y sus enemigos, en el que deber\u00e1 decidir si actuar como lo que es la reina, o dejarse llevar por sus impulsos m\u00e1s primarios. Cada decisi\u00f3n que tome conllevar\u00e1 una sangrienta consecuencia. La pregunta para Alanys es \u00bfcu\u00e1nta sangre est\u00e1 dispuesta a derramar?<\/p>\n","protected":false},"excerpt":{"rendered":"<p class=\"p1\">ISBN: 9788411817134<\/p>\n<p class=\"p1\">SINOPSIS<\/p>\n<p>Sobre la imperante paz de Ethelor, vientos funestosdescienden sobre cada rinc\u00f3n del reino. Alanys, la \u00faltima descendiente viva de los viejos reyes, gobierna con justicia y mesura, siendo querida por todos.Sin embargo, esa \u00e9poca de bienestar y prosperidad amenaza con romperse, Alanys lo presiente. Algo oscuro se acerca al reino a la que vez que crece en su interior, al amparo de las auroras que aparecen en los cielos nocturnos del norte, donde acechan antiguos terrores.Alanys se ver\u00e1 arrastrada a un viaje donde combatir\u00e1 contra s\u00ed misma y sus enemigos, en el que deber\u00e1 decidir si actuar como lo que es la reina, o dejarse llevar por sus impulsos m\u00e1s primarios. Cada decisi\u00f3n que tome conllevar\u00e1 una sangrienta consecuencia. La pregunta para Alanys es \u00bfcu\u00e1nta sangre est\u00e1 dispuesta a derramar?<\/p>\n","protected":false},"featured_media":99729,"comment_status":"closed","ping_status":"closed","template":"","meta":{"_acf_changed":false},"libro":[],"product_brand":[],"product_cat":[16,26],"product_tag":[],"class_list":{"0":"post-99728","1":"product","2":"type-product","3":"status-publish","4":"has-post-thumbnail","6":"product_cat-novela","7":"product_cat-sin-categoria","9":"first","10":"instock","11":"product-type-simple"},"acf":{"autor":[77992],"enlace_de_compra":"https:\/\/www.casadellibro.com\/libro-el-reino-de-ceniza\/9788411817134\/15880751"},"yoast_head":"<!-- This site is optimized with the Yoast SEO plugin v27.4 - https:\/\/yoast.com\/product\/yoast-seo-wordpress\/ -->\n<title>El reino de ceniza - Catalogo | Letrame Grupo Editorial<\/title>\n<meta name=\"robots\" content=\"index, follow, max-snippet:-1, max-image-preview:large, max-video-preview:-1\" \/>\n<link rel=\"canonical\" href=\"https:\/\/letrame.com\/catalogo\/producto\/el-reino-de-ceniza\/\" \/>\n<meta property=\"og:locale\" content=\"es_ES\" \/>\n<meta property=\"og:type\" content=\"article\" \/>\n<meta property=\"og:title\" content=\"El reino de ceniza - Catalogo | Letrame Grupo Editorial\" \/>\n<meta property=\"og:description\" content=\"ISBN: 9788411817134 SINOPSIS Sobre la imperante paz de Ethelor, vientos funestosdescienden sobre cada rinc\u00f3n del reino. Alanys, la \u00faltima descendiente viva de los viejos reyes, gobierna con justicia y mesura, siendo querida por todos.Sin embargo, esa \u00e9poca de bienestar y prosperidad amenaza con romperse, Alanys lo presiente. Algo oscuro se acerca al reino a la que vez que crece en su interior, al amparo de las auroras que aparecen en los cielos nocturnos del norte, donde acechan antiguos terrores.Alanys se ver\u00e1 arrastrada a un viaje donde combatir\u00e1 contra s\u00ed misma y sus enemigos, en el que deber\u00e1 decidir si actuar como lo que es la reina, o dejarse llevar por sus impulsos m\u00e1s primarios. Cada decisi\u00f3n que tome conllevar\u00e1 una sangrienta consecuencia. La pregunta para Alanys es \u00bfcu\u00e1nta sangre est\u00e1 dispuesta a derramar?\" \/>\n<meta property=\"og:url\" content=\"https:\/\/letrame.com\/catalogo\/producto\/el-reino-de-ceniza\/\" \/>\n<meta property=\"og:site_name\" content=\"Catalogo | Letrame Grupo Editorial\" \/>\n<meta property=\"article:modified_time\" content=\"2024-06-04T14:00:08+00:00\" \/>\n<meta property=\"og:image\" content=\"https:\/\/letrame.com\/catalogo\/wp-content\/uploads\/2024\/04\/web_elreino_24mm-compressed-scaled-1.jpg\" \/>\n\t<meta property=\"og:image:width\" content=\"1813\" \/>\n\t<meta property=\"og:image:height\" content=\"2560\" \/>\n\t<meta property=\"og:image:type\" content=\"image\/jpeg\" \/>\n<meta name=\"twitter:card\" content=\"summary_large_image\" \/>\n<meta name=\"twitter:label1\" content=\"Tiempo de lectura\" \/>\n\t<meta name=\"twitter:data1\" content=\"1 minuto\" \/>\n<script type=\"application\/ld+json\" class=\"yoast-schema-graph\">{\"@context\":\"https:\\\/\\\/schema.org\",\"@graph\":[{\"@type\":\"WebPage\",\"@id\":\"https:\\\/\\\/letrame.com\\\/catalogo\\\/producto\\\/el-reino-de-ceniza\\\/\",\"url\":\"https:\\\/\\\/letrame.com\\\/catalogo\\\/producto\\\/el-reino-de-ceniza\\\/\",\"name\":\"El reino de ceniza - Catalogo | Letrame Grupo Editorial\",\"isPartOf\":{\"@id\":\"https:\\\/\\\/letrame.com\\\/catalogo\\\/#website\"},\"primaryImageOfPage\":{\"@id\":\"https:\\\/\\\/letrame.com\\\/catalogo\\\/producto\\\/el-reino-de-ceniza\\\/#primaryimage\"},\"image\":{\"@id\":\"https:\\\/\\\/letrame.com\\\/catalogo\\\/producto\\\/el-reino-de-ceniza\\\/#primaryimage\"},\"thumbnailUrl\":\"https:\\\/\\\/letrame.com\\\/catalogo\\\/wp-content\\\/uploads\\\/2024\\\/04\\\/web_elreino_24mm-compressed-scaled-1.jpg\",\"datePublished\":\"2024-04-29T14:58:50+00:00\",\"dateModified\":\"2024-06-04T14:00:08+00:00\",\"breadcrumb\":{\"@id\":\"https:\\\/\\\/letrame.com\\\/catalogo\\\/producto\\\/el-reino-de-ceniza\\\/#breadcrumb\"},\"inLanguage\":\"es\",\"potentialAction\":[{\"@type\":\"ReadAction\",\"target\":[\"https:\\\/\\\/letrame.com\\\/catalogo\\\/producto\\\/el-reino-de-ceniza\\\/\"]}]},{\"@type\":\"ImageObject\",\"inLanguage\":\"es\",\"@id\":\"https:\\\/\\\/letrame.com\\\/catalogo\\\/producto\\\/el-reino-de-ceniza\\\/#primaryimage\",\"url\":\"https:\\\/\\\/letrame.com\\\/catalogo\\\/wp-content\\\/uploads\\\/2024\\\/04\\\/web_elreino_24mm-compressed-scaled-1.jpg\",\"contentUrl\":\"https:\\\/\\\/letrame.com\\\/catalogo\\\/wp-content\\\/uploads\\\/2024\\\/04\\\/web_elreino_24mm-compressed-scaled-1.jpg\",\"width\":1813,\"height\":2560},{\"@type\":\"BreadcrumbList\",\"@id\":\"https:\\\/\\\/letrame.com\\\/catalogo\\\/producto\\\/el-reino-de-ceniza\\\/#breadcrumb\",\"itemListElement\":[{\"@type\":\"ListItem\",\"position\":1,\"name\":\"Portada\",\"item\":\"https:\\\/\\\/letrame.com\\\/catalogo\\\/\"},{\"@type\":\"ListItem\",\"position\":2,\"name\":\"Cat\u00e1logo\",\"item\":\"https:\\\/\\\/letrame.com\\\/catalogo\\\/\"},{\"@type\":\"ListItem\",\"position\":3,\"name\":\"El reino de ceniza\"}]},{\"@type\":\"WebSite\",\"@id\":\"https:\\\/\\\/letrame.com\\\/catalogo\\\/#website\",\"url\":\"https:\\\/\\\/letrame.com\\\/catalogo\\\/\",\"name\":\"Catalogo | Letrame Grupo Editorial\",\"description\":\"\",\"publisher\":{\"@id\":\"https:\\\/\\\/letrame.com\\\/catalogo\\\/#organization\"},\"potentialAction\":[{\"@type\":\"SearchAction\",\"target\":{\"@type\":\"EntryPoint\",\"urlTemplate\":\"https:\\\/\\\/letrame.com\\\/catalogo\\\/?s={search_term_string}\"},\"query-input\":{\"@type\":\"PropertyValueSpecification\",\"valueRequired\":true,\"valueName\":\"search_term_string\"}}],\"inLanguage\":\"es\"},{\"@type\":\"Organization\",\"@id\":\"https:\\\/\\\/letrame.com\\\/catalogo\\\/#organization\",\"name\":\"Catalogo | Letrame Grupo Editorial\",\"url\":\"https:\\\/\\\/letrame.com\\\/catalogo\\\/\",\"logo\":{\"@type\":\"ImageObject\",\"inLanguage\":\"es\",\"@id\":\"https:\\\/\\\/letrame.com\\\/catalogo\\\/#\\\/schema\\\/logo\\\/image\\\/\",\"url\":\"https:\\\/\\\/letrame.com\\\/catalogo\\\/wp-content\\\/uploads\\\/2024\\\/03\\\/logo2.webp\",\"contentUrl\":\"https:\\\/\\\/letrame.com\\\/catalogo\\\/wp-content\\\/uploads\\\/2024\\\/03\\\/logo2.webp\",\"width\":394,\"height\":128,\"caption\":\"Catalogo | Letrame Grupo Editorial\"},\"image\":{\"@id\":\"https:\\\/\\\/letrame.com\\\/catalogo\\\/#\\\/schema\\\/logo\\\/image\\\/\"}}]}<\/script>\n<!-- \/ Yoast SEO plugin. -->","yoast_head_json":{"title":"El reino de ceniza - Catalogo | Letrame Grupo Editorial","robots":{"index":"index","follow":"follow","max-snippet":"max-snippet:-1","max-image-preview":"max-image-preview:large","max-video-preview":"max-video-preview:-1"},"canonical":"https:\/\/letrame.com\/catalogo\/producto\/el-reino-de-ceniza\/","og_locale":"es_ES","og_type":"article","og_title":"El reino de ceniza - Catalogo | Letrame Grupo Editorial","og_description":"ISBN: 9788411817134 SINOPSIS Sobre la imperante paz de Ethelor, vientos funestosdescienden sobre cada rinc\u00f3n del reino. Alanys, la \u00faltima descendiente viva de los viejos reyes, gobierna con justicia y mesura, siendo querida por todos.Sin embargo, esa \u00e9poca de bienestar y prosperidad amenaza con romperse, Alanys lo presiente. Algo oscuro se acerca al reino a la que vez que crece en su interior, al amparo de las auroras que aparecen en los cielos nocturnos del norte, donde acechan antiguos terrores.Alanys se ver\u00e1 arrastrada a un viaje donde combatir\u00e1 contra s\u00ed misma y sus enemigos, en el que deber\u00e1 decidir si actuar como lo que es la reina, o dejarse llevar por sus impulsos m\u00e1s primarios. Cada decisi\u00f3n que tome conllevar\u00e1 una sangrienta consecuencia. La pregunta para Alanys es \u00bfcu\u00e1nta sangre est\u00e1 dispuesta a derramar?","og_url":"https:\/\/letrame.com\/catalogo\/producto\/el-reino-de-ceniza\/","og_site_name":"Catalogo | Letrame Grupo Editorial","article_modified_time":"2024-06-04T14:00:08+00:00","og_image":[{"width":1813,"height":2560,"url":"https:\/\/letrame.com\/catalogo\/wp-content\/uploads\/2024\/04\/web_elreino_24mm-compressed-scaled-1.jpg","type":"image\/jpeg"}],"twitter_card":"summary_large_image","twitter_misc":{"Tiempo de lectura":"1 minuto"},"schema":{"@context":"https:\/\/schema.org","@graph":[{"@type":"WebPage","@id":"https:\/\/letrame.com\/catalogo\/producto\/el-reino-de-ceniza\/","url":"https:\/\/letrame.com\/catalogo\/producto\/el-reino-de-ceniza\/","name":"El reino de ceniza - Catalogo | Letrame Grupo Editorial","isPartOf":{"@id":"https:\/\/letrame.com\/catalogo\/#website"},"primaryImageOfPage":{"@id":"https:\/\/letrame.com\/catalogo\/producto\/el-reino-de-ceniza\/#primaryimage"},"image":{"@id":"https:\/\/letrame.com\/catalogo\/producto\/el-reino-de-ceniza\/#primaryimage"},"thumbnailUrl":"https:\/\/letrame.com\/catalogo\/wp-content\/uploads\/2024\/04\/web_elreino_24mm-compressed-scaled-1.jpg","datePublished":"2024-04-29T14:58:50+00:00","dateModified":"2024-06-04T14:00:08+00:00","breadcrumb":{"@id":"https:\/\/letrame.com\/catalogo\/producto\/el-reino-de-ceniza\/#breadcrumb"},"inLanguage":"es","potentialAction":[{"@type":"ReadAction","target":["https:\/\/letrame.com\/catalogo\/producto\/el-reino-de-ceniza\/"]}]},{"@type":"ImageObject","inLanguage":"es","@id":"https:\/\/letrame.com\/catalogo\/producto\/el-reino-de-ceniza\/#primaryimage","url":"https:\/\/letrame.com\/catalogo\/wp-content\/uploads\/2024\/04\/web_elreino_24mm-compressed-scaled-1.jpg","contentUrl":"https:\/\/letrame.com\/catalogo\/wp-content\/uploads\/2024\/04\/web_elreino_24mm-compressed-scaled-1.jpg","width":1813,"height":2560},{"@type":"BreadcrumbList","@id":"https:\/\/letrame.com\/catalogo\/producto\/el-reino-de-ceniza\/#breadcrumb","itemListElement":[{"@type":"ListItem","position":1,"name":"Portada","item":"https:\/\/letrame.com\/catalogo\/"},{"@type":"ListItem","position":2,"name":"Cat\u00e1logo","item":"https:\/\/letrame.com\/catalogo\/"},{"@type":"ListItem","position":3,"name":"El reino de ceniza"}]},{"@type":"WebSite","@id":"https:\/\/letrame.com\/catalogo\/#website","url":"https:\/\/letrame.com\/catalogo\/","name":"Catalogo | Letrame Grupo Editorial","description":"","publisher":{"@id":"https:\/\/letrame.com\/catalogo\/#organization"},"potentialAction":[{"@type":"SearchAction","target":{"@type":"EntryPoint","urlTemplate":"https:\/\/letrame.com\/catalogo\/?s={search_term_string}"},"query-input":{"@type":"PropertyValueSpecification","valueRequired":true,"valueName":"search_term_string"}}],"inLanguage":"es"},{"@type":"Organization","@id":"https:\/\/letrame.com\/catalogo\/#organization","name":"Catalogo | Letrame Grupo Editorial","url":"https:\/\/letrame.com\/catalogo\/","logo":{"@type":"ImageObject","inLanguage":"es","@id":"https:\/\/letrame.com\/catalogo\/#\/schema\/logo\/image\/","url":"https:\/\/letrame.com\/catalogo\/wp-content\/uploads\/2024\/03\/logo2.webp","contentUrl":"https:\/\/letrame.com\/catalogo\/wp-content\/uploads\/2024\/03\/logo2.webp","width":394,"height":128,"caption":"Catalogo | Letrame Grupo Editorial"},"image":{"@id":"https:\/\/letrame.com\/catalogo\/#\/schema\/logo\/image\/"}}]}},"_links":{"self":[{"href":"https:\/\/letrame.com\/catalogo\/wp-json\/wp\/v2\/product\/99728","targetHints":{"allow":["GET"]}}],"collection":[{"href":"https:\/\/letrame.com\/catalogo\/wp-json\/wp\/v2\/product"}],"about":[{"href":"https:\/\/letrame.com\/catalogo\/wp-json\/wp\/v2\/types\/product"}],"replies":[{"embeddable":true,"href":"https:\/\/letrame.com\/catalogo\/wp-json\/wp\/v2\/comments?post=99728"}],"acf:post":[{"embeddable":true,"href":"https:\/\/letrame.com\/catalogo\/wp-json\/wp\/v2\/author_book\/77992"}],"wp:featuredmedia":[{"embeddable":true,"href":"https:\/\/letrame.com\/catalogo\/wp-json\/wp\/v2\/media\/99729"}],"wp:attachment":[{"href":"https:\/\/letrame.com\/catalogo\/wp-json\/wp\/v2\/media?parent=99728"}],"wp:term":[{"taxonomy":"libro","embeddable":true,"href":"https:\/\/letrame.com\/catalogo\/wp-json\/wp\/v2\/libro?post=99728"},{"taxonomy":"product_brand","embeddable":true,"href":"https:\/\/letrame.com\/catalogo\/wp-json\/wp\/v2\/product_brand?post=99728"},{"taxonomy":"product_cat","embeddable":true,"href":"https:\/\/letrame.com\/catalogo\/wp-json\/wp\/v2\/product_cat?post=99728"},{"taxonomy":"product_tag","embeddable":true,"href":"https:\/\/letrame.com\/catalogo\/wp-json\/wp\/v2\/product_tag?post=99728"}],"curies":[{"name":"wp","href":"https:\/\/api.w.org\/{rel}","templated":true}]}}