{"id":99726,"date":"2024-04-29T16:58:10","date_gmt":"2024-04-29T14:58:10","guid":{"rendered":"https:\/\/letrame.com\/catalogo\/producto\/buscando-a-mi-otro-yo\/"},"modified":"2024-04-29T16:58:37","modified_gmt":"2024-04-29T14:58:37","slug":"buscando-a-mi-otro-yo","status":"publish","type":"product","link":"https:\/\/letrame.com\/catalogo\/producto\/buscando-a-mi-otro-yo\/","title":{"rendered":"Buscando a mi otro yo"},"content":{"rendered":"<p class=\"p1\">ISBN: 9788411817288<\/p>\n<p class=\"p1\">T\u00edtulo: Buscando a mi otro y<\/p>\n<p class=\"p1\">Fecha: 2024<br \/>\nP\u00e1ginas:\u00a0 76<\/p>\n<p class=\"p1\">SINOPSIS<\/p>\n<p>Buscando a mi otro yo nos presenta una colecci\u00f3n de poemas en los que se abordan una amplia gama de temas, incluyendo la naturaleza, emociones, experiencias personales y reflexiones sobre el tiempo y la vida, una variedad tem\u00e1tica que proporciona riqueza y profundidad al conjunto de la obra, invitando al lector a continuas reflexiones.Los poemas utilizan im\u00e1genes visuales v\u00edvidas para transmitir a trav\u00e9s de met\u00e1foras sensaciones y pensamientos que ayudan a crear una experiencia visual en la mente del lector, mediante un ritmo y musicalidad que contribuye a la fluidez y el disfrute de su lectura.Tambi\u00e9n exploran emociones profundas como el miedo, la soledad, la esperanza y la nostalgia, incluyendo reflexiones sobre la vida, el tiempo y la naturaleza humana, a\u00f1adiendo un elemento filos\u00f3fico a la obra con poemas que var\u00edan en tono y atm\u00f3sfera, pasando de la melancol\u00eda y la tristeza a la esperanza y la belleza de la naturaleza, creando un gran contraste emocional.En general, el texto es una colecci\u00f3n de poemas que utilizan el lenguaje po\u00e9tico de manera efectiva para transmitir emociones, pensamientos y observaciones sobre la vida y la naturaleza. Cada poema ofrece una experiencia \u00fanica al lector y refleja una voz po\u00e9tica distintiva.<\/p>\n","protected":false},"excerpt":{"rendered":"<p class=\"p1\">ISBN: 9788411817288<\/p>\n<p class=\"p1\">SINOPSIS<\/p>\n<p>Buscando a mi otro yo nos presenta una colecci\u00f3n de poemas en los que se abordan una amplia gama de temas, incluyendo la naturaleza, emociones, experiencias personales y reflexiones sobre el tiempo y la vida, una variedad tem\u00e1tica que proporciona riqueza y profundidad al conjunto de la obra, invitando al lector a continuas reflexiones.Los poemas utilizan im\u00e1genes visuales v\u00edvidas para transmitir a trav\u00e9s de met\u00e1foras sensaciones y pensamientos que ayudan a crear una experiencia visual en la mente del lector, mediante un ritmo y musicalidad que contribuye a la fluidez y el disfrute de su lectura.Tambi\u00e9n exploran emociones profundas como el miedo, la soledad, la esperanza y la nostalgia, incluyendo reflexiones sobre la vida, el tiempo y la naturaleza humana, a\u00f1adiendo un elemento filos\u00f3fico a la obra con poemas que var\u00edan en tono y atm\u00f3sfera, pasando de lamelancol\u00eda y la tristeza a la esperanza y la belleza de la naturaleza, creando un gran contraste emocional.En general, el texto es una colecci\u00f3n de poemas que utilizan el lenguaje po\u00e9tico de manera efectiva para transmitir emociones, pensamientos y observaciones sobre la vida y la naturaleza. Cada poema ofrece una experiencia \u00fanica al lector y refleja una voz po\u00e9tica distintiva.<\/p>\n","protected":false},"featured_media":99727,"comment_status":"closed","ping_status":"open","template":"","meta":{"_acf_changed":false},"libro":[],"product_brand":[],"product_cat":[20],"product_tag":[],"class_list":{"0":"post-99726","1":"product","2":"type-product","3":"status-publish","4":"has-post-thumbnail","6":"product_cat-poesia","8":"first","9":"instock","10":"product-type-simple"},"acf":{"autor":[77990],"enlace_de_compra":"https:\/\/www.casadellibro.com\/libro-buscando-a-mi-otro-yo\/9788411817288\/15916935"},"yoast_head":"<!-- This site is optimized with the Yoast SEO plugin v27.4 - https:\/\/yoast.com\/product\/yoast-seo-wordpress\/ -->\n<title>Buscando a mi otro yo - Catalogo | Letrame Grupo Editorial<\/title>\n<meta name=\"robots\" content=\"index, follow, max-snippet:-1, max-image-preview:large, max-video-preview:-1\" \/>\n<link rel=\"canonical\" href=\"https:\/\/letrame.com\/catalogo\/producto\/buscando-a-mi-otro-yo\/\" \/>\n<meta property=\"og:locale\" content=\"es_ES\" \/>\n<meta property=\"og:type\" content=\"article\" \/>\n<meta property=\"og:title\" content=\"Buscando a mi otro yo - Catalogo | Letrame Grupo Editorial\" \/>\n<meta property=\"og:description\" content=\"ISBN: 9788411817288 SINOPSIS Buscando a mi otro yo nos presenta una colecci\u00f3n de poemas en los que se abordan una amplia gama de temas, incluyendo la naturaleza, emociones, experiencias personales y reflexiones sobre el tiempo y la vida, una variedad tem\u00e1tica que proporciona riqueza y profundidad al conjunto de la obra, invitando al lector a continuas reflexiones.Los poemas utilizan im\u00e1genes visuales v\u00edvidas para transmitir a trav\u00e9s de met\u00e1foras sensaciones y pensamientos que ayudan a crear una experiencia visual en la mente del lector, mediante un ritmo y musicalidad que contribuye a la fluidez y el disfrute de su lectura.Tambi\u00e9n exploran emociones profundas como el miedo, la soledad, la esperanza y la nostalgia, incluyendo reflexiones sobre la vida, el tiempo y la naturaleza humana, a\u00f1adiendo un elemento filos\u00f3fico a la obra con poemas que var\u00edan en tono y atm\u00f3sfera, pasando de lamelancol\u00eda y la tristeza a la esperanza y la belleza de la naturaleza, creando un gran contraste emocional.En general, el texto es una colecci\u00f3n de poemas que utilizan el lenguaje po\u00e9tico de manera efectiva para transmitir emociones, pensamientos y observaciones sobre la vida y la naturaleza. Cada poema ofrece una experiencia \u00fanica al lector y refleja una voz po\u00e9tica distintiva.\" \/>\n<meta property=\"og:url\" content=\"https:\/\/letrame.com\/catalogo\/producto\/buscando-a-mi-otro-yo\/\" \/>\n<meta property=\"og:site_name\" content=\"Catalogo | Letrame Grupo Editorial\" \/>\n<meta property=\"article:modified_time\" content=\"2024-04-29T14:58:37+00:00\" \/>\n<meta property=\"og:image\" content=\"https:\/\/letrame.com\/catalogo\/wp-content\/uploads\/2024\/04\/webp_buscandomiotroyo_568mm-compressed-scaled-1.jpg\" \/>\n\t<meta property=\"og:image:width\" content=\"1781\" \/>\n\t<meta property=\"og:image:height\" content=\"2560\" \/>\n\t<meta property=\"og:image:type\" content=\"image\/jpeg\" \/>\n<meta name=\"twitter:card\" content=\"summary_large_image\" \/>\n<meta name=\"twitter:label1\" content=\"Tiempo de lectura\" \/>\n\t<meta name=\"twitter:data1\" content=\"1 minuto\" \/>\n<script type=\"application\/ld+json\" class=\"yoast-schema-graph\">{\"@context\":\"https:\\\/\\\/schema.org\",\"@graph\":[{\"@type\":\"WebPage\",\"@id\":\"https:\\\/\\\/letrame.com\\\/catalogo\\\/producto\\\/buscando-a-mi-otro-yo\\\/\",\"url\":\"https:\\\/\\\/letrame.com\\\/catalogo\\\/producto\\\/buscando-a-mi-otro-yo\\\/\",\"name\":\"Buscando a mi otro yo - Catalogo | Letrame Grupo Editorial\",\"isPartOf\":{\"@id\":\"https:\\\/\\\/letrame.com\\\/catalogo\\\/#website\"},\"primaryImageOfPage\":{\"@id\":\"https:\\\/\\\/letrame.com\\\/catalogo\\\/producto\\\/buscando-a-mi-otro-yo\\\/#primaryimage\"},\"image\":{\"@id\":\"https:\\\/\\\/letrame.com\\\/catalogo\\\/producto\\\/buscando-a-mi-otro-yo\\\/#primaryimage\"},\"thumbnailUrl\":\"https:\\\/\\\/letrame.com\\\/catalogo\\\/wp-content\\\/uploads\\\/2024\\\/04\\\/webp_buscandomiotroyo_568mm-compressed-scaled-1.jpg\",\"datePublished\":\"2024-04-29T14:58:10+00:00\",\"dateModified\":\"2024-04-29T14:58:37+00:00\",\"breadcrumb\":{\"@id\":\"https:\\\/\\\/letrame.com\\\/catalogo\\\/producto\\\/buscando-a-mi-otro-yo\\\/#breadcrumb\"},\"inLanguage\":\"es\",\"potentialAction\":[{\"@type\":\"ReadAction\",\"target\":[\"https:\\\/\\\/letrame.com\\\/catalogo\\\/producto\\\/buscando-a-mi-otro-yo\\\/\"]}]},{\"@type\":\"ImageObject\",\"inLanguage\":\"es\",\"@id\":\"https:\\\/\\\/letrame.com\\\/catalogo\\\/producto\\\/buscando-a-mi-otro-yo\\\/#primaryimage\",\"url\":\"https:\\\/\\\/letrame.com\\\/catalogo\\\/wp-content\\\/uploads\\\/2024\\\/04\\\/webp_buscandomiotroyo_568mm-compressed-scaled-1.jpg\",\"contentUrl\":\"https:\\\/\\\/letrame.com\\\/catalogo\\\/wp-content\\\/uploads\\\/2024\\\/04\\\/webp_buscandomiotroyo_568mm-compressed-scaled-1.jpg\",\"width\":1781,\"height\":2560},{\"@type\":\"BreadcrumbList\",\"@id\":\"https:\\\/\\\/letrame.com\\\/catalogo\\\/producto\\\/buscando-a-mi-otro-yo\\\/#breadcrumb\",\"itemListElement\":[{\"@type\":\"ListItem\",\"position\":1,\"name\":\"Portada\",\"item\":\"https:\\\/\\\/letrame.com\\\/catalogo\\\/\"},{\"@type\":\"ListItem\",\"position\":2,\"name\":\"Cat\u00e1logo\",\"item\":\"https:\\\/\\\/letrame.com\\\/catalogo\\\/\"},{\"@type\":\"ListItem\",\"position\":3,\"name\":\"Buscando a mi otro yo\"}]},{\"@type\":\"WebSite\",\"@id\":\"https:\\\/\\\/letrame.com\\\/catalogo\\\/#website\",\"url\":\"https:\\\/\\\/letrame.com\\\/catalogo\\\/\",\"name\":\"Catalogo | Letrame Grupo Editorial\",\"description\":\"\",\"publisher\":{\"@id\":\"https:\\\/\\\/letrame.com\\\/catalogo\\\/#organization\"},\"potentialAction\":[{\"@type\":\"SearchAction\",\"target\":{\"@type\":\"EntryPoint\",\"urlTemplate\":\"https:\\\/\\\/letrame.com\\\/catalogo\\\/?s={search_term_string}\"},\"query-input\":{\"@type\":\"PropertyValueSpecification\",\"valueRequired\":true,\"valueName\":\"search_term_string\"}}],\"inLanguage\":\"es\"},{\"@type\":\"Organization\",\"@id\":\"https:\\\/\\\/letrame.com\\\/catalogo\\\/#organization\",\"name\":\"Catalogo | Letrame Grupo Editorial\",\"url\":\"https:\\\/\\\/letrame.com\\\/catalogo\\\/\",\"logo\":{\"@type\":\"ImageObject\",\"inLanguage\":\"es\",\"@id\":\"https:\\\/\\\/letrame.com\\\/catalogo\\\/#\\\/schema\\\/logo\\\/image\\\/\",\"url\":\"https:\\\/\\\/letrame.com\\\/catalogo\\\/wp-content\\\/uploads\\\/2024\\\/03\\\/logo2.webp\",\"contentUrl\":\"https:\\\/\\\/letrame.com\\\/catalogo\\\/wp-content\\\/uploads\\\/2024\\\/03\\\/logo2.webp\",\"width\":394,\"height\":128,\"caption\":\"Catalogo | Letrame Grupo Editorial\"},\"image\":{\"@id\":\"https:\\\/\\\/letrame.com\\\/catalogo\\\/#\\\/schema\\\/logo\\\/image\\\/\"}}]}<\/script>\n<!-- \/ Yoast SEO plugin. -->","yoast_head_json":{"title":"Buscando a mi otro yo - Catalogo | Letrame Grupo Editorial","robots":{"index":"index","follow":"follow","max-snippet":"max-snippet:-1","max-image-preview":"max-image-preview:large","max-video-preview":"max-video-preview:-1"},"canonical":"https:\/\/letrame.com\/catalogo\/producto\/buscando-a-mi-otro-yo\/","og_locale":"es_ES","og_type":"article","og_title":"Buscando a mi otro yo - Catalogo | Letrame Grupo Editorial","og_description":"ISBN: 9788411817288 SINOPSIS Buscando a mi otro yo nos presenta una colecci\u00f3n de poemas en los que se abordan una amplia gama de temas, incluyendo la naturaleza, emociones, experiencias personales y reflexiones sobre el tiempo y la vida, una variedad tem\u00e1tica que proporciona riqueza y profundidad al conjunto de la obra, invitando al lector a continuas reflexiones.Los poemas utilizan im\u00e1genes visuales v\u00edvidas para transmitir a trav\u00e9s de met\u00e1foras sensaciones y pensamientos que ayudan a crear una experiencia visual en la mente del lector, mediante un ritmo y musicalidad que contribuye a la fluidez y el disfrute de su lectura.Tambi\u00e9n exploran emociones profundas como el miedo, la soledad, la esperanza y la nostalgia, incluyendo reflexiones sobre la vida, el tiempo y la naturaleza humana, a\u00f1adiendo un elemento filos\u00f3fico a la obra con poemas que var\u00edan en tono y atm\u00f3sfera, pasando de lamelancol\u00eda y la tristeza a la esperanza y la belleza de la naturaleza, creando un gran contraste emocional.En general, el texto es una colecci\u00f3n de poemas que utilizan el lenguaje po\u00e9tico de manera efectiva para transmitir emociones, pensamientos y observaciones sobre la vida y la naturaleza. Cada poema ofrece una experiencia \u00fanica al lector y refleja una voz po\u00e9tica distintiva.","og_url":"https:\/\/letrame.com\/catalogo\/producto\/buscando-a-mi-otro-yo\/","og_site_name":"Catalogo | Letrame Grupo Editorial","article_modified_time":"2024-04-29T14:58:37+00:00","og_image":[{"width":1781,"height":2560,"url":"https:\/\/letrame.com\/catalogo\/wp-content\/uploads\/2024\/04\/webp_buscandomiotroyo_568mm-compressed-scaled-1.jpg","type":"image\/jpeg"}],"twitter_card":"summary_large_image","twitter_misc":{"Tiempo de lectura":"1 minuto"},"schema":{"@context":"https:\/\/schema.org","@graph":[{"@type":"WebPage","@id":"https:\/\/letrame.com\/catalogo\/producto\/buscando-a-mi-otro-yo\/","url":"https:\/\/letrame.com\/catalogo\/producto\/buscando-a-mi-otro-yo\/","name":"Buscando a mi otro yo - Catalogo | Letrame Grupo Editorial","isPartOf":{"@id":"https:\/\/letrame.com\/catalogo\/#website"},"primaryImageOfPage":{"@id":"https:\/\/letrame.com\/catalogo\/producto\/buscando-a-mi-otro-yo\/#primaryimage"},"image":{"@id":"https:\/\/letrame.com\/catalogo\/producto\/buscando-a-mi-otro-yo\/#primaryimage"},"thumbnailUrl":"https:\/\/letrame.com\/catalogo\/wp-content\/uploads\/2024\/04\/webp_buscandomiotroyo_568mm-compressed-scaled-1.jpg","datePublished":"2024-04-29T14:58:10+00:00","dateModified":"2024-04-29T14:58:37+00:00","breadcrumb":{"@id":"https:\/\/letrame.com\/catalogo\/producto\/buscando-a-mi-otro-yo\/#breadcrumb"},"inLanguage":"es","potentialAction":[{"@type":"ReadAction","target":["https:\/\/letrame.com\/catalogo\/producto\/buscando-a-mi-otro-yo\/"]}]},{"@type":"ImageObject","inLanguage":"es","@id":"https:\/\/letrame.com\/catalogo\/producto\/buscando-a-mi-otro-yo\/#primaryimage","url":"https:\/\/letrame.com\/catalogo\/wp-content\/uploads\/2024\/04\/webp_buscandomiotroyo_568mm-compressed-scaled-1.jpg","contentUrl":"https:\/\/letrame.com\/catalogo\/wp-content\/uploads\/2024\/04\/webp_buscandomiotroyo_568mm-compressed-scaled-1.jpg","width":1781,"height":2560},{"@type":"BreadcrumbList","@id":"https:\/\/letrame.com\/catalogo\/producto\/buscando-a-mi-otro-yo\/#breadcrumb","itemListElement":[{"@type":"ListItem","position":1,"name":"Portada","item":"https:\/\/letrame.com\/catalogo\/"},{"@type":"ListItem","position":2,"name":"Cat\u00e1logo","item":"https:\/\/letrame.com\/catalogo\/"},{"@type":"ListItem","position":3,"name":"Buscando a mi otro yo"}]},{"@type":"WebSite","@id":"https:\/\/letrame.com\/catalogo\/#website","url":"https:\/\/letrame.com\/catalogo\/","name":"Catalogo | Letrame Grupo Editorial","description":"","publisher":{"@id":"https:\/\/letrame.com\/catalogo\/#organization"},"potentialAction":[{"@type":"SearchAction","target":{"@type":"EntryPoint","urlTemplate":"https:\/\/letrame.com\/catalogo\/?s={search_term_string}"},"query-input":{"@type":"PropertyValueSpecification","valueRequired":true,"valueName":"search_term_string"}}],"inLanguage":"es"},{"@type":"Organization","@id":"https:\/\/letrame.com\/catalogo\/#organization","name":"Catalogo | Letrame Grupo Editorial","url":"https:\/\/letrame.com\/catalogo\/","logo":{"@type":"ImageObject","inLanguage":"es","@id":"https:\/\/letrame.com\/catalogo\/#\/schema\/logo\/image\/","url":"https:\/\/letrame.com\/catalogo\/wp-content\/uploads\/2024\/03\/logo2.webp","contentUrl":"https:\/\/letrame.com\/catalogo\/wp-content\/uploads\/2024\/03\/logo2.webp","width":394,"height":128,"caption":"Catalogo | Letrame Grupo Editorial"},"image":{"@id":"https:\/\/letrame.com\/catalogo\/#\/schema\/logo\/image\/"}}]}},"_links":{"self":[{"href":"https:\/\/letrame.com\/catalogo\/wp-json\/wp\/v2\/product\/99726","targetHints":{"allow":["GET"]}}],"collection":[{"href":"https:\/\/letrame.com\/catalogo\/wp-json\/wp\/v2\/product"}],"about":[{"href":"https:\/\/letrame.com\/catalogo\/wp-json\/wp\/v2\/types\/product"}],"replies":[{"embeddable":true,"href":"https:\/\/letrame.com\/catalogo\/wp-json\/wp\/v2\/comments?post=99726"}],"acf:post":[{"embeddable":true,"href":"https:\/\/letrame.com\/catalogo\/wp-json\/wp\/v2\/author_book\/77990"}],"wp:featuredmedia":[{"embeddable":true,"href":"https:\/\/letrame.com\/catalogo\/wp-json\/wp\/v2\/media\/99727"}],"wp:attachment":[{"href":"https:\/\/letrame.com\/catalogo\/wp-json\/wp\/v2\/media?parent=99726"}],"wp:term":[{"taxonomy":"libro","embeddable":true,"href":"https:\/\/letrame.com\/catalogo\/wp-json\/wp\/v2\/libro?post=99726"},{"taxonomy":"product_brand","embeddable":true,"href":"https:\/\/letrame.com\/catalogo\/wp-json\/wp\/v2\/product_brand?post=99726"},{"taxonomy":"product_cat","embeddable":true,"href":"https:\/\/letrame.com\/catalogo\/wp-json\/wp\/v2\/product_cat?post=99726"},{"taxonomy":"product_tag","embeddable":true,"href":"https:\/\/letrame.com\/catalogo\/wp-json\/wp\/v2\/product_tag?post=99726"}],"curies":[{"name":"wp","href":"https:\/\/api.w.org\/{rel}","templated":true}]}}