{"id":99720,"date":"2024-04-29T16:57:31","date_gmt":"2024-04-29T14:57:31","guid":{"rendered":"https:\/\/letrame.com\/catalogo\/producto\/cero-adicciones-el-camino-del-despertar\/"},"modified":"2024-04-29T16:57:56","modified_gmt":"2024-04-29T14:57:56","slug":"cero-adicciones-el-camino-del-despertar","status":"publish","type":"product","link":"https:\/\/letrame.com\/catalogo\/producto\/cero-adicciones-el-camino-del-despertar\/","title":{"rendered":"Cero adicciones, el camino del despertar"},"content":{"rendered":"<p class=\"p1\">ISBN: 978-84-1181-617-5<\/p>\n<p class=\"p1\">T\u00edtulo: Cero adicciones<br \/>\nFecha: 2023<br \/>\nP\u00e1ginas: 582<\/p>\n<p class=\"p1\">SINOPSIS<\/p>\n<p>Se trata de una obra de autoayuda dirigida a todo el p\u00fablico, pues es un hecho evidente que una inmensa mayor\u00eda de personas padece una o varias adicciones, algunas muy serias, como el alcoholismo o la drogadicci\u00f3n y otras, aparentemente m\u00e1s leves, como la adicci\u00f3n al az\u00facar, a los medicamentos, al sexo, etc\u00e9tera.<br \/>\nM\u00e1s la obra no ofrece una soluci\u00f3n para las adicciones. Ella ya existe con la ayuda de los grupos de Doce Pasos. Pero se subraya mucho que, adem\u00e1s, la liberaci\u00f3n ya est\u00e1 en el interior de cada uno -\u00bfel \u00c1ngel guardi\u00e1n, el Maestro interior?- y basta con estar dispuesto para lograrla.<br \/>\nHoy d\u00eda hay ya una gran cantidad de personas practica una espiritualidad activa, a trav\u00e9s de la meditaci\u00f3n -en sus muy diferentes formas-, de las t\u00e9cnicas de \u00absoltar\u00bb, de \u00abentregar\u00bb, de tal modo que los elevados estados de esp\u00edritu -como la Iluminaci\u00f3n-, alcanzados por m\u00edsticos y santos tanto de Oriente como de Occidente, ahora son accesibles a cualquiera que se empe\u00f1e en ello, sin necesidad de que se agregue a religi\u00f3n o agrupaci\u00f3n alguna.<br \/>\nSe puede ver ahora de qu\u00e9 modo se est\u00e1 viniendo abajo el sombr\u00edo panorama pintado desde tiempos inmemoriales por adivinadores, magos, profetas -as\u00ed como el que constantemente nos pintan los medios y las series de internet- para dar paso al nacimiento del hombre nuevo, lleno de fe en la Vida, libre de temores, sabedor de su grandeza y consciente de su estrecha unidad con Dios.<\/p>\n","protected":false},"excerpt":{"rendered":"<p>ISBN: 978-84-1181-617-5<\/p>\n<p>SINOPSIS<\/p>\n<p>Se trata de una obra de autoayuda dirigida a todo el p\u00fablico, pues es un hecho evidente que una inmensa mayor\u00eda de personas padece una o varias adicciones, algunas muy serias, como el alcoholismo o la drogadicci\u00f3n y otras, aparentemente m\u00e1s leves, como la adicci\u00f3n al az\u00facar, a los medicamentos, al sexo, etc\u00e9tera.<br \/>\nM\u00e1s la obra no ofrece una soluci\u00f3n para las adicciones. Ella ya existe con la ayuda de los grupos de Doce Pasos. Pero se subraya mucho que, adem\u00e1s, la liberaci\u00f3n ya est\u00e1 en el interior de cada uno -\u00bfel \u00c1ngel guardi\u00e1n, el Maestro interior?- y basta con estar dispuesto para lograrla.<br \/>\nHoy d\u00eda hay ya una gran cantidad de personas practica una espiritualidad activa, a trav\u00e9s de la meditaci\u00f3n -en sus muy diferentes formas-, de las t\u00e9cnicas de \u00absoltar\u00bb, de \u00abentregar\u00bb, de tal modo que los elevados estados de esp\u00edritu -como la Iluminaci\u00f3n-, alcanzados por m\u00edsticos y santos tanto de Oriente como de Occidente, ahora son accesibles a cualquiera que se empe\u00f1e en ello, sin necesidad de que se agregue a religi\u00f3n o agrupaci\u00f3n alguna.<br \/>\nSe puede ver ahora de qu\u00e9 modo se est\u00e1 viniendo abajo el sombr\u00edo panorama pintado desde tiempos inmemoriales por adivinadores, magos, profetas -as\u00ed como el que constantemente nos pintan los medios y las series de internet- para dar paso al nacimiento del hombre nuevo, lleno de fe en la Vida, libre de temores, sabedor de su grandeza y consciente de su estrecha unidad con Dios.<\/p>\n","protected":false},"featured_media":99721,"comment_status":"closed","ping_status":"open","template":"","meta":{"_acf_changed":false},"libro":[],"product_brand":[],"product_cat":[30],"product_tag":[],"class_list":{"0":"post-99720","1":"product","2":"type-product","3":"status-publish","4":"has-post-thumbnail","6":"product_cat-desarrollo-personal-y-autoconocimiento","8":"first","9":"instock","10":"product-type-simple"},"acf":{"autor":[77986],"enlace_de_compra":"https:\/\/www.amazon.es\/Cero-adicciones-camino-del-despertar-ebook\/dp\/B0CP84JKTY"},"yoast_head":"<!-- This site is optimized with the Yoast SEO plugin v27.4 - https:\/\/yoast.com\/product\/yoast-seo-wordpress\/ -->\n<title>Cero adicciones, el camino del despertar - Catalogo | Letrame Grupo Editorial<\/title>\n<meta name=\"robots\" content=\"index, follow, max-snippet:-1, max-image-preview:large, max-video-preview:-1\" \/>\n<link rel=\"canonical\" href=\"https:\/\/letrame.com\/catalogo\/producto\/cero-adicciones-el-camino-del-despertar\/\" \/>\n<meta property=\"og:locale\" content=\"es_ES\" \/>\n<meta property=\"og:type\" content=\"article\" \/>\n<meta property=\"og:title\" content=\"Cero adicciones, el camino del despertar - Catalogo | Letrame Grupo Editorial\" \/>\n<meta property=\"og:description\" content=\"ISBN: 978-84-1181-617-5 SINOPSIS Se trata de una obra de autoayuda dirigida a todo el p\u00fablico, pues es un hecho evidente que una inmensa mayor\u00eda de personas padece una o varias adicciones, algunas muy serias, como el alcoholismo o la drogadicci\u00f3n y otras, aparentemente m\u00e1s leves, como la adicci\u00f3n al az\u00facar, a los medicamentos, al sexo, etc\u00e9tera. M\u00e1s la obra no ofrece una soluci\u00f3n para las adicciones. Ella ya existe con la ayuda de los grupos de Doce Pasos. Pero se subraya mucho que, adem\u00e1s, la liberaci\u00f3n ya est\u00e1 en el interior de cada uno -\u00bfel \u00c1ngel guardi\u00e1n, el Maestro interior?- y basta con estar dispuesto para lograrla. Hoy d\u00eda hay ya una gran cantidad de personas practica una espiritualidad activa, a trav\u00e9s de la meditaci\u00f3n -en sus muy diferentes formas-, de las t\u00e9cnicas de &quot;soltar&quot;, de &quot;entregar&quot;, de tal modo que los elevados estados de esp\u00edritu -como la Iluminaci\u00f3n-, alcanzados por m\u00edsticos y santos tanto de Oriente como de Occidente, ahora son accesibles a cualquiera que se empe\u00f1e en ello, sin necesidad de que se agregue a religi\u00f3n o agrupaci\u00f3n alguna. Se puede ver ahora de qu\u00e9 modo se est\u00e1 viniendo abajo el sombr\u00edo panorama pintado desde tiempos inmemoriales por adivinadores, magos, profetas -as\u00ed como el que constantemente nos pintan los medios y las series de internet- para dar paso al nacimiento del hombre nuevo, lleno de fe en la Vida, libre de temores, sabedor de su grandeza y consciente de su estrecha unidad con Dios.\" \/>\n<meta property=\"og:url\" content=\"https:\/\/letrame.com\/catalogo\/producto\/cero-adicciones-el-camino-del-despertar\/\" \/>\n<meta property=\"og:site_name\" content=\"Catalogo | Letrame Grupo Editorial\" \/>\n<meta property=\"article:modified_time\" content=\"2024-04-29T14:57:56+00:00\" \/>\n<meta property=\"og:image\" content=\"https:\/\/letrame.com\/catalogo\/wp-content\/uploads\/2024\/04\/webp_ceroadicciones_2791mm-compressed-scaled-1.jpg\" \/>\n\t<meta property=\"og:image:width\" content=\"1746\" \/>\n\t<meta property=\"og:image:height\" content=\"2560\" \/>\n\t<meta property=\"og:image:type\" content=\"image\/jpeg\" \/>\n<meta name=\"twitter:card\" content=\"summary_large_image\" \/>\n<meta name=\"twitter:label1\" content=\"Tiempo de lectura\" \/>\n\t<meta name=\"twitter:data1\" content=\"1 minuto\" \/>\n<script type=\"application\/ld+json\" class=\"yoast-schema-graph\">{\"@context\":\"https:\\\/\\\/schema.org\",\"@graph\":[{\"@type\":\"WebPage\",\"@id\":\"https:\\\/\\\/letrame.com\\\/catalogo\\\/producto\\\/cero-adicciones-el-camino-del-despertar\\\/\",\"url\":\"https:\\\/\\\/letrame.com\\\/catalogo\\\/producto\\\/cero-adicciones-el-camino-del-despertar\\\/\",\"name\":\"Cero adicciones, el camino del despertar - Catalogo | Letrame Grupo Editorial\",\"isPartOf\":{\"@id\":\"https:\\\/\\\/letrame.com\\\/catalogo\\\/#website\"},\"primaryImageOfPage\":{\"@id\":\"https:\\\/\\\/letrame.com\\\/catalogo\\\/producto\\\/cero-adicciones-el-camino-del-despertar\\\/#primaryimage\"},\"image\":{\"@id\":\"https:\\\/\\\/letrame.com\\\/catalogo\\\/producto\\\/cero-adicciones-el-camino-del-despertar\\\/#primaryimage\"},\"thumbnailUrl\":\"https:\\\/\\\/letrame.com\\\/catalogo\\\/wp-content\\\/uploads\\\/2024\\\/04\\\/webp_ceroadicciones_2791mm-compressed-scaled-1.jpg\",\"datePublished\":\"2024-04-29T14:57:31+00:00\",\"dateModified\":\"2024-04-29T14:57:56+00:00\",\"breadcrumb\":{\"@id\":\"https:\\\/\\\/letrame.com\\\/catalogo\\\/producto\\\/cero-adicciones-el-camino-del-despertar\\\/#breadcrumb\"},\"inLanguage\":\"es\",\"potentialAction\":[{\"@type\":\"ReadAction\",\"target\":[\"https:\\\/\\\/letrame.com\\\/catalogo\\\/producto\\\/cero-adicciones-el-camino-del-despertar\\\/\"]}]},{\"@type\":\"ImageObject\",\"inLanguage\":\"es\",\"@id\":\"https:\\\/\\\/letrame.com\\\/catalogo\\\/producto\\\/cero-adicciones-el-camino-del-despertar\\\/#primaryimage\",\"url\":\"https:\\\/\\\/letrame.com\\\/catalogo\\\/wp-content\\\/uploads\\\/2024\\\/04\\\/webp_ceroadicciones_2791mm-compressed-scaled-1.jpg\",\"contentUrl\":\"https:\\\/\\\/letrame.com\\\/catalogo\\\/wp-content\\\/uploads\\\/2024\\\/04\\\/webp_ceroadicciones_2791mm-compressed-scaled-1.jpg\",\"width\":1746,\"height\":2560},{\"@type\":\"BreadcrumbList\",\"@id\":\"https:\\\/\\\/letrame.com\\\/catalogo\\\/producto\\\/cero-adicciones-el-camino-del-despertar\\\/#breadcrumb\",\"itemListElement\":[{\"@type\":\"ListItem\",\"position\":1,\"name\":\"Portada\",\"item\":\"https:\\\/\\\/letrame.com\\\/catalogo\\\/\"},{\"@type\":\"ListItem\",\"position\":2,\"name\":\"Cat\u00e1logo\",\"item\":\"https:\\\/\\\/letrame.com\\\/catalogo\\\/\"},{\"@type\":\"ListItem\",\"position\":3,\"name\":\"Cero adicciones, el camino del despertar\"}]},{\"@type\":\"WebSite\",\"@id\":\"https:\\\/\\\/letrame.com\\\/catalogo\\\/#website\",\"url\":\"https:\\\/\\\/letrame.com\\\/catalogo\\\/\",\"name\":\"Catalogo | Letrame Grupo Editorial\",\"description\":\"\",\"publisher\":{\"@id\":\"https:\\\/\\\/letrame.com\\\/catalogo\\\/#organization\"},\"potentialAction\":[{\"@type\":\"SearchAction\",\"target\":{\"@type\":\"EntryPoint\",\"urlTemplate\":\"https:\\\/\\\/letrame.com\\\/catalogo\\\/?s={search_term_string}\"},\"query-input\":{\"@type\":\"PropertyValueSpecification\",\"valueRequired\":true,\"valueName\":\"search_term_string\"}}],\"inLanguage\":\"es\"},{\"@type\":\"Organization\",\"@id\":\"https:\\\/\\\/letrame.com\\\/catalogo\\\/#organization\",\"name\":\"Catalogo | Letrame Grupo Editorial\",\"url\":\"https:\\\/\\\/letrame.com\\\/catalogo\\\/\",\"logo\":{\"@type\":\"ImageObject\",\"inLanguage\":\"es\",\"@id\":\"https:\\\/\\\/letrame.com\\\/catalogo\\\/#\\\/schema\\\/logo\\\/image\\\/\",\"url\":\"https:\\\/\\\/letrame.com\\\/catalogo\\\/wp-content\\\/uploads\\\/2024\\\/03\\\/logo2.webp\",\"contentUrl\":\"https:\\\/\\\/letrame.com\\\/catalogo\\\/wp-content\\\/uploads\\\/2024\\\/03\\\/logo2.webp\",\"width\":394,\"height\":128,\"caption\":\"Catalogo | Letrame Grupo Editorial\"},\"image\":{\"@id\":\"https:\\\/\\\/letrame.com\\\/catalogo\\\/#\\\/schema\\\/logo\\\/image\\\/\"}}]}<\/script>\n<!-- \/ Yoast SEO plugin. -->","yoast_head_json":{"title":"Cero adicciones, el camino del despertar - Catalogo | Letrame Grupo Editorial","robots":{"index":"index","follow":"follow","max-snippet":"max-snippet:-1","max-image-preview":"max-image-preview:large","max-video-preview":"max-video-preview:-1"},"canonical":"https:\/\/letrame.com\/catalogo\/producto\/cero-adicciones-el-camino-del-despertar\/","og_locale":"es_ES","og_type":"article","og_title":"Cero adicciones, el camino del despertar - Catalogo | Letrame Grupo Editorial","og_description":"ISBN: 978-84-1181-617-5 SINOPSIS Se trata de una obra de autoayuda dirigida a todo el p\u00fablico, pues es un hecho evidente que una inmensa mayor\u00eda de personas padece una o varias adicciones, algunas muy serias, como el alcoholismo o la drogadicci\u00f3n y otras, aparentemente m\u00e1s leves, como la adicci\u00f3n al az\u00facar, a los medicamentos, al sexo, etc\u00e9tera. M\u00e1s la obra no ofrece una soluci\u00f3n para las adicciones. Ella ya existe con la ayuda de los grupos de Doce Pasos. Pero se subraya mucho que, adem\u00e1s, la liberaci\u00f3n ya est\u00e1 en el interior de cada uno -\u00bfel \u00c1ngel guardi\u00e1n, el Maestro interior?- y basta con estar dispuesto para lograrla. Hoy d\u00eda hay ya una gran cantidad de personas practica una espiritualidad activa, a trav\u00e9s de la meditaci\u00f3n -en sus muy diferentes formas-, de las t\u00e9cnicas de \"soltar\", de \"entregar\", de tal modo que los elevados estados de esp\u00edritu -como la Iluminaci\u00f3n-, alcanzados por m\u00edsticos y santos tanto de Oriente como de Occidente, ahora son accesibles a cualquiera que se empe\u00f1e en ello, sin necesidad de que se agregue a religi\u00f3n o agrupaci\u00f3n alguna. Se puede ver ahora de qu\u00e9 modo se est\u00e1 viniendo abajo el sombr\u00edo panorama pintado desde tiempos inmemoriales por adivinadores, magos, profetas -as\u00ed como el que constantemente nos pintan los medios y las series de internet- para dar paso al nacimiento del hombre nuevo, lleno de fe en la Vida, libre de temores, sabedor de su grandeza y consciente de su estrecha unidad con Dios.","og_url":"https:\/\/letrame.com\/catalogo\/producto\/cero-adicciones-el-camino-del-despertar\/","og_site_name":"Catalogo | Letrame Grupo Editorial","article_modified_time":"2024-04-29T14:57:56+00:00","og_image":[{"width":1746,"height":2560,"url":"https:\/\/letrame.com\/catalogo\/wp-content\/uploads\/2024\/04\/webp_ceroadicciones_2791mm-compressed-scaled-1.jpg","type":"image\/jpeg"}],"twitter_card":"summary_large_image","twitter_misc":{"Tiempo de lectura":"1 minuto"},"schema":{"@context":"https:\/\/schema.org","@graph":[{"@type":"WebPage","@id":"https:\/\/letrame.com\/catalogo\/producto\/cero-adicciones-el-camino-del-despertar\/","url":"https:\/\/letrame.com\/catalogo\/producto\/cero-adicciones-el-camino-del-despertar\/","name":"Cero adicciones, el camino del despertar - Catalogo | Letrame Grupo Editorial","isPartOf":{"@id":"https:\/\/letrame.com\/catalogo\/#website"},"primaryImageOfPage":{"@id":"https:\/\/letrame.com\/catalogo\/producto\/cero-adicciones-el-camino-del-despertar\/#primaryimage"},"image":{"@id":"https:\/\/letrame.com\/catalogo\/producto\/cero-adicciones-el-camino-del-despertar\/#primaryimage"},"thumbnailUrl":"https:\/\/letrame.com\/catalogo\/wp-content\/uploads\/2024\/04\/webp_ceroadicciones_2791mm-compressed-scaled-1.jpg","datePublished":"2024-04-29T14:57:31+00:00","dateModified":"2024-04-29T14:57:56+00:00","breadcrumb":{"@id":"https:\/\/letrame.com\/catalogo\/producto\/cero-adicciones-el-camino-del-despertar\/#breadcrumb"},"inLanguage":"es","potentialAction":[{"@type":"ReadAction","target":["https:\/\/letrame.com\/catalogo\/producto\/cero-adicciones-el-camino-del-despertar\/"]}]},{"@type":"ImageObject","inLanguage":"es","@id":"https:\/\/letrame.com\/catalogo\/producto\/cero-adicciones-el-camino-del-despertar\/#primaryimage","url":"https:\/\/letrame.com\/catalogo\/wp-content\/uploads\/2024\/04\/webp_ceroadicciones_2791mm-compressed-scaled-1.jpg","contentUrl":"https:\/\/letrame.com\/catalogo\/wp-content\/uploads\/2024\/04\/webp_ceroadicciones_2791mm-compressed-scaled-1.jpg","width":1746,"height":2560},{"@type":"BreadcrumbList","@id":"https:\/\/letrame.com\/catalogo\/producto\/cero-adicciones-el-camino-del-despertar\/#breadcrumb","itemListElement":[{"@type":"ListItem","position":1,"name":"Portada","item":"https:\/\/letrame.com\/catalogo\/"},{"@type":"ListItem","position":2,"name":"Cat\u00e1logo","item":"https:\/\/letrame.com\/catalogo\/"},{"@type":"ListItem","position":3,"name":"Cero adicciones, el camino del despertar"}]},{"@type":"WebSite","@id":"https:\/\/letrame.com\/catalogo\/#website","url":"https:\/\/letrame.com\/catalogo\/","name":"Catalogo | Letrame Grupo Editorial","description":"","publisher":{"@id":"https:\/\/letrame.com\/catalogo\/#organization"},"potentialAction":[{"@type":"SearchAction","target":{"@type":"EntryPoint","urlTemplate":"https:\/\/letrame.com\/catalogo\/?s={search_term_string}"},"query-input":{"@type":"PropertyValueSpecification","valueRequired":true,"valueName":"search_term_string"}}],"inLanguage":"es"},{"@type":"Organization","@id":"https:\/\/letrame.com\/catalogo\/#organization","name":"Catalogo | Letrame Grupo Editorial","url":"https:\/\/letrame.com\/catalogo\/","logo":{"@type":"ImageObject","inLanguage":"es","@id":"https:\/\/letrame.com\/catalogo\/#\/schema\/logo\/image\/","url":"https:\/\/letrame.com\/catalogo\/wp-content\/uploads\/2024\/03\/logo2.webp","contentUrl":"https:\/\/letrame.com\/catalogo\/wp-content\/uploads\/2024\/03\/logo2.webp","width":394,"height":128,"caption":"Catalogo | Letrame Grupo Editorial"},"image":{"@id":"https:\/\/letrame.com\/catalogo\/#\/schema\/logo\/image\/"}}]}},"_links":{"self":[{"href":"https:\/\/letrame.com\/catalogo\/wp-json\/wp\/v2\/product\/99720","targetHints":{"allow":["GET"]}}],"collection":[{"href":"https:\/\/letrame.com\/catalogo\/wp-json\/wp\/v2\/product"}],"about":[{"href":"https:\/\/letrame.com\/catalogo\/wp-json\/wp\/v2\/types\/product"}],"replies":[{"embeddable":true,"href":"https:\/\/letrame.com\/catalogo\/wp-json\/wp\/v2\/comments?post=99720"}],"acf:post":[{"embeddable":true,"href":"https:\/\/letrame.com\/catalogo\/wp-json\/wp\/v2\/author_book\/77986"}],"wp:featuredmedia":[{"embeddable":true,"href":"https:\/\/letrame.com\/catalogo\/wp-json\/wp\/v2\/media\/99721"}],"wp:attachment":[{"href":"https:\/\/letrame.com\/catalogo\/wp-json\/wp\/v2\/media?parent=99720"}],"wp:term":[{"taxonomy":"libro","embeddable":true,"href":"https:\/\/letrame.com\/catalogo\/wp-json\/wp\/v2\/libro?post=99720"},{"taxonomy":"product_brand","embeddable":true,"href":"https:\/\/letrame.com\/catalogo\/wp-json\/wp\/v2\/product_brand?post=99720"},{"taxonomy":"product_cat","embeddable":true,"href":"https:\/\/letrame.com\/catalogo\/wp-json\/wp\/v2\/product_cat?post=99720"},{"taxonomy":"product_tag","embeddable":true,"href":"https:\/\/letrame.com\/catalogo\/wp-json\/wp\/v2\/product_tag?post=99720"}],"curies":[{"name":"wp","href":"https:\/\/api.w.org\/{rel}","templated":true}]}}