{"id":99718,"date":"2024-04-29T16:57:31","date_gmt":"2024-04-29T14:57:31","guid":{"rendered":"https:\/\/letrame.com\/catalogo\/producto\/vita-brevis\/"},"modified":"2024-04-29T16:57:43","modified_gmt":"2024-04-29T14:57:43","slug":"vita-brevis","status":"publish","type":"product","link":"https:\/\/letrame.com\/catalogo\/producto\/vita-brevis\/","title":{"rendered":"Vita breVis"},"content":{"rendered":"<p class=\"p1\">ISBN: 978-84-1181-613-7<\/p>\n<p class=\"p1\">T\u00edtulo: Vita breVis<br \/>\nFecha: 2023<br \/>\nP\u00e1ginas: 72<\/p>\n<p class=\"p1\">SINOPSIS<\/p>\n<p><em>VIta breVIS<\/em> es una reflexi\u00f3n en la que la palabra se embarca en una odisea multiling\u00fce conviviendo con instrumentos de c\u00e1mara palaciega, electr\u00f3nica, voces mitol\u00f3gicas y cosmos, dando forma a un experimento atemporal.<\/p>\n<p>Alba7 cuenta en prosa po\u00e9tica su viaje prospectivo y a la vez retrospectivo fuera y dentro de s\u00ed mismo. En esta peregrinaci\u00f3n circular descubre la infinita brevedad de la vida. Cada parada en el camino es una epifan\u00eda ilustrada con una imagen; cada etapa, una poes\u00eda introspectiva que se encarna en una pieza musical y toma cuerpo y vida, como el protagonista, en un v\u00eddeo animado.<\/p>\n<p><em>VIta breVIS<\/em> es una composici\u00f3n concebida tanto para ser le\u00edda, escuchada y visionada en la intimidad como para ser representada en un auditorio.<\/p>\n","protected":false},"excerpt":{"rendered":"<p>ISBN: 978-84-1181-613-7<\/p>\n<p>SINOPSIS<\/p>\n<p>VIta breVIS es una reflexi\u00f3n en la que la palabra se embarca en una odisea multiling\u00fce conviviendo con instrumentos de c\u00e1mara palaciega, electr\u00f3nica, voces mitol\u00f3gicas y cosmos, dando forma a un experimento atemporal.<\/p>\n<p>Alba7 cuenta en prosa po\u00e9tica su viaje prospectivo y a la vez retrospectivo fuera y dentro de s\u00ed mismo. En esta peregrinaci\u00f3n circular descubre la infinita brevedad de la vida. Cada parada en el camino es una epifan\u00eda ilustrada con una imagen; cada etapa, una poes\u00eda introspectiva que se encarna en una pieza musical y toma cuerpo y vida, como el protagonista, en un v\u00eddeo animado.<\/p>\n<p>VIta breVIS es una composici\u00f3n concebida tanto para ser le\u00edda, escuchada y visionada en la intimidad como para ser representada en un auditorio.<\/p>\n","protected":false},"featured_media":99719,"comment_status":"closed","ping_status":"open","template":"","meta":{"_acf_changed":false},"libro":[],"product_brand":[],"product_cat":[26],"product_tag":[],"class_list":{"0":"post-99718","1":"product","2":"type-product","3":"status-publish","4":"has-post-thumbnail","6":"product_cat-sin-categoria","8":"first","9":"instock","10":"product-type-simple"},"acf":{"autor":[77985],"enlace_de_compra":"https:\/\/www.amazon.es\/VIta-breVIS-01-POES%C3%8DA-Alba7\/dp\/8411816133"},"yoast_head":"<!-- This site is optimized with the Yoast SEO plugin v26.6 - https:\/\/yoast.com\/wordpress\/plugins\/seo\/ -->\n<title>Vita breVis - Catalogo | Letrame Grupo Editorial<\/title>\n<meta name=\"robots\" content=\"index, follow, max-snippet:-1, max-image-preview:large, max-video-preview:-1\" \/>\n<link rel=\"canonical\" href=\"https:\/\/letrame.com\/catalogo\/producto\/vita-brevis\/\" \/>\n<meta property=\"og:locale\" content=\"es_ES\" \/>\n<meta property=\"og:type\" content=\"article\" \/>\n<meta property=\"og:title\" content=\"Vita breVis - Catalogo | Letrame Grupo Editorial\" \/>\n<meta property=\"og:description\" content=\"ISBN: 978-84-1181-613-7 SINOPSIS VIta breVIS es una reflexi\u00f3n en la que la palabra se embarca en una odisea multiling\u00fce conviviendo con instrumentos de c\u00e1mara palaciega, electr\u00f3nica, voces mitol\u00f3gicas y cosmos, dando forma a un experimento atemporal. Alba7 cuenta en prosa po\u00e9tica su viaje prospectivo y a la vez retrospectivo fuera y dentro de s\u00ed mismo. En esta peregrinaci\u00f3n circular descubre la infinita brevedad de la vida. Cada parada en el camino es una epifan\u00eda ilustrada con una imagen; cada etapa, una poes\u00eda introspectiva que se encarna en una pieza musical y toma cuerpo y vida, como el protagonista, en un v\u00eddeo animado. VIta breVIS es una composici\u00f3n concebida tanto para ser le\u00edda, escuchada y visionada en la intimidad como para ser representada en un auditorio.\" \/>\n<meta property=\"og:url\" content=\"https:\/\/letrame.com\/catalogo\/producto\/vita-brevis\/\" \/>\n<meta property=\"og:site_name\" content=\"Catalogo | Letrame Grupo Editorial\" \/>\n<meta property=\"article:modified_time\" content=\"2024-04-29T14:57:43+00:00\" \/>\n<meta property=\"og:image\" content=\"https:\/\/letrame.com\/catalogo\/wp-content\/uploads\/2024\/04\/webportada_vitabrevis_465mm-compressed.jpg\" \/>\n\t<meta property=\"og:image:width\" content=\"1772\" \/>\n\t<meta property=\"og:image:height\" content=\"2480\" \/>\n\t<meta property=\"og:image:type\" content=\"image\/jpeg\" \/>\n<meta name=\"twitter:card\" content=\"summary_large_image\" \/>\n<meta name=\"twitter:label1\" content=\"Tiempo de lectura\" \/>\n\t<meta name=\"twitter:data1\" content=\"1 minuto\" \/>\n<script type=\"application\/ld+json\" class=\"yoast-schema-graph\">{\"@context\":\"https:\/\/schema.org\",\"@graph\":[{\"@type\":\"WebPage\",\"@id\":\"https:\/\/letrame.com\/catalogo\/producto\/vita-brevis\/\",\"url\":\"https:\/\/letrame.com\/catalogo\/producto\/vita-brevis\/\",\"name\":\"Vita breVis - Catalogo | Letrame Grupo Editorial\",\"isPartOf\":{\"@id\":\"https:\/\/letrame.com\/catalogo\/#website\"},\"primaryImageOfPage\":{\"@id\":\"https:\/\/letrame.com\/catalogo\/producto\/vita-brevis\/#primaryimage\"},\"image\":{\"@id\":\"https:\/\/letrame.com\/catalogo\/producto\/vita-brevis\/#primaryimage\"},\"thumbnailUrl\":\"https:\/\/letrame.com\/catalogo\/wp-content\/uploads\/2024\/04\/webportada_vitabrevis_465mm-compressed.jpg\",\"datePublished\":\"2024-04-29T14:57:31+00:00\",\"dateModified\":\"2024-04-29T14:57:43+00:00\",\"breadcrumb\":{\"@id\":\"https:\/\/letrame.com\/catalogo\/producto\/vita-brevis\/#breadcrumb\"},\"inLanguage\":\"es\",\"potentialAction\":[{\"@type\":\"ReadAction\",\"target\":[\"https:\/\/letrame.com\/catalogo\/producto\/vita-brevis\/\"]}]},{\"@type\":\"ImageObject\",\"inLanguage\":\"es\",\"@id\":\"https:\/\/letrame.com\/catalogo\/producto\/vita-brevis\/#primaryimage\",\"url\":\"https:\/\/letrame.com\/catalogo\/wp-content\/uploads\/2024\/04\/webportada_vitabrevis_465mm-compressed.jpg\",\"contentUrl\":\"https:\/\/letrame.com\/catalogo\/wp-content\/uploads\/2024\/04\/webportada_vitabrevis_465mm-compressed.jpg\",\"width\":1772,\"height\":2480},{\"@type\":\"BreadcrumbList\",\"@id\":\"https:\/\/letrame.com\/catalogo\/producto\/vita-brevis\/#breadcrumb\",\"itemListElement\":[{\"@type\":\"ListItem\",\"position\":1,\"name\":\"Portada\",\"item\":\"https:\/\/letrame.com\/catalogo\/\"},{\"@type\":\"ListItem\",\"position\":2,\"name\":\"Cat\u00e1logo\",\"item\":\"https:\/\/letrame.com\/catalogo\/\"},{\"@type\":\"ListItem\",\"position\":3,\"name\":\"Vita breVis\"}]},{\"@type\":\"WebSite\",\"@id\":\"https:\/\/letrame.com\/catalogo\/#website\",\"url\":\"https:\/\/letrame.com\/catalogo\/\",\"name\":\"Catalogo | Letrame Grupo Editorial\",\"description\":\"\",\"publisher\":{\"@id\":\"https:\/\/letrame.com\/catalogo\/#organization\"},\"potentialAction\":[{\"@type\":\"SearchAction\",\"target\":{\"@type\":\"EntryPoint\",\"urlTemplate\":\"https:\/\/letrame.com\/catalogo\/?s={search_term_string}\"},\"query-input\":{\"@type\":\"PropertyValueSpecification\",\"valueRequired\":true,\"valueName\":\"search_term_string\"}}],\"inLanguage\":\"es\"},{\"@type\":\"Organization\",\"@id\":\"https:\/\/letrame.com\/catalogo\/#organization\",\"name\":\"Catalogo | Letrame Grupo Editorial\",\"url\":\"https:\/\/letrame.com\/catalogo\/\",\"logo\":{\"@type\":\"ImageObject\",\"inLanguage\":\"es\",\"@id\":\"https:\/\/letrame.com\/catalogo\/#\/schema\/logo\/image\/\",\"url\":\"https:\/\/letrame.com\/catalogo\/wp-content\/uploads\/2024\/03\/logo2.webp\",\"contentUrl\":\"https:\/\/letrame.com\/catalogo\/wp-content\/uploads\/2024\/03\/logo2.webp\",\"width\":394,\"height\":128,\"caption\":\"Catalogo | Letrame Grupo Editorial\"},\"image\":{\"@id\":\"https:\/\/letrame.com\/catalogo\/#\/schema\/logo\/image\/\"}}]}<\/script>\n<!-- \/ Yoast SEO plugin. -->","yoast_head_json":{"title":"Vita breVis - Catalogo | Letrame Grupo Editorial","robots":{"index":"index","follow":"follow","max-snippet":"max-snippet:-1","max-image-preview":"max-image-preview:large","max-video-preview":"max-video-preview:-1"},"canonical":"https:\/\/letrame.com\/catalogo\/producto\/vita-brevis\/","og_locale":"es_ES","og_type":"article","og_title":"Vita breVis - Catalogo | Letrame Grupo Editorial","og_description":"ISBN: 978-84-1181-613-7 SINOPSIS VIta breVIS es una reflexi\u00f3n en la que la palabra se embarca en una odisea multiling\u00fce conviviendo con instrumentos de c\u00e1mara palaciega, electr\u00f3nica, voces mitol\u00f3gicas y cosmos, dando forma a un experimento atemporal. Alba7 cuenta en prosa po\u00e9tica su viaje prospectivo y a la vez retrospectivo fuera y dentro de s\u00ed mismo. En esta peregrinaci\u00f3n circular descubre la infinita brevedad de la vida. Cada parada en el camino es una epifan\u00eda ilustrada con una imagen; cada etapa, una poes\u00eda introspectiva que se encarna en una pieza musical y toma cuerpo y vida, como el protagonista, en un v\u00eddeo animado. VIta breVIS es una composici\u00f3n concebida tanto para ser le\u00edda, escuchada y visionada en la intimidad como para ser representada en un auditorio.","og_url":"https:\/\/letrame.com\/catalogo\/producto\/vita-brevis\/","og_site_name":"Catalogo | Letrame Grupo Editorial","article_modified_time":"2024-04-29T14:57:43+00:00","og_image":[{"width":1772,"height":2480,"url":"https:\/\/letrame.com\/catalogo\/wp-content\/uploads\/2024\/04\/webportada_vitabrevis_465mm-compressed.jpg","type":"image\/jpeg"}],"twitter_card":"summary_large_image","twitter_misc":{"Tiempo de lectura":"1 minuto"},"schema":{"@context":"https:\/\/schema.org","@graph":[{"@type":"WebPage","@id":"https:\/\/letrame.com\/catalogo\/producto\/vita-brevis\/","url":"https:\/\/letrame.com\/catalogo\/producto\/vita-brevis\/","name":"Vita breVis - Catalogo | Letrame Grupo Editorial","isPartOf":{"@id":"https:\/\/letrame.com\/catalogo\/#website"},"primaryImageOfPage":{"@id":"https:\/\/letrame.com\/catalogo\/producto\/vita-brevis\/#primaryimage"},"image":{"@id":"https:\/\/letrame.com\/catalogo\/producto\/vita-brevis\/#primaryimage"},"thumbnailUrl":"https:\/\/letrame.com\/catalogo\/wp-content\/uploads\/2024\/04\/webportada_vitabrevis_465mm-compressed.jpg","datePublished":"2024-04-29T14:57:31+00:00","dateModified":"2024-04-29T14:57:43+00:00","breadcrumb":{"@id":"https:\/\/letrame.com\/catalogo\/producto\/vita-brevis\/#breadcrumb"},"inLanguage":"es","potentialAction":[{"@type":"ReadAction","target":["https:\/\/letrame.com\/catalogo\/producto\/vita-brevis\/"]}]},{"@type":"ImageObject","inLanguage":"es","@id":"https:\/\/letrame.com\/catalogo\/producto\/vita-brevis\/#primaryimage","url":"https:\/\/letrame.com\/catalogo\/wp-content\/uploads\/2024\/04\/webportada_vitabrevis_465mm-compressed.jpg","contentUrl":"https:\/\/letrame.com\/catalogo\/wp-content\/uploads\/2024\/04\/webportada_vitabrevis_465mm-compressed.jpg","width":1772,"height":2480},{"@type":"BreadcrumbList","@id":"https:\/\/letrame.com\/catalogo\/producto\/vita-brevis\/#breadcrumb","itemListElement":[{"@type":"ListItem","position":1,"name":"Portada","item":"https:\/\/letrame.com\/catalogo\/"},{"@type":"ListItem","position":2,"name":"Cat\u00e1logo","item":"https:\/\/letrame.com\/catalogo\/"},{"@type":"ListItem","position":3,"name":"Vita breVis"}]},{"@type":"WebSite","@id":"https:\/\/letrame.com\/catalogo\/#website","url":"https:\/\/letrame.com\/catalogo\/","name":"Catalogo | Letrame Grupo Editorial","description":"","publisher":{"@id":"https:\/\/letrame.com\/catalogo\/#organization"},"potentialAction":[{"@type":"SearchAction","target":{"@type":"EntryPoint","urlTemplate":"https:\/\/letrame.com\/catalogo\/?s={search_term_string}"},"query-input":{"@type":"PropertyValueSpecification","valueRequired":true,"valueName":"search_term_string"}}],"inLanguage":"es"},{"@type":"Organization","@id":"https:\/\/letrame.com\/catalogo\/#organization","name":"Catalogo | Letrame Grupo Editorial","url":"https:\/\/letrame.com\/catalogo\/","logo":{"@type":"ImageObject","inLanguage":"es","@id":"https:\/\/letrame.com\/catalogo\/#\/schema\/logo\/image\/","url":"https:\/\/letrame.com\/catalogo\/wp-content\/uploads\/2024\/03\/logo2.webp","contentUrl":"https:\/\/letrame.com\/catalogo\/wp-content\/uploads\/2024\/03\/logo2.webp","width":394,"height":128,"caption":"Catalogo | Letrame Grupo Editorial"},"image":{"@id":"https:\/\/letrame.com\/catalogo\/#\/schema\/logo\/image\/"}}]}},"_links":{"self":[{"href":"https:\/\/letrame.com\/catalogo\/wp-json\/wp\/v2\/product\/99718","targetHints":{"allow":["GET"]}}],"collection":[{"href":"https:\/\/letrame.com\/catalogo\/wp-json\/wp\/v2\/product"}],"about":[{"href":"https:\/\/letrame.com\/catalogo\/wp-json\/wp\/v2\/types\/product"}],"replies":[{"embeddable":true,"href":"https:\/\/letrame.com\/catalogo\/wp-json\/wp\/v2\/comments?post=99718"}],"acf:post":[{"embeddable":true,"href":"https:\/\/letrame.com\/catalogo\/wp-json\/wp\/v2\/author_book\/77985"}],"wp:featuredmedia":[{"embeddable":true,"href":"https:\/\/letrame.com\/catalogo\/wp-json\/wp\/v2\/media\/99719"}],"wp:attachment":[{"href":"https:\/\/letrame.com\/catalogo\/wp-json\/wp\/v2\/media?parent=99718"}],"wp:term":[{"taxonomy":"libro","embeddable":true,"href":"https:\/\/letrame.com\/catalogo\/wp-json\/wp\/v2\/libro?post=99718"},{"taxonomy":"product_brand","embeddable":true,"href":"https:\/\/letrame.com\/catalogo\/wp-json\/wp\/v2\/product_brand?post=99718"},{"taxonomy":"product_cat","embeddable":true,"href":"https:\/\/letrame.com\/catalogo\/wp-json\/wp\/v2\/product_cat?post=99718"},{"taxonomy":"product_tag","embeddable":true,"href":"https:\/\/letrame.com\/catalogo\/wp-json\/wp\/v2\/product_tag?post=99718"}],"curies":[{"name":"wp","href":"https:\/\/api.w.org\/{rel}","templated":true}]}}