{"id":99713,"date":"2024-04-29T16:57:06","date_gmt":"2024-04-29T14:57:06","guid":{"rendered":"https:\/\/letrame.com\/catalogo\/producto\/el-padre-de-la-ciencia\/"},"modified":"2024-07-29T16:05:58","modified_gmt":"2024-07-29T14:05:58","slug":"el-padre-de-la-ciencia","status":"publish","type":"product","link":"https:\/\/letrame.com\/catalogo\/producto\/el-padre-de-la-ciencia\/","title":{"rendered":"El padre de la ciencia"},"content":{"rendered":"<p>ISBN:\u00a09788411816472<br \/>\nT\u00edtulo:_EL PADRE DE LA CIENCIA<br \/>\nFecha:_2023<br \/>\nP\u00e1ginas:\u00a0224<br \/>\nSINOPSIS<br \/>\n\u00bfAlguna vez te has parado a pensar que muchas respuestas a preguntas cient\u00edficas se encuentran en la Biblia? Las doctoras Botelho y Ferreira, con un vasto conocimiento cient\u00edfico, decidieron estudiar la conexi\u00f3n entre ciencia y teolog\u00eda. Descubrieron una perspectiva totalmente diferente de la conexi\u00f3n de dos temas que para muchos parece ser imposible: la correlaci\u00f3n ciencia y Dios.<\/p>\n<p>\u00bfEst\u00e1s dispuesto a descubrir esta correlaci\u00f3n entre Dios y la ciencia?<\/p>\n<p>Porque en este libro encontrar\u00e1s las respuestas de Dios a muchas preguntas a las que no has podido encontrar respuestas. Y inevitablemente este conocimiento cambiar\u00e1 tu forma de ver tu vida.<\/p>\n","protected":false},"excerpt":{"rendered":"<p>ISBN:\u00a09788411816472<\/p>\n<p>SINOPSIS<br \/>\n\u00bfAlguna vez te has parado a pensar que muchas respuestas a preguntas cient\u00edficas se encuentran en la Biblia? Las doctoras Botelho y Ferreira, con un vasto conocimiento cient\u00edfico, decidieron estudiar la conexi\u00f3n entre ciencia y teolog\u00eda. Descubrieron una perspectiva totalmente diferente de la conexi\u00f3n de dos temas que para muchos parece ser imposible: la correlaci\u00f3n ciencia y Dios.<\/p>\n<p>\u00bfEst\u00e1s dispuesto a descubrir esta correlaci\u00f3n entre Dios y la ciencia?<\/p>\n<p>Porque en este libro encontrar\u00e1s las respuestas de Dios a muchas preguntas a las que no has podido encontrar respuestas. Y inevitablemente este conocimiento cambiar\u00e1 tu forma de ver tu vida.<\/p>\n","protected":false},"featured_media":99714,"comment_status":"closed","ping_status":"closed","template":"","meta":{"_acf_changed":false},"libro":[],"product_brand":[],"product_cat":[60],"product_tag":[],"class_list":{"0":"post-99713","1":"product","2":"type-product","3":"status-publish","4":"has-post-thumbnail","6":"product_cat-ensayo-cientifico-teologico","8":"first","9":"instock","10":"product-type-simple"},"acf":{"autor":[77981,77982],"enlace_de_compra":"https:\/\/amzn.to\/4fresMz"},"yoast_head":"<!-- This site is optimized with the Yoast SEO plugin v27.4 - https:\/\/yoast.com\/product\/yoast-seo-wordpress\/ -->\n<title>El padre de la ciencia - Catalogo | Letrame Grupo Editorial<\/title>\n<meta name=\"robots\" content=\"index, follow, max-snippet:-1, max-image-preview:large, max-video-preview:-1\" \/>\n<link rel=\"canonical\" href=\"https:\/\/letrame.com\/catalogo\/producto\/el-padre-de-la-ciencia\/\" \/>\n<meta property=\"og:locale\" content=\"es_ES\" \/>\n<meta property=\"og:type\" content=\"article\" \/>\n<meta property=\"og:title\" content=\"El padre de la ciencia - Catalogo | Letrame Grupo Editorial\" \/>\n<meta property=\"og:description\" content=\"ISBN:\u00a09788411816472  SINOPSIS \u00bfAlguna vez te has parado a pensar que muchas respuestas a preguntas cient\u00edficas se encuentran en la Biblia? Las doctoras Botelho y Ferreira, con un vasto conocimiento cient\u00edfico, decidieron estudiar la conexi\u00f3n entre ciencia y teolog\u00eda. Descubrieron una perspectiva totalmente diferente de la conexi\u00f3n de dos temas que para muchos parece ser imposible: la correlaci\u00f3n ciencia y Dios.  \u00bfEst\u00e1s dispuesto a descubrir esta correlaci\u00f3n entre Dios y la ciencia?  Porque en este libro encontrar\u00e1s las respuestas de Dios a muchas preguntas a las que no has podido encontrar respuestas. Y inevitablemente este conocimiento cambiar\u00e1 tu forma de ver tu vida.\" \/>\n<meta property=\"og:url\" content=\"https:\/\/letrame.com\/catalogo\/producto\/el-padre-de-la-ciencia\/\" \/>\n<meta property=\"og:site_name\" content=\"Catalogo | Letrame Grupo Editorial\" \/>\n<meta property=\"article:modified_time\" content=\"2024-07-29T14:05:58+00:00\" \/>\n<meta property=\"og:image\" content=\"https:\/\/letrame.com\/catalogo\/wp-content\/uploads\/2024\/04\/webportada_elpadredelaciencia_1286mm-compressed.jpg\" \/>\n\t<meta property=\"og:image:width\" content=\"1772\" \/>\n\t<meta property=\"og:image:height\" content=\"2480\" \/>\n\t<meta property=\"og:image:type\" content=\"image\/jpeg\" \/>\n<meta name=\"twitter:card\" content=\"summary_large_image\" \/>\n<meta name=\"twitter:label1\" content=\"Tiempo de lectura\" \/>\n\t<meta name=\"twitter:data1\" content=\"1 minuto\" \/>\n<script type=\"application\/ld+json\" class=\"yoast-schema-graph\">{\"@context\":\"https:\\\/\\\/schema.org\",\"@graph\":[{\"@type\":\"WebPage\",\"@id\":\"https:\\\/\\\/letrame.com\\\/catalogo\\\/producto\\\/el-padre-de-la-ciencia\\\/\",\"url\":\"https:\\\/\\\/letrame.com\\\/catalogo\\\/producto\\\/el-padre-de-la-ciencia\\\/\",\"name\":\"El padre de la ciencia - Catalogo | Letrame Grupo Editorial\",\"isPartOf\":{\"@id\":\"https:\\\/\\\/letrame.com\\\/catalogo\\\/#website\"},\"primaryImageOfPage\":{\"@id\":\"https:\\\/\\\/letrame.com\\\/catalogo\\\/producto\\\/el-padre-de-la-ciencia\\\/#primaryimage\"},\"image\":{\"@id\":\"https:\\\/\\\/letrame.com\\\/catalogo\\\/producto\\\/el-padre-de-la-ciencia\\\/#primaryimage\"},\"thumbnailUrl\":\"https:\\\/\\\/letrame.com\\\/catalogo\\\/wp-content\\\/uploads\\\/2024\\\/04\\\/webportada_elpadredelaciencia_1286mm-compressed.jpg\",\"datePublished\":\"2024-04-29T14:57:06+00:00\",\"dateModified\":\"2024-07-29T14:05:58+00:00\",\"breadcrumb\":{\"@id\":\"https:\\\/\\\/letrame.com\\\/catalogo\\\/producto\\\/el-padre-de-la-ciencia\\\/#breadcrumb\"},\"inLanguage\":\"es\",\"potentialAction\":[{\"@type\":\"ReadAction\",\"target\":[\"https:\\\/\\\/letrame.com\\\/catalogo\\\/producto\\\/el-padre-de-la-ciencia\\\/\"]}]},{\"@type\":\"ImageObject\",\"inLanguage\":\"es\",\"@id\":\"https:\\\/\\\/letrame.com\\\/catalogo\\\/producto\\\/el-padre-de-la-ciencia\\\/#primaryimage\",\"url\":\"https:\\\/\\\/letrame.com\\\/catalogo\\\/wp-content\\\/uploads\\\/2024\\\/04\\\/webportada_elpadredelaciencia_1286mm-compressed.jpg\",\"contentUrl\":\"https:\\\/\\\/letrame.com\\\/catalogo\\\/wp-content\\\/uploads\\\/2024\\\/04\\\/webportada_elpadredelaciencia_1286mm-compressed.jpg\",\"width\":1772,\"height\":2480},{\"@type\":\"BreadcrumbList\",\"@id\":\"https:\\\/\\\/letrame.com\\\/catalogo\\\/producto\\\/el-padre-de-la-ciencia\\\/#breadcrumb\",\"itemListElement\":[{\"@type\":\"ListItem\",\"position\":1,\"name\":\"Portada\",\"item\":\"https:\\\/\\\/letrame.com\\\/catalogo\\\/\"},{\"@type\":\"ListItem\",\"position\":2,\"name\":\"Cat\u00e1logo\",\"item\":\"https:\\\/\\\/letrame.com\\\/catalogo\\\/\"},{\"@type\":\"ListItem\",\"position\":3,\"name\":\"El padre de la ciencia\"}]},{\"@type\":\"WebSite\",\"@id\":\"https:\\\/\\\/letrame.com\\\/catalogo\\\/#website\",\"url\":\"https:\\\/\\\/letrame.com\\\/catalogo\\\/\",\"name\":\"Catalogo | Letrame Grupo Editorial\",\"description\":\"\",\"publisher\":{\"@id\":\"https:\\\/\\\/letrame.com\\\/catalogo\\\/#organization\"},\"potentialAction\":[{\"@type\":\"SearchAction\",\"target\":{\"@type\":\"EntryPoint\",\"urlTemplate\":\"https:\\\/\\\/letrame.com\\\/catalogo\\\/?s={search_term_string}\"},\"query-input\":{\"@type\":\"PropertyValueSpecification\",\"valueRequired\":true,\"valueName\":\"search_term_string\"}}],\"inLanguage\":\"es\"},{\"@type\":\"Organization\",\"@id\":\"https:\\\/\\\/letrame.com\\\/catalogo\\\/#organization\",\"name\":\"Catalogo | Letrame Grupo Editorial\",\"url\":\"https:\\\/\\\/letrame.com\\\/catalogo\\\/\",\"logo\":{\"@type\":\"ImageObject\",\"inLanguage\":\"es\",\"@id\":\"https:\\\/\\\/letrame.com\\\/catalogo\\\/#\\\/schema\\\/logo\\\/image\\\/\",\"url\":\"https:\\\/\\\/letrame.com\\\/catalogo\\\/wp-content\\\/uploads\\\/2024\\\/03\\\/logo2.webp\",\"contentUrl\":\"https:\\\/\\\/letrame.com\\\/catalogo\\\/wp-content\\\/uploads\\\/2024\\\/03\\\/logo2.webp\",\"width\":394,\"height\":128,\"caption\":\"Catalogo | Letrame Grupo Editorial\"},\"image\":{\"@id\":\"https:\\\/\\\/letrame.com\\\/catalogo\\\/#\\\/schema\\\/logo\\\/image\\\/\"}}]}<\/script>\n<!-- \/ Yoast SEO plugin. -->","yoast_head_json":{"title":"El padre de la ciencia - Catalogo | Letrame Grupo Editorial","robots":{"index":"index","follow":"follow","max-snippet":"max-snippet:-1","max-image-preview":"max-image-preview:large","max-video-preview":"max-video-preview:-1"},"canonical":"https:\/\/letrame.com\/catalogo\/producto\/el-padre-de-la-ciencia\/","og_locale":"es_ES","og_type":"article","og_title":"El padre de la ciencia - Catalogo | Letrame Grupo Editorial","og_description":"ISBN:\u00a09788411816472  SINOPSIS \u00bfAlguna vez te has parado a pensar que muchas respuestas a preguntas cient\u00edficas se encuentran en la Biblia? Las doctoras Botelho y Ferreira, con un vasto conocimiento cient\u00edfico, decidieron estudiar la conexi\u00f3n entre ciencia y teolog\u00eda. Descubrieron una perspectiva totalmente diferente de la conexi\u00f3n de dos temas que para muchos parece ser imposible: la correlaci\u00f3n ciencia y Dios.  \u00bfEst\u00e1s dispuesto a descubrir esta correlaci\u00f3n entre Dios y la ciencia?  Porque en este libro encontrar\u00e1s las respuestas de Dios a muchas preguntas a las que no has podido encontrar respuestas. Y inevitablemente este conocimiento cambiar\u00e1 tu forma de ver tu vida.","og_url":"https:\/\/letrame.com\/catalogo\/producto\/el-padre-de-la-ciencia\/","og_site_name":"Catalogo | Letrame Grupo Editorial","article_modified_time":"2024-07-29T14:05:58+00:00","og_image":[{"width":1772,"height":2480,"url":"https:\/\/letrame.com\/catalogo\/wp-content\/uploads\/2024\/04\/webportada_elpadredelaciencia_1286mm-compressed.jpg","type":"image\/jpeg"}],"twitter_card":"summary_large_image","twitter_misc":{"Tiempo de lectura":"1 minuto"},"schema":{"@context":"https:\/\/schema.org","@graph":[{"@type":"WebPage","@id":"https:\/\/letrame.com\/catalogo\/producto\/el-padre-de-la-ciencia\/","url":"https:\/\/letrame.com\/catalogo\/producto\/el-padre-de-la-ciencia\/","name":"El padre de la ciencia - Catalogo | Letrame Grupo Editorial","isPartOf":{"@id":"https:\/\/letrame.com\/catalogo\/#website"},"primaryImageOfPage":{"@id":"https:\/\/letrame.com\/catalogo\/producto\/el-padre-de-la-ciencia\/#primaryimage"},"image":{"@id":"https:\/\/letrame.com\/catalogo\/producto\/el-padre-de-la-ciencia\/#primaryimage"},"thumbnailUrl":"https:\/\/letrame.com\/catalogo\/wp-content\/uploads\/2024\/04\/webportada_elpadredelaciencia_1286mm-compressed.jpg","datePublished":"2024-04-29T14:57:06+00:00","dateModified":"2024-07-29T14:05:58+00:00","breadcrumb":{"@id":"https:\/\/letrame.com\/catalogo\/producto\/el-padre-de-la-ciencia\/#breadcrumb"},"inLanguage":"es","potentialAction":[{"@type":"ReadAction","target":["https:\/\/letrame.com\/catalogo\/producto\/el-padre-de-la-ciencia\/"]}]},{"@type":"ImageObject","inLanguage":"es","@id":"https:\/\/letrame.com\/catalogo\/producto\/el-padre-de-la-ciencia\/#primaryimage","url":"https:\/\/letrame.com\/catalogo\/wp-content\/uploads\/2024\/04\/webportada_elpadredelaciencia_1286mm-compressed.jpg","contentUrl":"https:\/\/letrame.com\/catalogo\/wp-content\/uploads\/2024\/04\/webportada_elpadredelaciencia_1286mm-compressed.jpg","width":1772,"height":2480},{"@type":"BreadcrumbList","@id":"https:\/\/letrame.com\/catalogo\/producto\/el-padre-de-la-ciencia\/#breadcrumb","itemListElement":[{"@type":"ListItem","position":1,"name":"Portada","item":"https:\/\/letrame.com\/catalogo\/"},{"@type":"ListItem","position":2,"name":"Cat\u00e1logo","item":"https:\/\/letrame.com\/catalogo\/"},{"@type":"ListItem","position":3,"name":"El padre de la ciencia"}]},{"@type":"WebSite","@id":"https:\/\/letrame.com\/catalogo\/#website","url":"https:\/\/letrame.com\/catalogo\/","name":"Catalogo | Letrame Grupo Editorial","description":"","publisher":{"@id":"https:\/\/letrame.com\/catalogo\/#organization"},"potentialAction":[{"@type":"SearchAction","target":{"@type":"EntryPoint","urlTemplate":"https:\/\/letrame.com\/catalogo\/?s={search_term_string}"},"query-input":{"@type":"PropertyValueSpecification","valueRequired":true,"valueName":"search_term_string"}}],"inLanguage":"es"},{"@type":"Organization","@id":"https:\/\/letrame.com\/catalogo\/#organization","name":"Catalogo | Letrame Grupo Editorial","url":"https:\/\/letrame.com\/catalogo\/","logo":{"@type":"ImageObject","inLanguage":"es","@id":"https:\/\/letrame.com\/catalogo\/#\/schema\/logo\/image\/","url":"https:\/\/letrame.com\/catalogo\/wp-content\/uploads\/2024\/03\/logo2.webp","contentUrl":"https:\/\/letrame.com\/catalogo\/wp-content\/uploads\/2024\/03\/logo2.webp","width":394,"height":128,"caption":"Catalogo | Letrame Grupo Editorial"},"image":{"@id":"https:\/\/letrame.com\/catalogo\/#\/schema\/logo\/image\/"}}]}},"_links":{"self":[{"href":"https:\/\/letrame.com\/catalogo\/wp-json\/wp\/v2\/product\/99713","targetHints":{"allow":["GET"]}}],"collection":[{"href":"https:\/\/letrame.com\/catalogo\/wp-json\/wp\/v2\/product"}],"about":[{"href":"https:\/\/letrame.com\/catalogo\/wp-json\/wp\/v2\/types\/product"}],"replies":[{"embeddable":true,"href":"https:\/\/letrame.com\/catalogo\/wp-json\/wp\/v2\/comments?post=99713"}],"acf:post":[{"embeddable":true,"href":"https:\/\/letrame.com\/catalogo\/wp-json\/wp\/v2\/author_book\/77982"},{"embeddable":true,"href":"https:\/\/letrame.com\/catalogo\/wp-json\/wp\/v2\/author_book\/77981"}],"wp:featuredmedia":[{"embeddable":true,"href":"https:\/\/letrame.com\/catalogo\/wp-json\/wp\/v2\/media\/99714"}],"wp:attachment":[{"href":"https:\/\/letrame.com\/catalogo\/wp-json\/wp\/v2\/media?parent=99713"}],"wp:term":[{"taxonomy":"libro","embeddable":true,"href":"https:\/\/letrame.com\/catalogo\/wp-json\/wp\/v2\/libro?post=99713"},{"taxonomy":"product_brand","embeddable":true,"href":"https:\/\/letrame.com\/catalogo\/wp-json\/wp\/v2\/product_brand?post=99713"},{"taxonomy":"product_cat","embeddable":true,"href":"https:\/\/letrame.com\/catalogo\/wp-json\/wp\/v2\/product_cat?post=99713"},{"taxonomy":"product_tag","embeddable":true,"href":"https:\/\/letrame.com\/catalogo\/wp-json\/wp\/v2\/product_tag?post=99713"}],"curies":[{"name":"wp","href":"https:\/\/api.w.org\/{rel}","templated":true}]}}