{"id":99711,"date":"2024-04-29T16:57:06","date_gmt":"2024-04-29T14:57:06","guid":{"rendered":"https:\/\/letrame.com\/catalogo\/producto\/la-cuestion-nacional-una-asignatura-pendiente-para-la-creacion-de-una-teoria-de-las-relaciones-internacionales\/"},"modified":"2024-04-29T16:57:06","modified_gmt":"2024-04-29T14:57:06","slug":"la-cuestion-nacional-una-asignatura-pendiente-para-la-creacion-de-una-teoria-de-las-relaciones-internacionales","status":"publish","type":"product","link":"https:\/\/letrame.com\/catalogo\/producto\/la-cuestion-nacional-una-asignatura-pendiente-para-la-creacion-de-una-teoria-de-las-relaciones-internacionales\/","title":{"rendered":"La cuesti\u00f3n nacional, una asignatura pendiente para la creaci\u00f3n de una teor\u00eda de las relaciones internacionales"},"content":{"rendered":"<p>ISBN:\u00a09788411814850<br \/>\nT\u00edtulo:_La cuesti\u00f3n nacional, una asignatura pendiente para la creaci\u00f3n de una teor\u00eda de las relaciones internacionales<br \/>\nFecha:_2023<br \/>\nP\u00e1ginas:\u00a0548<br \/>\nSINOPSIS<br \/>\nPrevio al surgimiento de las rep\u00fablicas las relaciones humanas eran de poder religioso y militar, basados en los derechos de los dioses y por tanto  la guerra religiosa.<br \/>\nCon la aparici\u00f3n de las rep\u00fablicas y el surgimiento del \u00abhombre libre\u00bb, el derecho a la guerra desaparece y da inicio a relaciones internacionales entre estados nacionales con igualdad jur\u00eddica, independencia y soberan\u00eda., ninguna rep\u00fablica establece el derecho a la invasi\u00f3n  o guerra para destruir a otra naci\u00f3n, cultura o sociedad.<\/p>\n<p>El mundo de las naciones se origina y consolida en el continente americano durante los siglos XVII y XVIII. El resto del mundo tendr\u00e1 que sufrir dos Guerras Mundiales, y la Guerra Fr\u00eda para reconocer los derechos civiles. <\/p>\n<p>Desde entonces, los imperios religiosos retan a las rep\u00fablicas, apoyadas por monarqu\u00edas y estados religiosos. Los peque\u00f1os dictadores religiosos al interno de las rep\u00fablicas se disfrazan de guerrilleros y defienden la libertad religiosa contra la libertad de culto. En la rep\u00fablica se puede ser ateo en el trabajo, id\u00f3latra de Venus en el almuerzo, o Baco y Morfeo por las noches; de Hu_tzil_p_chtli durante un evento deportivo, sin cometer delito por cambiar de religi\u00f3n o priorizar la ciencia sobre las mitolog\u00edas.  <\/p>\n<p>Las Constituciones republicanas establecen los derechos ciudadanos y sociales, en contraste a los divinos o naturales, pues la naturaleza no otorga ning\u00fan derecho, El \u00abhombre libre\u00bb del continente americano inspir\u00f3 cosmogon\u00edas como el liberalismo y marxismo. Hoy d\u00eda los imperios religiosos no pagan impuestos, tienen sus propias reglas, exigen tributos a sus fieles. Y ejercen el derecho de guerra religiosa para imponer sus dioses. <\/p>\n<p>Por esto el Mundo de las Naciones contin\u00faa siendo una asignatura pendiente.<\/p>\n","protected":false},"excerpt":{"rendered":"<p>ISBN:\u00a09788411814850<\/p>\n<p>SINOPSIS<br \/>\nPrevio al surgimiento de las rep\u00fablicas las relaciones humanas eran de poder religioso y militar, basados en los derechos de los dioses y por tanto  la guerra religiosa.<br \/>\nCon la aparici\u00f3n de las rep\u00fablicas y el surgimiento del \u00abhombre libre\u00bb, el derecho a la guerra desaparece y da inicio a relaciones internacionales entre estados nacionales con igualdad jur\u00eddica, independencia y soberan\u00eda., ninguna rep\u00fablica establece el derecho a la invasi\u00f3n  o guerra para destruir a otra naci\u00f3n, cultura o sociedad.<\/p>\n<p>El mundo de las naciones se origina y consolida en el continente americano durante los siglos XVII y XVIII. El resto del mundo tendr\u00e1 que sufrir dos Guerras Mundiales, y la Guerra Fr\u00eda para reconocer los derechos civiles.<\/p>\n<p>Desde entonces, los imperios religiosos retan a las rep\u00fablicas, apoyadas por monarqu\u00edas y estados religiosos. Los peque\u00f1os dictadores religiosos al interno de las rep\u00fablicas se disfrazan de guerrilleros y defienden la libertad religiosa contra la libertad de culto. En la rep\u00fablica se puede ser ateo en el trabajo, id\u00f3latra de Venus en el almuerzo, o Baco y Morfeo por las noches; de Hu_tzil_p_chtli durante un evento deportivo, sin cometer delito por cambiar de religi\u00f3n o priorizar la ciencia sobre las mitolog\u00edas.<\/p>\n<p>Las Constituciones republicanas establecen los derechos ciudadanos y sociales, en contraste a los divinos o naturales, pues la naturaleza no otorga ning\u00fan derecho, El \u00abhombre libre\u00bb del continente americano inspir\u00f3 cosmogon\u00edas como el liberalismo y marxismo. Hoy d\u00eda los imperios religiosos no pagan impuestos, tienen sus propias reglas, exigen tributos a sus fieles. Y ejercen el derecho de guerra religiosa para imponer sus dioses.<\/p>\n<p>Por esto el Mundo de las Naciones contin\u00faa siendo una asignatura pendiente.<\/p>\n","protected":false},"featured_media":99712,"comment_status":"closed","ping_status":"open","template":"","meta":{"_acf_changed":false},"libro":[],"product_brand":[],"product_cat":[29],"product_tag":[],"class_list":{"0":"post-99711","1":"product","2":"type-product","3":"status-publish","4":"has-post-thumbnail","6":"product_cat-novela-historica","8":"first","9":"instock","10":"product-type-simple"},"acf":{"autor":[77979],"enlace_de_compra":"https:\/\/www.amazon.es\/cuesti%C3%B3n-asignatura-pendiente-relaciones-internacionales\/dp\/8411814858"},"yoast_head":"<!-- This site is optimized with the Yoast SEO plugin v27.4 - https:\/\/yoast.com\/product\/yoast-seo-wordpress\/ -->\n<title>La cuesti\u00f3n nacional, una asignatura pendiente para la creaci\u00f3n de una teor\u00eda de las relaciones internacionales - Catalogo | Letrame Grupo Editorial<\/title>\n<meta name=\"robots\" content=\"index, follow, max-snippet:-1, max-image-preview:large, max-video-preview:-1\" \/>\n<link rel=\"canonical\" href=\"https:\/\/letrame.com\/catalogo\/producto\/la-cuestion-nacional-una-asignatura-pendiente-para-la-creacion-de-una-teoria-de-las-relaciones-internacionales\/\" \/>\n<meta property=\"og:locale\" content=\"es_ES\" \/>\n<meta property=\"og:type\" content=\"article\" \/>\n<meta property=\"og:title\" content=\"La cuesti\u00f3n nacional, una asignatura pendiente para la creaci\u00f3n de una teor\u00eda de las relaciones internacionales - Catalogo | Letrame Grupo Editorial\" \/>\n<meta property=\"og:description\" content=\"ISBN:\u00a09788411814850 SINOPSIS Previo al surgimiento de las rep\u00fablicas las relaciones humanas eran de poder religioso y militar, basados en los derechos de los dioses y por tanto la guerra religiosa. Con la aparici\u00f3n de las rep\u00fablicas y el surgimiento del \u00abhombre libre\u00bb, el derecho a la guerra desaparece y da inicio a relaciones internacionales entre estados nacionales con igualdad jur\u00eddica, independencia y soberan\u00eda., ninguna rep\u00fablica establece el derecho a la invasi\u00f3n o guerra para destruir a otra naci\u00f3n, cultura o sociedad.  El mundo de las naciones se origina y consolida en el continente americano durante los siglos XVII y XVIII. El resto del mundo tendr\u00e1 que sufrir dos Guerras Mundiales, y la Guerra Fr\u00eda para reconocer los derechos civiles. Desde entonces, los imperios religiosos retan a las rep\u00fablicas, apoyadas por monarqu\u00edas y estados religiosos. Los peque\u00f1os dictadores religiosos al interno de las rep\u00fablicas se disfrazan de guerrilleros y defienden la libertad religiosa contra la libertad de culto. En la rep\u00fablica se puede ser ateo en el trabajo, id\u00f3latra de Venus en el almuerzo, o Baco y Morfeo por las noches; de Hu_tzil_p_chtli durante un evento deportivo, sin cometer delito por cambiar de religi\u00f3n o priorizar la ciencia sobre las mitolog\u00edas.  Las Constituciones republicanas establecen los derechos ciudadanos y sociales, en contraste a los divinos o naturales, pues la naturaleza no otorga ning\u00fan derecho, El \u00abhombre libre\u00bb del continente americano inspir\u00f3 cosmogon\u00edas como el liberalismo y marxismo. Hoy d\u00eda los imperios religiosos no pagan impuestos, tienen sus propias reglas, exigen tributos a sus fieles. Y ejercen el derecho de guerra religiosa para imponer sus dioses. Por esto el Mundo de las Naciones contin\u00faa siendo una asignatura pendiente.\" \/>\n<meta property=\"og:url\" content=\"https:\/\/letrame.com\/catalogo\/producto\/la-cuestion-nacional-una-asignatura-pendiente-para-la-creacion-de-una-teoria-de-las-relaciones-internacionales\/\" \/>\n<meta property=\"og:site_name\" content=\"Catalogo | Letrame Grupo Editorial\" \/>\n<meta property=\"og:image\" content=\"https:\/\/letrame.com\/catalogo\/wp-content\/uploads\/2024\/04\/webportada_laquestion_2634mm-compressed-scaled-1.jpg\" \/>\n\t<meta property=\"og:image:width\" content=\"1746\" \/>\n\t<meta property=\"og:image:height\" content=\"2560\" \/>\n\t<meta property=\"og:image:type\" content=\"image\/jpeg\" \/>\n<meta name=\"twitter:card\" content=\"summary_large_image\" \/>\n<meta name=\"twitter:label1\" content=\"Tiempo de lectura\" \/>\n\t<meta name=\"twitter:data1\" content=\"2 minutos\" \/>\n<script type=\"application\/ld+json\" class=\"yoast-schema-graph\">{\"@context\":\"https:\\\/\\\/schema.org\",\"@graph\":[{\"@type\":\"WebPage\",\"@id\":\"https:\\\/\\\/letrame.com\\\/catalogo\\\/producto\\\/la-cuestion-nacional-una-asignatura-pendiente-para-la-creacion-de-una-teoria-de-las-relaciones-internacionales\\\/\",\"url\":\"https:\\\/\\\/letrame.com\\\/catalogo\\\/producto\\\/la-cuestion-nacional-una-asignatura-pendiente-para-la-creacion-de-una-teoria-de-las-relaciones-internacionales\\\/\",\"name\":\"La cuesti\u00f3n nacional, una asignatura pendiente para la creaci\u00f3n de una teor\u00eda de las relaciones internacionales - Catalogo | Letrame Grupo Editorial\",\"isPartOf\":{\"@id\":\"https:\\\/\\\/letrame.com\\\/catalogo\\\/#website\"},\"primaryImageOfPage\":{\"@id\":\"https:\\\/\\\/letrame.com\\\/catalogo\\\/producto\\\/la-cuestion-nacional-una-asignatura-pendiente-para-la-creacion-de-una-teoria-de-las-relaciones-internacionales\\\/#primaryimage\"},\"image\":{\"@id\":\"https:\\\/\\\/letrame.com\\\/catalogo\\\/producto\\\/la-cuestion-nacional-una-asignatura-pendiente-para-la-creacion-de-una-teoria-de-las-relaciones-internacionales\\\/#primaryimage\"},\"thumbnailUrl\":\"https:\\\/\\\/letrame.com\\\/catalogo\\\/wp-content\\\/uploads\\\/2024\\\/04\\\/webportada_laquestion_2634mm-compressed-scaled-1.jpg\",\"datePublished\":\"2024-04-29T14:57:06+00:00\",\"breadcrumb\":{\"@id\":\"https:\\\/\\\/letrame.com\\\/catalogo\\\/producto\\\/la-cuestion-nacional-una-asignatura-pendiente-para-la-creacion-de-una-teoria-de-las-relaciones-internacionales\\\/#breadcrumb\"},\"inLanguage\":\"es\",\"potentialAction\":[{\"@type\":\"ReadAction\",\"target\":[\"https:\\\/\\\/letrame.com\\\/catalogo\\\/producto\\\/la-cuestion-nacional-una-asignatura-pendiente-para-la-creacion-de-una-teoria-de-las-relaciones-internacionales\\\/\"]}]},{\"@type\":\"ImageObject\",\"inLanguage\":\"es\",\"@id\":\"https:\\\/\\\/letrame.com\\\/catalogo\\\/producto\\\/la-cuestion-nacional-una-asignatura-pendiente-para-la-creacion-de-una-teoria-de-las-relaciones-internacionales\\\/#primaryimage\",\"url\":\"https:\\\/\\\/letrame.com\\\/catalogo\\\/wp-content\\\/uploads\\\/2024\\\/04\\\/webportada_laquestion_2634mm-compressed-scaled-1.jpg\",\"contentUrl\":\"https:\\\/\\\/letrame.com\\\/catalogo\\\/wp-content\\\/uploads\\\/2024\\\/04\\\/webportada_laquestion_2634mm-compressed-scaled-1.jpg\",\"width\":1746,\"height\":2560},{\"@type\":\"BreadcrumbList\",\"@id\":\"https:\\\/\\\/letrame.com\\\/catalogo\\\/producto\\\/la-cuestion-nacional-una-asignatura-pendiente-para-la-creacion-de-una-teoria-de-las-relaciones-internacionales\\\/#breadcrumb\",\"itemListElement\":[{\"@type\":\"ListItem\",\"position\":1,\"name\":\"Portada\",\"item\":\"https:\\\/\\\/letrame.com\\\/catalogo\\\/\"},{\"@type\":\"ListItem\",\"position\":2,\"name\":\"Cat\u00e1logo\",\"item\":\"https:\\\/\\\/letrame.com\\\/catalogo\\\/\"},{\"@type\":\"ListItem\",\"position\":3,\"name\":\"La cuesti\u00f3n nacional, una asignatura pendiente para la creaci\u00f3n de una teor\u00eda de las relaciones internacionales\"}]},{\"@type\":\"WebSite\",\"@id\":\"https:\\\/\\\/letrame.com\\\/catalogo\\\/#website\",\"url\":\"https:\\\/\\\/letrame.com\\\/catalogo\\\/\",\"name\":\"Catalogo | Letrame Grupo Editorial\",\"description\":\"\",\"publisher\":{\"@id\":\"https:\\\/\\\/letrame.com\\\/catalogo\\\/#organization\"},\"potentialAction\":[{\"@type\":\"SearchAction\",\"target\":{\"@type\":\"EntryPoint\",\"urlTemplate\":\"https:\\\/\\\/letrame.com\\\/catalogo\\\/?s={search_term_string}\"},\"query-input\":{\"@type\":\"PropertyValueSpecification\",\"valueRequired\":true,\"valueName\":\"search_term_string\"}}],\"inLanguage\":\"es\"},{\"@type\":\"Organization\",\"@id\":\"https:\\\/\\\/letrame.com\\\/catalogo\\\/#organization\",\"name\":\"Catalogo | Letrame Grupo Editorial\",\"url\":\"https:\\\/\\\/letrame.com\\\/catalogo\\\/\",\"logo\":{\"@type\":\"ImageObject\",\"inLanguage\":\"es\",\"@id\":\"https:\\\/\\\/letrame.com\\\/catalogo\\\/#\\\/schema\\\/logo\\\/image\\\/\",\"url\":\"https:\\\/\\\/letrame.com\\\/catalogo\\\/wp-content\\\/uploads\\\/2024\\\/03\\\/logo2.webp\",\"contentUrl\":\"https:\\\/\\\/letrame.com\\\/catalogo\\\/wp-content\\\/uploads\\\/2024\\\/03\\\/logo2.webp\",\"width\":394,\"height\":128,\"caption\":\"Catalogo | Letrame Grupo Editorial\"},\"image\":{\"@id\":\"https:\\\/\\\/letrame.com\\\/catalogo\\\/#\\\/schema\\\/logo\\\/image\\\/\"}}]}<\/script>\n<!-- \/ Yoast SEO plugin. -->","yoast_head_json":{"title":"La cuesti\u00f3n nacional, una asignatura pendiente para la creaci\u00f3n de una teor\u00eda de las relaciones internacionales - Catalogo | Letrame Grupo Editorial","robots":{"index":"index","follow":"follow","max-snippet":"max-snippet:-1","max-image-preview":"max-image-preview:large","max-video-preview":"max-video-preview:-1"},"canonical":"https:\/\/letrame.com\/catalogo\/producto\/la-cuestion-nacional-una-asignatura-pendiente-para-la-creacion-de-una-teoria-de-las-relaciones-internacionales\/","og_locale":"es_ES","og_type":"article","og_title":"La cuesti\u00f3n nacional, una asignatura pendiente para la creaci\u00f3n de una teor\u00eda de las relaciones internacionales - Catalogo | Letrame Grupo Editorial","og_description":"ISBN:\u00a09788411814850 SINOPSIS Previo al surgimiento de las rep\u00fablicas las relaciones humanas eran de poder religioso y militar, basados en los derechos de los dioses y por tanto la guerra religiosa. Con la aparici\u00f3n de las rep\u00fablicas y el surgimiento del \u00abhombre libre\u00bb, el derecho a la guerra desaparece y da inicio a relaciones internacionales entre estados nacionales con igualdad jur\u00eddica, independencia y soberan\u00eda., ninguna rep\u00fablica establece el derecho a la invasi\u00f3n o guerra para destruir a otra naci\u00f3n, cultura o sociedad.  El mundo de las naciones se origina y consolida en el continente americano durante los siglos XVII y XVIII. El resto del mundo tendr\u00e1 que sufrir dos Guerras Mundiales, y la Guerra Fr\u00eda para reconocer los derechos civiles. Desde entonces, los imperios religiosos retan a las rep\u00fablicas, apoyadas por monarqu\u00edas y estados religiosos. Los peque\u00f1os dictadores religiosos al interno de las rep\u00fablicas se disfrazan de guerrilleros y defienden la libertad religiosa contra la libertad de culto. En la rep\u00fablica se puede ser ateo en el trabajo, id\u00f3latra de Venus en el almuerzo, o Baco y Morfeo por las noches; de Hu_tzil_p_chtli durante un evento deportivo, sin cometer delito por cambiar de religi\u00f3n o priorizar la ciencia sobre las mitolog\u00edas.  Las Constituciones republicanas establecen los derechos ciudadanos y sociales, en contraste a los divinos o naturales, pues la naturaleza no otorga ning\u00fan derecho, El \u00abhombre libre\u00bb del continente americano inspir\u00f3 cosmogon\u00edas como el liberalismo y marxismo. Hoy d\u00eda los imperios religiosos no pagan impuestos, tienen sus propias reglas, exigen tributos a sus fieles. Y ejercen el derecho de guerra religiosa para imponer sus dioses. Por esto el Mundo de las Naciones contin\u00faa siendo una asignatura pendiente.","og_url":"https:\/\/letrame.com\/catalogo\/producto\/la-cuestion-nacional-una-asignatura-pendiente-para-la-creacion-de-una-teoria-de-las-relaciones-internacionales\/","og_site_name":"Catalogo | Letrame Grupo Editorial","og_image":[{"width":1746,"height":2560,"url":"https:\/\/letrame.com\/catalogo\/wp-content\/uploads\/2024\/04\/webportada_laquestion_2634mm-compressed-scaled-1.jpg","type":"image\/jpeg"}],"twitter_card":"summary_large_image","twitter_misc":{"Tiempo de lectura":"2 minutos"},"schema":{"@context":"https:\/\/schema.org","@graph":[{"@type":"WebPage","@id":"https:\/\/letrame.com\/catalogo\/producto\/la-cuestion-nacional-una-asignatura-pendiente-para-la-creacion-de-una-teoria-de-las-relaciones-internacionales\/","url":"https:\/\/letrame.com\/catalogo\/producto\/la-cuestion-nacional-una-asignatura-pendiente-para-la-creacion-de-una-teoria-de-las-relaciones-internacionales\/","name":"La cuesti\u00f3n nacional, una asignatura pendiente para la creaci\u00f3n de una teor\u00eda de las relaciones internacionales - Catalogo | Letrame Grupo Editorial","isPartOf":{"@id":"https:\/\/letrame.com\/catalogo\/#website"},"primaryImageOfPage":{"@id":"https:\/\/letrame.com\/catalogo\/producto\/la-cuestion-nacional-una-asignatura-pendiente-para-la-creacion-de-una-teoria-de-las-relaciones-internacionales\/#primaryimage"},"image":{"@id":"https:\/\/letrame.com\/catalogo\/producto\/la-cuestion-nacional-una-asignatura-pendiente-para-la-creacion-de-una-teoria-de-las-relaciones-internacionales\/#primaryimage"},"thumbnailUrl":"https:\/\/letrame.com\/catalogo\/wp-content\/uploads\/2024\/04\/webportada_laquestion_2634mm-compressed-scaled-1.jpg","datePublished":"2024-04-29T14:57:06+00:00","breadcrumb":{"@id":"https:\/\/letrame.com\/catalogo\/producto\/la-cuestion-nacional-una-asignatura-pendiente-para-la-creacion-de-una-teoria-de-las-relaciones-internacionales\/#breadcrumb"},"inLanguage":"es","potentialAction":[{"@type":"ReadAction","target":["https:\/\/letrame.com\/catalogo\/producto\/la-cuestion-nacional-una-asignatura-pendiente-para-la-creacion-de-una-teoria-de-las-relaciones-internacionales\/"]}]},{"@type":"ImageObject","inLanguage":"es","@id":"https:\/\/letrame.com\/catalogo\/producto\/la-cuestion-nacional-una-asignatura-pendiente-para-la-creacion-de-una-teoria-de-las-relaciones-internacionales\/#primaryimage","url":"https:\/\/letrame.com\/catalogo\/wp-content\/uploads\/2024\/04\/webportada_laquestion_2634mm-compressed-scaled-1.jpg","contentUrl":"https:\/\/letrame.com\/catalogo\/wp-content\/uploads\/2024\/04\/webportada_laquestion_2634mm-compressed-scaled-1.jpg","width":1746,"height":2560},{"@type":"BreadcrumbList","@id":"https:\/\/letrame.com\/catalogo\/producto\/la-cuestion-nacional-una-asignatura-pendiente-para-la-creacion-de-una-teoria-de-las-relaciones-internacionales\/#breadcrumb","itemListElement":[{"@type":"ListItem","position":1,"name":"Portada","item":"https:\/\/letrame.com\/catalogo\/"},{"@type":"ListItem","position":2,"name":"Cat\u00e1logo","item":"https:\/\/letrame.com\/catalogo\/"},{"@type":"ListItem","position":3,"name":"La cuesti\u00f3n nacional, una asignatura pendiente para la creaci\u00f3n de una teor\u00eda de las relaciones internacionales"}]},{"@type":"WebSite","@id":"https:\/\/letrame.com\/catalogo\/#website","url":"https:\/\/letrame.com\/catalogo\/","name":"Catalogo | Letrame Grupo Editorial","description":"","publisher":{"@id":"https:\/\/letrame.com\/catalogo\/#organization"},"potentialAction":[{"@type":"SearchAction","target":{"@type":"EntryPoint","urlTemplate":"https:\/\/letrame.com\/catalogo\/?s={search_term_string}"},"query-input":{"@type":"PropertyValueSpecification","valueRequired":true,"valueName":"search_term_string"}}],"inLanguage":"es"},{"@type":"Organization","@id":"https:\/\/letrame.com\/catalogo\/#organization","name":"Catalogo | Letrame Grupo Editorial","url":"https:\/\/letrame.com\/catalogo\/","logo":{"@type":"ImageObject","inLanguage":"es","@id":"https:\/\/letrame.com\/catalogo\/#\/schema\/logo\/image\/","url":"https:\/\/letrame.com\/catalogo\/wp-content\/uploads\/2024\/03\/logo2.webp","contentUrl":"https:\/\/letrame.com\/catalogo\/wp-content\/uploads\/2024\/03\/logo2.webp","width":394,"height":128,"caption":"Catalogo | Letrame Grupo Editorial"},"image":{"@id":"https:\/\/letrame.com\/catalogo\/#\/schema\/logo\/image\/"}}]}},"_links":{"self":[{"href":"https:\/\/letrame.com\/catalogo\/wp-json\/wp\/v2\/product\/99711","targetHints":{"allow":["GET"]}}],"collection":[{"href":"https:\/\/letrame.com\/catalogo\/wp-json\/wp\/v2\/product"}],"about":[{"href":"https:\/\/letrame.com\/catalogo\/wp-json\/wp\/v2\/types\/product"}],"replies":[{"embeddable":true,"href":"https:\/\/letrame.com\/catalogo\/wp-json\/wp\/v2\/comments?post=99711"}],"acf:post":[{"embeddable":true,"href":"https:\/\/letrame.com\/catalogo\/wp-json\/wp\/v2\/author_book\/77979"}],"wp:featuredmedia":[{"embeddable":true,"href":"https:\/\/letrame.com\/catalogo\/wp-json\/wp\/v2\/media\/99712"}],"wp:attachment":[{"href":"https:\/\/letrame.com\/catalogo\/wp-json\/wp\/v2\/media?parent=99711"}],"wp:term":[{"taxonomy":"libro","embeddable":true,"href":"https:\/\/letrame.com\/catalogo\/wp-json\/wp\/v2\/libro?post=99711"},{"taxonomy":"product_brand","embeddable":true,"href":"https:\/\/letrame.com\/catalogo\/wp-json\/wp\/v2\/product_brand?post=99711"},{"taxonomy":"product_cat","embeddable":true,"href":"https:\/\/letrame.com\/catalogo\/wp-json\/wp\/v2\/product_cat?post=99711"},{"taxonomy":"product_tag","embeddable":true,"href":"https:\/\/letrame.com\/catalogo\/wp-json\/wp\/v2\/product_tag?post=99711"}],"curies":[{"name":"wp","href":"https:\/\/api.w.org\/{rel}","templated":true}]}}