{"id":99700,"date":"2024-04-29T16:55:49","date_gmt":"2024-04-29T14:55:49","guid":{"rendered":"https:\/\/letrame.com\/catalogo\/producto\/relatos-de-un-obrero-itinerante\/"},"modified":"2024-04-29T16:55:50","modified_gmt":"2024-04-29T14:55:50","slug":"relatos-de-un-obrero-itinerante","status":"publish","type":"product","link":"https:\/\/letrame.com\/catalogo\/producto\/relatos-de-un-obrero-itinerante\/","title":{"rendered":"Relatos de un obrero itinerante"},"content":{"rendered":"<p>ISBN:\u00a09788411816144<br \/>\nT\u00edtulo:_Relatos de un obrero itinerante<br \/>\nFecha:_2023<br \/>\nP\u00e1ginas:\u00a0230<br \/>\nSINOPSIS<br \/>\nLos relatos que aqu\u00ed se presentan lo m\u00e1s probable es que ya no tengan nada que ver con los tiempos actuales, pero definitivamente representan un tiempo anterior no muy lejano a este. En los relatos se muestra una especie de transici\u00f3n generacional, la cual casi pasa desapercibida por la vor\u00e1gine del paso del tiempo, durante la cual nada permanece, y esta disociaci\u00f3n a con la cotidianidad crea una incomprensi\u00f3n de la \u00e9poca.<br \/>\nLos hechos que se narran a lo largo del texto han sido rescatados de su inevitable olvido y se les re\u00fane aqu\u00ed para mostrar una realidad que, por culpa de las prisas de la vida y de la infinidad de entretenimiento digital, no se es capaz de retener en la memoria y otorgarles tiempo y reflexi\u00f3n.<br \/>\nCada relato tiene su principio en la realidad del cada d\u00eda, tan solo el drama que les envuelve es creado por la imaginaci\u00f3n. Es un intento de \u00abmagnificar\u00bb los hechos para as\u00ed pretender hacer de estos algo art\u00edstico, es decir, que hagan mella en la consciencia del lector.<br \/>\nLa variedad tem\u00e1tica entre cada relato le otorga cierta din\u00e1mica al libro, la cual, abre un abanico contextual que permite que sea le\u00eddo por cualquier persona que sea sensible a con los acontecimientos contempor\u00e1neos.<br \/>\nEl presente producto literario no tiene como fin descubrir el hilo negro ni mucho menos crear un sistema filos\u00f3fico; o decir al lector cual es la forma m\u00e1s correcta de vivir para llegar a ser felices; o que la vida es bella; para eso est\u00e1n los gur\u00fas del esp\u00edritu.<br \/>\nSe espera, por supuesto, que cada persona que se adentre en estas p\u00e1ginas las disfrute, las ame o las aborrezca. Como quiera, el fin es que, ya sea am\u00e1ndolas o aborreci\u00e9ndolas, incite a la reflexi\u00f3n y a la concientizaci\u00f3n de este fragmento de realidad.<\/p>\n","protected":false},"excerpt":{"rendered":"<p>ISBN:\u00a09788411816144<\/p>\n<p>SINOPSIS<br \/>\nLos relatos que aqu\u00ed se presentan lo m\u00e1s probable es que ya no tengan nada que ver con los tiempos actuales, pero definitivamente representan un tiempo anterior no muy lejano a este. En los relatos se muestra una especie de transici\u00f3n generacional, la cual casi pasa desapercibida por la vor\u00e1gine del paso del tiempo, durante la cual nada permanece, y esta disociaci\u00f3n a con la cotidianidad crea una incomprensi\u00f3n de la \u00e9poca.<br \/>\nLos hechos que se narran a lo largo del texto han sido rescatados de su inevitable olvido y se les re\u00fane aqu\u00ed para mostrar una realidad que, por culpa de las prisas de la vida y de la infinidad de entretenimiento digital, no se es capaz de retener en la memoria y otorgarles tiempo y reflexi\u00f3n.<br \/>\nCada relato tiene su principio en la realidad del cada d\u00eda, tan solo el drama que les envuelve es creado por la imaginaci\u00f3n. Es un intento de \u00abmagnificar\u00bb los hechos para as\u00ed pretender hacer de estos algo art\u00edstico, es decir, que hagan mella en la consciencia del lector.<br \/>\nLa variedad tem\u00e1tica entre cada relato le otorga cierta din\u00e1mica al libro, la cual, abre un abanico contextual que permite que sea le\u00eddo por cualquier persona que sea sensible a con los acontecimientos contempor\u00e1neos.<br \/>\nEl presente producto literario no tiene como fin descubrir el hilo negro ni mucho menos crear un sistema filos\u00f3fico; o decir al lector cual es la forma m\u00e1s correcta de vivir para llegar a ser felices; o que la vida es bella; para eso est\u00e1n los gur\u00fas del esp\u00edritu.<br \/>\nSe espera, por supuesto, que cada persona que se adentre en estas p\u00e1ginas las disfrute, las ame o las aborrezca. Como quiera, el fin es que, ya sea am\u00e1ndolas o aborreci\u00e9ndolas, incite a la reflexi\u00f3n y a la concientizaci\u00f3n de este fragmento de realidad.<\/p>\n","protected":false},"featured_media":99701,"comment_status":"closed","ping_status":"open","template":"","meta":{"_acf_changed":false},"libro":[],"product_brand":[],"product_cat":[30],"product_tag":[],"class_list":{"0":"post-99700","1":"product","2":"type-product","3":"status-publish","4":"has-post-thumbnail","6":"product_cat-desarrollo-personal-y-autoconocimiento","8":"first","9":"instock","10":"product-type-simple"},"acf":{"autor":[77970],"enlace_de_compra":"https:\/\/www.amazon.es\/Relatos-obrero-itinerante-Iv%C3%A1n-Antuna\/dp\/8411816141"},"yoast_head":"<!-- This site is optimized with the Yoast SEO plugin v27.4 - https:\/\/yoast.com\/product\/yoast-seo-wordpress\/ -->\n<title>Relatos de un obrero itinerante - Catalogo | Letrame Grupo Editorial<\/title>\n<meta name=\"robots\" content=\"index, follow, max-snippet:-1, max-image-preview:large, max-video-preview:-1\" \/>\n<link rel=\"canonical\" href=\"https:\/\/letrame.com\/catalogo\/producto\/relatos-de-un-obrero-itinerante\/\" \/>\n<meta property=\"og:locale\" content=\"es_ES\" \/>\n<meta property=\"og:type\" content=\"article\" \/>\n<meta property=\"og:title\" content=\"Relatos de un obrero itinerante - Catalogo | Letrame Grupo Editorial\" \/>\n<meta property=\"og:description\" content=\"ISBN:\u00a09788411816144 SINOPSIS Los relatos que aqu\u00ed se presentan lo m\u00e1s probable es que ya no tengan nada que ver con los tiempos actuales, pero definitivamente representan un tiempo anterior no muy lejano a este. En los relatos se muestra una especie de transici\u00f3n generacional, la cual casi pasa desapercibida por la vor\u00e1gine del paso del tiempo, durante la cual nada permanece, y esta disociaci\u00f3n a con la cotidianidad crea una incomprensi\u00f3n de la \u00e9poca. Los hechos que se narran a lo largo del texto han sido rescatados de su inevitable olvido y se les re\u00fane aqu\u00ed para mostrar una realidad que, por culpa de las prisas de la vida y de la infinidad de entretenimiento digital, no se es capaz de retener en la memoria y otorgarles tiempo y reflexi\u00f3n. Cada relato tiene su principio en la realidad del cada d\u00eda, tan solo el drama que les envuelve es creado por la imaginaci\u00f3n. Es un intento de \u00abmagnificar\u00bb los hechos para as\u00ed pretender hacer de estos algo art\u00edstico, es decir, que hagan mella en la consciencia del lector. La variedad tem\u00e1tica entre cada relato le otorga cierta din\u00e1mica al libro, la cual, abre un abanico contextual que permite que sea le\u00eddo por cualquier persona que sea sensible a con los acontecimientos contempor\u00e1neos. El presente producto literario no tiene como fin descubrir el hilo negro ni mucho menos crear un sistema filos\u00f3fico; o decir al lector cual es la forma m\u00e1s correcta de vivir para llegar a ser felices; o que la vida es bella; para eso est\u00e1n los gur\u00fas del esp\u00edritu. Se espera, por supuesto, que cada persona que se adentre en estas p\u00e1ginas las disfrute, las ame o las aborrezca. Como quiera, el fin es que, ya sea am\u00e1ndolas o aborreci\u00e9ndolas, incite a la reflexi\u00f3n y a la concientizaci\u00f3n de este fragmento de realidad.\" \/>\n<meta property=\"og:url\" content=\"https:\/\/letrame.com\/catalogo\/producto\/relatos-de-un-obrero-itinerante\/\" \/>\n<meta property=\"og:site_name\" content=\"Catalogo | Letrame Grupo Editorial\" \/>\n<meta property=\"article:modified_time\" content=\"2024-04-29T14:55:50+00:00\" \/>\n<meta property=\"og:image\" content=\"https:\/\/letrame.com\/catalogo\/wp-content\/uploads\/2024\/04\/webrelatosdeunobrero_1168mm-compressed.jpg\" \/>\n\t<meta property=\"og:image:width\" content=\"1654\" \/>\n\t<meta property=\"og:image:height\" content=\"2362\" \/>\n\t<meta property=\"og:image:type\" content=\"image\/jpeg\" \/>\n<meta name=\"twitter:card\" content=\"summary_large_image\" \/>\n<meta name=\"twitter:label1\" content=\"Tiempo de lectura\" \/>\n\t<meta name=\"twitter:data1\" content=\"2 minutos\" \/>\n<script type=\"application\/ld+json\" class=\"yoast-schema-graph\">{\"@context\":\"https:\\\/\\\/schema.org\",\"@graph\":[{\"@type\":\"WebPage\",\"@id\":\"https:\\\/\\\/letrame.com\\\/catalogo\\\/producto\\\/relatos-de-un-obrero-itinerante\\\/\",\"url\":\"https:\\\/\\\/letrame.com\\\/catalogo\\\/producto\\\/relatos-de-un-obrero-itinerante\\\/\",\"name\":\"Relatos de un obrero itinerante - Catalogo | Letrame Grupo Editorial\",\"isPartOf\":{\"@id\":\"https:\\\/\\\/letrame.com\\\/catalogo\\\/#website\"},\"primaryImageOfPage\":{\"@id\":\"https:\\\/\\\/letrame.com\\\/catalogo\\\/producto\\\/relatos-de-un-obrero-itinerante\\\/#primaryimage\"},\"image\":{\"@id\":\"https:\\\/\\\/letrame.com\\\/catalogo\\\/producto\\\/relatos-de-un-obrero-itinerante\\\/#primaryimage\"},\"thumbnailUrl\":\"https:\\\/\\\/letrame.com\\\/catalogo\\\/wp-content\\\/uploads\\\/2024\\\/04\\\/webrelatosdeunobrero_1168mm-compressed.jpg\",\"datePublished\":\"2024-04-29T14:55:49+00:00\",\"dateModified\":\"2024-04-29T14:55:50+00:00\",\"breadcrumb\":{\"@id\":\"https:\\\/\\\/letrame.com\\\/catalogo\\\/producto\\\/relatos-de-un-obrero-itinerante\\\/#breadcrumb\"},\"inLanguage\":\"es\",\"potentialAction\":[{\"@type\":\"ReadAction\",\"target\":[\"https:\\\/\\\/letrame.com\\\/catalogo\\\/producto\\\/relatos-de-un-obrero-itinerante\\\/\"]}]},{\"@type\":\"ImageObject\",\"inLanguage\":\"es\",\"@id\":\"https:\\\/\\\/letrame.com\\\/catalogo\\\/producto\\\/relatos-de-un-obrero-itinerante\\\/#primaryimage\",\"url\":\"https:\\\/\\\/letrame.com\\\/catalogo\\\/wp-content\\\/uploads\\\/2024\\\/04\\\/webrelatosdeunobrero_1168mm-compressed.jpg\",\"contentUrl\":\"https:\\\/\\\/letrame.com\\\/catalogo\\\/wp-content\\\/uploads\\\/2024\\\/04\\\/webrelatosdeunobrero_1168mm-compressed.jpg\",\"width\":1654,\"height\":2362},{\"@type\":\"BreadcrumbList\",\"@id\":\"https:\\\/\\\/letrame.com\\\/catalogo\\\/producto\\\/relatos-de-un-obrero-itinerante\\\/#breadcrumb\",\"itemListElement\":[{\"@type\":\"ListItem\",\"position\":1,\"name\":\"Portada\",\"item\":\"https:\\\/\\\/letrame.com\\\/catalogo\\\/\"},{\"@type\":\"ListItem\",\"position\":2,\"name\":\"Cat\u00e1logo\",\"item\":\"https:\\\/\\\/letrame.com\\\/catalogo\\\/\"},{\"@type\":\"ListItem\",\"position\":3,\"name\":\"Relatos de un obrero itinerante\"}]},{\"@type\":\"WebSite\",\"@id\":\"https:\\\/\\\/letrame.com\\\/catalogo\\\/#website\",\"url\":\"https:\\\/\\\/letrame.com\\\/catalogo\\\/\",\"name\":\"Catalogo | Letrame Grupo Editorial\",\"description\":\"\",\"publisher\":{\"@id\":\"https:\\\/\\\/letrame.com\\\/catalogo\\\/#organization\"},\"potentialAction\":[{\"@type\":\"SearchAction\",\"target\":{\"@type\":\"EntryPoint\",\"urlTemplate\":\"https:\\\/\\\/letrame.com\\\/catalogo\\\/?s={search_term_string}\"},\"query-input\":{\"@type\":\"PropertyValueSpecification\",\"valueRequired\":true,\"valueName\":\"search_term_string\"}}],\"inLanguage\":\"es\"},{\"@type\":\"Organization\",\"@id\":\"https:\\\/\\\/letrame.com\\\/catalogo\\\/#organization\",\"name\":\"Catalogo | Letrame Grupo Editorial\",\"url\":\"https:\\\/\\\/letrame.com\\\/catalogo\\\/\",\"logo\":{\"@type\":\"ImageObject\",\"inLanguage\":\"es\",\"@id\":\"https:\\\/\\\/letrame.com\\\/catalogo\\\/#\\\/schema\\\/logo\\\/image\\\/\",\"url\":\"https:\\\/\\\/letrame.com\\\/catalogo\\\/wp-content\\\/uploads\\\/2024\\\/03\\\/logo2.webp\",\"contentUrl\":\"https:\\\/\\\/letrame.com\\\/catalogo\\\/wp-content\\\/uploads\\\/2024\\\/03\\\/logo2.webp\",\"width\":394,\"height\":128,\"caption\":\"Catalogo | Letrame Grupo Editorial\"},\"image\":{\"@id\":\"https:\\\/\\\/letrame.com\\\/catalogo\\\/#\\\/schema\\\/logo\\\/image\\\/\"}}]}<\/script>\n<!-- \/ Yoast SEO plugin. -->","yoast_head_json":{"title":"Relatos de un obrero itinerante - Catalogo | Letrame Grupo Editorial","robots":{"index":"index","follow":"follow","max-snippet":"max-snippet:-1","max-image-preview":"max-image-preview:large","max-video-preview":"max-video-preview:-1"},"canonical":"https:\/\/letrame.com\/catalogo\/producto\/relatos-de-un-obrero-itinerante\/","og_locale":"es_ES","og_type":"article","og_title":"Relatos de un obrero itinerante - Catalogo | Letrame Grupo Editorial","og_description":"ISBN:\u00a09788411816144 SINOPSIS Los relatos que aqu\u00ed se presentan lo m\u00e1s probable es que ya no tengan nada que ver con los tiempos actuales, pero definitivamente representan un tiempo anterior no muy lejano a este. En los relatos se muestra una especie de transici\u00f3n generacional, la cual casi pasa desapercibida por la vor\u00e1gine del paso del tiempo, durante la cual nada permanece, y esta disociaci\u00f3n a con la cotidianidad crea una incomprensi\u00f3n de la \u00e9poca. Los hechos que se narran a lo largo del texto han sido rescatados de su inevitable olvido y se les re\u00fane aqu\u00ed para mostrar una realidad que, por culpa de las prisas de la vida y de la infinidad de entretenimiento digital, no se es capaz de retener en la memoria y otorgarles tiempo y reflexi\u00f3n. Cada relato tiene su principio en la realidad del cada d\u00eda, tan solo el drama que les envuelve es creado por la imaginaci\u00f3n. Es un intento de \u00abmagnificar\u00bb los hechos para as\u00ed pretender hacer de estos algo art\u00edstico, es decir, que hagan mella en la consciencia del lector. La variedad tem\u00e1tica entre cada relato le otorga cierta din\u00e1mica al libro, la cual, abre un abanico contextual que permite que sea le\u00eddo por cualquier persona que sea sensible a con los acontecimientos contempor\u00e1neos. El presente producto literario no tiene como fin descubrir el hilo negro ni mucho menos crear un sistema filos\u00f3fico; o decir al lector cual es la forma m\u00e1s correcta de vivir para llegar a ser felices; o que la vida es bella; para eso est\u00e1n los gur\u00fas del esp\u00edritu. Se espera, por supuesto, que cada persona que se adentre en estas p\u00e1ginas las disfrute, las ame o las aborrezca. Como quiera, el fin es que, ya sea am\u00e1ndolas o aborreci\u00e9ndolas, incite a la reflexi\u00f3n y a la concientizaci\u00f3n de este fragmento de realidad.","og_url":"https:\/\/letrame.com\/catalogo\/producto\/relatos-de-un-obrero-itinerante\/","og_site_name":"Catalogo | Letrame Grupo Editorial","article_modified_time":"2024-04-29T14:55:50+00:00","og_image":[{"width":1654,"height":2362,"url":"https:\/\/letrame.com\/catalogo\/wp-content\/uploads\/2024\/04\/webrelatosdeunobrero_1168mm-compressed.jpg","type":"image\/jpeg"}],"twitter_card":"summary_large_image","twitter_misc":{"Tiempo de lectura":"2 minutos"},"schema":{"@context":"https:\/\/schema.org","@graph":[{"@type":"WebPage","@id":"https:\/\/letrame.com\/catalogo\/producto\/relatos-de-un-obrero-itinerante\/","url":"https:\/\/letrame.com\/catalogo\/producto\/relatos-de-un-obrero-itinerante\/","name":"Relatos de un obrero itinerante - Catalogo | Letrame Grupo Editorial","isPartOf":{"@id":"https:\/\/letrame.com\/catalogo\/#website"},"primaryImageOfPage":{"@id":"https:\/\/letrame.com\/catalogo\/producto\/relatos-de-un-obrero-itinerante\/#primaryimage"},"image":{"@id":"https:\/\/letrame.com\/catalogo\/producto\/relatos-de-un-obrero-itinerante\/#primaryimage"},"thumbnailUrl":"https:\/\/letrame.com\/catalogo\/wp-content\/uploads\/2024\/04\/webrelatosdeunobrero_1168mm-compressed.jpg","datePublished":"2024-04-29T14:55:49+00:00","dateModified":"2024-04-29T14:55:50+00:00","breadcrumb":{"@id":"https:\/\/letrame.com\/catalogo\/producto\/relatos-de-un-obrero-itinerante\/#breadcrumb"},"inLanguage":"es","potentialAction":[{"@type":"ReadAction","target":["https:\/\/letrame.com\/catalogo\/producto\/relatos-de-un-obrero-itinerante\/"]}]},{"@type":"ImageObject","inLanguage":"es","@id":"https:\/\/letrame.com\/catalogo\/producto\/relatos-de-un-obrero-itinerante\/#primaryimage","url":"https:\/\/letrame.com\/catalogo\/wp-content\/uploads\/2024\/04\/webrelatosdeunobrero_1168mm-compressed.jpg","contentUrl":"https:\/\/letrame.com\/catalogo\/wp-content\/uploads\/2024\/04\/webrelatosdeunobrero_1168mm-compressed.jpg","width":1654,"height":2362},{"@type":"BreadcrumbList","@id":"https:\/\/letrame.com\/catalogo\/producto\/relatos-de-un-obrero-itinerante\/#breadcrumb","itemListElement":[{"@type":"ListItem","position":1,"name":"Portada","item":"https:\/\/letrame.com\/catalogo\/"},{"@type":"ListItem","position":2,"name":"Cat\u00e1logo","item":"https:\/\/letrame.com\/catalogo\/"},{"@type":"ListItem","position":3,"name":"Relatos de un obrero itinerante"}]},{"@type":"WebSite","@id":"https:\/\/letrame.com\/catalogo\/#website","url":"https:\/\/letrame.com\/catalogo\/","name":"Catalogo | Letrame Grupo Editorial","description":"","publisher":{"@id":"https:\/\/letrame.com\/catalogo\/#organization"},"potentialAction":[{"@type":"SearchAction","target":{"@type":"EntryPoint","urlTemplate":"https:\/\/letrame.com\/catalogo\/?s={search_term_string}"},"query-input":{"@type":"PropertyValueSpecification","valueRequired":true,"valueName":"search_term_string"}}],"inLanguage":"es"},{"@type":"Organization","@id":"https:\/\/letrame.com\/catalogo\/#organization","name":"Catalogo | Letrame Grupo Editorial","url":"https:\/\/letrame.com\/catalogo\/","logo":{"@type":"ImageObject","inLanguage":"es","@id":"https:\/\/letrame.com\/catalogo\/#\/schema\/logo\/image\/","url":"https:\/\/letrame.com\/catalogo\/wp-content\/uploads\/2024\/03\/logo2.webp","contentUrl":"https:\/\/letrame.com\/catalogo\/wp-content\/uploads\/2024\/03\/logo2.webp","width":394,"height":128,"caption":"Catalogo | Letrame Grupo Editorial"},"image":{"@id":"https:\/\/letrame.com\/catalogo\/#\/schema\/logo\/image\/"}}]}},"_links":{"self":[{"href":"https:\/\/letrame.com\/catalogo\/wp-json\/wp\/v2\/product\/99700","targetHints":{"allow":["GET"]}}],"collection":[{"href":"https:\/\/letrame.com\/catalogo\/wp-json\/wp\/v2\/product"}],"about":[{"href":"https:\/\/letrame.com\/catalogo\/wp-json\/wp\/v2\/types\/product"}],"replies":[{"embeddable":true,"href":"https:\/\/letrame.com\/catalogo\/wp-json\/wp\/v2\/comments?post=99700"}],"acf:post":[{"embeddable":true,"href":"https:\/\/letrame.com\/catalogo\/wp-json\/wp\/v2\/author_book\/77970"}],"wp:featuredmedia":[{"embeddable":true,"href":"https:\/\/letrame.com\/catalogo\/wp-json\/wp\/v2\/media\/99701"}],"wp:attachment":[{"href":"https:\/\/letrame.com\/catalogo\/wp-json\/wp\/v2\/media?parent=99700"}],"wp:term":[{"taxonomy":"libro","embeddable":true,"href":"https:\/\/letrame.com\/catalogo\/wp-json\/wp\/v2\/libro?post=99700"},{"taxonomy":"product_brand","embeddable":true,"href":"https:\/\/letrame.com\/catalogo\/wp-json\/wp\/v2\/product_brand?post=99700"},{"taxonomy":"product_cat","embeddable":true,"href":"https:\/\/letrame.com\/catalogo\/wp-json\/wp\/v2\/product_cat?post=99700"},{"taxonomy":"product_tag","embeddable":true,"href":"https:\/\/letrame.com\/catalogo\/wp-json\/wp\/v2\/product_tag?post=99700"}],"curies":[{"name":"wp","href":"https:\/\/api.w.org\/{rel}","templated":true}]}}