{"id":99696,"date":"2024-04-29T16:55:16","date_gmt":"2024-04-29T14:55:16","guid":{"rendered":"https:\/\/letrame.com\/catalogo\/producto\/sintaya-el-joven-mandinga\/"},"modified":"2024-06-04T16:01:21","modified_gmt":"2024-06-04T14:01:21","slug":"sintaya-el-joven-mandinga","status":"publish","type":"product","link":"https:\/\/letrame.com\/catalogo\/producto\/sintaya-el-joven-mandinga\/","title":{"rendered":"Sintaya.  El joven mandinga"},"content":{"rendered":"<p>ISBN:\u00a09788411815208<br \/>\nT\u00edtulo:_SINTAYA.  EL JOVEN MANDINGA<br \/>\nFecha:_2023<br \/>\nP\u00e1ginas: 522\u00a0<br \/>\nSINOPSIS<br \/>\nSintaya, un joven con gran determinaci\u00f3n, perteneciente a la etnia mandinga, debe realizar un largo viaje como migrante en busca del dinero necesario para llevar a cabo la liberaci\u00f3n de su aldea, que se encuentra esclava de unos se\u00f1ores de la guerra que les han arrebatado la mina de diamantes existente en sus tierras.<br \/>\nSintaya vivir\u00e1 todo tipo de duras experiencias, consecuencia del largo camino a recorrer repleto de peligros, racismo e incluso trata de personas; al estar obligado a cruzar varios pa\u00edses africanos envueltos en una gran inestabilidad pol\u00edtica, social y militar. Agravado por dos grandes obst\u00e1culos en su camino: el gran desierto del S\u00e1hara y el mar Mediterr\u00e1neo. As\u00ed como el serio problema que se encontrar\u00e1 si consigue llegar: tener que sobrevivir en una Europa sin papeles, siendo pasto de una sociedad que se aprovecha de su estado de vulnerabilidad por su condici\u00f3n de indocumentado, que le obligar\u00e1 a buscarse la vida incluso en el filo de la ilegalidad.<\/p>\n","protected":false},"excerpt":{"rendered":"<p>ISBN:\u00a09788411815208<\/p>\n<p>SINOPSIS<br \/>\nSintaya, un joven con gran determinaci\u00f3n, perteneciente a la etnia mandinga, debe realizar un largo viaje como migrante en busca del dinero necesario para llevar a cabo la liberaci\u00f3n de su aldea, que se encuentra esclava de unos se\u00f1ores de la guerra que les han arrebatado la mina de diamantes existente en sus tierras.<br \/>\nSintaya vivir\u00e1 todo tipo de duras experiencias, consecuencia del largo camino a recorrer repleto de peligros, racismo e incluso trata de personas; al estar obligado a cruzar varios pa\u00edses africanos envueltos en una gran inestabilidad pol\u00edtica, social y militar. Agravado por dos grandes obst\u00e1culos en su camino: el gran desierto del S\u00e1hara y el mar Mediterr\u00e1neo. As\u00ed como el serio problema que se encontrar\u00e1 si consigue llegar: tener que sobrevivir en una Europa sin papeles, siendo pasto de una sociedad que se aprovecha de su estado de vulnerabilidad por su condici\u00f3n de indocumentado, que le obligar\u00e1 a buscarse la vida incluso en el filo de la ilegalidad.<\/p>\n","protected":false},"featured_media":99697,"comment_status":"closed","ping_status":"closed","template":"","meta":{"_acf_changed":false},"libro":[],"product_brand":[],"product_cat":[16],"product_tag":[],"class_list":{"0":"post-99696","1":"product","2":"type-product","3":"status-publish","4":"has-post-thumbnail","6":"product_cat-novela","8":"first","9":"instock","10":"product-type-simple"},"acf":{"autor":[77854],"enlace_de_compra":"https:\/\/www.amazon.es\/Sintaya-mandinga-Francisco-Javier-S%C3%A1nchez-ebook\/dp\/B0CNTCYQ38"},"yoast_head":"<!-- This site is optimized with the Yoast SEO plugin v26.6 - https:\/\/yoast.com\/wordpress\/plugins\/seo\/ -->\n<title>Sintaya. El joven mandinga - Catalogo | Letrame Grupo Editorial<\/title>\n<meta name=\"robots\" content=\"index, follow, max-snippet:-1, max-image-preview:large, max-video-preview:-1\" \/>\n<link rel=\"canonical\" href=\"https:\/\/letrame.com\/catalogo\/producto\/sintaya-el-joven-mandinga\/\" \/>\n<meta property=\"og:locale\" content=\"es_ES\" \/>\n<meta property=\"og:type\" content=\"article\" \/>\n<meta property=\"og:title\" content=\"Sintaya. El joven mandinga - Catalogo | Letrame Grupo Editorial\" \/>\n<meta property=\"og:description\" content=\"ISBN:\u00a09788411815208  SINOPSIS Sintaya, un joven con gran determinaci\u00f3n, perteneciente a la etnia mandinga, debe realizar un largo viaje como migrante en busca del dinero necesario para llevar a cabo la liberaci\u00f3n de su aldea, que se encuentra esclava de unos se\u00f1ores de la guerra que les han arrebatado la mina de diamantes existente en sus tierras. Sintaya vivir\u00e1 todo tipo de duras experiencias, consecuencia del largo camino a recorrer repleto de peligros, racismo e incluso trata de personas; al estar obligado a cruzar varios pa\u00edses africanos envueltos en una gran inestabilidad pol\u00edtica, social y militar. Agravado por dos grandes obst\u00e1culos en su camino: el gran desierto del S\u00e1hara y el mar Mediterr\u00e1neo. As\u00ed como el serio problema que se encontrar\u00e1 si consigue llegar: tener que sobrevivir en una Europa sin papeles, siendo pasto de una sociedad que se aprovecha de su estado de vulnerabilidad por su condici\u00f3n de indocumentado, que le obligar\u00e1 a buscarse la vida incluso en el filo de la ilegalidad.\" \/>\n<meta property=\"og:url\" content=\"https:\/\/letrame.com\/catalogo\/producto\/sintaya-el-joven-mandinga\/\" \/>\n<meta property=\"og:site_name\" content=\"Catalogo | Letrame Grupo Editorial\" \/>\n<meta property=\"article:modified_time\" content=\"2024-06-04T14:01:21+00:00\" \/>\n<meta property=\"og:image\" content=\"https:\/\/letrame.com\/catalogo\/wp-content\/uploads\/2024\/04\/webportada_sintaya_2514mm-compressed-scaled-1.jpg\" \/>\n\t<meta property=\"og:image:width\" content=\"1746\" \/>\n\t<meta property=\"og:image:height\" content=\"2560\" \/>\n\t<meta property=\"og:image:type\" content=\"image\/jpeg\" \/>\n<meta name=\"twitter:card\" content=\"summary_large_image\" \/>\n<meta name=\"twitter:label1\" content=\"Tiempo de lectura\" \/>\n\t<meta name=\"twitter:data1\" content=\"1 minuto\" \/>\n<script type=\"application\/ld+json\" class=\"yoast-schema-graph\">{\"@context\":\"https:\/\/schema.org\",\"@graph\":[{\"@type\":\"WebPage\",\"@id\":\"https:\/\/letrame.com\/catalogo\/producto\/sintaya-el-joven-mandinga\/\",\"url\":\"https:\/\/letrame.com\/catalogo\/producto\/sintaya-el-joven-mandinga\/\",\"name\":\"Sintaya. El joven mandinga - Catalogo | Letrame Grupo Editorial\",\"isPartOf\":{\"@id\":\"https:\/\/letrame.com\/catalogo\/#website\"},\"primaryImageOfPage\":{\"@id\":\"https:\/\/letrame.com\/catalogo\/producto\/sintaya-el-joven-mandinga\/#primaryimage\"},\"image\":{\"@id\":\"https:\/\/letrame.com\/catalogo\/producto\/sintaya-el-joven-mandinga\/#primaryimage\"},\"thumbnailUrl\":\"https:\/\/letrame.com\/catalogo\/wp-content\/uploads\/2024\/04\/webportada_sintaya_2514mm-compressed-scaled-1.jpg\",\"datePublished\":\"2024-04-29T14:55:16+00:00\",\"dateModified\":\"2024-06-04T14:01:21+00:00\",\"breadcrumb\":{\"@id\":\"https:\/\/letrame.com\/catalogo\/producto\/sintaya-el-joven-mandinga\/#breadcrumb\"},\"inLanguage\":\"es\",\"potentialAction\":[{\"@type\":\"ReadAction\",\"target\":[\"https:\/\/letrame.com\/catalogo\/producto\/sintaya-el-joven-mandinga\/\"]}]},{\"@type\":\"ImageObject\",\"inLanguage\":\"es\",\"@id\":\"https:\/\/letrame.com\/catalogo\/producto\/sintaya-el-joven-mandinga\/#primaryimage\",\"url\":\"https:\/\/letrame.com\/catalogo\/wp-content\/uploads\/2024\/04\/webportada_sintaya_2514mm-compressed-scaled-1.jpg\",\"contentUrl\":\"https:\/\/letrame.com\/catalogo\/wp-content\/uploads\/2024\/04\/webportada_sintaya_2514mm-compressed-scaled-1.jpg\",\"width\":1746,\"height\":2560},{\"@type\":\"BreadcrumbList\",\"@id\":\"https:\/\/letrame.com\/catalogo\/producto\/sintaya-el-joven-mandinga\/#breadcrumb\",\"itemListElement\":[{\"@type\":\"ListItem\",\"position\":1,\"name\":\"Portada\",\"item\":\"https:\/\/letrame.com\/catalogo\/\"},{\"@type\":\"ListItem\",\"position\":2,\"name\":\"Cat\u00e1logo\",\"item\":\"https:\/\/letrame.com\/catalogo\/\"},{\"@type\":\"ListItem\",\"position\":3,\"name\":\"Sintaya. El joven mandinga\"}]},{\"@type\":\"WebSite\",\"@id\":\"https:\/\/letrame.com\/catalogo\/#website\",\"url\":\"https:\/\/letrame.com\/catalogo\/\",\"name\":\"Catalogo | Letrame Grupo Editorial\",\"description\":\"\",\"publisher\":{\"@id\":\"https:\/\/letrame.com\/catalogo\/#organization\"},\"potentialAction\":[{\"@type\":\"SearchAction\",\"target\":{\"@type\":\"EntryPoint\",\"urlTemplate\":\"https:\/\/letrame.com\/catalogo\/?s={search_term_string}\"},\"query-input\":{\"@type\":\"PropertyValueSpecification\",\"valueRequired\":true,\"valueName\":\"search_term_string\"}}],\"inLanguage\":\"es\"},{\"@type\":\"Organization\",\"@id\":\"https:\/\/letrame.com\/catalogo\/#organization\",\"name\":\"Catalogo | Letrame Grupo Editorial\",\"url\":\"https:\/\/letrame.com\/catalogo\/\",\"logo\":{\"@type\":\"ImageObject\",\"inLanguage\":\"es\",\"@id\":\"https:\/\/letrame.com\/catalogo\/#\/schema\/logo\/image\/\",\"url\":\"https:\/\/letrame.com\/catalogo\/wp-content\/uploads\/2024\/03\/logo2.webp\",\"contentUrl\":\"https:\/\/letrame.com\/catalogo\/wp-content\/uploads\/2024\/03\/logo2.webp\",\"width\":394,\"height\":128,\"caption\":\"Catalogo | Letrame Grupo Editorial\"},\"image\":{\"@id\":\"https:\/\/letrame.com\/catalogo\/#\/schema\/logo\/image\/\"}}]}<\/script>\n<!-- \/ Yoast SEO plugin. -->","yoast_head_json":{"title":"Sintaya. El joven mandinga - Catalogo | Letrame Grupo Editorial","robots":{"index":"index","follow":"follow","max-snippet":"max-snippet:-1","max-image-preview":"max-image-preview:large","max-video-preview":"max-video-preview:-1"},"canonical":"https:\/\/letrame.com\/catalogo\/producto\/sintaya-el-joven-mandinga\/","og_locale":"es_ES","og_type":"article","og_title":"Sintaya. El joven mandinga - Catalogo | Letrame Grupo Editorial","og_description":"ISBN:\u00a09788411815208  SINOPSIS Sintaya, un joven con gran determinaci\u00f3n, perteneciente a la etnia mandinga, debe realizar un largo viaje como migrante en busca del dinero necesario para llevar a cabo la liberaci\u00f3n de su aldea, que se encuentra esclava de unos se\u00f1ores de la guerra que les han arrebatado la mina de diamantes existente en sus tierras. Sintaya vivir\u00e1 todo tipo de duras experiencias, consecuencia del largo camino a recorrer repleto de peligros, racismo e incluso trata de personas; al estar obligado a cruzar varios pa\u00edses africanos envueltos en una gran inestabilidad pol\u00edtica, social y militar. Agravado por dos grandes obst\u00e1culos en su camino: el gran desierto del S\u00e1hara y el mar Mediterr\u00e1neo. As\u00ed como el serio problema que se encontrar\u00e1 si consigue llegar: tener que sobrevivir en una Europa sin papeles, siendo pasto de una sociedad que se aprovecha de su estado de vulnerabilidad por su condici\u00f3n de indocumentado, que le obligar\u00e1 a buscarse la vida incluso en el filo de la ilegalidad.","og_url":"https:\/\/letrame.com\/catalogo\/producto\/sintaya-el-joven-mandinga\/","og_site_name":"Catalogo | Letrame Grupo Editorial","article_modified_time":"2024-06-04T14:01:21+00:00","og_image":[{"width":1746,"height":2560,"url":"https:\/\/letrame.com\/catalogo\/wp-content\/uploads\/2024\/04\/webportada_sintaya_2514mm-compressed-scaled-1.jpg","type":"image\/jpeg"}],"twitter_card":"summary_large_image","twitter_misc":{"Tiempo de lectura":"1 minuto"},"schema":{"@context":"https:\/\/schema.org","@graph":[{"@type":"WebPage","@id":"https:\/\/letrame.com\/catalogo\/producto\/sintaya-el-joven-mandinga\/","url":"https:\/\/letrame.com\/catalogo\/producto\/sintaya-el-joven-mandinga\/","name":"Sintaya. El joven mandinga - Catalogo | Letrame Grupo Editorial","isPartOf":{"@id":"https:\/\/letrame.com\/catalogo\/#website"},"primaryImageOfPage":{"@id":"https:\/\/letrame.com\/catalogo\/producto\/sintaya-el-joven-mandinga\/#primaryimage"},"image":{"@id":"https:\/\/letrame.com\/catalogo\/producto\/sintaya-el-joven-mandinga\/#primaryimage"},"thumbnailUrl":"https:\/\/letrame.com\/catalogo\/wp-content\/uploads\/2024\/04\/webportada_sintaya_2514mm-compressed-scaled-1.jpg","datePublished":"2024-04-29T14:55:16+00:00","dateModified":"2024-06-04T14:01:21+00:00","breadcrumb":{"@id":"https:\/\/letrame.com\/catalogo\/producto\/sintaya-el-joven-mandinga\/#breadcrumb"},"inLanguage":"es","potentialAction":[{"@type":"ReadAction","target":["https:\/\/letrame.com\/catalogo\/producto\/sintaya-el-joven-mandinga\/"]}]},{"@type":"ImageObject","inLanguage":"es","@id":"https:\/\/letrame.com\/catalogo\/producto\/sintaya-el-joven-mandinga\/#primaryimage","url":"https:\/\/letrame.com\/catalogo\/wp-content\/uploads\/2024\/04\/webportada_sintaya_2514mm-compressed-scaled-1.jpg","contentUrl":"https:\/\/letrame.com\/catalogo\/wp-content\/uploads\/2024\/04\/webportada_sintaya_2514mm-compressed-scaled-1.jpg","width":1746,"height":2560},{"@type":"BreadcrumbList","@id":"https:\/\/letrame.com\/catalogo\/producto\/sintaya-el-joven-mandinga\/#breadcrumb","itemListElement":[{"@type":"ListItem","position":1,"name":"Portada","item":"https:\/\/letrame.com\/catalogo\/"},{"@type":"ListItem","position":2,"name":"Cat\u00e1logo","item":"https:\/\/letrame.com\/catalogo\/"},{"@type":"ListItem","position":3,"name":"Sintaya. El joven mandinga"}]},{"@type":"WebSite","@id":"https:\/\/letrame.com\/catalogo\/#website","url":"https:\/\/letrame.com\/catalogo\/","name":"Catalogo | Letrame Grupo Editorial","description":"","publisher":{"@id":"https:\/\/letrame.com\/catalogo\/#organization"},"potentialAction":[{"@type":"SearchAction","target":{"@type":"EntryPoint","urlTemplate":"https:\/\/letrame.com\/catalogo\/?s={search_term_string}"},"query-input":{"@type":"PropertyValueSpecification","valueRequired":true,"valueName":"search_term_string"}}],"inLanguage":"es"},{"@type":"Organization","@id":"https:\/\/letrame.com\/catalogo\/#organization","name":"Catalogo | Letrame Grupo Editorial","url":"https:\/\/letrame.com\/catalogo\/","logo":{"@type":"ImageObject","inLanguage":"es","@id":"https:\/\/letrame.com\/catalogo\/#\/schema\/logo\/image\/","url":"https:\/\/letrame.com\/catalogo\/wp-content\/uploads\/2024\/03\/logo2.webp","contentUrl":"https:\/\/letrame.com\/catalogo\/wp-content\/uploads\/2024\/03\/logo2.webp","width":394,"height":128,"caption":"Catalogo | Letrame Grupo Editorial"},"image":{"@id":"https:\/\/letrame.com\/catalogo\/#\/schema\/logo\/image\/"}}]}},"_links":{"self":[{"href":"https:\/\/letrame.com\/catalogo\/wp-json\/wp\/v2\/product\/99696","targetHints":{"allow":["GET"]}}],"collection":[{"href":"https:\/\/letrame.com\/catalogo\/wp-json\/wp\/v2\/product"}],"about":[{"href":"https:\/\/letrame.com\/catalogo\/wp-json\/wp\/v2\/types\/product"}],"replies":[{"embeddable":true,"href":"https:\/\/letrame.com\/catalogo\/wp-json\/wp\/v2\/comments?post=99696"}],"acf:post":[{"embeddable":true,"href":"https:\/\/letrame.com\/catalogo\/wp-json\/wp\/v2\/author_book\/77854"}],"wp:featuredmedia":[{"embeddable":true,"href":"https:\/\/letrame.com\/catalogo\/wp-json\/wp\/v2\/media\/99697"}],"wp:attachment":[{"href":"https:\/\/letrame.com\/catalogo\/wp-json\/wp\/v2\/media?parent=99696"}],"wp:term":[{"taxonomy":"libro","embeddable":true,"href":"https:\/\/letrame.com\/catalogo\/wp-json\/wp\/v2\/libro?post=99696"},{"taxonomy":"product_brand","embeddable":true,"href":"https:\/\/letrame.com\/catalogo\/wp-json\/wp\/v2\/product_brand?post=99696"},{"taxonomy":"product_cat","embeddable":true,"href":"https:\/\/letrame.com\/catalogo\/wp-json\/wp\/v2\/product_cat?post=99696"},{"taxonomy":"product_tag","embeddable":true,"href":"https:\/\/letrame.com\/catalogo\/wp-json\/wp\/v2\/product_tag?post=99696"}],"curies":[{"name":"wp","href":"https:\/\/api.w.org\/{rel}","templated":true}]}}