{"id":99684,"date":"2024-04-29T16:53:56","date_gmt":"2024-04-29T14:53:56","guid":{"rendered":"https:\/\/letrame.com\/catalogo\/producto\/una-chilena-en-hollywood\/"},"modified":"2024-04-29T16:54:09","modified_gmt":"2024-04-29T14:54:09","slug":"una-chilena-en-hollywood","status":"publish","type":"product","link":"https:\/\/letrame.com\/catalogo\/producto\/una-chilena-en-hollywood\/","title":{"rendered":"Una chilena en Hollywood"},"content":{"rendered":"<p>ISBN:\u00a09788411444989<br \/>\nT\u00edtulo:_Una chilena en Hollywood<br \/>\nFecha:_2022<br \/>\nP\u00e1ginas:\u00a0191<br \/>\nSINOPSIS<br \/>\nSi las puertas no se abren para ti, entonces: \u00a1crea tu propia puerta!<\/p>\n<p>Anne Marie Dubois es la autora del Amazon bestseller The Power of Color y fundadora del canal de YouTube \u00abUna Chilena en Hollywood\u00bb, donde la vemos entrevistando a las m\u00e1s grandes superestrellas del mundo, desde Brad Pitt hasta Tom Cruise y Dakota Johnson.<br \/>\nEscritora, actriz y entrevistadora (de esp\u00edritu) e ingeniera comercial de profesi\u00f3n, Anne Marie te cuenta en este libro el paso a paso de c\u00f3mo ha manifestado sus sue\u00f1os y los ha hecho realidad the Chilean way, como una mujer chilena en Hollywood.<\/p>\n<p>\u00bfEst\u00e1s listo para co-crear la pel\u00edcula de tu vida? \u00a1Anne Marie te ense\u00f1a c\u00f3mo!<\/p>\n<p>\u00bfHas escuchado acerca de La Ley de la Atracci\u00f3n y El Secreto?<br \/>\nEn este libro, Anne Marie comparte pr\u00e1cticos consejos para que apliques en tu d\u00eda a d\u00eda, que ha estudiado de la Ley de la Atracci\u00f3n, para que aprendas a manifestar lo que deseas crear y atraer a tu vida, cultivando una vida m\u00e1s positiva y llena de felicidad, en todas las \u00e1reas, desde amor, dinero, trabajo y prop\u00f3sito, record\u00e1ndote que t\u00fa eres el co-creador de tu realidad.<\/p>\n<p>Como \u00abUna Chilena en Hollywood\u00bb, Anne Marie es tu fan n\u00famero uno, quien te motiva a cumplir tus m\u00e1s grandes sue\u00f1os y convertirte en una persona magn\u00e9tica del \u00e9xito. Con este libro, ella busca inspirarte y empoderarte con su historia, compartiendo lo que ha aprendido en su tiempo viviendo en Los \u00c1ngeles, California, relatando sus aventuras en la alfombra roja, hasta una gu\u00eda de lugares de pel\u00edcula para visitar, consejos de c\u00f3mo entrar en la industria del entretenimiento, hasta c\u00f3mo aprender a vivir de forma positiva manifestando y haciendo tus sue\u00f1os realidad a la chilena o the Chilean way.<\/p>\n","protected":false},"excerpt":{"rendered":"<p>ISBN:\u00a09788411444989<br \/>\nSINOPSIS<br \/>\nSi las puertas no se abren para ti, entonces: \u00a1crea tu propia puerta!<\/p>\n<p>Anne Marie Dubois es la autora del Amazon bestseller The Power of Color y fundadora del canal de YouTube \u00abUna Chilena en Hollywood\u00bb, donde la vemos entrevistando a las m\u00e1s grandes superestrellas del mundo, desde Brad Pitt hasta Tom Cruise y Dakota Johnson.<br \/>\nEscritora, actriz y entrevistadora (de esp\u00edritu) e ingeniera comercial de profesi\u00f3n, Anne Marie te cuenta en este libro el paso a paso de c\u00f3mo ha manifestado sus sue\u00f1os y los ha hecho realidad the Chilean way, como una mujer chilena en Hollywood.<\/p>\n<p>\u00bfEst\u00e1s listo para co-crear la pel\u00edcula de tu vida? \u00a1Anne Marie te ense\u00f1a c\u00f3mo!<\/p>\n<p>\u00bfHas escuchado acerca de La Ley de la Atracci\u00f3n y El Secreto?<br \/>\nEn este libro, Anne Marie comparte pr\u00e1cticos consejos para que apliques en tu d\u00eda a d\u00eda, que ha estudiado de la Ley de la Atracci\u00f3n, para que aprendas a manifestar lo que deseas crear y atraer a tu vida, cultivando una vida m\u00e1s positiva y llena de felicidad, en todas las \u00e1reas, desde amor, dinero, trabajo y prop\u00f3sito, record\u00e1ndote que t\u00fa eres el co-creador de tu realidad.<\/p>\n<p>Como \u00abUna Chilena en Hollywood\u00bb, Anne Marie es tu fan n\u00famero uno, quien te motiva a cumplir tus m\u00e1s grandes sue\u00f1os y convertirte en una persona magn\u00e9tica del \u00e9xito. Con este libro, ella busca inspirarte y empoderarte con su historia, compartiendo lo que ha aprendido en su tiempo viviendo en Los \u00c1ngeles, California, relatando sus aventuras en la alfombra roja, hasta una gu\u00eda de lugares de pel\u00edcula para visitar, consejos de c\u00f3mo entrar en la industria del entretenimiento, hasta c\u00f3mo aprender a vivir de forma positiva manifestando y haciendo tus sue\u00f1os realidad a la chilena o the Chilean way.<\/p>\n","protected":false},"featured_media":99685,"comment_status":"closed","ping_status":"open","template":"","meta":{"_acf_changed":false},"libro":[],"product_brand":[],"product_cat":[31],"product_tag":[],"class_list":{"0":"post-99684","1":"product","2":"type-product","3":"status-publish","4":"has-post-thumbnail","6":"product_cat-autobiografia","8":"first","9":"instock","10":"product-type-simple"},"acf":{"autor":[77961],"enlace_de_compra":"https:\/\/www.amazon.es\/Una-chilena-Hollywood-Manifestar-Realidad\/dp\/8411444988"},"yoast_head":"<!-- This site is optimized with the Yoast SEO plugin v27.4 - https:\/\/yoast.com\/product\/yoast-seo-wordpress\/ -->\n<title>Una chilena en Hollywood - Catalogo | Letrame Grupo Editorial<\/title>\n<meta name=\"robots\" content=\"index, follow, max-snippet:-1, max-image-preview:large, max-video-preview:-1\" \/>\n<link rel=\"canonical\" href=\"https:\/\/letrame.com\/catalogo\/producto\/una-chilena-en-hollywood\/\" \/>\n<meta property=\"og:locale\" content=\"es_ES\" \/>\n<meta property=\"og:type\" content=\"article\" \/>\n<meta property=\"og:title\" content=\"Una chilena en Hollywood - Catalogo | Letrame Grupo Editorial\" \/>\n<meta property=\"og:description\" content=\"ISBN:\u00a09788411444989 SINOPSIS Si las puertas no se abren para ti, entonces: \u00a1crea tu propia puerta! Anne Marie Dubois es la autora del Amazon bestseller The Power of Color y fundadora del canal de YouTube \u00abUna Chilena en Hollywood\u00bb, donde la vemos entrevistando a las m\u00e1s grandes superestrellas del mundo, desde Brad Pitt hasta Tom Cruise y Dakota Johnson. Escritora, actriz y entrevistadora (de esp\u00edritu) e ingeniera comercial de profesi\u00f3n, Anne Marie te cuenta en este libro el paso a paso de c\u00f3mo ha manifestado sus sue\u00f1os y los ha hecho realidad the Chilean way, como una mujer chilena en Hollywood. \u00bfEst\u00e1s listo para co-crear la pel\u00edcula de tu vida? \u00a1Anne Marie te ense\u00f1a c\u00f3mo! \u00bfHas escuchado acerca de La Ley de la Atracci\u00f3n y El Secreto? En este libro, Anne Marie comparte pr\u00e1cticos consejos para que apliques en tu d\u00eda a d\u00eda, que ha estudiado de la Ley de la Atracci\u00f3n, para que aprendas a manifestar lo que deseas crear y atraer a tu vida, cultivando una vida m\u00e1s positiva y llena de felicidad, en todas las \u00e1reas, desde amor, dinero, trabajo y prop\u00f3sito, record\u00e1ndote que t\u00fa eres el co-creador de tu realidad. Como \u00abUna Chilena en Hollywood\u00bb, Anne Marie es tu fan n\u00famero uno, quien te motiva a cumplir tus m\u00e1s grandes sue\u00f1os y convertirte en una persona magn\u00e9tica del \u00e9xito. Con este libro, ella busca inspirarte y empoderarte con su historia, compartiendo lo que ha aprendido en su tiempo viviendo en Los \u00c1ngeles, California, relatando sus aventuras en la alfombra roja, hasta una gu\u00eda de lugares de pel\u00edcula para visitar, consejos de c\u00f3mo entrar en la industria del entretenimiento, hasta c\u00f3mo aprender a vivir de forma positiva manifestando y haciendo tus sue\u00f1os realidad a la chilena o the Chilean way.\" \/>\n<meta property=\"og:url\" content=\"https:\/\/letrame.com\/catalogo\/producto\/una-chilena-en-hollywood\/\" \/>\n<meta property=\"og:site_name\" content=\"Catalogo | Letrame Grupo Editorial\" \/>\n<meta property=\"article:modified_time\" content=\"2024-04-29T14:54:09+00:00\" \/>\n<meta property=\"og:image\" content=\"https:\/\/letrame.com\/catalogo\/wp-content\/uploads\/2024\/04\/webportada_unachilenaen_988mm-compressed-scaled-1.jpg\" \/>\n\t<meta property=\"og:image:width\" content=\"1746\" \/>\n\t<meta property=\"og:image:height\" content=\"2560\" \/>\n\t<meta property=\"og:image:type\" content=\"image\/jpeg\" \/>\n<meta name=\"twitter:card\" content=\"summary_large_image\" \/>\n<meta name=\"twitter:label1\" content=\"Tiempo de lectura\" \/>\n\t<meta name=\"twitter:data1\" content=\"2 minutos\" \/>\n<script type=\"application\/ld+json\" class=\"yoast-schema-graph\">{\"@context\":\"https:\\\/\\\/schema.org\",\"@graph\":[{\"@type\":\"WebPage\",\"@id\":\"https:\\\/\\\/letrame.com\\\/catalogo\\\/producto\\\/una-chilena-en-hollywood\\\/\",\"url\":\"https:\\\/\\\/letrame.com\\\/catalogo\\\/producto\\\/una-chilena-en-hollywood\\\/\",\"name\":\"Una chilena en Hollywood - Catalogo | Letrame Grupo Editorial\",\"isPartOf\":{\"@id\":\"https:\\\/\\\/letrame.com\\\/catalogo\\\/#website\"},\"primaryImageOfPage\":{\"@id\":\"https:\\\/\\\/letrame.com\\\/catalogo\\\/producto\\\/una-chilena-en-hollywood\\\/#primaryimage\"},\"image\":{\"@id\":\"https:\\\/\\\/letrame.com\\\/catalogo\\\/producto\\\/una-chilena-en-hollywood\\\/#primaryimage\"},\"thumbnailUrl\":\"https:\\\/\\\/letrame.com\\\/catalogo\\\/wp-content\\\/uploads\\\/2024\\\/04\\\/webportada_unachilenaen_988mm-compressed-scaled-1.jpg\",\"datePublished\":\"2024-04-29T14:53:56+00:00\",\"dateModified\":\"2024-04-29T14:54:09+00:00\",\"breadcrumb\":{\"@id\":\"https:\\\/\\\/letrame.com\\\/catalogo\\\/producto\\\/una-chilena-en-hollywood\\\/#breadcrumb\"},\"inLanguage\":\"es\",\"potentialAction\":[{\"@type\":\"ReadAction\",\"target\":[\"https:\\\/\\\/letrame.com\\\/catalogo\\\/producto\\\/una-chilena-en-hollywood\\\/\"]}]},{\"@type\":\"ImageObject\",\"inLanguage\":\"es\",\"@id\":\"https:\\\/\\\/letrame.com\\\/catalogo\\\/producto\\\/una-chilena-en-hollywood\\\/#primaryimage\",\"url\":\"https:\\\/\\\/letrame.com\\\/catalogo\\\/wp-content\\\/uploads\\\/2024\\\/04\\\/webportada_unachilenaen_988mm-compressed-scaled-1.jpg\",\"contentUrl\":\"https:\\\/\\\/letrame.com\\\/catalogo\\\/wp-content\\\/uploads\\\/2024\\\/04\\\/webportada_unachilenaen_988mm-compressed-scaled-1.jpg\",\"width\":1746,\"height\":2560},{\"@type\":\"BreadcrumbList\",\"@id\":\"https:\\\/\\\/letrame.com\\\/catalogo\\\/producto\\\/una-chilena-en-hollywood\\\/#breadcrumb\",\"itemListElement\":[{\"@type\":\"ListItem\",\"position\":1,\"name\":\"Portada\",\"item\":\"https:\\\/\\\/letrame.com\\\/catalogo\\\/\"},{\"@type\":\"ListItem\",\"position\":2,\"name\":\"Cat\u00e1logo\",\"item\":\"https:\\\/\\\/letrame.com\\\/catalogo\\\/\"},{\"@type\":\"ListItem\",\"position\":3,\"name\":\"Una chilena en Hollywood\"}]},{\"@type\":\"WebSite\",\"@id\":\"https:\\\/\\\/letrame.com\\\/catalogo\\\/#website\",\"url\":\"https:\\\/\\\/letrame.com\\\/catalogo\\\/\",\"name\":\"Catalogo | Letrame Grupo Editorial\",\"description\":\"\",\"publisher\":{\"@id\":\"https:\\\/\\\/letrame.com\\\/catalogo\\\/#organization\"},\"potentialAction\":[{\"@type\":\"SearchAction\",\"target\":{\"@type\":\"EntryPoint\",\"urlTemplate\":\"https:\\\/\\\/letrame.com\\\/catalogo\\\/?s={search_term_string}\"},\"query-input\":{\"@type\":\"PropertyValueSpecification\",\"valueRequired\":true,\"valueName\":\"search_term_string\"}}],\"inLanguage\":\"es\"},{\"@type\":\"Organization\",\"@id\":\"https:\\\/\\\/letrame.com\\\/catalogo\\\/#organization\",\"name\":\"Catalogo | Letrame Grupo Editorial\",\"url\":\"https:\\\/\\\/letrame.com\\\/catalogo\\\/\",\"logo\":{\"@type\":\"ImageObject\",\"inLanguage\":\"es\",\"@id\":\"https:\\\/\\\/letrame.com\\\/catalogo\\\/#\\\/schema\\\/logo\\\/image\\\/\",\"url\":\"https:\\\/\\\/letrame.com\\\/catalogo\\\/wp-content\\\/uploads\\\/2024\\\/03\\\/logo2.webp\",\"contentUrl\":\"https:\\\/\\\/letrame.com\\\/catalogo\\\/wp-content\\\/uploads\\\/2024\\\/03\\\/logo2.webp\",\"width\":394,\"height\":128,\"caption\":\"Catalogo | Letrame Grupo Editorial\"},\"image\":{\"@id\":\"https:\\\/\\\/letrame.com\\\/catalogo\\\/#\\\/schema\\\/logo\\\/image\\\/\"}}]}<\/script>\n<!-- \/ Yoast SEO plugin. -->","yoast_head_json":{"title":"Una chilena en Hollywood - Catalogo | Letrame Grupo Editorial","robots":{"index":"index","follow":"follow","max-snippet":"max-snippet:-1","max-image-preview":"max-image-preview:large","max-video-preview":"max-video-preview:-1"},"canonical":"https:\/\/letrame.com\/catalogo\/producto\/una-chilena-en-hollywood\/","og_locale":"es_ES","og_type":"article","og_title":"Una chilena en Hollywood - Catalogo | Letrame Grupo Editorial","og_description":"ISBN:\u00a09788411444989 SINOPSIS Si las puertas no se abren para ti, entonces: \u00a1crea tu propia puerta! Anne Marie Dubois es la autora del Amazon bestseller The Power of Color y fundadora del canal de YouTube \u00abUna Chilena en Hollywood\u00bb, donde la vemos entrevistando a las m\u00e1s grandes superestrellas del mundo, desde Brad Pitt hasta Tom Cruise y Dakota Johnson. Escritora, actriz y entrevistadora (de esp\u00edritu) e ingeniera comercial de profesi\u00f3n, Anne Marie te cuenta en este libro el paso a paso de c\u00f3mo ha manifestado sus sue\u00f1os y los ha hecho realidad the Chilean way, como una mujer chilena en Hollywood. \u00bfEst\u00e1s listo para co-crear la pel\u00edcula de tu vida? \u00a1Anne Marie te ense\u00f1a c\u00f3mo! \u00bfHas escuchado acerca de La Ley de la Atracci\u00f3n y El Secreto? En este libro, Anne Marie comparte pr\u00e1cticos consejos para que apliques en tu d\u00eda a d\u00eda, que ha estudiado de la Ley de la Atracci\u00f3n, para que aprendas a manifestar lo que deseas crear y atraer a tu vida, cultivando una vida m\u00e1s positiva y llena de felicidad, en todas las \u00e1reas, desde amor, dinero, trabajo y prop\u00f3sito, record\u00e1ndote que t\u00fa eres el co-creador de tu realidad. Como \u00abUna Chilena en Hollywood\u00bb, Anne Marie es tu fan n\u00famero uno, quien te motiva a cumplir tus m\u00e1s grandes sue\u00f1os y convertirte en una persona magn\u00e9tica del \u00e9xito. Con este libro, ella busca inspirarte y empoderarte con su historia, compartiendo lo que ha aprendido en su tiempo viviendo en Los \u00c1ngeles, California, relatando sus aventuras en la alfombra roja, hasta una gu\u00eda de lugares de pel\u00edcula para visitar, consejos de c\u00f3mo entrar en la industria del entretenimiento, hasta c\u00f3mo aprender a vivir de forma positiva manifestando y haciendo tus sue\u00f1os realidad a la chilena o the Chilean way.","og_url":"https:\/\/letrame.com\/catalogo\/producto\/una-chilena-en-hollywood\/","og_site_name":"Catalogo | Letrame Grupo Editorial","article_modified_time":"2024-04-29T14:54:09+00:00","og_image":[{"width":1746,"height":2560,"url":"https:\/\/letrame.com\/catalogo\/wp-content\/uploads\/2024\/04\/webportada_unachilenaen_988mm-compressed-scaled-1.jpg","type":"image\/jpeg"}],"twitter_card":"summary_large_image","twitter_misc":{"Tiempo de lectura":"2 minutos"},"schema":{"@context":"https:\/\/schema.org","@graph":[{"@type":"WebPage","@id":"https:\/\/letrame.com\/catalogo\/producto\/una-chilena-en-hollywood\/","url":"https:\/\/letrame.com\/catalogo\/producto\/una-chilena-en-hollywood\/","name":"Una chilena en Hollywood - Catalogo | Letrame Grupo Editorial","isPartOf":{"@id":"https:\/\/letrame.com\/catalogo\/#website"},"primaryImageOfPage":{"@id":"https:\/\/letrame.com\/catalogo\/producto\/una-chilena-en-hollywood\/#primaryimage"},"image":{"@id":"https:\/\/letrame.com\/catalogo\/producto\/una-chilena-en-hollywood\/#primaryimage"},"thumbnailUrl":"https:\/\/letrame.com\/catalogo\/wp-content\/uploads\/2024\/04\/webportada_unachilenaen_988mm-compressed-scaled-1.jpg","datePublished":"2024-04-29T14:53:56+00:00","dateModified":"2024-04-29T14:54:09+00:00","breadcrumb":{"@id":"https:\/\/letrame.com\/catalogo\/producto\/una-chilena-en-hollywood\/#breadcrumb"},"inLanguage":"es","potentialAction":[{"@type":"ReadAction","target":["https:\/\/letrame.com\/catalogo\/producto\/una-chilena-en-hollywood\/"]}]},{"@type":"ImageObject","inLanguage":"es","@id":"https:\/\/letrame.com\/catalogo\/producto\/una-chilena-en-hollywood\/#primaryimage","url":"https:\/\/letrame.com\/catalogo\/wp-content\/uploads\/2024\/04\/webportada_unachilenaen_988mm-compressed-scaled-1.jpg","contentUrl":"https:\/\/letrame.com\/catalogo\/wp-content\/uploads\/2024\/04\/webportada_unachilenaen_988mm-compressed-scaled-1.jpg","width":1746,"height":2560},{"@type":"BreadcrumbList","@id":"https:\/\/letrame.com\/catalogo\/producto\/una-chilena-en-hollywood\/#breadcrumb","itemListElement":[{"@type":"ListItem","position":1,"name":"Portada","item":"https:\/\/letrame.com\/catalogo\/"},{"@type":"ListItem","position":2,"name":"Cat\u00e1logo","item":"https:\/\/letrame.com\/catalogo\/"},{"@type":"ListItem","position":3,"name":"Una chilena en Hollywood"}]},{"@type":"WebSite","@id":"https:\/\/letrame.com\/catalogo\/#website","url":"https:\/\/letrame.com\/catalogo\/","name":"Catalogo | Letrame Grupo Editorial","description":"","publisher":{"@id":"https:\/\/letrame.com\/catalogo\/#organization"},"potentialAction":[{"@type":"SearchAction","target":{"@type":"EntryPoint","urlTemplate":"https:\/\/letrame.com\/catalogo\/?s={search_term_string}"},"query-input":{"@type":"PropertyValueSpecification","valueRequired":true,"valueName":"search_term_string"}}],"inLanguage":"es"},{"@type":"Organization","@id":"https:\/\/letrame.com\/catalogo\/#organization","name":"Catalogo | Letrame Grupo Editorial","url":"https:\/\/letrame.com\/catalogo\/","logo":{"@type":"ImageObject","inLanguage":"es","@id":"https:\/\/letrame.com\/catalogo\/#\/schema\/logo\/image\/","url":"https:\/\/letrame.com\/catalogo\/wp-content\/uploads\/2024\/03\/logo2.webp","contentUrl":"https:\/\/letrame.com\/catalogo\/wp-content\/uploads\/2024\/03\/logo2.webp","width":394,"height":128,"caption":"Catalogo | Letrame Grupo Editorial"},"image":{"@id":"https:\/\/letrame.com\/catalogo\/#\/schema\/logo\/image\/"}}]}},"_links":{"self":[{"href":"https:\/\/letrame.com\/catalogo\/wp-json\/wp\/v2\/product\/99684","targetHints":{"allow":["GET"]}}],"collection":[{"href":"https:\/\/letrame.com\/catalogo\/wp-json\/wp\/v2\/product"}],"about":[{"href":"https:\/\/letrame.com\/catalogo\/wp-json\/wp\/v2\/types\/product"}],"replies":[{"embeddable":true,"href":"https:\/\/letrame.com\/catalogo\/wp-json\/wp\/v2\/comments?post=99684"}],"acf:post":[{"embeddable":true,"href":"https:\/\/letrame.com\/catalogo\/wp-json\/wp\/v2\/author_book\/77961"}],"wp:featuredmedia":[{"embeddable":true,"href":"https:\/\/letrame.com\/catalogo\/wp-json\/wp\/v2\/media\/99685"}],"wp:attachment":[{"href":"https:\/\/letrame.com\/catalogo\/wp-json\/wp\/v2\/media?parent=99684"}],"wp:term":[{"taxonomy":"libro","embeddable":true,"href":"https:\/\/letrame.com\/catalogo\/wp-json\/wp\/v2\/libro?post=99684"},{"taxonomy":"product_brand","embeddable":true,"href":"https:\/\/letrame.com\/catalogo\/wp-json\/wp\/v2\/product_brand?post=99684"},{"taxonomy":"product_cat","embeddable":true,"href":"https:\/\/letrame.com\/catalogo\/wp-json\/wp\/v2\/product_cat?post=99684"},{"taxonomy":"product_tag","embeddable":true,"href":"https:\/\/letrame.com\/catalogo\/wp-json\/wp\/v2\/product_tag?post=99684"}],"curies":[{"name":"wp","href":"https:\/\/api.w.org\/{rel}","templated":true}]}}