{"id":99682,"date":"2024-04-29T16:53:56","date_gmt":"2024-04-29T14:53:56","guid":{"rendered":"https:\/\/letrame.com\/catalogo\/producto\/del-poder-y-el-miedo-historia-de-las-manipulaciones\/"},"modified":"2024-04-29T16:53:56","modified_gmt":"2024-04-29T14:53:56","slug":"del-poder-y-el-miedo-historia-de-las-manipulaciones","status":"publish","type":"product","link":"https:\/\/letrame.com\/catalogo\/producto\/del-poder-y-el-miedo-historia-de-las-manipulaciones\/","title":{"rendered":"Del Poder y el Miedo. Historia de las manipulaciones."},"content":{"rendered":"<p>ISBN:\u00a09788411815116<br \/>\nT\u00edtulo:_Del Poder y el Miedo. Historia de las manipulaciones.<br \/>\nFecha:_2023<br \/>\nP\u00e1ginas:\u00a0226<br \/>\nSINOPSIS<br \/>\nLas t\u00e9cnicas de manipulaci\u00f3n han sido perfeccionadas a trav\u00e9s de los siglos y al usarlas se despoja a los m\u00e1s d\u00e9biles de sus propiedades y se les a\u00edsla socialmente. El ego\u00edsmo y la desigualdad provocada por las \u00e9lites lo ha facilitado. Esta historia nos revela c\u00f3mo esas t\u00e9cnicas se han incrustado en la sociedad de forma imperceptible y hacen que los seres humanos sean v\u00edctimas de su propia vulnerabilidad. Impactante entender la codicia y la ambici\u00f3n de un grupo de personas al transportarnos entre el presente y el pasado a trav\u00e9s de las palabras.<\/p>\n","protected":false},"excerpt":{"rendered":"<p>ISBN:\u00a09788411815116<\/p>\n<p>SINOPSIS<br \/>\nLas t\u00e9cnicas de manipulaci\u00f3n han sido perfeccionadas a trav\u00e9s de los siglos y al usarlas se despoja a los m\u00e1s d\u00e9biles de sus propiedades y se les a\u00edsla socialmente. El ego\u00edsmo y la desigualdad provocada por las \u00e9lites lo ha facilitado. Esta historia nos revela c\u00f3mo esas t\u00e9cnicas se han incrustado en la sociedad de forma imperceptible y hacen que los seres humanos sean v\u00edctimas de su propia vulnerabilidad. Impactante entender la codicia y la ambici\u00f3n de un grupo de personas al transportarnos entre el presente y el pasado a trav\u00e9s de las palabras.<\/p>\n","protected":false},"featured_media":99683,"comment_status":"closed","ping_status":"open","template":"","meta":{"_acf_changed":false},"libro":[],"product_brand":[],"product_cat":[23,26],"product_tag":[],"class_list":{"0":"post-99682","1":"product","2":"type-product","3":"status-publish","4":"has-post-thumbnail","6":"product_cat-ensayos","7":"product_cat-sin-categoria","9":"first","10":"instock","11":"product-type-simple"},"acf":{"autor":[77959],"enlace_de_compra":"https:\/\/www.amazon.es\/Del-poder-miedo-Historias-manipulaciones\/dp\/8411815110"},"yoast_head":"<!-- This site is optimized with the Yoast SEO plugin v27.4 - https:\/\/yoast.com\/product\/yoast-seo-wordpress\/ -->\n<title>Del Poder y el Miedo. Historia de las manipulaciones. - Catalogo | Letrame Grupo Editorial<\/title>\n<meta name=\"robots\" content=\"index, follow, max-snippet:-1, max-image-preview:large, max-video-preview:-1\" \/>\n<link rel=\"canonical\" href=\"https:\/\/letrame.com\/catalogo\/producto\/del-poder-y-el-miedo-historia-de-las-manipulaciones\/\" \/>\n<meta property=\"og:locale\" content=\"es_ES\" \/>\n<meta property=\"og:type\" content=\"article\" \/>\n<meta property=\"og:title\" content=\"Del Poder y el Miedo. Historia de las manipulaciones. - Catalogo | Letrame Grupo Editorial\" \/>\n<meta property=\"og:description\" content=\"ISBN:\u00a09788411815116 SINOPSIS Las t\u00e9cnicas de manipulaci\u00f3n han sido perfeccionadas a trav\u00e9s de los siglos y al usarlas se despoja a los m\u00e1s d\u00e9biles de sus propiedades y se les a\u00edsla socialmente. El ego\u00edsmo y la desigualdad provocada por las \u00e9lites lo ha facilitado. Esta historia nos revela c\u00f3mo esas t\u00e9cnicas se han incrustado en la sociedad de forma imperceptible y hacen que los seres humanos sean v\u00edctimas de su propia vulnerabilidad. Impactante entender la codicia y la ambici\u00f3n de un grupo de personas al transportarnos entre el presente y el pasado a trav\u00e9s de las palabras.\" \/>\n<meta property=\"og:url\" content=\"https:\/\/letrame.com\/catalogo\/producto\/del-poder-y-el-miedo-historia-de-las-manipulaciones\/\" \/>\n<meta property=\"og:site_name\" content=\"Catalogo | Letrame Grupo Editorial\" \/>\n<meta property=\"og:image\" content=\"https:\/\/letrame.com\/catalogo\/wp-content\/uploads\/2024\/04\/webportada_delpoderyelmiedo_115mm-compressed-scaled-1.jpg\" \/>\n\t<meta property=\"og:image:width\" content=\"1746\" \/>\n\t<meta property=\"og:image:height\" content=\"2560\" \/>\n\t<meta property=\"og:image:type\" content=\"image\/jpeg\" \/>\n<meta name=\"twitter:card\" content=\"summary_large_image\" \/>\n<meta name=\"twitter:label1\" content=\"Tiempo de lectura\" \/>\n\t<meta name=\"twitter:data1\" content=\"1 minuto\" \/>\n<script type=\"application\/ld+json\" class=\"yoast-schema-graph\">{\"@context\":\"https:\\\/\\\/schema.org\",\"@graph\":[{\"@type\":\"WebPage\",\"@id\":\"https:\\\/\\\/letrame.com\\\/catalogo\\\/producto\\\/del-poder-y-el-miedo-historia-de-las-manipulaciones\\\/\",\"url\":\"https:\\\/\\\/letrame.com\\\/catalogo\\\/producto\\\/del-poder-y-el-miedo-historia-de-las-manipulaciones\\\/\",\"name\":\"Del Poder y el Miedo. Historia de las manipulaciones. - Catalogo | Letrame Grupo Editorial\",\"isPartOf\":{\"@id\":\"https:\\\/\\\/letrame.com\\\/catalogo\\\/#website\"},\"primaryImageOfPage\":{\"@id\":\"https:\\\/\\\/letrame.com\\\/catalogo\\\/producto\\\/del-poder-y-el-miedo-historia-de-las-manipulaciones\\\/#primaryimage\"},\"image\":{\"@id\":\"https:\\\/\\\/letrame.com\\\/catalogo\\\/producto\\\/del-poder-y-el-miedo-historia-de-las-manipulaciones\\\/#primaryimage\"},\"thumbnailUrl\":\"https:\\\/\\\/letrame.com\\\/catalogo\\\/wp-content\\\/uploads\\\/2024\\\/04\\\/webportada_delpoderyelmiedo_115mm-compressed-scaled-1.jpg\",\"datePublished\":\"2024-04-29T14:53:56+00:00\",\"breadcrumb\":{\"@id\":\"https:\\\/\\\/letrame.com\\\/catalogo\\\/producto\\\/del-poder-y-el-miedo-historia-de-las-manipulaciones\\\/#breadcrumb\"},\"inLanguage\":\"es\",\"potentialAction\":[{\"@type\":\"ReadAction\",\"target\":[\"https:\\\/\\\/letrame.com\\\/catalogo\\\/producto\\\/del-poder-y-el-miedo-historia-de-las-manipulaciones\\\/\"]}]},{\"@type\":\"ImageObject\",\"inLanguage\":\"es\",\"@id\":\"https:\\\/\\\/letrame.com\\\/catalogo\\\/producto\\\/del-poder-y-el-miedo-historia-de-las-manipulaciones\\\/#primaryimage\",\"url\":\"https:\\\/\\\/letrame.com\\\/catalogo\\\/wp-content\\\/uploads\\\/2024\\\/04\\\/webportada_delpoderyelmiedo_115mm-compressed-scaled-1.jpg\",\"contentUrl\":\"https:\\\/\\\/letrame.com\\\/catalogo\\\/wp-content\\\/uploads\\\/2024\\\/04\\\/webportada_delpoderyelmiedo_115mm-compressed-scaled-1.jpg\",\"width\":1746,\"height\":2560},{\"@type\":\"BreadcrumbList\",\"@id\":\"https:\\\/\\\/letrame.com\\\/catalogo\\\/producto\\\/del-poder-y-el-miedo-historia-de-las-manipulaciones\\\/#breadcrumb\",\"itemListElement\":[{\"@type\":\"ListItem\",\"position\":1,\"name\":\"Portada\",\"item\":\"https:\\\/\\\/letrame.com\\\/catalogo\\\/\"},{\"@type\":\"ListItem\",\"position\":2,\"name\":\"Cat\u00e1logo\",\"item\":\"https:\\\/\\\/letrame.com\\\/catalogo\\\/\"},{\"@type\":\"ListItem\",\"position\":3,\"name\":\"Del Poder y el Miedo. Historia de las manipulaciones.\"}]},{\"@type\":\"WebSite\",\"@id\":\"https:\\\/\\\/letrame.com\\\/catalogo\\\/#website\",\"url\":\"https:\\\/\\\/letrame.com\\\/catalogo\\\/\",\"name\":\"Catalogo | Letrame Grupo Editorial\",\"description\":\"\",\"publisher\":{\"@id\":\"https:\\\/\\\/letrame.com\\\/catalogo\\\/#organization\"},\"potentialAction\":[{\"@type\":\"SearchAction\",\"target\":{\"@type\":\"EntryPoint\",\"urlTemplate\":\"https:\\\/\\\/letrame.com\\\/catalogo\\\/?s={search_term_string}\"},\"query-input\":{\"@type\":\"PropertyValueSpecification\",\"valueRequired\":true,\"valueName\":\"search_term_string\"}}],\"inLanguage\":\"es\"},{\"@type\":\"Organization\",\"@id\":\"https:\\\/\\\/letrame.com\\\/catalogo\\\/#organization\",\"name\":\"Catalogo | Letrame Grupo Editorial\",\"url\":\"https:\\\/\\\/letrame.com\\\/catalogo\\\/\",\"logo\":{\"@type\":\"ImageObject\",\"inLanguage\":\"es\",\"@id\":\"https:\\\/\\\/letrame.com\\\/catalogo\\\/#\\\/schema\\\/logo\\\/image\\\/\",\"url\":\"https:\\\/\\\/letrame.com\\\/catalogo\\\/wp-content\\\/uploads\\\/2024\\\/03\\\/logo2.webp\",\"contentUrl\":\"https:\\\/\\\/letrame.com\\\/catalogo\\\/wp-content\\\/uploads\\\/2024\\\/03\\\/logo2.webp\",\"width\":394,\"height\":128,\"caption\":\"Catalogo | Letrame Grupo Editorial\"},\"image\":{\"@id\":\"https:\\\/\\\/letrame.com\\\/catalogo\\\/#\\\/schema\\\/logo\\\/image\\\/\"}}]}<\/script>\n<!-- \/ Yoast SEO plugin. -->","yoast_head_json":{"title":"Del Poder y el Miedo. Historia de las manipulaciones. - Catalogo | Letrame Grupo Editorial","robots":{"index":"index","follow":"follow","max-snippet":"max-snippet:-1","max-image-preview":"max-image-preview:large","max-video-preview":"max-video-preview:-1"},"canonical":"https:\/\/letrame.com\/catalogo\/producto\/del-poder-y-el-miedo-historia-de-las-manipulaciones\/","og_locale":"es_ES","og_type":"article","og_title":"Del Poder y el Miedo. Historia de las manipulaciones. - Catalogo | Letrame Grupo Editorial","og_description":"ISBN:\u00a09788411815116 SINOPSIS Las t\u00e9cnicas de manipulaci\u00f3n han sido perfeccionadas a trav\u00e9s de los siglos y al usarlas se despoja a los m\u00e1s d\u00e9biles de sus propiedades y se les a\u00edsla socialmente. El ego\u00edsmo y la desigualdad provocada por las \u00e9lites lo ha facilitado. Esta historia nos revela c\u00f3mo esas t\u00e9cnicas se han incrustado en la sociedad de forma imperceptible y hacen que los seres humanos sean v\u00edctimas de su propia vulnerabilidad. Impactante entender la codicia y la ambici\u00f3n de un grupo de personas al transportarnos entre el presente y el pasado a trav\u00e9s de las palabras.","og_url":"https:\/\/letrame.com\/catalogo\/producto\/del-poder-y-el-miedo-historia-de-las-manipulaciones\/","og_site_name":"Catalogo | Letrame Grupo Editorial","og_image":[{"width":1746,"height":2560,"url":"https:\/\/letrame.com\/catalogo\/wp-content\/uploads\/2024\/04\/webportada_delpoderyelmiedo_115mm-compressed-scaled-1.jpg","type":"image\/jpeg"}],"twitter_card":"summary_large_image","twitter_misc":{"Tiempo de lectura":"1 minuto"},"schema":{"@context":"https:\/\/schema.org","@graph":[{"@type":"WebPage","@id":"https:\/\/letrame.com\/catalogo\/producto\/del-poder-y-el-miedo-historia-de-las-manipulaciones\/","url":"https:\/\/letrame.com\/catalogo\/producto\/del-poder-y-el-miedo-historia-de-las-manipulaciones\/","name":"Del Poder y el Miedo. Historia de las manipulaciones. - Catalogo | Letrame Grupo Editorial","isPartOf":{"@id":"https:\/\/letrame.com\/catalogo\/#website"},"primaryImageOfPage":{"@id":"https:\/\/letrame.com\/catalogo\/producto\/del-poder-y-el-miedo-historia-de-las-manipulaciones\/#primaryimage"},"image":{"@id":"https:\/\/letrame.com\/catalogo\/producto\/del-poder-y-el-miedo-historia-de-las-manipulaciones\/#primaryimage"},"thumbnailUrl":"https:\/\/letrame.com\/catalogo\/wp-content\/uploads\/2024\/04\/webportada_delpoderyelmiedo_115mm-compressed-scaled-1.jpg","datePublished":"2024-04-29T14:53:56+00:00","breadcrumb":{"@id":"https:\/\/letrame.com\/catalogo\/producto\/del-poder-y-el-miedo-historia-de-las-manipulaciones\/#breadcrumb"},"inLanguage":"es","potentialAction":[{"@type":"ReadAction","target":["https:\/\/letrame.com\/catalogo\/producto\/del-poder-y-el-miedo-historia-de-las-manipulaciones\/"]}]},{"@type":"ImageObject","inLanguage":"es","@id":"https:\/\/letrame.com\/catalogo\/producto\/del-poder-y-el-miedo-historia-de-las-manipulaciones\/#primaryimage","url":"https:\/\/letrame.com\/catalogo\/wp-content\/uploads\/2024\/04\/webportada_delpoderyelmiedo_115mm-compressed-scaled-1.jpg","contentUrl":"https:\/\/letrame.com\/catalogo\/wp-content\/uploads\/2024\/04\/webportada_delpoderyelmiedo_115mm-compressed-scaled-1.jpg","width":1746,"height":2560},{"@type":"BreadcrumbList","@id":"https:\/\/letrame.com\/catalogo\/producto\/del-poder-y-el-miedo-historia-de-las-manipulaciones\/#breadcrumb","itemListElement":[{"@type":"ListItem","position":1,"name":"Portada","item":"https:\/\/letrame.com\/catalogo\/"},{"@type":"ListItem","position":2,"name":"Cat\u00e1logo","item":"https:\/\/letrame.com\/catalogo\/"},{"@type":"ListItem","position":3,"name":"Del Poder y el Miedo. Historia de las manipulaciones."}]},{"@type":"WebSite","@id":"https:\/\/letrame.com\/catalogo\/#website","url":"https:\/\/letrame.com\/catalogo\/","name":"Catalogo | Letrame Grupo Editorial","description":"","publisher":{"@id":"https:\/\/letrame.com\/catalogo\/#organization"},"potentialAction":[{"@type":"SearchAction","target":{"@type":"EntryPoint","urlTemplate":"https:\/\/letrame.com\/catalogo\/?s={search_term_string}"},"query-input":{"@type":"PropertyValueSpecification","valueRequired":true,"valueName":"search_term_string"}}],"inLanguage":"es"},{"@type":"Organization","@id":"https:\/\/letrame.com\/catalogo\/#organization","name":"Catalogo | Letrame Grupo Editorial","url":"https:\/\/letrame.com\/catalogo\/","logo":{"@type":"ImageObject","inLanguage":"es","@id":"https:\/\/letrame.com\/catalogo\/#\/schema\/logo\/image\/","url":"https:\/\/letrame.com\/catalogo\/wp-content\/uploads\/2024\/03\/logo2.webp","contentUrl":"https:\/\/letrame.com\/catalogo\/wp-content\/uploads\/2024\/03\/logo2.webp","width":394,"height":128,"caption":"Catalogo | Letrame Grupo Editorial"},"image":{"@id":"https:\/\/letrame.com\/catalogo\/#\/schema\/logo\/image\/"}}]}},"_links":{"self":[{"href":"https:\/\/letrame.com\/catalogo\/wp-json\/wp\/v2\/product\/99682","targetHints":{"allow":["GET"]}}],"collection":[{"href":"https:\/\/letrame.com\/catalogo\/wp-json\/wp\/v2\/product"}],"about":[{"href":"https:\/\/letrame.com\/catalogo\/wp-json\/wp\/v2\/types\/product"}],"replies":[{"embeddable":true,"href":"https:\/\/letrame.com\/catalogo\/wp-json\/wp\/v2\/comments?post=99682"}],"acf:post":[{"embeddable":true,"href":"https:\/\/letrame.com\/catalogo\/wp-json\/wp\/v2\/author_book\/77959"}],"wp:featuredmedia":[{"embeddable":true,"href":"https:\/\/letrame.com\/catalogo\/wp-json\/wp\/v2\/media\/99683"}],"wp:attachment":[{"href":"https:\/\/letrame.com\/catalogo\/wp-json\/wp\/v2\/media?parent=99682"}],"wp:term":[{"taxonomy":"libro","embeddable":true,"href":"https:\/\/letrame.com\/catalogo\/wp-json\/wp\/v2\/libro?post=99682"},{"taxonomy":"product_brand","embeddable":true,"href":"https:\/\/letrame.com\/catalogo\/wp-json\/wp\/v2\/product_brand?post=99682"},{"taxonomy":"product_cat","embeddable":true,"href":"https:\/\/letrame.com\/catalogo\/wp-json\/wp\/v2\/product_cat?post=99682"},{"taxonomy":"product_tag","embeddable":true,"href":"https:\/\/letrame.com\/catalogo\/wp-json\/wp\/v2\/product_tag?post=99682"}],"curies":[{"name":"wp","href":"https:\/\/api.w.org\/{rel}","templated":true}]}}