{"id":99674,"date":"2024-04-29T16:52:28","date_gmt":"2024-04-29T14:52:28","guid":{"rendered":"https:\/\/letrame.com\/catalogo\/producto\/atado-a-cristo-mi-diario-con-jesus\/"},"modified":"2024-06-04T16:03:09","modified_gmt":"2024-06-04T14:03:09","slug":"atado-a-cristo-mi-diario-con-jesus","status":"publish","type":"product","link":"https:\/\/letrame.com\/catalogo\/producto\/atado-a-cristo-mi-diario-con-jesus\/","title":{"rendered":"Atado a cristo. Mi diario con Jes\u00fas"},"content":{"rendered":"<p>ISBN: 9788411448154<\/p>\n<p>T\u00edtulo:ATADO A CRISTO. Mi Diario Con Jes\u00fas<br \/>\nFecha: 2023<br \/>\nP\u00e1ginas: 338<br \/>\nSINOPSIS<br \/>\nAl igual que los salmos, los proverbios y los dem\u00e1s libros po\u00e9ticos, todos ellos constituyen el m\u00e1s importante baluarte literario contenido en las Sagradas Escrituras, escritos de pu\u00f1o y letra por los m\u00e1s sabios escritores de la Biblia, con mensajes poderosos que han conmovido corazones a trav\u00e9s de los tiempos y las edades en distintos lugares y culturas del mundo.<\/p>\n<p>Con Atado a Cristo nos aventuramos a rescatar este precioso g\u00e9nero literario, responsable de la m\u00e1xima adoraci\u00f3n y exaltaci\u00f3n a Dios. Este g\u00e9nero hoy conocido como poes\u00eda m\u00edstica nos permitir\u00e1 deleitarnos mientras navegamos a trav\u00e9s de los cap\u00edtulos y episodios de la Biblia rescatando el devenir de los personajes b\u00edblicos; sus haza\u00f1as, sus intrigas, sus vivencias pero sobre todo el gran hero\u00edsmo que los caracteriza siendo el centro de todos Jes\u00fas mismo, el autor y consumador de la fe.<\/p>\n","protected":false},"excerpt":{"rendered":"<p>ISBN: 9788411448154<\/p>\n<p>SINOPSIS<br \/>\nAl igual que los salmos, los proverbios y los dem\u00e1s libros po\u00e9ticos, todos ellos constituyen el m\u00e1s importante baluarte literario contenido en las Sagradas Escrituras, escritos de pu\u00f1o y letra por los m\u00e1s sabios escritores de la Biblia, con mensajes poderosos que han conmovido corazones a trav\u00e9s de los tiempos y las edades en distintos lugares y culturas del mundo.<\/p>\n<p>Con Atado a Cristo nos aventuramos a rescatar este precioso g\u00e9nero literario, responsable de la m\u00e1xima adoraci\u00f3n y exaltaci\u00f3n a Dios. Este g\u00e9nero hoy conocido como poes\u00eda m\u00edstica nos permitir\u00e1 deleitarnos mientras navegamos a trav\u00e9s de los cap\u00edtulos y episodios de la Biblia rescatando el devenir de los personajes b\u00edblicos; sus haza\u00f1as, sus intrigas, sus vivencias pero sobre todo el gran hero\u00edsmo que los caracteriza siendo el centro de todos Jes\u00fas mismo, el autor y consumador de la fe.<\/p>\n","protected":false},"featured_media":99675,"comment_status":"closed","ping_status":"closed","template":"","meta":{"_acf_changed":false},"libro":[],"product_brand":[],"product_cat":[25],"product_tag":[],"class_list":{"0":"post-99674","1":"product","2":"type-product","3":"status-publish","4":"has-post-thumbnail","6":"product_cat-religion-y-espiritualidad","8":"first","9":"instock","10":"product-type-simple"},"acf":{"autor":[77953],"enlace_de_compra":"https:\/\/www.amazon.es\/Atado-Cristo-Mi-Diario-Jes%C3%BAs\/dp\/8411448150"},"yoast_head":"<!-- This site is optimized with the Yoast SEO plugin v27.4 - https:\/\/yoast.com\/product\/yoast-seo-wordpress\/ -->\n<title>Atado a cristo. Mi diario con Jes\u00fas - Catalogo | Letrame Grupo Editorial<\/title>\n<meta name=\"robots\" content=\"index, follow, max-snippet:-1, max-image-preview:large, max-video-preview:-1\" \/>\n<link rel=\"canonical\" href=\"https:\/\/letrame.com\/catalogo\/producto\/atado-a-cristo-mi-diario-con-jesus\/\" \/>\n<meta property=\"og:locale\" content=\"es_ES\" \/>\n<meta property=\"og:type\" content=\"article\" \/>\n<meta property=\"og:title\" content=\"Atado a cristo. Mi diario con Jes\u00fas - Catalogo | Letrame Grupo Editorial\" \/>\n<meta property=\"og:description\" content=\"ISBN: 9788411448154  SINOPSIS Al igual que los salmos, los proverbios y los dem\u00e1s libros po\u00e9ticos, todos ellos constituyen el m\u00e1s importante baluarte literario contenido en las Sagradas Escrituras, escritos de pu\u00f1o y letra por los m\u00e1s sabios escritores de la Biblia, con mensajes poderosos que han conmovido corazones a trav\u00e9s de los tiempos y las edades en distintos lugares y culturas del mundo.  Con Atado a Cristo nos aventuramos a rescatar este precioso g\u00e9nero literario, responsable de la m\u00e1xima adoraci\u00f3n y exaltaci\u00f3n a Dios. Este g\u00e9nero hoy conocido como poes\u00eda m\u00edstica nos permitir\u00e1 deleitarnos mientras navegamos a trav\u00e9s de los cap\u00edtulos y episodios de la Biblia rescatando el devenir de los personajes b\u00edblicos; sus haza\u00f1as, sus intrigas, sus vivencias pero sobre todo el gran hero\u00edsmo que los caracteriza siendo el centro de todos Jes\u00fas mismo, el autor y consumador de la fe.\" \/>\n<meta property=\"og:url\" content=\"https:\/\/letrame.com\/catalogo\/producto\/atado-a-cristo-mi-diario-con-jesus\/\" \/>\n<meta property=\"og:site_name\" content=\"Catalogo | Letrame Grupo Editorial\" \/>\n<meta property=\"article:modified_time\" content=\"2024-06-04T14:03:09+00:00\" \/>\n<meta property=\"og:image\" content=\"https:\/\/letrame.com\/catalogo\/wp-content\/uploads\/2024\/04\/portada_atadoacristo_891mm-copia-compressed-scaled-1.jpg\" \/>\n\t<meta property=\"og:image:width\" content=\"1746\" \/>\n\t<meta property=\"og:image:height\" content=\"2560\" \/>\n\t<meta property=\"og:image:type\" content=\"image\/jpeg\" \/>\n<meta name=\"twitter:card\" content=\"summary_large_image\" \/>\n<meta name=\"twitter:label1\" content=\"Tiempo de lectura\" \/>\n\t<meta name=\"twitter:data1\" content=\"1 minuto\" \/>\n<script type=\"application\/ld+json\" class=\"yoast-schema-graph\">{\"@context\":\"https:\\\/\\\/schema.org\",\"@graph\":[{\"@type\":\"WebPage\",\"@id\":\"https:\\\/\\\/letrame.com\\\/catalogo\\\/producto\\\/atado-a-cristo-mi-diario-con-jesus\\\/\",\"url\":\"https:\\\/\\\/letrame.com\\\/catalogo\\\/producto\\\/atado-a-cristo-mi-diario-con-jesus\\\/\",\"name\":\"Atado a cristo. Mi diario con Jes\u00fas - Catalogo | Letrame Grupo Editorial\",\"isPartOf\":{\"@id\":\"https:\\\/\\\/letrame.com\\\/catalogo\\\/#website\"},\"primaryImageOfPage\":{\"@id\":\"https:\\\/\\\/letrame.com\\\/catalogo\\\/producto\\\/atado-a-cristo-mi-diario-con-jesus\\\/#primaryimage\"},\"image\":{\"@id\":\"https:\\\/\\\/letrame.com\\\/catalogo\\\/producto\\\/atado-a-cristo-mi-diario-con-jesus\\\/#primaryimage\"},\"thumbnailUrl\":\"https:\\\/\\\/letrame.com\\\/catalogo\\\/wp-content\\\/uploads\\\/2024\\\/04\\\/portada_atadoacristo_891mm-copia-compressed-scaled-1.jpg\",\"datePublished\":\"2024-04-29T14:52:28+00:00\",\"dateModified\":\"2024-06-04T14:03:09+00:00\",\"breadcrumb\":{\"@id\":\"https:\\\/\\\/letrame.com\\\/catalogo\\\/producto\\\/atado-a-cristo-mi-diario-con-jesus\\\/#breadcrumb\"},\"inLanguage\":\"es\",\"potentialAction\":[{\"@type\":\"ReadAction\",\"target\":[\"https:\\\/\\\/letrame.com\\\/catalogo\\\/producto\\\/atado-a-cristo-mi-diario-con-jesus\\\/\"]}]},{\"@type\":\"ImageObject\",\"inLanguage\":\"es\",\"@id\":\"https:\\\/\\\/letrame.com\\\/catalogo\\\/producto\\\/atado-a-cristo-mi-diario-con-jesus\\\/#primaryimage\",\"url\":\"https:\\\/\\\/letrame.com\\\/catalogo\\\/wp-content\\\/uploads\\\/2024\\\/04\\\/portada_atadoacristo_891mm-copia-compressed-scaled-1.jpg\",\"contentUrl\":\"https:\\\/\\\/letrame.com\\\/catalogo\\\/wp-content\\\/uploads\\\/2024\\\/04\\\/portada_atadoacristo_891mm-copia-compressed-scaled-1.jpg\",\"width\":1746,\"height\":2560},{\"@type\":\"BreadcrumbList\",\"@id\":\"https:\\\/\\\/letrame.com\\\/catalogo\\\/producto\\\/atado-a-cristo-mi-diario-con-jesus\\\/#breadcrumb\",\"itemListElement\":[{\"@type\":\"ListItem\",\"position\":1,\"name\":\"Portada\",\"item\":\"https:\\\/\\\/letrame.com\\\/catalogo\\\/\"},{\"@type\":\"ListItem\",\"position\":2,\"name\":\"Cat\u00e1logo\",\"item\":\"https:\\\/\\\/letrame.com\\\/catalogo\\\/\"},{\"@type\":\"ListItem\",\"position\":3,\"name\":\"Atado a cristo. Mi diario con Jes\u00fas\"}]},{\"@type\":\"WebSite\",\"@id\":\"https:\\\/\\\/letrame.com\\\/catalogo\\\/#website\",\"url\":\"https:\\\/\\\/letrame.com\\\/catalogo\\\/\",\"name\":\"Catalogo | Letrame Grupo Editorial\",\"description\":\"\",\"publisher\":{\"@id\":\"https:\\\/\\\/letrame.com\\\/catalogo\\\/#organization\"},\"potentialAction\":[{\"@type\":\"SearchAction\",\"target\":{\"@type\":\"EntryPoint\",\"urlTemplate\":\"https:\\\/\\\/letrame.com\\\/catalogo\\\/?s={search_term_string}\"},\"query-input\":{\"@type\":\"PropertyValueSpecification\",\"valueRequired\":true,\"valueName\":\"search_term_string\"}}],\"inLanguage\":\"es\"},{\"@type\":\"Organization\",\"@id\":\"https:\\\/\\\/letrame.com\\\/catalogo\\\/#organization\",\"name\":\"Catalogo | Letrame Grupo Editorial\",\"url\":\"https:\\\/\\\/letrame.com\\\/catalogo\\\/\",\"logo\":{\"@type\":\"ImageObject\",\"inLanguage\":\"es\",\"@id\":\"https:\\\/\\\/letrame.com\\\/catalogo\\\/#\\\/schema\\\/logo\\\/image\\\/\",\"url\":\"https:\\\/\\\/letrame.com\\\/catalogo\\\/wp-content\\\/uploads\\\/2024\\\/03\\\/logo2.webp\",\"contentUrl\":\"https:\\\/\\\/letrame.com\\\/catalogo\\\/wp-content\\\/uploads\\\/2024\\\/03\\\/logo2.webp\",\"width\":394,\"height\":128,\"caption\":\"Catalogo | Letrame Grupo Editorial\"},\"image\":{\"@id\":\"https:\\\/\\\/letrame.com\\\/catalogo\\\/#\\\/schema\\\/logo\\\/image\\\/\"}}]}<\/script>\n<!-- \/ Yoast SEO plugin. -->","yoast_head_json":{"title":"Atado a cristo. Mi diario con Jes\u00fas - Catalogo | Letrame Grupo Editorial","robots":{"index":"index","follow":"follow","max-snippet":"max-snippet:-1","max-image-preview":"max-image-preview:large","max-video-preview":"max-video-preview:-1"},"canonical":"https:\/\/letrame.com\/catalogo\/producto\/atado-a-cristo-mi-diario-con-jesus\/","og_locale":"es_ES","og_type":"article","og_title":"Atado a cristo. Mi diario con Jes\u00fas - Catalogo | Letrame Grupo Editorial","og_description":"ISBN: 9788411448154  SINOPSIS Al igual que los salmos, los proverbios y los dem\u00e1s libros po\u00e9ticos, todos ellos constituyen el m\u00e1s importante baluarte literario contenido en las Sagradas Escrituras, escritos de pu\u00f1o y letra por los m\u00e1s sabios escritores de la Biblia, con mensajes poderosos que han conmovido corazones a trav\u00e9s de los tiempos y las edades en distintos lugares y culturas del mundo.  Con Atado a Cristo nos aventuramos a rescatar este precioso g\u00e9nero literario, responsable de la m\u00e1xima adoraci\u00f3n y exaltaci\u00f3n a Dios. Este g\u00e9nero hoy conocido como poes\u00eda m\u00edstica nos permitir\u00e1 deleitarnos mientras navegamos a trav\u00e9s de los cap\u00edtulos y episodios de la Biblia rescatando el devenir de los personajes b\u00edblicos; sus haza\u00f1as, sus intrigas, sus vivencias pero sobre todo el gran hero\u00edsmo que los caracteriza siendo el centro de todos Jes\u00fas mismo, el autor y consumador de la fe.","og_url":"https:\/\/letrame.com\/catalogo\/producto\/atado-a-cristo-mi-diario-con-jesus\/","og_site_name":"Catalogo | Letrame Grupo Editorial","article_modified_time":"2024-06-04T14:03:09+00:00","og_image":[{"width":1746,"height":2560,"url":"https:\/\/letrame.com\/catalogo\/wp-content\/uploads\/2024\/04\/portada_atadoacristo_891mm-copia-compressed-scaled-1.jpg","type":"image\/jpeg"}],"twitter_card":"summary_large_image","twitter_misc":{"Tiempo de lectura":"1 minuto"},"schema":{"@context":"https:\/\/schema.org","@graph":[{"@type":"WebPage","@id":"https:\/\/letrame.com\/catalogo\/producto\/atado-a-cristo-mi-diario-con-jesus\/","url":"https:\/\/letrame.com\/catalogo\/producto\/atado-a-cristo-mi-diario-con-jesus\/","name":"Atado a cristo. Mi diario con Jes\u00fas - Catalogo | Letrame Grupo Editorial","isPartOf":{"@id":"https:\/\/letrame.com\/catalogo\/#website"},"primaryImageOfPage":{"@id":"https:\/\/letrame.com\/catalogo\/producto\/atado-a-cristo-mi-diario-con-jesus\/#primaryimage"},"image":{"@id":"https:\/\/letrame.com\/catalogo\/producto\/atado-a-cristo-mi-diario-con-jesus\/#primaryimage"},"thumbnailUrl":"https:\/\/letrame.com\/catalogo\/wp-content\/uploads\/2024\/04\/portada_atadoacristo_891mm-copia-compressed-scaled-1.jpg","datePublished":"2024-04-29T14:52:28+00:00","dateModified":"2024-06-04T14:03:09+00:00","breadcrumb":{"@id":"https:\/\/letrame.com\/catalogo\/producto\/atado-a-cristo-mi-diario-con-jesus\/#breadcrumb"},"inLanguage":"es","potentialAction":[{"@type":"ReadAction","target":["https:\/\/letrame.com\/catalogo\/producto\/atado-a-cristo-mi-diario-con-jesus\/"]}]},{"@type":"ImageObject","inLanguage":"es","@id":"https:\/\/letrame.com\/catalogo\/producto\/atado-a-cristo-mi-diario-con-jesus\/#primaryimage","url":"https:\/\/letrame.com\/catalogo\/wp-content\/uploads\/2024\/04\/portada_atadoacristo_891mm-copia-compressed-scaled-1.jpg","contentUrl":"https:\/\/letrame.com\/catalogo\/wp-content\/uploads\/2024\/04\/portada_atadoacristo_891mm-copia-compressed-scaled-1.jpg","width":1746,"height":2560},{"@type":"BreadcrumbList","@id":"https:\/\/letrame.com\/catalogo\/producto\/atado-a-cristo-mi-diario-con-jesus\/#breadcrumb","itemListElement":[{"@type":"ListItem","position":1,"name":"Portada","item":"https:\/\/letrame.com\/catalogo\/"},{"@type":"ListItem","position":2,"name":"Cat\u00e1logo","item":"https:\/\/letrame.com\/catalogo\/"},{"@type":"ListItem","position":3,"name":"Atado a cristo. Mi diario con Jes\u00fas"}]},{"@type":"WebSite","@id":"https:\/\/letrame.com\/catalogo\/#website","url":"https:\/\/letrame.com\/catalogo\/","name":"Catalogo | Letrame Grupo Editorial","description":"","publisher":{"@id":"https:\/\/letrame.com\/catalogo\/#organization"},"potentialAction":[{"@type":"SearchAction","target":{"@type":"EntryPoint","urlTemplate":"https:\/\/letrame.com\/catalogo\/?s={search_term_string}"},"query-input":{"@type":"PropertyValueSpecification","valueRequired":true,"valueName":"search_term_string"}}],"inLanguage":"es"},{"@type":"Organization","@id":"https:\/\/letrame.com\/catalogo\/#organization","name":"Catalogo | Letrame Grupo Editorial","url":"https:\/\/letrame.com\/catalogo\/","logo":{"@type":"ImageObject","inLanguage":"es","@id":"https:\/\/letrame.com\/catalogo\/#\/schema\/logo\/image\/","url":"https:\/\/letrame.com\/catalogo\/wp-content\/uploads\/2024\/03\/logo2.webp","contentUrl":"https:\/\/letrame.com\/catalogo\/wp-content\/uploads\/2024\/03\/logo2.webp","width":394,"height":128,"caption":"Catalogo | Letrame Grupo Editorial"},"image":{"@id":"https:\/\/letrame.com\/catalogo\/#\/schema\/logo\/image\/"}}]}},"_links":{"self":[{"href":"https:\/\/letrame.com\/catalogo\/wp-json\/wp\/v2\/product\/99674","targetHints":{"allow":["GET"]}}],"collection":[{"href":"https:\/\/letrame.com\/catalogo\/wp-json\/wp\/v2\/product"}],"about":[{"href":"https:\/\/letrame.com\/catalogo\/wp-json\/wp\/v2\/types\/product"}],"replies":[{"embeddable":true,"href":"https:\/\/letrame.com\/catalogo\/wp-json\/wp\/v2\/comments?post=99674"}],"acf:post":[{"embeddable":true,"href":"https:\/\/letrame.com\/catalogo\/wp-json\/wp\/v2\/author_book\/77953"}],"wp:featuredmedia":[{"embeddable":true,"href":"https:\/\/letrame.com\/catalogo\/wp-json\/wp\/v2\/media\/99675"}],"wp:attachment":[{"href":"https:\/\/letrame.com\/catalogo\/wp-json\/wp\/v2\/media?parent=99674"}],"wp:term":[{"taxonomy":"libro","embeddable":true,"href":"https:\/\/letrame.com\/catalogo\/wp-json\/wp\/v2\/libro?post=99674"},{"taxonomy":"product_brand","embeddable":true,"href":"https:\/\/letrame.com\/catalogo\/wp-json\/wp\/v2\/product_brand?post=99674"},{"taxonomy":"product_cat","embeddable":true,"href":"https:\/\/letrame.com\/catalogo\/wp-json\/wp\/v2\/product_cat?post=99674"},{"taxonomy":"product_tag","embeddable":true,"href":"https:\/\/letrame.com\/catalogo\/wp-json\/wp\/v2\/product_tag?post=99674"}],"curies":[{"name":"wp","href":"https:\/\/api.w.org\/{rel}","templated":true}]}}