{"id":99672,"date":"2024-04-29T16:52:28","date_gmt":"2024-04-29T14:52:28","guid":{"rendered":"https:\/\/letrame.com\/catalogo\/producto\/paradigmas-que-han-condicionado-el-rol-del-estudiante-urgen-nuevos-roles\/"},"modified":"2024-04-29T16:52:43","modified_gmt":"2024-04-29T14:52:43","slug":"paradigmas-que-han-condicionado-el-rol-del-estudiante-urgen-nuevos-roles","status":"publish","type":"product","link":"https:\/\/letrame.com\/catalogo\/producto\/paradigmas-que-han-condicionado-el-rol-del-estudiante-urgen-nuevos-roles\/","title":{"rendered":"Paradigmas que han condicionado el rol del estudiante. Urgen nuevos roles"},"content":{"rendered":"<p>ISBN: 9788411814539<\/p>\n<p>T\u00edtulo: Paradigmas que han condicionado el rol del estudiante. Urgen nuevos roles<br \/>\nFecha:2023<br \/>\nP\u00e1ginas: 212<\/p>\n<p>SINOPSIS<br \/>\nAunque el estudiante funge como elemento primordial de la acci\u00f3n educativa, y es considerado en los \u00faltimos a\u00f1os actor o protagonista principal del proceso ense\u00f1anza-aprendizaje, no se ha consolidado un campo de estudio propio\u00a0sobre \u00abel rol\u00a0del estudiante\u00bb en los distintos niveles educativos (preescolar, primaria, secundaria \u00a0y superior); este suele ser develado a partir del an\u00e1lisis de los temas y problemas fundamentales relacionados con los dem\u00e1s n\u00facleos del saber pedag\u00f3gico, tales como el curr\u00edculo, la ense\u00f1anza, la did\u00e1ctica, la evaluaci\u00f3n, entre otros.<br \/>\n\u00a0<br \/>\nEn el caso de la educaci\u00f3n primaria y secundaria\u00a0el rol del estudiante, y por supuesto el del maestro, viene delineado por la pol\u00edtica educativa vigente, traducida en los Planes Sectoriales de Educaci\u00f3n,\u00a0y a partir de all\u00ed, dichos roles se configuran en el acto educativo a trav\u00e9s de instrumentos como el Proyecto Educativo Institucional, el cual, cada vez m\u00e1s, pierde la autonom\u00eda que le otorg\u00f3 la Ley 115 de 1994. En el caso de la formaci\u00f3n universitaria, el rol del estudiante es delineado por la pol\u00edtica capitalista del neoliberalismo, los acontecimientos del nuevo escenario global, la regulaci\u00f3n que se ha impuesto a la universidad, las exigencias del mercado laboral, entre otros factores, que igualmente, han minado la autonom\u00eda que confiere a la universidad la Ley 30 de 1992.<br \/>\n\u00a0<br \/>\nDe ah\u00ed que cada cap\u00edtulo de este libro aporta algunos elementos de reflexi\u00f3n, encaminados a motivar la concreci\u00f3n de un campo de estudio particular sobre \u00abel rol del estudiante\u00bb en el proceso educativo, en el momento hist\u00f3rico de cada pa\u00eds. As\u00ed mismo, se propone profundizar en dicho rol en el marco de an\u00e1lisis de tres interrogantes directamente relacionados con el estudiante, a saber: \u00bfQu\u00e9 significa e implica asumir el rol de estudiante?, \u00bfcu\u00e1l es el rol del estudiante que configura la relaci\u00f3n \u00abestudiante-conocimiento\u00bb mediada por el aprendizaje?, \u00bfqu\u00e9 factores de tipo social y personal influyen en el rol del estudiante?<br \/>\n\u00a0<br \/>\nLas reflexiones en torno al rol del estudiante discurren en dos partes: la primera se encarga de develar los paradigmas que han configurado el rol del estudiante de educaci\u00f3n b\u00e1sica y media, y la segunda aporta algunas reflexiones sobre c\u00f3mo se ha configurado el rol del estudiante en la formaci\u00f3n universitaria. As\u00ed mismo, cada parte hace un llamado tanto al estudiante como al docente, a asumir nuevos roles, en el marco de una nueva pol\u00edtica educativa que conciba la educaci\u00f3n como un derecho fundamental, atienda las necesidades estructurales, y visione al\u00a0conocimiento como el eje de la econom\u00eda y el desarrollo, en clave de equidad.<\/p>\n","protected":false},"excerpt":{"rendered":"<p>ISBN: 9788411814539<\/p>\n<p>SINOPSIS<br \/>\nAunque el estudiante funge como elemento primordial de la acci\u00f3n educativa, y es considerado en los \u00faltimos a\u00f1os actor o protagonista principal del proceso ense\u00f1anza-aprendizaje, no se ha consolidado un campo de estudio propio\u00a0sobre \u00abel rol\u00a0del estudiante\u00bb en los distintos niveles educativos (preescolar, primaria, secundaria \u00a0y superior); este suele ser develado a partir del an\u00e1lisis de los temas y problemas fundamentales relacionados con los dem\u00e1s n\u00facleos del saber pedag\u00f3gico, tales como el curr\u00edculo, la ense\u00f1anza, la did\u00e1ctica, la evaluaci\u00f3n, entre otros.<br \/>\n\u00a0<br \/>\nEn el caso de la educaci\u00f3n primaria y secundaria\u00a0el rol del estudiante, y por supuesto el del maestro, viene delineado por la pol\u00edtica educativa vigente, traducida en los Planes Sectoriales de Educaci\u00f3n,\u00a0y a partir de all\u00ed, dichos roles se configuran en el acto educativo a trav\u00e9s de instrumentos como el Proyecto Educativo Institucional, el cual, cada vez m\u00e1s, pierde la autonom\u00eda que le otorg\u00f3 la Ley 115 de 1994. En el caso de la formaci\u00f3n universitaria, el rol del estudiante es delineado por la pol\u00edtica capitalista del neoliberalismo, los acontecimientos del nuevo escenario global, la regulaci\u00f3n que se ha impuesto a la universidad, las exigencias del mercado laboral, entre otros factores, que igualmente, han minado la autonom\u00eda que confiere a la universidad la Ley 30 de 1992.<br \/>\n\u00a0<br \/>\nDe ah\u00ed que cada cap\u00edtulo de este libro aporta algunos elementos de reflexi\u00f3n, encaminados a motivar la concreci\u00f3n de un campo de estudio particular sobre \u00abel rol del estudiante\u00bb en el proceso educativo, en el momento hist\u00f3rico de cada pa\u00eds. As\u00ed mismo, se propone profundizar en dicho rol en el marco de an\u00e1lisis de tres interrogantes directamente relacionados con el estudiante, a saber: \u00bfQu\u00e9 significa e implica asumir el rol de estudiante?, \u00bfcu\u00e1l es el rol del estudiante que configura la relaci\u00f3n \u00abestudiante-conocimiento\u00bb mediada por el aprendizaje?, \u00bfqu\u00e9 factores de tipo social y personal influyen en el rol del estudiante?<br \/>\n\u00a0<br \/>\nLas reflexiones en torno al rol del estudiante discurren en dos partes: la primera se encarga de develar los paradigmas que han configurado el rol del estudiante de educaci\u00f3n b\u00e1sica y media, y la segunda aporta algunas reflexiones sobre c\u00f3mo se ha configurado el rol del estudiante en la formaci\u00f3n universitaria. As\u00ed mismo, cada parte hace un llamado tanto al estudiante como al docente, a asumir nuevos roles, en el marco de una nueva pol\u00edtica educativa que conciba la educaci\u00f3n como un derecho fundamental, atienda las necesidades estructurales, y visione al\u00a0conocimiento como el eje de la econom\u00eda y el desarrollo, en clave de equidad.<\/p>\n","protected":false},"featured_media":99673,"comment_status":"closed","ping_status":"open","template":"","meta":{"_acf_changed":false},"libro":[],"product_brand":[],"product_cat":[23],"product_tag":[],"class_list":{"0":"post-99672","1":"product","2":"type-product","3":"status-publish","4":"has-post-thumbnail","6":"product_cat-ensayos","8":"first","9":"instock","10":"product-type-simple"},"acf":{"autor":[77951],"enlace_de_compra":"https:\/\/www.amazon.es\/Paradigmas-que-han-condicionado-estudiante\/dp\/841181453X"},"yoast_head":"<!-- This site is optimized with the Yoast SEO plugin v27.4 - https:\/\/yoast.com\/product\/yoast-seo-wordpress\/ -->\n<title>Paradigmas que han condicionado el rol del estudiante. Urgen nuevos roles - Catalogo | Letrame Grupo Editorial<\/title>\n<meta name=\"robots\" content=\"index, follow, max-snippet:-1, max-image-preview:large, max-video-preview:-1\" \/>\n<link rel=\"canonical\" href=\"https:\/\/letrame.com\/catalogo\/producto\/paradigmas-que-han-condicionado-el-rol-del-estudiante-urgen-nuevos-roles\/\" \/>\n<meta property=\"og:locale\" content=\"es_ES\" \/>\n<meta property=\"og:type\" content=\"article\" \/>\n<meta property=\"og:title\" content=\"Paradigmas que han condicionado el rol del estudiante. Urgen nuevos roles - Catalogo | Letrame Grupo Editorial\" \/>\n<meta property=\"og:description\" content=\"ISBN: 9788411814539 SINOPSIS Aunque el estudiante funge como elemento primordial de la acci\u00f3n educativa, y es considerado en los \u00faltimos a\u00f1os actor o protagonista principal del proceso ense\u00f1anza-aprendizaje, no se ha consolidado un campo de estudio propio\u00a0sobre \u00abel rol\u00a0del estudiante\u00bb en los distintos niveles educativos (preescolar, primaria, secundaria \u00a0y superior); este suele ser develado a partir del an\u00e1lisis de los temas y problemas fundamentales relacionados con los dem\u00e1s n\u00facleos del saber pedag\u00f3gico, tales como el curr\u00edculo, la ense\u00f1anza, la did\u00e1ctica, la evaluaci\u00f3n, entre otros. \u00a0 En el caso de la educaci\u00f3n primaria y secundaria\u00a0el rol del estudiante, y por supuesto el del maestro, viene delineado por la pol\u00edtica educativa vigente, traducida en los Planes Sectoriales de Educaci\u00f3n,\u00a0y a partir de all\u00ed, dichos roles se configuran en el acto educativo a trav\u00e9s de instrumentos como el Proyecto Educativo Institucional, el cual, cada vez m\u00e1s, pierde la autonom\u00eda que le otorg\u00f3 la Ley 115 de 1994. En el caso de la formaci\u00f3n universitaria, el rol del estudiante es delineado por la pol\u00edtica capitalista del neoliberalismo, los acontecimientos del nuevo escenario global, la regulaci\u00f3n que se ha impuesto a la universidad, las exigencias del mercado laboral, entre otros factores, que igualmente, han minado la autonom\u00eda que confiere a la universidad la Ley 30 de 1992. \u00a0 De ah\u00ed que cada cap\u00edtulo de este libro aporta algunos elementos de reflexi\u00f3n, encaminados a motivar la concreci\u00f3n de un campo de estudio particular sobre \u00abel rol del estudiante\u00bb en el proceso educativo, en el momento hist\u00f3rico de cada pa\u00eds. As\u00ed mismo, se propone profundizar en dicho rol en el marco de an\u00e1lisis de tres interrogantes directamente relacionados con el estudiante, a saber: \u00bfQu\u00e9 significa e implica asumir el rol de estudiante?, \u00bfcu\u00e1l es el rol del estudiante que configura la relaci\u00f3n \u00abestudiante-conocimiento\u00bb mediada por el aprendizaje?, \u00bfqu\u00e9 factores de tipo social y personal influyen en el rol del estudiante? \u00a0 Las reflexiones en torno al rol del estudiante discurren en dos partes: la primera se encarga de develar los paradigmas que han configurado el rol del estudiante de educaci\u00f3n b\u00e1sica y media, y la segunda aporta algunas reflexiones sobre c\u00f3mo se ha configurado el rol del estudiante en la formaci\u00f3n universitaria. As\u00ed mismo, cada parte hace un llamado tanto al estudiante como al docente, a asumir nuevos roles, en el marco de una nueva pol\u00edtica educativa que conciba la educaci\u00f3n como un derecho fundamental, atienda las necesidades estructurales, y visione al\u00a0conocimiento como el eje de la econom\u00eda y el desarrollo, en clave de equidad.\" \/>\n<meta property=\"og:url\" content=\"https:\/\/letrame.com\/catalogo\/producto\/paradigmas-que-han-condicionado-el-rol-del-estudiante-urgen-nuevos-roles\/\" \/>\n<meta property=\"og:site_name\" content=\"Catalogo | Letrame Grupo Editorial\" \/>\n<meta property=\"article:modified_time\" content=\"2024-04-29T14:52:43+00:00\" \/>\n<meta property=\"og:image\" content=\"https:\/\/letrame.com\/catalogo\/wp-content\/uploads\/2024\/04\/webparadigmasquehan_1025mm-compressed-scaled-1.jpg\" \/>\n\t<meta property=\"og:image:width\" content=\"1746\" \/>\n\t<meta property=\"og:image:height\" content=\"2560\" \/>\n\t<meta property=\"og:image:type\" content=\"image\/jpeg\" \/>\n<meta name=\"twitter:card\" content=\"summary_large_image\" \/>\n<meta name=\"twitter:label1\" content=\"Tiempo de lectura\" \/>\n\t<meta name=\"twitter:data1\" content=\"2 minutos\" \/>\n<script type=\"application\/ld+json\" class=\"yoast-schema-graph\">{\"@context\":\"https:\\\/\\\/schema.org\",\"@graph\":[{\"@type\":\"WebPage\",\"@id\":\"https:\\\/\\\/letrame.com\\\/catalogo\\\/producto\\\/paradigmas-que-han-condicionado-el-rol-del-estudiante-urgen-nuevos-roles\\\/\",\"url\":\"https:\\\/\\\/letrame.com\\\/catalogo\\\/producto\\\/paradigmas-que-han-condicionado-el-rol-del-estudiante-urgen-nuevos-roles\\\/\",\"name\":\"Paradigmas que han condicionado el rol del estudiante. Urgen nuevos roles - Catalogo | Letrame Grupo Editorial\",\"isPartOf\":{\"@id\":\"https:\\\/\\\/letrame.com\\\/catalogo\\\/#website\"},\"primaryImageOfPage\":{\"@id\":\"https:\\\/\\\/letrame.com\\\/catalogo\\\/producto\\\/paradigmas-que-han-condicionado-el-rol-del-estudiante-urgen-nuevos-roles\\\/#primaryimage\"},\"image\":{\"@id\":\"https:\\\/\\\/letrame.com\\\/catalogo\\\/producto\\\/paradigmas-que-han-condicionado-el-rol-del-estudiante-urgen-nuevos-roles\\\/#primaryimage\"},\"thumbnailUrl\":\"https:\\\/\\\/letrame.com\\\/catalogo\\\/wp-content\\\/uploads\\\/2024\\\/04\\\/webparadigmasquehan_1025mm-compressed-scaled-1.jpg\",\"datePublished\":\"2024-04-29T14:52:28+00:00\",\"dateModified\":\"2024-04-29T14:52:43+00:00\",\"breadcrumb\":{\"@id\":\"https:\\\/\\\/letrame.com\\\/catalogo\\\/producto\\\/paradigmas-que-han-condicionado-el-rol-del-estudiante-urgen-nuevos-roles\\\/#breadcrumb\"},\"inLanguage\":\"es\",\"potentialAction\":[{\"@type\":\"ReadAction\",\"target\":[\"https:\\\/\\\/letrame.com\\\/catalogo\\\/producto\\\/paradigmas-que-han-condicionado-el-rol-del-estudiante-urgen-nuevos-roles\\\/\"]}]},{\"@type\":\"ImageObject\",\"inLanguage\":\"es\",\"@id\":\"https:\\\/\\\/letrame.com\\\/catalogo\\\/producto\\\/paradigmas-que-han-condicionado-el-rol-del-estudiante-urgen-nuevos-roles\\\/#primaryimage\",\"url\":\"https:\\\/\\\/letrame.com\\\/catalogo\\\/wp-content\\\/uploads\\\/2024\\\/04\\\/webparadigmasquehan_1025mm-compressed-scaled-1.jpg\",\"contentUrl\":\"https:\\\/\\\/letrame.com\\\/catalogo\\\/wp-content\\\/uploads\\\/2024\\\/04\\\/webparadigmasquehan_1025mm-compressed-scaled-1.jpg\",\"width\":1746,\"height\":2560},{\"@type\":\"BreadcrumbList\",\"@id\":\"https:\\\/\\\/letrame.com\\\/catalogo\\\/producto\\\/paradigmas-que-han-condicionado-el-rol-del-estudiante-urgen-nuevos-roles\\\/#breadcrumb\",\"itemListElement\":[{\"@type\":\"ListItem\",\"position\":1,\"name\":\"Portada\",\"item\":\"https:\\\/\\\/letrame.com\\\/catalogo\\\/\"},{\"@type\":\"ListItem\",\"position\":2,\"name\":\"Cat\u00e1logo\",\"item\":\"https:\\\/\\\/letrame.com\\\/catalogo\\\/\"},{\"@type\":\"ListItem\",\"position\":3,\"name\":\"Paradigmas que han condicionado el rol del estudiante. Urgen nuevos roles\"}]},{\"@type\":\"WebSite\",\"@id\":\"https:\\\/\\\/letrame.com\\\/catalogo\\\/#website\",\"url\":\"https:\\\/\\\/letrame.com\\\/catalogo\\\/\",\"name\":\"Catalogo | Letrame Grupo Editorial\",\"description\":\"\",\"publisher\":{\"@id\":\"https:\\\/\\\/letrame.com\\\/catalogo\\\/#organization\"},\"potentialAction\":[{\"@type\":\"SearchAction\",\"target\":{\"@type\":\"EntryPoint\",\"urlTemplate\":\"https:\\\/\\\/letrame.com\\\/catalogo\\\/?s={search_term_string}\"},\"query-input\":{\"@type\":\"PropertyValueSpecification\",\"valueRequired\":true,\"valueName\":\"search_term_string\"}}],\"inLanguage\":\"es\"},{\"@type\":\"Organization\",\"@id\":\"https:\\\/\\\/letrame.com\\\/catalogo\\\/#organization\",\"name\":\"Catalogo | Letrame Grupo Editorial\",\"url\":\"https:\\\/\\\/letrame.com\\\/catalogo\\\/\",\"logo\":{\"@type\":\"ImageObject\",\"inLanguage\":\"es\",\"@id\":\"https:\\\/\\\/letrame.com\\\/catalogo\\\/#\\\/schema\\\/logo\\\/image\\\/\",\"url\":\"https:\\\/\\\/letrame.com\\\/catalogo\\\/wp-content\\\/uploads\\\/2024\\\/03\\\/logo2.webp\",\"contentUrl\":\"https:\\\/\\\/letrame.com\\\/catalogo\\\/wp-content\\\/uploads\\\/2024\\\/03\\\/logo2.webp\",\"width\":394,\"height\":128,\"caption\":\"Catalogo | Letrame Grupo Editorial\"},\"image\":{\"@id\":\"https:\\\/\\\/letrame.com\\\/catalogo\\\/#\\\/schema\\\/logo\\\/image\\\/\"}}]}<\/script>\n<!-- \/ Yoast SEO plugin. -->","yoast_head_json":{"title":"Paradigmas que han condicionado el rol del estudiante. Urgen nuevos roles - Catalogo | Letrame Grupo Editorial","robots":{"index":"index","follow":"follow","max-snippet":"max-snippet:-1","max-image-preview":"max-image-preview:large","max-video-preview":"max-video-preview:-1"},"canonical":"https:\/\/letrame.com\/catalogo\/producto\/paradigmas-que-han-condicionado-el-rol-del-estudiante-urgen-nuevos-roles\/","og_locale":"es_ES","og_type":"article","og_title":"Paradigmas que han condicionado el rol del estudiante. Urgen nuevos roles - Catalogo | Letrame Grupo Editorial","og_description":"ISBN: 9788411814539 SINOPSIS Aunque el estudiante funge como elemento primordial de la acci\u00f3n educativa, y es considerado en los \u00faltimos a\u00f1os actor o protagonista principal del proceso ense\u00f1anza-aprendizaje, no se ha consolidado un campo de estudio propio\u00a0sobre \u00abel rol\u00a0del estudiante\u00bb en los distintos niveles educativos (preescolar, primaria, secundaria \u00a0y superior); este suele ser develado a partir del an\u00e1lisis de los temas y problemas fundamentales relacionados con los dem\u00e1s n\u00facleos del saber pedag\u00f3gico, tales como el curr\u00edculo, la ense\u00f1anza, la did\u00e1ctica, la evaluaci\u00f3n, entre otros. \u00a0 En el caso de la educaci\u00f3n primaria y secundaria\u00a0el rol del estudiante, y por supuesto el del maestro, viene delineado por la pol\u00edtica educativa vigente, traducida en los Planes Sectoriales de Educaci\u00f3n,\u00a0y a partir de all\u00ed, dichos roles se configuran en el acto educativo a trav\u00e9s de instrumentos como el Proyecto Educativo Institucional, el cual, cada vez m\u00e1s, pierde la autonom\u00eda que le otorg\u00f3 la Ley 115 de 1994. En el caso de la formaci\u00f3n universitaria, el rol del estudiante es delineado por la pol\u00edtica capitalista del neoliberalismo, los acontecimientos del nuevo escenario global, la regulaci\u00f3n que se ha impuesto a la universidad, las exigencias del mercado laboral, entre otros factores, que igualmente, han minado la autonom\u00eda que confiere a la universidad la Ley 30 de 1992. \u00a0 De ah\u00ed que cada cap\u00edtulo de este libro aporta algunos elementos de reflexi\u00f3n, encaminados a motivar la concreci\u00f3n de un campo de estudio particular sobre \u00abel rol del estudiante\u00bb en el proceso educativo, en el momento hist\u00f3rico de cada pa\u00eds. As\u00ed mismo, se propone profundizar en dicho rol en el marco de an\u00e1lisis de tres interrogantes directamente relacionados con el estudiante, a saber: \u00bfQu\u00e9 significa e implica asumir el rol de estudiante?, \u00bfcu\u00e1l es el rol del estudiante que configura la relaci\u00f3n \u00abestudiante-conocimiento\u00bb mediada por el aprendizaje?, \u00bfqu\u00e9 factores de tipo social y personal influyen en el rol del estudiante? \u00a0 Las reflexiones en torno al rol del estudiante discurren en dos partes: la primera se encarga de develar los paradigmas que han configurado el rol del estudiante de educaci\u00f3n b\u00e1sica y media, y la segunda aporta algunas reflexiones sobre c\u00f3mo se ha configurado el rol del estudiante en la formaci\u00f3n universitaria. As\u00ed mismo, cada parte hace un llamado tanto al estudiante como al docente, a asumir nuevos roles, en el marco de una nueva pol\u00edtica educativa que conciba la educaci\u00f3n como un derecho fundamental, atienda las necesidades estructurales, y visione al\u00a0conocimiento como el eje de la econom\u00eda y el desarrollo, en clave de equidad.","og_url":"https:\/\/letrame.com\/catalogo\/producto\/paradigmas-que-han-condicionado-el-rol-del-estudiante-urgen-nuevos-roles\/","og_site_name":"Catalogo | Letrame Grupo Editorial","article_modified_time":"2024-04-29T14:52:43+00:00","og_image":[{"width":1746,"height":2560,"url":"https:\/\/letrame.com\/catalogo\/wp-content\/uploads\/2024\/04\/webparadigmasquehan_1025mm-compressed-scaled-1.jpg","type":"image\/jpeg"}],"twitter_card":"summary_large_image","twitter_misc":{"Tiempo de lectura":"2 minutos"},"schema":{"@context":"https:\/\/schema.org","@graph":[{"@type":"WebPage","@id":"https:\/\/letrame.com\/catalogo\/producto\/paradigmas-que-han-condicionado-el-rol-del-estudiante-urgen-nuevos-roles\/","url":"https:\/\/letrame.com\/catalogo\/producto\/paradigmas-que-han-condicionado-el-rol-del-estudiante-urgen-nuevos-roles\/","name":"Paradigmas que han condicionado el rol del estudiante. Urgen nuevos roles - Catalogo | Letrame Grupo Editorial","isPartOf":{"@id":"https:\/\/letrame.com\/catalogo\/#website"},"primaryImageOfPage":{"@id":"https:\/\/letrame.com\/catalogo\/producto\/paradigmas-que-han-condicionado-el-rol-del-estudiante-urgen-nuevos-roles\/#primaryimage"},"image":{"@id":"https:\/\/letrame.com\/catalogo\/producto\/paradigmas-que-han-condicionado-el-rol-del-estudiante-urgen-nuevos-roles\/#primaryimage"},"thumbnailUrl":"https:\/\/letrame.com\/catalogo\/wp-content\/uploads\/2024\/04\/webparadigmasquehan_1025mm-compressed-scaled-1.jpg","datePublished":"2024-04-29T14:52:28+00:00","dateModified":"2024-04-29T14:52:43+00:00","breadcrumb":{"@id":"https:\/\/letrame.com\/catalogo\/producto\/paradigmas-que-han-condicionado-el-rol-del-estudiante-urgen-nuevos-roles\/#breadcrumb"},"inLanguage":"es","potentialAction":[{"@type":"ReadAction","target":["https:\/\/letrame.com\/catalogo\/producto\/paradigmas-que-han-condicionado-el-rol-del-estudiante-urgen-nuevos-roles\/"]}]},{"@type":"ImageObject","inLanguage":"es","@id":"https:\/\/letrame.com\/catalogo\/producto\/paradigmas-que-han-condicionado-el-rol-del-estudiante-urgen-nuevos-roles\/#primaryimage","url":"https:\/\/letrame.com\/catalogo\/wp-content\/uploads\/2024\/04\/webparadigmasquehan_1025mm-compressed-scaled-1.jpg","contentUrl":"https:\/\/letrame.com\/catalogo\/wp-content\/uploads\/2024\/04\/webparadigmasquehan_1025mm-compressed-scaled-1.jpg","width":1746,"height":2560},{"@type":"BreadcrumbList","@id":"https:\/\/letrame.com\/catalogo\/producto\/paradigmas-que-han-condicionado-el-rol-del-estudiante-urgen-nuevos-roles\/#breadcrumb","itemListElement":[{"@type":"ListItem","position":1,"name":"Portada","item":"https:\/\/letrame.com\/catalogo\/"},{"@type":"ListItem","position":2,"name":"Cat\u00e1logo","item":"https:\/\/letrame.com\/catalogo\/"},{"@type":"ListItem","position":3,"name":"Paradigmas que han condicionado el rol del estudiante. Urgen nuevos roles"}]},{"@type":"WebSite","@id":"https:\/\/letrame.com\/catalogo\/#website","url":"https:\/\/letrame.com\/catalogo\/","name":"Catalogo | Letrame Grupo Editorial","description":"","publisher":{"@id":"https:\/\/letrame.com\/catalogo\/#organization"},"potentialAction":[{"@type":"SearchAction","target":{"@type":"EntryPoint","urlTemplate":"https:\/\/letrame.com\/catalogo\/?s={search_term_string}"},"query-input":{"@type":"PropertyValueSpecification","valueRequired":true,"valueName":"search_term_string"}}],"inLanguage":"es"},{"@type":"Organization","@id":"https:\/\/letrame.com\/catalogo\/#organization","name":"Catalogo | Letrame Grupo Editorial","url":"https:\/\/letrame.com\/catalogo\/","logo":{"@type":"ImageObject","inLanguage":"es","@id":"https:\/\/letrame.com\/catalogo\/#\/schema\/logo\/image\/","url":"https:\/\/letrame.com\/catalogo\/wp-content\/uploads\/2024\/03\/logo2.webp","contentUrl":"https:\/\/letrame.com\/catalogo\/wp-content\/uploads\/2024\/03\/logo2.webp","width":394,"height":128,"caption":"Catalogo | Letrame Grupo Editorial"},"image":{"@id":"https:\/\/letrame.com\/catalogo\/#\/schema\/logo\/image\/"}}]}},"_links":{"self":[{"href":"https:\/\/letrame.com\/catalogo\/wp-json\/wp\/v2\/product\/99672","targetHints":{"allow":["GET"]}}],"collection":[{"href":"https:\/\/letrame.com\/catalogo\/wp-json\/wp\/v2\/product"}],"about":[{"href":"https:\/\/letrame.com\/catalogo\/wp-json\/wp\/v2\/types\/product"}],"replies":[{"embeddable":true,"href":"https:\/\/letrame.com\/catalogo\/wp-json\/wp\/v2\/comments?post=99672"}],"acf:post":[{"embeddable":true,"href":"https:\/\/letrame.com\/catalogo\/wp-json\/wp\/v2\/author_book\/77951"}],"wp:featuredmedia":[{"embeddable":true,"href":"https:\/\/letrame.com\/catalogo\/wp-json\/wp\/v2\/media\/99673"}],"wp:attachment":[{"href":"https:\/\/letrame.com\/catalogo\/wp-json\/wp\/v2\/media?parent=99672"}],"wp:term":[{"taxonomy":"libro","embeddable":true,"href":"https:\/\/letrame.com\/catalogo\/wp-json\/wp\/v2\/libro?post=99672"},{"taxonomy":"product_brand","embeddable":true,"href":"https:\/\/letrame.com\/catalogo\/wp-json\/wp\/v2\/product_brand?post=99672"},{"taxonomy":"product_cat","embeddable":true,"href":"https:\/\/letrame.com\/catalogo\/wp-json\/wp\/v2\/product_cat?post=99672"},{"taxonomy":"product_tag","embeddable":true,"href":"https:\/\/letrame.com\/catalogo\/wp-json\/wp\/v2\/product_tag?post=99672"}],"curies":[{"name":"wp","href":"https:\/\/api.w.org\/{rel}","templated":true}]}}