{"id":99657,"date":"2024-04-29T16:50:13","date_gmt":"2024-04-29T14:50:13","guid":{"rendered":"https:\/\/letrame.com\/catalogo\/producto\/arter-los-guardianes-de-la-chuecuta-sagrada\/"},"modified":"2024-06-04T16:03:21","modified_gmt":"2024-06-04T14:03:21","slug":"arter-los-guardianes-de-la-chuecuta-sagrada","status":"publish","type":"product","link":"https:\/\/letrame.com\/catalogo\/producto\/arter-los-guardianes-de-la-chuecuta-sagrada\/","title":{"rendered":"Arter Los Guardianes de la \u2018Chuecuta\u2019 Sagrada"},"content":{"rendered":"<p class=\"p1\">ISBN: 978-84-1181-425-6<\/p>\n<p class=\"p1\">T\u00edtulo: ARTER Los Guardianes de la \u2018Chuecuta\u2019 Sagrada<\/p>\n<p class=\"p1\">Fecha: 2023<br \/>\nP\u00e1ginas: 348<\/p>\n<p class=\"p1\">SINOPSIS<\/p>\n<p>Un grupo de j\u00f3venes ind\u00edgenas debe realizar una prueba de supervivencia la cual les entregar\u00e1 el honor de convertirse en hombres. Durante el viaje de caza conocen a un animal peculiar, el cual se hace llamar Arter, y descubren una piedra particularmente rara que cambia sus vidas abruptamente, entreg\u00e1ndoles poderes sobrenaturales.<\/p>\n<p>Cuando regresan a su ciudad, en medio del bosque, llegan y se dan cuenta de que un cataclismo ha consumido su tierra natal. Luego de encontrar a otros sobrevivientes y buscar respuestas al inesperado suceso, emprenden un viaje peligroso y mortal hacia una tierra desconocida, donde, se presume, gobierna un malvado demonio que mantiene cautivas a sus familias con un oscuro prop\u00f3sito en mente.<\/p>\n<p>Los j\u00f3venes deben aprender a controlar sus emociones para poder utilizar sus poderes a la perfecci\u00f3n. Sin embargo, una serie de sucesos inesperados confrontar\u00e1 a aquellos j\u00f3venes intr\u00e9pidos y los obligar\u00e1 a demostrarse a s\u00ed mismos que tienen lo necesario para llamarse a s\u00ed mismos \u00abLos Guardianes de la \u2018Chuecuta\u2019 Sagrada\u00bb y vencer a un peligroso misterio que amenaza la tierra de sus ancestros.<\/p>\n","protected":false},"excerpt":{"rendered":"<p class=\"p1\">ISBN: 978-84-1181-425-6<\/p>\n<p class=\"p1\">SINOPSIS<\/p>\n<p>Un grupo de j\u00f3venes ind\u00edgenas debe realizar una prueba de supervivencia la cual les entregar\u00e1 el honor de convertirse en hombres. Durante el viaje de caza conocen a un animal peculiar, el cual se hace llamar Arter, y descubren una piedra particularmente rara que cambia sus vidas abruptamente, entreg\u00e1ndoles poderes sobrenaturales.<\/p>\n<p>Cuando regresan a su ciudad, en medio del bosque, llegan y se dan cuenta de que un cataclismo ha consumido su tierra natal. Luego de encontrar a otros sobrevivientes y buscar respuestas al inesperado suceso, emprenden un viaje peligroso y mortal hacia una tierra desconocida, donde, se presume, gobierna un malvado demonio que mantiene cautivas a sus familias con un oscuro prop\u00f3sito en mente.<\/p>\n<p>Los j\u00f3venes deben aprender a controlar sus emociones para poder utilizar sus poderes a la perfecci\u00f3n. Sin embargo, una serie de sucesos inesperados confrontar\u00e1 a aquellos j\u00f3venes intr\u00e9pidos y los obligar\u00e1 a demostrarse a s\u00ed mismos que tienen lo necesario para llamarse a s\u00ed mismos \u00abLos Guardianes de la \u2018Chuecuta\u2019 Sagrada\u00bb y vencer a un peligroso misterio que amenaza la tierra de sus ancestros.<\/p>\n","protected":false},"featured_media":99658,"comment_status":"closed","ping_status":"closed","template":"","meta":{"_acf_changed":false},"libro":[],"product_brand":[],"product_cat":[16],"product_tag":[],"class_list":{"0":"post-99657","1":"product","2":"type-product","3":"status-publish","4":"has-post-thumbnail","6":"product_cat-novela","8":"first","9":"instock","10":"product-type-simple"},"acf":{"autor":[77941],"enlace_de_compra":"https:\/\/www.amazon.es\/Arter-Guardianes-Chuecuta-Sagrada-Novela\/dp\/8411814254"},"yoast_head":"<!-- This site is optimized with the Yoast SEO plugin v27.4 - https:\/\/yoast.com\/product\/yoast-seo-wordpress\/ -->\n<title>Arter Los Guardianes de la \u2018Chuecuta\u2019 Sagrada - Catalogo | Letrame Grupo Editorial<\/title>\n<meta name=\"robots\" content=\"index, follow, max-snippet:-1, max-image-preview:large, max-video-preview:-1\" \/>\n<link rel=\"canonical\" href=\"https:\/\/letrame.com\/catalogo\/producto\/arter-los-guardianes-de-la-chuecuta-sagrada\/\" \/>\n<meta property=\"og:locale\" content=\"es_ES\" \/>\n<meta property=\"og:type\" content=\"article\" \/>\n<meta property=\"og:title\" content=\"Arter Los Guardianes de la \u2018Chuecuta\u2019 Sagrada - Catalogo | Letrame Grupo Editorial\" \/>\n<meta property=\"og:description\" content=\"ISBN: 978-84-1181-425-6 SINOPSIS Un grupo de j\u00f3venes ind\u00edgenas debe realizar una prueba de supervivencia la cual les entregar\u00e1 el honor de convertirse en hombres. Durante el viaje de caza conocen a un animal peculiar, el cual se hace llamar Arter, y descubren una piedra particularmente rara que cambia sus vidas abruptamente, entreg\u00e1ndoles poderes sobrenaturales.  Cuando regresan a su ciudad, en medio del bosque, llegan y se dan cuenta de que un cataclismo ha consumido su tierra natal. Luego de encontrar a otros sobrevivientes y buscar respuestas al inesperado suceso, emprenden un viaje peligroso y mortal hacia una tierra desconocida, donde, se presume, gobierna un malvado demonio que mantiene cautivas a sus familias con un oscuro prop\u00f3sito en mente.  Los j\u00f3venes deben aprender a controlar sus emociones para poder utilizar sus poderes a la perfecci\u00f3n. Sin embargo, una serie de sucesos inesperados confrontar\u00e1 a aquellos j\u00f3venes intr\u00e9pidos y los obligar\u00e1 a demostrarse a s\u00ed mismos que tienen lo necesario para llamarse a s\u00ed mismos \u00abLos Guardianes de la \u2018Chuecuta\u2019 Sagrada\u00bb y vencer a un peligroso misterio que amenaza la tierra de sus ancestros.\" \/>\n<meta property=\"og:url\" content=\"https:\/\/letrame.com\/catalogo\/producto\/arter-los-guardianes-de-la-chuecuta-sagrada\/\" \/>\n<meta property=\"og:site_name\" content=\"Catalogo | Letrame Grupo Editorial\" \/>\n<meta property=\"article:modified_time\" content=\"2024-06-04T14:03:21+00:00\" \/>\n<meta property=\"og:image\" content=\"https:\/\/letrame.com\/catalogo\/wp-content\/uploads\/2024\/04\/webp_arter_1712mm-compressed-scaled-1.jpg\" \/>\n\t<meta property=\"og:image:width\" content=\"1746\" \/>\n\t<meta property=\"og:image:height\" content=\"2560\" \/>\n\t<meta property=\"og:image:type\" content=\"image\/jpeg\" \/>\n<meta name=\"twitter:card\" content=\"summary_large_image\" \/>\n<meta name=\"twitter:label1\" content=\"Tiempo de lectura\" \/>\n\t<meta name=\"twitter:data1\" content=\"2 minutos\" \/>\n<script type=\"application\/ld+json\" class=\"yoast-schema-graph\">{\"@context\":\"https:\\\/\\\/schema.org\",\"@graph\":[{\"@type\":\"WebPage\",\"@id\":\"https:\\\/\\\/letrame.com\\\/catalogo\\\/producto\\\/arter-los-guardianes-de-la-chuecuta-sagrada\\\/\",\"url\":\"https:\\\/\\\/letrame.com\\\/catalogo\\\/producto\\\/arter-los-guardianes-de-la-chuecuta-sagrada\\\/\",\"name\":\"Arter Los Guardianes de la \u2018Chuecuta\u2019 Sagrada - Catalogo | Letrame Grupo Editorial\",\"isPartOf\":{\"@id\":\"https:\\\/\\\/letrame.com\\\/catalogo\\\/#website\"},\"primaryImageOfPage\":{\"@id\":\"https:\\\/\\\/letrame.com\\\/catalogo\\\/producto\\\/arter-los-guardianes-de-la-chuecuta-sagrada\\\/#primaryimage\"},\"image\":{\"@id\":\"https:\\\/\\\/letrame.com\\\/catalogo\\\/producto\\\/arter-los-guardianes-de-la-chuecuta-sagrada\\\/#primaryimage\"},\"thumbnailUrl\":\"https:\\\/\\\/letrame.com\\\/catalogo\\\/wp-content\\\/uploads\\\/2024\\\/04\\\/webp_arter_1712mm-compressed-scaled-1.jpg\",\"datePublished\":\"2024-04-29T14:50:13+00:00\",\"dateModified\":\"2024-06-04T14:03:21+00:00\",\"breadcrumb\":{\"@id\":\"https:\\\/\\\/letrame.com\\\/catalogo\\\/producto\\\/arter-los-guardianes-de-la-chuecuta-sagrada\\\/#breadcrumb\"},\"inLanguage\":\"es\",\"potentialAction\":[{\"@type\":\"ReadAction\",\"target\":[\"https:\\\/\\\/letrame.com\\\/catalogo\\\/producto\\\/arter-los-guardianes-de-la-chuecuta-sagrada\\\/\"]}]},{\"@type\":\"ImageObject\",\"inLanguage\":\"es\",\"@id\":\"https:\\\/\\\/letrame.com\\\/catalogo\\\/producto\\\/arter-los-guardianes-de-la-chuecuta-sagrada\\\/#primaryimage\",\"url\":\"https:\\\/\\\/letrame.com\\\/catalogo\\\/wp-content\\\/uploads\\\/2024\\\/04\\\/webp_arter_1712mm-compressed-scaled-1.jpg\",\"contentUrl\":\"https:\\\/\\\/letrame.com\\\/catalogo\\\/wp-content\\\/uploads\\\/2024\\\/04\\\/webp_arter_1712mm-compressed-scaled-1.jpg\",\"width\":1746,\"height\":2560},{\"@type\":\"BreadcrumbList\",\"@id\":\"https:\\\/\\\/letrame.com\\\/catalogo\\\/producto\\\/arter-los-guardianes-de-la-chuecuta-sagrada\\\/#breadcrumb\",\"itemListElement\":[{\"@type\":\"ListItem\",\"position\":1,\"name\":\"Portada\",\"item\":\"https:\\\/\\\/letrame.com\\\/catalogo\\\/\"},{\"@type\":\"ListItem\",\"position\":2,\"name\":\"Cat\u00e1logo\",\"item\":\"https:\\\/\\\/letrame.com\\\/catalogo\\\/\"},{\"@type\":\"ListItem\",\"position\":3,\"name\":\"Arter Los Guardianes de la \u2018Chuecuta\u2019 Sagrada\"}]},{\"@type\":\"WebSite\",\"@id\":\"https:\\\/\\\/letrame.com\\\/catalogo\\\/#website\",\"url\":\"https:\\\/\\\/letrame.com\\\/catalogo\\\/\",\"name\":\"Catalogo | Letrame Grupo Editorial\",\"description\":\"\",\"publisher\":{\"@id\":\"https:\\\/\\\/letrame.com\\\/catalogo\\\/#organization\"},\"potentialAction\":[{\"@type\":\"SearchAction\",\"target\":{\"@type\":\"EntryPoint\",\"urlTemplate\":\"https:\\\/\\\/letrame.com\\\/catalogo\\\/?s={search_term_string}\"},\"query-input\":{\"@type\":\"PropertyValueSpecification\",\"valueRequired\":true,\"valueName\":\"search_term_string\"}}],\"inLanguage\":\"es\"},{\"@type\":\"Organization\",\"@id\":\"https:\\\/\\\/letrame.com\\\/catalogo\\\/#organization\",\"name\":\"Catalogo | Letrame Grupo Editorial\",\"url\":\"https:\\\/\\\/letrame.com\\\/catalogo\\\/\",\"logo\":{\"@type\":\"ImageObject\",\"inLanguage\":\"es\",\"@id\":\"https:\\\/\\\/letrame.com\\\/catalogo\\\/#\\\/schema\\\/logo\\\/image\\\/\",\"url\":\"https:\\\/\\\/letrame.com\\\/catalogo\\\/wp-content\\\/uploads\\\/2024\\\/03\\\/logo2.webp\",\"contentUrl\":\"https:\\\/\\\/letrame.com\\\/catalogo\\\/wp-content\\\/uploads\\\/2024\\\/03\\\/logo2.webp\",\"width\":394,\"height\":128,\"caption\":\"Catalogo | Letrame Grupo Editorial\"},\"image\":{\"@id\":\"https:\\\/\\\/letrame.com\\\/catalogo\\\/#\\\/schema\\\/logo\\\/image\\\/\"}}]}<\/script>\n<!-- \/ Yoast SEO plugin. -->","yoast_head_json":{"title":"Arter Los Guardianes de la \u2018Chuecuta\u2019 Sagrada - Catalogo | Letrame Grupo Editorial","robots":{"index":"index","follow":"follow","max-snippet":"max-snippet:-1","max-image-preview":"max-image-preview:large","max-video-preview":"max-video-preview:-1"},"canonical":"https:\/\/letrame.com\/catalogo\/producto\/arter-los-guardianes-de-la-chuecuta-sagrada\/","og_locale":"es_ES","og_type":"article","og_title":"Arter Los Guardianes de la \u2018Chuecuta\u2019 Sagrada - Catalogo | Letrame Grupo Editorial","og_description":"ISBN: 978-84-1181-425-6 SINOPSIS Un grupo de j\u00f3venes ind\u00edgenas debe realizar una prueba de supervivencia la cual les entregar\u00e1 el honor de convertirse en hombres. Durante el viaje de caza conocen a un animal peculiar, el cual se hace llamar Arter, y descubren una piedra particularmente rara que cambia sus vidas abruptamente, entreg\u00e1ndoles poderes sobrenaturales.  Cuando regresan a su ciudad, en medio del bosque, llegan y se dan cuenta de que un cataclismo ha consumido su tierra natal. Luego de encontrar a otros sobrevivientes y buscar respuestas al inesperado suceso, emprenden un viaje peligroso y mortal hacia una tierra desconocida, donde, se presume, gobierna un malvado demonio que mantiene cautivas a sus familias con un oscuro prop\u00f3sito en mente.  Los j\u00f3venes deben aprender a controlar sus emociones para poder utilizar sus poderes a la perfecci\u00f3n. Sin embargo, una serie de sucesos inesperados confrontar\u00e1 a aquellos j\u00f3venes intr\u00e9pidos y los obligar\u00e1 a demostrarse a s\u00ed mismos que tienen lo necesario para llamarse a s\u00ed mismos \u00abLos Guardianes de la \u2018Chuecuta\u2019 Sagrada\u00bb y vencer a un peligroso misterio que amenaza la tierra de sus ancestros.","og_url":"https:\/\/letrame.com\/catalogo\/producto\/arter-los-guardianes-de-la-chuecuta-sagrada\/","og_site_name":"Catalogo | Letrame Grupo Editorial","article_modified_time":"2024-06-04T14:03:21+00:00","og_image":[{"width":1746,"height":2560,"url":"https:\/\/letrame.com\/catalogo\/wp-content\/uploads\/2024\/04\/webp_arter_1712mm-compressed-scaled-1.jpg","type":"image\/jpeg"}],"twitter_card":"summary_large_image","twitter_misc":{"Tiempo de lectura":"2 minutos"},"schema":{"@context":"https:\/\/schema.org","@graph":[{"@type":"WebPage","@id":"https:\/\/letrame.com\/catalogo\/producto\/arter-los-guardianes-de-la-chuecuta-sagrada\/","url":"https:\/\/letrame.com\/catalogo\/producto\/arter-los-guardianes-de-la-chuecuta-sagrada\/","name":"Arter Los Guardianes de la \u2018Chuecuta\u2019 Sagrada - Catalogo | Letrame Grupo Editorial","isPartOf":{"@id":"https:\/\/letrame.com\/catalogo\/#website"},"primaryImageOfPage":{"@id":"https:\/\/letrame.com\/catalogo\/producto\/arter-los-guardianes-de-la-chuecuta-sagrada\/#primaryimage"},"image":{"@id":"https:\/\/letrame.com\/catalogo\/producto\/arter-los-guardianes-de-la-chuecuta-sagrada\/#primaryimage"},"thumbnailUrl":"https:\/\/letrame.com\/catalogo\/wp-content\/uploads\/2024\/04\/webp_arter_1712mm-compressed-scaled-1.jpg","datePublished":"2024-04-29T14:50:13+00:00","dateModified":"2024-06-04T14:03:21+00:00","breadcrumb":{"@id":"https:\/\/letrame.com\/catalogo\/producto\/arter-los-guardianes-de-la-chuecuta-sagrada\/#breadcrumb"},"inLanguage":"es","potentialAction":[{"@type":"ReadAction","target":["https:\/\/letrame.com\/catalogo\/producto\/arter-los-guardianes-de-la-chuecuta-sagrada\/"]}]},{"@type":"ImageObject","inLanguage":"es","@id":"https:\/\/letrame.com\/catalogo\/producto\/arter-los-guardianes-de-la-chuecuta-sagrada\/#primaryimage","url":"https:\/\/letrame.com\/catalogo\/wp-content\/uploads\/2024\/04\/webp_arter_1712mm-compressed-scaled-1.jpg","contentUrl":"https:\/\/letrame.com\/catalogo\/wp-content\/uploads\/2024\/04\/webp_arter_1712mm-compressed-scaled-1.jpg","width":1746,"height":2560},{"@type":"BreadcrumbList","@id":"https:\/\/letrame.com\/catalogo\/producto\/arter-los-guardianes-de-la-chuecuta-sagrada\/#breadcrumb","itemListElement":[{"@type":"ListItem","position":1,"name":"Portada","item":"https:\/\/letrame.com\/catalogo\/"},{"@type":"ListItem","position":2,"name":"Cat\u00e1logo","item":"https:\/\/letrame.com\/catalogo\/"},{"@type":"ListItem","position":3,"name":"Arter Los Guardianes de la \u2018Chuecuta\u2019 Sagrada"}]},{"@type":"WebSite","@id":"https:\/\/letrame.com\/catalogo\/#website","url":"https:\/\/letrame.com\/catalogo\/","name":"Catalogo | Letrame Grupo Editorial","description":"","publisher":{"@id":"https:\/\/letrame.com\/catalogo\/#organization"},"potentialAction":[{"@type":"SearchAction","target":{"@type":"EntryPoint","urlTemplate":"https:\/\/letrame.com\/catalogo\/?s={search_term_string}"},"query-input":{"@type":"PropertyValueSpecification","valueRequired":true,"valueName":"search_term_string"}}],"inLanguage":"es"},{"@type":"Organization","@id":"https:\/\/letrame.com\/catalogo\/#organization","name":"Catalogo | Letrame Grupo Editorial","url":"https:\/\/letrame.com\/catalogo\/","logo":{"@type":"ImageObject","inLanguage":"es","@id":"https:\/\/letrame.com\/catalogo\/#\/schema\/logo\/image\/","url":"https:\/\/letrame.com\/catalogo\/wp-content\/uploads\/2024\/03\/logo2.webp","contentUrl":"https:\/\/letrame.com\/catalogo\/wp-content\/uploads\/2024\/03\/logo2.webp","width":394,"height":128,"caption":"Catalogo | Letrame Grupo Editorial"},"image":{"@id":"https:\/\/letrame.com\/catalogo\/#\/schema\/logo\/image\/"}}]}},"_links":{"self":[{"href":"https:\/\/letrame.com\/catalogo\/wp-json\/wp\/v2\/product\/99657","targetHints":{"allow":["GET"]}}],"collection":[{"href":"https:\/\/letrame.com\/catalogo\/wp-json\/wp\/v2\/product"}],"about":[{"href":"https:\/\/letrame.com\/catalogo\/wp-json\/wp\/v2\/types\/product"}],"replies":[{"embeddable":true,"href":"https:\/\/letrame.com\/catalogo\/wp-json\/wp\/v2\/comments?post=99657"}],"acf:post":[{"embeddable":true,"href":"https:\/\/letrame.com\/catalogo\/wp-json\/wp\/v2\/author_book\/77941"}],"wp:featuredmedia":[{"embeddable":true,"href":"https:\/\/letrame.com\/catalogo\/wp-json\/wp\/v2\/media\/99658"}],"wp:attachment":[{"href":"https:\/\/letrame.com\/catalogo\/wp-json\/wp\/v2\/media?parent=99657"}],"wp:term":[{"taxonomy":"libro","embeddable":true,"href":"https:\/\/letrame.com\/catalogo\/wp-json\/wp\/v2\/libro?post=99657"},{"taxonomy":"product_brand","embeddable":true,"href":"https:\/\/letrame.com\/catalogo\/wp-json\/wp\/v2\/product_brand?post=99657"},{"taxonomy":"product_cat","embeddable":true,"href":"https:\/\/letrame.com\/catalogo\/wp-json\/wp\/v2\/product_cat?post=99657"},{"taxonomy":"product_tag","embeddable":true,"href":"https:\/\/letrame.com\/catalogo\/wp-json\/wp\/v2\/product_tag?post=99657"}],"curies":[{"name":"wp","href":"https:\/\/api.w.org\/{rel}","templated":true}]}}