{"id":99655,"date":"2024-04-29T16:50:13","date_gmt":"2024-04-29T14:50:13","guid":{"rendered":"https:\/\/letrame.com\/catalogo\/producto\/duermo-para-en-ti-sonar\/"},"modified":"2024-04-29T16:50:37","modified_gmt":"2024-04-29T14:50:37","slug":"duermo-para-en-ti-sonar","status":"publish","type":"product","link":"https:\/\/letrame.com\/catalogo\/producto\/duermo-para-en-ti-sonar\/","title":{"rendered":"Duermo para en ti so\u00f1ar"},"content":{"rendered":"<p class=\"p1\">ISBN:\u00a0978-84-1181-675-5<\/p>\n<p class=\"p1\">T\u00edtulo: Duermo para en ti so\u00f1ar<\/p>\n<p class=\"p1\">Fecha: 2023<br \/>\nP\u00e1ginas: 442<\/p>\n<p class=\"p1\">SINOPSIS<\/p>\n<p>Prudencio es un venezolano que, como otros siete millones de personas, emigr\u00f3 en busca de una mejor vida junto a su esposa, cansado de vivir con la incertidumbre de un pa\u00eds sumido en una crisis pol\u00edtica, econ\u00f3mica y social. Siete a\u00f1os despu\u00e9s de irse de Venezuela, con su vida completamente hecha en Espa\u00f1a y sin intenci\u00f3n alguna de regresar a la tierra donde naci\u00f3 y creci\u00f3, recibi\u00f3 una llamada inform\u00e1ndole que Tulio, su mejor amigo de la infancia, hab\u00eda fallecido repentinamente de un infarto. Tras un sorpresivo video que Tulio le dej\u00f3 a Prudencio y a sus otros amigos de la infancia, los convoc\u00f3 a que se reuniesen en Caracas con motivo de su funeral, con el fin de que los que viv\u00edan afuera, volvieran al pa\u00eds y confrontaran sus miedos y el resentimiento contra el mismo. Pero Prudencio no contaba solo con regresar a un pa\u00eds que le daba miedo y por el que sent\u00eda rechazo, tambi\u00e9n se encontrar\u00eda sorpresivamente con Roc\u00edo, quien fue novia de Tulio y, secretamente, el primer amor de su vida. Tras pasar cinco d\u00edas en Venezuela junto con sus amigos y otras personas que formaron parte de su vida en Caracas, Prudencio descubri\u00f3 cosas de su pasado, secretos, revelaciones y verdades que hab\u00edan estado cubiertas por un manto de aparente amistad, as\u00ed como reencontrarse con una ciudad que en el fondo quer\u00eda, pero que, para mejorar la adaptaci\u00f3n a un nuevo pa\u00eds y una nueva vida, hab\u00eda bloqueado los buenos recuerdos para evitar la a\u00f1oranza.<\/p>\n","protected":false},"excerpt":{"rendered":"<p class=\"p1\">ISBN:\u00a0978-84-1181-675-5<\/p>\n<p class=\"p1\">SINOPSIS<\/p>\n<p>Prudencio es un venezolano que, como otros siete millones de personas, emigr\u00f3 en busca de una mejor vida junto a su esposa, cansado de vivir con la incertidumbre de un pa\u00eds sumido en una crisis pol\u00edtica, econ\u00f3mica y social. Siete a\u00f1os despu\u00e9s de irse de Venezuela, con su vida completamente hecha en Espa\u00f1a y sin intenci\u00f3n alguna de regresar a la tierra donde naci\u00f3 y creci\u00f3, recibi\u00f3 una llamada inform\u00e1ndole que Tulio, su mejor amigo de la infancia, hab\u00eda fallecido repentinamente de un infarto. Tras un sorpresivo video que Tulio le dej\u00f3 a Prudencio y a sus otros amigos de la infancia, los convoc\u00f3 a que se reuniesen en Caracas con motivo de su funeral, con el fin de que los que viv\u00edan afuera, volvieran al pa\u00eds y confrontaran sus miedos y el resentimiento contra el mismo. Pero Prudencio no contaba solo con regresar a un pa\u00eds que le daba miedo y por el que sent\u00eda rechazo, tambi\u00e9n se encontrar\u00eda sorpresivamente con Roc\u00edo, quien fue novia de Tulio y, secretamente, el primer amor de su vida. Tras pasar cinco d\u00edas en Venezuela junto con sus amigos y otras personas que formaron parte de su vida en Caracas, Prudencio descubri\u00f3 cosas de su pasado, secretos, revelaciones y verdades que hab\u00edan estado cubiertas por un manto de aparente amistad, as\u00ed como reencontrarse con una ciudad que en el fondo quer\u00eda, pero que, para mejorar la adaptaci\u00f3n a un nuevo pa\u00eds y una nueva vida, hab\u00eda bloqueado los buenos recuerdos para evitar la a\u00f1oranza.<\/p>\n","protected":false},"featured_media":99656,"comment_status":"closed","ping_status":"open","template":"","meta":{"_acf_changed":false},"libro":[],"product_brand":[],"product_cat":[16],"product_tag":[],"class_list":{"0":"post-99655","1":"product","2":"type-product","3":"status-publish","4":"has-post-thumbnail","6":"product_cat-novela","8":"first","9":"instock","10":"product-type-simple"},"acf":{"autor":[77940],"enlace_de_compra":"https:\/\/www.amazon.es\/Duermo-so%C3%B1ar-%C3%81ngel-Aguilera-Ram%C3%ADrez\/dp\/8411816753"},"yoast_head":"<!-- This site is optimized with the Yoast SEO plugin v26.6 - https:\/\/yoast.com\/wordpress\/plugins\/seo\/ -->\n<title>Duermo para en ti so\u00f1ar - Catalogo | Letrame Grupo Editorial<\/title>\n<meta name=\"robots\" content=\"index, follow, max-snippet:-1, max-image-preview:large, max-video-preview:-1\" \/>\n<link rel=\"canonical\" href=\"https:\/\/letrame.com\/catalogo\/producto\/duermo-para-en-ti-sonar\/\" \/>\n<meta property=\"og:locale\" content=\"es_ES\" \/>\n<meta property=\"og:type\" content=\"article\" \/>\n<meta property=\"og:title\" content=\"Duermo para en ti so\u00f1ar - Catalogo | Letrame Grupo Editorial\" \/>\n<meta property=\"og:description\" content=\"ISBN:\u00a0978-84-1181-675-5 SINOPSIS Prudencio es un venezolano que, como otros siete millones de personas, emigr\u00f3 en busca de una mejor vida junto a su esposa, cansado de vivir con la incertidumbre de un pa\u00eds sumido en una crisis pol\u00edtica, econ\u00f3mica y social. Siete a\u00f1os despu\u00e9s de irse de Venezuela, con su vida completamente hecha en Espa\u00f1a y sin intenci\u00f3n alguna de regresar a la tierra donde naci\u00f3 y creci\u00f3, recibi\u00f3 una llamada inform\u00e1ndole que Tulio, su mejor amigo de la infancia, hab\u00eda fallecido repentinamente de un infarto. Tras un sorpresivo video que Tulio le dej\u00f3 a Prudencio y a sus otros amigos de la infancia, los convoc\u00f3 a que se reuniesen en Caracas con motivo de su funeral, con el fin de que los que viv\u00edan afuera, volvieran al pa\u00eds y confrontaran sus miedos y el resentimiento contra el mismo. Pero Prudencio no contaba solo con regresar a un pa\u00eds que le daba miedo y por el que sent\u00eda rechazo, tambi\u00e9n se encontrar\u00eda sorpresivamente con Roc\u00edo, quien fue novia de Tulio y, secretamente, el primer amor de su vida. Tras pasar cinco d\u00edas en Venezuela junto con sus amigos y otras personas que formaron parte de su vida en Caracas, Prudencio descubri\u00f3 cosas de su pasado, secretos, revelaciones y verdades que hab\u00edan estado cubiertas por un manto de aparente amistad, as\u00ed como reencontrarse con una ciudad que en el fondo quer\u00eda, pero que, para mejorar la adaptaci\u00f3n a un nuevo pa\u00eds y una nueva vida, hab\u00eda bloqueado los buenos recuerdos para evitar la a\u00f1oranza.\" \/>\n<meta property=\"og:url\" content=\"https:\/\/letrame.com\/catalogo\/producto\/duermo-para-en-ti-sonar\/\" \/>\n<meta property=\"og:site_name\" content=\"Catalogo | Letrame Grupo Editorial\" \/>\n<meta property=\"article:modified_time\" content=\"2024-04-29T14:50:37+00:00\" \/>\n<meta property=\"og:image\" content=\"https:\/\/letrame.com\/catalogo\/wp-content\/uploads\/2024\/04\/webp_duermoparati_2145mm-compressed-scaled-1.jpg\" \/>\n\t<meta property=\"og:image:width\" content=\"1746\" \/>\n\t<meta property=\"og:image:height\" content=\"2560\" \/>\n\t<meta property=\"og:image:type\" content=\"image\/jpeg\" \/>\n<meta name=\"twitter:card\" content=\"summary_large_image\" \/>\n<meta name=\"twitter:label1\" content=\"Tiempo de lectura\" \/>\n\t<meta name=\"twitter:data1\" content=\"1 minuto\" \/>\n<script type=\"application\/ld+json\" class=\"yoast-schema-graph\">{\"@context\":\"https:\/\/schema.org\",\"@graph\":[{\"@type\":\"WebPage\",\"@id\":\"https:\/\/letrame.com\/catalogo\/producto\/duermo-para-en-ti-sonar\/\",\"url\":\"https:\/\/letrame.com\/catalogo\/producto\/duermo-para-en-ti-sonar\/\",\"name\":\"Duermo para en ti so\u00f1ar - Catalogo | Letrame Grupo Editorial\",\"isPartOf\":{\"@id\":\"https:\/\/letrame.com\/catalogo\/#website\"},\"primaryImageOfPage\":{\"@id\":\"https:\/\/letrame.com\/catalogo\/producto\/duermo-para-en-ti-sonar\/#primaryimage\"},\"image\":{\"@id\":\"https:\/\/letrame.com\/catalogo\/producto\/duermo-para-en-ti-sonar\/#primaryimage\"},\"thumbnailUrl\":\"https:\/\/letrame.com\/catalogo\/wp-content\/uploads\/2024\/04\/webp_duermoparati_2145mm-compressed-scaled-1.jpg\",\"datePublished\":\"2024-04-29T14:50:13+00:00\",\"dateModified\":\"2024-04-29T14:50:37+00:00\",\"breadcrumb\":{\"@id\":\"https:\/\/letrame.com\/catalogo\/producto\/duermo-para-en-ti-sonar\/#breadcrumb\"},\"inLanguage\":\"es\",\"potentialAction\":[{\"@type\":\"ReadAction\",\"target\":[\"https:\/\/letrame.com\/catalogo\/producto\/duermo-para-en-ti-sonar\/\"]}]},{\"@type\":\"ImageObject\",\"inLanguage\":\"es\",\"@id\":\"https:\/\/letrame.com\/catalogo\/producto\/duermo-para-en-ti-sonar\/#primaryimage\",\"url\":\"https:\/\/letrame.com\/catalogo\/wp-content\/uploads\/2024\/04\/webp_duermoparati_2145mm-compressed-scaled-1.jpg\",\"contentUrl\":\"https:\/\/letrame.com\/catalogo\/wp-content\/uploads\/2024\/04\/webp_duermoparati_2145mm-compressed-scaled-1.jpg\",\"width\":1746,\"height\":2560},{\"@type\":\"BreadcrumbList\",\"@id\":\"https:\/\/letrame.com\/catalogo\/producto\/duermo-para-en-ti-sonar\/#breadcrumb\",\"itemListElement\":[{\"@type\":\"ListItem\",\"position\":1,\"name\":\"Portada\",\"item\":\"https:\/\/letrame.com\/catalogo\/\"},{\"@type\":\"ListItem\",\"position\":2,\"name\":\"Cat\u00e1logo\",\"item\":\"https:\/\/letrame.com\/catalogo\/\"},{\"@type\":\"ListItem\",\"position\":3,\"name\":\"Duermo para en ti so\u00f1ar\"}]},{\"@type\":\"WebSite\",\"@id\":\"https:\/\/letrame.com\/catalogo\/#website\",\"url\":\"https:\/\/letrame.com\/catalogo\/\",\"name\":\"Catalogo | Letrame Grupo Editorial\",\"description\":\"\",\"publisher\":{\"@id\":\"https:\/\/letrame.com\/catalogo\/#organization\"},\"potentialAction\":[{\"@type\":\"SearchAction\",\"target\":{\"@type\":\"EntryPoint\",\"urlTemplate\":\"https:\/\/letrame.com\/catalogo\/?s={search_term_string}\"},\"query-input\":{\"@type\":\"PropertyValueSpecification\",\"valueRequired\":true,\"valueName\":\"search_term_string\"}}],\"inLanguage\":\"es\"},{\"@type\":\"Organization\",\"@id\":\"https:\/\/letrame.com\/catalogo\/#organization\",\"name\":\"Catalogo | Letrame Grupo Editorial\",\"url\":\"https:\/\/letrame.com\/catalogo\/\",\"logo\":{\"@type\":\"ImageObject\",\"inLanguage\":\"es\",\"@id\":\"https:\/\/letrame.com\/catalogo\/#\/schema\/logo\/image\/\",\"url\":\"https:\/\/letrame.com\/catalogo\/wp-content\/uploads\/2024\/03\/logo2.webp\",\"contentUrl\":\"https:\/\/letrame.com\/catalogo\/wp-content\/uploads\/2024\/03\/logo2.webp\",\"width\":394,\"height\":128,\"caption\":\"Catalogo | Letrame Grupo Editorial\"},\"image\":{\"@id\":\"https:\/\/letrame.com\/catalogo\/#\/schema\/logo\/image\/\"}}]}<\/script>\n<!-- \/ Yoast SEO plugin. -->","yoast_head_json":{"title":"Duermo para en ti so\u00f1ar - Catalogo | Letrame Grupo Editorial","robots":{"index":"index","follow":"follow","max-snippet":"max-snippet:-1","max-image-preview":"max-image-preview:large","max-video-preview":"max-video-preview:-1"},"canonical":"https:\/\/letrame.com\/catalogo\/producto\/duermo-para-en-ti-sonar\/","og_locale":"es_ES","og_type":"article","og_title":"Duermo para en ti so\u00f1ar - Catalogo | Letrame Grupo Editorial","og_description":"ISBN:\u00a0978-84-1181-675-5 SINOPSIS Prudencio es un venezolano que, como otros siete millones de personas, emigr\u00f3 en busca de una mejor vida junto a su esposa, cansado de vivir con la incertidumbre de un pa\u00eds sumido en una crisis pol\u00edtica, econ\u00f3mica y social. Siete a\u00f1os despu\u00e9s de irse de Venezuela, con su vida completamente hecha en Espa\u00f1a y sin intenci\u00f3n alguna de regresar a la tierra donde naci\u00f3 y creci\u00f3, recibi\u00f3 una llamada inform\u00e1ndole que Tulio, su mejor amigo de la infancia, hab\u00eda fallecido repentinamente de un infarto. Tras un sorpresivo video que Tulio le dej\u00f3 a Prudencio y a sus otros amigos de la infancia, los convoc\u00f3 a que se reuniesen en Caracas con motivo de su funeral, con el fin de que los que viv\u00edan afuera, volvieran al pa\u00eds y confrontaran sus miedos y el resentimiento contra el mismo. Pero Prudencio no contaba solo con regresar a un pa\u00eds que le daba miedo y por el que sent\u00eda rechazo, tambi\u00e9n se encontrar\u00eda sorpresivamente con Roc\u00edo, quien fue novia de Tulio y, secretamente, el primer amor de su vida. Tras pasar cinco d\u00edas en Venezuela junto con sus amigos y otras personas que formaron parte de su vida en Caracas, Prudencio descubri\u00f3 cosas de su pasado, secretos, revelaciones y verdades que hab\u00edan estado cubiertas por un manto de aparente amistad, as\u00ed como reencontrarse con una ciudad que en el fondo quer\u00eda, pero que, para mejorar la adaptaci\u00f3n a un nuevo pa\u00eds y una nueva vida, hab\u00eda bloqueado los buenos recuerdos para evitar la a\u00f1oranza.","og_url":"https:\/\/letrame.com\/catalogo\/producto\/duermo-para-en-ti-sonar\/","og_site_name":"Catalogo | Letrame Grupo Editorial","article_modified_time":"2024-04-29T14:50:37+00:00","og_image":[{"width":1746,"height":2560,"url":"https:\/\/letrame.com\/catalogo\/wp-content\/uploads\/2024\/04\/webp_duermoparati_2145mm-compressed-scaled-1.jpg","type":"image\/jpeg"}],"twitter_card":"summary_large_image","twitter_misc":{"Tiempo de lectura":"1 minuto"},"schema":{"@context":"https:\/\/schema.org","@graph":[{"@type":"WebPage","@id":"https:\/\/letrame.com\/catalogo\/producto\/duermo-para-en-ti-sonar\/","url":"https:\/\/letrame.com\/catalogo\/producto\/duermo-para-en-ti-sonar\/","name":"Duermo para en ti so\u00f1ar - Catalogo | Letrame Grupo Editorial","isPartOf":{"@id":"https:\/\/letrame.com\/catalogo\/#website"},"primaryImageOfPage":{"@id":"https:\/\/letrame.com\/catalogo\/producto\/duermo-para-en-ti-sonar\/#primaryimage"},"image":{"@id":"https:\/\/letrame.com\/catalogo\/producto\/duermo-para-en-ti-sonar\/#primaryimage"},"thumbnailUrl":"https:\/\/letrame.com\/catalogo\/wp-content\/uploads\/2024\/04\/webp_duermoparati_2145mm-compressed-scaled-1.jpg","datePublished":"2024-04-29T14:50:13+00:00","dateModified":"2024-04-29T14:50:37+00:00","breadcrumb":{"@id":"https:\/\/letrame.com\/catalogo\/producto\/duermo-para-en-ti-sonar\/#breadcrumb"},"inLanguage":"es","potentialAction":[{"@type":"ReadAction","target":["https:\/\/letrame.com\/catalogo\/producto\/duermo-para-en-ti-sonar\/"]}]},{"@type":"ImageObject","inLanguage":"es","@id":"https:\/\/letrame.com\/catalogo\/producto\/duermo-para-en-ti-sonar\/#primaryimage","url":"https:\/\/letrame.com\/catalogo\/wp-content\/uploads\/2024\/04\/webp_duermoparati_2145mm-compressed-scaled-1.jpg","contentUrl":"https:\/\/letrame.com\/catalogo\/wp-content\/uploads\/2024\/04\/webp_duermoparati_2145mm-compressed-scaled-1.jpg","width":1746,"height":2560},{"@type":"BreadcrumbList","@id":"https:\/\/letrame.com\/catalogo\/producto\/duermo-para-en-ti-sonar\/#breadcrumb","itemListElement":[{"@type":"ListItem","position":1,"name":"Portada","item":"https:\/\/letrame.com\/catalogo\/"},{"@type":"ListItem","position":2,"name":"Cat\u00e1logo","item":"https:\/\/letrame.com\/catalogo\/"},{"@type":"ListItem","position":3,"name":"Duermo para en ti so\u00f1ar"}]},{"@type":"WebSite","@id":"https:\/\/letrame.com\/catalogo\/#website","url":"https:\/\/letrame.com\/catalogo\/","name":"Catalogo | Letrame Grupo Editorial","description":"","publisher":{"@id":"https:\/\/letrame.com\/catalogo\/#organization"},"potentialAction":[{"@type":"SearchAction","target":{"@type":"EntryPoint","urlTemplate":"https:\/\/letrame.com\/catalogo\/?s={search_term_string}"},"query-input":{"@type":"PropertyValueSpecification","valueRequired":true,"valueName":"search_term_string"}}],"inLanguage":"es"},{"@type":"Organization","@id":"https:\/\/letrame.com\/catalogo\/#organization","name":"Catalogo | Letrame Grupo Editorial","url":"https:\/\/letrame.com\/catalogo\/","logo":{"@type":"ImageObject","inLanguage":"es","@id":"https:\/\/letrame.com\/catalogo\/#\/schema\/logo\/image\/","url":"https:\/\/letrame.com\/catalogo\/wp-content\/uploads\/2024\/03\/logo2.webp","contentUrl":"https:\/\/letrame.com\/catalogo\/wp-content\/uploads\/2024\/03\/logo2.webp","width":394,"height":128,"caption":"Catalogo | Letrame Grupo Editorial"},"image":{"@id":"https:\/\/letrame.com\/catalogo\/#\/schema\/logo\/image\/"}}]}},"_links":{"self":[{"href":"https:\/\/letrame.com\/catalogo\/wp-json\/wp\/v2\/product\/99655","targetHints":{"allow":["GET"]}}],"collection":[{"href":"https:\/\/letrame.com\/catalogo\/wp-json\/wp\/v2\/product"}],"about":[{"href":"https:\/\/letrame.com\/catalogo\/wp-json\/wp\/v2\/types\/product"}],"replies":[{"embeddable":true,"href":"https:\/\/letrame.com\/catalogo\/wp-json\/wp\/v2\/comments?post=99655"}],"acf:post":[{"embeddable":true,"href":"https:\/\/letrame.com\/catalogo\/wp-json\/wp\/v2\/author_book\/77940"}],"wp:featuredmedia":[{"embeddable":true,"href":"https:\/\/letrame.com\/catalogo\/wp-json\/wp\/v2\/media\/99656"}],"wp:attachment":[{"href":"https:\/\/letrame.com\/catalogo\/wp-json\/wp\/v2\/media?parent=99655"}],"wp:term":[{"taxonomy":"libro","embeddable":true,"href":"https:\/\/letrame.com\/catalogo\/wp-json\/wp\/v2\/libro?post=99655"},{"taxonomy":"product_brand","embeddable":true,"href":"https:\/\/letrame.com\/catalogo\/wp-json\/wp\/v2\/product_brand?post=99655"},{"taxonomy":"product_cat","embeddable":true,"href":"https:\/\/letrame.com\/catalogo\/wp-json\/wp\/v2\/product_cat?post=99655"},{"taxonomy":"product_tag","embeddable":true,"href":"https:\/\/letrame.com\/catalogo\/wp-json\/wp\/v2\/product_tag?post=99655"}],"curies":[{"name":"wp","href":"https:\/\/api.w.org\/{rel}","templated":true}]}}