{"id":99646,"date":"2024-04-29T16:48:49","date_gmt":"2024-04-29T14:48:49","guid":{"rendered":"https:\/\/letrame.com\/catalogo\/producto\/nieve-en-el-convento\/"},"modified":"2024-04-29T16:49:20","modified_gmt":"2024-04-29T14:49:20","slug":"nieve-en-el-convento","status":"publish","type":"product","link":"https:\/\/letrame.com\/catalogo\/producto\/nieve-en-el-convento\/","title":{"rendered":"Nieve en el convento"},"content":{"rendered":"<p class=\"p1\">ISBN: 978-84-1181-821-6<\/p>\n<p class=\"p1\">T\u00edtulo: Nieve en el convento<br \/>\nFecha: 2023<br \/>\nP\u00e1ginas:\u00a0 316<\/p>\n<p class=\"p1\">SINOPSIS<\/p>\n<p>Cuando escuchamos hablar a nuestras madres o abuelas del maltrato a las mujeres y el menosprecio que hab\u00eda hacia ellas hace muchos a\u00f1os, decimos: \u00ab\u00a1Ya ser\u00e1 menos!\u00bb.<\/p>\n<p>Cuando las mejores familias por no perder su honra, su estatus, su nivel en la sociedad de antes, si la hija quedaba embarazada hac\u00edan desaparecer el hijo, nadie se enteraba. Pero la realidad estaba ah\u00ed, en unos a\u00f1os con una mentalidad machista, donde la mujer ten\u00eda que callar y aceptar todo lo que se le ordenaba.<\/p>\n<p>Cuando yo escuchaba lo vivido de esta persona desde ni\u00f1a en la que este relato esta basado, siempre tuve la idea de sacarlo a la luz. Hoy, que se supone que \u00abla mujer est\u00e1 protegida\u00bb.<\/p>\n<p>Aqu\u00ed os dejo esta historia real de lo que pas\u00f3 una mujer desde su nacimiento hasta su muerte.<\/p>\n<p><em>\u00a0<\/em><em>Nieve en el convento<\/em> va a llegar al coraz\u00f3n del lector, me siento orgullosa de haber llegado hasta el final de esta historia.<\/p>\n","protected":false},"excerpt":{"rendered":"<p class=\"p1\">ISBN: 978-84-1181-821-6<\/p>\n<p class=\"p1\">T\u00edtulo: Nieve en el convento<\/p>\n<p class=\"p1\">SINOPSIS<\/p>\n<p>Cuando escuchamos hablar a nuestras madres o abuelas del maltrato a las mujeres y el menosprecio que hab\u00eda hacia ellas hace muchos a\u00f1os, decimos: \u00ab\u00a1Ya ser\u00e1 menos!\u00bb.<\/p>\n<p>Cuando las mejores familias por no perder su honra, su estatus, su nivel en la sociedad de antes, si la hija quedaba embarazada hac\u00edan desaparecer el hijo, nadie se enteraba. Pero la realidad estaba ah\u00ed, en unos a\u00f1os con una mentalidad machista, donde la mujer ten\u00eda que callar y aceptar todo lo que se le ordenaba.<\/p>\n<p>Cuando yo escuchaba lo vivido de esta persona desde ni\u00f1a en la que este relato esta basado, siempre tuve la idea de sacarlo a la luz. Hoy, que se supone que \u00abla mujer est\u00e1 protegida\u00bb.<\/p>\n<p>Aqu\u00ed os dejo esta historia real de lo que pas\u00f3 una mujer desde su nacimiento hasta su muerte.<\/p>\n<p><em>\u00a0<\/em><em>Nieve en el convento<\/em> va a llegar al coraz\u00f3n del lector, me siento orgullosa de haber llegado hasta el final de esta historia.<\/p>\n","protected":false},"featured_media":99647,"comment_status":"closed","ping_status":"open","template":"","meta":{"_acf_changed":false},"libro":[],"product_brand":[],"product_cat":[29],"product_tag":[],"class_list":{"0":"post-99646","1":"product","2":"type-product","3":"status-publish","4":"has-post-thumbnail","6":"product_cat-novela-historica","8":"first","9":"instock","10":"product-type-simple"},"acf":{"autor":[77934],"enlace_de_compra":"https:\/\/www.amazon.es\/dp\/8411818217"},"yoast_head":"<!-- This site is optimized with the Yoast SEO plugin v27.4 - https:\/\/yoast.com\/product\/yoast-seo-wordpress\/ -->\n<title>Nieve en el convento - Catalogo | Letrame Grupo Editorial<\/title>\n<meta name=\"robots\" content=\"index, follow, max-snippet:-1, max-image-preview:large, max-video-preview:-1\" \/>\n<link rel=\"canonical\" href=\"https:\/\/letrame.com\/catalogo\/producto\/nieve-en-el-convento\/\" \/>\n<meta property=\"og:locale\" content=\"es_ES\" \/>\n<meta property=\"og:type\" content=\"article\" \/>\n<meta property=\"og:title\" content=\"Nieve en el convento - Catalogo | Letrame Grupo Editorial\" \/>\n<meta property=\"og:description\" content=\"ISBN: 978-84-1181-821-6 T\u00edtulo: Nieve en el convento SINOPSIS Cuando escuchamos hablar a nuestras madres o abuelas del maltrato a las mujeres y el menosprecio que hab\u00eda hacia ellas hace muchos a\u00f1os, decimos: \u00ab\u00a1Ya ser\u00e1 menos!\u00bb. Cuando las mejores familias por no perder su honra, su estatus, su nivel en la sociedad de antes, si la hija quedaba embarazada hac\u00edan desaparecer el hijo, nadie se enteraba. Pero la realidad estaba ah\u00ed, en unos a\u00f1os con una mentalidad machista, donde la mujer ten\u00eda que callar y aceptar todo lo que se le ordenaba. Cuando yo escuchaba lo vivido de esta persona desde ni\u00f1a en la que este relato esta basado, siempre tuve la idea de sacarlo a la luz. Hoy, que se supone que \u00abla mujer est\u00e1 protegida\u00bb. Aqu\u00ed os dejo esta historia real de lo que pas\u00f3 una mujer desde su nacimiento hasta su muerte. \u00a0Nieve en el convento va a llegar al coraz\u00f3n del lector, me siento orgullosa de haber llegado hasta el final de esta historia.\" \/>\n<meta property=\"og:url\" content=\"https:\/\/letrame.com\/catalogo\/producto\/nieve-en-el-convento\/\" \/>\n<meta property=\"og:site_name\" content=\"Catalogo | Letrame Grupo Editorial\" \/>\n<meta property=\"article:modified_time\" content=\"2024-04-29T14:49:20+00:00\" \/>\n<meta property=\"og:image\" content=\"https:\/\/letrame.com\/catalogo\/wp-content\/uploads\/2024\/04\/webp_nieveenelconvento_1564mm-compressed.jpg\" \/>\n\t<meta property=\"og:image:width\" content=\"1772\" \/>\n\t<meta property=\"og:image:height\" content=\"2480\" \/>\n\t<meta property=\"og:image:type\" content=\"image\/jpeg\" \/>\n<meta name=\"twitter:card\" content=\"summary_large_image\" \/>\n<meta name=\"twitter:label1\" content=\"Tiempo de lectura\" \/>\n\t<meta name=\"twitter:data1\" content=\"1 minuto\" \/>\n<script type=\"application\/ld+json\" class=\"yoast-schema-graph\">{\"@context\":\"https:\\\/\\\/schema.org\",\"@graph\":[{\"@type\":\"WebPage\",\"@id\":\"https:\\\/\\\/letrame.com\\\/catalogo\\\/producto\\\/nieve-en-el-convento\\\/\",\"url\":\"https:\\\/\\\/letrame.com\\\/catalogo\\\/producto\\\/nieve-en-el-convento\\\/\",\"name\":\"Nieve en el convento - Catalogo | Letrame Grupo Editorial\",\"isPartOf\":{\"@id\":\"https:\\\/\\\/letrame.com\\\/catalogo\\\/#website\"},\"primaryImageOfPage\":{\"@id\":\"https:\\\/\\\/letrame.com\\\/catalogo\\\/producto\\\/nieve-en-el-convento\\\/#primaryimage\"},\"image\":{\"@id\":\"https:\\\/\\\/letrame.com\\\/catalogo\\\/producto\\\/nieve-en-el-convento\\\/#primaryimage\"},\"thumbnailUrl\":\"https:\\\/\\\/letrame.com\\\/catalogo\\\/wp-content\\\/uploads\\\/2024\\\/04\\\/webp_nieveenelconvento_1564mm-compressed.jpg\",\"datePublished\":\"2024-04-29T14:48:49+00:00\",\"dateModified\":\"2024-04-29T14:49:20+00:00\",\"breadcrumb\":{\"@id\":\"https:\\\/\\\/letrame.com\\\/catalogo\\\/producto\\\/nieve-en-el-convento\\\/#breadcrumb\"},\"inLanguage\":\"es\",\"potentialAction\":[{\"@type\":\"ReadAction\",\"target\":[\"https:\\\/\\\/letrame.com\\\/catalogo\\\/producto\\\/nieve-en-el-convento\\\/\"]}]},{\"@type\":\"ImageObject\",\"inLanguage\":\"es\",\"@id\":\"https:\\\/\\\/letrame.com\\\/catalogo\\\/producto\\\/nieve-en-el-convento\\\/#primaryimage\",\"url\":\"https:\\\/\\\/letrame.com\\\/catalogo\\\/wp-content\\\/uploads\\\/2024\\\/04\\\/webp_nieveenelconvento_1564mm-compressed.jpg\",\"contentUrl\":\"https:\\\/\\\/letrame.com\\\/catalogo\\\/wp-content\\\/uploads\\\/2024\\\/04\\\/webp_nieveenelconvento_1564mm-compressed.jpg\",\"width\":1772,\"height\":2480},{\"@type\":\"BreadcrumbList\",\"@id\":\"https:\\\/\\\/letrame.com\\\/catalogo\\\/producto\\\/nieve-en-el-convento\\\/#breadcrumb\",\"itemListElement\":[{\"@type\":\"ListItem\",\"position\":1,\"name\":\"Portada\",\"item\":\"https:\\\/\\\/letrame.com\\\/catalogo\\\/\"},{\"@type\":\"ListItem\",\"position\":2,\"name\":\"Cat\u00e1logo\",\"item\":\"https:\\\/\\\/letrame.com\\\/catalogo\\\/\"},{\"@type\":\"ListItem\",\"position\":3,\"name\":\"Nieve en el convento\"}]},{\"@type\":\"WebSite\",\"@id\":\"https:\\\/\\\/letrame.com\\\/catalogo\\\/#website\",\"url\":\"https:\\\/\\\/letrame.com\\\/catalogo\\\/\",\"name\":\"Catalogo | Letrame Grupo Editorial\",\"description\":\"\",\"publisher\":{\"@id\":\"https:\\\/\\\/letrame.com\\\/catalogo\\\/#organization\"},\"potentialAction\":[{\"@type\":\"SearchAction\",\"target\":{\"@type\":\"EntryPoint\",\"urlTemplate\":\"https:\\\/\\\/letrame.com\\\/catalogo\\\/?s={search_term_string}\"},\"query-input\":{\"@type\":\"PropertyValueSpecification\",\"valueRequired\":true,\"valueName\":\"search_term_string\"}}],\"inLanguage\":\"es\"},{\"@type\":\"Organization\",\"@id\":\"https:\\\/\\\/letrame.com\\\/catalogo\\\/#organization\",\"name\":\"Catalogo | Letrame Grupo Editorial\",\"url\":\"https:\\\/\\\/letrame.com\\\/catalogo\\\/\",\"logo\":{\"@type\":\"ImageObject\",\"inLanguage\":\"es\",\"@id\":\"https:\\\/\\\/letrame.com\\\/catalogo\\\/#\\\/schema\\\/logo\\\/image\\\/\",\"url\":\"https:\\\/\\\/letrame.com\\\/catalogo\\\/wp-content\\\/uploads\\\/2024\\\/03\\\/logo2.webp\",\"contentUrl\":\"https:\\\/\\\/letrame.com\\\/catalogo\\\/wp-content\\\/uploads\\\/2024\\\/03\\\/logo2.webp\",\"width\":394,\"height\":128,\"caption\":\"Catalogo | Letrame Grupo Editorial\"},\"image\":{\"@id\":\"https:\\\/\\\/letrame.com\\\/catalogo\\\/#\\\/schema\\\/logo\\\/image\\\/\"}}]}<\/script>\n<!-- \/ Yoast SEO plugin. -->","yoast_head_json":{"title":"Nieve en el convento - Catalogo | Letrame Grupo Editorial","robots":{"index":"index","follow":"follow","max-snippet":"max-snippet:-1","max-image-preview":"max-image-preview:large","max-video-preview":"max-video-preview:-1"},"canonical":"https:\/\/letrame.com\/catalogo\/producto\/nieve-en-el-convento\/","og_locale":"es_ES","og_type":"article","og_title":"Nieve en el convento - Catalogo | Letrame Grupo Editorial","og_description":"ISBN: 978-84-1181-821-6 T\u00edtulo: Nieve en el convento SINOPSIS Cuando escuchamos hablar a nuestras madres o abuelas del maltrato a las mujeres y el menosprecio que hab\u00eda hacia ellas hace muchos a\u00f1os, decimos: \u00ab\u00a1Ya ser\u00e1 menos!\u00bb. Cuando las mejores familias por no perder su honra, su estatus, su nivel en la sociedad de antes, si la hija quedaba embarazada hac\u00edan desaparecer el hijo, nadie se enteraba. Pero la realidad estaba ah\u00ed, en unos a\u00f1os con una mentalidad machista, donde la mujer ten\u00eda que callar y aceptar todo lo que se le ordenaba. Cuando yo escuchaba lo vivido de esta persona desde ni\u00f1a en la que este relato esta basado, siempre tuve la idea de sacarlo a la luz. Hoy, que se supone que \u00abla mujer est\u00e1 protegida\u00bb. Aqu\u00ed os dejo esta historia real de lo que pas\u00f3 una mujer desde su nacimiento hasta su muerte. \u00a0Nieve en el convento va a llegar al coraz\u00f3n del lector, me siento orgullosa de haber llegado hasta el final de esta historia.","og_url":"https:\/\/letrame.com\/catalogo\/producto\/nieve-en-el-convento\/","og_site_name":"Catalogo | Letrame Grupo Editorial","article_modified_time":"2024-04-29T14:49:20+00:00","og_image":[{"width":1772,"height":2480,"url":"https:\/\/letrame.com\/catalogo\/wp-content\/uploads\/2024\/04\/webp_nieveenelconvento_1564mm-compressed.jpg","type":"image\/jpeg"}],"twitter_card":"summary_large_image","twitter_misc":{"Tiempo de lectura":"1 minuto"},"schema":{"@context":"https:\/\/schema.org","@graph":[{"@type":"WebPage","@id":"https:\/\/letrame.com\/catalogo\/producto\/nieve-en-el-convento\/","url":"https:\/\/letrame.com\/catalogo\/producto\/nieve-en-el-convento\/","name":"Nieve en el convento - Catalogo | Letrame Grupo Editorial","isPartOf":{"@id":"https:\/\/letrame.com\/catalogo\/#website"},"primaryImageOfPage":{"@id":"https:\/\/letrame.com\/catalogo\/producto\/nieve-en-el-convento\/#primaryimage"},"image":{"@id":"https:\/\/letrame.com\/catalogo\/producto\/nieve-en-el-convento\/#primaryimage"},"thumbnailUrl":"https:\/\/letrame.com\/catalogo\/wp-content\/uploads\/2024\/04\/webp_nieveenelconvento_1564mm-compressed.jpg","datePublished":"2024-04-29T14:48:49+00:00","dateModified":"2024-04-29T14:49:20+00:00","breadcrumb":{"@id":"https:\/\/letrame.com\/catalogo\/producto\/nieve-en-el-convento\/#breadcrumb"},"inLanguage":"es","potentialAction":[{"@type":"ReadAction","target":["https:\/\/letrame.com\/catalogo\/producto\/nieve-en-el-convento\/"]}]},{"@type":"ImageObject","inLanguage":"es","@id":"https:\/\/letrame.com\/catalogo\/producto\/nieve-en-el-convento\/#primaryimage","url":"https:\/\/letrame.com\/catalogo\/wp-content\/uploads\/2024\/04\/webp_nieveenelconvento_1564mm-compressed.jpg","contentUrl":"https:\/\/letrame.com\/catalogo\/wp-content\/uploads\/2024\/04\/webp_nieveenelconvento_1564mm-compressed.jpg","width":1772,"height":2480},{"@type":"BreadcrumbList","@id":"https:\/\/letrame.com\/catalogo\/producto\/nieve-en-el-convento\/#breadcrumb","itemListElement":[{"@type":"ListItem","position":1,"name":"Portada","item":"https:\/\/letrame.com\/catalogo\/"},{"@type":"ListItem","position":2,"name":"Cat\u00e1logo","item":"https:\/\/letrame.com\/catalogo\/"},{"@type":"ListItem","position":3,"name":"Nieve en el convento"}]},{"@type":"WebSite","@id":"https:\/\/letrame.com\/catalogo\/#website","url":"https:\/\/letrame.com\/catalogo\/","name":"Catalogo | Letrame Grupo Editorial","description":"","publisher":{"@id":"https:\/\/letrame.com\/catalogo\/#organization"},"potentialAction":[{"@type":"SearchAction","target":{"@type":"EntryPoint","urlTemplate":"https:\/\/letrame.com\/catalogo\/?s={search_term_string}"},"query-input":{"@type":"PropertyValueSpecification","valueRequired":true,"valueName":"search_term_string"}}],"inLanguage":"es"},{"@type":"Organization","@id":"https:\/\/letrame.com\/catalogo\/#organization","name":"Catalogo | Letrame Grupo Editorial","url":"https:\/\/letrame.com\/catalogo\/","logo":{"@type":"ImageObject","inLanguage":"es","@id":"https:\/\/letrame.com\/catalogo\/#\/schema\/logo\/image\/","url":"https:\/\/letrame.com\/catalogo\/wp-content\/uploads\/2024\/03\/logo2.webp","contentUrl":"https:\/\/letrame.com\/catalogo\/wp-content\/uploads\/2024\/03\/logo2.webp","width":394,"height":128,"caption":"Catalogo | Letrame Grupo Editorial"},"image":{"@id":"https:\/\/letrame.com\/catalogo\/#\/schema\/logo\/image\/"}}]}},"_links":{"self":[{"href":"https:\/\/letrame.com\/catalogo\/wp-json\/wp\/v2\/product\/99646","targetHints":{"allow":["GET"]}}],"collection":[{"href":"https:\/\/letrame.com\/catalogo\/wp-json\/wp\/v2\/product"}],"about":[{"href":"https:\/\/letrame.com\/catalogo\/wp-json\/wp\/v2\/types\/product"}],"replies":[{"embeddable":true,"href":"https:\/\/letrame.com\/catalogo\/wp-json\/wp\/v2\/comments?post=99646"}],"acf:post":[{"embeddable":true,"href":"https:\/\/letrame.com\/catalogo\/wp-json\/wp\/v2\/author_book\/77934"}],"wp:featuredmedia":[{"embeddable":true,"href":"https:\/\/letrame.com\/catalogo\/wp-json\/wp\/v2\/media\/99647"}],"wp:attachment":[{"href":"https:\/\/letrame.com\/catalogo\/wp-json\/wp\/v2\/media?parent=99646"}],"wp:term":[{"taxonomy":"libro","embeddable":true,"href":"https:\/\/letrame.com\/catalogo\/wp-json\/wp\/v2\/libro?post=99646"},{"taxonomy":"product_brand","embeddable":true,"href":"https:\/\/letrame.com\/catalogo\/wp-json\/wp\/v2\/product_brand?post=99646"},{"taxonomy":"product_cat","embeddable":true,"href":"https:\/\/letrame.com\/catalogo\/wp-json\/wp\/v2\/product_cat?post=99646"},{"taxonomy":"product_tag","embeddable":true,"href":"https:\/\/letrame.com\/catalogo\/wp-json\/wp\/v2\/product_tag?post=99646"}],"curies":[{"name":"wp","href":"https:\/\/api.w.org\/{rel}","templated":true}]}}