{"id":99644,"date":"2024-04-29T16:48:49","date_gmt":"2024-04-29T14:48:49","guid":{"rendered":"https:\/\/letrame.com\/catalogo\/producto\/encontrando-nuestro-camino-de-regreso\/"},"modified":"2024-04-29T16:49:04","modified_gmt":"2024-04-29T14:49:04","slug":"encontrando-nuestro-camino-de-regreso","status":"publish","type":"product","link":"https:\/\/letrame.com\/catalogo\/producto\/encontrando-nuestro-camino-de-regreso\/","title":{"rendered":"Encontrando nuestro camino de regreso"},"content":{"rendered":"<p class=\"p1\">ISBN: 978-84-1181-934-3<\/p>\n<p class=\"p1\">T\u00edtulo: Encontrando nuestro camino de regreso<br \/>\nFecha: 2024<br \/>\nP\u00e1ginas: 116<\/p>\n<p class=\"p1\">SINOPSIS<\/p>\n<p>Josh y Sebasti\u00e1n llevaban una vida apacible y llena de amor hasta que una discusi\u00f3n provocada por celos desata una serie de eventos que cambiar\u00e1n sus vidas para siempre. Despu\u00e9s de que Josh pronunciara palabras hirientes durante la pelea, Sebasti\u00e1n, herido emocionalmente, decide alejarse temporalmente de su hogar para dar espacio a la calma.<\/p>\n<p>Sin embargo, el destino tiene otros planes. Mientras Sebasti\u00e1n intenta procesar la intensidad de la discusi\u00f3n, Josh, preocupado y arrepentido, decide buscar a su pareja para solucionar las cosas. En su af\u00e1n por reconciliarse, Josh se ve involucrado en un tr\u00e1gico accidente que le provoca la p\u00e9rdida parcial de la memoria.<\/p>\n<p>De repente, Sebasti\u00e1n se encuentra ante la dif\u00edcil tarea de reconstruir la conexi\u00f3n que compart\u00edan. Josh, sin recuerdos de su relaci\u00f3n ni de la discusi\u00f3n que desencaden\u00f3 su tragedia, lucha por comprender su vida anterior.<\/p>\n<p>Sebasti\u00e1n deber\u00e1 encontrar nuevas formas de llegar al coraz\u00f3n de Josh, superando las barreras del olvido. En este viaje emocional, ambos descubrir\u00e1n que el amor verdadero puede prevalecer incluso en la oscuridad de la amnesia, pero el camino de regreso a su felicidad compartida ser\u00e1 una traves\u00eda llena de revelaciones, paciencia y redescubrimiento mutuo.<\/p>\n","protected":false},"excerpt":{"rendered":"<p class=\"p1\">ISBN: 978-84-1181-934-3<\/p>\n<p class=\"p1\">SINOPSIS<\/p>\n<p>Josh y Sebasti\u00e1n llevaban una vida apacible y llena de amor hasta que una discusi\u00f3n provocada por celos desata una serie de eventos que cambiar\u00e1n sus vidas para siempre. Despu\u00e9s de que Josh pronunciara palabras hirientes durante la pelea, Sebasti\u00e1n, herido emocionalmente, decide alejarse temporalmente de su hogar para dar espacio a la calma.<\/p>\n<p>Sin embargo, el destino tiene otros planes. Mientras Sebasti\u00e1n intenta procesar la intensidad de la discusi\u00f3n, Josh, preocupado y arrepentido, decide buscar a su pareja para solucionar las cosas. En su af\u00e1n por reconciliarse, Josh se ve involucrado en un tr\u00e1gico accidente que le provoca la p\u00e9rdida parcial de la memoria.<\/p>\n<p>De repente, Sebasti\u00e1n se encuentra ante la dif\u00edcil tarea de reconstruir la conexi\u00f3n que compart\u00edan. Josh, sin recuerdos de su relaci\u00f3n ni de la discusi\u00f3n que desencaden\u00f3 su tragedia, lucha por comprender su vida anterior.<\/p>\n<p>Sebasti\u00e1n deber\u00e1 encontrar nuevas formas de llegar al coraz\u00f3n de Josh, superando las barreras del olvido. En este viaje emocional, ambos descubrir\u00e1n que el amor verdadero puede prevalecer incluso en la oscuridad de la amnesia, pero el camino de regreso a su felicidad compartida ser\u00e1 una traves\u00eda llena de revelaciones, paciencia y redescubrimiento mutuo.<\/p>\n","protected":false},"featured_media":99645,"comment_status":"closed","ping_status":"open","template":"","meta":{"_acf_changed":false},"libro":[],"product_brand":[],"product_cat":[16],"product_tag":[],"class_list":{"0":"post-99644","1":"product","2":"type-product","3":"status-publish","4":"has-post-thumbnail","6":"product_cat-novela","8":"first","9":"instock","10":"product-type-simple"},"acf":{"autor":[77933],"enlace_de_compra":"https:\/\/www.amazon.es\/dp\/8411819345"},"yoast_head":"<!-- This site is optimized with the Yoast SEO plugin v26.6 - https:\/\/yoast.com\/wordpress\/plugins\/seo\/ -->\n<title>Encontrando nuestro camino de regreso - Catalogo | Letrame Grupo Editorial<\/title>\n<meta name=\"robots\" content=\"index, follow, max-snippet:-1, max-image-preview:large, max-video-preview:-1\" \/>\n<link rel=\"canonical\" href=\"https:\/\/letrame.com\/catalogo\/producto\/encontrando-nuestro-camino-de-regreso\/\" \/>\n<meta property=\"og:locale\" content=\"es_ES\" \/>\n<meta property=\"og:type\" content=\"article\" \/>\n<meta property=\"og:title\" content=\"Encontrando nuestro camino de regreso - Catalogo | Letrame Grupo Editorial\" \/>\n<meta property=\"og:description\" content=\"ISBN: 978-84-1181-934-3 SINOPSIS Josh y Sebasti\u00e1n llevaban una vida apacible y llena de amor hasta que una discusi\u00f3n provocada por celos desata una serie de eventos que cambiar\u00e1n sus vidas para siempre. Despu\u00e9s de que Josh pronunciara palabras hirientes durante la pelea, Sebasti\u00e1n, herido emocionalmente, decide alejarse temporalmente de su hogar para dar espacio a la calma. Sin embargo, el destino tiene otros planes. Mientras Sebasti\u00e1n intenta procesar la intensidad de la discusi\u00f3n, Josh, preocupado y arrepentido, decide buscar a su pareja para solucionar las cosas. En su af\u00e1n por reconciliarse, Josh se ve involucrado en un tr\u00e1gico accidente que le provoca la p\u00e9rdida parcial de la memoria. De repente, Sebasti\u00e1n se encuentra ante la dif\u00edcil tarea de reconstruir la conexi\u00f3n que compart\u00edan. Josh, sin recuerdos de su relaci\u00f3n ni de la discusi\u00f3n que desencaden\u00f3 su tragedia, lucha por comprender su vida anterior. Sebasti\u00e1n deber\u00e1 encontrar nuevas formas de llegar al coraz\u00f3n de Josh, superando las barreras del olvido. En este viaje emocional, ambos descubrir\u00e1n que el amor verdadero puede prevalecer incluso en la oscuridad de la amnesia, pero el camino de regreso a su felicidad compartida ser\u00e1 una traves\u00eda llena de revelaciones, paciencia y redescubrimiento mutuo.\" \/>\n<meta property=\"og:url\" content=\"https:\/\/letrame.com\/catalogo\/producto\/encontrando-nuestro-camino-de-regreso\/\" \/>\n<meta property=\"og:site_name\" content=\"Catalogo | Letrame Grupo Editorial\" \/>\n<meta property=\"article:modified_time\" content=\"2024-04-29T14:49:04+00:00\" \/>\n<meta property=\"og:image\" content=\"https:\/\/letrame.com\/catalogo\/wp-content\/uploads\/2024\/04\/webp_encontrandoelcamino_642mm-compressed.jpg\" \/>\n\t<meta property=\"og:image:width\" content=\"1772\" \/>\n\t<meta property=\"og:image:height\" content=\"2480\" \/>\n\t<meta property=\"og:image:type\" content=\"image\/jpeg\" \/>\n<meta name=\"twitter:card\" content=\"summary_large_image\" \/>\n<meta name=\"twitter:label1\" content=\"Tiempo de lectura\" \/>\n\t<meta name=\"twitter:data1\" content=\"1 minuto\" \/>\n<script type=\"application\/ld+json\" class=\"yoast-schema-graph\">{\"@context\":\"https:\/\/schema.org\",\"@graph\":[{\"@type\":\"WebPage\",\"@id\":\"https:\/\/letrame.com\/catalogo\/producto\/encontrando-nuestro-camino-de-regreso\/\",\"url\":\"https:\/\/letrame.com\/catalogo\/producto\/encontrando-nuestro-camino-de-regreso\/\",\"name\":\"Encontrando nuestro camino de regreso - Catalogo | Letrame Grupo Editorial\",\"isPartOf\":{\"@id\":\"https:\/\/letrame.com\/catalogo\/#website\"},\"primaryImageOfPage\":{\"@id\":\"https:\/\/letrame.com\/catalogo\/producto\/encontrando-nuestro-camino-de-regreso\/#primaryimage\"},\"image\":{\"@id\":\"https:\/\/letrame.com\/catalogo\/producto\/encontrando-nuestro-camino-de-regreso\/#primaryimage\"},\"thumbnailUrl\":\"https:\/\/letrame.com\/catalogo\/wp-content\/uploads\/2024\/04\/webp_encontrandoelcamino_642mm-compressed.jpg\",\"datePublished\":\"2024-04-29T14:48:49+00:00\",\"dateModified\":\"2024-04-29T14:49:04+00:00\",\"breadcrumb\":{\"@id\":\"https:\/\/letrame.com\/catalogo\/producto\/encontrando-nuestro-camino-de-regreso\/#breadcrumb\"},\"inLanguage\":\"es\",\"potentialAction\":[{\"@type\":\"ReadAction\",\"target\":[\"https:\/\/letrame.com\/catalogo\/producto\/encontrando-nuestro-camino-de-regreso\/\"]}]},{\"@type\":\"ImageObject\",\"inLanguage\":\"es\",\"@id\":\"https:\/\/letrame.com\/catalogo\/producto\/encontrando-nuestro-camino-de-regreso\/#primaryimage\",\"url\":\"https:\/\/letrame.com\/catalogo\/wp-content\/uploads\/2024\/04\/webp_encontrandoelcamino_642mm-compressed.jpg\",\"contentUrl\":\"https:\/\/letrame.com\/catalogo\/wp-content\/uploads\/2024\/04\/webp_encontrandoelcamino_642mm-compressed.jpg\",\"width\":1772,\"height\":2480},{\"@type\":\"BreadcrumbList\",\"@id\":\"https:\/\/letrame.com\/catalogo\/producto\/encontrando-nuestro-camino-de-regreso\/#breadcrumb\",\"itemListElement\":[{\"@type\":\"ListItem\",\"position\":1,\"name\":\"Portada\",\"item\":\"https:\/\/letrame.com\/catalogo\/\"},{\"@type\":\"ListItem\",\"position\":2,\"name\":\"Cat\u00e1logo\",\"item\":\"https:\/\/letrame.com\/catalogo\/\"},{\"@type\":\"ListItem\",\"position\":3,\"name\":\"Encontrando nuestro camino de regreso\"}]},{\"@type\":\"WebSite\",\"@id\":\"https:\/\/letrame.com\/catalogo\/#website\",\"url\":\"https:\/\/letrame.com\/catalogo\/\",\"name\":\"Catalogo | Letrame Grupo Editorial\",\"description\":\"\",\"publisher\":{\"@id\":\"https:\/\/letrame.com\/catalogo\/#organization\"},\"potentialAction\":[{\"@type\":\"SearchAction\",\"target\":{\"@type\":\"EntryPoint\",\"urlTemplate\":\"https:\/\/letrame.com\/catalogo\/?s={search_term_string}\"},\"query-input\":{\"@type\":\"PropertyValueSpecification\",\"valueRequired\":true,\"valueName\":\"search_term_string\"}}],\"inLanguage\":\"es\"},{\"@type\":\"Organization\",\"@id\":\"https:\/\/letrame.com\/catalogo\/#organization\",\"name\":\"Catalogo | Letrame Grupo Editorial\",\"url\":\"https:\/\/letrame.com\/catalogo\/\",\"logo\":{\"@type\":\"ImageObject\",\"inLanguage\":\"es\",\"@id\":\"https:\/\/letrame.com\/catalogo\/#\/schema\/logo\/image\/\",\"url\":\"https:\/\/letrame.com\/catalogo\/wp-content\/uploads\/2024\/03\/logo2.webp\",\"contentUrl\":\"https:\/\/letrame.com\/catalogo\/wp-content\/uploads\/2024\/03\/logo2.webp\",\"width\":394,\"height\":128,\"caption\":\"Catalogo | Letrame Grupo Editorial\"},\"image\":{\"@id\":\"https:\/\/letrame.com\/catalogo\/#\/schema\/logo\/image\/\"}}]}<\/script>\n<!-- \/ Yoast SEO plugin. -->","yoast_head_json":{"title":"Encontrando nuestro camino de regreso - Catalogo | Letrame Grupo Editorial","robots":{"index":"index","follow":"follow","max-snippet":"max-snippet:-1","max-image-preview":"max-image-preview:large","max-video-preview":"max-video-preview:-1"},"canonical":"https:\/\/letrame.com\/catalogo\/producto\/encontrando-nuestro-camino-de-regreso\/","og_locale":"es_ES","og_type":"article","og_title":"Encontrando nuestro camino de regreso - Catalogo | Letrame Grupo Editorial","og_description":"ISBN: 978-84-1181-934-3 SINOPSIS Josh y Sebasti\u00e1n llevaban una vida apacible y llena de amor hasta que una discusi\u00f3n provocada por celos desata una serie de eventos que cambiar\u00e1n sus vidas para siempre. Despu\u00e9s de que Josh pronunciara palabras hirientes durante la pelea, Sebasti\u00e1n, herido emocionalmente, decide alejarse temporalmente de su hogar para dar espacio a la calma. Sin embargo, el destino tiene otros planes. Mientras Sebasti\u00e1n intenta procesar la intensidad de la discusi\u00f3n, Josh, preocupado y arrepentido, decide buscar a su pareja para solucionar las cosas. En su af\u00e1n por reconciliarse, Josh se ve involucrado en un tr\u00e1gico accidente que le provoca la p\u00e9rdida parcial de la memoria. De repente, Sebasti\u00e1n se encuentra ante la dif\u00edcil tarea de reconstruir la conexi\u00f3n que compart\u00edan. Josh, sin recuerdos de su relaci\u00f3n ni de la discusi\u00f3n que desencaden\u00f3 su tragedia, lucha por comprender su vida anterior. Sebasti\u00e1n deber\u00e1 encontrar nuevas formas de llegar al coraz\u00f3n de Josh, superando las barreras del olvido. En este viaje emocional, ambos descubrir\u00e1n que el amor verdadero puede prevalecer incluso en la oscuridad de la amnesia, pero el camino de regreso a su felicidad compartida ser\u00e1 una traves\u00eda llena de revelaciones, paciencia y redescubrimiento mutuo.","og_url":"https:\/\/letrame.com\/catalogo\/producto\/encontrando-nuestro-camino-de-regreso\/","og_site_name":"Catalogo | Letrame Grupo Editorial","article_modified_time":"2024-04-29T14:49:04+00:00","og_image":[{"width":1772,"height":2480,"url":"https:\/\/letrame.com\/catalogo\/wp-content\/uploads\/2024\/04\/webp_encontrandoelcamino_642mm-compressed.jpg","type":"image\/jpeg"}],"twitter_card":"summary_large_image","twitter_misc":{"Tiempo de lectura":"1 minuto"},"schema":{"@context":"https:\/\/schema.org","@graph":[{"@type":"WebPage","@id":"https:\/\/letrame.com\/catalogo\/producto\/encontrando-nuestro-camino-de-regreso\/","url":"https:\/\/letrame.com\/catalogo\/producto\/encontrando-nuestro-camino-de-regreso\/","name":"Encontrando nuestro camino de regreso - Catalogo | Letrame Grupo Editorial","isPartOf":{"@id":"https:\/\/letrame.com\/catalogo\/#website"},"primaryImageOfPage":{"@id":"https:\/\/letrame.com\/catalogo\/producto\/encontrando-nuestro-camino-de-regreso\/#primaryimage"},"image":{"@id":"https:\/\/letrame.com\/catalogo\/producto\/encontrando-nuestro-camino-de-regreso\/#primaryimage"},"thumbnailUrl":"https:\/\/letrame.com\/catalogo\/wp-content\/uploads\/2024\/04\/webp_encontrandoelcamino_642mm-compressed.jpg","datePublished":"2024-04-29T14:48:49+00:00","dateModified":"2024-04-29T14:49:04+00:00","breadcrumb":{"@id":"https:\/\/letrame.com\/catalogo\/producto\/encontrando-nuestro-camino-de-regreso\/#breadcrumb"},"inLanguage":"es","potentialAction":[{"@type":"ReadAction","target":["https:\/\/letrame.com\/catalogo\/producto\/encontrando-nuestro-camino-de-regreso\/"]}]},{"@type":"ImageObject","inLanguage":"es","@id":"https:\/\/letrame.com\/catalogo\/producto\/encontrando-nuestro-camino-de-regreso\/#primaryimage","url":"https:\/\/letrame.com\/catalogo\/wp-content\/uploads\/2024\/04\/webp_encontrandoelcamino_642mm-compressed.jpg","contentUrl":"https:\/\/letrame.com\/catalogo\/wp-content\/uploads\/2024\/04\/webp_encontrandoelcamino_642mm-compressed.jpg","width":1772,"height":2480},{"@type":"BreadcrumbList","@id":"https:\/\/letrame.com\/catalogo\/producto\/encontrando-nuestro-camino-de-regreso\/#breadcrumb","itemListElement":[{"@type":"ListItem","position":1,"name":"Portada","item":"https:\/\/letrame.com\/catalogo\/"},{"@type":"ListItem","position":2,"name":"Cat\u00e1logo","item":"https:\/\/letrame.com\/catalogo\/"},{"@type":"ListItem","position":3,"name":"Encontrando nuestro camino de regreso"}]},{"@type":"WebSite","@id":"https:\/\/letrame.com\/catalogo\/#website","url":"https:\/\/letrame.com\/catalogo\/","name":"Catalogo | Letrame Grupo Editorial","description":"","publisher":{"@id":"https:\/\/letrame.com\/catalogo\/#organization"},"potentialAction":[{"@type":"SearchAction","target":{"@type":"EntryPoint","urlTemplate":"https:\/\/letrame.com\/catalogo\/?s={search_term_string}"},"query-input":{"@type":"PropertyValueSpecification","valueRequired":true,"valueName":"search_term_string"}}],"inLanguage":"es"},{"@type":"Organization","@id":"https:\/\/letrame.com\/catalogo\/#organization","name":"Catalogo | Letrame Grupo Editorial","url":"https:\/\/letrame.com\/catalogo\/","logo":{"@type":"ImageObject","inLanguage":"es","@id":"https:\/\/letrame.com\/catalogo\/#\/schema\/logo\/image\/","url":"https:\/\/letrame.com\/catalogo\/wp-content\/uploads\/2024\/03\/logo2.webp","contentUrl":"https:\/\/letrame.com\/catalogo\/wp-content\/uploads\/2024\/03\/logo2.webp","width":394,"height":128,"caption":"Catalogo | Letrame Grupo Editorial"},"image":{"@id":"https:\/\/letrame.com\/catalogo\/#\/schema\/logo\/image\/"}}]}},"_links":{"self":[{"href":"https:\/\/letrame.com\/catalogo\/wp-json\/wp\/v2\/product\/99644","targetHints":{"allow":["GET"]}}],"collection":[{"href":"https:\/\/letrame.com\/catalogo\/wp-json\/wp\/v2\/product"}],"about":[{"href":"https:\/\/letrame.com\/catalogo\/wp-json\/wp\/v2\/types\/product"}],"replies":[{"embeddable":true,"href":"https:\/\/letrame.com\/catalogo\/wp-json\/wp\/v2\/comments?post=99644"}],"acf:post":[{"embeddable":true,"href":"https:\/\/letrame.com\/catalogo\/wp-json\/wp\/v2\/author_book\/77933"}],"wp:featuredmedia":[{"embeddable":true,"href":"https:\/\/letrame.com\/catalogo\/wp-json\/wp\/v2\/media\/99645"}],"wp:attachment":[{"href":"https:\/\/letrame.com\/catalogo\/wp-json\/wp\/v2\/media?parent=99644"}],"wp:term":[{"taxonomy":"libro","embeddable":true,"href":"https:\/\/letrame.com\/catalogo\/wp-json\/wp\/v2\/libro?post=99644"},{"taxonomy":"product_brand","embeddable":true,"href":"https:\/\/letrame.com\/catalogo\/wp-json\/wp\/v2\/product_brand?post=99644"},{"taxonomy":"product_cat","embeddable":true,"href":"https:\/\/letrame.com\/catalogo\/wp-json\/wp\/v2\/product_cat?post=99644"},{"taxonomy":"product_tag","embeddable":true,"href":"https:\/\/letrame.com\/catalogo\/wp-json\/wp\/v2\/product_tag?post=99644"}],"curies":[{"name":"wp","href":"https:\/\/api.w.org\/{rel}","templated":true}]}}