{"id":99629,"date":"2024-04-29T16:46:28","date_gmt":"2024-04-29T14:46:28","guid":{"rendered":"https:\/\/letrame.com\/catalogo\/producto\/la-matriz-del-destino\/"},"modified":"2024-04-29T16:47:01","modified_gmt":"2024-04-29T14:47:01","slug":"la-matriz-del-destino","status":"publish","type":"product","link":"https:\/\/letrame.com\/catalogo\/producto\/la-matriz-del-destino\/","title":{"rendered":"La Matriz del Destino"},"content":{"rendered":"<p>ISBN:\u00a0978-84-1181-525-3<br \/>\nT\u00edtulo:_La Matriz del Destino<br \/>\nFecha:_2023<br \/>\nP\u00e1ginas:\u00a0420<br \/>\nSINOPSIS<br \/>\n\u00bfMe creer\u00edas si te dijera que nuestra alma no viene a este mundo al azar, sino que trae consigo un plan con sus lecciones pendientes, con los prop\u00f3sitos de vida y las experiencias que tanto anhela vivir en esta encarnaci\u00f3n? Toda esta informaci\u00f3n est\u00e1 basada en los veintid\u00f3s n\u00fameros o las veintid\u00f3s energ\u00edas universales, que tambi\u00e9n se llaman los arquetipos.<br \/>\nSi llevas mucho tiempo buscando tu prop\u00f3sito de vida, intentando descubrir qui\u00e9n eres, para qu\u00e9 est\u00e1s aqu\u00ed, cu\u00e1les son tus mayores aprendizajes, tus talentos y habilidades, cu\u00e1les son las profesiones id\u00f3neas para ti, c\u00f3mo activar la abundancia econ\u00f3mica y c\u00f3mo atraer a tu pareja ideal, La Matriz del Destino te dar\u00e1 todas estas respuestas y m\u00e1s. Con este libro aprender\u00e1s a calcularla a trav\u00e9s de tu fecha de nacimiento y descubrir\u00e1s el prop\u00f3sito de tu Viaje.<br \/>\nLa Matriz del Destino ya ha ayudado a cientos de miles de personas en su proceso de crecimiento profesional y desarrollo personal, deja que te ayude tambi\u00e9n.<\/p>\n","protected":false},"excerpt":{"rendered":"<p>ISBN:\u00a0978-84-1181-525-3<\/p>\n<p>SINOPSIS<br \/>\n\u00bfMe creer\u00edas si te dijera que nuestra alma no viene a este mundo al azar, sino que trae consigo un plan con sus lecciones pendientes, con los prop\u00f3sitos de vida y las experiencias que tanto anhela vivir en esta encarnaci\u00f3n? Toda esta informaci\u00f3n est\u00e1 basada en los veintid\u00f3s n\u00fameros o las veintid\u00f3s energ\u00edas universales, que tambi\u00e9n se llaman los arquetipos.<br \/>\nSi llevas mucho tiempo buscando tu prop\u00f3sito de vida, intentando descubrir qui\u00e9n eres, para qu\u00e9 est\u00e1s aqu\u00ed, cu\u00e1les son tus mayores aprendizajes, tus talentos y habilidades, cu\u00e1les son las profesiones id\u00f3neas para ti, c\u00f3mo activar la abundancia econ\u00f3mica y c\u00f3mo atraer a tu pareja ideal, La Matriz del Destino te dar\u00e1 todas estas respuestas y m\u00e1s. Con este libro aprender\u00e1s a calcularla a trav\u00e9s de tu fecha de nacimiento y descubrir\u00e1s el prop\u00f3sito de tu Viaje.<br \/>\nLa Matriz del Destino ya ha ayudado a cientos de miles de personas en su proceso de crecimiento profesional y desarrollo personal, deja que te ayude tambi\u00e9n.<\/p>\n","protected":false},"featured_media":99630,"comment_status":"closed","ping_status":"open","template":"","meta":{"_acf_changed":false},"libro":[],"product_brand":[],"product_cat":[18],"product_tag":[],"class_list":{"0":"post-99629","1":"product","2":"type-product","3":"status-publish","4":"has-post-thumbnail","6":"product_cat-autoayuda","8":"first","9":"instock","10":"product-type-simple"},"acf":{"autor":[76415],"enlace_de_compra":"ttps:\/\/www.amazon.es\/Matriz-del-destino-viaje-alma\/dp\/8411815250"},"yoast_head":"<!-- This site is optimized with the Yoast SEO plugin v27.4 - https:\/\/yoast.com\/product\/yoast-seo-wordpress\/ -->\n<title>La Matriz del Destino - Catalogo | Letrame Grupo Editorial<\/title>\n<meta name=\"robots\" content=\"index, follow, max-snippet:-1, max-image-preview:large, max-video-preview:-1\" \/>\n<link rel=\"canonical\" href=\"https:\/\/letrame.com\/catalogo\/producto\/la-matriz-del-destino\/\" \/>\n<meta property=\"og:locale\" content=\"es_ES\" \/>\n<meta property=\"og:type\" content=\"article\" \/>\n<meta property=\"og:title\" content=\"La Matriz del Destino - Catalogo | Letrame Grupo Editorial\" \/>\n<meta property=\"og:description\" content=\"ISBN:\u00a0978-84-1181-525-3 SINOPSIS \u00bfMe creer\u00edas si te dijera que nuestra alma no viene a este mundo al azar, sino que trae consigo un plan con sus lecciones pendientes, con los prop\u00f3sitos de vida y las experiencias que tanto anhela vivir en esta encarnaci\u00f3n? Toda esta informaci\u00f3n est\u00e1 basada en los veintid\u00f3s n\u00fameros o las veintid\u00f3s energ\u00edas universales, que tambi\u00e9n se llaman los arquetipos. Si llevas mucho tiempo buscando tu prop\u00f3sito de vida, intentando descubrir qui\u00e9n eres, para qu\u00e9 est\u00e1s aqu\u00ed, cu\u00e1les son tus mayores aprendizajes, tus talentos y habilidades, cu\u00e1les son las profesiones id\u00f3neas para ti, c\u00f3mo activar la abundancia econ\u00f3mica y c\u00f3mo atraer a tu pareja ideal, La Matriz del Destino te dar\u00e1 todas estas respuestas y m\u00e1s. Con este libro aprender\u00e1s a calcularla a trav\u00e9s de tu fecha de nacimiento y descubrir\u00e1s el prop\u00f3sito de tu Viaje. La Matriz del Destino ya ha ayudado a cientos de miles de personas en su proceso de crecimiento profesional y desarrollo personal, deja que te ayude tambi\u00e9n.\" \/>\n<meta property=\"og:url\" content=\"https:\/\/letrame.com\/catalogo\/producto\/la-matriz-del-destino\/\" \/>\n<meta property=\"og:site_name\" content=\"Catalogo | Letrame Grupo Editorial\" \/>\n<meta property=\"article:modified_time\" content=\"2024-04-29T14:47:01+00:00\" \/>\n<meta property=\"og:image\" content=\"https:\/\/letrame.com\/catalogo\/wp-content\/uploads\/2024\/04\/webp_lamatrizdeldestino_2021mm-compressed-scaled-1.jpg\" \/>\n\t<meta property=\"og:image:width\" content=\"1746\" \/>\n\t<meta property=\"og:image:height\" content=\"2560\" \/>\n\t<meta property=\"og:image:type\" content=\"image\/jpeg\" \/>\n<meta name=\"twitter:card\" content=\"summary_large_image\" \/>\n<meta name=\"twitter:label1\" content=\"Tiempo de lectura\" \/>\n\t<meta name=\"twitter:data1\" content=\"1 minuto\" \/>\n<script type=\"application\/ld+json\" class=\"yoast-schema-graph\">{\"@context\":\"https:\\\/\\\/schema.org\",\"@graph\":[{\"@type\":\"WebPage\",\"@id\":\"https:\\\/\\\/letrame.com\\\/catalogo\\\/producto\\\/la-matriz-del-destino\\\/\",\"url\":\"https:\\\/\\\/letrame.com\\\/catalogo\\\/producto\\\/la-matriz-del-destino\\\/\",\"name\":\"La Matriz del Destino - Catalogo | Letrame Grupo Editorial\",\"isPartOf\":{\"@id\":\"https:\\\/\\\/letrame.com\\\/catalogo\\\/#website\"},\"primaryImageOfPage\":{\"@id\":\"https:\\\/\\\/letrame.com\\\/catalogo\\\/producto\\\/la-matriz-del-destino\\\/#primaryimage\"},\"image\":{\"@id\":\"https:\\\/\\\/letrame.com\\\/catalogo\\\/producto\\\/la-matriz-del-destino\\\/#primaryimage\"},\"thumbnailUrl\":\"https:\\\/\\\/letrame.com\\\/catalogo\\\/wp-content\\\/uploads\\\/2024\\\/04\\\/webp_lamatrizdeldestino_2021mm-compressed-scaled-1.jpg\",\"datePublished\":\"2024-04-29T14:46:28+00:00\",\"dateModified\":\"2024-04-29T14:47:01+00:00\",\"breadcrumb\":{\"@id\":\"https:\\\/\\\/letrame.com\\\/catalogo\\\/producto\\\/la-matriz-del-destino\\\/#breadcrumb\"},\"inLanguage\":\"es\",\"potentialAction\":[{\"@type\":\"ReadAction\",\"target\":[\"https:\\\/\\\/letrame.com\\\/catalogo\\\/producto\\\/la-matriz-del-destino\\\/\"]}]},{\"@type\":\"ImageObject\",\"inLanguage\":\"es\",\"@id\":\"https:\\\/\\\/letrame.com\\\/catalogo\\\/producto\\\/la-matriz-del-destino\\\/#primaryimage\",\"url\":\"https:\\\/\\\/letrame.com\\\/catalogo\\\/wp-content\\\/uploads\\\/2024\\\/04\\\/webp_lamatrizdeldestino_2021mm-compressed-scaled-1.jpg\",\"contentUrl\":\"https:\\\/\\\/letrame.com\\\/catalogo\\\/wp-content\\\/uploads\\\/2024\\\/04\\\/webp_lamatrizdeldestino_2021mm-compressed-scaled-1.jpg\",\"width\":1746,\"height\":2560},{\"@type\":\"BreadcrumbList\",\"@id\":\"https:\\\/\\\/letrame.com\\\/catalogo\\\/producto\\\/la-matriz-del-destino\\\/#breadcrumb\",\"itemListElement\":[{\"@type\":\"ListItem\",\"position\":1,\"name\":\"Portada\",\"item\":\"https:\\\/\\\/letrame.com\\\/catalogo\\\/\"},{\"@type\":\"ListItem\",\"position\":2,\"name\":\"Cat\u00e1logo\",\"item\":\"https:\\\/\\\/letrame.com\\\/catalogo\\\/\"},{\"@type\":\"ListItem\",\"position\":3,\"name\":\"La Matriz del Destino\"}]},{\"@type\":\"WebSite\",\"@id\":\"https:\\\/\\\/letrame.com\\\/catalogo\\\/#website\",\"url\":\"https:\\\/\\\/letrame.com\\\/catalogo\\\/\",\"name\":\"Catalogo | Letrame Grupo Editorial\",\"description\":\"\",\"publisher\":{\"@id\":\"https:\\\/\\\/letrame.com\\\/catalogo\\\/#organization\"},\"potentialAction\":[{\"@type\":\"SearchAction\",\"target\":{\"@type\":\"EntryPoint\",\"urlTemplate\":\"https:\\\/\\\/letrame.com\\\/catalogo\\\/?s={search_term_string}\"},\"query-input\":{\"@type\":\"PropertyValueSpecification\",\"valueRequired\":true,\"valueName\":\"search_term_string\"}}],\"inLanguage\":\"es\"},{\"@type\":\"Organization\",\"@id\":\"https:\\\/\\\/letrame.com\\\/catalogo\\\/#organization\",\"name\":\"Catalogo | Letrame Grupo Editorial\",\"url\":\"https:\\\/\\\/letrame.com\\\/catalogo\\\/\",\"logo\":{\"@type\":\"ImageObject\",\"inLanguage\":\"es\",\"@id\":\"https:\\\/\\\/letrame.com\\\/catalogo\\\/#\\\/schema\\\/logo\\\/image\\\/\",\"url\":\"https:\\\/\\\/letrame.com\\\/catalogo\\\/wp-content\\\/uploads\\\/2024\\\/03\\\/logo2.webp\",\"contentUrl\":\"https:\\\/\\\/letrame.com\\\/catalogo\\\/wp-content\\\/uploads\\\/2024\\\/03\\\/logo2.webp\",\"width\":394,\"height\":128,\"caption\":\"Catalogo | Letrame Grupo Editorial\"},\"image\":{\"@id\":\"https:\\\/\\\/letrame.com\\\/catalogo\\\/#\\\/schema\\\/logo\\\/image\\\/\"}}]}<\/script>\n<!-- \/ Yoast SEO plugin. -->","yoast_head_json":{"title":"La Matriz del Destino - Catalogo | Letrame Grupo Editorial","robots":{"index":"index","follow":"follow","max-snippet":"max-snippet:-1","max-image-preview":"max-image-preview:large","max-video-preview":"max-video-preview:-1"},"canonical":"https:\/\/letrame.com\/catalogo\/producto\/la-matriz-del-destino\/","og_locale":"es_ES","og_type":"article","og_title":"La Matriz del Destino - Catalogo | Letrame Grupo Editorial","og_description":"ISBN:\u00a0978-84-1181-525-3 SINOPSIS \u00bfMe creer\u00edas si te dijera que nuestra alma no viene a este mundo al azar, sino que trae consigo un plan con sus lecciones pendientes, con los prop\u00f3sitos de vida y las experiencias que tanto anhela vivir en esta encarnaci\u00f3n? Toda esta informaci\u00f3n est\u00e1 basada en los veintid\u00f3s n\u00fameros o las veintid\u00f3s energ\u00edas universales, que tambi\u00e9n se llaman los arquetipos. Si llevas mucho tiempo buscando tu prop\u00f3sito de vida, intentando descubrir qui\u00e9n eres, para qu\u00e9 est\u00e1s aqu\u00ed, cu\u00e1les son tus mayores aprendizajes, tus talentos y habilidades, cu\u00e1les son las profesiones id\u00f3neas para ti, c\u00f3mo activar la abundancia econ\u00f3mica y c\u00f3mo atraer a tu pareja ideal, La Matriz del Destino te dar\u00e1 todas estas respuestas y m\u00e1s. Con este libro aprender\u00e1s a calcularla a trav\u00e9s de tu fecha de nacimiento y descubrir\u00e1s el prop\u00f3sito de tu Viaje. La Matriz del Destino ya ha ayudado a cientos de miles de personas en su proceso de crecimiento profesional y desarrollo personal, deja que te ayude tambi\u00e9n.","og_url":"https:\/\/letrame.com\/catalogo\/producto\/la-matriz-del-destino\/","og_site_name":"Catalogo | Letrame Grupo Editorial","article_modified_time":"2024-04-29T14:47:01+00:00","og_image":[{"width":1746,"height":2560,"url":"https:\/\/letrame.com\/catalogo\/wp-content\/uploads\/2024\/04\/webp_lamatrizdeldestino_2021mm-compressed-scaled-1.jpg","type":"image\/jpeg"}],"twitter_card":"summary_large_image","twitter_misc":{"Tiempo de lectura":"1 minuto"},"schema":{"@context":"https:\/\/schema.org","@graph":[{"@type":"WebPage","@id":"https:\/\/letrame.com\/catalogo\/producto\/la-matriz-del-destino\/","url":"https:\/\/letrame.com\/catalogo\/producto\/la-matriz-del-destino\/","name":"La Matriz del Destino - Catalogo | Letrame Grupo Editorial","isPartOf":{"@id":"https:\/\/letrame.com\/catalogo\/#website"},"primaryImageOfPage":{"@id":"https:\/\/letrame.com\/catalogo\/producto\/la-matriz-del-destino\/#primaryimage"},"image":{"@id":"https:\/\/letrame.com\/catalogo\/producto\/la-matriz-del-destino\/#primaryimage"},"thumbnailUrl":"https:\/\/letrame.com\/catalogo\/wp-content\/uploads\/2024\/04\/webp_lamatrizdeldestino_2021mm-compressed-scaled-1.jpg","datePublished":"2024-04-29T14:46:28+00:00","dateModified":"2024-04-29T14:47:01+00:00","breadcrumb":{"@id":"https:\/\/letrame.com\/catalogo\/producto\/la-matriz-del-destino\/#breadcrumb"},"inLanguage":"es","potentialAction":[{"@type":"ReadAction","target":["https:\/\/letrame.com\/catalogo\/producto\/la-matriz-del-destino\/"]}]},{"@type":"ImageObject","inLanguage":"es","@id":"https:\/\/letrame.com\/catalogo\/producto\/la-matriz-del-destino\/#primaryimage","url":"https:\/\/letrame.com\/catalogo\/wp-content\/uploads\/2024\/04\/webp_lamatrizdeldestino_2021mm-compressed-scaled-1.jpg","contentUrl":"https:\/\/letrame.com\/catalogo\/wp-content\/uploads\/2024\/04\/webp_lamatrizdeldestino_2021mm-compressed-scaled-1.jpg","width":1746,"height":2560},{"@type":"BreadcrumbList","@id":"https:\/\/letrame.com\/catalogo\/producto\/la-matriz-del-destino\/#breadcrumb","itemListElement":[{"@type":"ListItem","position":1,"name":"Portada","item":"https:\/\/letrame.com\/catalogo\/"},{"@type":"ListItem","position":2,"name":"Cat\u00e1logo","item":"https:\/\/letrame.com\/catalogo\/"},{"@type":"ListItem","position":3,"name":"La Matriz del Destino"}]},{"@type":"WebSite","@id":"https:\/\/letrame.com\/catalogo\/#website","url":"https:\/\/letrame.com\/catalogo\/","name":"Catalogo | Letrame Grupo Editorial","description":"","publisher":{"@id":"https:\/\/letrame.com\/catalogo\/#organization"},"potentialAction":[{"@type":"SearchAction","target":{"@type":"EntryPoint","urlTemplate":"https:\/\/letrame.com\/catalogo\/?s={search_term_string}"},"query-input":{"@type":"PropertyValueSpecification","valueRequired":true,"valueName":"search_term_string"}}],"inLanguage":"es"},{"@type":"Organization","@id":"https:\/\/letrame.com\/catalogo\/#organization","name":"Catalogo | Letrame Grupo Editorial","url":"https:\/\/letrame.com\/catalogo\/","logo":{"@type":"ImageObject","inLanguage":"es","@id":"https:\/\/letrame.com\/catalogo\/#\/schema\/logo\/image\/","url":"https:\/\/letrame.com\/catalogo\/wp-content\/uploads\/2024\/03\/logo2.webp","contentUrl":"https:\/\/letrame.com\/catalogo\/wp-content\/uploads\/2024\/03\/logo2.webp","width":394,"height":128,"caption":"Catalogo | Letrame Grupo Editorial"},"image":{"@id":"https:\/\/letrame.com\/catalogo\/#\/schema\/logo\/image\/"}}]}},"_links":{"self":[{"href":"https:\/\/letrame.com\/catalogo\/wp-json\/wp\/v2\/product\/99629","targetHints":{"allow":["GET"]}}],"collection":[{"href":"https:\/\/letrame.com\/catalogo\/wp-json\/wp\/v2\/product"}],"about":[{"href":"https:\/\/letrame.com\/catalogo\/wp-json\/wp\/v2\/types\/product"}],"replies":[{"embeddable":true,"href":"https:\/\/letrame.com\/catalogo\/wp-json\/wp\/v2\/comments?post=99629"}],"acf:post":[{"embeddable":true,"href":"https:\/\/letrame.com\/catalogo\/wp-json\/wp\/v2\/author_book\/76415"}],"wp:featuredmedia":[{"embeddable":true,"href":"https:\/\/letrame.com\/catalogo\/wp-json\/wp\/v2\/media\/99630"}],"wp:attachment":[{"href":"https:\/\/letrame.com\/catalogo\/wp-json\/wp\/v2\/media?parent=99629"}],"wp:term":[{"taxonomy":"libro","embeddable":true,"href":"https:\/\/letrame.com\/catalogo\/wp-json\/wp\/v2\/libro?post=99629"},{"taxonomy":"product_brand","embeddable":true,"href":"https:\/\/letrame.com\/catalogo\/wp-json\/wp\/v2\/product_brand?post=99629"},{"taxonomy":"product_cat","embeddable":true,"href":"https:\/\/letrame.com\/catalogo\/wp-json\/wp\/v2\/product_cat?post=99629"},{"taxonomy":"product_tag","embeddable":true,"href":"https:\/\/letrame.com\/catalogo\/wp-json\/wp\/v2\/product_tag?post=99629"}],"curies":[{"name":"wp","href":"https:\/\/api.w.org\/{rel}","templated":true}]}}