{"id":99624,"date":"2024-04-29T16:45:33","date_gmt":"2024-04-29T14:45:33","guid":{"rendered":"https:\/\/letrame.com\/catalogo\/producto\/pensionados-y-jubilados\/"},"modified":"2024-08-23T09:05:43","modified_gmt":"2024-08-23T07:05:43","slug":"pensionados-y-jubilados","status":"publish","type":"product","link":"https:\/\/letrame.com\/catalogo\/producto\/pensionados-y-jubilados\/","title":{"rendered":"Pensionados y jubilados"},"content":{"rendered":"<p>ISBN:\u00a0978-84-1181-765-3<br \/>\nT\u00edtulo:_Pensionados y jubilados<br \/>\nFecha:_2023<br \/>\nP\u00e1ginas:\u00a0120<\/p>\n<p>SINOPSIS<br \/>\nAbordar la calidad de vida del adulto mayor ha sido un asunto tratado desde hace a\u00f1os por las diferentes organizaciones internacionales, como la Organizaci\u00f3n de las Naciones Unidas (ONU), la Organizaci\u00f3n Mundial de la Salud y Organizaci\u00f3n Panamericana de la salud (OPS), para citar algunas. Asimismo, la Organizaci\u00f3n Internacional del Trabajo (OIT) persigue fomentar los derechos laborales y la protecci\u00f3n social de los trabajadores en general, en el mundo.<br \/>\nEn ese orden de ideas, se plantea el trato indignante que reciben los pensionados y jubilados, particularmente en Am\u00e9rica Latina, donde se destaca el estado de pobreza cr\u00edtica en que fue convertido este sector tan vulnerable de la poblaci\u00f3n, con mayor incidencia en Venezuela, condenados a sobrevivir con una pensi\u00f3n menor de 4 d\u00f3lares al mes. La hiperinflaci\u00f3n devor\u00f3 los sueldos y salarios de los trabajadores que b\u00e1sicamente dependen del Estado y con ello las jubilaciones que le fueron otorgadas al momento de cumplir su etapa activa de trabajo. Los cambios pol\u00edticos y sociales les cambi\u00f3 la vida a los ciudadanos hace m\u00e1s de 20 a\u00f1os, perdiendo as\u00ed su calidad de vida<br \/>\nEn los pa\u00edses desarrollados los gobernantes est\u00e1n casi obligados a mantener o mejorar las pol\u00edticas p\u00fablicas, aprobando presupuestos justos que satisfagan las necesidades de alimentaci\u00f3n, asistencia m\u00e9dica y pensiones dignas para el adulto mayor, permiti\u00e9ndoles una adecuada calidad de vida, cumpliendo en gran parte con las recomendaciones de los organismos internacionales. Ha llegado el momento de que estas organizaciones tiendan su mirada hacia otra parte del mundo donde el adulto mayor sufre el castigo impuesto por los gobiernos de turno, conden\u00e1ndolos a morir prematuramente por la falta de pol\u00edticas p\u00fablicas c\u00f3nsonas con los acuerdos internacionales. En esta obra se avizora alternativas donde la uni\u00f3n y el esfuerzo de todos pueden contribuir a mejorar la calidad de vida del adulto mayor.<\/p>\n","protected":false},"excerpt":{"rendered":"<p>ISBN:\u00a0978-84-1181-765-3<\/p>\n<p>SINOPSIS<br \/>\nAbordar la calidad de vida del adulto mayor ha sido un asunto tratado desde hace a\u00f1os por las diferentes organizaciones internacionales, como la Organizaci\u00f3n de las Naciones Unidas (ONU), la Organizaci\u00f3n Mundial de la Salud y Organizaci\u00f3n Panamericana de la salud (OPS), para citar algunas. Asimismo, la Organizaci\u00f3n Internacional del Trabajo (OIT) persigue fomentar los derechos laborales y la protecci\u00f3n social de los trabajadores en general, en el mundo.<br \/>\nEn ese orden de ideas, se plantea el trato indignante que reciben los pensionados y jubilados, particularmente en Am\u00e9rica Latina, donde se destaca el estado de pobreza cr\u00edtica en que fue convertido este sector tan vulnerable de la poblaci\u00f3n, con mayor incidencia en Venezuela, condenados a sobrevivir con una pensi\u00f3n menor de 4 d\u00f3lares al mes. La hiperinflaci\u00f3n devor\u00f3 los sueldos y salarios de los trabajadores que b\u00e1sicamente dependen del Estado y con ello las jubilaciones que le fueron otorgadas al momento de cumplir su etapa activa de trabajo. Los cambios pol\u00edticos y sociales les cambi\u00f3 la vida a los ciudadanos hace m\u00e1s de 20 a\u00f1os, perdiendo as\u00ed su calidad de vida<br \/>\nEn los pa\u00edses desarrollados los gobernantes est\u00e1n casi obligados a mantener o mejorar las pol\u00edticas p\u00fablicas, aprobando presupuestos justos que satisfagan las necesidades de alimentaci\u00f3n, asistencia m\u00e9dica y pensiones dignas para el adulto mayor, permiti\u00e9ndoles una adecuada calidad de vida, cumpliendo en gran parte con las recomendaciones de los organismos internacionales. Ha llegado el momento de que estas organizaciones tiendan su mirada hacia otra parte del mundo donde el adulto mayor sufre el castigo impuesto por los gobiernos de turno, conden\u00e1ndolos a morir prematuramente por la falta de pol\u00edticas p\u00fablicas c\u00f3nsonas con los acuerdos internacionales. En esta obra se avizora alternativas donde la uni\u00f3n y el esfuerzo de todos pueden contribuir a mejorar la calidad de vida del adulto mayor.<\/p>\n","protected":false},"featured_media":99625,"comment_status":"closed","ping_status":"closed","template":"","meta":{"_acf_changed":false},"libro":[],"product_brand":[],"product_cat":[27,23],"product_tag":[],"class_list":{"0":"post-99624","1":"product","2":"type-product","3":"status-publish","4":"has-post-thumbnail","6":"product_cat-divulgacion","7":"product_cat-ensayos","9":"first","10":"instock","11":"product-type-simple"},"acf":{"autor":[77918],"enlace_de_compra":"https:\/\/amzn.to\/46WGJGW"},"yoast_head":"<!-- This site is optimized with the Yoast SEO plugin v27.4 - https:\/\/yoast.com\/product\/yoast-seo-wordpress\/ -->\n<title>Pensionados y jubilados - Catalogo | Letrame Grupo Editorial<\/title>\n<meta name=\"robots\" content=\"index, follow, max-snippet:-1, max-image-preview:large, max-video-preview:-1\" \/>\n<link rel=\"canonical\" href=\"https:\/\/letrame.com\/catalogo\/producto\/pensionados-y-jubilados\/\" \/>\n<meta property=\"og:locale\" content=\"es_ES\" \/>\n<meta property=\"og:type\" content=\"article\" \/>\n<meta property=\"og:title\" content=\"Pensionados y jubilados - Catalogo | Letrame Grupo Editorial\" \/>\n<meta property=\"og:description\" content=\"ISBN:\u00a0978-84-1181-765-3  SINOPSIS Abordar la calidad de vida del adulto mayor ha sido un asunto tratado desde hace a\u00f1os por las diferentes organizaciones internacionales, como la Organizaci\u00f3n de las Naciones Unidas (ONU), la Organizaci\u00f3n Mundial de la Salud y Organizaci\u00f3n Panamericana de la salud (OPS), para citar algunas. Asimismo, la Organizaci\u00f3n Internacional del Trabajo (OIT) persigue fomentar los derechos laborales y la protecci\u00f3n social de los trabajadores en general, en el mundo. En ese orden de ideas, se plantea el trato indignante que reciben los pensionados y jubilados, particularmente en Am\u00e9rica Latina, donde se destaca el estado de pobreza cr\u00edtica en que fue convertido este sector tan vulnerable de la poblaci\u00f3n, con mayor incidencia en Venezuela, condenados a sobrevivir con una pensi\u00f3n menor de 4 d\u00f3lares al mes. La hiperinflaci\u00f3n devor\u00f3 los sueldos y salarios de los trabajadores que b\u00e1sicamente dependen del Estado y con ello las jubilaciones que le fueron otorgadas al momento de cumplir su etapa activa de trabajo. Los cambios pol\u00edticos y sociales les cambi\u00f3 la vida a los ciudadanos hace m\u00e1s de 20 a\u00f1os, perdiendo as\u00ed su calidad de vida En los pa\u00edses desarrollados los gobernantes est\u00e1n casi obligados a mantener o mejorar las pol\u00edticas p\u00fablicas, aprobando presupuestos justos que satisfagan las necesidades de alimentaci\u00f3n, asistencia m\u00e9dica y pensiones dignas para el adulto mayor, permiti\u00e9ndoles una adecuada calidad de vida, cumpliendo en gran parte con las recomendaciones de los organismos internacionales. Ha llegado el momento de que estas organizaciones tiendan su mirada hacia otra parte del mundo donde el adulto mayor sufre el castigo impuesto por los gobiernos de turno, conden\u00e1ndolos a morir prematuramente por la falta de pol\u00edticas p\u00fablicas c\u00f3nsonas con los acuerdos internacionales. En esta obra se avizora alternativas donde la uni\u00f3n y el esfuerzo de todos pueden contribuir a mejorar la calidad de vida del adulto mayor.\" \/>\n<meta property=\"og:url\" content=\"https:\/\/letrame.com\/catalogo\/producto\/pensionados-y-jubilados\/\" \/>\n<meta property=\"og:site_name\" content=\"Catalogo | Letrame Grupo Editorial\" \/>\n<meta property=\"article:modified_time\" content=\"2024-08-23T07:05:43+00:00\" \/>\n<meta property=\"og:image\" content=\"https:\/\/letrame.com\/catalogo\/wp-content\/uploads\/2024\/04\/webp_pensionadosjubilados_661mm-compressed-scaled-1.jpg\" \/>\n\t<meta property=\"og:image:width\" content=\"1746\" \/>\n\t<meta property=\"og:image:height\" content=\"2560\" \/>\n\t<meta property=\"og:image:type\" content=\"image\/jpeg\" \/>\n<meta name=\"twitter:card\" content=\"summary_large_image\" \/>\n<meta name=\"twitter:label1\" content=\"Tiempo de lectura\" \/>\n\t<meta name=\"twitter:data1\" content=\"2 minutos\" \/>\n<script type=\"application\/ld+json\" class=\"yoast-schema-graph\">{\"@context\":\"https:\\\/\\\/schema.org\",\"@graph\":[{\"@type\":\"WebPage\",\"@id\":\"https:\\\/\\\/letrame.com\\\/catalogo\\\/producto\\\/pensionados-y-jubilados\\\/\",\"url\":\"https:\\\/\\\/letrame.com\\\/catalogo\\\/producto\\\/pensionados-y-jubilados\\\/\",\"name\":\"Pensionados y jubilados - Catalogo | Letrame Grupo Editorial\",\"isPartOf\":{\"@id\":\"https:\\\/\\\/letrame.com\\\/catalogo\\\/#website\"},\"primaryImageOfPage\":{\"@id\":\"https:\\\/\\\/letrame.com\\\/catalogo\\\/producto\\\/pensionados-y-jubilados\\\/#primaryimage\"},\"image\":{\"@id\":\"https:\\\/\\\/letrame.com\\\/catalogo\\\/producto\\\/pensionados-y-jubilados\\\/#primaryimage\"},\"thumbnailUrl\":\"https:\\\/\\\/letrame.com\\\/catalogo\\\/wp-content\\\/uploads\\\/2024\\\/04\\\/webp_pensionadosjubilados_661mm-compressed-scaled-1.jpg\",\"datePublished\":\"2024-04-29T14:45:33+00:00\",\"dateModified\":\"2024-08-23T07:05:43+00:00\",\"breadcrumb\":{\"@id\":\"https:\\\/\\\/letrame.com\\\/catalogo\\\/producto\\\/pensionados-y-jubilados\\\/#breadcrumb\"},\"inLanguage\":\"es\",\"potentialAction\":[{\"@type\":\"ReadAction\",\"target\":[\"https:\\\/\\\/letrame.com\\\/catalogo\\\/producto\\\/pensionados-y-jubilados\\\/\"]}]},{\"@type\":\"ImageObject\",\"inLanguage\":\"es\",\"@id\":\"https:\\\/\\\/letrame.com\\\/catalogo\\\/producto\\\/pensionados-y-jubilados\\\/#primaryimage\",\"url\":\"https:\\\/\\\/letrame.com\\\/catalogo\\\/wp-content\\\/uploads\\\/2024\\\/04\\\/webp_pensionadosjubilados_661mm-compressed-scaled-1.jpg\",\"contentUrl\":\"https:\\\/\\\/letrame.com\\\/catalogo\\\/wp-content\\\/uploads\\\/2024\\\/04\\\/webp_pensionadosjubilados_661mm-compressed-scaled-1.jpg\",\"width\":1746,\"height\":2560},{\"@type\":\"BreadcrumbList\",\"@id\":\"https:\\\/\\\/letrame.com\\\/catalogo\\\/producto\\\/pensionados-y-jubilados\\\/#breadcrumb\",\"itemListElement\":[{\"@type\":\"ListItem\",\"position\":1,\"name\":\"Portada\",\"item\":\"https:\\\/\\\/letrame.com\\\/catalogo\\\/\"},{\"@type\":\"ListItem\",\"position\":2,\"name\":\"Cat\u00e1logo\",\"item\":\"https:\\\/\\\/letrame.com\\\/catalogo\\\/\"},{\"@type\":\"ListItem\",\"position\":3,\"name\":\"Pensionados y jubilados\"}]},{\"@type\":\"WebSite\",\"@id\":\"https:\\\/\\\/letrame.com\\\/catalogo\\\/#website\",\"url\":\"https:\\\/\\\/letrame.com\\\/catalogo\\\/\",\"name\":\"Catalogo | Letrame Grupo Editorial\",\"description\":\"\",\"publisher\":{\"@id\":\"https:\\\/\\\/letrame.com\\\/catalogo\\\/#organization\"},\"potentialAction\":[{\"@type\":\"SearchAction\",\"target\":{\"@type\":\"EntryPoint\",\"urlTemplate\":\"https:\\\/\\\/letrame.com\\\/catalogo\\\/?s={search_term_string}\"},\"query-input\":{\"@type\":\"PropertyValueSpecification\",\"valueRequired\":true,\"valueName\":\"search_term_string\"}}],\"inLanguage\":\"es\"},{\"@type\":\"Organization\",\"@id\":\"https:\\\/\\\/letrame.com\\\/catalogo\\\/#organization\",\"name\":\"Catalogo | Letrame Grupo Editorial\",\"url\":\"https:\\\/\\\/letrame.com\\\/catalogo\\\/\",\"logo\":{\"@type\":\"ImageObject\",\"inLanguage\":\"es\",\"@id\":\"https:\\\/\\\/letrame.com\\\/catalogo\\\/#\\\/schema\\\/logo\\\/image\\\/\",\"url\":\"https:\\\/\\\/letrame.com\\\/catalogo\\\/wp-content\\\/uploads\\\/2024\\\/03\\\/logo2.webp\",\"contentUrl\":\"https:\\\/\\\/letrame.com\\\/catalogo\\\/wp-content\\\/uploads\\\/2024\\\/03\\\/logo2.webp\",\"width\":394,\"height\":128,\"caption\":\"Catalogo | Letrame Grupo Editorial\"},\"image\":{\"@id\":\"https:\\\/\\\/letrame.com\\\/catalogo\\\/#\\\/schema\\\/logo\\\/image\\\/\"}}]}<\/script>\n<!-- \/ Yoast SEO plugin. -->","yoast_head_json":{"title":"Pensionados y jubilados - Catalogo | Letrame Grupo Editorial","robots":{"index":"index","follow":"follow","max-snippet":"max-snippet:-1","max-image-preview":"max-image-preview:large","max-video-preview":"max-video-preview:-1"},"canonical":"https:\/\/letrame.com\/catalogo\/producto\/pensionados-y-jubilados\/","og_locale":"es_ES","og_type":"article","og_title":"Pensionados y jubilados - Catalogo | Letrame Grupo Editorial","og_description":"ISBN:\u00a0978-84-1181-765-3  SINOPSIS Abordar la calidad de vida del adulto mayor ha sido un asunto tratado desde hace a\u00f1os por las diferentes organizaciones internacionales, como la Organizaci\u00f3n de las Naciones Unidas (ONU), la Organizaci\u00f3n Mundial de la Salud y Organizaci\u00f3n Panamericana de la salud (OPS), para citar algunas. Asimismo, la Organizaci\u00f3n Internacional del Trabajo (OIT) persigue fomentar los derechos laborales y la protecci\u00f3n social de los trabajadores en general, en el mundo. En ese orden de ideas, se plantea el trato indignante que reciben los pensionados y jubilados, particularmente en Am\u00e9rica Latina, donde se destaca el estado de pobreza cr\u00edtica en que fue convertido este sector tan vulnerable de la poblaci\u00f3n, con mayor incidencia en Venezuela, condenados a sobrevivir con una pensi\u00f3n menor de 4 d\u00f3lares al mes. La hiperinflaci\u00f3n devor\u00f3 los sueldos y salarios de los trabajadores que b\u00e1sicamente dependen del Estado y con ello las jubilaciones que le fueron otorgadas al momento de cumplir su etapa activa de trabajo. Los cambios pol\u00edticos y sociales les cambi\u00f3 la vida a los ciudadanos hace m\u00e1s de 20 a\u00f1os, perdiendo as\u00ed su calidad de vida En los pa\u00edses desarrollados los gobernantes est\u00e1n casi obligados a mantener o mejorar las pol\u00edticas p\u00fablicas, aprobando presupuestos justos que satisfagan las necesidades de alimentaci\u00f3n, asistencia m\u00e9dica y pensiones dignas para el adulto mayor, permiti\u00e9ndoles una adecuada calidad de vida, cumpliendo en gran parte con las recomendaciones de los organismos internacionales. Ha llegado el momento de que estas organizaciones tiendan su mirada hacia otra parte del mundo donde el adulto mayor sufre el castigo impuesto por los gobiernos de turno, conden\u00e1ndolos a morir prematuramente por la falta de pol\u00edticas p\u00fablicas c\u00f3nsonas con los acuerdos internacionales. En esta obra se avizora alternativas donde la uni\u00f3n y el esfuerzo de todos pueden contribuir a mejorar la calidad de vida del adulto mayor.","og_url":"https:\/\/letrame.com\/catalogo\/producto\/pensionados-y-jubilados\/","og_site_name":"Catalogo | Letrame Grupo Editorial","article_modified_time":"2024-08-23T07:05:43+00:00","og_image":[{"width":1746,"height":2560,"url":"https:\/\/letrame.com\/catalogo\/wp-content\/uploads\/2024\/04\/webp_pensionadosjubilados_661mm-compressed-scaled-1.jpg","type":"image\/jpeg"}],"twitter_card":"summary_large_image","twitter_misc":{"Tiempo de lectura":"2 minutos"},"schema":{"@context":"https:\/\/schema.org","@graph":[{"@type":"WebPage","@id":"https:\/\/letrame.com\/catalogo\/producto\/pensionados-y-jubilados\/","url":"https:\/\/letrame.com\/catalogo\/producto\/pensionados-y-jubilados\/","name":"Pensionados y jubilados - Catalogo | Letrame Grupo Editorial","isPartOf":{"@id":"https:\/\/letrame.com\/catalogo\/#website"},"primaryImageOfPage":{"@id":"https:\/\/letrame.com\/catalogo\/producto\/pensionados-y-jubilados\/#primaryimage"},"image":{"@id":"https:\/\/letrame.com\/catalogo\/producto\/pensionados-y-jubilados\/#primaryimage"},"thumbnailUrl":"https:\/\/letrame.com\/catalogo\/wp-content\/uploads\/2024\/04\/webp_pensionadosjubilados_661mm-compressed-scaled-1.jpg","datePublished":"2024-04-29T14:45:33+00:00","dateModified":"2024-08-23T07:05:43+00:00","breadcrumb":{"@id":"https:\/\/letrame.com\/catalogo\/producto\/pensionados-y-jubilados\/#breadcrumb"},"inLanguage":"es","potentialAction":[{"@type":"ReadAction","target":["https:\/\/letrame.com\/catalogo\/producto\/pensionados-y-jubilados\/"]}]},{"@type":"ImageObject","inLanguage":"es","@id":"https:\/\/letrame.com\/catalogo\/producto\/pensionados-y-jubilados\/#primaryimage","url":"https:\/\/letrame.com\/catalogo\/wp-content\/uploads\/2024\/04\/webp_pensionadosjubilados_661mm-compressed-scaled-1.jpg","contentUrl":"https:\/\/letrame.com\/catalogo\/wp-content\/uploads\/2024\/04\/webp_pensionadosjubilados_661mm-compressed-scaled-1.jpg","width":1746,"height":2560},{"@type":"BreadcrumbList","@id":"https:\/\/letrame.com\/catalogo\/producto\/pensionados-y-jubilados\/#breadcrumb","itemListElement":[{"@type":"ListItem","position":1,"name":"Portada","item":"https:\/\/letrame.com\/catalogo\/"},{"@type":"ListItem","position":2,"name":"Cat\u00e1logo","item":"https:\/\/letrame.com\/catalogo\/"},{"@type":"ListItem","position":3,"name":"Pensionados y jubilados"}]},{"@type":"WebSite","@id":"https:\/\/letrame.com\/catalogo\/#website","url":"https:\/\/letrame.com\/catalogo\/","name":"Catalogo | Letrame Grupo Editorial","description":"","publisher":{"@id":"https:\/\/letrame.com\/catalogo\/#organization"},"potentialAction":[{"@type":"SearchAction","target":{"@type":"EntryPoint","urlTemplate":"https:\/\/letrame.com\/catalogo\/?s={search_term_string}"},"query-input":{"@type":"PropertyValueSpecification","valueRequired":true,"valueName":"search_term_string"}}],"inLanguage":"es"},{"@type":"Organization","@id":"https:\/\/letrame.com\/catalogo\/#organization","name":"Catalogo | Letrame Grupo Editorial","url":"https:\/\/letrame.com\/catalogo\/","logo":{"@type":"ImageObject","inLanguage":"es","@id":"https:\/\/letrame.com\/catalogo\/#\/schema\/logo\/image\/","url":"https:\/\/letrame.com\/catalogo\/wp-content\/uploads\/2024\/03\/logo2.webp","contentUrl":"https:\/\/letrame.com\/catalogo\/wp-content\/uploads\/2024\/03\/logo2.webp","width":394,"height":128,"caption":"Catalogo | Letrame Grupo Editorial"},"image":{"@id":"https:\/\/letrame.com\/catalogo\/#\/schema\/logo\/image\/"}}]}},"_links":{"self":[{"href":"https:\/\/letrame.com\/catalogo\/wp-json\/wp\/v2\/product\/99624","targetHints":{"allow":["GET"]}}],"collection":[{"href":"https:\/\/letrame.com\/catalogo\/wp-json\/wp\/v2\/product"}],"about":[{"href":"https:\/\/letrame.com\/catalogo\/wp-json\/wp\/v2\/types\/product"}],"replies":[{"embeddable":true,"href":"https:\/\/letrame.com\/catalogo\/wp-json\/wp\/v2\/comments?post=99624"}],"acf:post":[{"embeddable":true,"href":"https:\/\/letrame.com\/catalogo\/wp-json\/wp\/v2\/author_book\/77918"}],"wp:featuredmedia":[{"embeddable":true,"href":"https:\/\/letrame.com\/catalogo\/wp-json\/wp\/v2\/media\/99625"}],"wp:attachment":[{"href":"https:\/\/letrame.com\/catalogo\/wp-json\/wp\/v2\/media?parent=99624"}],"wp:term":[{"taxonomy":"libro","embeddable":true,"href":"https:\/\/letrame.com\/catalogo\/wp-json\/wp\/v2\/libro?post=99624"},{"taxonomy":"product_brand","embeddable":true,"href":"https:\/\/letrame.com\/catalogo\/wp-json\/wp\/v2\/product_brand?post=99624"},{"taxonomy":"product_cat","embeddable":true,"href":"https:\/\/letrame.com\/catalogo\/wp-json\/wp\/v2\/product_cat?post=99624"},{"taxonomy":"product_tag","embeddable":true,"href":"https:\/\/letrame.com\/catalogo\/wp-json\/wp\/v2\/product_tag?post=99624"}],"curies":[{"name":"wp","href":"https:\/\/api.w.org\/{rel}","templated":true}]}}