{"id":99617,"date":"2024-04-29T16:44:39","date_gmt":"2024-04-29T14:44:39","guid":{"rendered":"https:\/\/letrame.com\/catalogo\/producto\/ahora-depende-de-ti\/"},"modified":"2024-04-29T16:44:54","modified_gmt":"2024-04-29T14:44:54","slug":"ahora-depende-de-ti","status":"publish","type":"product","link":"https:\/\/letrame.com\/catalogo\/producto\/ahora-depende-de-ti\/","title":{"rendered":"Ahora depende de ti"},"content":{"rendered":"<p>ISBN:\u00a0978-84-1181-591-8<br \/>\nT\u00edtulo:_Ahora depende de ti<br \/>\nFecha:_2023<br \/>\nP\u00e1ginas:\u00a0232<\/p>\n<p>SINOPSIS<br \/>\nAhora depende de ti no es solo una gu\u00eda destinada a formar a cuidadores familiares, es un libro destinado a acompa\u00f1arte a ti, que asistes cada d\u00eda a tu ser querido enfermo, dedic\u00e1ndole toda tu atenci\u00f3n y tu tiempo, ofreci\u00e9ndole con generosidad gran parte de tu vida.<\/p>\n<p>Nace para ayudarte, motivarte y apoyarte desde el momento en el que se diagnostica la enfermedad. Pretende ser un recurso al que acudir ante las dudas y dificultades que puedas tener, Desde el principio del cuidado hasta su final.<\/p>\n<p>Aqu\u00ed dejo todo mi cari\u00f1o, conocimiento y absoluto respeto por quienes entreg\u00e1is lo mejor de vuestra vida para cuidar a qui\u00e9n ahora m\u00e1s os necesita. <\/p>\n<p>En definitiva, me gustar\u00eda acompa\u00f1arte, si as\u00ed lo decides, por el camino de la asistencia domiciliaria que ahora comienzas.<\/p>\n","protected":false},"excerpt":{"rendered":"<p>ISBN:\u00a0978-84-1181-591-8<\/p>\n<p>SINOPSIS<br \/>\nAhora depende de ti no es solo una gu\u00eda destinada a formar a cuidadores familiares, es un libro destinado a acompa\u00f1arte a ti, que asistes cada d\u00eda a tu ser querido enfermo, dedic\u00e1ndole toda tu atenci\u00f3n y tu tiempo, ofreci\u00e9ndole con generosidad gran parte de tu vida.<\/p>\n<p>Nace para ayudarte, motivarte y apoyarte desde el momento en el que se diagnostica la enfermedad. Pretende ser un recurso al que acudir ante las dudas y dificultades que puedas tener, Desde el principio del cuidado hasta su final.<\/p>\n<p>Aqu\u00ed dejo todo mi cari\u00f1o, conocimiento y absoluto respeto por quienes entreg\u00e1is lo mejor de vuestra vida para cuidar a qui\u00e9n ahora m\u00e1s os necesita.<\/p>\n<p>En definitiva, me gustar\u00eda acompa\u00f1arte, si as\u00ed lo decides, por el camino de la asistencia domiciliaria que ahora comienzas.<\/p>\n","protected":false},"featured_media":99618,"comment_status":"closed","ping_status":"open","template":"","meta":{"_acf_changed":false},"libro":[],"product_brand":[],"product_cat":[26],"product_tag":[],"class_list":{"0":"post-99617","1":"product","2":"type-product","3":"status-publish","4":"has-post-thumbnail","6":"product_cat-sin-categoria","8":"first","9":"instock","10":"product-type-simple"},"acf":{"autor":[77910],"enlace_de_compra":"https:\/\/www.amazon.es\/Ahora-depende-inicio-del-cuidado\/dp\/8411815919"},"yoast_head":"<!-- This site is optimized with the Yoast SEO plugin v26.6 - https:\/\/yoast.com\/wordpress\/plugins\/seo\/ -->\n<title>Ahora depende de ti - Catalogo | Letrame Grupo Editorial<\/title>\n<meta name=\"robots\" content=\"index, follow, max-snippet:-1, max-image-preview:large, max-video-preview:-1\" \/>\n<link rel=\"canonical\" href=\"https:\/\/letrame.com\/catalogo\/producto\/ahora-depende-de-ti\/\" \/>\n<meta property=\"og:locale\" content=\"es_ES\" \/>\n<meta property=\"og:type\" content=\"article\" \/>\n<meta property=\"og:title\" content=\"Ahora depende de ti - Catalogo | Letrame Grupo Editorial\" \/>\n<meta property=\"og:description\" content=\"ISBN:\u00a0978-84-1181-591-8 SINOPSIS Ahora depende de ti no es solo una gu\u00eda destinada a formar a cuidadores familiares, es un libro destinado a acompa\u00f1arte a ti, que asistes cada d\u00eda a tu ser querido enfermo, dedic\u00e1ndole toda tu atenci\u00f3n y tu tiempo, ofreci\u00e9ndole con generosidad gran parte de tu vida. Nace para ayudarte, motivarte y apoyarte desde el momento en el que se diagnostica la enfermedad. Pretende ser un recurso al que acudir ante las dudas y dificultades que puedas tener, Desde el principio del cuidado hasta su final. Aqu\u00ed dejo todo mi cari\u00f1o, conocimiento y absoluto respeto por quienes entreg\u00e1is lo mejor de vuestra vida para cuidar a qui\u00e9n ahora m\u00e1s os necesita. En definitiva, me gustar\u00eda acompa\u00f1arte, si as\u00ed lo decides, por el camino de la asistencia domiciliaria que ahora comienzas.\" \/>\n<meta property=\"og:url\" content=\"https:\/\/letrame.com\/catalogo\/producto\/ahora-depende-de-ti\/\" \/>\n<meta property=\"og:site_name\" content=\"Catalogo | Letrame Grupo Editorial\" \/>\n<meta property=\"article:modified_time\" content=\"2024-04-29T14:44:54+00:00\" \/>\n<meta property=\"og:image\" content=\"https:\/\/letrame.com\/catalogo\/wp-content\/uploads\/2024\/04\/webportad_ahoradependedeti_1164mm-min.jpg\" \/>\n\t<meta property=\"og:image:width\" content=\"1772\" \/>\n\t<meta property=\"og:image:height\" content=\"2480\" \/>\n\t<meta property=\"og:image:type\" content=\"image\/jpeg\" \/>\n<meta name=\"twitter:card\" content=\"summary_large_image\" \/>\n<meta name=\"twitter:label1\" content=\"Tiempo de lectura\" \/>\n\t<meta name=\"twitter:data1\" content=\"1 minuto\" \/>\n<script type=\"application\/ld+json\" class=\"yoast-schema-graph\">{\"@context\":\"https:\/\/schema.org\",\"@graph\":[{\"@type\":\"WebPage\",\"@id\":\"https:\/\/letrame.com\/catalogo\/producto\/ahora-depende-de-ti\/\",\"url\":\"https:\/\/letrame.com\/catalogo\/producto\/ahora-depende-de-ti\/\",\"name\":\"Ahora depende de ti - Catalogo | Letrame Grupo Editorial\",\"isPartOf\":{\"@id\":\"https:\/\/letrame.com\/catalogo\/#website\"},\"primaryImageOfPage\":{\"@id\":\"https:\/\/letrame.com\/catalogo\/producto\/ahora-depende-de-ti\/#primaryimage\"},\"image\":{\"@id\":\"https:\/\/letrame.com\/catalogo\/producto\/ahora-depende-de-ti\/#primaryimage\"},\"thumbnailUrl\":\"https:\/\/letrame.com\/catalogo\/wp-content\/uploads\/2024\/04\/webportad_ahoradependedeti_1164mm-min.jpg\",\"datePublished\":\"2024-04-29T14:44:39+00:00\",\"dateModified\":\"2024-04-29T14:44:54+00:00\",\"breadcrumb\":{\"@id\":\"https:\/\/letrame.com\/catalogo\/producto\/ahora-depende-de-ti\/#breadcrumb\"},\"inLanguage\":\"es\",\"potentialAction\":[{\"@type\":\"ReadAction\",\"target\":[\"https:\/\/letrame.com\/catalogo\/producto\/ahora-depende-de-ti\/\"]}]},{\"@type\":\"ImageObject\",\"inLanguage\":\"es\",\"@id\":\"https:\/\/letrame.com\/catalogo\/producto\/ahora-depende-de-ti\/#primaryimage\",\"url\":\"https:\/\/letrame.com\/catalogo\/wp-content\/uploads\/2024\/04\/webportad_ahoradependedeti_1164mm-min.jpg\",\"contentUrl\":\"https:\/\/letrame.com\/catalogo\/wp-content\/uploads\/2024\/04\/webportad_ahoradependedeti_1164mm-min.jpg\",\"width\":1772,\"height\":2480},{\"@type\":\"BreadcrumbList\",\"@id\":\"https:\/\/letrame.com\/catalogo\/producto\/ahora-depende-de-ti\/#breadcrumb\",\"itemListElement\":[{\"@type\":\"ListItem\",\"position\":1,\"name\":\"Portada\",\"item\":\"https:\/\/letrame.com\/catalogo\/\"},{\"@type\":\"ListItem\",\"position\":2,\"name\":\"Cat\u00e1logo\",\"item\":\"https:\/\/letrame.com\/catalogo\/\"},{\"@type\":\"ListItem\",\"position\":3,\"name\":\"Ahora depende de ti\"}]},{\"@type\":\"WebSite\",\"@id\":\"https:\/\/letrame.com\/catalogo\/#website\",\"url\":\"https:\/\/letrame.com\/catalogo\/\",\"name\":\"Catalogo | Letrame Grupo Editorial\",\"description\":\"\",\"publisher\":{\"@id\":\"https:\/\/letrame.com\/catalogo\/#organization\"},\"potentialAction\":[{\"@type\":\"SearchAction\",\"target\":{\"@type\":\"EntryPoint\",\"urlTemplate\":\"https:\/\/letrame.com\/catalogo\/?s={search_term_string}\"},\"query-input\":{\"@type\":\"PropertyValueSpecification\",\"valueRequired\":true,\"valueName\":\"search_term_string\"}}],\"inLanguage\":\"es\"},{\"@type\":\"Organization\",\"@id\":\"https:\/\/letrame.com\/catalogo\/#organization\",\"name\":\"Catalogo | Letrame Grupo Editorial\",\"url\":\"https:\/\/letrame.com\/catalogo\/\",\"logo\":{\"@type\":\"ImageObject\",\"inLanguage\":\"es\",\"@id\":\"https:\/\/letrame.com\/catalogo\/#\/schema\/logo\/image\/\",\"url\":\"https:\/\/letrame.com\/catalogo\/wp-content\/uploads\/2024\/03\/logo2.webp\",\"contentUrl\":\"https:\/\/letrame.com\/catalogo\/wp-content\/uploads\/2024\/03\/logo2.webp\",\"width\":394,\"height\":128,\"caption\":\"Catalogo | Letrame Grupo Editorial\"},\"image\":{\"@id\":\"https:\/\/letrame.com\/catalogo\/#\/schema\/logo\/image\/\"}}]}<\/script>\n<!-- \/ Yoast SEO plugin. -->","yoast_head_json":{"title":"Ahora depende de ti - Catalogo | Letrame Grupo Editorial","robots":{"index":"index","follow":"follow","max-snippet":"max-snippet:-1","max-image-preview":"max-image-preview:large","max-video-preview":"max-video-preview:-1"},"canonical":"https:\/\/letrame.com\/catalogo\/producto\/ahora-depende-de-ti\/","og_locale":"es_ES","og_type":"article","og_title":"Ahora depende de ti - Catalogo | Letrame Grupo Editorial","og_description":"ISBN:\u00a0978-84-1181-591-8 SINOPSIS Ahora depende de ti no es solo una gu\u00eda destinada a formar a cuidadores familiares, es un libro destinado a acompa\u00f1arte a ti, que asistes cada d\u00eda a tu ser querido enfermo, dedic\u00e1ndole toda tu atenci\u00f3n y tu tiempo, ofreci\u00e9ndole con generosidad gran parte de tu vida. Nace para ayudarte, motivarte y apoyarte desde el momento en el que se diagnostica la enfermedad. Pretende ser un recurso al que acudir ante las dudas y dificultades que puedas tener, Desde el principio del cuidado hasta su final. Aqu\u00ed dejo todo mi cari\u00f1o, conocimiento y absoluto respeto por quienes entreg\u00e1is lo mejor de vuestra vida para cuidar a qui\u00e9n ahora m\u00e1s os necesita. En definitiva, me gustar\u00eda acompa\u00f1arte, si as\u00ed lo decides, por el camino de la asistencia domiciliaria que ahora comienzas.","og_url":"https:\/\/letrame.com\/catalogo\/producto\/ahora-depende-de-ti\/","og_site_name":"Catalogo | Letrame Grupo Editorial","article_modified_time":"2024-04-29T14:44:54+00:00","og_image":[{"width":1772,"height":2480,"url":"https:\/\/letrame.com\/catalogo\/wp-content\/uploads\/2024\/04\/webportad_ahoradependedeti_1164mm-min.jpg","type":"image\/jpeg"}],"twitter_card":"summary_large_image","twitter_misc":{"Tiempo de lectura":"1 minuto"},"schema":{"@context":"https:\/\/schema.org","@graph":[{"@type":"WebPage","@id":"https:\/\/letrame.com\/catalogo\/producto\/ahora-depende-de-ti\/","url":"https:\/\/letrame.com\/catalogo\/producto\/ahora-depende-de-ti\/","name":"Ahora depende de ti - Catalogo | Letrame Grupo Editorial","isPartOf":{"@id":"https:\/\/letrame.com\/catalogo\/#website"},"primaryImageOfPage":{"@id":"https:\/\/letrame.com\/catalogo\/producto\/ahora-depende-de-ti\/#primaryimage"},"image":{"@id":"https:\/\/letrame.com\/catalogo\/producto\/ahora-depende-de-ti\/#primaryimage"},"thumbnailUrl":"https:\/\/letrame.com\/catalogo\/wp-content\/uploads\/2024\/04\/webportad_ahoradependedeti_1164mm-min.jpg","datePublished":"2024-04-29T14:44:39+00:00","dateModified":"2024-04-29T14:44:54+00:00","breadcrumb":{"@id":"https:\/\/letrame.com\/catalogo\/producto\/ahora-depende-de-ti\/#breadcrumb"},"inLanguage":"es","potentialAction":[{"@type":"ReadAction","target":["https:\/\/letrame.com\/catalogo\/producto\/ahora-depende-de-ti\/"]}]},{"@type":"ImageObject","inLanguage":"es","@id":"https:\/\/letrame.com\/catalogo\/producto\/ahora-depende-de-ti\/#primaryimage","url":"https:\/\/letrame.com\/catalogo\/wp-content\/uploads\/2024\/04\/webportad_ahoradependedeti_1164mm-min.jpg","contentUrl":"https:\/\/letrame.com\/catalogo\/wp-content\/uploads\/2024\/04\/webportad_ahoradependedeti_1164mm-min.jpg","width":1772,"height":2480},{"@type":"BreadcrumbList","@id":"https:\/\/letrame.com\/catalogo\/producto\/ahora-depende-de-ti\/#breadcrumb","itemListElement":[{"@type":"ListItem","position":1,"name":"Portada","item":"https:\/\/letrame.com\/catalogo\/"},{"@type":"ListItem","position":2,"name":"Cat\u00e1logo","item":"https:\/\/letrame.com\/catalogo\/"},{"@type":"ListItem","position":3,"name":"Ahora depende de ti"}]},{"@type":"WebSite","@id":"https:\/\/letrame.com\/catalogo\/#website","url":"https:\/\/letrame.com\/catalogo\/","name":"Catalogo | Letrame Grupo Editorial","description":"","publisher":{"@id":"https:\/\/letrame.com\/catalogo\/#organization"},"potentialAction":[{"@type":"SearchAction","target":{"@type":"EntryPoint","urlTemplate":"https:\/\/letrame.com\/catalogo\/?s={search_term_string}"},"query-input":{"@type":"PropertyValueSpecification","valueRequired":true,"valueName":"search_term_string"}}],"inLanguage":"es"},{"@type":"Organization","@id":"https:\/\/letrame.com\/catalogo\/#organization","name":"Catalogo | Letrame Grupo Editorial","url":"https:\/\/letrame.com\/catalogo\/","logo":{"@type":"ImageObject","inLanguage":"es","@id":"https:\/\/letrame.com\/catalogo\/#\/schema\/logo\/image\/","url":"https:\/\/letrame.com\/catalogo\/wp-content\/uploads\/2024\/03\/logo2.webp","contentUrl":"https:\/\/letrame.com\/catalogo\/wp-content\/uploads\/2024\/03\/logo2.webp","width":394,"height":128,"caption":"Catalogo | Letrame Grupo Editorial"},"image":{"@id":"https:\/\/letrame.com\/catalogo\/#\/schema\/logo\/image\/"}}]}},"_links":{"self":[{"href":"https:\/\/letrame.com\/catalogo\/wp-json\/wp\/v2\/product\/99617","targetHints":{"allow":["GET"]}}],"collection":[{"href":"https:\/\/letrame.com\/catalogo\/wp-json\/wp\/v2\/product"}],"about":[{"href":"https:\/\/letrame.com\/catalogo\/wp-json\/wp\/v2\/types\/product"}],"replies":[{"embeddable":true,"href":"https:\/\/letrame.com\/catalogo\/wp-json\/wp\/v2\/comments?post=99617"}],"acf:post":[{"embeddable":true,"href":"https:\/\/letrame.com\/catalogo\/wp-json\/wp\/v2\/author_book\/77910"}],"wp:featuredmedia":[{"embeddable":true,"href":"https:\/\/letrame.com\/catalogo\/wp-json\/wp\/v2\/media\/99618"}],"wp:attachment":[{"href":"https:\/\/letrame.com\/catalogo\/wp-json\/wp\/v2\/media?parent=99617"}],"wp:term":[{"taxonomy":"libro","embeddable":true,"href":"https:\/\/letrame.com\/catalogo\/wp-json\/wp\/v2\/libro?post=99617"},{"taxonomy":"product_brand","embeddable":true,"href":"https:\/\/letrame.com\/catalogo\/wp-json\/wp\/v2\/product_brand?post=99617"},{"taxonomy":"product_cat","embeddable":true,"href":"https:\/\/letrame.com\/catalogo\/wp-json\/wp\/v2\/product_cat?post=99617"},{"taxonomy":"product_tag","embeddable":true,"href":"https:\/\/letrame.com\/catalogo\/wp-json\/wp\/v2\/product_tag?post=99617"}],"curies":[{"name":"wp","href":"https:\/\/api.w.org\/{rel}","templated":true}]}}