{"id":99613,"date":"2024-04-29T16:43:55","date_gmt":"2024-04-29T14:43:55","guid":{"rendered":"https:\/\/letrame.com\/catalogo\/producto\/el-octavo-dia\/"},"modified":"2024-06-04T16:07:51","modified_gmt":"2024-06-04T14:07:51","slug":"el-octavo-dia","status":"publish","type":"product","link":"https:\/\/letrame.com\/catalogo\/producto\/el-octavo-dia\/","title":{"rendered":"El octavo d\u00eda"},"content":{"rendered":"<p>ISBN:\u00a0978-84-1181-561-1<br \/>\nT\u00edtulo:_EL OCTAVO D\u00cdA<br \/>\nFecha:_2023<br \/>\nP\u00e1ginas:\u00a0256<\/p>\n<p>SINOPSIS<br \/>\nEl descubrimiento de una misteriosa cueva repleta de objetos de la Segunda Guerra Mundial en una base militar de la isla de Gran Canaria, hace que salten todas las alarmas en el Centro Nacional de Inteligencia, llamando la atencion de personas muy peligrosas. El agente del CNI David Medina es el encargado de llevar la investigaci\u00f3n junto a la Inspectora Lidia del Cuerpo Nacional de Polic\u00eda, ambos se afanan en tirar del hilo a partir de un simple bol\u00edgrafo y unas aparentemente inocentes cartas con sellos desconocidos.<br \/>\nCincuenta y cinco a\u00f1os antes, Martin, ahijado del F\u00fchrer, debe huir de su hogar cuando el III Reich cae. Todo est\u00e1 dispuesto para que el heredero sea protegido, pero las dificultades por las que el joven debe pasar y lo que escucha de sus mayores comenzar\u00e1n a hacerle dudar acerca de lo que le han ense\u00f1ado durante toda su infancia.<\/p>\n","protected":false},"excerpt":{"rendered":"<p>ISBN:\u00a0978-84-1181-561-1<\/p>\n<p>SINOPSIS<br \/>\nEl descubrimiento de una misteriosa cueva repleta de objetos de la Segunda Guerra Mundial en una base militar de la isla de Gran Canaria, hace que salten todas las alarmas en el Centro Nacional de Inteligencia, llamando la atencion de personas muy peligrosas. El agente del CNI David Medina es el encargado de llevar la investigaci\u00f3n junto a la Inspectora Lidia del Cuerpo Nacional de Polic\u00eda, ambos se afanan en tirar del hilo a partir de un simple bol\u00edgrafo y unas aparentemente inocentes cartas con sellos desconocidos.<br \/>\nCincuenta y cinco a\u00f1os antes, Martin, ahijado del F\u00fchrer, debe huir de su hogar cuando el III Reich cae. Todo est\u00e1 dispuesto para que el heredero sea protegido, pero las dificultades por las que el joven debe pasar y lo que escucha de sus mayores comenzar\u00e1n a hacerle dudar acerca de lo que le han ense\u00f1ado durante toda su infancia.<\/p>\n","protected":false},"featured_media":99614,"comment_status":"closed","ping_status":"closed","template":"","meta":{"_acf_changed":false},"libro":[],"product_brand":[],"product_cat":[26],"product_tag":[],"class_list":{"0":"post-99613","1":"product","2":"type-product","3":"status-publish","4":"has-post-thumbnail","6":"product_cat-sin-categoria","8":"first","9":"instock","10":"product-type-simple"},"acf":{"autor":[77906],"enlace_de_compra":"https:\/\/www.amazon.es\/dp\/8411815617"},"yoast_head":"<!-- This site is optimized with the Yoast SEO plugin v26.6 - https:\/\/yoast.com\/wordpress\/plugins\/seo\/ -->\n<title>El octavo d\u00eda - Catalogo | Letrame Grupo Editorial<\/title>\n<meta name=\"robots\" content=\"index, follow, max-snippet:-1, max-image-preview:large, max-video-preview:-1\" \/>\n<link rel=\"canonical\" href=\"https:\/\/letrame.com\/catalogo\/producto\/el-octavo-dia\/\" \/>\n<meta property=\"og:locale\" content=\"es_ES\" \/>\n<meta property=\"og:type\" content=\"article\" \/>\n<meta property=\"og:title\" content=\"El octavo d\u00eda - Catalogo | Letrame Grupo Editorial\" \/>\n<meta property=\"og:description\" content=\"ISBN:\u00a0978-84-1181-561-1  SINOPSIS El descubrimiento de una misteriosa cueva repleta de objetos de la Segunda Guerra Mundial en una base militar de la isla de Gran Canaria, hace que salten todas las alarmas en el Centro Nacional de Inteligencia, llamando la atencion de personas muy peligrosas. El agente del CNI David Medina es el encargado de llevar la investigaci\u00f3n junto a la Inspectora Lidia del Cuerpo Nacional de Polic\u00eda, ambos se afanan en tirar del hilo a partir de un simple bol\u00edgrafo y unas aparentemente inocentes cartas con sellos desconocidos. Cincuenta y cinco a\u00f1os antes, Martin, ahijado del F\u00fchrer, debe huir de su hogar cuando el III Reich cae. Todo est\u00e1 dispuesto para que el heredero sea protegido, pero las dificultades por las que el joven debe pasar y lo que escucha de sus mayores comenzar\u00e1n a hacerle dudar acerca de lo que le han ense\u00f1ado durante toda su infancia.\" \/>\n<meta property=\"og:url\" content=\"https:\/\/letrame.com\/catalogo\/producto\/el-octavo-dia\/\" \/>\n<meta property=\"og:site_name\" content=\"Catalogo | Letrame Grupo Editorial\" \/>\n<meta property=\"article:modified_time\" content=\"2024-06-04T14:07:51+00:00\" \/>\n<meta property=\"og:image\" content=\"https:\/\/letrame.com\/catalogo\/wp-content\/uploads\/2024\/04\/webportada_eloctavodia_1279mm-min-scaled-1.jpg\" \/>\n\t<meta property=\"og:image:width\" content=\"1746\" \/>\n\t<meta property=\"og:image:height\" content=\"2560\" \/>\n\t<meta property=\"og:image:type\" content=\"image\/jpeg\" \/>\n<meta name=\"twitter:card\" content=\"summary_large_image\" \/>\n<meta name=\"twitter:label1\" content=\"Tiempo de lectura\" \/>\n\t<meta name=\"twitter:data1\" content=\"1 minuto\" \/>\n<script type=\"application\/ld+json\" class=\"yoast-schema-graph\">{\"@context\":\"https:\/\/schema.org\",\"@graph\":[{\"@type\":\"WebPage\",\"@id\":\"https:\/\/letrame.com\/catalogo\/producto\/el-octavo-dia\/\",\"url\":\"https:\/\/letrame.com\/catalogo\/producto\/el-octavo-dia\/\",\"name\":\"El octavo d\u00eda - Catalogo | Letrame Grupo Editorial\",\"isPartOf\":{\"@id\":\"https:\/\/letrame.com\/catalogo\/#website\"},\"primaryImageOfPage\":{\"@id\":\"https:\/\/letrame.com\/catalogo\/producto\/el-octavo-dia\/#primaryimage\"},\"image\":{\"@id\":\"https:\/\/letrame.com\/catalogo\/producto\/el-octavo-dia\/#primaryimage\"},\"thumbnailUrl\":\"https:\/\/letrame.com\/catalogo\/wp-content\/uploads\/2024\/04\/webportada_eloctavodia_1279mm-min-scaled-1.jpg\",\"datePublished\":\"2024-04-29T14:43:55+00:00\",\"dateModified\":\"2024-06-04T14:07:51+00:00\",\"breadcrumb\":{\"@id\":\"https:\/\/letrame.com\/catalogo\/producto\/el-octavo-dia\/#breadcrumb\"},\"inLanguage\":\"es\",\"potentialAction\":[{\"@type\":\"ReadAction\",\"target\":[\"https:\/\/letrame.com\/catalogo\/producto\/el-octavo-dia\/\"]}]},{\"@type\":\"ImageObject\",\"inLanguage\":\"es\",\"@id\":\"https:\/\/letrame.com\/catalogo\/producto\/el-octavo-dia\/#primaryimage\",\"url\":\"https:\/\/letrame.com\/catalogo\/wp-content\/uploads\/2024\/04\/webportada_eloctavodia_1279mm-min-scaled-1.jpg\",\"contentUrl\":\"https:\/\/letrame.com\/catalogo\/wp-content\/uploads\/2024\/04\/webportada_eloctavodia_1279mm-min-scaled-1.jpg\",\"width\":1746,\"height\":2560},{\"@type\":\"BreadcrumbList\",\"@id\":\"https:\/\/letrame.com\/catalogo\/producto\/el-octavo-dia\/#breadcrumb\",\"itemListElement\":[{\"@type\":\"ListItem\",\"position\":1,\"name\":\"Portada\",\"item\":\"https:\/\/letrame.com\/catalogo\/\"},{\"@type\":\"ListItem\",\"position\":2,\"name\":\"Cat\u00e1logo\",\"item\":\"https:\/\/letrame.com\/catalogo\/\"},{\"@type\":\"ListItem\",\"position\":3,\"name\":\"El octavo d\u00eda\"}]},{\"@type\":\"WebSite\",\"@id\":\"https:\/\/letrame.com\/catalogo\/#website\",\"url\":\"https:\/\/letrame.com\/catalogo\/\",\"name\":\"Catalogo | Letrame Grupo Editorial\",\"description\":\"\",\"publisher\":{\"@id\":\"https:\/\/letrame.com\/catalogo\/#organization\"},\"potentialAction\":[{\"@type\":\"SearchAction\",\"target\":{\"@type\":\"EntryPoint\",\"urlTemplate\":\"https:\/\/letrame.com\/catalogo\/?s={search_term_string}\"},\"query-input\":{\"@type\":\"PropertyValueSpecification\",\"valueRequired\":true,\"valueName\":\"search_term_string\"}}],\"inLanguage\":\"es\"},{\"@type\":\"Organization\",\"@id\":\"https:\/\/letrame.com\/catalogo\/#organization\",\"name\":\"Catalogo | Letrame Grupo Editorial\",\"url\":\"https:\/\/letrame.com\/catalogo\/\",\"logo\":{\"@type\":\"ImageObject\",\"inLanguage\":\"es\",\"@id\":\"https:\/\/letrame.com\/catalogo\/#\/schema\/logo\/image\/\",\"url\":\"https:\/\/letrame.com\/catalogo\/wp-content\/uploads\/2024\/03\/logo2.webp\",\"contentUrl\":\"https:\/\/letrame.com\/catalogo\/wp-content\/uploads\/2024\/03\/logo2.webp\",\"width\":394,\"height\":128,\"caption\":\"Catalogo | Letrame Grupo Editorial\"},\"image\":{\"@id\":\"https:\/\/letrame.com\/catalogo\/#\/schema\/logo\/image\/\"}}]}<\/script>\n<!-- \/ Yoast SEO plugin. -->","yoast_head_json":{"title":"El octavo d\u00eda - Catalogo | Letrame Grupo Editorial","robots":{"index":"index","follow":"follow","max-snippet":"max-snippet:-1","max-image-preview":"max-image-preview:large","max-video-preview":"max-video-preview:-1"},"canonical":"https:\/\/letrame.com\/catalogo\/producto\/el-octavo-dia\/","og_locale":"es_ES","og_type":"article","og_title":"El octavo d\u00eda - Catalogo | Letrame Grupo Editorial","og_description":"ISBN:\u00a0978-84-1181-561-1  SINOPSIS El descubrimiento de una misteriosa cueva repleta de objetos de la Segunda Guerra Mundial en una base militar de la isla de Gran Canaria, hace que salten todas las alarmas en el Centro Nacional de Inteligencia, llamando la atencion de personas muy peligrosas. El agente del CNI David Medina es el encargado de llevar la investigaci\u00f3n junto a la Inspectora Lidia del Cuerpo Nacional de Polic\u00eda, ambos se afanan en tirar del hilo a partir de un simple bol\u00edgrafo y unas aparentemente inocentes cartas con sellos desconocidos. Cincuenta y cinco a\u00f1os antes, Martin, ahijado del F\u00fchrer, debe huir de su hogar cuando el III Reich cae. Todo est\u00e1 dispuesto para que el heredero sea protegido, pero las dificultades por las que el joven debe pasar y lo que escucha de sus mayores comenzar\u00e1n a hacerle dudar acerca de lo que le han ense\u00f1ado durante toda su infancia.","og_url":"https:\/\/letrame.com\/catalogo\/producto\/el-octavo-dia\/","og_site_name":"Catalogo | Letrame Grupo Editorial","article_modified_time":"2024-06-04T14:07:51+00:00","og_image":[{"width":1746,"height":2560,"url":"https:\/\/letrame.com\/catalogo\/wp-content\/uploads\/2024\/04\/webportada_eloctavodia_1279mm-min-scaled-1.jpg","type":"image\/jpeg"}],"twitter_card":"summary_large_image","twitter_misc":{"Tiempo de lectura":"1 minuto"},"schema":{"@context":"https:\/\/schema.org","@graph":[{"@type":"WebPage","@id":"https:\/\/letrame.com\/catalogo\/producto\/el-octavo-dia\/","url":"https:\/\/letrame.com\/catalogo\/producto\/el-octavo-dia\/","name":"El octavo d\u00eda - Catalogo | Letrame Grupo Editorial","isPartOf":{"@id":"https:\/\/letrame.com\/catalogo\/#website"},"primaryImageOfPage":{"@id":"https:\/\/letrame.com\/catalogo\/producto\/el-octavo-dia\/#primaryimage"},"image":{"@id":"https:\/\/letrame.com\/catalogo\/producto\/el-octavo-dia\/#primaryimage"},"thumbnailUrl":"https:\/\/letrame.com\/catalogo\/wp-content\/uploads\/2024\/04\/webportada_eloctavodia_1279mm-min-scaled-1.jpg","datePublished":"2024-04-29T14:43:55+00:00","dateModified":"2024-06-04T14:07:51+00:00","breadcrumb":{"@id":"https:\/\/letrame.com\/catalogo\/producto\/el-octavo-dia\/#breadcrumb"},"inLanguage":"es","potentialAction":[{"@type":"ReadAction","target":["https:\/\/letrame.com\/catalogo\/producto\/el-octavo-dia\/"]}]},{"@type":"ImageObject","inLanguage":"es","@id":"https:\/\/letrame.com\/catalogo\/producto\/el-octavo-dia\/#primaryimage","url":"https:\/\/letrame.com\/catalogo\/wp-content\/uploads\/2024\/04\/webportada_eloctavodia_1279mm-min-scaled-1.jpg","contentUrl":"https:\/\/letrame.com\/catalogo\/wp-content\/uploads\/2024\/04\/webportada_eloctavodia_1279mm-min-scaled-1.jpg","width":1746,"height":2560},{"@type":"BreadcrumbList","@id":"https:\/\/letrame.com\/catalogo\/producto\/el-octavo-dia\/#breadcrumb","itemListElement":[{"@type":"ListItem","position":1,"name":"Portada","item":"https:\/\/letrame.com\/catalogo\/"},{"@type":"ListItem","position":2,"name":"Cat\u00e1logo","item":"https:\/\/letrame.com\/catalogo\/"},{"@type":"ListItem","position":3,"name":"El octavo d\u00eda"}]},{"@type":"WebSite","@id":"https:\/\/letrame.com\/catalogo\/#website","url":"https:\/\/letrame.com\/catalogo\/","name":"Catalogo | Letrame Grupo Editorial","description":"","publisher":{"@id":"https:\/\/letrame.com\/catalogo\/#organization"},"potentialAction":[{"@type":"SearchAction","target":{"@type":"EntryPoint","urlTemplate":"https:\/\/letrame.com\/catalogo\/?s={search_term_string}"},"query-input":{"@type":"PropertyValueSpecification","valueRequired":true,"valueName":"search_term_string"}}],"inLanguage":"es"},{"@type":"Organization","@id":"https:\/\/letrame.com\/catalogo\/#organization","name":"Catalogo | Letrame Grupo Editorial","url":"https:\/\/letrame.com\/catalogo\/","logo":{"@type":"ImageObject","inLanguage":"es","@id":"https:\/\/letrame.com\/catalogo\/#\/schema\/logo\/image\/","url":"https:\/\/letrame.com\/catalogo\/wp-content\/uploads\/2024\/03\/logo2.webp","contentUrl":"https:\/\/letrame.com\/catalogo\/wp-content\/uploads\/2024\/03\/logo2.webp","width":394,"height":128,"caption":"Catalogo | Letrame Grupo Editorial"},"image":{"@id":"https:\/\/letrame.com\/catalogo\/#\/schema\/logo\/image\/"}}]}},"_links":{"self":[{"href":"https:\/\/letrame.com\/catalogo\/wp-json\/wp\/v2\/product\/99613","targetHints":{"allow":["GET"]}}],"collection":[{"href":"https:\/\/letrame.com\/catalogo\/wp-json\/wp\/v2\/product"}],"about":[{"href":"https:\/\/letrame.com\/catalogo\/wp-json\/wp\/v2\/types\/product"}],"replies":[{"embeddable":true,"href":"https:\/\/letrame.com\/catalogo\/wp-json\/wp\/v2\/comments?post=99613"}],"acf:post":[{"embeddable":true,"href":"https:\/\/letrame.com\/catalogo\/wp-json\/wp\/v2\/author_book\/77906"}],"wp:featuredmedia":[{"embeddable":true,"href":"https:\/\/letrame.com\/catalogo\/wp-json\/wp\/v2\/media\/99614"}],"wp:attachment":[{"href":"https:\/\/letrame.com\/catalogo\/wp-json\/wp\/v2\/media?parent=99613"}],"wp:term":[{"taxonomy":"libro","embeddable":true,"href":"https:\/\/letrame.com\/catalogo\/wp-json\/wp\/v2\/libro?post=99613"},{"taxonomy":"product_brand","embeddable":true,"href":"https:\/\/letrame.com\/catalogo\/wp-json\/wp\/v2\/product_brand?post=99613"},{"taxonomy":"product_cat","embeddable":true,"href":"https:\/\/letrame.com\/catalogo\/wp-json\/wp\/v2\/product_cat?post=99613"},{"taxonomy":"product_tag","embeddable":true,"href":"https:\/\/letrame.com\/catalogo\/wp-json\/wp\/v2\/product_tag?post=99613"}],"curies":[{"name":"wp","href":"https:\/\/api.w.org\/{rel}","templated":true}]}}