{"id":99602,"date":"2024-04-29T16:42:30","date_gmt":"2024-04-29T14:42:30","guid":{"rendered":"https:\/\/letrame.com\/catalogo\/producto\/letras-adoradas\/"},"modified":"2024-04-29T16:42:56","modified_gmt":"2024-04-29T14:42:56","slug":"letras-adoradas","status":"publish","type":"product","link":"https:\/\/letrame.com\/catalogo\/producto\/letras-adoradas\/","title":{"rendered":"Letras (A)doradas"},"content":{"rendered":"<p>ISBN: 978-84-1181-538-3<br \/>\nT\u00edtulo:_Letras (A)doradas<br \/>\nFecha:_2023<br \/>\nP\u00e1ginas:\u00a0418<\/p>\n<p>SINOPSIS<br \/>\nEsta novela es una traves\u00eda dolorosa, donde una familia de clase media se tambalea ante una enfermedad inesperada que pretende truncar los sue\u00f1os de un joven. Una lucha por cumplirlos con optimismo y un esp\u00edritu luminoso; el relato de una madre y el cord\u00f3n indestructible del amor hacia su hijo; una denuncia de todos los molinos que hay que derribar en el sector de la salud, donde muchas veces la frialdad de los protocolos deja a los pacientes y familiares en un espacio de poca empat\u00eda. Letras (A)doradas es un homenaje a la entereza, hacia la huella que se deja y la herida que queda en el coraz\u00f3n, que no todos pueden resistir.<\/p>\n","protected":false},"excerpt":{"rendered":"<p>ISBN: 978-84-1181-538-3<\/p>\n<p>SINOPSIS<br \/>\nEsta novela es una traves\u00eda dolorosa, donde una familia de clase media se tambalea ante una enfermedad inesperada que pretende truncar los sue\u00f1os de un joven. Una lucha por cumplirlos con optimismo y un esp\u00edritu luminoso; el relato de una madre y el cord\u00f3n indestructible del amor hacia su hijo; una denuncia de todos los molinos que hay que derribar en el sector de la salud, donde muchas veces la frialdad de los protocolos deja a los pacientes y familiares en un espacio de poca empat\u00eda. Letras (A)doradas es un homenaje a la entereza, hacia la huella que se deja y la herida que queda en el coraz\u00f3n, que no todos pueden resistir.<\/p>\n","protected":false},"featured_media":99603,"comment_status":"closed","ping_status":"open","template":"","meta":{"_acf_changed":false},"libro":[],"product_brand":[],"product_cat":[16,26],"product_tag":[],"class_list":{"0":"post-99602","1":"product","2":"type-product","3":"status-publish","4":"has-post-thumbnail","6":"product_cat-novela","7":"product_cat-sin-categoria","9":"first","10":"instock","11":"product-type-simple"},"acf":{"autor":[77900],"enlace_de_compra":"https:\/\/www.amazon.es\/dp\/8411815382"},"yoast_head":"<!-- This site is optimized with the Yoast SEO plugin v27.4 - https:\/\/yoast.com\/product\/yoast-seo-wordpress\/ -->\n<title>Letras (A)doradas - Catalogo | Letrame Grupo Editorial<\/title>\n<meta name=\"robots\" content=\"index, follow, max-snippet:-1, max-image-preview:large, max-video-preview:-1\" \/>\n<link rel=\"canonical\" href=\"https:\/\/letrame.com\/catalogo\/producto\/letras-adoradas\/\" \/>\n<meta property=\"og:locale\" content=\"es_ES\" \/>\n<meta property=\"og:type\" content=\"article\" \/>\n<meta property=\"og:title\" content=\"Letras (A)doradas - Catalogo | Letrame Grupo Editorial\" \/>\n<meta property=\"og:description\" content=\"ISBN: 978-84-1181-538-3 SINOPSIS Esta novela es una traves\u00eda dolorosa, donde una familia de clase media se tambalea ante una enfermedad inesperada que pretende truncar los sue\u00f1os de un joven. Una lucha por cumplirlos con optimismo y un esp\u00edritu luminoso; el relato de una madre y el cord\u00f3n indestructible del amor hacia su hijo; una denuncia de todos los molinos que hay que derribar en el sector de la salud, donde muchas veces la frialdad de los protocolos deja a los pacientes y familiares en un espacio de poca empat\u00eda. Letras (A)doradas es un homenaje a la entereza, hacia la huella que se deja y la herida que queda en el coraz\u00f3n, que no todos pueden resistir.\" \/>\n<meta property=\"og:url\" content=\"https:\/\/letrame.com\/catalogo\/producto\/letras-adoradas\/\" \/>\n<meta property=\"og:site_name\" content=\"Catalogo | Letrame Grupo Editorial\" \/>\n<meta property=\"article:modified_time\" content=\"2024-04-29T14:42:56+00:00\" \/>\n<meta property=\"og:image\" content=\"https:\/\/letrame.com\/catalogo\/wp-content\/uploads\/2024\/04\/webportada_letrasA_2035mm-min-scaled-1.jpg\" \/>\n\t<meta property=\"og:image:width\" content=\"1746\" \/>\n\t<meta property=\"og:image:height\" content=\"2560\" \/>\n\t<meta property=\"og:image:type\" content=\"image\/jpeg\" \/>\n<meta name=\"twitter:card\" content=\"summary_large_image\" \/>\n<meta name=\"twitter:label1\" content=\"Tiempo de lectura\" \/>\n\t<meta name=\"twitter:data1\" content=\"1 minuto\" \/>\n<script type=\"application\/ld+json\" class=\"yoast-schema-graph\">{\"@context\":\"https:\\\/\\\/schema.org\",\"@graph\":[{\"@type\":\"WebPage\",\"@id\":\"https:\\\/\\\/letrame.com\\\/catalogo\\\/producto\\\/letras-adoradas\\\/\",\"url\":\"https:\\\/\\\/letrame.com\\\/catalogo\\\/producto\\\/letras-adoradas\\\/\",\"name\":\"Letras (A)doradas - Catalogo | Letrame Grupo Editorial\",\"isPartOf\":{\"@id\":\"https:\\\/\\\/letrame.com\\\/catalogo\\\/#website\"},\"primaryImageOfPage\":{\"@id\":\"https:\\\/\\\/letrame.com\\\/catalogo\\\/producto\\\/letras-adoradas\\\/#primaryimage\"},\"image\":{\"@id\":\"https:\\\/\\\/letrame.com\\\/catalogo\\\/producto\\\/letras-adoradas\\\/#primaryimage\"},\"thumbnailUrl\":\"https:\\\/\\\/letrame.com\\\/catalogo\\\/wp-content\\\/uploads\\\/2024\\\/04\\\/webportada_letrasA_2035mm-min-scaled-1.jpg\",\"datePublished\":\"2024-04-29T14:42:30+00:00\",\"dateModified\":\"2024-04-29T14:42:56+00:00\",\"breadcrumb\":{\"@id\":\"https:\\\/\\\/letrame.com\\\/catalogo\\\/producto\\\/letras-adoradas\\\/#breadcrumb\"},\"inLanguage\":\"es\",\"potentialAction\":[{\"@type\":\"ReadAction\",\"target\":[\"https:\\\/\\\/letrame.com\\\/catalogo\\\/producto\\\/letras-adoradas\\\/\"]}]},{\"@type\":\"ImageObject\",\"inLanguage\":\"es\",\"@id\":\"https:\\\/\\\/letrame.com\\\/catalogo\\\/producto\\\/letras-adoradas\\\/#primaryimage\",\"url\":\"https:\\\/\\\/letrame.com\\\/catalogo\\\/wp-content\\\/uploads\\\/2024\\\/04\\\/webportada_letrasA_2035mm-min-scaled-1.jpg\",\"contentUrl\":\"https:\\\/\\\/letrame.com\\\/catalogo\\\/wp-content\\\/uploads\\\/2024\\\/04\\\/webportada_letrasA_2035mm-min-scaled-1.jpg\",\"width\":1746,\"height\":2560},{\"@type\":\"BreadcrumbList\",\"@id\":\"https:\\\/\\\/letrame.com\\\/catalogo\\\/producto\\\/letras-adoradas\\\/#breadcrumb\",\"itemListElement\":[{\"@type\":\"ListItem\",\"position\":1,\"name\":\"Portada\",\"item\":\"https:\\\/\\\/letrame.com\\\/catalogo\\\/\"},{\"@type\":\"ListItem\",\"position\":2,\"name\":\"Cat\u00e1logo\",\"item\":\"https:\\\/\\\/letrame.com\\\/catalogo\\\/\"},{\"@type\":\"ListItem\",\"position\":3,\"name\":\"Letras (A)doradas\"}]},{\"@type\":\"WebSite\",\"@id\":\"https:\\\/\\\/letrame.com\\\/catalogo\\\/#website\",\"url\":\"https:\\\/\\\/letrame.com\\\/catalogo\\\/\",\"name\":\"Catalogo | Letrame Grupo Editorial\",\"description\":\"\",\"publisher\":{\"@id\":\"https:\\\/\\\/letrame.com\\\/catalogo\\\/#organization\"},\"potentialAction\":[{\"@type\":\"SearchAction\",\"target\":{\"@type\":\"EntryPoint\",\"urlTemplate\":\"https:\\\/\\\/letrame.com\\\/catalogo\\\/?s={search_term_string}\"},\"query-input\":{\"@type\":\"PropertyValueSpecification\",\"valueRequired\":true,\"valueName\":\"search_term_string\"}}],\"inLanguage\":\"es\"},{\"@type\":\"Organization\",\"@id\":\"https:\\\/\\\/letrame.com\\\/catalogo\\\/#organization\",\"name\":\"Catalogo | Letrame Grupo Editorial\",\"url\":\"https:\\\/\\\/letrame.com\\\/catalogo\\\/\",\"logo\":{\"@type\":\"ImageObject\",\"inLanguage\":\"es\",\"@id\":\"https:\\\/\\\/letrame.com\\\/catalogo\\\/#\\\/schema\\\/logo\\\/image\\\/\",\"url\":\"https:\\\/\\\/letrame.com\\\/catalogo\\\/wp-content\\\/uploads\\\/2024\\\/03\\\/logo2.webp\",\"contentUrl\":\"https:\\\/\\\/letrame.com\\\/catalogo\\\/wp-content\\\/uploads\\\/2024\\\/03\\\/logo2.webp\",\"width\":394,\"height\":128,\"caption\":\"Catalogo | Letrame Grupo Editorial\"},\"image\":{\"@id\":\"https:\\\/\\\/letrame.com\\\/catalogo\\\/#\\\/schema\\\/logo\\\/image\\\/\"}}]}<\/script>\n<!-- \/ Yoast SEO plugin. -->","yoast_head_json":{"title":"Letras (A)doradas - Catalogo | Letrame Grupo Editorial","robots":{"index":"index","follow":"follow","max-snippet":"max-snippet:-1","max-image-preview":"max-image-preview:large","max-video-preview":"max-video-preview:-1"},"canonical":"https:\/\/letrame.com\/catalogo\/producto\/letras-adoradas\/","og_locale":"es_ES","og_type":"article","og_title":"Letras (A)doradas - Catalogo | Letrame Grupo Editorial","og_description":"ISBN: 978-84-1181-538-3 SINOPSIS Esta novela es una traves\u00eda dolorosa, donde una familia de clase media se tambalea ante una enfermedad inesperada que pretende truncar los sue\u00f1os de un joven. Una lucha por cumplirlos con optimismo y un esp\u00edritu luminoso; el relato de una madre y el cord\u00f3n indestructible del amor hacia su hijo; una denuncia de todos los molinos que hay que derribar en el sector de la salud, donde muchas veces la frialdad de los protocolos deja a los pacientes y familiares en un espacio de poca empat\u00eda. Letras (A)doradas es un homenaje a la entereza, hacia la huella que se deja y la herida que queda en el coraz\u00f3n, que no todos pueden resistir.","og_url":"https:\/\/letrame.com\/catalogo\/producto\/letras-adoradas\/","og_site_name":"Catalogo | Letrame Grupo Editorial","article_modified_time":"2024-04-29T14:42:56+00:00","og_image":[{"width":1746,"height":2560,"url":"https:\/\/letrame.com\/catalogo\/wp-content\/uploads\/2024\/04\/webportada_letrasA_2035mm-min-scaled-1.jpg","type":"image\/jpeg"}],"twitter_card":"summary_large_image","twitter_misc":{"Tiempo de lectura":"1 minuto"},"schema":{"@context":"https:\/\/schema.org","@graph":[{"@type":"WebPage","@id":"https:\/\/letrame.com\/catalogo\/producto\/letras-adoradas\/","url":"https:\/\/letrame.com\/catalogo\/producto\/letras-adoradas\/","name":"Letras (A)doradas - Catalogo | Letrame Grupo Editorial","isPartOf":{"@id":"https:\/\/letrame.com\/catalogo\/#website"},"primaryImageOfPage":{"@id":"https:\/\/letrame.com\/catalogo\/producto\/letras-adoradas\/#primaryimage"},"image":{"@id":"https:\/\/letrame.com\/catalogo\/producto\/letras-adoradas\/#primaryimage"},"thumbnailUrl":"https:\/\/letrame.com\/catalogo\/wp-content\/uploads\/2024\/04\/webportada_letrasA_2035mm-min-scaled-1.jpg","datePublished":"2024-04-29T14:42:30+00:00","dateModified":"2024-04-29T14:42:56+00:00","breadcrumb":{"@id":"https:\/\/letrame.com\/catalogo\/producto\/letras-adoradas\/#breadcrumb"},"inLanguage":"es","potentialAction":[{"@type":"ReadAction","target":["https:\/\/letrame.com\/catalogo\/producto\/letras-adoradas\/"]}]},{"@type":"ImageObject","inLanguage":"es","@id":"https:\/\/letrame.com\/catalogo\/producto\/letras-adoradas\/#primaryimage","url":"https:\/\/letrame.com\/catalogo\/wp-content\/uploads\/2024\/04\/webportada_letrasA_2035mm-min-scaled-1.jpg","contentUrl":"https:\/\/letrame.com\/catalogo\/wp-content\/uploads\/2024\/04\/webportada_letrasA_2035mm-min-scaled-1.jpg","width":1746,"height":2560},{"@type":"BreadcrumbList","@id":"https:\/\/letrame.com\/catalogo\/producto\/letras-adoradas\/#breadcrumb","itemListElement":[{"@type":"ListItem","position":1,"name":"Portada","item":"https:\/\/letrame.com\/catalogo\/"},{"@type":"ListItem","position":2,"name":"Cat\u00e1logo","item":"https:\/\/letrame.com\/catalogo\/"},{"@type":"ListItem","position":3,"name":"Letras (A)doradas"}]},{"@type":"WebSite","@id":"https:\/\/letrame.com\/catalogo\/#website","url":"https:\/\/letrame.com\/catalogo\/","name":"Catalogo | Letrame Grupo Editorial","description":"","publisher":{"@id":"https:\/\/letrame.com\/catalogo\/#organization"},"potentialAction":[{"@type":"SearchAction","target":{"@type":"EntryPoint","urlTemplate":"https:\/\/letrame.com\/catalogo\/?s={search_term_string}"},"query-input":{"@type":"PropertyValueSpecification","valueRequired":true,"valueName":"search_term_string"}}],"inLanguage":"es"},{"@type":"Organization","@id":"https:\/\/letrame.com\/catalogo\/#organization","name":"Catalogo | Letrame Grupo Editorial","url":"https:\/\/letrame.com\/catalogo\/","logo":{"@type":"ImageObject","inLanguage":"es","@id":"https:\/\/letrame.com\/catalogo\/#\/schema\/logo\/image\/","url":"https:\/\/letrame.com\/catalogo\/wp-content\/uploads\/2024\/03\/logo2.webp","contentUrl":"https:\/\/letrame.com\/catalogo\/wp-content\/uploads\/2024\/03\/logo2.webp","width":394,"height":128,"caption":"Catalogo | Letrame Grupo Editorial"},"image":{"@id":"https:\/\/letrame.com\/catalogo\/#\/schema\/logo\/image\/"}}]}},"_links":{"self":[{"href":"https:\/\/letrame.com\/catalogo\/wp-json\/wp\/v2\/product\/99602","targetHints":{"allow":["GET"]}}],"collection":[{"href":"https:\/\/letrame.com\/catalogo\/wp-json\/wp\/v2\/product"}],"about":[{"href":"https:\/\/letrame.com\/catalogo\/wp-json\/wp\/v2\/types\/product"}],"replies":[{"embeddable":true,"href":"https:\/\/letrame.com\/catalogo\/wp-json\/wp\/v2\/comments?post=99602"}],"acf:post":[{"embeddable":true,"href":"https:\/\/letrame.com\/catalogo\/wp-json\/wp\/v2\/author_book\/77900"}],"wp:featuredmedia":[{"embeddable":true,"href":"https:\/\/letrame.com\/catalogo\/wp-json\/wp\/v2\/media\/99603"}],"wp:attachment":[{"href":"https:\/\/letrame.com\/catalogo\/wp-json\/wp\/v2\/media?parent=99602"}],"wp:term":[{"taxonomy":"libro","embeddable":true,"href":"https:\/\/letrame.com\/catalogo\/wp-json\/wp\/v2\/libro?post=99602"},{"taxonomy":"product_brand","embeddable":true,"href":"https:\/\/letrame.com\/catalogo\/wp-json\/wp\/v2\/product_brand?post=99602"},{"taxonomy":"product_cat","embeddable":true,"href":"https:\/\/letrame.com\/catalogo\/wp-json\/wp\/v2\/product_cat?post=99602"},{"taxonomy":"product_tag","embeddable":true,"href":"https:\/\/letrame.com\/catalogo\/wp-json\/wp\/v2\/product_tag?post=99602"}],"curies":[{"name":"wp","href":"https:\/\/api.w.org\/{rel}","templated":true}]}}