{"id":99600,"date":"2024-04-29T16:42:30","date_gmt":"2024-04-29T14:42:30","guid":{"rendered":"https:\/\/letrame.com\/catalogo\/producto\/el-poder-de-resaidius\/"},"modified":"2024-04-29T16:42:43","modified_gmt":"2024-04-29T14:42:43","slug":"el-poder-de-resaidius","status":"publish","type":"product","link":"https:\/\/letrame.com\/catalogo\/producto\/el-poder-de-resaidius\/","title":{"rendered":"El poder de Resaidius"},"content":{"rendered":"<p class=\"p1\">ISBN: 978-84-1181-672-4<\/p>\n<p class=\"p1\">T\u00edtulo: El poder de Resaidius<br \/>\nFecha: 2023<br \/>\nP\u00e1ginas: 164<\/p>\n<p class=\"p1\">SINOPSIS<\/p>\n<p>El\u00edas es un ni\u00f1o hebreo que vive en Egipto antes de que Mois\u00e9s libere a su pueblo de la esclavitud. Cuando el fara\u00f3n manda asesinar a todos los beb\u00e9s varones israelitas, El\u00edas intenta sin \u00e9xito salvar a su hermano Sa\u00fal, algo que siempre pesar\u00e1 en su conciencia. Pasan los a\u00f1os y un d\u00eda que su amo le env\u00eda a buscar unas hierbas curativas, El\u00edas entra en una cueva donde encuentra una peculiar esmeralda morada que cambiar\u00e1 su vida.<br \/>\nPronto descubrir\u00e1 que su hallazgo no es una piedra corriente, sino un amuleto capaz de conceder todo tipo de poderes. Acompa\u00f1ado de Sheker, el Guardi\u00e1n y la Creadora, El\u00edas tendr\u00e1 que hacer tratos con demonios, esquivar maldiciones e intentar salvar el futuro de la humanidad en una sangrienta guerra interdimensional contra Itzel, la reencarnaci\u00f3n de la muerte. Todo por un amuleto que parece que todos desean\u2026 menos El\u00edas.<\/p>\n","protected":false},"excerpt":{"rendered":"<p>ISBN: 978-84-1181-672-4<\/p>\n<p>SINOPSIS<\/p>\n<p>El\u00edas es un ni\u00f1o hebreo que vive en Egipto antes de que Mois\u00e9s libere a su pueblo de la esclavitud. Cuando el fara\u00f3n manda asesinar a todos los beb\u00e9s varones israelitas, El\u00edas intenta sin \u00e9xito salvar a su hermano Sa\u00fal, algo que siempre pesar\u00e1 en su conciencia. Pasan los a\u00f1os y un d\u00eda que su amo le env\u00eda a buscar unas hierbas curativas, El\u00edas entra en una cueva donde encuentra una peculiar esmeralda morada que cambiar\u00e1 su vida.<br \/>\nPronto descubrir\u00e1 que su hallazgo no es una piedra corriente, sino un amuleto capaz de conceder todo tipo de poderes. Acompa\u00f1ado de Sheker, el Guardi\u00e1n y la Creadora, El\u00edas tendr\u00e1 que hacer tratos con demonios, esquivar maldiciones e intentar salvar el futuro de la humanidad en una sangrienta guerra interdimensional contra Itzel, la reencarnaci\u00f3n de la muerte. Todo por un amuleto que parece que todos desean\u2026 menos El\u00edas.<\/p>\n","protected":false},"featured_media":99601,"comment_status":"closed","ping_status":"open","template":"","meta":{"_acf_changed":false},"libro":[],"product_brand":[],"product_cat":[52],"product_tag":[],"class_list":{"0":"post-99600","1":"product","2":"type-product","3":"status-publish","4":"has-post-thumbnail","6":"product_cat-novela-juvenil","8":"first","9":"instock","10":"product-type-simple"},"acf":{"autor":[77895],"enlace_de_compra":"https:\/\/www.amazon.es\/dp\/8411816729"},"yoast_head":"<!-- This site is optimized with the Yoast SEO plugin v26.6 - https:\/\/yoast.com\/wordpress\/plugins\/seo\/ -->\n<title>El poder de Resaidius - Catalogo | Letrame Grupo Editorial<\/title>\n<meta name=\"robots\" content=\"index, follow, max-snippet:-1, max-image-preview:large, max-video-preview:-1\" \/>\n<link rel=\"canonical\" href=\"https:\/\/letrame.com\/catalogo\/producto\/el-poder-de-resaidius\/\" \/>\n<meta property=\"og:locale\" content=\"es_ES\" \/>\n<meta property=\"og:type\" content=\"article\" \/>\n<meta property=\"og:title\" content=\"El poder de Resaidius - Catalogo | Letrame Grupo Editorial\" \/>\n<meta property=\"og:description\" content=\"ISBN: 978-84-1181-672-4 SINOPSIS El\u00edas es un ni\u00f1o hebreo que vive en Egipto antes de que Mois\u00e9s libere a su pueblo de la esclavitud. Cuando el fara\u00f3n manda asesinar a todos los beb\u00e9s varones israelitas, El\u00edas intenta sin \u00e9xito salvar a su hermano Sa\u00fal, algo que siempre pesar\u00e1 en su conciencia. Pasan los a\u00f1os y un d\u00eda que su amo le env\u00eda a buscar unas hierbas curativas, El\u00edas entra en una cueva donde encuentra una peculiar esmeralda morada que cambiar\u00e1 su vida. Pronto descubrir\u00e1 que su hallazgo no es una piedra corriente, sino un amuleto capaz de conceder todo tipo de poderes. Acompa\u00f1ado de Sheker, el Guardi\u00e1n y la Creadora, El\u00edas tendr\u00e1 que hacer tratos con demonios, esquivar maldiciones e intentar salvar el futuro de la humanidad en una sangrienta guerra interdimensional contra Itzel, la reencarnaci\u00f3n de la muerte. Todo por un amuleto que parece que todos desean\u2026 menos El\u00edas.\" \/>\n<meta property=\"og:url\" content=\"https:\/\/letrame.com\/catalogo\/producto\/el-poder-de-resaidius\/\" \/>\n<meta property=\"og:site_name\" content=\"Catalogo | Letrame Grupo Editorial\" \/>\n<meta property=\"article:modified_time\" content=\"2024-04-29T14:42:43+00:00\" \/>\n<meta property=\"og:image\" content=\"https:\/\/letrame.com\/catalogo\/wp-content\/uploads\/2024\/04\/webportada_elpoderderesaidius_864mm-compressed-scaled-1.jpg\" \/>\n\t<meta property=\"og:image:width\" content=\"1746\" \/>\n\t<meta property=\"og:image:height\" content=\"2560\" \/>\n\t<meta property=\"og:image:type\" content=\"image\/jpeg\" \/>\n<meta name=\"twitter:card\" content=\"summary_large_image\" \/>\n<meta name=\"twitter:label1\" content=\"Tiempo de lectura\" \/>\n\t<meta name=\"twitter:data1\" content=\"1 minuto\" \/>\n<script type=\"application\/ld+json\" class=\"yoast-schema-graph\">{\"@context\":\"https:\/\/schema.org\",\"@graph\":[{\"@type\":\"WebPage\",\"@id\":\"https:\/\/letrame.com\/catalogo\/producto\/el-poder-de-resaidius\/\",\"url\":\"https:\/\/letrame.com\/catalogo\/producto\/el-poder-de-resaidius\/\",\"name\":\"El poder de Resaidius - Catalogo | Letrame Grupo Editorial\",\"isPartOf\":{\"@id\":\"https:\/\/letrame.com\/catalogo\/#website\"},\"primaryImageOfPage\":{\"@id\":\"https:\/\/letrame.com\/catalogo\/producto\/el-poder-de-resaidius\/#primaryimage\"},\"image\":{\"@id\":\"https:\/\/letrame.com\/catalogo\/producto\/el-poder-de-resaidius\/#primaryimage\"},\"thumbnailUrl\":\"https:\/\/letrame.com\/catalogo\/wp-content\/uploads\/2024\/04\/webportada_elpoderderesaidius_864mm-compressed-scaled-1.jpg\",\"datePublished\":\"2024-04-29T14:42:30+00:00\",\"dateModified\":\"2024-04-29T14:42:43+00:00\",\"breadcrumb\":{\"@id\":\"https:\/\/letrame.com\/catalogo\/producto\/el-poder-de-resaidius\/#breadcrumb\"},\"inLanguage\":\"es\",\"potentialAction\":[{\"@type\":\"ReadAction\",\"target\":[\"https:\/\/letrame.com\/catalogo\/producto\/el-poder-de-resaidius\/\"]}]},{\"@type\":\"ImageObject\",\"inLanguage\":\"es\",\"@id\":\"https:\/\/letrame.com\/catalogo\/producto\/el-poder-de-resaidius\/#primaryimage\",\"url\":\"https:\/\/letrame.com\/catalogo\/wp-content\/uploads\/2024\/04\/webportada_elpoderderesaidius_864mm-compressed-scaled-1.jpg\",\"contentUrl\":\"https:\/\/letrame.com\/catalogo\/wp-content\/uploads\/2024\/04\/webportada_elpoderderesaidius_864mm-compressed-scaled-1.jpg\",\"width\":1746,\"height\":2560},{\"@type\":\"BreadcrumbList\",\"@id\":\"https:\/\/letrame.com\/catalogo\/producto\/el-poder-de-resaidius\/#breadcrumb\",\"itemListElement\":[{\"@type\":\"ListItem\",\"position\":1,\"name\":\"Portada\",\"item\":\"https:\/\/letrame.com\/catalogo\/\"},{\"@type\":\"ListItem\",\"position\":2,\"name\":\"Cat\u00e1logo\",\"item\":\"https:\/\/letrame.com\/catalogo\/\"},{\"@type\":\"ListItem\",\"position\":3,\"name\":\"El poder de Resaidius\"}]},{\"@type\":\"WebSite\",\"@id\":\"https:\/\/letrame.com\/catalogo\/#website\",\"url\":\"https:\/\/letrame.com\/catalogo\/\",\"name\":\"Catalogo | Letrame Grupo Editorial\",\"description\":\"\",\"publisher\":{\"@id\":\"https:\/\/letrame.com\/catalogo\/#organization\"},\"potentialAction\":[{\"@type\":\"SearchAction\",\"target\":{\"@type\":\"EntryPoint\",\"urlTemplate\":\"https:\/\/letrame.com\/catalogo\/?s={search_term_string}\"},\"query-input\":{\"@type\":\"PropertyValueSpecification\",\"valueRequired\":true,\"valueName\":\"search_term_string\"}}],\"inLanguage\":\"es\"},{\"@type\":\"Organization\",\"@id\":\"https:\/\/letrame.com\/catalogo\/#organization\",\"name\":\"Catalogo | Letrame Grupo Editorial\",\"url\":\"https:\/\/letrame.com\/catalogo\/\",\"logo\":{\"@type\":\"ImageObject\",\"inLanguage\":\"es\",\"@id\":\"https:\/\/letrame.com\/catalogo\/#\/schema\/logo\/image\/\",\"url\":\"https:\/\/letrame.com\/catalogo\/wp-content\/uploads\/2024\/03\/logo2.webp\",\"contentUrl\":\"https:\/\/letrame.com\/catalogo\/wp-content\/uploads\/2024\/03\/logo2.webp\",\"width\":394,\"height\":128,\"caption\":\"Catalogo | Letrame Grupo Editorial\"},\"image\":{\"@id\":\"https:\/\/letrame.com\/catalogo\/#\/schema\/logo\/image\/\"}}]}<\/script>\n<!-- \/ Yoast SEO plugin. -->","yoast_head_json":{"title":"El poder de Resaidius - Catalogo | Letrame Grupo Editorial","robots":{"index":"index","follow":"follow","max-snippet":"max-snippet:-1","max-image-preview":"max-image-preview:large","max-video-preview":"max-video-preview:-1"},"canonical":"https:\/\/letrame.com\/catalogo\/producto\/el-poder-de-resaidius\/","og_locale":"es_ES","og_type":"article","og_title":"El poder de Resaidius - Catalogo | Letrame Grupo Editorial","og_description":"ISBN: 978-84-1181-672-4 SINOPSIS El\u00edas es un ni\u00f1o hebreo que vive en Egipto antes de que Mois\u00e9s libere a su pueblo de la esclavitud. Cuando el fara\u00f3n manda asesinar a todos los beb\u00e9s varones israelitas, El\u00edas intenta sin \u00e9xito salvar a su hermano Sa\u00fal, algo que siempre pesar\u00e1 en su conciencia. Pasan los a\u00f1os y un d\u00eda que su amo le env\u00eda a buscar unas hierbas curativas, El\u00edas entra en una cueva donde encuentra una peculiar esmeralda morada que cambiar\u00e1 su vida. Pronto descubrir\u00e1 que su hallazgo no es una piedra corriente, sino un amuleto capaz de conceder todo tipo de poderes. Acompa\u00f1ado de Sheker, el Guardi\u00e1n y la Creadora, El\u00edas tendr\u00e1 que hacer tratos con demonios, esquivar maldiciones e intentar salvar el futuro de la humanidad en una sangrienta guerra interdimensional contra Itzel, la reencarnaci\u00f3n de la muerte. Todo por un amuleto que parece que todos desean\u2026 menos El\u00edas.","og_url":"https:\/\/letrame.com\/catalogo\/producto\/el-poder-de-resaidius\/","og_site_name":"Catalogo | Letrame Grupo Editorial","article_modified_time":"2024-04-29T14:42:43+00:00","og_image":[{"width":1746,"height":2560,"url":"https:\/\/letrame.com\/catalogo\/wp-content\/uploads\/2024\/04\/webportada_elpoderderesaidius_864mm-compressed-scaled-1.jpg","type":"image\/jpeg"}],"twitter_card":"summary_large_image","twitter_misc":{"Tiempo de lectura":"1 minuto"},"schema":{"@context":"https:\/\/schema.org","@graph":[{"@type":"WebPage","@id":"https:\/\/letrame.com\/catalogo\/producto\/el-poder-de-resaidius\/","url":"https:\/\/letrame.com\/catalogo\/producto\/el-poder-de-resaidius\/","name":"El poder de Resaidius - Catalogo | Letrame Grupo Editorial","isPartOf":{"@id":"https:\/\/letrame.com\/catalogo\/#website"},"primaryImageOfPage":{"@id":"https:\/\/letrame.com\/catalogo\/producto\/el-poder-de-resaidius\/#primaryimage"},"image":{"@id":"https:\/\/letrame.com\/catalogo\/producto\/el-poder-de-resaidius\/#primaryimage"},"thumbnailUrl":"https:\/\/letrame.com\/catalogo\/wp-content\/uploads\/2024\/04\/webportada_elpoderderesaidius_864mm-compressed-scaled-1.jpg","datePublished":"2024-04-29T14:42:30+00:00","dateModified":"2024-04-29T14:42:43+00:00","breadcrumb":{"@id":"https:\/\/letrame.com\/catalogo\/producto\/el-poder-de-resaidius\/#breadcrumb"},"inLanguage":"es","potentialAction":[{"@type":"ReadAction","target":["https:\/\/letrame.com\/catalogo\/producto\/el-poder-de-resaidius\/"]}]},{"@type":"ImageObject","inLanguage":"es","@id":"https:\/\/letrame.com\/catalogo\/producto\/el-poder-de-resaidius\/#primaryimage","url":"https:\/\/letrame.com\/catalogo\/wp-content\/uploads\/2024\/04\/webportada_elpoderderesaidius_864mm-compressed-scaled-1.jpg","contentUrl":"https:\/\/letrame.com\/catalogo\/wp-content\/uploads\/2024\/04\/webportada_elpoderderesaidius_864mm-compressed-scaled-1.jpg","width":1746,"height":2560},{"@type":"BreadcrumbList","@id":"https:\/\/letrame.com\/catalogo\/producto\/el-poder-de-resaidius\/#breadcrumb","itemListElement":[{"@type":"ListItem","position":1,"name":"Portada","item":"https:\/\/letrame.com\/catalogo\/"},{"@type":"ListItem","position":2,"name":"Cat\u00e1logo","item":"https:\/\/letrame.com\/catalogo\/"},{"@type":"ListItem","position":3,"name":"El poder de Resaidius"}]},{"@type":"WebSite","@id":"https:\/\/letrame.com\/catalogo\/#website","url":"https:\/\/letrame.com\/catalogo\/","name":"Catalogo | Letrame Grupo Editorial","description":"","publisher":{"@id":"https:\/\/letrame.com\/catalogo\/#organization"},"potentialAction":[{"@type":"SearchAction","target":{"@type":"EntryPoint","urlTemplate":"https:\/\/letrame.com\/catalogo\/?s={search_term_string}"},"query-input":{"@type":"PropertyValueSpecification","valueRequired":true,"valueName":"search_term_string"}}],"inLanguage":"es"},{"@type":"Organization","@id":"https:\/\/letrame.com\/catalogo\/#organization","name":"Catalogo | Letrame Grupo Editorial","url":"https:\/\/letrame.com\/catalogo\/","logo":{"@type":"ImageObject","inLanguage":"es","@id":"https:\/\/letrame.com\/catalogo\/#\/schema\/logo\/image\/","url":"https:\/\/letrame.com\/catalogo\/wp-content\/uploads\/2024\/03\/logo2.webp","contentUrl":"https:\/\/letrame.com\/catalogo\/wp-content\/uploads\/2024\/03\/logo2.webp","width":394,"height":128,"caption":"Catalogo | Letrame Grupo Editorial"},"image":{"@id":"https:\/\/letrame.com\/catalogo\/#\/schema\/logo\/image\/"}}]}},"_links":{"self":[{"href":"https:\/\/letrame.com\/catalogo\/wp-json\/wp\/v2\/product\/99600","targetHints":{"allow":["GET"]}}],"collection":[{"href":"https:\/\/letrame.com\/catalogo\/wp-json\/wp\/v2\/product"}],"about":[{"href":"https:\/\/letrame.com\/catalogo\/wp-json\/wp\/v2\/types\/product"}],"replies":[{"embeddable":true,"href":"https:\/\/letrame.com\/catalogo\/wp-json\/wp\/v2\/comments?post=99600"}],"acf:post":[{"embeddable":true,"href":"https:\/\/letrame.com\/catalogo\/wp-json\/wp\/v2\/author_book\/77895"}],"wp:featuredmedia":[{"embeddable":true,"href":"https:\/\/letrame.com\/catalogo\/wp-json\/wp\/v2\/media\/99601"}],"wp:attachment":[{"href":"https:\/\/letrame.com\/catalogo\/wp-json\/wp\/v2\/media?parent=99600"}],"wp:term":[{"taxonomy":"libro","embeddable":true,"href":"https:\/\/letrame.com\/catalogo\/wp-json\/wp\/v2\/libro?post=99600"},{"taxonomy":"product_brand","embeddable":true,"href":"https:\/\/letrame.com\/catalogo\/wp-json\/wp\/v2\/product_brand?post=99600"},{"taxonomy":"product_cat","embeddable":true,"href":"https:\/\/letrame.com\/catalogo\/wp-json\/wp\/v2\/product_cat?post=99600"},{"taxonomy":"product_tag","embeddable":true,"href":"https:\/\/letrame.com\/catalogo\/wp-json\/wp\/v2\/product_tag?post=99600"}],"curies":[{"name":"wp","href":"https:\/\/api.w.org\/{rel}","templated":true}]}}