{"id":99596,"date":"2024-04-29T16:41:48","date_gmt":"2024-04-29T14:41:48","guid":{"rendered":"https:\/\/letrame.com\/catalogo\/producto\/epifanias-como-rafagas-de-viento\/"},"modified":"2024-04-29T16:42:15","modified_gmt":"2024-04-29T14:42:15","slug":"epifanias-como-rafagas-de-viento","status":"publish","type":"product","link":"https:\/\/letrame.com\/catalogo\/producto\/epifanias-como-rafagas-de-viento\/","title":{"rendered":"Epifan\u00edas como r\u00e1fagas de viento"},"content":{"rendered":"<p>ISBN:\u00a0978-84-1181-331-0<br \/>\nT\u00edtulo:_ Epifan\u00edas como r\u00e1fagas de viento<br \/>\nFecha:_2023<br \/>\nP\u00e1ginas:\u00a096<\/p>\n<p>SINOPSIS<br \/>\nEn estas epifan\u00edas, un factor incisivo, proveniente del azar, sirve de sorpresivo detonante para trastocar el devenir de la cotidianidad en cada una de las situaciones dram\u00e1ticas, como r\u00e1fagas inesperadas de viento que entretejen historias con los hilos del tiempo. Tiempos agitados que provocan cambios s\u00fabitos en la direcci\u00f3n cotidiana de los sucesos, en la vida y las relaciones aparentemente estables entre los personajes.<\/p>\n<p>Cuatro epifan\u00edas, que se materializan en cuatro textos de teatro de formato breve, conforman este abanico de relatos dram\u00e1ticos: Fuga intempestiva, Cacao sabanero, El Ni\u00f1o de la calle y Ba\u00fal siniestro. Estas obras, de dos y tres personajes, nos transportan a historias escondidas, a facetas ocultas, que son develadas por un suceso inesperado, algo que no obedece a los c\u00e1nones de la normalidad.<\/p>\n<p>Un trasunto por los m\u00e1rgenes y las fronteras entre lo permitido y lo prohibido, con la sutileza de lo ocasional que irrumpe en el sopor de la rutina. Eventos aparentemente cotidianos de los cuales emerge una informaci\u00f3n reveladora, una cat\u00e1strofe natural, una transformaci\u00f3n fisiol\u00f3gica, una encrucijada dom\u00e9stica o un comportamiento sospechoso, que revientan en los personajes el sentido repetitivo y acomodado de su realidad.<\/p>\n","protected":false},"excerpt":{"rendered":"<p>ISBN:\u00a0978-84-1181-331-0<\/p>\n<p>SINOPSIS<br \/>\nEn estas epifan\u00edas, un factor incisivo, proveniente del azar, sirve de sorpresivo detonante para trastocar el devenir de la cotidianidad en cada una de las situaciones dram\u00e1ticas, como r\u00e1fagas inesperadas de viento que entretejen historias con los hilos del tiempo. Tiempos agitados que provocan cambios s\u00fabitos en la direcci\u00f3n cotidiana de los sucesos, en la vida y las relaciones aparentemente estables entre los personajes.<\/p>\n<p>Cuatro epifan\u00edas, que se materializan en cuatro textos de teatro de formato breve, conforman este abanico de relatos dram\u00e1ticos: Fuga intempestiva, Cacao sabanero, El Ni\u00f1o de la calle y Ba\u00fal siniestro. Estas obras, de dos y tres personajes, nos transportan a historias escondidas, a facetas ocultas, que son develadas por un suceso inesperado, algo que no obedece a los c\u00e1nones de la normalidad.<\/p>\n<p>Un trasunto por los m\u00e1rgenes y las fronteras entre lo permitido y lo prohibido, con la sutileza de lo ocasional que irrumpe en el sopor de la rutina. Eventos aparentemente cotidianos de los cuales emerge una informaci\u00f3n reveladora, una cat\u00e1strofe natural, una transformaci\u00f3n fisiol\u00f3gica, una encrucijada dom\u00e9stica o un comportamiento sospechoso, que revientan en los personajes el sentido repetitivo y acomodado de su realidad.<\/p>\n","protected":false},"featured_media":99597,"comment_status":"closed","ping_status":"open","template":"","meta":{"_acf_changed":false},"libro":[],"product_brand":[],"product_cat":[46],"product_tag":[],"class_list":{"0":"post-99596","1":"product","2":"type-product","3":"status-publish","4":"has-post-thumbnail","6":"product_cat-teatro","8":"first","9":"instock","10":"product-type-simple"},"acf":{"autor":[77891],"enlace_de_compra":"https:\/\/www.amazon.es\/Epifan%C3%ADas-como-r%C3%A1fagas-viento-teatro\/dp\/8411813312\/ref=sr_1_1?__mk_es_ES=%C3%85M%C3%85%C5%BD%C3%95%C3%91&crid=3V81VQAUBCUYW&keywords=epifan%C3%ADa+como+r%C3%A1fagas+de+viento&qid=1705409288&s=digital-text&sprefix=epifan%C3%ADas+como+r%C3%A1fagas+de+viento%2Cdigital-text%2C84&sr=1-1-catcorr#detailBullets_feature_div"},"yoast_head":"<!-- This site is optimized with the Yoast SEO plugin v27.4 - https:\/\/yoast.com\/product\/yoast-seo-wordpress\/ -->\n<title>Epifan\u00edas como r\u00e1fagas de viento - Catalogo | Letrame Grupo Editorial<\/title>\n<meta name=\"robots\" content=\"index, follow, max-snippet:-1, max-image-preview:large, max-video-preview:-1\" \/>\n<link rel=\"canonical\" href=\"https:\/\/letrame.com\/catalogo\/producto\/epifanias-como-rafagas-de-viento\/\" \/>\n<meta property=\"og:locale\" content=\"es_ES\" \/>\n<meta property=\"og:type\" content=\"article\" \/>\n<meta property=\"og:title\" content=\"Epifan\u00edas como r\u00e1fagas de viento - Catalogo | Letrame Grupo Editorial\" \/>\n<meta property=\"og:description\" content=\"ISBN:\u00a0978-84-1181-331-0 SINOPSIS En estas epifan\u00edas, un factor incisivo, proveniente del azar, sirve de sorpresivo detonante para trastocar el devenir de la cotidianidad en cada una de las situaciones dram\u00e1ticas, como r\u00e1fagas inesperadas de viento que entretejen historias con los hilos del tiempo. Tiempos agitados que provocan cambios s\u00fabitos en la direcci\u00f3n cotidiana de los sucesos, en la vida y las relaciones aparentemente estables entre los personajes. Cuatro epifan\u00edas, que se materializan en cuatro textos de teatro de formato breve, conforman este abanico de relatos dram\u00e1ticos: Fuga intempestiva, Cacao sabanero, El Ni\u00f1o de la calle y Ba\u00fal siniestro. Estas obras, de dos y tres personajes, nos transportan a historias escondidas, a facetas ocultas, que son develadas por un suceso inesperado, algo que no obedece a los c\u00e1nones de la normalidad. Un trasunto por los m\u00e1rgenes y las fronteras entre lo permitido y lo prohibido, con la sutileza de lo ocasional que irrumpe en el sopor de la rutina. Eventos aparentemente cotidianos de los cuales emerge una informaci\u00f3n reveladora, una cat\u00e1strofe natural, una transformaci\u00f3n fisiol\u00f3gica, una encrucijada dom\u00e9stica o un comportamiento sospechoso, que revientan en los personajes el sentido repetitivo y acomodado de su realidad.\" \/>\n<meta property=\"og:url\" content=\"https:\/\/letrame.com\/catalogo\/producto\/epifanias-como-rafagas-de-viento\/\" \/>\n<meta property=\"og:site_name\" content=\"Catalogo | Letrame Grupo Editorial\" \/>\n<meta property=\"article:modified_time\" content=\"2024-04-29T14:42:15+00:00\" \/>\n<meta property=\"og:image\" content=\"https:\/\/letrame.com\/catalogo\/wp-content\/uploads\/2024\/04\/webepifanias_55mm-compressed.jpg\" \/>\n\t<meta property=\"og:image:width\" content=\"1772\" \/>\n\t<meta property=\"og:image:height\" content=\"2480\" \/>\n\t<meta property=\"og:image:type\" content=\"image\/jpeg\" \/>\n<meta name=\"twitter:card\" content=\"summary_large_image\" \/>\n<meta name=\"twitter:label1\" content=\"Tiempo de lectura\" \/>\n\t<meta name=\"twitter:data1\" content=\"1 minuto\" \/>\n<script type=\"application\/ld+json\" class=\"yoast-schema-graph\">{\"@context\":\"https:\\\/\\\/schema.org\",\"@graph\":[{\"@type\":\"WebPage\",\"@id\":\"https:\\\/\\\/letrame.com\\\/catalogo\\\/producto\\\/epifanias-como-rafagas-de-viento\\\/\",\"url\":\"https:\\\/\\\/letrame.com\\\/catalogo\\\/producto\\\/epifanias-como-rafagas-de-viento\\\/\",\"name\":\"Epifan\u00edas como r\u00e1fagas de viento - Catalogo | Letrame Grupo Editorial\",\"isPartOf\":{\"@id\":\"https:\\\/\\\/letrame.com\\\/catalogo\\\/#website\"},\"primaryImageOfPage\":{\"@id\":\"https:\\\/\\\/letrame.com\\\/catalogo\\\/producto\\\/epifanias-como-rafagas-de-viento\\\/#primaryimage\"},\"image\":{\"@id\":\"https:\\\/\\\/letrame.com\\\/catalogo\\\/producto\\\/epifanias-como-rafagas-de-viento\\\/#primaryimage\"},\"thumbnailUrl\":\"https:\\\/\\\/letrame.com\\\/catalogo\\\/wp-content\\\/uploads\\\/2024\\\/04\\\/webepifanias_55mm-compressed.jpg\",\"datePublished\":\"2024-04-29T14:41:48+00:00\",\"dateModified\":\"2024-04-29T14:42:15+00:00\",\"breadcrumb\":{\"@id\":\"https:\\\/\\\/letrame.com\\\/catalogo\\\/producto\\\/epifanias-como-rafagas-de-viento\\\/#breadcrumb\"},\"inLanguage\":\"es\",\"potentialAction\":[{\"@type\":\"ReadAction\",\"target\":[\"https:\\\/\\\/letrame.com\\\/catalogo\\\/producto\\\/epifanias-como-rafagas-de-viento\\\/\"]}]},{\"@type\":\"ImageObject\",\"inLanguage\":\"es\",\"@id\":\"https:\\\/\\\/letrame.com\\\/catalogo\\\/producto\\\/epifanias-como-rafagas-de-viento\\\/#primaryimage\",\"url\":\"https:\\\/\\\/letrame.com\\\/catalogo\\\/wp-content\\\/uploads\\\/2024\\\/04\\\/webepifanias_55mm-compressed.jpg\",\"contentUrl\":\"https:\\\/\\\/letrame.com\\\/catalogo\\\/wp-content\\\/uploads\\\/2024\\\/04\\\/webepifanias_55mm-compressed.jpg\",\"width\":1772,\"height\":2480},{\"@type\":\"BreadcrumbList\",\"@id\":\"https:\\\/\\\/letrame.com\\\/catalogo\\\/producto\\\/epifanias-como-rafagas-de-viento\\\/#breadcrumb\",\"itemListElement\":[{\"@type\":\"ListItem\",\"position\":1,\"name\":\"Portada\",\"item\":\"https:\\\/\\\/letrame.com\\\/catalogo\\\/\"},{\"@type\":\"ListItem\",\"position\":2,\"name\":\"Cat\u00e1logo\",\"item\":\"https:\\\/\\\/letrame.com\\\/catalogo\\\/\"},{\"@type\":\"ListItem\",\"position\":3,\"name\":\"Epifan\u00edas como r\u00e1fagas de viento\"}]},{\"@type\":\"WebSite\",\"@id\":\"https:\\\/\\\/letrame.com\\\/catalogo\\\/#website\",\"url\":\"https:\\\/\\\/letrame.com\\\/catalogo\\\/\",\"name\":\"Catalogo | Letrame Grupo Editorial\",\"description\":\"\",\"publisher\":{\"@id\":\"https:\\\/\\\/letrame.com\\\/catalogo\\\/#organization\"},\"potentialAction\":[{\"@type\":\"SearchAction\",\"target\":{\"@type\":\"EntryPoint\",\"urlTemplate\":\"https:\\\/\\\/letrame.com\\\/catalogo\\\/?s={search_term_string}\"},\"query-input\":{\"@type\":\"PropertyValueSpecification\",\"valueRequired\":true,\"valueName\":\"search_term_string\"}}],\"inLanguage\":\"es\"},{\"@type\":\"Organization\",\"@id\":\"https:\\\/\\\/letrame.com\\\/catalogo\\\/#organization\",\"name\":\"Catalogo | Letrame Grupo Editorial\",\"url\":\"https:\\\/\\\/letrame.com\\\/catalogo\\\/\",\"logo\":{\"@type\":\"ImageObject\",\"inLanguage\":\"es\",\"@id\":\"https:\\\/\\\/letrame.com\\\/catalogo\\\/#\\\/schema\\\/logo\\\/image\\\/\",\"url\":\"https:\\\/\\\/letrame.com\\\/catalogo\\\/wp-content\\\/uploads\\\/2024\\\/03\\\/logo2.webp\",\"contentUrl\":\"https:\\\/\\\/letrame.com\\\/catalogo\\\/wp-content\\\/uploads\\\/2024\\\/03\\\/logo2.webp\",\"width\":394,\"height\":128,\"caption\":\"Catalogo | Letrame Grupo Editorial\"},\"image\":{\"@id\":\"https:\\\/\\\/letrame.com\\\/catalogo\\\/#\\\/schema\\\/logo\\\/image\\\/\"}}]}<\/script>\n<!-- \/ Yoast SEO plugin. -->","yoast_head_json":{"title":"Epifan\u00edas como r\u00e1fagas de viento - Catalogo | Letrame Grupo Editorial","robots":{"index":"index","follow":"follow","max-snippet":"max-snippet:-1","max-image-preview":"max-image-preview:large","max-video-preview":"max-video-preview:-1"},"canonical":"https:\/\/letrame.com\/catalogo\/producto\/epifanias-como-rafagas-de-viento\/","og_locale":"es_ES","og_type":"article","og_title":"Epifan\u00edas como r\u00e1fagas de viento - Catalogo | Letrame Grupo Editorial","og_description":"ISBN:\u00a0978-84-1181-331-0 SINOPSIS En estas epifan\u00edas, un factor incisivo, proveniente del azar, sirve de sorpresivo detonante para trastocar el devenir de la cotidianidad en cada una de las situaciones dram\u00e1ticas, como r\u00e1fagas inesperadas de viento que entretejen historias con los hilos del tiempo. Tiempos agitados que provocan cambios s\u00fabitos en la direcci\u00f3n cotidiana de los sucesos, en la vida y las relaciones aparentemente estables entre los personajes. Cuatro epifan\u00edas, que se materializan en cuatro textos de teatro de formato breve, conforman este abanico de relatos dram\u00e1ticos: Fuga intempestiva, Cacao sabanero, El Ni\u00f1o de la calle y Ba\u00fal siniestro. Estas obras, de dos y tres personajes, nos transportan a historias escondidas, a facetas ocultas, que son develadas por un suceso inesperado, algo que no obedece a los c\u00e1nones de la normalidad. Un trasunto por los m\u00e1rgenes y las fronteras entre lo permitido y lo prohibido, con la sutileza de lo ocasional que irrumpe en el sopor de la rutina. Eventos aparentemente cotidianos de los cuales emerge una informaci\u00f3n reveladora, una cat\u00e1strofe natural, una transformaci\u00f3n fisiol\u00f3gica, una encrucijada dom\u00e9stica o un comportamiento sospechoso, que revientan en los personajes el sentido repetitivo y acomodado de su realidad.","og_url":"https:\/\/letrame.com\/catalogo\/producto\/epifanias-como-rafagas-de-viento\/","og_site_name":"Catalogo | Letrame Grupo Editorial","article_modified_time":"2024-04-29T14:42:15+00:00","og_image":[{"width":1772,"height":2480,"url":"https:\/\/letrame.com\/catalogo\/wp-content\/uploads\/2024\/04\/webepifanias_55mm-compressed.jpg","type":"image\/jpeg"}],"twitter_card":"summary_large_image","twitter_misc":{"Tiempo de lectura":"1 minuto"},"schema":{"@context":"https:\/\/schema.org","@graph":[{"@type":"WebPage","@id":"https:\/\/letrame.com\/catalogo\/producto\/epifanias-como-rafagas-de-viento\/","url":"https:\/\/letrame.com\/catalogo\/producto\/epifanias-como-rafagas-de-viento\/","name":"Epifan\u00edas como r\u00e1fagas de viento - Catalogo | Letrame Grupo Editorial","isPartOf":{"@id":"https:\/\/letrame.com\/catalogo\/#website"},"primaryImageOfPage":{"@id":"https:\/\/letrame.com\/catalogo\/producto\/epifanias-como-rafagas-de-viento\/#primaryimage"},"image":{"@id":"https:\/\/letrame.com\/catalogo\/producto\/epifanias-como-rafagas-de-viento\/#primaryimage"},"thumbnailUrl":"https:\/\/letrame.com\/catalogo\/wp-content\/uploads\/2024\/04\/webepifanias_55mm-compressed.jpg","datePublished":"2024-04-29T14:41:48+00:00","dateModified":"2024-04-29T14:42:15+00:00","breadcrumb":{"@id":"https:\/\/letrame.com\/catalogo\/producto\/epifanias-como-rafagas-de-viento\/#breadcrumb"},"inLanguage":"es","potentialAction":[{"@type":"ReadAction","target":["https:\/\/letrame.com\/catalogo\/producto\/epifanias-como-rafagas-de-viento\/"]}]},{"@type":"ImageObject","inLanguage":"es","@id":"https:\/\/letrame.com\/catalogo\/producto\/epifanias-como-rafagas-de-viento\/#primaryimage","url":"https:\/\/letrame.com\/catalogo\/wp-content\/uploads\/2024\/04\/webepifanias_55mm-compressed.jpg","contentUrl":"https:\/\/letrame.com\/catalogo\/wp-content\/uploads\/2024\/04\/webepifanias_55mm-compressed.jpg","width":1772,"height":2480},{"@type":"BreadcrumbList","@id":"https:\/\/letrame.com\/catalogo\/producto\/epifanias-como-rafagas-de-viento\/#breadcrumb","itemListElement":[{"@type":"ListItem","position":1,"name":"Portada","item":"https:\/\/letrame.com\/catalogo\/"},{"@type":"ListItem","position":2,"name":"Cat\u00e1logo","item":"https:\/\/letrame.com\/catalogo\/"},{"@type":"ListItem","position":3,"name":"Epifan\u00edas como r\u00e1fagas de viento"}]},{"@type":"WebSite","@id":"https:\/\/letrame.com\/catalogo\/#website","url":"https:\/\/letrame.com\/catalogo\/","name":"Catalogo | Letrame Grupo Editorial","description":"","publisher":{"@id":"https:\/\/letrame.com\/catalogo\/#organization"},"potentialAction":[{"@type":"SearchAction","target":{"@type":"EntryPoint","urlTemplate":"https:\/\/letrame.com\/catalogo\/?s={search_term_string}"},"query-input":{"@type":"PropertyValueSpecification","valueRequired":true,"valueName":"search_term_string"}}],"inLanguage":"es"},{"@type":"Organization","@id":"https:\/\/letrame.com\/catalogo\/#organization","name":"Catalogo | Letrame Grupo Editorial","url":"https:\/\/letrame.com\/catalogo\/","logo":{"@type":"ImageObject","inLanguage":"es","@id":"https:\/\/letrame.com\/catalogo\/#\/schema\/logo\/image\/","url":"https:\/\/letrame.com\/catalogo\/wp-content\/uploads\/2024\/03\/logo2.webp","contentUrl":"https:\/\/letrame.com\/catalogo\/wp-content\/uploads\/2024\/03\/logo2.webp","width":394,"height":128,"caption":"Catalogo | Letrame Grupo Editorial"},"image":{"@id":"https:\/\/letrame.com\/catalogo\/#\/schema\/logo\/image\/"}}]}},"_links":{"self":[{"href":"https:\/\/letrame.com\/catalogo\/wp-json\/wp\/v2\/product\/99596","targetHints":{"allow":["GET"]}}],"collection":[{"href":"https:\/\/letrame.com\/catalogo\/wp-json\/wp\/v2\/product"}],"about":[{"href":"https:\/\/letrame.com\/catalogo\/wp-json\/wp\/v2\/types\/product"}],"replies":[{"embeddable":true,"href":"https:\/\/letrame.com\/catalogo\/wp-json\/wp\/v2\/comments?post=99596"}],"acf:post":[{"embeddable":true,"href":"https:\/\/letrame.com\/catalogo\/wp-json\/wp\/v2\/author_book\/77891"}],"wp:featuredmedia":[{"embeddable":true,"href":"https:\/\/letrame.com\/catalogo\/wp-json\/wp\/v2\/media\/99597"}],"wp:attachment":[{"href":"https:\/\/letrame.com\/catalogo\/wp-json\/wp\/v2\/media?parent=99596"}],"wp:term":[{"taxonomy":"libro","embeddable":true,"href":"https:\/\/letrame.com\/catalogo\/wp-json\/wp\/v2\/libro?post=99596"},{"taxonomy":"product_brand","embeddable":true,"href":"https:\/\/letrame.com\/catalogo\/wp-json\/wp\/v2\/product_brand?post=99596"},{"taxonomy":"product_cat","embeddable":true,"href":"https:\/\/letrame.com\/catalogo\/wp-json\/wp\/v2\/product_cat?post=99596"},{"taxonomy":"product_tag","embeddable":true,"href":"https:\/\/letrame.com\/catalogo\/wp-json\/wp\/v2\/product_tag?post=99596"}],"curies":[{"name":"wp","href":"https:\/\/api.w.org\/{rel}","templated":true}]}}