{"id":99583,"date":"2024-04-29T16:40:16","date_gmt":"2024-04-29T14:40:16","guid":{"rendered":"https:\/\/letrame.com\/catalogo\/producto\/impostores-natos\/"},"modified":"2024-04-29T16:40:29","modified_gmt":"2024-04-29T14:40:29","slug":"impostores-natos","status":"publish","type":"product","link":"https:\/\/letrame.com\/catalogo\/producto\/impostores-natos\/","title":{"rendered":"Impostores natos"},"content":{"rendered":"<p>ISBN: 978-84-1181-813-1\u00a0<\/p>\n<p>T\u00edtulo:_Impostores natos<\/p>\n<p>Fecha:_2023<\/p>\n<p>P\u00e1ginas:\u00a0562<\/p>\n<p>SINOPSIS: Un polic\u00eda llega a la finca de un traficante de drogas para investigar la presunta violaci\u00f3n de su hija. Pronto descubrir\u00e1 que la chica, aparentemente mimada por la vida, tiene un pasado dif\u00edcil que su padre ha conseguido ocultar. Su personalidad, su forma de vivir y su sensualidad le atrapar\u00e1n de inmediato, y saber m\u00e1s sobre su misterioso pasado har\u00e1 huir a sus propios demonios durante un tiempo. Hasta que su investigaci\u00f3n clandestina remueva recuerdos y traiga consecuencias que cambiar\u00e1n la vida de los habitantes de la casa. Y la suya, tambi\u00e9n.<br \/>\nRelaciones secretas, verg\u00fcenzas inconfesables, investigaciones alegales\u2026 Los di\u00e1logos construyen la relaci\u00f3n entre unos personajes que no son lo que parecen y que casi nunca dicen lo que querr\u00edan decir.<\/p>\n","protected":false},"excerpt":{"rendered":"<p>ISBN: 978-84-1181-813-1<\/p>\n<p>SINOPSIS: Un polic\u00eda llega a la finca de un traficante de drogas para investigar la presunta violaci\u00f3n de su hija. Pronto descubrir\u00e1 que la chica, aparentemente mimada por la vida, tiene un pasado dif\u00edcil que su padre ha conseguido ocultar. Su personalidad, su forma de vivir y su sensualidad le atrapar\u00e1n de inmediato, y saber m\u00e1s sobre su misterioso pasado har\u00e1 huir a sus propios demonios durante un tiempo. Hasta que su investigaci\u00f3n clandestina remueva recuerdos y traiga consecuencias que cambiar\u00e1n la vida de los habitantes de la casa. Y la suya, tambi\u00e9n.<br \/>\nRelaciones secretas, verg\u00fcenzas inconfesables, investigaciones alegales\u2026 Los di\u00e1logos construyen la relaci\u00f3n entre unos personajes que no son lo que parecen y que casi nunca dicen lo que querr\u00edan decir.<\/p>\n","protected":false},"featured_media":99584,"comment_status":"closed","ping_status":"open","template":"","meta":{"_acf_changed":false},"libro":[],"product_brand":[],"product_cat":[16],"product_tag":[],"class_list":{"0":"post-99583","1":"product","2":"type-product","3":"status-publish","4":"has-post-thumbnail","6":"product_cat-novela","8":"first","9":"instock","10":"product-type-simple"},"acf":{"autor":[77882],"enlace_de_compra":"https:\/\/www.amazon.es\/Impostores-natos-Vol-Perfe-Gil-ebook\/dp\/B0CJ5DJZFB"},"yoast_head":"<!-- This site is optimized with the Yoast SEO plugin v27.4 - https:\/\/yoast.com\/product\/yoast-seo-wordpress\/ -->\n<title>Impostores natos - Catalogo | Letrame Grupo Editorial<\/title>\n<meta name=\"robots\" content=\"index, follow, max-snippet:-1, max-image-preview:large, max-video-preview:-1\" \/>\n<link rel=\"canonical\" href=\"https:\/\/letrame.com\/catalogo\/producto\/impostores-natos\/\" \/>\n<meta property=\"og:locale\" content=\"es_ES\" \/>\n<meta property=\"og:type\" content=\"article\" \/>\n<meta property=\"og:title\" content=\"Impostores natos - Catalogo | Letrame Grupo Editorial\" \/>\n<meta property=\"og:description\" content=\"ISBN: 978-84-1181-813-1 SINOPSIS: Un polic\u00eda llega a la finca de un traficante de drogas para investigar la presunta violaci\u00f3n de su hija. Pronto descubrir\u00e1 que la chica, aparentemente mimada por la vida, tiene un pasado dif\u00edcil que su padre ha conseguido ocultar. Su personalidad, su forma de vivir y su sensualidad le atrapar\u00e1n de inmediato, y saber m\u00e1s sobre su misterioso pasado har\u00e1 huir a sus propios demonios durante un tiempo. Hasta que su investigaci\u00f3n clandestina remueva recuerdos y traiga consecuencias que cambiar\u00e1n la vida de los habitantes de la casa. Y la suya, tambi\u00e9n. Relaciones secretas, verg\u00fcenzas inconfesables, investigaciones alegales\u2026 Los di\u00e1logos construyen la relaci\u00f3n entre unos personajes que no son lo que parecen y que casi nunca dicen lo que querr\u00edan decir.\" \/>\n<meta property=\"og:url\" content=\"https:\/\/letrame.com\/catalogo\/producto\/impostores-natos\/\" \/>\n<meta property=\"og:site_name\" content=\"Catalogo | Letrame Grupo Editorial\" \/>\n<meta property=\"article:modified_time\" content=\"2024-04-29T14:40:29+00:00\" \/>\n<meta property=\"og:image\" content=\"https:\/\/letrame.com\/catalogo\/wp-content\/uploads\/2024\/04\/impostoresnatos_ebookb-compressed-scaled-1.jpg\" \/>\n\t<meta property=\"og:image:width\" content=\"1813\" \/>\n\t<meta property=\"og:image:height\" content=\"2560\" \/>\n\t<meta property=\"og:image:type\" content=\"image\/jpeg\" \/>\n<meta name=\"twitter:card\" content=\"summary_large_image\" \/>\n<meta name=\"twitter:label1\" content=\"Tiempo de lectura\" \/>\n\t<meta name=\"twitter:data1\" content=\"1 minuto\" \/>\n<script type=\"application\/ld+json\" class=\"yoast-schema-graph\">{\"@context\":\"https:\\\/\\\/schema.org\",\"@graph\":[{\"@type\":\"WebPage\",\"@id\":\"https:\\\/\\\/letrame.com\\\/catalogo\\\/producto\\\/impostores-natos\\\/\",\"url\":\"https:\\\/\\\/letrame.com\\\/catalogo\\\/producto\\\/impostores-natos\\\/\",\"name\":\"Impostores natos - Catalogo | Letrame Grupo Editorial\",\"isPartOf\":{\"@id\":\"https:\\\/\\\/letrame.com\\\/catalogo\\\/#website\"},\"primaryImageOfPage\":{\"@id\":\"https:\\\/\\\/letrame.com\\\/catalogo\\\/producto\\\/impostores-natos\\\/#primaryimage\"},\"image\":{\"@id\":\"https:\\\/\\\/letrame.com\\\/catalogo\\\/producto\\\/impostores-natos\\\/#primaryimage\"},\"thumbnailUrl\":\"https:\\\/\\\/letrame.com\\\/catalogo\\\/wp-content\\\/uploads\\\/2024\\\/04\\\/impostoresnatos_ebookb-compressed-scaled-1.jpg\",\"datePublished\":\"2024-04-29T14:40:16+00:00\",\"dateModified\":\"2024-04-29T14:40:29+00:00\",\"breadcrumb\":{\"@id\":\"https:\\\/\\\/letrame.com\\\/catalogo\\\/producto\\\/impostores-natos\\\/#breadcrumb\"},\"inLanguage\":\"es\",\"potentialAction\":[{\"@type\":\"ReadAction\",\"target\":[\"https:\\\/\\\/letrame.com\\\/catalogo\\\/producto\\\/impostores-natos\\\/\"]}]},{\"@type\":\"ImageObject\",\"inLanguage\":\"es\",\"@id\":\"https:\\\/\\\/letrame.com\\\/catalogo\\\/producto\\\/impostores-natos\\\/#primaryimage\",\"url\":\"https:\\\/\\\/letrame.com\\\/catalogo\\\/wp-content\\\/uploads\\\/2024\\\/04\\\/impostoresnatos_ebookb-compressed-scaled-1.jpg\",\"contentUrl\":\"https:\\\/\\\/letrame.com\\\/catalogo\\\/wp-content\\\/uploads\\\/2024\\\/04\\\/impostoresnatos_ebookb-compressed-scaled-1.jpg\",\"width\":1813,\"height\":2560},{\"@type\":\"BreadcrumbList\",\"@id\":\"https:\\\/\\\/letrame.com\\\/catalogo\\\/producto\\\/impostores-natos\\\/#breadcrumb\",\"itemListElement\":[{\"@type\":\"ListItem\",\"position\":1,\"name\":\"Portada\",\"item\":\"https:\\\/\\\/letrame.com\\\/catalogo\\\/\"},{\"@type\":\"ListItem\",\"position\":2,\"name\":\"Cat\u00e1logo\",\"item\":\"https:\\\/\\\/letrame.com\\\/catalogo\\\/\"},{\"@type\":\"ListItem\",\"position\":3,\"name\":\"Impostores natos\"}]},{\"@type\":\"WebSite\",\"@id\":\"https:\\\/\\\/letrame.com\\\/catalogo\\\/#website\",\"url\":\"https:\\\/\\\/letrame.com\\\/catalogo\\\/\",\"name\":\"Catalogo | Letrame Grupo Editorial\",\"description\":\"\",\"publisher\":{\"@id\":\"https:\\\/\\\/letrame.com\\\/catalogo\\\/#organization\"},\"potentialAction\":[{\"@type\":\"SearchAction\",\"target\":{\"@type\":\"EntryPoint\",\"urlTemplate\":\"https:\\\/\\\/letrame.com\\\/catalogo\\\/?s={search_term_string}\"},\"query-input\":{\"@type\":\"PropertyValueSpecification\",\"valueRequired\":true,\"valueName\":\"search_term_string\"}}],\"inLanguage\":\"es\"},{\"@type\":\"Organization\",\"@id\":\"https:\\\/\\\/letrame.com\\\/catalogo\\\/#organization\",\"name\":\"Catalogo | Letrame Grupo Editorial\",\"url\":\"https:\\\/\\\/letrame.com\\\/catalogo\\\/\",\"logo\":{\"@type\":\"ImageObject\",\"inLanguage\":\"es\",\"@id\":\"https:\\\/\\\/letrame.com\\\/catalogo\\\/#\\\/schema\\\/logo\\\/image\\\/\",\"url\":\"https:\\\/\\\/letrame.com\\\/catalogo\\\/wp-content\\\/uploads\\\/2024\\\/03\\\/logo2.webp\",\"contentUrl\":\"https:\\\/\\\/letrame.com\\\/catalogo\\\/wp-content\\\/uploads\\\/2024\\\/03\\\/logo2.webp\",\"width\":394,\"height\":128,\"caption\":\"Catalogo | Letrame Grupo Editorial\"},\"image\":{\"@id\":\"https:\\\/\\\/letrame.com\\\/catalogo\\\/#\\\/schema\\\/logo\\\/image\\\/\"}}]}<\/script>\n<!-- \/ Yoast SEO plugin. -->","yoast_head_json":{"title":"Impostores natos - Catalogo | Letrame Grupo Editorial","robots":{"index":"index","follow":"follow","max-snippet":"max-snippet:-1","max-image-preview":"max-image-preview:large","max-video-preview":"max-video-preview:-1"},"canonical":"https:\/\/letrame.com\/catalogo\/producto\/impostores-natos\/","og_locale":"es_ES","og_type":"article","og_title":"Impostores natos - Catalogo | Letrame Grupo Editorial","og_description":"ISBN: 978-84-1181-813-1 SINOPSIS: Un polic\u00eda llega a la finca de un traficante de drogas para investigar la presunta violaci\u00f3n de su hija. Pronto descubrir\u00e1 que la chica, aparentemente mimada por la vida, tiene un pasado dif\u00edcil que su padre ha conseguido ocultar. Su personalidad, su forma de vivir y su sensualidad le atrapar\u00e1n de inmediato, y saber m\u00e1s sobre su misterioso pasado har\u00e1 huir a sus propios demonios durante un tiempo. Hasta que su investigaci\u00f3n clandestina remueva recuerdos y traiga consecuencias que cambiar\u00e1n la vida de los habitantes de la casa. Y la suya, tambi\u00e9n. Relaciones secretas, verg\u00fcenzas inconfesables, investigaciones alegales\u2026 Los di\u00e1logos construyen la relaci\u00f3n entre unos personajes que no son lo que parecen y que casi nunca dicen lo que querr\u00edan decir.","og_url":"https:\/\/letrame.com\/catalogo\/producto\/impostores-natos\/","og_site_name":"Catalogo | Letrame Grupo Editorial","article_modified_time":"2024-04-29T14:40:29+00:00","og_image":[{"width":1813,"height":2560,"url":"https:\/\/letrame.com\/catalogo\/wp-content\/uploads\/2024\/04\/impostoresnatos_ebookb-compressed-scaled-1.jpg","type":"image\/jpeg"}],"twitter_card":"summary_large_image","twitter_misc":{"Tiempo de lectura":"1 minuto"},"schema":{"@context":"https:\/\/schema.org","@graph":[{"@type":"WebPage","@id":"https:\/\/letrame.com\/catalogo\/producto\/impostores-natos\/","url":"https:\/\/letrame.com\/catalogo\/producto\/impostores-natos\/","name":"Impostores natos - Catalogo | Letrame Grupo Editorial","isPartOf":{"@id":"https:\/\/letrame.com\/catalogo\/#website"},"primaryImageOfPage":{"@id":"https:\/\/letrame.com\/catalogo\/producto\/impostores-natos\/#primaryimage"},"image":{"@id":"https:\/\/letrame.com\/catalogo\/producto\/impostores-natos\/#primaryimage"},"thumbnailUrl":"https:\/\/letrame.com\/catalogo\/wp-content\/uploads\/2024\/04\/impostoresnatos_ebookb-compressed-scaled-1.jpg","datePublished":"2024-04-29T14:40:16+00:00","dateModified":"2024-04-29T14:40:29+00:00","breadcrumb":{"@id":"https:\/\/letrame.com\/catalogo\/producto\/impostores-natos\/#breadcrumb"},"inLanguage":"es","potentialAction":[{"@type":"ReadAction","target":["https:\/\/letrame.com\/catalogo\/producto\/impostores-natos\/"]}]},{"@type":"ImageObject","inLanguage":"es","@id":"https:\/\/letrame.com\/catalogo\/producto\/impostores-natos\/#primaryimage","url":"https:\/\/letrame.com\/catalogo\/wp-content\/uploads\/2024\/04\/impostoresnatos_ebookb-compressed-scaled-1.jpg","contentUrl":"https:\/\/letrame.com\/catalogo\/wp-content\/uploads\/2024\/04\/impostoresnatos_ebookb-compressed-scaled-1.jpg","width":1813,"height":2560},{"@type":"BreadcrumbList","@id":"https:\/\/letrame.com\/catalogo\/producto\/impostores-natos\/#breadcrumb","itemListElement":[{"@type":"ListItem","position":1,"name":"Portada","item":"https:\/\/letrame.com\/catalogo\/"},{"@type":"ListItem","position":2,"name":"Cat\u00e1logo","item":"https:\/\/letrame.com\/catalogo\/"},{"@type":"ListItem","position":3,"name":"Impostores natos"}]},{"@type":"WebSite","@id":"https:\/\/letrame.com\/catalogo\/#website","url":"https:\/\/letrame.com\/catalogo\/","name":"Catalogo | Letrame Grupo Editorial","description":"","publisher":{"@id":"https:\/\/letrame.com\/catalogo\/#organization"},"potentialAction":[{"@type":"SearchAction","target":{"@type":"EntryPoint","urlTemplate":"https:\/\/letrame.com\/catalogo\/?s={search_term_string}"},"query-input":{"@type":"PropertyValueSpecification","valueRequired":true,"valueName":"search_term_string"}}],"inLanguage":"es"},{"@type":"Organization","@id":"https:\/\/letrame.com\/catalogo\/#organization","name":"Catalogo | Letrame Grupo Editorial","url":"https:\/\/letrame.com\/catalogo\/","logo":{"@type":"ImageObject","inLanguage":"es","@id":"https:\/\/letrame.com\/catalogo\/#\/schema\/logo\/image\/","url":"https:\/\/letrame.com\/catalogo\/wp-content\/uploads\/2024\/03\/logo2.webp","contentUrl":"https:\/\/letrame.com\/catalogo\/wp-content\/uploads\/2024\/03\/logo2.webp","width":394,"height":128,"caption":"Catalogo | Letrame Grupo Editorial"},"image":{"@id":"https:\/\/letrame.com\/catalogo\/#\/schema\/logo\/image\/"}}]}},"_links":{"self":[{"href":"https:\/\/letrame.com\/catalogo\/wp-json\/wp\/v2\/product\/99583","targetHints":{"allow":["GET"]}}],"collection":[{"href":"https:\/\/letrame.com\/catalogo\/wp-json\/wp\/v2\/product"}],"about":[{"href":"https:\/\/letrame.com\/catalogo\/wp-json\/wp\/v2\/types\/product"}],"replies":[{"embeddable":true,"href":"https:\/\/letrame.com\/catalogo\/wp-json\/wp\/v2\/comments?post=99583"}],"acf:post":[{"embeddable":true,"href":"https:\/\/letrame.com\/catalogo\/wp-json\/wp\/v2\/author_book\/77882"}],"wp:featuredmedia":[{"embeddable":true,"href":"https:\/\/letrame.com\/catalogo\/wp-json\/wp\/v2\/media\/99584"}],"wp:attachment":[{"href":"https:\/\/letrame.com\/catalogo\/wp-json\/wp\/v2\/media?parent=99583"}],"wp:term":[{"taxonomy":"libro","embeddable":true,"href":"https:\/\/letrame.com\/catalogo\/wp-json\/wp\/v2\/libro?post=99583"},{"taxonomy":"product_brand","embeddable":true,"href":"https:\/\/letrame.com\/catalogo\/wp-json\/wp\/v2\/product_brand?post=99583"},{"taxonomy":"product_cat","embeddable":true,"href":"https:\/\/letrame.com\/catalogo\/wp-json\/wp\/v2\/product_cat?post=99583"},{"taxonomy":"product_tag","embeddable":true,"href":"https:\/\/letrame.com\/catalogo\/wp-json\/wp\/v2\/product_tag?post=99583"}],"curies":[{"name":"wp","href":"https:\/\/api.w.org\/{rel}","templated":true}]}}