{"id":99581,"date":"2024-04-29T16:40:16","date_gmt":"2024-04-29T14:40:16","guid":{"rendered":"https:\/\/letrame.com\/catalogo\/producto\/las-cronicas-del-clima-descubriendo-el-libro-de-gaya\/"},"modified":"2024-07-30T09:31:21","modified_gmt":"2024-07-30T07:31:21","slug":"las-cronicas-del-clima-descubriendo-el-libro-de-gaya","status":"publish","type":"product","link":"https:\/\/letrame.com\/catalogo\/producto\/las-cronicas-del-clima-descubriendo-el-libro-de-gaya\/","title":{"rendered":"Las cr\u00f3nicas del clima descubriendo el libro de Gaya"},"content":{"rendered":"<p><strong>ISBN<\/strong>: 978-84-1181-681-6<\/p>\n<p><strong>T\u00edtulo<\/strong>: LAS CR\u00d3NICAS DEL CLIMA DESCUBRIENDO EL LIBRO DE GAYA<\/p>\n<p><strong>Fecha<\/strong>: 2023<br \/>\n<strong>P\u00e1ginas<\/strong>: 118<\/p>\n<p><strong>SINOPSIS<\/strong><\/p>\n<p>Conoce a Lorenz y Rachel, dos j\u00f3venes y valientes estudiantes, y emb\u00e1rcate con ellos en una aventura \u00e9pica, llena de acci\u00f3n, sorpresas y criaturas incre\u00edbles, en busca del equilibrio del clima del planeta y, lo m\u00e1s importante, del rescate de nuestra humanidad.<\/p>\n","protected":false},"excerpt":{"rendered":"<p><strong>T\u00edtulo<\/strong>: LAS CR\u00d3NICAS DEL CLIMA DESCUBRIENDO EL LIBRO DE GAYA<\/p>\n<p><strong>ISBN<\/strong>: 978-84-1181-681-6<\/p>\n<p><strong>SINOPSIS<\/strong><\/p>\n<p>Conoce a Lorenz y Rachel, dos j\u00f3venes y valientes estudiantes, y emb\u00e1rcate con ellos en una aventura \u00e9pica, llena de acci\u00f3n, sorpresas y criaturas incre\u00edbles, en busca del equilibrio del clima del planeta y, lo m\u00e1s importante, del rescate de nuestra humanidad.<\/p>\n","protected":false},"featured_media":99582,"comment_status":"closed","ping_status":"closed","template":"","meta":{"_acf_changed":false},"libro":[],"product_brand":[],"product_cat":[16,26],"product_tag":[],"class_list":{"0":"post-99581","1":"product","2":"type-product","3":"status-publish","4":"has-post-thumbnail","6":"product_cat-novela","7":"product_cat-sin-categoria","9":"first","10":"instock","11":"product-type-simple"},"acf":{"autor":[77880],"enlace_de_compra":"https:\/\/amzn.to\/3WkbDEa"},"yoast_head":"<!-- This site is optimized with the Yoast SEO plugin v26.6 - https:\/\/yoast.com\/wordpress\/plugins\/seo\/ -->\n<title>Las cr\u00f3nicas del clima descubriendo el libro de Gaya - Catalogo | Letrame Grupo Editorial<\/title>\n<meta name=\"robots\" content=\"index, follow, max-snippet:-1, max-image-preview:large, max-video-preview:-1\" \/>\n<link rel=\"canonical\" href=\"https:\/\/letrame.com\/catalogo\/producto\/las-cronicas-del-clima-descubriendo-el-libro-de-gaya\/\" \/>\n<meta property=\"og:locale\" content=\"es_ES\" \/>\n<meta property=\"og:type\" content=\"article\" \/>\n<meta property=\"og:title\" content=\"Las cr\u00f3nicas del clima descubriendo el libro de Gaya - Catalogo | Letrame Grupo Editorial\" \/>\n<meta property=\"og:description\" content=\"T\u00edtulo: LAS CR\u00d3NICAS DEL CLIMA DESCUBRIENDO EL LIBRO DE GAYA  ISBN: 978-84-1181-681-6  SINOPSIS  Conoce a Lorenz y Rachel, dos j\u00f3venes y valientes estudiantes, y emb\u00e1rcate con ellos en una aventura \u00e9pica, llena de acci\u00f3n, sorpresas y criaturas incre\u00edbles, en busca del equilibrio del clima del planeta y, lo m\u00e1s importante, del rescate de nuestra humanidad.\" \/>\n<meta property=\"og:url\" content=\"https:\/\/letrame.com\/catalogo\/producto\/las-cronicas-del-clima-descubriendo-el-libro-de-gaya\/\" \/>\n<meta property=\"og:site_name\" content=\"Catalogo | Letrame Grupo Editorial\" \/>\n<meta property=\"article:modified_time\" content=\"2024-07-30T07:31:21+00:00\" \/>\n<meta property=\"og:image\" content=\"https:\/\/letrame.com\/catalogo\/wp-content\/uploads\/2024\/04\/webp_lascronicasdelclima_728mm-compressed-scaled-1.jpg\" \/>\n\t<meta property=\"og:image:width\" content=\"1781\" \/>\n\t<meta property=\"og:image:height\" content=\"2560\" \/>\n\t<meta property=\"og:image:type\" content=\"image\/jpeg\" \/>\n<meta name=\"twitter:card\" content=\"summary_large_image\" \/>\n<meta name=\"twitter:label1\" content=\"Tiempo de lectura\" \/>\n\t<meta name=\"twitter:data1\" content=\"1 minuto\" \/>\n<script type=\"application\/ld+json\" class=\"yoast-schema-graph\">{\"@context\":\"https:\/\/schema.org\",\"@graph\":[{\"@type\":\"WebPage\",\"@id\":\"https:\/\/letrame.com\/catalogo\/producto\/las-cronicas-del-clima-descubriendo-el-libro-de-gaya\/\",\"url\":\"https:\/\/letrame.com\/catalogo\/producto\/las-cronicas-del-clima-descubriendo-el-libro-de-gaya\/\",\"name\":\"Las cr\u00f3nicas del clima descubriendo el libro de Gaya - Catalogo | Letrame Grupo Editorial\",\"isPartOf\":{\"@id\":\"https:\/\/letrame.com\/catalogo\/#website\"},\"primaryImageOfPage\":{\"@id\":\"https:\/\/letrame.com\/catalogo\/producto\/las-cronicas-del-clima-descubriendo-el-libro-de-gaya\/#primaryimage\"},\"image\":{\"@id\":\"https:\/\/letrame.com\/catalogo\/producto\/las-cronicas-del-clima-descubriendo-el-libro-de-gaya\/#primaryimage\"},\"thumbnailUrl\":\"https:\/\/letrame.com\/catalogo\/wp-content\/uploads\/2024\/04\/webp_lascronicasdelclima_728mm-compressed-scaled-1.jpg\",\"datePublished\":\"2024-04-29T14:40:16+00:00\",\"dateModified\":\"2024-07-30T07:31:21+00:00\",\"breadcrumb\":{\"@id\":\"https:\/\/letrame.com\/catalogo\/producto\/las-cronicas-del-clima-descubriendo-el-libro-de-gaya\/#breadcrumb\"},\"inLanguage\":\"es\",\"potentialAction\":[{\"@type\":\"ReadAction\",\"target\":[\"https:\/\/letrame.com\/catalogo\/producto\/las-cronicas-del-clima-descubriendo-el-libro-de-gaya\/\"]}]},{\"@type\":\"ImageObject\",\"inLanguage\":\"es\",\"@id\":\"https:\/\/letrame.com\/catalogo\/producto\/las-cronicas-del-clima-descubriendo-el-libro-de-gaya\/#primaryimage\",\"url\":\"https:\/\/letrame.com\/catalogo\/wp-content\/uploads\/2024\/04\/webp_lascronicasdelclima_728mm-compressed-scaled-1.jpg\",\"contentUrl\":\"https:\/\/letrame.com\/catalogo\/wp-content\/uploads\/2024\/04\/webp_lascronicasdelclima_728mm-compressed-scaled-1.jpg\",\"width\":1781,\"height\":2560},{\"@type\":\"BreadcrumbList\",\"@id\":\"https:\/\/letrame.com\/catalogo\/producto\/las-cronicas-del-clima-descubriendo-el-libro-de-gaya\/#breadcrumb\",\"itemListElement\":[{\"@type\":\"ListItem\",\"position\":1,\"name\":\"Portada\",\"item\":\"https:\/\/letrame.com\/catalogo\/\"},{\"@type\":\"ListItem\",\"position\":2,\"name\":\"Cat\u00e1logo\",\"item\":\"https:\/\/letrame.com\/catalogo\/\"},{\"@type\":\"ListItem\",\"position\":3,\"name\":\"Las cr\u00f3nicas del clima descubriendo el libro de Gaya\"}]},{\"@type\":\"WebSite\",\"@id\":\"https:\/\/letrame.com\/catalogo\/#website\",\"url\":\"https:\/\/letrame.com\/catalogo\/\",\"name\":\"Catalogo | Letrame Grupo Editorial\",\"description\":\"\",\"publisher\":{\"@id\":\"https:\/\/letrame.com\/catalogo\/#organization\"},\"potentialAction\":[{\"@type\":\"SearchAction\",\"target\":{\"@type\":\"EntryPoint\",\"urlTemplate\":\"https:\/\/letrame.com\/catalogo\/?s={search_term_string}\"},\"query-input\":{\"@type\":\"PropertyValueSpecification\",\"valueRequired\":true,\"valueName\":\"search_term_string\"}}],\"inLanguage\":\"es\"},{\"@type\":\"Organization\",\"@id\":\"https:\/\/letrame.com\/catalogo\/#organization\",\"name\":\"Catalogo | Letrame Grupo Editorial\",\"url\":\"https:\/\/letrame.com\/catalogo\/\",\"logo\":{\"@type\":\"ImageObject\",\"inLanguage\":\"es\",\"@id\":\"https:\/\/letrame.com\/catalogo\/#\/schema\/logo\/image\/\",\"url\":\"https:\/\/letrame.com\/catalogo\/wp-content\/uploads\/2024\/03\/logo2.webp\",\"contentUrl\":\"https:\/\/letrame.com\/catalogo\/wp-content\/uploads\/2024\/03\/logo2.webp\",\"width\":394,\"height\":128,\"caption\":\"Catalogo | Letrame Grupo Editorial\"},\"image\":{\"@id\":\"https:\/\/letrame.com\/catalogo\/#\/schema\/logo\/image\/\"}}]}<\/script>\n<!-- \/ Yoast SEO plugin. -->","yoast_head_json":{"title":"Las cr\u00f3nicas del clima descubriendo el libro de Gaya - Catalogo | Letrame Grupo Editorial","robots":{"index":"index","follow":"follow","max-snippet":"max-snippet:-1","max-image-preview":"max-image-preview:large","max-video-preview":"max-video-preview:-1"},"canonical":"https:\/\/letrame.com\/catalogo\/producto\/las-cronicas-del-clima-descubriendo-el-libro-de-gaya\/","og_locale":"es_ES","og_type":"article","og_title":"Las cr\u00f3nicas del clima descubriendo el libro de Gaya - Catalogo | Letrame Grupo Editorial","og_description":"T\u00edtulo: LAS CR\u00d3NICAS DEL CLIMA DESCUBRIENDO EL LIBRO DE GAYA  ISBN: 978-84-1181-681-6  SINOPSIS  Conoce a Lorenz y Rachel, dos j\u00f3venes y valientes estudiantes, y emb\u00e1rcate con ellos en una aventura \u00e9pica, llena de acci\u00f3n, sorpresas y criaturas incre\u00edbles, en busca del equilibrio del clima del planeta y, lo m\u00e1s importante, del rescate de nuestra humanidad.","og_url":"https:\/\/letrame.com\/catalogo\/producto\/las-cronicas-del-clima-descubriendo-el-libro-de-gaya\/","og_site_name":"Catalogo | Letrame Grupo Editorial","article_modified_time":"2024-07-30T07:31:21+00:00","og_image":[{"width":1781,"height":2560,"url":"https:\/\/letrame.com\/catalogo\/wp-content\/uploads\/2024\/04\/webp_lascronicasdelclima_728mm-compressed-scaled-1.jpg","type":"image\/jpeg"}],"twitter_card":"summary_large_image","twitter_misc":{"Tiempo de lectura":"1 minuto"},"schema":{"@context":"https:\/\/schema.org","@graph":[{"@type":"WebPage","@id":"https:\/\/letrame.com\/catalogo\/producto\/las-cronicas-del-clima-descubriendo-el-libro-de-gaya\/","url":"https:\/\/letrame.com\/catalogo\/producto\/las-cronicas-del-clima-descubriendo-el-libro-de-gaya\/","name":"Las cr\u00f3nicas del clima descubriendo el libro de Gaya - Catalogo | Letrame Grupo Editorial","isPartOf":{"@id":"https:\/\/letrame.com\/catalogo\/#website"},"primaryImageOfPage":{"@id":"https:\/\/letrame.com\/catalogo\/producto\/las-cronicas-del-clima-descubriendo-el-libro-de-gaya\/#primaryimage"},"image":{"@id":"https:\/\/letrame.com\/catalogo\/producto\/las-cronicas-del-clima-descubriendo-el-libro-de-gaya\/#primaryimage"},"thumbnailUrl":"https:\/\/letrame.com\/catalogo\/wp-content\/uploads\/2024\/04\/webp_lascronicasdelclima_728mm-compressed-scaled-1.jpg","datePublished":"2024-04-29T14:40:16+00:00","dateModified":"2024-07-30T07:31:21+00:00","breadcrumb":{"@id":"https:\/\/letrame.com\/catalogo\/producto\/las-cronicas-del-clima-descubriendo-el-libro-de-gaya\/#breadcrumb"},"inLanguage":"es","potentialAction":[{"@type":"ReadAction","target":["https:\/\/letrame.com\/catalogo\/producto\/las-cronicas-del-clima-descubriendo-el-libro-de-gaya\/"]}]},{"@type":"ImageObject","inLanguage":"es","@id":"https:\/\/letrame.com\/catalogo\/producto\/las-cronicas-del-clima-descubriendo-el-libro-de-gaya\/#primaryimage","url":"https:\/\/letrame.com\/catalogo\/wp-content\/uploads\/2024\/04\/webp_lascronicasdelclima_728mm-compressed-scaled-1.jpg","contentUrl":"https:\/\/letrame.com\/catalogo\/wp-content\/uploads\/2024\/04\/webp_lascronicasdelclima_728mm-compressed-scaled-1.jpg","width":1781,"height":2560},{"@type":"BreadcrumbList","@id":"https:\/\/letrame.com\/catalogo\/producto\/las-cronicas-del-clima-descubriendo-el-libro-de-gaya\/#breadcrumb","itemListElement":[{"@type":"ListItem","position":1,"name":"Portada","item":"https:\/\/letrame.com\/catalogo\/"},{"@type":"ListItem","position":2,"name":"Cat\u00e1logo","item":"https:\/\/letrame.com\/catalogo\/"},{"@type":"ListItem","position":3,"name":"Las cr\u00f3nicas del clima descubriendo el libro de Gaya"}]},{"@type":"WebSite","@id":"https:\/\/letrame.com\/catalogo\/#website","url":"https:\/\/letrame.com\/catalogo\/","name":"Catalogo | Letrame Grupo Editorial","description":"","publisher":{"@id":"https:\/\/letrame.com\/catalogo\/#organization"},"potentialAction":[{"@type":"SearchAction","target":{"@type":"EntryPoint","urlTemplate":"https:\/\/letrame.com\/catalogo\/?s={search_term_string}"},"query-input":{"@type":"PropertyValueSpecification","valueRequired":true,"valueName":"search_term_string"}}],"inLanguage":"es"},{"@type":"Organization","@id":"https:\/\/letrame.com\/catalogo\/#organization","name":"Catalogo | Letrame Grupo Editorial","url":"https:\/\/letrame.com\/catalogo\/","logo":{"@type":"ImageObject","inLanguage":"es","@id":"https:\/\/letrame.com\/catalogo\/#\/schema\/logo\/image\/","url":"https:\/\/letrame.com\/catalogo\/wp-content\/uploads\/2024\/03\/logo2.webp","contentUrl":"https:\/\/letrame.com\/catalogo\/wp-content\/uploads\/2024\/03\/logo2.webp","width":394,"height":128,"caption":"Catalogo | Letrame Grupo Editorial"},"image":{"@id":"https:\/\/letrame.com\/catalogo\/#\/schema\/logo\/image\/"}}]}},"_links":{"self":[{"href":"https:\/\/letrame.com\/catalogo\/wp-json\/wp\/v2\/product\/99581","targetHints":{"allow":["GET"]}}],"collection":[{"href":"https:\/\/letrame.com\/catalogo\/wp-json\/wp\/v2\/product"}],"about":[{"href":"https:\/\/letrame.com\/catalogo\/wp-json\/wp\/v2\/types\/product"}],"replies":[{"embeddable":true,"href":"https:\/\/letrame.com\/catalogo\/wp-json\/wp\/v2\/comments?post=99581"}],"acf:post":[{"embeddable":true,"href":"https:\/\/letrame.com\/catalogo\/wp-json\/wp\/v2\/author_book\/77880"}],"wp:featuredmedia":[{"embeddable":true,"href":"https:\/\/letrame.com\/catalogo\/wp-json\/wp\/v2\/media\/99582"}],"wp:attachment":[{"href":"https:\/\/letrame.com\/catalogo\/wp-json\/wp\/v2\/media?parent=99581"}],"wp:term":[{"taxonomy":"libro","embeddable":true,"href":"https:\/\/letrame.com\/catalogo\/wp-json\/wp\/v2\/libro?post=99581"},{"taxonomy":"product_brand","embeddable":true,"href":"https:\/\/letrame.com\/catalogo\/wp-json\/wp\/v2\/product_brand?post=99581"},{"taxonomy":"product_cat","embeddable":true,"href":"https:\/\/letrame.com\/catalogo\/wp-json\/wp\/v2\/product_cat?post=99581"},{"taxonomy":"product_tag","embeddable":true,"href":"https:\/\/letrame.com\/catalogo\/wp-json\/wp\/v2\/product_tag?post=99581"}],"curies":[{"name":"wp","href":"https:\/\/api.w.org\/{rel}","templated":true}]}}