{"id":99572,"date":"2024-04-29T16:39:05","date_gmt":"2024-04-29T14:39:05","guid":{"rendered":"https:\/\/letrame.com\/catalogo\/producto\/ochenta-ovejas-antes-de-dormir\/"},"modified":"2024-04-29T16:39:18","modified_gmt":"2024-04-29T14:39:18","slug":"ochenta-ovejas-antes-de-dormir","status":"publish","type":"product","link":"https:\/\/letrame.com\/catalogo\/producto\/ochenta-ovejas-antes-de-dormir\/","title":{"rendered":"Ochenta ovejas antes de dormir"},"content":{"rendered":"<p><strong>ISBN<\/strong>: 978-84-1181-467-6<\/p>\n<p><strong>T\u00edtulo<\/strong>: Ochenta ovejas antes de dormir<br \/>\n<strong>Fecha<\/strong>: 2023<br \/>\n<strong>P\u00e1ginas<\/strong>: 90<\/p>\n<p><strong>SINOPSIS<\/strong><\/p>\n<p>Un peque\u00f1o ni\u00f1o insomne, que teme que el olvido sea su due\u00f1o, busca inmortalizarse a trav\u00e9s de este poemario de ochentavas partes, siendo cada una fina oveja salta vallas; quiz\u00e1s aburrida, pero que le permite pensar en dormir. Ese ni\u00f1o imagina \u00e1ngeles que no dejen morir sus etapas. Imagina r\u00e1pido, y con la misma rapidez su coraz\u00f3n escapa a ser feliz o triste; reflexiona lento, pero se enamora otra vez, y, c\u00f3mo otras veces, vuelve a arrepentirse.<\/p>\n<p>Reflexiona tanto que lo hace complejo y no simple, ya que abstrae su vida como reflejo de su arte, y no al rev\u00e9s. A pesar de que se ancle a figuras familiares, lo que predomina son las figuras que no termina de entender, ya que su ser escapa a sus memorias de dolor; sus fallos no tienen esquema predeterminado, son rayones de tintas que le queman, pues la vida no es grafito y borrador. Su inmortalidad, si es que la obtiene, ser\u00e1 una consecuencia de bucear en s\u00ed mismo. Pobre ni\u00f1o, que en su superficie tiene pretensiones nost\u00e1lgicas de ser m\u00e1s que un poemario, pretensiones b\u00e1sicas de que ya no se formen l\u00e1grimas, y de ser m\u00e1s que algunas noches de una vida que quiere ser contada, as\u00ed sea de forma t\u00e1cita, y as\u00ed sea un poco en vano.<\/p>\n","protected":false},"excerpt":{"rendered":"<p><strong>ISBN<\/strong>: 978-84-1181-467-6<\/p>\n<p><strong>SINOPSIS<\/strong><\/p>\n<p>Un peque\u00f1o ni\u00f1o insomne, que teme que el olvido sea su due\u00f1o, busca inmortalizarse a trav\u00e9s de este poemario de ochentavas partes, siendo cada una fina oveja salta vallas; quiz\u00e1s aburrida, pero que le permite pensar en dormir. Ese ni\u00f1o imagina \u00e1ngeles que no dejen morir sus etapas. Imagina r\u00e1pido, y con la misma rapidez su coraz\u00f3n escapa a ser feliz o triste; reflexiona lento, pero se enamora otra vez, y, c\u00f3mo otras veces, vuelve a arrepentirse.<\/p>\n<p>Reflexiona tanto que lo hace complejo y no simple, ya que abstrae su vida como reflejo de su arte, y no al rev\u00e9s. A pesar de que se ancle a figuras familiares, lo que predomina son las figuras que no termina de entender, ya que su ser escapa a sus memorias de dolor; sus fallos no tienen esquema predeterminado, son rayones de tintas que le queman, pues la vida no es grafito y borrador. Su inmortalidad, si es que la obtiene, ser\u00e1 una consecuencia de bucear en s\u00ed mismo. Pobre ni\u00f1o, que en su superficie tiene pretensiones nost\u00e1lgicas de ser m\u00e1s que un poemario, pretensiones b\u00e1sicas de que ya no se formen l\u00e1grimas, y de ser m\u00e1s que algunas noches de una vida que quiere ser contada, as\u00ed sea de forma t\u00e1cita, y as\u00ed sea un poco en vano.<\/p>\n","protected":false},"featured_media":99573,"comment_status":"closed","ping_status":"open","template":"","meta":{"_acf_changed":false},"libro":[],"product_brand":[],"product_cat":[26],"product_tag":[],"class_list":{"0":"post-99572","1":"product","2":"type-product","3":"status-publish","4":"has-post-thumbnail","6":"product_cat-sin-categoria","8":"first","9":"instock","10":"product-type-simple"},"acf":{"autor":[77870],"enlace_de_compra":""},"yoast_head":"<!-- This site is optimized with the Yoast SEO plugin v27.4 - https:\/\/yoast.com\/product\/yoast-seo-wordpress\/ -->\n<title>Ochenta ovejas antes de dormir - Catalogo | Letrame Grupo Editorial<\/title>\n<meta name=\"robots\" content=\"index, follow, max-snippet:-1, max-image-preview:large, max-video-preview:-1\" \/>\n<link rel=\"canonical\" href=\"https:\/\/letrame.com\/catalogo\/producto\/ochenta-ovejas-antes-de-dormir\/\" \/>\n<meta property=\"og:locale\" content=\"es_ES\" \/>\n<meta property=\"og:type\" content=\"article\" \/>\n<meta property=\"og:title\" content=\"Ochenta ovejas antes de dormir - Catalogo | Letrame Grupo Editorial\" \/>\n<meta property=\"og:description\" content=\"ISBN: 978-84-1181-467-6 SINOPSIS Un peque\u00f1o ni\u00f1o insomne, que teme que el olvido sea su due\u00f1o, busca inmortalizarse a trav\u00e9s de este poemario de ochentavas partes, siendo cada una fina oveja salta vallas; quiz\u00e1s aburrida, pero que le permite pensar en dormir. Ese ni\u00f1o imagina \u00e1ngeles que no dejen morir sus etapas. Imagina r\u00e1pido, y con la misma rapidez su coraz\u00f3n escapa a ser feliz o triste; reflexiona lento, pero se enamora otra vez, y, c\u00f3mo otras veces, vuelve a arrepentirse. Reflexiona tanto que lo hace complejo y no simple, ya que abstrae su vida como reflejo de su arte, y no al rev\u00e9s. A pesar de que se ancle a figuras familiares, lo que predomina son las figuras que no termina de entender, ya que su ser escapa a sus memorias de dolor; sus fallos no tienen esquema predeterminado, son rayones de tintas que le queman, pues la vida no es grafito y borrador. Su inmortalidad, si es que la obtiene, ser\u00e1 una consecuencia de bucear en s\u00ed mismo. Pobre ni\u00f1o, que en su superficie tiene pretensiones nost\u00e1lgicas de ser m\u00e1s que un poemario, pretensiones b\u00e1sicas de que ya no se formen l\u00e1grimas, y de ser m\u00e1s que algunas noches de una vida que quiere ser contada, as\u00ed sea de forma t\u00e1cita, y as\u00ed sea un poco en vano.\" \/>\n<meta property=\"og:url\" content=\"https:\/\/letrame.com\/catalogo\/producto\/ochenta-ovejas-antes-de-dormir\/\" \/>\n<meta property=\"og:site_name\" content=\"Catalogo | Letrame Grupo Editorial\" \/>\n<meta property=\"article:modified_time\" content=\"2024-04-29T14:39:18+00:00\" \/>\n<meta property=\"og:image\" content=\"https:\/\/letrame.com\/catalogo\/wp-content\/uploads\/2024\/04\/webportada_ochentaovejas_522mm-compressed.jpg\" \/>\n\t<meta property=\"og:image:width\" content=\"1772\" \/>\n\t<meta property=\"og:image:height\" content=\"2480\" \/>\n\t<meta property=\"og:image:type\" content=\"image\/jpeg\" \/>\n<meta name=\"twitter:card\" content=\"summary_large_image\" \/>\n<meta name=\"twitter:label1\" content=\"Tiempo de lectura\" \/>\n\t<meta name=\"twitter:data1\" content=\"1 minuto\" \/>\n<script type=\"application\/ld+json\" class=\"yoast-schema-graph\">{\"@context\":\"https:\\\/\\\/schema.org\",\"@graph\":[{\"@type\":\"WebPage\",\"@id\":\"https:\\\/\\\/letrame.com\\\/catalogo\\\/producto\\\/ochenta-ovejas-antes-de-dormir\\\/\",\"url\":\"https:\\\/\\\/letrame.com\\\/catalogo\\\/producto\\\/ochenta-ovejas-antes-de-dormir\\\/\",\"name\":\"Ochenta ovejas antes de dormir - Catalogo | Letrame Grupo Editorial\",\"isPartOf\":{\"@id\":\"https:\\\/\\\/letrame.com\\\/catalogo\\\/#website\"},\"primaryImageOfPage\":{\"@id\":\"https:\\\/\\\/letrame.com\\\/catalogo\\\/producto\\\/ochenta-ovejas-antes-de-dormir\\\/#primaryimage\"},\"image\":{\"@id\":\"https:\\\/\\\/letrame.com\\\/catalogo\\\/producto\\\/ochenta-ovejas-antes-de-dormir\\\/#primaryimage\"},\"thumbnailUrl\":\"https:\\\/\\\/letrame.com\\\/catalogo\\\/wp-content\\\/uploads\\\/2024\\\/04\\\/webportada_ochentaovejas_522mm-compressed.jpg\",\"datePublished\":\"2024-04-29T14:39:05+00:00\",\"dateModified\":\"2024-04-29T14:39:18+00:00\",\"breadcrumb\":{\"@id\":\"https:\\\/\\\/letrame.com\\\/catalogo\\\/producto\\\/ochenta-ovejas-antes-de-dormir\\\/#breadcrumb\"},\"inLanguage\":\"es\",\"potentialAction\":[{\"@type\":\"ReadAction\",\"target\":[\"https:\\\/\\\/letrame.com\\\/catalogo\\\/producto\\\/ochenta-ovejas-antes-de-dormir\\\/\"]}]},{\"@type\":\"ImageObject\",\"inLanguage\":\"es\",\"@id\":\"https:\\\/\\\/letrame.com\\\/catalogo\\\/producto\\\/ochenta-ovejas-antes-de-dormir\\\/#primaryimage\",\"url\":\"https:\\\/\\\/letrame.com\\\/catalogo\\\/wp-content\\\/uploads\\\/2024\\\/04\\\/webportada_ochentaovejas_522mm-compressed.jpg\",\"contentUrl\":\"https:\\\/\\\/letrame.com\\\/catalogo\\\/wp-content\\\/uploads\\\/2024\\\/04\\\/webportada_ochentaovejas_522mm-compressed.jpg\",\"width\":1772,\"height\":2480},{\"@type\":\"BreadcrumbList\",\"@id\":\"https:\\\/\\\/letrame.com\\\/catalogo\\\/producto\\\/ochenta-ovejas-antes-de-dormir\\\/#breadcrumb\",\"itemListElement\":[{\"@type\":\"ListItem\",\"position\":1,\"name\":\"Portada\",\"item\":\"https:\\\/\\\/letrame.com\\\/catalogo\\\/\"},{\"@type\":\"ListItem\",\"position\":2,\"name\":\"Cat\u00e1logo\",\"item\":\"https:\\\/\\\/letrame.com\\\/catalogo\\\/\"},{\"@type\":\"ListItem\",\"position\":3,\"name\":\"Ochenta ovejas antes de dormir\"}]},{\"@type\":\"WebSite\",\"@id\":\"https:\\\/\\\/letrame.com\\\/catalogo\\\/#website\",\"url\":\"https:\\\/\\\/letrame.com\\\/catalogo\\\/\",\"name\":\"Catalogo | Letrame Grupo Editorial\",\"description\":\"\",\"publisher\":{\"@id\":\"https:\\\/\\\/letrame.com\\\/catalogo\\\/#organization\"},\"potentialAction\":[{\"@type\":\"SearchAction\",\"target\":{\"@type\":\"EntryPoint\",\"urlTemplate\":\"https:\\\/\\\/letrame.com\\\/catalogo\\\/?s={search_term_string}\"},\"query-input\":{\"@type\":\"PropertyValueSpecification\",\"valueRequired\":true,\"valueName\":\"search_term_string\"}}],\"inLanguage\":\"es\"},{\"@type\":\"Organization\",\"@id\":\"https:\\\/\\\/letrame.com\\\/catalogo\\\/#organization\",\"name\":\"Catalogo | Letrame Grupo Editorial\",\"url\":\"https:\\\/\\\/letrame.com\\\/catalogo\\\/\",\"logo\":{\"@type\":\"ImageObject\",\"inLanguage\":\"es\",\"@id\":\"https:\\\/\\\/letrame.com\\\/catalogo\\\/#\\\/schema\\\/logo\\\/image\\\/\",\"url\":\"https:\\\/\\\/letrame.com\\\/catalogo\\\/wp-content\\\/uploads\\\/2024\\\/03\\\/logo2.webp\",\"contentUrl\":\"https:\\\/\\\/letrame.com\\\/catalogo\\\/wp-content\\\/uploads\\\/2024\\\/03\\\/logo2.webp\",\"width\":394,\"height\":128,\"caption\":\"Catalogo | Letrame Grupo Editorial\"},\"image\":{\"@id\":\"https:\\\/\\\/letrame.com\\\/catalogo\\\/#\\\/schema\\\/logo\\\/image\\\/\"}}]}<\/script>\n<!-- \/ Yoast SEO plugin. -->","yoast_head_json":{"title":"Ochenta ovejas antes de dormir - Catalogo | Letrame Grupo Editorial","robots":{"index":"index","follow":"follow","max-snippet":"max-snippet:-1","max-image-preview":"max-image-preview:large","max-video-preview":"max-video-preview:-1"},"canonical":"https:\/\/letrame.com\/catalogo\/producto\/ochenta-ovejas-antes-de-dormir\/","og_locale":"es_ES","og_type":"article","og_title":"Ochenta ovejas antes de dormir - Catalogo | Letrame Grupo Editorial","og_description":"ISBN: 978-84-1181-467-6 SINOPSIS Un peque\u00f1o ni\u00f1o insomne, que teme que el olvido sea su due\u00f1o, busca inmortalizarse a trav\u00e9s de este poemario de ochentavas partes, siendo cada una fina oveja salta vallas; quiz\u00e1s aburrida, pero que le permite pensar en dormir. Ese ni\u00f1o imagina \u00e1ngeles que no dejen morir sus etapas. Imagina r\u00e1pido, y con la misma rapidez su coraz\u00f3n escapa a ser feliz o triste; reflexiona lento, pero se enamora otra vez, y, c\u00f3mo otras veces, vuelve a arrepentirse. Reflexiona tanto que lo hace complejo y no simple, ya que abstrae su vida como reflejo de su arte, y no al rev\u00e9s. A pesar de que se ancle a figuras familiares, lo que predomina son las figuras que no termina de entender, ya que su ser escapa a sus memorias de dolor; sus fallos no tienen esquema predeterminado, son rayones de tintas que le queman, pues la vida no es grafito y borrador. Su inmortalidad, si es que la obtiene, ser\u00e1 una consecuencia de bucear en s\u00ed mismo. Pobre ni\u00f1o, que en su superficie tiene pretensiones nost\u00e1lgicas de ser m\u00e1s que un poemario, pretensiones b\u00e1sicas de que ya no se formen l\u00e1grimas, y de ser m\u00e1s que algunas noches de una vida que quiere ser contada, as\u00ed sea de forma t\u00e1cita, y as\u00ed sea un poco en vano.","og_url":"https:\/\/letrame.com\/catalogo\/producto\/ochenta-ovejas-antes-de-dormir\/","og_site_name":"Catalogo | Letrame Grupo Editorial","article_modified_time":"2024-04-29T14:39:18+00:00","og_image":[{"width":1772,"height":2480,"url":"https:\/\/letrame.com\/catalogo\/wp-content\/uploads\/2024\/04\/webportada_ochentaovejas_522mm-compressed.jpg","type":"image\/jpeg"}],"twitter_card":"summary_large_image","twitter_misc":{"Tiempo de lectura":"1 minuto"},"schema":{"@context":"https:\/\/schema.org","@graph":[{"@type":"WebPage","@id":"https:\/\/letrame.com\/catalogo\/producto\/ochenta-ovejas-antes-de-dormir\/","url":"https:\/\/letrame.com\/catalogo\/producto\/ochenta-ovejas-antes-de-dormir\/","name":"Ochenta ovejas antes de dormir - Catalogo | Letrame Grupo Editorial","isPartOf":{"@id":"https:\/\/letrame.com\/catalogo\/#website"},"primaryImageOfPage":{"@id":"https:\/\/letrame.com\/catalogo\/producto\/ochenta-ovejas-antes-de-dormir\/#primaryimage"},"image":{"@id":"https:\/\/letrame.com\/catalogo\/producto\/ochenta-ovejas-antes-de-dormir\/#primaryimage"},"thumbnailUrl":"https:\/\/letrame.com\/catalogo\/wp-content\/uploads\/2024\/04\/webportada_ochentaovejas_522mm-compressed.jpg","datePublished":"2024-04-29T14:39:05+00:00","dateModified":"2024-04-29T14:39:18+00:00","breadcrumb":{"@id":"https:\/\/letrame.com\/catalogo\/producto\/ochenta-ovejas-antes-de-dormir\/#breadcrumb"},"inLanguage":"es","potentialAction":[{"@type":"ReadAction","target":["https:\/\/letrame.com\/catalogo\/producto\/ochenta-ovejas-antes-de-dormir\/"]}]},{"@type":"ImageObject","inLanguage":"es","@id":"https:\/\/letrame.com\/catalogo\/producto\/ochenta-ovejas-antes-de-dormir\/#primaryimage","url":"https:\/\/letrame.com\/catalogo\/wp-content\/uploads\/2024\/04\/webportada_ochentaovejas_522mm-compressed.jpg","contentUrl":"https:\/\/letrame.com\/catalogo\/wp-content\/uploads\/2024\/04\/webportada_ochentaovejas_522mm-compressed.jpg","width":1772,"height":2480},{"@type":"BreadcrumbList","@id":"https:\/\/letrame.com\/catalogo\/producto\/ochenta-ovejas-antes-de-dormir\/#breadcrumb","itemListElement":[{"@type":"ListItem","position":1,"name":"Portada","item":"https:\/\/letrame.com\/catalogo\/"},{"@type":"ListItem","position":2,"name":"Cat\u00e1logo","item":"https:\/\/letrame.com\/catalogo\/"},{"@type":"ListItem","position":3,"name":"Ochenta ovejas antes de dormir"}]},{"@type":"WebSite","@id":"https:\/\/letrame.com\/catalogo\/#website","url":"https:\/\/letrame.com\/catalogo\/","name":"Catalogo | Letrame Grupo Editorial","description":"","publisher":{"@id":"https:\/\/letrame.com\/catalogo\/#organization"},"potentialAction":[{"@type":"SearchAction","target":{"@type":"EntryPoint","urlTemplate":"https:\/\/letrame.com\/catalogo\/?s={search_term_string}"},"query-input":{"@type":"PropertyValueSpecification","valueRequired":true,"valueName":"search_term_string"}}],"inLanguage":"es"},{"@type":"Organization","@id":"https:\/\/letrame.com\/catalogo\/#organization","name":"Catalogo | Letrame Grupo Editorial","url":"https:\/\/letrame.com\/catalogo\/","logo":{"@type":"ImageObject","inLanguage":"es","@id":"https:\/\/letrame.com\/catalogo\/#\/schema\/logo\/image\/","url":"https:\/\/letrame.com\/catalogo\/wp-content\/uploads\/2024\/03\/logo2.webp","contentUrl":"https:\/\/letrame.com\/catalogo\/wp-content\/uploads\/2024\/03\/logo2.webp","width":394,"height":128,"caption":"Catalogo | Letrame Grupo Editorial"},"image":{"@id":"https:\/\/letrame.com\/catalogo\/#\/schema\/logo\/image\/"}}]}},"_links":{"self":[{"href":"https:\/\/letrame.com\/catalogo\/wp-json\/wp\/v2\/product\/99572","targetHints":{"allow":["GET"]}}],"collection":[{"href":"https:\/\/letrame.com\/catalogo\/wp-json\/wp\/v2\/product"}],"about":[{"href":"https:\/\/letrame.com\/catalogo\/wp-json\/wp\/v2\/types\/product"}],"replies":[{"embeddable":true,"href":"https:\/\/letrame.com\/catalogo\/wp-json\/wp\/v2\/comments?post=99572"}],"acf:post":[{"embeddable":true,"href":"https:\/\/letrame.com\/catalogo\/wp-json\/wp\/v2\/author_book\/77870"}],"wp:featuredmedia":[{"embeddable":true,"href":"https:\/\/letrame.com\/catalogo\/wp-json\/wp\/v2\/media\/99573"}],"wp:attachment":[{"href":"https:\/\/letrame.com\/catalogo\/wp-json\/wp\/v2\/media?parent=99572"}],"wp:term":[{"taxonomy":"libro","embeddable":true,"href":"https:\/\/letrame.com\/catalogo\/wp-json\/wp\/v2\/libro?post=99572"},{"taxonomy":"product_brand","embeddable":true,"href":"https:\/\/letrame.com\/catalogo\/wp-json\/wp\/v2\/product_brand?post=99572"},{"taxonomy":"product_cat","embeddable":true,"href":"https:\/\/letrame.com\/catalogo\/wp-json\/wp\/v2\/product_cat?post=99572"},{"taxonomy":"product_tag","embeddable":true,"href":"https:\/\/letrame.com\/catalogo\/wp-json\/wp\/v2\/product_tag?post=99572"}],"curies":[{"name":"wp","href":"https:\/\/api.w.org\/{rel}","templated":true}]}}