{"id":99568,"date":"2024-04-29T16:38:21","date_gmt":"2024-04-29T14:38:21","guid":{"rendered":"https:\/\/letrame.com\/catalogo\/producto\/nailuj-y-el-secreto-de-airegin\/"},"modified":"2024-04-29T16:38:49","modified_gmt":"2024-04-29T14:38:49","slug":"nailuj-y-el-secreto-de-airegin","status":"publish","type":"product","link":"https:\/\/letrame.com\/catalogo\/producto\/nailuj-y-el-secreto-de-airegin\/","title":{"rendered":"Nailuj y el secreto de Airegin"},"content":{"rendered":"<p><strong>ISBN<\/strong>: 978-84-1181-534-5<\/p>\n<p><strong>T\u00edtulo<\/strong>: Nailuj y el secreto de Airegin<br \/>\n<strong>Fecha<\/strong>: 2023<br \/>\n<strong>P\u00e1ginas<\/strong>: 258<\/p>\n<p><strong>SINOPSIS<\/strong><\/p>\n<p>Nailuj es un joven muchacho que se ve envuelto en una extraordinaria aventura. Elegido como el Libertador, deber\u00e1 recorrer lugares m\u00e1gicos que albergan monstruos y nigromantes. Acompa\u00f1ado por su fiel amigo Ainos, emprender\u00e1 un viaje donde tendr\u00e1 que poner fin a una herej\u00eda que lleva oculta cientos de a\u00f1os. Descubrir\u00e1 secretos inimaginables sobre su comarca, descifrar\u00e1 misteriosos acertijos. Su andadura lo llevar\u00e1 a trav\u00e9s de mundos ocultos llenos de peligros. Toda esta aventura pondr\u00e1 al l\u00edmite sus miedos, inquietudes y el valor de la amistad.<\/p>\n","protected":false},"excerpt":{"rendered":"<p><strong>ISBN<\/strong>: 978-84-1181-534-5<\/p>\n<p><strong>SINOPSIS<\/strong><\/p>\n<p>Nailuj es un joven muchacho que se ve envuelto en una extraordinaria aventura. Elegido como el Libertador, deber\u00e1 recorrer lugares m\u00e1gicos que albergan monstruos y nigromantes. Acompa\u00f1ado por su fiel amigo Ainos, emprender\u00e1 un viaje donde tendr\u00e1 que poner fin a una herej\u00eda que lleva oculta cientos de a\u00f1os. Descubrir\u00e1 secretos inimaginables sobre su comarca, descifrar\u00e1 misteriosos acertijos. Su andadura lo llevar\u00e1 a trav\u00e9s de mundos ocultos llenos de peligros. Toda esta aventura pondr\u00e1 al l\u00edmite sus miedos, inquietudes y el valor de la amistad.<\/p>\n","protected":false},"featured_media":99569,"comment_status":"closed","ping_status":"open","template":"","meta":{"_acf_changed":false},"libro":[],"product_brand":[],"product_cat":[26],"product_tag":[],"class_list":{"0":"post-99568","1":"product","2":"type-product","3":"status-publish","4":"has-post-thumbnail","6":"product_cat-sin-categoria","8":"first","9":"instock","10":"purchasable","11":"product-type-simple"},"acf":{"autor":[77867],"enlace_de_compra":""},"yoast_head":"<!-- This site is optimized with the Yoast SEO plugin v26.6 - https:\/\/yoast.com\/wordpress\/plugins\/seo\/ -->\n<title>Nailuj y el secreto de Airegin - Catalogo | Letrame Grupo Editorial<\/title>\n<meta name=\"robots\" content=\"index, follow, max-snippet:-1, max-image-preview:large, max-video-preview:-1\" \/>\n<link rel=\"canonical\" href=\"https:\/\/letrame.com\/catalogo\/producto\/nailuj-y-el-secreto-de-airegin\/\" \/>\n<meta property=\"og:locale\" content=\"es_ES\" \/>\n<meta property=\"og:type\" content=\"article\" \/>\n<meta property=\"og:title\" content=\"Nailuj y el secreto de Airegin - Catalogo | Letrame Grupo Editorial\" \/>\n<meta property=\"og:description\" content=\"ISBN: 978-84-1181-534-5 SINOPSIS Nailuj es un joven muchacho que se ve envuelto en una extraordinaria aventura. Elegido como el Libertador, deber\u00e1 recorrer lugares m\u00e1gicos que albergan monstruos y nigromantes. Acompa\u00f1ado por su fiel amigo Ainos, emprender\u00e1 un viaje donde tendr\u00e1 que poner fin a una herej\u00eda que lleva oculta cientos de a\u00f1os. Descubrir\u00e1 secretos inimaginables sobre su comarca, descifrar\u00e1 misteriosos acertijos. Su andadura lo llevar\u00e1 a trav\u00e9s de mundos ocultos llenos de peligros. Toda esta aventura pondr\u00e1 al l\u00edmite sus miedos, inquietudes y el valor de la amistad.\" \/>\n<meta property=\"og:url\" content=\"https:\/\/letrame.com\/catalogo\/producto\/nailuj-y-el-secreto-de-airegin\/\" \/>\n<meta property=\"og:site_name\" content=\"Catalogo | Letrame Grupo Editorial\" \/>\n<meta property=\"article:modified_time\" content=\"2024-04-29T14:38:49+00:00\" \/>\n<meta property=\"og:image\" content=\"https:\/\/letrame.com\/catalogo\/wp-content\/uploads\/2024\/04\/webportada_nailuj_13mm-compressed-scaled-1.jpg\" \/>\n\t<meta property=\"og:image:width\" content=\"1781\" \/>\n\t<meta property=\"og:image:height\" content=\"2560\" \/>\n\t<meta property=\"og:image:type\" content=\"image\/jpeg\" \/>\n<meta name=\"twitter:card\" content=\"summary_large_image\" \/>\n<meta name=\"twitter:label1\" content=\"Tiempo de lectura\" \/>\n\t<meta name=\"twitter:data1\" content=\"1 minuto\" \/>\n<script type=\"application\/ld+json\" class=\"yoast-schema-graph\">{\"@context\":\"https:\/\/schema.org\",\"@graph\":[{\"@type\":\"WebPage\",\"@id\":\"https:\/\/letrame.com\/catalogo\/producto\/nailuj-y-el-secreto-de-airegin\/\",\"url\":\"https:\/\/letrame.com\/catalogo\/producto\/nailuj-y-el-secreto-de-airegin\/\",\"name\":\"Nailuj y el secreto de Airegin - Catalogo | Letrame Grupo Editorial\",\"isPartOf\":{\"@id\":\"https:\/\/letrame.com\/catalogo\/#website\"},\"primaryImageOfPage\":{\"@id\":\"https:\/\/letrame.com\/catalogo\/producto\/nailuj-y-el-secreto-de-airegin\/#primaryimage\"},\"image\":{\"@id\":\"https:\/\/letrame.com\/catalogo\/producto\/nailuj-y-el-secreto-de-airegin\/#primaryimage\"},\"thumbnailUrl\":\"https:\/\/letrame.com\/catalogo\/wp-content\/uploads\/2024\/04\/webportada_nailuj_13mm-compressed-scaled-1.jpg\",\"datePublished\":\"2024-04-29T14:38:21+00:00\",\"dateModified\":\"2024-04-29T14:38:49+00:00\",\"breadcrumb\":{\"@id\":\"https:\/\/letrame.com\/catalogo\/producto\/nailuj-y-el-secreto-de-airegin\/#breadcrumb\"},\"inLanguage\":\"es\",\"potentialAction\":[{\"@type\":\"ReadAction\",\"target\":[\"https:\/\/letrame.com\/catalogo\/producto\/nailuj-y-el-secreto-de-airegin\/\"]}]},{\"@type\":\"ImageObject\",\"inLanguage\":\"es\",\"@id\":\"https:\/\/letrame.com\/catalogo\/producto\/nailuj-y-el-secreto-de-airegin\/#primaryimage\",\"url\":\"https:\/\/letrame.com\/catalogo\/wp-content\/uploads\/2024\/04\/webportada_nailuj_13mm-compressed-scaled-1.jpg\",\"contentUrl\":\"https:\/\/letrame.com\/catalogo\/wp-content\/uploads\/2024\/04\/webportada_nailuj_13mm-compressed-scaled-1.jpg\",\"width\":1781,\"height\":2560},{\"@type\":\"BreadcrumbList\",\"@id\":\"https:\/\/letrame.com\/catalogo\/producto\/nailuj-y-el-secreto-de-airegin\/#breadcrumb\",\"itemListElement\":[{\"@type\":\"ListItem\",\"position\":1,\"name\":\"Portada\",\"item\":\"https:\/\/letrame.com\/catalogo\/\"},{\"@type\":\"ListItem\",\"position\":2,\"name\":\"Cat\u00e1logo\",\"item\":\"https:\/\/letrame.com\/catalogo\/\"},{\"@type\":\"ListItem\",\"position\":3,\"name\":\"Nailuj y el secreto de Airegin\"}]},{\"@type\":\"WebSite\",\"@id\":\"https:\/\/letrame.com\/catalogo\/#website\",\"url\":\"https:\/\/letrame.com\/catalogo\/\",\"name\":\"Catalogo | Letrame Grupo Editorial\",\"description\":\"\",\"publisher\":{\"@id\":\"https:\/\/letrame.com\/catalogo\/#organization\"},\"potentialAction\":[{\"@type\":\"SearchAction\",\"target\":{\"@type\":\"EntryPoint\",\"urlTemplate\":\"https:\/\/letrame.com\/catalogo\/?s={search_term_string}\"},\"query-input\":{\"@type\":\"PropertyValueSpecification\",\"valueRequired\":true,\"valueName\":\"search_term_string\"}}],\"inLanguage\":\"es\"},{\"@type\":\"Organization\",\"@id\":\"https:\/\/letrame.com\/catalogo\/#organization\",\"name\":\"Catalogo | Letrame Grupo Editorial\",\"url\":\"https:\/\/letrame.com\/catalogo\/\",\"logo\":{\"@type\":\"ImageObject\",\"inLanguage\":\"es\",\"@id\":\"https:\/\/letrame.com\/catalogo\/#\/schema\/logo\/image\/\",\"url\":\"https:\/\/letrame.com\/catalogo\/wp-content\/uploads\/2024\/03\/logo2.webp\",\"contentUrl\":\"https:\/\/letrame.com\/catalogo\/wp-content\/uploads\/2024\/03\/logo2.webp\",\"width\":394,\"height\":128,\"caption\":\"Catalogo | Letrame Grupo Editorial\"},\"image\":{\"@id\":\"https:\/\/letrame.com\/catalogo\/#\/schema\/logo\/image\/\"}}]}<\/script>\n<!-- \/ Yoast SEO plugin. -->","yoast_head_json":{"title":"Nailuj y el secreto de Airegin - Catalogo | Letrame Grupo Editorial","robots":{"index":"index","follow":"follow","max-snippet":"max-snippet:-1","max-image-preview":"max-image-preview:large","max-video-preview":"max-video-preview:-1"},"canonical":"https:\/\/letrame.com\/catalogo\/producto\/nailuj-y-el-secreto-de-airegin\/","og_locale":"es_ES","og_type":"article","og_title":"Nailuj y el secreto de Airegin - Catalogo | Letrame Grupo Editorial","og_description":"ISBN: 978-84-1181-534-5 SINOPSIS Nailuj es un joven muchacho que se ve envuelto en una extraordinaria aventura. Elegido como el Libertador, deber\u00e1 recorrer lugares m\u00e1gicos que albergan monstruos y nigromantes. Acompa\u00f1ado por su fiel amigo Ainos, emprender\u00e1 un viaje donde tendr\u00e1 que poner fin a una herej\u00eda que lleva oculta cientos de a\u00f1os. Descubrir\u00e1 secretos inimaginables sobre su comarca, descifrar\u00e1 misteriosos acertijos. Su andadura lo llevar\u00e1 a trav\u00e9s de mundos ocultos llenos de peligros. Toda esta aventura pondr\u00e1 al l\u00edmite sus miedos, inquietudes y el valor de la amistad.","og_url":"https:\/\/letrame.com\/catalogo\/producto\/nailuj-y-el-secreto-de-airegin\/","og_site_name":"Catalogo | Letrame Grupo Editorial","article_modified_time":"2024-04-29T14:38:49+00:00","og_image":[{"width":1781,"height":2560,"url":"https:\/\/letrame.com\/catalogo\/wp-content\/uploads\/2024\/04\/webportada_nailuj_13mm-compressed-scaled-1.jpg","type":"image\/jpeg"}],"twitter_card":"summary_large_image","twitter_misc":{"Tiempo de lectura":"1 minuto"},"schema":{"@context":"https:\/\/schema.org","@graph":[{"@type":"WebPage","@id":"https:\/\/letrame.com\/catalogo\/producto\/nailuj-y-el-secreto-de-airegin\/","url":"https:\/\/letrame.com\/catalogo\/producto\/nailuj-y-el-secreto-de-airegin\/","name":"Nailuj y el secreto de Airegin - Catalogo | Letrame Grupo Editorial","isPartOf":{"@id":"https:\/\/letrame.com\/catalogo\/#website"},"primaryImageOfPage":{"@id":"https:\/\/letrame.com\/catalogo\/producto\/nailuj-y-el-secreto-de-airegin\/#primaryimage"},"image":{"@id":"https:\/\/letrame.com\/catalogo\/producto\/nailuj-y-el-secreto-de-airegin\/#primaryimage"},"thumbnailUrl":"https:\/\/letrame.com\/catalogo\/wp-content\/uploads\/2024\/04\/webportada_nailuj_13mm-compressed-scaled-1.jpg","datePublished":"2024-04-29T14:38:21+00:00","dateModified":"2024-04-29T14:38:49+00:00","breadcrumb":{"@id":"https:\/\/letrame.com\/catalogo\/producto\/nailuj-y-el-secreto-de-airegin\/#breadcrumb"},"inLanguage":"es","potentialAction":[{"@type":"ReadAction","target":["https:\/\/letrame.com\/catalogo\/producto\/nailuj-y-el-secreto-de-airegin\/"]}]},{"@type":"ImageObject","inLanguage":"es","@id":"https:\/\/letrame.com\/catalogo\/producto\/nailuj-y-el-secreto-de-airegin\/#primaryimage","url":"https:\/\/letrame.com\/catalogo\/wp-content\/uploads\/2024\/04\/webportada_nailuj_13mm-compressed-scaled-1.jpg","contentUrl":"https:\/\/letrame.com\/catalogo\/wp-content\/uploads\/2024\/04\/webportada_nailuj_13mm-compressed-scaled-1.jpg","width":1781,"height":2560},{"@type":"BreadcrumbList","@id":"https:\/\/letrame.com\/catalogo\/producto\/nailuj-y-el-secreto-de-airegin\/#breadcrumb","itemListElement":[{"@type":"ListItem","position":1,"name":"Portada","item":"https:\/\/letrame.com\/catalogo\/"},{"@type":"ListItem","position":2,"name":"Cat\u00e1logo","item":"https:\/\/letrame.com\/catalogo\/"},{"@type":"ListItem","position":3,"name":"Nailuj y el secreto de Airegin"}]},{"@type":"WebSite","@id":"https:\/\/letrame.com\/catalogo\/#website","url":"https:\/\/letrame.com\/catalogo\/","name":"Catalogo | Letrame Grupo Editorial","description":"","publisher":{"@id":"https:\/\/letrame.com\/catalogo\/#organization"},"potentialAction":[{"@type":"SearchAction","target":{"@type":"EntryPoint","urlTemplate":"https:\/\/letrame.com\/catalogo\/?s={search_term_string}"},"query-input":{"@type":"PropertyValueSpecification","valueRequired":true,"valueName":"search_term_string"}}],"inLanguage":"es"},{"@type":"Organization","@id":"https:\/\/letrame.com\/catalogo\/#organization","name":"Catalogo | Letrame Grupo Editorial","url":"https:\/\/letrame.com\/catalogo\/","logo":{"@type":"ImageObject","inLanguage":"es","@id":"https:\/\/letrame.com\/catalogo\/#\/schema\/logo\/image\/","url":"https:\/\/letrame.com\/catalogo\/wp-content\/uploads\/2024\/03\/logo2.webp","contentUrl":"https:\/\/letrame.com\/catalogo\/wp-content\/uploads\/2024\/03\/logo2.webp","width":394,"height":128,"caption":"Catalogo | Letrame Grupo Editorial"},"image":{"@id":"https:\/\/letrame.com\/catalogo\/#\/schema\/logo\/image\/"}}]}},"_links":{"self":[{"href":"https:\/\/letrame.com\/catalogo\/wp-json\/wp\/v2\/product\/99568","targetHints":{"allow":["GET"]}}],"collection":[{"href":"https:\/\/letrame.com\/catalogo\/wp-json\/wp\/v2\/product"}],"about":[{"href":"https:\/\/letrame.com\/catalogo\/wp-json\/wp\/v2\/types\/product"}],"replies":[{"embeddable":true,"href":"https:\/\/letrame.com\/catalogo\/wp-json\/wp\/v2\/comments?post=99568"}],"acf:post":[{"embeddable":true,"href":"https:\/\/letrame.com\/catalogo\/wp-json\/wp\/v2\/author_book\/77867"}],"wp:featuredmedia":[{"embeddable":true,"href":"https:\/\/letrame.com\/catalogo\/wp-json\/wp\/v2\/media\/99569"}],"wp:attachment":[{"href":"https:\/\/letrame.com\/catalogo\/wp-json\/wp\/v2\/media?parent=99568"}],"wp:term":[{"taxonomy":"libro","embeddable":true,"href":"https:\/\/letrame.com\/catalogo\/wp-json\/wp\/v2\/libro?post=99568"},{"taxonomy":"product_brand","embeddable":true,"href":"https:\/\/letrame.com\/catalogo\/wp-json\/wp\/v2\/product_brand?post=99568"},{"taxonomy":"product_cat","embeddable":true,"href":"https:\/\/letrame.com\/catalogo\/wp-json\/wp\/v2\/product_cat?post=99568"},{"taxonomy":"product_tag","embeddable":true,"href":"https:\/\/letrame.com\/catalogo\/wp-json\/wp\/v2\/product_tag?post=99568"}],"curies":[{"name":"wp","href":"https:\/\/api.w.org\/{rel}","templated":true}]}}